{"id":12773,"date":"2026-01-07T18:50:54","date_gmt":"2026-01-07T23:50:54","guid":{"rendered":"https:\/\/iai.int\/?page_id=12773"},"modified":"2026-01-18T15:27:41","modified_gmt":"2026-01-18T20:27:41","slug":"22a-reunion-del-consejo-ejecutivo","status":"publish","type":"page","link":"https:\/\/iai.int\/es\/22a-reunion-del-consejo-ejecutivo\/","title":{"rendered":"22a reuni\u00f3n del Consejo Ejecutivo"},"content":{"rendered":"\n<h2 class=\"wp-block-heading\">22-23 Mayo 2006, Porlamar, Venezuela<\/h2>\n\n\n\n<p><\/p>\n\n\n\n<h2 class=\"wp-block-heading\">Agenda y documentos de trabajo<\/h2>\n\n\n\n<p><\/p>\n\n\n\n<h3 class=\"wp-block-heading\">Agenda provisional<\/h3>\n\n\n\n<figure class=\"wp-block-table\"><table><tbody><tr><th class=\"has-text-align-left\" data-align=\"left\" colspan=\"2\">TEMA DE AGENDA<\/th><th class=\"has-text-align-left\" data-align=\"left\">DOCUMENTO (PDF)<\/th><\/tr><tr><td colspan=\"3\"><strong>Lunes 22 de mayo, sesi\u00f3n matutina (9:00-12:00)<\/strong><\/td><\/tr><tr><td>&nbsp;<\/td><td>Ceremonia inaugural<br>\u2013 Bienvenida a cargo de la representante de Venezuela<br>\u2013 Bienvenida a cargo del Presidente del CE: Adri\u00e1n Fern\u00e1ndez<\/td><td>Sin documento<\/td><\/tr><tr><td>1.\u2002<\/td><td>Aprobaci\u00f3n de la agenda<\/td><td><a href=\"https:\/\/archive.iai.int\/admin\/site\/sites\/default\/files\/iai-ec-22-agenda-s.pdf\" target=\"_blank\" rel=\"noreferrer noopener\">espa\u00f1ol<\/a>&nbsp;\u2013&nbsp;<a href=\"https:\/\/archive.iai.int\/admin\/site\/sites\/default\/files\/iai-ec-22-agenda-e.pdf\" target=\"_blank\" rel=\"noreferrer noopener\">ingl\u00e9s<\/a><\/td><\/tr><tr><td>2.\u2002<\/td><td>Aprobaci\u00f3n del informe de la 21a reuni\u00f3n del CE<\/td><td><a href=\"https:\/\/archive.iai.int\/admin\/site\/sites\/default\/files\/iai-ec-21-report-s.pdf\" target=\"_blank\" rel=\"noreferrer noopener\">espa\u00f1ol<\/a>&nbsp;\u2013&nbsp;<a href=\"https:\/\/archive.iai.int\/admin\/site\/sites\/default\/files\/iai-ec-21-report-e.pdf\" target=\"_blank\" rel=\"noreferrer noopener\">ingl\u00e9s<\/a><\/td><\/tr><tr><td>3.\u2002<\/td><td>Informe del Presidente del Consejo Ejecutivo<br>\u2003a. Actividades encargadas al CE y su Mesa Directiva<br>\u2003b. Actividades, acciones y decisiones de la Mesa Directiva del CE y sus miembros<\/td><td><a href=\"https:\/\/archive.iai.int\/admin\/site\/sites\/default\/files\/iai-cop-13-ec-report-s.pdf\" target=\"_blank\" rel=\"noreferrer noopener\">espa\u00f1ol<\/a>&nbsp;\u2013&nbsp;<a href=\"https:\/\/archive.iai.int\/admin\/site\/sites\/default\/files\/iai-cop-13-ec-report-e.pdf\" target=\"_blank\" rel=\"noreferrer noopener\">ingl\u00e9s<\/a><\/td><\/tr><tr><td>4.\u2002<\/td><td>Informe de la Direcci\u00f3n Ejecutiva<br>\u2013 Visi\u00f3n general del Director Ejecutivo<br>\u2013 Visi\u00f3n general de los Programas Cient\u00edficos<br>\u2013 Visi\u00f3n general del \u00c1rea de Capacitaci\u00f3n, Comunicaciones y Difusi\u00f3n<br>\u2013 Visi\u00f3n general del estado financiero del Presupuesto Operativo del AF 2005-2006<br>e Informe de Aditor\u00eda al 30 de junio de 2005<br>\u2013 Visi\u00f3n general del Presupuesto Operativo y Contribuciones de los Pa\u00edses para el AF 2006-2007<br>\u2013 visi\u00f3n general del Sistema de Datos e Informaci\u00f3n (DIS) y otras tecnolog\u00edas de la informaci\u00f3n (TI)<br>matters<br>\u2013 Solicitud de asesoramiento al CE respecto de un proyecto del CRN-I<\/td><td><a href=\"https:\/\/archive.iai.int\/admin\/site\/sites\/default\/files\/iai-cop-13-directorate-report-s.pdf\" target=\"_blank\" rel=\"noreferrer noopener\">espa\u00f1ol<\/a>&nbsp;\u2013&nbsp;<a href=\"https:\/\/archive.iai.int\/admin\/site\/sites\/default\/files\/iai-cop-13-directorate-report-e.pdf\" target=\"_blank\" rel=\"noreferrer noopener\">ingl\u00e9s<\/a><\/td><\/tr><tr><td colspan=\"3\"><strong>Lunes 22 de mayo, sesi\u00f3n vespertina (2:00pm-6:00pm)<\/strong><\/td><\/tr><tr><td>&nbsp;<\/td><td colspan=\"2\">Sesi\u00f3n conjunta: CE y SAC<\/td><\/tr><tr><td>5.<\/td><td>Inform del Presidente del SAC<br>SAC-22<br>SAC-23<\/td><td><a href=\"https:\/\/archive.iai.int\/admin\/site\/sites\/default\/files\/iai-ec-22-sac-22-report-s.pdf\" target=\"_blank\" rel=\"noreferrer noopener\">espa\u00f1ol<\/a>&nbsp;\u2013&nbsp;<a href=\"https:\/\/archive.iai.int\/admin\/site\/sites\/default\/files\/iai-ec-22-sac-22-report-e.pdf\" target=\"_blank\" rel=\"noreferrer noopener\">ingl\u00e9s<\/a><br><a href=\"https:\/\/archive.iai.int\/admin\/site\/sites\/default\/files\/iai-ec-22-sac-23-report-s.pdf\" target=\"_blank\" rel=\"noreferrer noopener\">espa\u00f1ol<\/a>&nbsp;\u2013&nbsp;<a href=\"https:\/\/archive.iai.int\/admin\/site\/sites\/default\/files\/iai-ec-22-sac-23-report-e.pdf\" target=\"_blank\" rel=\"noreferrer noopener\">ingl\u00e9s<\/a><\/td><\/tr><tr><td>6.<\/td><td>Completando el n\u00famero de miembros del SAC<\/td><td>Sin documento<\/td><\/tr><tr><td>7.<\/td><td>Plan Estrat\u00e9gico de la Agenda Cient\u00edfica del IAI<br>\u2013 Sugerencias del SAC para la Direcci\u00f3n Estrat\u00e9gica de la Agenda Cient\u00edfica del IAI<\/td><td>Sin documento<\/td><\/tr><tr><td>8.<\/td><td>Situaci\u00f3n de la composici\u00f3n del Panel Editorial del IAI Newsletter<\/td><td>Sin documento<\/td><\/tr><tr><td colspan=\"3\"><em>Recepci\u00f3n de bienvenida<\/em><\/td><\/tr><tr><td colspan=\"3\"><strong>Martes 23 de mayo, sesi\u00f3n matutina (09:00 \u2013 12:00)<\/strong><\/td><\/tr><tr><td>9.<\/td><td>Plan Estrat\u00e9gico de la Agenda Cient\u00edfica del IAI<br>\u2013 Sugerencias del SAC para la Direcci\u00f3n Estrat\u00e9gica de la Agenda Cient\u00edfica del IAI<\/td><td>Sin documento<\/td><\/tr><tr><td>10.<\/td><td colspan=\"2\">Informe de los Grupos de Trabajo\/Task Forces\/Comit\u00e9s:<\/td><\/tr><tr><td>&nbsp;<\/td><td>\u2013 Comit\u00e9 Permanente de Reglas y Procedimientos<\/td><td><a href=\"https:\/\/archive.iai.int\/admin\/site\/sites\/default\/files\/iai-ec-22-scrp-report-s.pdf\" target=\"_blank\" rel=\"noreferrer noopener\">espa\u00f1ol<\/a>&nbsp;\u2013&nbsp;<a href=\"https:\/\/archive.iai.int\/admin\/site\/sites\/default\/files\/iai-ec-22-scrp-report-e.pdf\" target=\"_blank\" rel=\"noreferrer noopener\">ingl\u00e9s<\/a><\/td><\/tr><tr><td>&nbsp;<\/td><td>\u2013 Comit\u00e9 Financiero y Administrativo<\/td><td><a href=\"https:\/\/archive.iai.int\/admin\/site\/sites\/default\/files\/iai-ec-22-fac-report-s.pdf\" target=\"_blank\" rel=\"noreferrer noopener\">espa\u00f1ol<\/a>&nbsp;\u2013&nbsp;<a href=\"https:\/\/archive.iai.int\/admin\/site\/sites\/default\/files\/iai-ec-22-fac-report-e.pdf\" target=\"_blank\" rel=\"noreferrer noopener\">ingl\u00e9s<\/a><\/td><\/tr><tr><td>\u2002<\/td><td>\u2013 Relaciones con los Estados Miembros<\/td><td>Sin documento<\/td><\/tr><tr><td>11.<\/td><td>Participaci\u00f3n de Cuba en los proyectos CRN-II<\/td><td>Sin documento<\/td><\/tr><tr><td>12.\u2002<\/td><td>Estrategia de la Direcci\u00f3n Ejecutiva del IAI para tener una relaci\u00f3n<br>m\u00e1s estrecha con los pa\u00edses miembro<\/td><td>Sin documento<\/td><\/tr><tr><td>13.\u2002<\/td><td>Cooperaci\u00f3n con los Estados Miembro<\/td><td>Sin documento<\/td><\/tr><tr><td>14.\u2002<\/td><td>Otros temas<\/td><td>Sin documento<\/td><\/tr><tr><td>15.\u2002<\/td><td>Aprobaci\u00f3n de la Lista de acciones del d\u00eda 1<\/td><td>Sin documento<\/td><\/tr><tr><td>16.\u2002<\/td><td>Aprobaci\u00f3n del Informe de los Auditores sobre los Estados Financieros al 30 de junio de 2005<\/td><td><a href=\"https:\/\/archive.iai.int\/admin\/site\/sites\/default\/files\/iai-ec-22-auditor-report-e.pdf\" target=\"_blank\" rel=\"noreferrer noopener\">ingl\u00e9s<\/a><\/td><\/tr><tr><td>17.\u2002<\/td><td>Aprobaci\u00f3n de los \u00edtems a ser elevados a la CoP<\/td><td>Sin documento<\/td><\/tr><tr><td>18.\u2002<\/td><td>Aprobaci\u00f3n de la Lista de acciones del d\u00eda 2<\/td><td>Sin documento<\/td><\/tr><tr><td>19.\u2002<\/td><td>Reuniones futuras y sitios<\/td><td>Sin documento<\/td><\/tr><tr><td>20.<\/td><td>Clausura<\/td><td>Sin documento<\/td><\/tr><\/tbody><\/table><\/figure>\n\n\n\n<p><strong>Decisiones adoptadas en la 22a reuni\u00f3n del Consejo Ejecutivo<br>del Instituto Interamericano para la Investigaci\u00f3n del Cambio Global<\/strong><br><a href=\"https:\/\/archive.iai.int\/admin\/site\/sites\/default\/files\/decisions-EC_22_SP.pdf\" target=\"_blank\" rel=\"noreferrer noopener\">espa\u00f1ol<\/a>&nbsp;\u2013&nbsp;<a href=\"https:\/\/archive.iai.int\/admin\/site\/sites\/default\/files\/decisions-EC_22.pdf\" target=\"_blank\" rel=\"noreferrer noopener\">ingl\u00e9s<\/a><\/p>\n\n\n\n<p><strong>Lista de participantes de la 22a reuni\u00f3n del Consejo Ejecutivo<br>del Instituto Interamericano para la Investigaci\u00f3n del Cambio Global<\/strong><br><a href=\"https:\/\/archive.iai.int\/admin\/site\/sites\/default\/files\/iai-ec-22-list-participants.pdf\" target=\"_blank\" rel=\"noreferrer noopener\">clic aqu\u00ed<\/a><\/p>\n\n\n\n<p><strong>Informe de la 22a reuni\u00f3n del Consejo Ejecutivo<br>del Instituto Interamericano para la Investigaci\u00f3n del Cambio Global<\/strong><br><a href=\"https:\/\/archive.iai.int\/admin\/site\/sites\/default\/files\/iai-ec-22-report-s.pdf\" target=\"_blank\" rel=\"noreferrer noopener\">espa\u00f1ol<\/a>&nbsp;\u2013&nbsp;<a href=\"https:\/\/archive.iai.int\/admin\/site\/sites\/default\/files\/iai-ec-22-report-e.pdf\" target=\"_blank\" rel=\"noreferrer noopener\">ingl\u00e9s<\/a><\/p>\n\n\n\n<div style=\"height:41px\" aria-hidden=\"true\" class=\"wp-block-spacer\"><\/div>\n\n\n\n<p><strong><a href=\"https:\/\/iai.int\/es\/reuniones-ec-y-cop\/\">Regresar a Reuniones EC y COP<\/a><\/strong><\/p>\n\n\n\n<div style=\"height:53px\" aria-hidden=\"true\" class=\"wp-block-spacer\"><\/div>\n","protected":false},"excerpt":{"rendered":"<p>22-23 Mayo 2006, Porlamar, Venezuela Agenda y documentos de trabajo Agenda provisional TEMA DE AGENDA DOCUMENTO (PDF) Lunes 22 de mayo, sesi\u00f3n matutina (9:00-12:00) &nbsp; Ceremonia inaugural\u2013 Bienvenida a cargo de la representante de Venezuela\u2013 Bienvenida a cargo del Presidente del CE: Adri\u00e1n Fern\u00e1ndez Sin documento 1.\u2002 Aprobaci\u00f3n de la agenda espa\u00f1ol&nbsp;\u2013&nbsp;ingl\u00e9s 2.\u2002 Aprobaci\u00f3n del [&hellip;]<\/p>\n","protected":false},"author":9,"featured_media":12462,"parent":0,"menu_order":0,"comment_status":"closed","ping_status":"closed","template":"","meta":{"_acf_changed":false,"_uag_custom_page_level_css":"","footnotes":""},"class_list":["post-12773","page","type-page","status-publish","has-post-thumbnail","hentry"],"acf":[],"yoast_head":"<!-- This site is optimized with the Yoast SEO plugin v27.3 - https:\/\/yoast.com\/product\/yoast-seo-wordpress\/ -->\n<title>22a reuni\u00f3n del Consejo Ejecutivo - IAI - Inter-American Institute for Global Change Research<\/title>\n<meta name=\"robots\" content=\"index, follow, max-snippet:-1, max-image-preview:large, max-video-preview:-1\" \/>\n<link rel=\"canonical\" href=\"https:\/\/iai.int\/es\/22a-reunion-del-consejo-ejecutivo\/\" \/>\n<meta property=\"og:locale\" content=\"es_ES\" \/>\n<meta property=\"og:type\" content=\"article\" \/>\n<meta property=\"og:title\" content=\"22a reuni\u00f3n del Consejo Ejecutivo - IAI - Inter-American Institute for Global Change Research\" \/>\n<meta property=\"og:description\" content=\"22-23 Mayo 2006, Porlamar, Venezuela Agenda y documentos de trabajo Agenda provisional TEMA DE AGENDA DOCUMENTO (PDF) Lunes 22 de mayo, sesi\u00f3n matutina (9:00-12:00) &nbsp; Ceremonia inaugural\u2013 Bienvenida a cargo de la representante de Venezuela\u2013 Bienvenida a cargo del Presidente del CE: Adri\u00e1n Fern\u00e1ndez Sin documento 1.\u2002 Aprobaci\u00f3n de la agenda espa\u00f1ol&nbsp;\u2013&nbsp;ingl\u00e9s 2.\u2002 Aprobaci\u00f3n del [&hellip;]\" \/>\n<meta property=\"og:url\" content=\"https:\/\/iai.int\/es\/22a-reunion-del-consejo-ejecutivo\/\" \/>\n<meta property=\"og:site_name\" content=\"IAI - Inter-American Institute for Global Change Research\" \/>\n<meta property=\"article:modified_time\" content=\"2026-01-18T20:27:41+00:00\" \/>\n<meta property=\"og:image\" content=\"https:\/\/iai.int\/wp-content\/uploads\/2026\/01\/14.png\" \/>\n\t<meta property=\"og:image:width\" content=\"1772\" \/>\n\t<meta property=\"og:image:height\" content=\"551\" \/>\n\t<meta property=\"og:image:type\" content=\"image\/png\" \/>\n<meta name=\"twitter:card\" content=\"summary_large_image\" \/>\n<meta name=\"twitter:label1\" content=\"Tiempo de lectura\" \/>\n\t<meta name=\"twitter:data1\" content=\"3 minutos\" \/>\n<script type=\"application\/ld+json\" class=\"yoast-schema-graph\">{\"@context\":\"https:\\\/\\\/schema.org\",\"@graph\":[{\"@type\":\"WebPage\",\"@id\":\"https:\\\/\\\/iai.int\\\/es\\\/22a-reunion-del-consejo-ejecutivo\\\/\",\"url\":\"https:\\\/\\\/iai.int\\\/es\\\/22a-reunion-del-consejo-ejecutivo\\\/\",\"name\":\"22a reuni\u00f3n del Consejo Ejecutivo - IAI - Inter-American Institute for Global Change Research\",\"isPartOf\":{\"@id\":\"https:\\\/\\\/iai.int\\\/es\\\/#website\"},\"primaryImageOfPage\":{\"@id\":\"https:\\\/\\\/iai.int\\\/es\\\/22a-reunion-del-consejo-ejecutivo\\\/#primaryimage\"},\"image\":{\"@id\":\"https:\\\/\\\/iai.int\\\/es\\\/22a-reunion-del-consejo-ejecutivo\\\/#primaryimage\"},\"thumbnailUrl\":\"https:\\\/\\\/iai.int\\\/wp-content\\\/uploads\\\/2026\\\/01\\\/14.png\",\"datePublished\":\"2026-01-07T23:50:54+00:00\",\"dateModified\":\"2026-01-18T20:27:41+00:00\",\"breadcrumb\":{\"@id\":\"https:\\\/\\\/iai.int\\\/es\\\/22a-reunion-del-consejo-ejecutivo\\\/#breadcrumb\"},\"inLanguage\":\"es\",\"potentialAction\":[{\"@type\":\"ReadAction\",\"target\":[\"https:\\\/\\\/iai.int\\\/es\\\/22a-reunion-del-consejo-ejecutivo\\\/\"]}]},{\"@type\":\"ImageObject\",\"inLanguage\":\"es\",\"@id\":\"https:\\\/\\\/iai.int\\\/es\\\/22a-reunion-del-consejo-ejecutivo\\\/#primaryimage\",\"url\":\"https:\\\/\\\/iai.int\\\/wp-content\\\/uploads\\\/2026\\\/01\\\/14.png\",\"contentUrl\":\"https:\\\/\\\/iai.int\\\/wp-content\\\/uploads\\\/2026\\\/01\\\/14.png\",\"width\":1772,\"height\":551},{\"@type\":\"BreadcrumbList\",\"@id\":\"https:\\\/\\\/iai.int\\\/es\\\/22a-reunion-del-consejo-ejecutivo\\\/#breadcrumb\",\"itemListElement\":[{\"@type\":\"ListItem\",\"position\":1,\"name\":\"Portada\",\"item\":\"https:\\\/\\\/iai.int\\\/es\\\/\"},{\"@type\":\"ListItem\",\"position\":2,\"name\":\"22a reuni\u00f3n del Consejo Ejecutivo\"}]},{\"@type\":\"WebSite\",\"@id\":\"https:\\\/\\\/iai.int\\\/es\\\/#website\",\"url\":\"https:\\\/\\\/iai.int\\\/es\\\/\",\"name\":\"IAI - Inter-American Institute for Global Change Research\",\"description\":\"\",\"publisher\":{\"@id\":\"https:\\\/\\\/iai.int\\\/es\\\/#organization\"},\"potentialAction\":[{\"@type\":\"SearchAction\",\"target\":{\"@type\":\"EntryPoint\",\"urlTemplate\":\"https:\\\/\\\/iai.int\\\/es\\\/?s={search_term_string}\"},\"query-input\":{\"@type\":\"PropertyValueSpecification\",\"valueRequired\":true,\"valueName\":\"search_term_string\"}}],\"inLanguage\":\"es\"},{\"@type\":\"Organization\",\"@id\":\"https:\\\/\\\/iai.int\\\/es\\\/#organization\",\"name\":\"IAI - Inter-American Institute for Global Change Research\",\"url\":\"https:\\\/\\\/iai.int\\\/es\\\/\",\"logo\":{\"@type\":\"ImageObject\",\"inLanguage\":\"es\",\"@id\":\"https:\\\/\\\/iai.int\\\/es\\\/#\\\/schema\\\/logo\\\/image\\\/\",\"url\":\"https:\\\/\\\/iai.int\\\/wp-content\\\/uploads\\\/2025\\\/11\\\/IAI-logo-English-scaled.png\",\"contentUrl\":\"https:\\\/\\\/iai.int\\\/wp-content\\\/uploads\\\/2025\\\/11\\\/IAI-logo-English-scaled.png\",\"width\":2560,\"height\":985,\"caption\":\"IAI - Inter-American Institute for Global Change Research\"},\"image\":{\"@id\":\"https:\\\/\\\/iai.int\\\/es\\\/#\\\/schema\\\/logo\\\/image\\\/\"}}]}<\/script>\n<!-- \/ Yoast SEO plugin. -->","yoast_head_json":{"title":"22a reuni\u00f3n del Consejo Ejecutivo - IAI - Inter-American Institute for Global Change Research","robots":{"index":"index","follow":"follow","max-snippet":"max-snippet:-1","max-image-preview":"max-image-preview:large","max-video-preview":"max-video-preview:-1"},"canonical":"https:\/\/iai.int\/es\/22a-reunion-del-consejo-ejecutivo\/","og_locale":"es_ES","og_type":"article","og_title":"22a reuni\u00f3n del Consejo Ejecutivo - IAI - Inter-American Institute for Global Change Research","og_description":"22-23 Mayo 2006, Porlamar, Venezuela Agenda y documentos de trabajo Agenda provisional TEMA DE AGENDA DOCUMENTO (PDF) Lunes 22 de mayo, sesi\u00f3n matutina (9:00-12:00) &nbsp; Ceremonia inaugural\u2013 Bienvenida a cargo de la representante de Venezuela\u2013 Bienvenida a cargo del Presidente del CE: Adri\u00e1n Fern\u00e1ndez Sin documento 1.\u2002 Aprobaci\u00f3n de la agenda espa\u00f1ol&nbsp;\u2013&nbsp;ingl\u00e9s 2.\u2002 Aprobaci\u00f3n del [&hellip;]","og_url":"https:\/\/iai.int\/es\/22a-reunion-del-consejo-ejecutivo\/","og_site_name":"IAI - Inter-American Institute for Global Change Research","article_modified_time":"2026-01-18T20:27:41+00:00","og_image":[{"width":1772,"height":551,"url":"https:\/\/iai.int\/wp-content\/uploads\/2026\/01\/14.png","type":"image\/png"}],"twitter_card":"summary_large_image","twitter_misc":{"Tiempo de lectura":"3 minutos"},"schema":{"@context":"https:\/\/schema.org","@graph":[{"@type":"WebPage","@id":"https:\/\/iai.int\/es\/22a-reunion-del-consejo-ejecutivo\/","url":"https:\/\/iai.int\/es\/22a-reunion-del-consejo-ejecutivo\/","name":"22a reuni\u00f3n del Consejo Ejecutivo - IAI - Inter-American Institute for Global Change Research","isPartOf":{"@id":"https:\/\/iai.int\/es\/#website"},"primaryImageOfPage":{"@id":"https:\/\/iai.int\/es\/22a-reunion-del-consejo-ejecutivo\/#primaryimage"},"image":{"@id":"https:\/\/iai.int\/es\/22a-reunion-del-consejo-ejecutivo\/#primaryimage"},"thumbnailUrl":"https:\/\/iai.int\/wp-content\/uploads\/2026\/01\/14.png","datePublished":"2026-01-07T23:50:54+00:00","dateModified":"2026-01-18T20:27:41+00:00","breadcrumb":{"@id":"https:\/\/iai.int\/es\/22a-reunion-del-consejo-ejecutivo\/#breadcrumb"},"inLanguage":"es","potentialAction":[{"@type":"ReadAction","target":["https:\/\/iai.int\/es\/22a-reunion-del-consejo-ejecutivo\/"]}]},{"@type":"ImageObject","inLanguage":"es","@id":"https:\/\/iai.int\/es\/22a-reunion-del-consejo-ejecutivo\/#primaryimage","url":"https:\/\/iai.int\/wp-content\/uploads\/2026\/01\/14.png","contentUrl":"https:\/\/iai.int\/wp-content\/uploads\/2026\/01\/14.png","width":1772,"height":551},{"@type":"BreadcrumbList","@id":"https:\/\/iai.int\/es\/22a-reunion-del-consejo-ejecutivo\/#breadcrumb","itemListElement":[{"@type":"ListItem","position":1,"name":"Portada","item":"https:\/\/iai.int\/es\/"},{"@type":"ListItem","position":2,"name":"22a reuni\u00f3n del Consejo Ejecutivo"}]},{"@type":"WebSite","@id":"https:\/\/iai.int\/es\/#website","url":"https:\/\/iai.int\/es\/","name":"IAI - Inter-American Institute for Global Change Research","description":"","publisher":{"@id":"https:\/\/iai.int\/es\/#organization"},"potentialAction":[{"@type":"SearchAction","target":{"@type":"EntryPoint","urlTemplate":"https:\/\/iai.int\/es\/?s={search_term_string}"},"query-input":{"@type":"PropertyValueSpecification","valueRequired":true,"valueName":"search_term_string"}}],"inLanguage":"es"},{"@type":"Organization","@id":"https:\/\/iai.int\/es\/#organization","name":"IAI - Inter-American Institute for Global Change Research","url":"https:\/\/iai.int\/es\/","logo":{"@type":"ImageObject","inLanguage":"es","@id":"https:\/\/iai.int\/es\/#\/schema\/logo\/image\/","url":"https:\/\/iai.int\/wp-content\/uploads\/2025\/11\/IAI-logo-English-scaled.png","contentUrl":"https:\/\/iai.int\/wp-content\/uploads\/2025\/11\/IAI-logo-English-scaled.png","width":2560,"height":985,"caption":"IAI - Inter-American Institute for Global Change Research"},"image":{"@id":"https:\/\/iai.int\/es\/#\/schema\/logo\/image\/"}}]}},"uagb_featured_image_src":{"full":["https:\/\/iai.int\/wp-content\/uploads\/2026\/01\/14.png",1772,551,false],"thumbnail":["https:\/\/iai.int\/wp-content\/uploads\/2026\/01\/14-150x150.png",150,150,true],"medium":["https:\/\/iai.int\/wp-content\/uploads\/2026\/01\/14-300x93.png",300,93,true],"medium_large":["https:\/\/iai.int\/wp-content\/uploads\/2026\/01\/14-768x239.png",768,239,true],"large":["https:\/\/iai.int\/wp-content\/uploads\/2026\/01\/14-1024x318.png",800,248,true],"1536x1536":["https:\/\/iai.int\/wp-content\/uploads\/2026\/01\/14-1536x478.png",1536,478,true],"2048x2048":["https:\/\/iai.int\/wp-content\/uploads\/2026\/01\/14.png",1772,551,false]},"uagb_author_info":{"display_name":"IAI Communication","author_link":"https:\/\/iai.int\/es\/author\/iai-communication\/"},"uagb_comment_info":0,"uagb_excerpt":"22-23 Mayo 2006, Porlamar, Venezuela Agenda y documentos de trabajo Agenda provisional TEMA DE AGENDA DOCUMENTO (PDF) Lunes 22 de mayo, sesi\u00f3n matutina (9:00-12:00) &nbsp; Ceremonia inaugural\u2013 Bienvenida a cargo de la representante de Venezuela\u2013 Bienvenida a cargo del Presidente del CE: Adri\u00e1n Fern\u00e1ndez Sin documento 1.\u2002 Aprobaci\u00f3n de la agenda espa\u00f1ol&nbsp;\u2013&nbsp;ingl\u00e9s 2.\u2002 Aprobaci\u00f3n del&hellip;","_links":{"self":[{"href":"https:\/\/iai.int\/es\/wp-json\/wp\/v2\/pages\/12773","targetHints":{"allow":["GET"]}}],"collection":[{"href":"https:\/\/iai.int\/es\/wp-json\/wp\/v2\/pages"}],"about":[{"href":"https:\/\/iai.int\/es\/wp-json\/wp\/v2\/types\/page"}],"author":[{"embeddable":true,"href":"https:\/\/iai.int\/es\/wp-json\/wp\/v2\/users\/9"}],"replies":[{"embeddable":true,"href":"https:\/\/iai.int\/es\/wp-json\/wp\/v2\/comments?post=12773"}],"version-history":[{"count":3,"href":"https:\/\/iai.int\/es\/wp-json\/wp\/v2\/pages\/12773\/revisions"}],"predecessor-version":[{"id":13904,"href":"https:\/\/iai.int\/es\/wp-json\/wp\/v2\/pages\/12773\/revisions\/13904"}],"wp:featuredmedia":[{"embeddable":true,"href":"https:\/\/iai.int\/es\/wp-json\/wp\/v2\/media\/12462"}],"wp:attachment":[{"href":"https:\/\/iai.int\/es\/wp-json\/wp\/v2\/media?parent=12773"}],"curies":[{"name":"wp","href":"https:\/\/api.w.org\/{rel}","templated":true}]}}