{"id":12730,"date":"2026-01-07T18:32:19","date_gmt":"2026-01-07T23:32:19","guid":{"rendered":"https:\/\/iai.int\/?page_id=12730"},"modified":"2026-01-17T23:30:30","modified_gmt":"2026-01-18T04:30:30","slug":"16a-reunion-de-la-conferencia-de-las-partes","status":"publish","type":"page","link":"https:\/\/iai.int\/es\/16a-reunion-de-la-conferencia-de-las-partes\/","title":{"rendered":"16a reuni\u00f3n de la Conferencia de las Partes"},"content":{"rendered":"\n<p>19-20 de mayo de 2009, Bogot\u00e1, Colombia<\/p>\n\n\n\n<h3 class=\"wp-block-heading\">Agenda provisional<\/h3>\n\n\n\n<p><strong>16\u00aa reuni\u00f3n de la Conferencia de las Partes (CoP-16) del IAI,<\/strong><br>19 y 20 de mayo de 2009, Bogot\u00e1, Colombia<\/p>\n\n\n\n<figure class=\"wp-block-table\"><table><tbody><tr><td colspan=\"3\"><strong>PUNTO DEL ORDEN DEL D\u00cdA<\/strong><strong><\/strong><\/td><td><strong>DOCUMENTO (PDF)<\/strong><strong><\/strong><\/td><\/tr><tr><td colspan=\"4\"><strong>Martes 19 de mayo, sesi\u00f3n matutina (9:00-12:00 horas)<\/strong><\/td><\/tr><tr><td>&nbsp;<\/td><td>&nbsp;<\/td><td>Bienvenida del representante colombiano<\/td><td>Sin documento<\/td><\/tr><tr><td>1.<\/td><td>&nbsp;<\/td><td>Elecci\u00f3n de la Mesa de la CoP<\/td><td>Sin documento<\/td><\/tr><tr><td>2.<\/td><td>&nbsp;<\/td><td>Elecci\u00f3n del Comit\u00e9 de Credenciales<\/td><td>Sin documento<\/td><\/tr><tr><td>3.<\/td><td>&nbsp;<\/td><td>Aprobaci\u00f3n de la agenda del d\u00eda<\/td><td><a href=\"https:\/\/archive.iai.int\/admin\/site\/sites\/default\/files\/iai-cop-16-agenda-e.pdf\" target=\"_blank\" rel=\"noreferrer noopener\">Ingl\u00e9s <\/a>\u2013 <a href=\"https:\/\/archive.iai.int\/admin\/site\/sites\/default\/files\/iai-cop-16-agenda-s.pdf\" target=\"_blank\" rel=\"noreferrer noopener\">Espa\u00f1ol<\/a><\/td><\/tr><tr><td>4.<\/td><td>&nbsp;<\/td><td>Aprobaci\u00f3n del informe de la 15\u00aa reuni\u00f3n de la Conferencia de las Partes<\/td><td><a href=\"https:\/\/archive.iai.int\/admin\/site\/sites\/default\/files\/iai-cop-15-report-e.pdf\" target=\"_blank\" rel=\"noreferrer noopener\">Ingl\u00e9s <\/a>\u2013 <a href=\"https:\/\/archive.iai.int\/admin\/site\/sites\/default\/files\/iai-cop-15-report-s.pdf\" target=\"_blank\" rel=\"noreferrer noopener\">Espa\u00f1ol<\/a><\/td><\/tr><tr><td>5.<\/td><td>&nbsp;<\/td><td>Presentaciones de las Partes y los Observadores<\/td><td>Sin documento<\/td><\/tr><tr><td colspan=\"4\"><strong>Martes 19 de mayo, sesi\u00f3n de tarde (14:00-18:00)<\/strong><\/td><\/tr><tr><td>6.<\/td><td>&nbsp;<\/td><td>Discusi\u00f3n sobre la solicitud del Reino Unido para que el IAI eval\u00fae el impacto en<br>el continente de la Red Sudamericana de Cambio Clim\u00e1tico<\/td><td>Sin documento<\/td><\/tr><tr><td>7.<\/td><td>&nbsp;<\/td><td>Informe del Comit\u00e9 de Credenciales<\/td><td>Sin documento<\/td><\/tr><tr><td>8.<\/td><td>&nbsp;<\/td><td>Informe de la Direcci\u00f3n<br>de Actividades y financiaci\u00f3n en 2008-2009<\/td><td><a href=\"https:\/\/archive.iai.int\/admin\/site\/sites\/default\/files\/iai-cop-16-directorate-report-e.pdf\" target=\"_blank\" rel=\"noreferrer noopener\">Ingl\u00e9s <\/a>\u2013 <a href=\"https:\/\/archive.iai.int\/admin\/site\/sites\/default\/files\/iai-cop-16-directorate-report-s.pdf\" target=\"_blank\" rel=\"noreferrer noopener\">Espa\u00f1ol<\/a><\/td><\/tr><tr><td>&nbsp;<\/td><td>a.<\/td><td>Programa anual para el a\u00f1o fiscal 2009-2010<\/td><td><a href=\"https:\/\/archive.iai.int\/admin\/site\/sites\/default\/files\/iai-cop-16-annual-plan-e.pdf\" target=\"_blank\" rel=\"noreferrer noopener\">Ingl\u00e9s <\/a>\u2013 <a href=\"https:\/\/archive.iai.int\/admin\/site\/sites\/default\/files\/iai-cop-16-annual-plan-s.pdf\" target=\"_blank\" rel=\"noreferrer noopener\">Espa\u00f1ol<\/a><\/td><\/tr><tr><td>&nbsp;<\/td><td>b.<\/td><td>Presupuesto b\u00e1sico y contribuci\u00f3n del pa\u00eds para el a\u00f1o fiscal 2009-2010<\/td><td><a href=\"https:\/\/archive.iai.int\/admin\/site\/sites\/default\/files\/iai-cop-16-budget-request-e.pdf\" target=\"_blank\" rel=\"noreferrer noopener\">Ingl\u00e9s <\/a>\u2013 <a href=\"https:\/\/archive.iai.int\/admin\/site\/sites\/default\/files\/iai-cop-16-budget-request-s.pdf\" target=\"_blank\" rel=\"noreferrer noopener\">Espa\u00f1ol<\/a><\/td><\/tr><tr><td>9.<\/td><td>&nbsp;<\/td><td>Informe de progreso del Comit\u00e9 Asesor Cient\u00edfico del IAI<\/td><td><a href=\"https:\/\/archive.iai.int\/admin\/site\/sites\/default\/files\/iai-cop-16-sac-report-e.pdf\" target=\"_blank\" rel=\"noreferrer noopener\">Ingl\u00e9s <\/a>\u2013 <a href=\"https:\/\/archive.iai.int\/admin\/site\/sites\/default\/files\/iai-cop-16-sac-report-s.pdf\" target=\"_blank\" rel=\"noreferrer noopener\">Espa\u00f1ol<\/a><\/td><\/tr><tr><td>10.<\/td><td>&nbsp;<\/td><td>Informe del Consejo Ejecutivo<br>\u2013 Actividades encargadas al CE en la \u00faltima CoP \u2013 Actividades, acciones y decisiones del CE \u2013 Asuntos presentados en la 27\u00aa reuni\u00f3n del CE<\/td><td>Sin documento<\/td><\/tr><tr><td>11.<\/td><td>&nbsp;<\/td><td>Informe del Comit\u00e9 Permanente de Normas y Procedimientos<br>\u2013 Grupo de trabajo: Revisi\u00f3n de las Normas Permanentes del CE y la CdP \u2013 Grupo de trabajo: Cuesti\u00f3n de qu\u00f3rum<\/td><td><a href=\"https:\/\/archive.iai.int\/admin\/site\/sites\/default\/files\/iai-cop-16-scrp-report-e.pdf\" target=\"_blank\" rel=\"noreferrer noopener\">Ingl\u00e9s <\/a>\u2013 <a href=\"https:\/\/archive.iai.int\/admin\/site\/sites\/default\/files\/iai-cop-16-scrp-report-s.pdf\" target=\"_blank\" rel=\"noreferrer noopener\">Espa\u00f1ol<\/a><\/td><\/tr><tr><td>&nbsp;<\/td><td>&nbsp;<\/td><td><em>Recepci\u00f3n de bienvenida a las 19:00 horas.<\/em><\/td><td>&nbsp;<\/td><\/tr><tr><td colspan=\"4\"><strong>Mi\u00e9rcoles 20 de mayo, sesi\u00f3n matutina (09:00-12:30)<\/strong><\/td><\/tr><tr><td colspan=\"4\"><strong>Sesi\u00f3n de ciencia y pol\u00edtica: Costos y beneficios de la adaptaci\u00f3n en Colombia<\/strong><br><a href=\"https:\/\/archive.iai.int\/admin\/site\/sites\/default\/files\/iai-cop-16-agenda-science-event-s.pdf\" target=\"_blank\" rel=\"noreferrer noopener\">Agenda en espa\u00f1ol<\/a><\/td><\/tr><tr><td colspan=\"4\"><strong>Mi\u00e9rcoles 20 de mayo, sesi\u00f3n de tarde (14:00-18:00)<\/strong><\/td><\/tr><tr><td>12.<\/td><td>&nbsp;<\/td><td>Aprobaci\u00f3n de la Lista de acciones del d\u00eda 1<\/td><td>Sin documento<\/td><\/tr><tr><td>13.<\/td><td>&nbsp;<\/td><td>Aprobaci\u00f3n del presupuesto b\u00e1sico y de las contribuciones de los pa\u00edses para el ejercicio fiscal 2009-2010<\/td><td>Sin documento<\/td><\/tr><tr><td>14.<\/td><td>&nbsp;<\/td><td>Aprobaci\u00f3n de los art\u00edculos remitidos desde el CE-27<\/td><td>Sin documento<\/td><\/tr><tr><td>15.<\/td><td>&nbsp;<\/td><td>Revisi\u00f3n de los temas de la CoP-16 para la acci\u00f3n del CE-28<\/td><td>Sin documento<\/td><\/tr><tr><td>diecis\u00e9is.<\/td><td>&nbsp;<\/td><td>Sesi\u00f3n de donantes, Contribuciones de los pa\u00edses a:<br>\u2013 Actividades de programas y proyectos \u2013 Presupuesto b\u00e1sico<\/td><td>Sin documento<\/td><\/tr><tr><td>17.<\/td><td>&nbsp;<\/td><td>Misi\u00f3n y Plan Estrat\u00e9gico del IAI<\/td><td><a href=\"https:\/\/archive.iai.int\/admin\/site\/sites\/default\/files\/iai-cop-16-strategic-plan-e.pdf\" target=\"_blank\" rel=\"noreferrer noopener\">Ingl\u00e9s <\/a>\u2013 <a href=\"https:\/\/archive.iai.int\/admin\/site\/sites\/default\/files\/iai-cop-16-strategic-plan-s.pdf\" target=\"_blank\" rel=\"noreferrer noopener\">Espa\u00f1ol<\/a><\/td><\/tr><tr><td>18.<\/td><td>&nbsp;<\/td><td>Elecci\u00f3n de miembros del SAC<\/td><td>Sin documento<\/td><\/tr><tr><td>19.<\/td><td>&nbsp;<\/td><td>Discusi\u00f3n sobre la renovaci\u00f3n del SAC 2010<\/td><td>Sin documento<\/td><\/tr><tr><td>20.<\/td><td>&nbsp;<\/td><td>Futuras reuniones y lugares<\/td><td>Sin documento<\/td><\/tr><tr><td>21.<\/td><td>&nbsp;<\/td><td>Aplazar<\/td><td>Sin documento<\/td><\/tr><\/tbody><\/table><\/figure>\n\n\n\n<p>147<\/p>\n\n\n\n<p><strong>Decisiones adoptadas en la 16.\u00aa reuni\u00f3n de la Conferencia de las Partes del Instituto Interamericano para la Investigaci\u00f3n del Cambio Global<\/strong><\/p>\n\n\n\n<p><a href=\"https:\/\/archive.iai.int\/admin\/site\/sites\/default\/files\/LABELED_AL_CoP-16-corr.pdf\">Ingl\u00e9s<\/a>&nbsp;\u2013&nbsp;<a href=\"https:\/\/archive.iai.int\/admin\/site\/sites\/default\/files\/LABELED_AL_CoP-16_SP-corr.pdf\">Espa\u00f1ol<\/a><\/p>\n\n\n\n<p><strong>Lista de participantes en la 16.\u00aa reuni\u00f3n de la Conferencia de las Partes del Instituto Interamericano para la Investigaci\u00f3n del Cambio Global<\/strong><\/p>\n\n\n\n<p><a href=\"https:\/\/archive.iai.int\/admin\/site\/sites\/default\/files\/iai-cop-16-list-participants.pdf\">haga clic aqu\u00ed<\/a><\/p>\n\n\n\n<p><\/p>\n\n\n\n<p><strong>Informe de la 16.\u00aa reuni\u00f3n de la Conferencia de las Partes del Instituto Interamericano para la Investigaci\u00f3n del Cambio Global<\/strong><\/p>\n\n\n\n<p><a href=\"https:\/\/archive.iai.int\/admin\/site\/sites\/default\/files\/iai-cop-16-report-e_0.pdf\">Ingl\u00e9s<\/a>&nbsp;\u2013&nbsp;<a href=\"https:\/\/archive.iai.int\/admin\/site\/sites\/default\/files\/iai-cop-16-report-s.pdf\">Espa\u00f1ol<\/a><\/p>\n\n\n\n<div style=\"height:45px\" aria-hidden=\"true\" class=\"wp-block-spacer\"><\/div>\n\n\n\n<p><strong><a href=\"https:\/\/iai.int\/es\/reuniones-ec-y-cop\/\">Regresar a Reuniones EC y COP<\/a><\/strong><\/p>\n\n\n\n<div style=\"height:45px\" aria-hidden=\"true\" class=\"wp-block-spacer\"><\/div>\n","protected":false},"excerpt":{"rendered":"<p>19-20 de mayo de 2009, Bogot\u00e1, Colombia Agenda provisional 16\u00aa reuni\u00f3n de la Conferencia de las Partes (CoP-16) del IAI,19 y 20 de mayo de 2009, Bogot\u00e1, Colombia PUNTO DEL ORDEN DEL D\u00cdA DOCUMENTO (PDF) Martes 19 de mayo, sesi\u00f3n matutina (9:00-12:00 horas) &nbsp; &nbsp; Bienvenida del representante colombiano Sin documento 1. &nbsp; Elecci\u00f3n de [&hellip;]<\/p>\n","protected":false},"author":9,"featured_media":12462,"parent":0,"menu_order":0,"comment_status":"closed","ping_status":"closed","template":"","meta":{"_acf_changed":false,"_uag_custom_page_level_css":"","footnotes":""},"class_list":["post-12730","page","type-page","status-publish","has-post-thumbnail","hentry"],"acf":[],"yoast_head":"<!-- This site is optimized with the Yoast SEO plugin v27.3 - https:\/\/yoast.com\/product\/yoast-seo-wordpress\/ -->\n<title>16a reuni\u00f3n de la Conferencia de las Partes - IAI - Inter-American Institute for Global Change Research<\/title>\n<meta name=\"robots\" content=\"index, follow, max-snippet:-1, max-image-preview:large, max-video-preview:-1\" \/>\n<link rel=\"canonical\" href=\"https:\/\/iai.int\/es\/16a-reunion-de-la-conferencia-de-las-partes\/\" \/>\n<meta property=\"og:locale\" content=\"es_ES\" \/>\n<meta property=\"og:type\" content=\"article\" \/>\n<meta property=\"og:title\" content=\"16a reuni\u00f3n de la Conferencia de las Partes - IAI - Inter-American Institute for Global Change Research\" \/>\n<meta property=\"og:description\" content=\"19-20 de mayo de 2009, Bogot\u00e1, Colombia Agenda provisional 16\u00aa reuni\u00f3n de la Conferencia de las Partes (CoP-16) del IAI,19 y 20 de mayo de 2009, Bogot\u00e1, Colombia PUNTO DEL ORDEN DEL D\u00cdA DOCUMENTO (PDF) Martes 19 de mayo, sesi\u00f3n matutina (9:00-12:00 horas) &nbsp; &nbsp; Bienvenida del representante colombiano Sin documento 1. &nbsp; Elecci\u00f3n de [&hellip;]\" \/>\n<meta property=\"og:url\" content=\"https:\/\/iai.int\/es\/16a-reunion-de-la-conferencia-de-las-partes\/\" \/>\n<meta property=\"og:site_name\" content=\"IAI - Inter-American Institute for Global Change Research\" \/>\n<meta property=\"article:modified_time\" content=\"2026-01-18T04:30:30+00:00\" \/>\n<meta property=\"og:image\" content=\"http:\/\/iai.int\/wp-content\/uploads\/2026\/01\/14.png\" \/>\n\t<meta property=\"og:image:width\" content=\"1772\" \/>\n\t<meta property=\"og:image:height\" content=\"551\" \/>\n\t<meta property=\"og:image:type\" content=\"image\/png\" \/>\n<meta name=\"twitter:card\" content=\"summary_large_image\" \/>\n<meta name=\"twitter:label1\" content=\"Tiempo de lectura\" \/>\n\t<meta name=\"twitter:data1\" content=\"3 minutos\" \/>\n<script type=\"application\/ld+json\" class=\"yoast-schema-graph\">{\"@context\":\"https:\\\/\\\/schema.org\",\"@graph\":[{\"@type\":\"WebPage\",\"@id\":\"https:\\\/\\\/iai.int\\\/es\\\/16a-reunion-de-la-conferencia-de-las-partes\\\/\",\"url\":\"https:\\\/\\\/iai.int\\\/es\\\/16a-reunion-de-la-conferencia-de-las-partes\\\/\",\"name\":\"16a reuni\u00f3n de la Conferencia de las Partes - IAI - Inter-American Institute for Global Change Research\",\"isPartOf\":{\"@id\":\"https:\\\/\\\/iai.int\\\/es\\\/#website\"},\"primaryImageOfPage\":{\"@id\":\"https:\\\/\\\/iai.int\\\/es\\\/16a-reunion-de-la-conferencia-de-las-partes\\\/#primaryimage\"},\"image\":{\"@id\":\"https:\\\/\\\/iai.int\\\/es\\\/16a-reunion-de-la-conferencia-de-las-partes\\\/#primaryimage\"},\"thumbnailUrl\":\"https:\\\/\\\/iai.int\\\/wp-content\\\/uploads\\\/2026\\\/01\\\/14.png\",\"datePublished\":\"2026-01-07T23:32:19+00:00\",\"dateModified\":\"2026-01-18T04:30:30+00:00\",\"breadcrumb\":{\"@id\":\"https:\\\/\\\/iai.int\\\/es\\\/16a-reunion-de-la-conferencia-de-las-partes\\\/#breadcrumb\"},\"inLanguage\":\"es\",\"potentialAction\":[{\"@type\":\"ReadAction\",\"target\":[\"https:\\\/\\\/iai.int\\\/es\\\/16a-reunion-de-la-conferencia-de-las-partes\\\/\"]}]},{\"@type\":\"ImageObject\",\"inLanguage\":\"es\",\"@id\":\"https:\\\/\\\/iai.int\\\/es\\\/16a-reunion-de-la-conferencia-de-las-partes\\\/#primaryimage\",\"url\":\"https:\\\/\\\/iai.int\\\/wp-content\\\/uploads\\\/2026\\\/01\\\/14.png\",\"contentUrl\":\"https:\\\/\\\/iai.int\\\/wp-content\\\/uploads\\\/2026\\\/01\\\/14.png\",\"width\":1772,\"height\":551},{\"@type\":\"BreadcrumbList\",\"@id\":\"https:\\\/\\\/iai.int\\\/es\\\/16a-reunion-de-la-conferencia-de-las-partes\\\/#breadcrumb\",\"itemListElement\":[{\"@type\":\"ListItem\",\"position\":1,\"name\":\"Portada\",\"item\":\"https:\\\/\\\/iai.int\\\/es\\\/\"},{\"@type\":\"ListItem\",\"position\":2,\"name\":\"16a reuni\u00f3n de la Conferencia de las Partes\"}]},{\"@type\":\"WebSite\",\"@id\":\"https:\\\/\\\/iai.int\\\/es\\\/#website\",\"url\":\"https:\\\/\\\/iai.int\\\/es\\\/\",\"name\":\"IAI - Inter-American Institute for Global Change Research\",\"description\":\"\",\"publisher\":{\"@id\":\"https:\\\/\\\/iai.int\\\/es\\\/#organization\"},\"potentialAction\":[{\"@type\":\"SearchAction\",\"target\":{\"@type\":\"EntryPoint\",\"urlTemplate\":\"https:\\\/\\\/iai.int\\\/es\\\/?s={search_term_string}\"},\"query-input\":{\"@type\":\"PropertyValueSpecification\",\"valueRequired\":true,\"valueName\":\"search_term_string\"}}],\"inLanguage\":\"es\"},{\"@type\":\"Organization\",\"@id\":\"https:\\\/\\\/iai.int\\\/es\\\/#organization\",\"name\":\"IAI - Inter-American Institute for Global Change Research\",\"url\":\"https:\\\/\\\/iai.int\\\/es\\\/\",\"logo\":{\"@type\":\"ImageObject\",\"inLanguage\":\"es\",\"@id\":\"https:\\\/\\\/iai.int\\\/es\\\/#\\\/schema\\\/logo\\\/image\\\/\",\"url\":\"https:\\\/\\\/iai.int\\\/wp-content\\\/uploads\\\/2025\\\/11\\\/IAI-logo-English-scaled.png\",\"contentUrl\":\"https:\\\/\\\/iai.int\\\/wp-content\\\/uploads\\\/2025\\\/11\\\/IAI-logo-English-scaled.png\",\"width\":2560,\"height\":985,\"caption\":\"IAI - Inter-American Institute for Global Change Research\"},\"image\":{\"@id\":\"https:\\\/\\\/iai.int\\\/es\\\/#\\\/schema\\\/logo\\\/image\\\/\"}}]}<\/script>\n<!-- \/ Yoast SEO plugin. -->","yoast_head_json":{"title":"16a reuni\u00f3n de la Conferencia de las Partes - IAI - Inter-American Institute for Global Change Research","robots":{"index":"index","follow":"follow","max-snippet":"max-snippet:-1","max-image-preview":"max-image-preview:large","max-video-preview":"max-video-preview:-1"},"canonical":"https:\/\/iai.int\/es\/16a-reunion-de-la-conferencia-de-las-partes\/","og_locale":"es_ES","og_type":"article","og_title":"16a reuni\u00f3n de la Conferencia de las Partes - IAI - Inter-American Institute for Global Change Research","og_description":"19-20 de mayo de 2009, Bogot\u00e1, Colombia Agenda provisional 16\u00aa reuni\u00f3n de la Conferencia de las Partes (CoP-16) del IAI,19 y 20 de mayo de 2009, Bogot\u00e1, Colombia PUNTO DEL ORDEN DEL D\u00cdA DOCUMENTO (PDF) Martes 19 de mayo, sesi\u00f3n matutina (9:00-12:00 horas) &nbsp; &nbsp; Bienvenida del representante colombiano Sin documento 1. &nbsp; Elecci\u00f3n de [&hellip;]","og_url":"https:\/\/iai.int\/es\/16a-reunion-de-la-conferencia-de-las-partes\/","og_site_name":"IAI - Inter-American Institute for Global Change Research","article_modified_time":"2026-01-18T04:30:30+00:00","og_image":[{"width":1772,"height":551,"url":"http:\/\/iai.int\/wp-content\/uploads\/2026\/01\/14.png","type":"image\/png"}],"twitter_card":"summary_large_image","twitter_misc":{"Tiempo de lectura":"3 minutos"},"schema":{"@context":"https:\/\/schema.org","@graph":[{"@type":"WebPage","@id":"https:\/\/iai.int\/es\/16a-reunion-de-la-conferencia-de-las-partes\/","url":"https:\/\/iai.int\/es\/16a-reunion-de-la-conferencia-de-las-partes\/","name":"16a reuni\u00f3n de la Conferencia de las Partes - IAI - Inter-American Institute for Global Change Research","isPartOf":{"@id":"https:\/\/iai.int\/es\/#website"},"primaryImageOfPage":{"@id":"https:\/\/iai.int\/es\/16a-reunion-de-la-conferencia-de-las-partes\/#primaryimage"},"image":{"@id":"https:\/\/iai.int\/es\/16a-reunion-de-la-conferencia-de-las-partes\/#primaryimage"},"thumbnailUrl":"https:\/\/iai.int\/wp-content\/uploads\/2026\/01\/14.png","datePublished":"2026-01-07T23:32:19+00:00","dateModified":"2026-01-18T04:30:30+00:00","breadcrumb":{"@id":"https:\/\/iai.int\/es\/16a-reunion-de-la-conferencia-de-las-partes\/#breadcrumb"},"inLanguage":"es","potentialAction":[{"@type":"ReadAction","target":["https:\/\/iai.int\/es\/16a-reunion-de-la-conferencia-de-las-partes\/"]}]},{"@type":"ImageObject","inLanguage":"es","@id":"https:\/\/iai.int\/es\/16a-reunion-de-la-conferencia-de-las-partes\/#primaryimage","url":"https:\/\/iai.int\/wp-content\/uploads\/2026\/01\/14.png","contentUrl":"https:\/\/iai.int\/wp-content\/uploads\/2026\/01\/14.png","width":1772,"height":551},{"@type":"BreadcrumbList","@id":"https:\/\/iai.int\/es\/16a-reunion-de-la-conferencia-de-las-partes\/#breadcrumb","itemListElement":[{"@type":"ListItem","position":1,"name":"Portada","item":"https:\/\/iai.int\/es\/"},{"@type":"ListItem","position":2,"name":"16a reuni\u00f3n de la Conferencia de las Partes"}]},{"@type":"WebSite","@id":"https:\/\/iai.int\/es\/#website","url":"https:\/\/iai.int\/es\/","name":"IAI - Inter-American Institute for Global Change Research","description":"","publisher":{"@id":"https:\/\/iai.int\/es\/#organization"},"potentialAction":[{"@type":"SearchAction","target":{"@type":"EntryPoint","urlTemplate":"https:\/\/iai.int\/es\/?s={search_term_string}"},"query-input":{"@type":"PropertyValueSpecification","valueRequired":true,"valueName":"search_term_string"}}],"inLanguage":"es"},{"@type":"Organization","@id":"https:\/\/iai.int\/es\/#organization","name":"IAI - Inter-American Institute for Global Change Research","url":"https:\/\/iai.int\/es\/","logo":{"@type":"ImageObject","inLanguage":"es","@id":"https:\/\/iai.int\/es\/#\/schema\/logo\/image\/","url":"https:\/\/iai.int\/wp-content\/uploads\/2025\/11\/IAI-logo-English-scaled.png","contentUrl":"https:\/\/iai.int\/wp-content\/uploads\/2025\/11\/IAI-logo-English-scaled.png","width":2560,"height":985,"caption":"IAI - Inter-American Institute for Global Change Research"},"image":{"@id":"https:\/\/iai.int\/es\/#\/schema\/logo\/image\/"}}]}},"uagb_featured_image_src":{"full":["https:\/\/iai.int\/wp-content\/uploads\/2026\/01\/14.png",1772,551,false],"thumbnail":["https:\/\/iai.int\/wp-content\/uploads\/2026\/01\/14-150x150.png",150,150,true],"medium":["https:\/\/iai.int\/wp-content\/uploads\/2026\/01\/14-300x93.png",300,93,true],"medium_large":["https:\/\/iai.int\/wp-content\/uploads\/2026\/01\/14-768x239.png",768,239,true],"large":["https:\/\/iai.int\/wp-content\/uploads\/2026\/01\/14-1024x318.png",800,248,true],"1536x1536":["https:\/\/iai.int\/wp-content\/uploads\/2026\/01\/14-1536x478.png",1536,478,true],"2048x2048":["https:\/\/iai.int\/wp-content\/uploads\/2026\/01\/14.png",1772,551,false]},"uagb_author_info":{"display_name":"IAI Communication","author_link":"https:\/\/iai.int\/es\/author\/iai-communication\/"},"uagb_comment_info":0,"uagb_excerpt":"19-20 de mayo de 2009, Bogot\u00e1, Colombia Agenda provisional 16\u00aa reuni\u00f3n de la Conferencia de las Partes (CoP-16) del IAI,19 y 20 de mayo de 2009, Bogot\u00e1, Colombia PUNTO DEL ORDEN DEL D\u00cdA DOCUMENTO (PDF) Martes 19 de mayo, sesi\u00f3n matutina (9:00-12:00 horas) &nbsp; &nbsp; Bienvenida del representante colombiano Sin documento 1. &nbsp; Elecci\u00f3n de&hellip;","_links":{"self":[{"href":"https:\/\/iai.int\/es\/wp-json\/wp\/v2\/pages\/12730","targetHints":{"allow":["GET"]}}],"collection":[{"href":"https:\/\/iai.int\/es\/wp-json\/wp\/v2\/pages"}],"about":[{"href":"https:\/\/iai.int\/es\/wp-json\/wp\/v2\/types\/page"}],"author":[{"embeddable":true,"href":"https:\/\/iai.int\/es\/wp-json\/wp\/v2\/users\/9"}],"replies":[{"embeddable":true,"href":"https:\/\/iai.int\/es\/wp-json\/wp\/v2\/comments?post=12730"}],"version-history":[{"count":2,"href":"https:\/\/iai.int\/es\/wp-json\/wp\/v2\/pages\/12730\/revisions"}],"predecessor-version":[{"id":13830,"href":"https:\/\/iai.int\/es\/wp-json\/wp\/v2\/pages\/12730\/revisions\/13830"}],"wp:featuredmedia":[{"embeddable":true,"href":"https:\/\/iai.int\/es\/wp-json\/wp\/v2\/media\/12462"}],"wp:attachment":[{"href":"https:\/\/iai.int\/es\/wp-json\/wp\/v2\/media?parent=12730"}],"curies":[{"name":"wp","href":"https:\/\/api.w.org\/{rel}","templated":true}]}}