{"id":12719,"date":"2026-01-07T18:26:04","date_gmt":"2026-01-07T23:26:04","guid":{"rendered":"https:\/\/iai.int\/?page_id=12719"},"modified":"2026-01-17T23:13:22","modified_gmt":"2026-01-18T04:13:22","slug":"17a-reunion-de-la-conferencia-de-las-partes","status":"publish","type":"page","link":"https:\/\/iai.int\/es\/17a-reunion-de-la-conferencia-de-las-partes\/","title":{"rendered":"17a reuni\u00f3n de la Conferencia de las Partes"},"content":{"rendered":"\n<h2 class=\"wp-block-heading\">9-10 de junio de 2010, Brasilia, Brasil<\/h2>\n\n\n\n<p><\/p>\n\n\n\n<h4 class=\"wp-block-heading\">Agenda provisional<\/h4>\n\n\n\n<p><strong>17a reuni\u00f3n de la Conferencia de las Partes (CoP-17) del IAI<\/strong><br>9-10 de junio de 2010, Brasilia, Brasil<\/p>\n\n\n\n<figure class=\"wp-block-table\"><table><tbody><tr><th class=\"has-text-align-left\" data-align=\"left\" colspan=\"3\">TEMA DE AGENDA<\/th><th class=\"has-text-align-left\" data-align=\"left\">DOCUMENTO (PDF)<\/th><\/tr><tr><td colspan=\"4\"><strong>Mi\u00e9rcoles 9 de junio, sesi\u00f3n matutina (9:00am-12:00pm)<\/strong><\/td><\/tr><tr><td>&nbsp;<\/td><td>&nbsp;<\/td><td>Bienvenida a cargo de la representaci\u00f3n de Brasil<\/td><td>Sin documento<\/td><\/tr><tr><td>1.<\/td><td>&nbsp;<\/td><td>Elecci\u00f3n de la Mesa Directiva de la CoP<\/td><td>Sin documento<\/td><\/tr><tr><td>2.<\/td><td>&nbsp;<\/td><td>Elecci\u00f3n de la Comisi\u00f3n de Credenciales<\/td><td>Sin documento<\/td><\/tr><tr><td>3.<\/td><td>&nbsp;<\/td><td>Aprobaci\u00f3n de la agenda<\/td><td><a href=\"https:\/\/archive.iai.int\/admin\/site\/sites\/default\/files\/iai-cop-17-agenda-s.pdf\" target=\"_blank\" rel=\"noreferrer noopener\">espa\u00f1ol<\/a>&nbsp;\u2013&nbsp;<a href=\"https:\/\/archive.iai.int\/admin\/site\/sites\/default\/files\/iai-cop-17-agenda-e.pdf\" target=\"_blank\" rel=\"noreferrer noopener\">ingl\u00e9s<\/a>&nbsp;\u2013<br><a href=\"https:\/\/archive.iai.int\/admin\/site\/sites\/default\/files\/iai-cop-17-agenda-p.pdf\" target=\"_blank\" rel=\"noreferrer noopener\">portugu\u00e9s<\/a><\/td><\/tr><tr><td>4.<\/td><td>&nbsp;<\/td><td>Aprobaci\u00f3n del informe de la 16a reuni\u00f3n de la Conferencia de las Partes<\/td><td><a href=\"https:\/\/archive.iai.int\/admin\/site\/sites\/default\/files\/iai-cop-16-report-s.pdf\" target=\"_blank\" rel=\"noreferrer noopener\">espa\u00f1ol<\/a>&nbsp;\u2013&nbsp;<a href=\"https:\/\/archive.iai.int\/admin\/site\/sites\/default\/files\/iai-cop-16-report-e.pdf\" target=\"_blank\" rel=\"noreferrer noopener\">ingl\u00e9s<\/a><\/td><\/tr><tr><td>5.<\/td><td>&nbsp;<\/td><td>Presentaciones de las Partes y los Observadores<\/td><td>Sin documento<\/td><\/tr><tr><td>6.<\/td><td>&nbsp;<\/td><td>Teleconferencia con Timothy Killeen<\/td><td>Sin documento<\/td><\/tr><tr><td colspan=\"4\"><strong>Mi\u00e9rcoles 9 de junio, sesi\u00f3n vespertina (14:00-18:00)<\/strong><\/td><\/tr><tr><td>7.<\/td><td>&nbsp;<\/td><td>Informe de la Comisi\u00f3n de Credenciales<\/td><td>Sin documento<\/td><\/tr><tr><td>8.<\/td><td>&nbsp;<\/td><td>Informe de la Direcci\u00f3n Ejecutiva<br>Actividades y financiamiento en 2009-2010<\/td><td><a href=\"https:\/\/archive.iai.int\/admin\/site\/sites\/default\/files\/iai-cop-17-directorate-report-s.pdf\" target=\"_blank\" rel=\"noreferrer noopener\">espa\u00f1ol<\/a>&nbsp;\u2013&nbsp;<a href=\"https:\/\/archive.iai.int\/admin\/site\/sites\/default\/files\/iai-cop-17-directorate-report-e.pdf\" target=\"_blank\" rel=\"noreferrer noopener\">ingl\u00e9s<\/a><\/td><\/tr><tr><td>&nbsp;<\/td><td>a.<\/td><td>Programa anual para el AF 2010-2011<\/td><td><a href=\"https:\/\/archive.iai.int\/admin\/site\/sites\/default\/files\/iai-cop-17-annual-plan-s.pdf\" target=\"_blank\" rel=\"noreferrer noopener\">espa\u00f1ol<\/a>&nbsp;\u2013&nbsp;<a href=\"https:\/\/archive.iai.int\/admin\/site\/sites\/default\/files\/iai-cop-17-annual-plan-e.pdf\" target=\"_blank\" rel=\"noreferrer noopener\">ingl\u00e9s<\/a><\/td><\/tr><tr><td>&nbsp;<\/td><td>b.<\/td><td>Presupuesto operativo y contribuciones de los pa\u00edses para el AF 2010-2011<\/td><td><a href=\"https:\/\/archive.iai.int\/admin\/site\/sites\/default\/files\/iai-cop-17-budget-request-s.pdf\" target=\"_blank\" rel=\"noreferrer noopener\">espa\u00f1ol<\/a>&nbsp;\u2013&nbsp;<a href=\"https:\/\/archive.iai.int\/admin\/site\/sites\/default\/files\/iai-cop-17-budget-request-e.pdf\" target=\"_blank\" rel=\"noreferrer noopener\">ingl\u00e9s<\/a><\/td><\/tr><tr><td>9.<\/td><td>&nbsp;<\/td><td>Informe de avance del Comit\u00e9 Asesor Cient\u00edfico<\/td><td><a href=\"https:\/\/archive.iai.int\/admin\/site\/sites\/default\/files\/iai-cop-17-sac-report-e.pdf\" target=\"_blank\" rel=\"noreferrer noopener\">ingl\u00e9s<\/a><\/td><\/tr><tr><td>10.<\/td><td>&nbsp;<\/td><td>Informe del Consejo Ejecutivo<br>\u2013 Actividades encargadas al CE por la \u00faltima CoP<br>\u2013 Actividades, acciones y decisiones<br>\u2013 Temas provenientes de la reuni\u00f3n 29a del CE<\/td><td>Sin documento<\/td><\/tr><tr><td>11.<\/td><td>&nbsp;<\/td><td>Informe del Comit\u00e9 Permanente de Reglas y Procedimientos<\/td><td>Sin documento<\/td><\/tr><tr><td>&nbsp;<\/td><td>&nbsp;<\/td><td><em>Recepci\u00f3n de bienvenida a las 7pm<\/em><\/td><td>&nbsp;<\/td><\/tr><tr><td colspan=\"4\"><strong>Jueves 10 de junio, sesi\u00f3n matutina (09:00-12:30)<\/strong><\/td><\/tr><tr><td colspan=\"4\"><strong>Evento cient\u00edfico: Hydrolog\u00eda, sociedad y medio ambiente<\/strong><br><a href=\"https:\/\/archive.iai.int\/admin\/site\/sites\/default\/files\/iai-cop-17-special_science_session-e.pdf\" target=\"_blank\" rel=\"noreferrer noopener\">Res\u00famenes de las presentaciones en ingl\u00e9s<\/a><\/td><\/tr><tr><td colspan=\"4\"><strong>Jueves 10 de junio, sesi\u00f3n vespertina (14:00-18:00)<\/strong><\/td><\/tr><tr><td>12.<\/td><td>&nbsp;<\/td><td>Aprobaci\u00f3n de la Lista de acciones del d\u00eda 1<\/td><td>Sin documento<\/td><\/tr><tr><td>13.<\/td><td>&nbsp;<\/td><td>Aprobaci\u00f3n del presupuesto operativo y contribuciones de los pa\u00edses para el AF 2010-2011<\/td><td>Sin documento<\/td><\/tr><tr><td>14.<\/td><td>&nbsp;<\/td><td>Aprobaci\u00f3n de temas provenientes del CE-29<\/td><td>Sin documento<\/td><\/tr><tr><td>15.<\/td><td>&nbsp;<\/td><td>Revisi\u00f3n de temas de la CoP para acci\u00f3n por el CE-30<\/td><td>Sin documento<\/td><\/tr><tr><td>16.<\/td><td>&nbsp;<\/td><td>Sesi\u00f3n de donantes, contribuciones de los pa\u00edses a:<br>\u2013 Programas y actividades de los proyectos<br>\u2013 Presupuesto operativo<\/td><td>Sin documento<\/td><\/tr><tr><td>17.<\/td><td>&nbsp;<\/td><td>Misi\u00f3n y plan estrat\u00e9gico del IAI<\/td><td>Sin documento<\/td><\/tr><tr><td>18.<\/td><td>&nbsp;<\/td><td>Elecci\u00f3n de miembros del SAC<\/td><td><a href=\"https:\/\/archive.iai.int\/admin\/site\/sites\/default\/files\/iai-cop-17-SAC-renewal.pdf\" target=\"_blank\" rel=\"noreferrer noopener\">ingl\u00e9s<\/a><br>remitido por el<br>presidente del SAC<\/td><\/tr><tr><td>19.<\/td><td>&nbsp;<\/td><td>Elecci\u00f3n de miembros del CE<\/td><td>Sin documento<\/td><\/tr><tr><td>20.<\/td><td>&nbsp;<\/td><td>Futuras reuniones y lugares<\/td><td>Sin documento<\/td><\/tr><tr><td>21.<\/td><td>&nbsp;<\/td><td>Clausura<\/td><td>Sin documento<\/td><\/tr><\/tbody><\/table><\/figure>\n\n\n\n<p><strong>Decisiones adoptadas en la 17a reuni\u00f3n de la Conferencia de las Partes del Instituto Interamericano para la Investigaci\u00f3n del Cambio Global<\/strong><br><a href=\"https:\/\/archive.iai.int\/admin\/site\/sites\/default\/files\/LABELED_AL_CoP-17_SP-corr.pdf\" target=\"_blank\" rel=\"noreferrer noopener\">espa\u00f1ol<\/a>\u00a0\u2013\u00a0<a href=\"https:\/\/archive.iai.int\/admin\/site\/sites\/default\/files\/LABELED_AL_CoP-17-corr.pdf\" target=\"_blank\" rel=\"noreferrer noopener\">ingl\u00e9s<\/a><\/p>\n\n\n\n<p><\/p>\n\n\n\n<p><strong>Lista de participantes de la 17a reuni\u00f3n de la Conferencia de las Partes del Instituto Interamericano para la Investigaci\u00f3n del Cambio Global<\/strong><br><a href=\"https:\/\/archive.iai.int\/admin\/site\/sites\/default\/files\/iai-cop-17-list-participants.pdf\" target=\"_blank\" rel=\"noreferrer noopener\">clic aqu\u00ed<\/a><\/p>\n\n\n\n<p><strong>Informe de la 17a reuni\u00f3n de la Conferencia de las Partes del Instituto Interamericano para la Investigaci\u00f3n del Cambio Global<\/strong><br><a href=\"https:\/\/archive.iai.int\/admin\/site\/sites\/default\/files\/iai-cop-17-report-s.pdf\" target=\"_blank\" rel=\"noreferrer noopener\">espa\u00f1ol<\/a>\u00a0\u2013\u00a0<a href=\"https:\/\/archive.iai.int\/admin\/site\/sites\/default\/files\/iai-cop-17-report-e.pdf\" target=\"_blank\" rel=\"noreferrer noopener\">ingl\u00e9s<\/a><\/p>\n\n\n\n<div style=\"height:48px\" aria-hidden=\"true\" class=\"wp-block-spacer\"><\/div>\n\n\n\n<p><strong><a href=\"https:\/\/iai.int\/es\/reuniones-ec-y-cop\/\">Regresar a Reuniones EC y COP<\/a><\/strong><\/p>\n\n\n\n<div style=\"height:48px\" aria-hidden=\"true\" class=\"wp-block-spacer\"><\/div>\n","protected":false},"excerpt":{"rendered":"<p>9-10 de junio de 2010, Brasilia, Brasil Agenda provisional 17a reuni\u00f3n de la Conferencia de las Partes (CoP-17) del IAI9-10 de junio de 2010, Brasilia, Brasil TEMA DE AGENDA DOCUMENTO (PDF) Mi\u00e9rcoles 9 de junio, sesi\u00f3n matutina (9:00am-12:00pm) &nbsp; &nbsp; Bienvenida a cargo de la representaci\u00f3n de Brasil Sin documento 1. &nbsp; Elecci\u00f3n de la [&hellip;]<\/p>\n","protected":false},"author":9,"featured_media":12462,"parent":0,"menu_order":0,"comment_status":"closed","ping_status":"closed","template":"","meta":{"_acf_changed":false,"_uag_custom_page_level_css":"","footnotes":""},"class_list":["post-12719","page","type-page","status-publish","has-post-thumbnail","hentry"],"acf":[],"yoast_head":"<!-- This site is optimized with the Yoast SEO plugin v27.3 - https:\/\/yoast.com\/product\/yoast-seo-wordpress\/ -->\n<title>17a reuni\u00f3n de la Conferencia de las Partes - IAI - Inter-American Institute for Global Change Research<\/title>\n<meta name=\"robots\" content=\"index, follow, max-snippet:-1, max-image-preview:large, max-video-preview:-1\" \/>\n<link rel=\"canonical\" href=\"https:\/\/iai.int\/es\/17a-reunion-de-la-conferencia-de-las-partes\/\" \/>\n<meta property=\"og:locale\" content=\"es_ES\" \/>\n<meta property=\"og:type\" content=\"article\" \/>\n<meta property=\"og:title\" content=\"17a reuni\u00f3n de la Conferencia de las Partes - IAI - Inter-American Institute for Global Change Research\" \/>\n<meta property=\"og:description\" content=\"9-10 de junio de 2010, Brasilia, Brasil Agenda provisional 17a reuni\u00f3n de la Conferencia de las Partes (CoP-17) del IAI9-10 de junio de 2010, Brasilia, Brasil TEMA DE AGENDA DOCUMENTO (PDF) Mi\u00e9rcoles 9 de junio, sesi\u00f3n matutina (9:00am-12:00pm) &nbsp; &nbsp; Bienvenida a cargo de la representaci\u00f3n de Brasil Sin documento 1. &nbsp; Elecci\u00f3n de la [&hellip;]\" \/>\n<meta property=\"og:url\" content=\"https:\/\/iai.int\/es\/17a-reunion-de-la-conferencia-de-las-partes\/\" \/>\n<meta property=\"og:site_name\" content=\"IAI - Inter-American Institute for Global Change Research\" \/>\n<meta property=\"article:modified_time\" content=\"2026-01-18T04:13:22+00:00\" \/>\n<meta property=\"og:image\" content=\"http:\/\/iai.int\/wp-content\/uploads\/2026\/01\/14.png\" \/>\n\t<meta property=\"og:image:width\" content=\"1772\" \/>\n\t<meta property=\"og:image:height\" content=\"551\" \/>\n\t<meta property=\"og:image:type\" content=\"image\/png\" \/>\n<meta name=\"twitter:card\" content=\"summary_large_image\" \/>\n<meta name=\"twitter:label1\" content=\"Tiempo de lectura\" \/>\n\t<meta name=\"twitter:data1\" content=\"2 minutos\" \/>\n<script type=\"application\/ld+json\" class=\"yoast-schema-graph\">{\"@context\":\"https:\\\/\\\/schema.org\",\"@graph\":[{\"@type\":\"WebPage\",\"@id\":\"https:\\\/\\\/iai.int\\\/es\\\/17a-reunion-de-la-conferencia-de-las-partes\\\/\",\"url\":\"https:\\\/\\\/iai.int\\\/es\\\/17a-reunion-de-la-conferencia-de-las-partes\\\/\",\"name\":\"17a reuni\u00f3n de la Conferencia de las Partes - IAI - Inter-American Institute for Global Change Research\",\"isPartOf\":{\"@id\":\"https:\\\/\\\/iai.int\\\/es\\\/#website\"},\"primaryImageOfPage\":{\"@id\":\"https:\\\/\\\/iai.int\\\/es\\\/17a-reunion-de-la-conferencia-de-las-partes\\\/#primaryimage\"},\"image\":{\"@id\":\"https:\\\/\\\/iai.int\\\/es\\\/17a-reunion-de-la-conferencia-de-las-partes\\\/#primaryimage\"},\"thumbnailUrl\":\"https:\\\/\\\/iai.int\\\/wp-content\\\/uploads\\\/2026\\\/01\\\/14.png\",\"datePublished\":\"2026-01-07T23:26:04+00:00\",\"dateModified\":\"2026-01-18T04:13:22+00:00\",\"breadcrumb\":{\"@id\":\"https:\\\/\\\/iai.int\\\/es\\\/17a-reunion-de-la-conferencia-de-las-partes\\\/#breadcrumb\"},\"inLanguage\":\"es\",\"potentialAction\":[{\"@type\":\"ReadAction\",\"target\":[\"https:\\\/\\\/iai.int\\\/es\\\/17a-reunion-de-la-conferencia-de-las-partes\\\/\"]}]},{\"@type\":\"ImageObject\",\"inLanguage\":\"es\",\"@id\":\"https:\\\/\\\/iai.int\\\/es\\\/17a-reunion-de-la-conferencia-de-las-partes\\\/#primaryimage\",\"url\":\"https:\\\/\\\/iai.int\\\/wp-content\\\/uploads\\\/2026\\\/01\\\/14.png\",\"contentUrl\":\"https:\\\/\\\/iai.int\\\/wp-content\\\/uploads\\\/2026\\\/01\\\/14.png\",\"width\":1772,\"height\":551},{\"@type\":\"BreadcrumbList\",\"@id\":\"https:\\\/\\\/iai.int\\\/es\\\/17a-reunion-de-la-conferencia-de-las-partes\\\/#breadcrumb\",\"itemListElement\":[{\"@type\":\"ListItem\",\"position\":1,\"name\":\"Portada\",\"item\":\"https:\\\/\\\/iai.int\\\/es\\\/\"},{\"@type\":\"ListItem\",\"position\":2,\"name\":\"17a reuni\u00f3n de la Conferencia de las Partes\"}]},{\"@type\":\"WebSite\",\"@id\":\"https:\\\/\\\/iai.int\\\/es\\\/#website\",\"url\":\"https:\\\/\\\/iai.int\\\/es\\\/\",\"name\":\"IAI - Inter-American Institute for Global Change Research\",\"description\":\"\",\"publisher\":{\"@id\":\"https:\\\/\\\/iai.int\\\/es\\\/#organization\"},\"potentialAction\":[{\"@type\":\"SearchAction\",\"target\":{\"@type\":\"EntryPoint\",\"urlTemplate\":\"https:\\\/\\\/iai.int\\\/es\\\/?s={search_term_string}\"},\"query-input\":{\"@type\":\"PropertyValueSpecification\",\"valueRequired\":true,\"valueName\":\"search_term_string\"}}],\"inLanguage\":\"es\"},{\"@type\":\"Organization\",\"@id\":\"https:\\\/\\\/iai.int\\\/es\\\/#organization\",\"name\":\"IAI - Inter-American Institute for Global Change Research\",\"url\":\"https:\\\/\\\/iai.int\\\/es\\\/\",\"logo\":{\"@type\":\"ImageObject\",\"inLanguage\":\"es\",\"@id\":\"https:\\\/\\\/iai.int\\\/es\\\/#\\\/schema\\\/logo\\\/image\\\/\",\"url\":\"https:\\\/\\\/iai.int\\\/wp-content\\\/uploads\\\/2025\\\/11\\\/IAI-logo-English-scaled.png\",\"contentUrl\":\"https:\\\/\\\/iai.int\\\/wp-content\\\/uploads\\\/2025\\\/11\\\/IAI-logo-English-scaled.png\",\"width\":2560,\"height\":985,\"caption\":\"IAI - Inter-American Institute for Global Change Research\"},\"image\":{\"@id\":\"https:\\\/\\\/iai.int\\\/es\\\/#\\\/schema\\\/logo\\\/image\\\/\"}}]}<\/script>\n<!-- \/ Yoast SEO plugin. -->","yoast_head_json":{"title":"17a reuni\u00f3n de la Conferencia de las Partes - IAI - Inter-American Institute for Global Change Research","robots":{"index":"index","follow":"follow","max-snippet":"max-snippet:-1","max-image-preview":"max-image-preview:large","max-video-preview":"max-video-preview:-1"},"canonical":"https:\/\/iai.int\/es\/17a-reunion-de-la-conferencia-de-las-partes\/","og_locale":"es_ES","og_type":"article","og_title":"17a reuni\u00f3n de la Conferencia de las Partes - IAI - Inter-American Institute for Global Change Research","og_description":"9-10 de junio de 2010, Brasilia, Brasil Agenda provisional 17a reuni\u00f3n de la Conferencia de las Partes (CoP-17) del IAI9-10 de junio de 2010, Brasilia, Brasil TEMA DE AGENDA DOCUMENTO (PDF) Mi\u00e9rcoles 9 de junio, sesi\u00f3n matutina (9:00am-12:00pm) &nbsp; &nbsp; Bienvenida a cargo de la representaci\u00f3n de Brasil Sin documento 1. &nbsp; Elecci\u00f3n de la [&hellip;]","og_url":"https:\/\/iai.int\/es\/17a-reunion-de-la-conferencia-de-las-partes\/","og_site_name":"IAI - Inter-American Institute for Global Change Research","article_modified_time":"2026-01-18T04:13:22+00:00","og_image":[{"width":1772,"height":551,"url":"http:\/\/iai.int\/wp-content\/uploads\/2026\/01\/14.png","type":"image\/png"}],"twitter_card":"summary_large_image","twitter_misc":{"Tiempo de lectura":"2 minutos"},"schema":{"@context":"https:\/\/schema.org","@graph":[{"@type":"WebPage","@id":"https:\/\/iai.int\/es\/17a-reunion-de-la-conferencia-de-las-partes\/","url":"https:\/\/iai.int\/es\/17a-reunion-de-la-conferencia-de-las-partes\/","name":"17a reuni\u00f3n de la Conferencia de las Partes - IAI - Inter-American Institute for Global Change Research","isPartOf":{"@id":"https:\/\/iai.int\/es\/#website"},"primaryImageOfPage":{"@id":"https:\/\/iai.int\/es\/17a-reunion-de-la-conferencia-de-las-partes\/#primaryimage"},"image":{"@id":"https:\/\/iai.int\/es\/17a-reunion-de-la-conferencia-de-las-partes\/#primaryimage"},"thumbnailUrl":"https:\/\/iai.int\/wp-content\/uploads\/2026\/01\/14.png","datePublished":"2026-01-07T23:26:04+00:00","dateModified":"2026-01-18T04:13:22+00:00","breadcrumb":{"@id":"https:\/\/iai.int\/es\/17a-reunion-de-la-conferencia-de-las-partes\/#breadcrumb"},"inLanguage":"es","potentialAction":[{"@type":"ReadAction","target":["https:\/\/iai.int\/es\/17a-reunion-de-la-conferencia-de-las-partes\/"]}]},{"@type":"ImageObject","inLanguage":"es","@id":"https:\/\/iai.int\/es\/17a-reunion-de-la-conferencia-de-las-partes\/#primaryimage","url":"https:\/\/iai.int\/wp-content\/uploads\/2026\/01\/14.png","contentUrl":"https:\/\/iai.int\/wp-content\/uploads\/2026\/01\/14.png","width":1772,"height":551},{"@type":"BreadcrumbList","@id":"https:\/\/iai.int\/es\/17a-reunion-de-la-conferencia-de-las-partes\/#breadcrumb","itemListElement":[{"@type":"ListItem","position":1,"name":"Portada","item":"https:\/\/iai.int\/es\/"},{"@type":"ListItem","position":2,"name":"17a reuni\u00f3n de la Conferencia de las Partes"}]},{"@type":"WebSite","@id":"https:\/\/iai.int\/es\/#website","url":"https:\/\/iai.int\/es\/","name":"IAI - Inter-American Institute for Global Change Research","description":"","publisher":{"@id":"https:\/\/iai.int\/es\/#organization"},"potentialAction":[{"@type":"SearchAction","target":{"@type":"EntryPoint","urlTemplate":"https:\/\/iai.int\/es\/?s={search_term_string}"},"query-input":{"@type":"PropertyValueSpecification","valueRequired":true,"valueName":"search_term_string"}}],"inLanguage":"es"},{"@type":"Organization","@id":"https:\/\/iai.int\/es\/#organization","name":"IAI - Inter-American Institute for Global Change Research","url":"https:\/\/iai.int\/es\/","logo":{"@type":"ImageObject","inLanguage":"es","@id":"https:\/\/iai.int\/es\/#\/schema\/logo\/image\/","url":"https:\/\/iai.int\/wp-content\/uploads\/2025\/11\/IAI-logo-English-scaled.png","contentUrl":"https:\/\/iai.int\/wp-content\/uploads\/2025\/11\/IAI-logo-English-scaled.png","width":2560,"height":985,"caption":"IAI - Inter-American Institute for Global Change Research"},"image":{"@id":"https:\/\/iai.int\/es\/#\/schema\/logo\/image\/"}}]}},"uagb_featured_image_src":{"full":["https:\/\/iai.int\/wp-content\/uploads\/2026\/01\/14.png",1772,551,false],"thumbnail":["https:\/\/iai.int\/wp-content\/uploads\/2026\/01\/14-150x150.png",150,150,true],"medium":["https:\/\/iai.int\/wp-content\/uploads\/2026\/01\/14-300x93.png",300,93,true],"medium_large":["https:\/\/iai.int\/wp-content\/uploads\/2026\/01\/14-768x239.png",768,239,true],"large":["https:\/\/iai.int\/wp-content\/uploads\/2026\/01\/14-1024x318.png",800,248,true],"1536x1536":["https:\/\/iai.int\/wp-content\/uploads\/2026\/01\/14-1536x478.png",1536,478,true],"2048x2048":["https:\/\/iai.int\/wp-content\/uploads\/2026\/01\/14.png",1772,551,false]},"uagb_author_info":{"display_name":"IAI Communication","author_link":"https:\/\/iai.int\/es\/author\/iai-communication\/"},"uagb_comment_info":0,"uagb_excerpt":"9-10 de junio de 2010, Brasilia, Brasil Agenda provisional 17a reuni\u00f3n de la Conferencia de las Partes (CoP-17) del IAI9-10 de junio de 2010, Brasilia, Brasil TEMA DE AGENDA DOCUMENTO (PDF) Mi\u00e9rcoles 9 de junio, sesi\u00f3n matutina (9:00am-12:00pm) &nbsp; &nbsp; Bienvenida a cargo de la representaci\u00f3n de Brasil Sin documento 1. &nbsp; Elecci\u00f3n de la&hellip;","_links":{"self":[{"href":"https:\/\/iai.int\/es\/wp-json\/wp\/v2\/pages\/12719","targetHints":{"allow":["GET"]}}],"collection":[{"href":"https:\/\/iai.int\/es\/wp-json\/wp\/v2\/pages"}],"about":[{"href":"https:\/\/iai.int\/es\/wp-json\/wp\/v2\/types\/page"}],"author":[{"embeddable":true,"href":"https:\/\/iai.int\/es\/wp-json\/wp\/v2\/users\/9"}],"replies":[{"embeddable":true,"href":"https:\/\/iai.int\/es\/wp-json\/wp\/v2\/comments?post=12719"}],"version-history":[{"count":2,"href":"https:\/\/iai.int\/es\/wp-json\/wp\/v2\/pages\/12719\/revisions"}],"predecessor-version":[{"id":13813,"href":"https:\/\/iai.int\/es\/wp-json\/wp\/v2\/pages\/12719\/revisions\/13813"}],"wp:featuredmedia":[{"embeddable":true,"href":"https:\/\/iai.int\/es\/wp-json\/wp\/v2\/media\/12462"}],"wp:attachment":[{"href":"https:\/\/iai.int\/es\/wp-json\/wp\/v2\/media?parent=12719"}],"curies":[{"name":"wp","href":"https:\/\/api.w.org\/{rel}","templated":true}]}}