{"id":12696,"date":"2026-01-07T18:06:59","date_gmt":"2026-01-07T23:06:59","guid":{"rendered":"https:\/\/iai.int\/?page_id=12696"},"modified":"2026-01-16T13:55:25","modified_gmt":"2026-01-16T18:55:25","slug":"reunion-extraordinaria-de-la-conferencia-de-las-partes-2","status":"publish","type":"page","link":"https:\/\/iai.int\/es\/reunion-extraordinaria-de-la-conferencia-de-las-partes-2\/","title":{"rendered":"REUNI\u00d3N EXTRAORDINARIA DE LA CONFERENCIA DE LAS PARTES 2012"},"content":{"rendered":"\n<h2 class=\"wp-block-heading\">15 de febrero de 2012, Arlington, VA, Estados Unidos<\/h2>\n\n\n\n<p><\/p>\n\n\n\n<h4 class=\"wp-block-heading\">Agenda provisional<\/h4>\n\n\n\n<figure class=\"wp-block-table\"><table><tbody><tr><th class=\"has-text-align-left\" data-align=\"left\" colspan=\"3\">TEMA DE AGENDA<\/th><th class=\"has-text-align-left\" data-align=\"left\">DOCUMENTO (PDF)<\/th><\/tr><tr><td colspan=\"4\"><strong>Mi\u00e9rcoles 15 de febrero, sesi\u00f3n matutina (9:00-12:30)<\/strong><\/td><\/tr><tr><td>1.\u2002<\/td><td>\u2002<\/td><td>Ceremonia de apertura: Bienvenida<\/td><td>Sin documento<\/td><\/tr><tr><td>2.\u2002<\/td><td>\u2002<\/td><td>Elecci\u00f3n de la Mesa Directiva de la CoP extraordinaria<\/td><td>Sin documento<\/td><\/tr><tr><td>3.\u2002<\/td><td>\u2002<\/td><td>Aprobaci\u00f3n de la agenda<\/td><td><a href=\"https:\/\/archive.iai.int\/admin\/site\/sites\/default\/files\/iai-cop-19-extraordinary-agenda-s.pdf\" target=\"_blank\" rel=\"noreferrer noopener\">espa\u00f1ol<\/a>&nbsp;\u2013&nbsp;<a href=\"https:\/\/archive.iai.int\/admin\/site\/sites\/default\/files\/iai-cop-19-extraordinary-agenda-e.pdf\" target=\"_blank\" rel=\"noreferrer noopener\">ingl\u00e9s<\/a><\/td><\/tr><tr><td>4.\u2002<\/td><td>\u2002<\/td><td>Discusi\u00f3n sobre el procedimiento con dos propuestas adicionales<br>de la Direcci\u00f3n Ejecutiva y<br>de Brasil<\/td><td>Sin documento<\/td><\/tr><tr><td>5.\u2002<\/td><td>\u2002<\/td><td>Antecedentes (CoP-19), deliberaciones y decisiones sobre<br>las cuestiones operativas del IAI<\/td><td>Sin documento<\/td><\/tr><tr><td>6.\u2002<\/td><td>\u2002<\/td><td>Presentaciones (20 min) de las Partes que hayan<br>presentado ofertas para acoger la Direcci\u00f3n<\/td><td>Sin documento<\/td><\/tr><tr><td>7.\u2002<\/td><td>\u2002<\/td><td>Propuesta tripartita<\/td><td><a href=\"https:\/\/archive.iai.int\/admin\/site\/sites\/default\/files\/iai-cop-19-TripartiteProposal.pdf\" target=\"_blank\" rel=\"noreferrer noopener\">ingl\u00e9s<\/a><\/td><\/tr><tr><td colspan=\"4\"><strong>Mi\u00e9rcoles 15 de febrero, sesi\u00f3n vespertina (14:00-18:00)<\/strong><\/td><\/tr><tr><td>8.\u2002<\/td><td>\u2002<\/td><td>Informe de la Comisi\u00f3n de Credenciales<\/td><td>Sin documento<\/td><\/tr><tr><td>9.\u2002<\/td><td>\u2002<\/td><td>Informe del Presidente del Comit\u00e9 ad hoc sobre el Pa\u00eds Anfitri\u00f3n<\/td><td><a href=\"https:\/\/archive.iai.int\/admin\/site\/sites\/default\/files\/iai-cop-19-extraordinary-ad-hoc-committee-e.pdf\" target=\"_blank\" rel=\"noreferrer noopener\">ingl\u00e9s<\/a><\/td><\/tr><tr><td>10.\u2002<\/td><td>\u2002<\/td><td>Discusi\u00f3n<\/td><td>Sin documento<\/td><\/tr><tr><td>11.\u2002<\/td><td>\u2002<\/td><td>Aspectos de procedimiento y recordatorios<br>Sugerencias para el acuerdo de sede<br>Necesidades de TI<br>Carta del Presidente del CE (IAIEC-003\/2011), indicando los plazos, criterios<br>y procedimientos para presentar ofrecimientos para hospedar la Direcci\u00f3n Ejecutiva del IAI<\/td><td><a href=\"https:\/\/archive.iai.int\/admin\/site\/sites\/default\/files\/iai-cop-19-SuggestionsHostCountryAgreement-s.pdf\" target=\"_blank\" rel=\"noreferrer noopener\">espa\u00f1ol<\/a>&nbsp;\u2013&nbsp;<a href=\"https:\/\/archive.iai.int\/admin\/site\/sites\/default\/files\/iai-cop-19-SuggestionsHostCountryAgreement-e.pdf\" target=\"_blank\" rel=\"noreferrer noopener\">ingl\u00e9s<\/a><br><a href=\"https:\/\/archive.iai.int\/admin\/site\/sites\/default\/files\/iai-cop-19-RequerimientosIT.pdf\" target=\"_blank\" rel=\"noreferrer noopener\">portugu\u00e9s<\/a><br><a href=\"https:\/\/archive.iai.int\/admin\/site\/sites\/default\/files\/IAIEC-003ES.pdf\" target=\"_blank\" rel=\"noreferrer noopener\">espa\u00f1ol<\/a>&nbsp;\u2013&nbsp;<a href=\"https:\/\/archive.iai.int\/admin\/site\/sites\/default\/files\/IAIEC_003.pdf\" target=\"_blank\" rel=\"noreferrer noopener\">ingl\u00e9s<\/a><\/td><\/tr><tr><td>12.\u2002<\/td><td>\u2002<\/td><td>Decisi\u00f3n sobre el futuro de la Direcci\u00f3n Ejecutiva<\/td><td>Sin documento<\/td><\/tr><tr><td>13.<\/td><td>\u2002<\/td><td>Clausura<\/td><td>Sin documento<\/td><\/tr><\/tbody><\/table><\/figure>\n\n\n\n<p><strong>S\u00edntesis de las Decisiones y acciones de la reuni\u00f3n extraordinaria de la Conferencia de las Partes 2012 (CoP-19) del Instituto Interamericano para la Investigaci\u00f3n del Cambio Global<\/strong><br><a href=\"https:\/\/archive.iai.int\/admin\/site\/sites\/default\/files\/iai-cop-19-extraordinary-mtg-report-e_0.pdf\" target=\"_blank\" rel=\"noreferrer noopener\">ingl\u00e9s<\/a><\/p>\n\n\n\n<p><strong>Resoluciones de la reuni\u00f3n extraordinaria de la Conferencia de las Partes 2012 (CoP-19) del Instituto Interamericano para la Investigaci\u00f3n del Cambio Global<\/strong><br><a href=\"https:\/\/archive.iai.int\/admin\/site\/sites\/default\/files\/iai-cop-19-extraordinary-resolutions-s.pdf\" target=\"_blank\" rel=\"noreferrer noopener\">espa\u00f1ol<\/a>\u00a0\u2013\u00a0<a href=\"https:\/\/archive.iai.int\/admin\/site\/sites\/default\/files\/iai-cop-19-extraordinary-resolutions-e.pdf\" target=\"_blank\" rel=\"noreferrer noopener\">ingl\u00e9s<\/a><\/p>\n\n\n\n<div style=\"height:48px\" aria-hidden=\"true\" class=\"wp-block-spacer\"><\/div>\n\n\n\n<p><strong><a href=\"https:\/\/iai.int\/es\/reuniones-ec-y-cop\/\">Regresar a Reuniones EC y COP<\/a><\/strong><\/p>\n\n\n\n<div style=\"height:48px\" aria-hidden=\"true\" class=\"wp-block-spacer\"><\/div>\n","protected":false},"excerpt":{"rendered":"<p>15 de febrero de 2012, Arlington, VA, Estados Unidos Agenda provisional TEMA DE AGENDA DOCUMENTO (PDF) Mi\u00e9rcoles 15 de febrero, sesi\u00f3n matutina (9:00-12:30) 1.\u2002 \u2002 Ceremonia de apertura: Bienvenida Sin documento 2.\u2002 \u2002 Elecci\u00f3n de la Mesa Directiva de la CoP extraordinaria Sin documento 3.\u2002 \u2002 Aprobaci\u00f3n de la agenda espa\u00f1ol&nbsp;\u2013&nbsp;ingl\u00e9s 4.\u2002 \u2002 Discusi\u00f3n sobre [&hellip;]<\/p>\n","protected":false},"author":9,"featured_media":12462,"parent":0,"menu_order":0,"comment_status":"closed","ping_status":"closed","template":"","meta":{"_acf_changed":false,"_uag_custom_page_level_css":"","footnotes":""},"class_list":["post-12696","page","type-page","status-publish","has-post-thumbnail","hentry"],"acf":[],"yoast_head":"<!-- This site is optimized with the Yoast SEO plugin v27.3 - https:\/\/yoast.com\/product\/yoast-seo-wordpress\/ -->\n<title>REUNI\u00d3N EXTRAORDINARIA DE LA CONFERENCIA DE LAS PARTES 2012 - IAI - Inter-American Institute for Global Change Research<\/title>\n<meta name=\"robots\" content=\"index, follow, max-snippet:-1, max-image-preview:large, max-video-preview:-1\" \/>\n<link rel=\"canonical\" href=\"https:\/\/iai.int\/es\/reunion-extraordinaria-de-la-conferencia-de-las-partes-2\/\" \/>\n<meta property=\"og:locale\" content=\"es_ES\" \/>\n<meta property=\"og:type\" content=\"article\" \/>\n<meta property=\"og:title\" content=\"REUNI\u00d3N EXTRAORDINARIA DE LA CONFERENCIA DE LAS PARTES 2012 - IAI - Inter-American Institute for Global Change Research\" \/>\n<meta property=\"og:description\" content=\"15 de febrero de 2012, Arlington, VA, Estados Unidos Agenda provisional TEMA DE AGENDA DOCUMENTO (PDF) Mi\u00e9rcoles 15 de febrero, sesi\u00f3n matutina (9:00-12:30) 1.\u2002 \u2002 Ceremonia de apertura: Bienvenida Sin documento 2.\u2002 \u2002 Elecci\u00f3n de la Mesa Directiva de la CoP extraordinaria Sin documento 3.\u2002 \u2002 Aprobaci\u00f3n de la agenda espa\u00f1ol&nbsp;\u2013&nbsp;ingl\u00e9s 4.\u2002 \u2002 Discusi\u00f3n sobre [&hellip;]\" \/>\n<meta property=\"og:url\" content=\"https:\/\/iai.int\/es\/reunion-extraordinaria-de-la-conferencia-de-las-partes-2\/\" \/>\n<meta property=\"og:site_name\" content=\"IAI - Inter-American Institute for Global Change Research\" \/>\n<meta property=\"article:modified_time\" content=\"2026-01-16T18:55:25+00:00\" \/>\n<meta property=\"og:image\" content=\"https:\/\/iai.int\/wp-content\/uploads\/2026\/01\/14.png\" \/>\n\t<meta property=\"og:image:width\" content=\"1772\" \/>\n\t<meta property=\"og:image:height\" content=\"551\" \/>\n\t<meta property=\"og:image:type\" content=\"image\/png\" \/>\n<meta name=\"twitter:card\" content=\"summary_large_image\" \/>\n<meta name=\"twitter:label1\" content=\"Tiempo de lectura\" \/>\n\t<meta name=\"twitter:data1\" content=\"1 minuto\" \/>\n<script type=\"application\/ld+json\" class=\"yoast-schema-graph\">{\"@context\":\"https:\\\/\\\/schema.org\",\"@graph\":[{\"@type\":\"WebPage\",\"@id\":\"https:\\\/\\\/iai.int\\\/es\\\/reunion-extraordinaria-de-la-conferencia-de-las-partes-2\\\/\",\"url\":\"https:\\\/\\\/iai.int\\\/es\\\/reunion-extraordinaria-de-la-conferencia-de-las-partes-2\\\/\",\"name\":\"REUNI\u00d3N EXTRAORDINARIA DE LA CONFERENCIA DE LAS PARTES 2012 - IAI - Inter-American Institute for Global Change Research\",\"isPartOf\":{\"@id\":\"https:\\\/\\\/iai.int\\\/es\\\/#website\"},\"primaryImageOfPage\":{\"@id\":\"https:\\\/\\\/iai.int\\\/es\\\/reunion-extraordinaria-de-la-conferencia-de-las-partes-2\\\/#primaryimage\"},\"image\":{\"@id\":\"https:\\\/\\\/iai.int\\\/es\\\/reunion-extraordinaria-de-la-conferencia-de-las-partes-2\\\/#primaryimage\"},\"thumbnailUrl\":\"https:\\\/\\\/iai.int\\\/wp-content\\\/uploads\\\/2026\\\/01\\\/14.png\",\"datePublished\":\"2026-01-07T23:06:59+00:00\",\"dateModified\":\"2026-01-16T18:55:25+00:00\",\"breadcrumb\":{\"@id\":\"https:\\\/\\\/iai.int\\\/es\\\/reunion-extraordinaria-de-la-conferencia-de-las-partes-2\\\/#breadcrumb\"},\"inLanguage\":\"es\",\"potentialAction\":[{\"@type\":\"ReadAction\",\"target\":[\"https:\\\/\\\/iai.int\\\/es\\\/reunion-extraordinaria-de-la-conferencia-de-las-partes-2\\\/\"]}]},{\"@type\":\"ImageObject\",\"inLanguage\":\"es\",\"@id\":\"https:\\\/\\\/iai.int\\\/es\\\/reunion-extraordinaria-de-la-conferencia-de-las-partes-2\\\/#primaryimage\",\"url\":\"https:\\\/\\\/iai.int\\\/wp-content\\\/uploads\\\/2026\\\/01\\\/14.png\",\"contentUrl\":\"https:\\\/\\\/iai.int\\\/wp-content\\\/uploads\\\/2026\\\/01\\\/14.png\",\"width\":1772,\"height\":551},{\"@type\":\"BreadcrumbList\",\"@id\":\"https:\\\/\\\/iai.int\\\/es\\\/reunion-extraordinaria-de-la-conferencia-de-las-partes-2\\\/#breadcrumb\",\"itemListElement\":[{\"@type\":\"ListItem\",\"position\":1,\"name\":\"Portada\",\"item\":\"https:\\\/\\\/iai.int\\\/es\\\/\"},{\"@type\":\"ListItem\",\"position\":2,\"name\":\"REUNI\u00d3N EXTRAORDINARIA DE LA CONFERENCIA DE LAS PARTES 2012\"}]},{\"@type\":\"WebSite\",\"@id\":\"https:\\\/\\\/iai.int\\\/es\\\/#website\",\"url\":\"https:\\\/\\\/iai.int\\\/es\\\/\",\"name\":\"IAI - Inter-American Institute for Global Change Research\",\"description\":\"\",\"publisher\":{\"@id\":\"https:\\\/\\\/iai.int\\\/es\\\/#organization\"},\"potentialAction\":[{\"@type\":\"SearchAction\",\"target\":{\"@type\":\"EntryPoint\",\"urlTemplate\":\"https:\\\/\\\/iai.int\\\/es\\\/?s={search_term_string}\"},\"query-input\":{\"@type\":\"PropertyValueSpecification\",\"valueRequired\":true,\"valueName\":\"search_term_string\"}}],\"inLanguage\":\"es\"},{\"@type\":\"Organization\",\"@id\":\"https:\\\/\\\/iai.int\\\/es\\\/#organization\",\"name\":\"IAI - Inter-American Institute for Global Change Research\",\"url\":\"https:\\\/\\\/iai.int\\\/es\\\/\",\"logo\":{\"@type\":\"ImageObject\",\"inLanguage\":\"es\",\"@id\":\"https:\\\/\\\/iai.int\\\/es\\\/#\\\/schema\\\/logo\\\/image\\\/\",\"url\":\"https:\\\/\\\/iai.int\\\/wp-content\\\/uploads\\\/2025\\\/11\\\/IAI-logo-English-scaled.png\",\"contentUrl\":\"https:\\\/\\\/iai.int\\\/wp-content\\\/uploads\\\/2025\\\/11\\\/IAI-logo-English-scaled.png\",\"width\":2560,\"height\":985,\"caption\":\"IAI - Inter-American Institute for Global Change Research\"},\"image\":{\"@id\":\"https:\\\/\\\/iai.int\\\/es\\\/#\\\/schema\\\/logo\\\/image\\\/\"}}]}<\/script>\n<!-- \/ Yoast SEO plugin. -->","yoast_head_json":{"title":"REUNI\u00d3N EXTRAORDINARIA DE LA CONFERENCIA DE LAS PARTES 2012 - IAI - Inter-American Institute for Global Change Research","robots":{"index":"index","follow":"follow","max-snippet":"max-snippet:-1","max-image-preview":"max-image-preview:large","max-video-preview":"max-video-preview:-1"},"canonical":"https:\/\/iai.int\/es\/reunion-extraordinaria-de-la-conferencia-de-las-partes-2\/","og_locale":"es_ES","og_type":"article","og_title":"REUNI\u00d3N EXTRAORDINARIA DE LA CONFERENCIA DE LAS PARTES 2012 - IAI - Inter-American Institute for Global Change Research","og_description":"15 de febrero de 2012, Arlington, VA, Estados Unidos Agenda provisional TEMA DE AGENDA DOCUMENTO (PDF) Mi\u00e9rcoles 15 de febrero, sesi\u00f3n matutina (9:00-12:30) 1.\u2002 \u2002 Ceremonia de apertura: Bienvenida Sin documento 2.\u2002 \u2002 Elecci\u00f3n de la Mesa Directiva de la CoP extraordinaria Sin documento 3.\u2002 \u2002 Aprobaci\u00f3n de la agenda espa\u00f1ol&nbsp;\u2013&nbsp;ingl\u00e9s 4.\u2002 \u2002 Discusi\u00f3n sobre [&hellip;]","og_url":"https:\/\/iai.int\/es\/reunion-extraordinaria-de-la-conferencia-de-las-partes-2\/","og_site_name":"IAI - Inter-American Institute for Global Change Research","article_modified_time":"2026-01-16T18:55:25+00:00","og_image":[{"width":1772,"height":551,"url":"https:\/\/iai.int\/wp-content\/uploads\/2026\/01\/14.png","type":"image\/png"}],"twitter_card":"summary_large_image","twitter_misc":{"Tiempo de lectura":"1 minuto"},"schema":{"@context":"https:\/\/schema.org","@graph":[{"@type":"WebPage","@id":"https:\/\/iai.int\/es\/reunion-extraordinaria-de-la-conferencia-de-las-partes-2\/","url":"https:\/\/iai.int\/es\/reunion-extraordinaria-de-la-conferencia-de-las-partes-2\/","name":"REUNI\u00d3N EXTRAORDINARIA DE LA CONFERENCIA DE LAS PARTES 2012 - IAI - Inter-American Institute for Global Change Research","isPartOf":{"@id":"https:\/\/iai.int\/es\/#website"},"primaryImageOfPage":{"@id":"https:\/\/iai.int\/es\/reunion-extraordinaria-de-la-conferencia-de-las-partes-2\/#primaryimage"},"image":{"@id":"https:\/\/iai.int\/es\/reunion-extraordinaria-de-la-conferencia-de-las-partes-2\/#primaryimage"},"thumbnailUrl":"https:\/\/iai.int\/wp-content\/uploads\/2026\/01\/14.png","datePublished":"2026-01-07T23:06:59+00:00","dateModified":"2026-01-16T18:55:25+00:00","breadcrumb":{"@id":"https:\/\/iai.int\/es\/reunion-extraordinaria-de-la-conferencia-de-las-partes-2\/#breadcrumb"},"inLanguage":"es","potentialAction":[{"@type":"ReadAction","target":["https:\/\/iai.int\/es\/reunion-extraordinaria-de-la-conferencia-de-las-partes-2\/"]}]},{"@type":"ImageObject","inLanguage":"es","@id":"https:\/\/iai.int\/es\/reunion-extraordinaria-de-la-conferencia-de-las-partes-2\/#primaryimage","url":"https:\/\/iai.int\/wp-content\/uploads\/2026\/01\/14.png","contentUrl":"https:\/\/iai.int\/wp-content\/uploads\/2026\/01\/14.png","width":1772,"height":551},{"@type":"BreadcrumbList","@id":"https:\/\/iai.int\/es\/reunion-extraordinaria-de-la-conferencia-de-las-partes-2\/#breadcrumb","itemListElement":[{"@type":"ListItem","position":1,"name":"Portada","item":"https:\/\/iai.int\/es\/"},{"@type":"ListItem","position":2,"name":"REUNI\u00d3N EXTRAORDINARIA DE LA CONFERENCIA DE LAS PARTES 2012"}]},{"@type":"WebSite","@id":"https:\/\/iai.int\/es\/#website","url":"https:\/\/iai.int\/es\/","name":"IAI - Inter-American Institute for Global Change Research","description":"","publisher":{"@id":"https:\/\/iai.int\/es\/#organization"},"potentialAction":[{"@type":"SearchAction","target":{"@type":"EntryPoint","urlTemplate":"https:\/\/iai.int\/es\/?s={search_term_string}"},"query-input":{"@type":"PropertyValueSpecification","valueRequired":true,"valueName":"search_term_string"}}],"inLanguage":"es"},{"@type":"Organization","@id":"https:\/\/iai.int\/es\/#organization","name":"IAI - Inter-American Institute for Global Change Research","url":"https:\/\/iai.int\/es\/","logo":{"@type":"ImageObject","inLanguage":"es","@id":"https:\/\/iai.int\/es\/#\/schema\/logo\/image\/","url":"https:\/\/iai.int\/wp-content\/uploads\/2025\/11\/IAI-logo-English-scaled.png","contentUrl":"https:\/\/iai.int\/wp-content\/uploads\/2025\/11\/IAI-logo-English-scaled.png","width":2560,"height":985,"caption":"IAI - Inter-American Institute for Global Change Research"},"image":{"@id":"https:\/\/iai.int\/es\/#\/schema\/logo\/image\/"}}]}},"uagb_featured_image_src":{"full":["https:\/\/iai.int\/wp-content\/uploads\/2026\/01\/14.png",1772,551,false],"thumbnail":["https:\/\/iai.int\/wp-content\/uploads\/2026\/01\/14-150x150.png",150,150,true],"medium":["https:\/\/iai.int\/wp-content\/uploads\/2026\/01\/14-300x93.png",300,93,true],"medium_large":["https:\/\/iai.int\/wp-content\/uploads\/2026\/01\/14-768x239.png",768,239,true],"large":["https:\/\/iai.int\/wp-content\/uploads\/2026\/01\/14-1024x318.png",800,248,true],"1536x1536":["https:\/\/iai.int\/wp-content\/uploads\/2026\/01\/14-1536x478.png",1536,478,true],"2048x2048":["https:\/\/iai.int\/wp-content\/uploads\/2026\/01\/14.png",1772,551,false]},"uagb_author_info":{"display_name":"IAI Communication","author_link":"https:\/\/iai.int\/es\/author\/iai-communication\/"},"uagb_comment_info":0,"uagb_excerpt":"15 de febrero de 2012, Arlington, VA, Estados Unidos Agenda provisional TEMA DE AGENDA DOCUMENTO (PDF) Mi\u00e9rcoles 15 de febrero, sesi\u00f3n matutina (9:00-12:30) 1.\u2002 \u2002 Ceremonia de apertura: Bienvenida Sin documento 2.\u2002 \u2002 Elecci\u00f3n de la Mesa Directiva de la CoP extraordinaria Sin documento 3.\u2002 \u2002 Aprobaci\u00f3n de la agenda espa\u00f1ol&nbsp;\u2013&nbsp;ingl\u00e9s 4.\u2002 \u2002 Discusi\u00f3n sobre&hellip;","_links":{"self":[{"href":"https:\/\/iai.int\/es\/wp-json\/wp\/v2\/pages\/12696","targetHints":{"allow":["GET"]}}],"collection":[{"href":"https:\/\/iai.int\/es\/wp-json\/wp\/v2\/pages"}],"about":[{"href":"https:\/\/iai.int\/es\/wp-json\/wp\/v2\/types\/page"}],"author":[{"embeddable":true,"href":"https:\/\/iai.int\/es\/wp-json\/wp\/v2\/users\/9"}],"replies":[{"embeddable":true,"href":"https:\/\/iai.int\/es\/wp-json\/wp\/v2\/comments?post=12696"}],"version-history":[{"count":2,"href":"https:\/\/iai.int\/es\/wp-json\/wp\/v2\/pages\/12696\/revisions"}],"predecessor-version":[{"id":13737,"href":"https:\/\/iai.int\/es\/wp-json\/wp\/v2\/pages\/12696\/revisions\/13737"}],"wp:featuredmedia":[{"embeddable":true,"href":"https:\/\/iai.int\/es\/wp-json\/wp\/v2\/media\/12462"}],"wp:attachment":[{"href":"https:\/\/iai.int\/es\/wp-json\/wp\/v2\/media?parent=12696"}],"curies":[{"name":"wp","href":"https:\/\/api.w.org\/{rel}","templated":true}]}}