{"id":12677,"date":"2026-01-07T17:53:08","date_gmt":"2026-01-07T22:53:08","guid":{"rendered":"https:\/\/iai.int\/?page_id=12677"},"modified":"2026-01-15T12:19:30","modified_gmt":"2026-01-15T17:19:30","slug":"21a-reunion-de-la-conferencia-de-las-partes","status":"publish","type":"page","link":"https:\/\/iai.int\/es\/21a-reunion-de-la-conferencia-de-las-partes\/","title":{"rendered":"21a reuni\u00f3n de la Conferencia de las Partes"},"content":{"rendered":"\n<h2 class=\"wp-block-heading\">12-13 de junio de 2013, Montevideo, Uruguay<\/h2>\n\n\n\n<p><\/p>\n\n\n\n<h4 class=\"wp-block-heading\">Agenda provisional<\/h4>\n\n\n\n<p><strong>21a reuni\u00f3n de la Conferencia de las Partes (CoP-21) del IAI<\/strong><br>12-13 de junio de 2013, Montevideo, Uruguay<\/p>\n\n\n\n<figure class=\"wp-block-table\"><table><tbody><tr><th class=\"has-text-align-left\" data-align=\"left\" colspan=\"3\">TEMA DE AGENDA<\/th><th class=\"has-text-align-left\" data-align=\"left\">DOCUMENTO (PDF)<\/th><\/tr><tr><td colspan=\"4\"><strong>Mi\u00e9rcoles 12 de junio, sesi\u00f3n matutina (9:00-12:30)<\/strong><\/td><\/tr><tr><td>&nbsp;<\/td><td>&nbsp;<\/td><td>Bienvenida a cargo de Uruguay<\/td><td>Sin documento<\/td><\/tr><tr><td>1.<\/td><td>&nbsp;<\/td><td>Elecci\u00f3n de la Mesa Directiva de la CoP<\/td><td>Sin documento<\/td><\/tr><tr><td>2.<\/td><td>&nbsp;<\/td><td>Elecci\u00f3n de la Comisi\u00f3n de Credenciales<\/td><td>Sin documento<\/td><\/tr><tr><td>3.<\/td><td>&nbsp;<\/td><td>Aprobaci\u00f3n de la agenda<\/td><td><a href=\"https:\/\/archive.iai.int\/admin\/site\/sites\/default\/files\/iai-cop-21-agenda-s.pdf\" target=\"_blank\" rel=\"noreferrer noopener\">espa\u00f1ol<\/a>&nbsp;\u2013&nbsp;<a href=\"https:\/\/archive.iai.int\/admin\/site\/sites\/default\/files\/iai-cop-21-agenda-e.pdf\" target=\"_blank\" rel=\"noreferrer noopener\">ingl\u00e9s<\/a><\/td><\/tr><tr><td>4.<\/td><td>&nbsp;<\/td><td>Aprobaci\u00f3n del informe de la 20a reuni\u00f3n de la Conferencia de las Partes<\/td><td><a href=\"https:\/\/archive.iai.int\/admin\/site\/sites\/default\/files\/iai-cop-20-report-s.pdf\" target=\"_blank\" rel=\"noreferrer noopener\">espa\u00f1ol<\/a>&nbsp;\u2013&nbsp;<a href=\"https:\/\/archive.iai.int\/admin\/site\/sites\/default\/files\/iai-cop-20-report-e.pdf\" target=\"_blank\" rel=\"noreferrer noopener\">ingl\u00e9s<\/a><\/td><\/tr><tr><td>5.<\/td><td>&nbsp;<\/td><td>Presentaci\u00f3n de las Partes y los Observadores<\/td><td>Sin documento<\/td><\/tr><tr><td>6.<\/td><td>&nbsp;<\/td><td>Informe del Consejo Ejecutivo<br>\u2013 Actividades, acciones y decisiones del CE<br>\u2013 Items provenientes de la 35a reuni\u00f3n del Consejo Ejecutivo<\/td><td><a href=\"https:\/\/archive.iai.int\/admin\/site\/sites\/default\/files\/iai-cop-21-ec-report-s.pdf\" target=\"_blank\" rel=\"noreferrer noopener\">espa\u00f1ol<\/a>&nbsp;\u2013&nbsp;<a href=\"https:\/\/archive.iai.int\/admin\/site\/sites\/default\/files\/iai-cop-21-ec-report-e.pdf\" target=\"_blank\" rel=\"noreferrer noopener\">ingl\u00e9s<\/a><\/td><\/tr><tr><td>7.<\/td><td>&nbsp;<\/td><td>Informe del SAC<\/td><td><a href=\"https:\/\/archive.iai.int\/admin\/site\/sites\/default\/files\/iai-cop-21-sac-report-s.pdf\" target=\"_blank\" rel=\"noreferrer noopener\">espa\u00f1ol<\/a>&nbsp;\u2013&nbsp;<a href=\"https:\/\/archive.iai.int\/admin\/site\/sites\/default\/files\/iai-cop-21-sac-report-e.pdf\" target=\"_blank\" rel=\"noreferrer noopener\">ingl\u00e9s<\/a><\/td><\/tr><tr><td>&nbsp;<\/td><td>a.<\/td><td>Continuidad y renovaci\u00f3n de la membres\u00eda SAC<\/td><td><a href=\"https:\/\/archive.iai.int\/admin\/site\/sites\/default\/files\/iai-cop-21-sac-continuity-renewal-s.pdf\" target=\"_blank\" rel=\"noreferrer noopener\">espa\u00f1ol<\/a>&nbsp;\u2013&nbsp;<a href=\"https:\/\/archive.iai.int\/admin\/site\/sites\/default\/files\/iai-cop-21-sac-continuity-renewal-e.pdf\" target=\"_blank\" rel=\"noreferrer noopener\">ingl\u00e9s<\/a><\/td><\/tr><tr><td>&nbsp;<\/td><td>b.<\/td><td>Revisi\u00f3n de las necesidades y nominaciones<br>para la elecci\u00f3n de miembros del SAC<\/td><td><a href=\"https:\/\/archive.iai.int\/admin\/site\/sites\/default\/files\/iai-cop-21-SAC-nominations-requested-e.pdf\" target=\"_blank\" rel=\"noreferrer noopener\">ingl\u00e9s<\/a><\/td><\/tr><tr><td>8.<\/td><td>&nbsp;<\/td><td>Recomendaci\u00f3n del CE a la COP sobre la elecci\u00f3n del SAC<\/td><td>Sin documento<\/td><\/tr><tr><td colspan=\"4\"><strong>Mi\u00e9rcoles 12 de junio, sesi\u00f3n vespertina (14:00-18:00)<\/strong><\/td><\/tr><tr><td>9.<\/td><td>&nbsp;<\/td><td>Informe de la Comisi\u00f3n de Credenciales<\/td><td>Sin documento<\/td><\/tr><tr><td>10.<\/td><td>&nbsp;<\/td><td>Informe de la Direcci\u00f3n Ejecutiva<br>Ciencia y programas de desarrolo de capacidades<br>Iniciativas pol\u00edticas<\/td><td><a href=\"https:\/\/archive.iai.int\/admin\/site\/sites\/default\/files\/iai-cop-21-directorate-report-e.pdf\" target=\"_blank\" rel=\"noreferrer noopener\">ingl\u00e9s<\/a><\/td><\/tr><tr><td>11.<\/td><td>&nbsp;<\/td><td>Noticias de la red Asia-Pac\u00edfico (APN)<\/td><td>Sin documento<\/td><\/tr><tr><td>12.<\/td><td>&nbsp;<\/td><td>Iniciativas con las organizaciones internacionales y las agencias de financiaci\u00f3n<br>Future Earth<br>ICSU-ROLAC<br>UNESCO<br>CONICET-Argentina<\/td><td>Sin documento<\/td><\/tr><tr><td>13.<\/td><td>&nbsp;<\/td><td>-Firma del acuerdo de co-financiaci\u00f3n entre CONICET-Argentina y el IAI<\/td><td>Sin documento<\/td><\/tr><tr><td>14.<\/td><td>&nbsp;<\/td><td>Discusi\u00f3n del acuerdo de consorcio entre la UNESCO, ICSU-ROLAC y el IAI<br>en apoyo de las actividades de Future Earth<\/td><td><a href=\"https:\/\/archive.iai.int\/admin\/site\/sites\/default\/files\/iai-cop-22-unesco-icsurolac-iai-for-futureearth-s.pdf\" target=\"_blank\" rel=\"noreferrer noopener\">espa\u00f1ol<\/a>&nbsp;\u2013&nbsp;<a href=\"https:\/\/archive.iai.int\/admin\/site\/sites\/default\/files\/iai-cop-22-unesco-icsurolac-iai-for-futureearth-e.pdf\" target=\"_blank\" rel=\"noreferrer noopener\">ingl\u00e9s<\/a><\/td><\/tr><tr><td>15.<\/td><td>&nbsp;<\/td><td>Informe sobre la implementaci\u00f3n de la Gobernanza Tripartita del IAI<\/td><td><a href=\"https:\/\/archive.iai.int\/admin\/site\/sites\/default\/files\/iai-cop-21-tripartite-comm-report-s.pdf\" target=\"_blank\" rel=\"noreferrer noopener\">espa\u00f1ol<\/a>&nbsp;\u2013&nbsp;<a href=\"https:\/\/archive.iai.int\/admin\/site\/sites\/default\/files\/iai-cop-21-tripartite-comm-report-e.pdf\" target=\"_blank\" rel=\"noreferrer noopener\">ingl\u00e9s<\/a><\/td><\/tr><tr><td>&nbsp;<\/td><td>a.<\/td><td>T\u00e9rminos de referencia de la Comisi\u00f3n para la implementaci\u00f3n del Acuerdo Tripartito<\/td><td><a href=\"https:\/\/archive.iai.int\/admin\/site\/sites\/default\/files\/iai-cop-21-tripartite-comm-tor-s.pdf\" target=\"_blank\" rel=\"noreferrer noopener\">espa\u00f1ol<\/a>&nbsp;\u2013&nbsp;<a href=\"https:\/\/archive.iai.int\/admin\/site\/sites\/default\/files\/iai-cop-21-tripartite-comm-tor-e.pdf\" target=\"_blank\" rel=\"noreferrer noopener\">ingl\u00e9s<\/a><\/td><\/tr><tr><td>&nbsp;<\/td><td>b.<\/td><td>Propuesta de Gobernanza Tripartita del IAI (aprobada)<\/td><td><a href=\"https:\/\/archive.iai.int\/admin\/site\/sites\/default\/files\/tipartite-governance-proposal-appr-s.pdf\" target=\"_blank\" rel=\"noreferrer noopener\">espa\u00f1ol<\/a>&nbsp;\u2013&nbsp;<a href=\"https:\/\/archive.iai.int\/admin\/site\/sites\/default\/files\/tipartite-governance-proposal-appr-e_1.pdf\" target=\"_blank\" rel=\"noreferrer noopener\">ingl\u00e9s<\/a><\/td><\/tr><tr><td>&nbsp;<\/td><td>c.<\/td><td>Plan de trabajo de la Oficina de Enlace Ciencia y Pol\u00edticas<\/td><td><a href=\"https:\/\/archive.iai.int\/admin\/site\/sites\/default\/files\/iai-cop-21-Workplan-science-policy-office-e.pdf\" target=\"_blank\" rel=\"noreferrer noopener\">ingl\u00e9s<\/a><\/td><\/tr><tr><td>16.<\/td><td>&nbsp;<\/td><td>Plan anual para el AF 2013-2014<\/td><td><a href=\"https:\/\/archive.iai.int\/admin\/site\/sites\/default\/files\/iai-cop-21-annual-plan-s.pdf\" target=\"_blank\" rel=\"noreferrer noopener\">espa\u00f1ol<\/a>&nbsp;\u2013&nbsp;<a href=\"https:\/\/archive.iai.int\/admin\/site\/sites\/default\/files\/iai-cop-21-annual-plan-e.pdf\" target=\"_blank\" rel=\"noreferrer noopener\">ingl\u00e9s<\/a><\/td><\/tr><tr><td>17.<\/td><td>&nbsp;<\/td><td>Presupuesto operativo para el AF 2013-2014<\/td><td><a href=\"https:\/\/archive.iai.int\/admin\/site\/sites\/default\/files\/iai-cop-21-budget-request-e.pdf\" target=\"_blank\" rel=\"noreferrer noopener\">ingl\u00e9s<\/a><\/td><\/tr><tr><td>&nbsp;<\/td><td>&nbsp;<\/td><td><em>Recepci\u00f3n de bienvenida a las 8pm<\/em><\/td><td>&nbsp;<\/td><\/tr><tr><td colspan=\"4\"><strong>Jueves 13 de junio, sesi\u00f3n matutina (09:00-12:30)<\/strong><\/td><\/tr><tr><td colspan=\"4\"><strong>Simposio: Acceso, asimilaci\u00f3n y uso de la informaci\u00f3n cient\u00edfica sobre cambio global.<br>Presentaciones: El camino hacia la toma de decisiones en la experiencia de tres proyectos sobre cambio global: salud p\u00fablica, indicadores de adaptaci\u00f3n al cambio global, ciudades y cambio global<\/strong><\/td><\/tr><tr><td colspan=\"4\"><strong>Jueves 13 de junio, sesi\u00f3n vespertina (14:00-18:00)<\/strong><\/td><\/tr><tr><td>18.<\/td><td>&nbsp;<\/td><td>Aprobaci\u00f3n de la Lista de acciones del d\u00eda 1<\/td><td>Sin documento<\/td><\/tr><tr><td>19.<\/td><td>&nbsp;<\/td><td>Aprobaci\u00f3n del presupuesto operativo y las contribuciones de los pa\u00edses para el AF 2013-2014<\/td><td>Sin documento<\/td><\/tr><tr><td>20.<\/td><td>&nbsp;<\/td><td>Aprobaci\u00f3n de temas provenientes del CE-35<\/td><td>Sin documento<\/td><\/tr><tr><td>21.<\/td><td>&nbsp;<\/td><td>Revisi\u00f3n de los items de la CoP para acci\u00f3n del CE-36<\/td><td>Sin documento<\/td><\/tr><tr><td>22.<\/td><td>&nbsp;<\/td><td>Sesi\u00f3n de donantes, contribuciones de los pa\u00edses:<br>\u2013 Programas y actividades de los proyectos<br>\u2013 Presupuesto operativo<\/td><td>Sin documento<\/td><\/tr><tr><td>23.<\/td><td>&nbsp;<\/td><td>Elecci\u00f3n de miembros del SAC<\/td><td>Sin documento<\/td><\/tr><tr><td>24.<\/td><td>&nbsp;<\/td><td>Other decisions arising<\/td><td>Sin documento<\/td><\/tr><tr><td>25.<\/td><td>&nbsp;<\/td><td>Futuras reuniones y lugares<\/td><td>Sin documento<\/td><\/tr><tr><td>26.<\/td><td>&nbsp;<\/td><td>Clausura<\/td><td>Sin documento<\/td><\/tr><\/tbody><\/table><\/figure>\n\n\n\n<p><strong>Decisiones adoptadas en la 21a reuni\u00f3n de la Conferencia de las Partes del Instituto Interamericano para la Investigaci\u00f3n del Cambio Global<\/strong><br><a href=\"https:\/\/archive.iai.int\/admin\/site\/sites\/default\/files\/LABELED_AL_CoP21_SP-corr.pdf\" target=\"_blank\" rel=\"noreferrer noopener\">espa\u00f1ol<\/a>\u00a0\u2013\u00a0<a href=\"https:\/\/archive.iai.int\/admin\/site\/sites\/default\/files\/LABELED_AL_CoP21_EN-corr.pdf\" target=\"_blank\" rel=\"noreferrer noopener\">ingl\u00e9s<\/a><\/p>\n\n\n\n<p><\/p>\n\n\n\n<p><strong>Lista de participantes de la 21a reuni\u00f3n de la Conferencia de las Partes del Instituto Interamericano para la Investigaci\u00f3n del Cambio Global<\/strong><br><a href=\"https:\/\/archive.iai.int\/admin\/site\/sites\/default\/files\/iai-cop-21-list-participants.pdf\" target=\"_blank\" rel=\"noreferrer noopener\">Clic aqu\u00ed<\/a><\/p>\n\n\n\n<p><\/p>\n\n\n\n<p><strong>Informe de la 21a reuni\u00f3n de la Conferencia de las Partes del Instituto Interamericano para la Investigaci\u00f3n del Cambio Global<\/strong><br><a href=\"https:\/\/archive.iai.int\/admin\/site\/sites\/default\/files\/iai-cop-21-report-s.pdf\" target=\"_blank\" rel=\"noreferrer noopener\">espa\u00f1ol<\/a>\u00a0\u2013\u00a0<a href=\"https:\/\/archive.iai.int\/admin\/site\/sites\/default\/files\/iai-cop-21-report-e.pdf\" target=\"_blank\" rel=\"noreferrer noopener\">ingl\u00e9s<\/a><\/p>\n\n\n\n<p><\/p>\n\n\n\n<div style=\"height:47px\" aria-hidden=\"true\" class=\"wp-block-spacer\"><\/div>\n\n\n\n<p><strong><a href=\"https:\/\/iai.int\/es\/reuniones-ec-y-cop\/\">Regresar a Reuniones EC y COP<\/a><\/strong><\/p>\n\n\n\n<div style=\"height:47px\" aria-hidden=\"true\" class=\"wp-block-spacer\"><\/div>\n","protected":false},"excerpt":{"rendered":"<p>12-13 de junio de 2013, Montevideo, Uruguay Agenda provisional 21a reuni\u00f3n de la Conferencia de las Partes (CoP-21) del IAI12-13 de junio de 2013, Montevideo, Uruguay TEMA DE AGENDA DOCUMENTO (PDF) Mi\u00e9rcoles 12 de junio, sesi\u00f3n matutina (9:00-12:30) &nbsp; &nbsp; Bienvenida a cargo de Uruguay Sin documento 1. &nbsp; Elecci\u00f3n de la Mesa Directiva de [&hellip;]<\/p>\n","protected":false},"author":9,"featured_media":12462,"parent":0,"menu_order":0,"comment_status":"closed","ping_status":"closed","template":"","meta":{"_acf_changed":false,"_uag_custom_page_level_css":"","footnotes":""},"class_list":["post-12677","page","type-page","status-publish","has-post-thumbnail","hentry"],"acf":[],"yoast_head":"<!-- This site is optimized with the Yoast SEO plugin v27.3 - https:\/\/yoast.com\/product\/yoast-seo-wordpress\/ -->\n<title>21a reuni\u00f3n de la Conferencia de las Partes - IAI - Inter-American Institute for Global Change Research<\/title>\n<meta name=\"robots\" content=\"index, follow, max-snippet:-1, max-image-preview:large, max-video-preview:-1\" \/>\n<link rel=\"canonical\" href=\"https:\/\/iai.int\/es\/21a-reunion-de-la-conferencia-de-las-partes\/\" \/>\n<meta property=\"og:locale\" content=\"es_ES\" \/>\n<meta property=\"og:type\" content=\"article\" \/>\n<meta property=\"og:title\" content=\"21a reuni\u00f3n de la Conferencia de las Partes - IAI - Inter-American Institute for Global Change Research\" \/>\n<meta property=\"og:description\" content=\"12-13 de junio de 2013, Montevideo, Uruguay Agenda provisional 21a reuni\u00f3n de la Conferencia de las Partes (CoP-21) del IAI12-13 de junio de 2013, Montevideo, Uruguay TEMA DE AGENDA DOCUMENTO (PDF) Mi\u00e9rcoles 12 de junio, sesi\u00f3n matutina (9:00-12:30) &nbsp; &nbsp; Bienvenida a cargo de Uruguay Sin documento 1. &nbsp; Elecci\u00f3n de la Mesa Directiva de [&hellip;]\" \/>\n<meta property=\"og:url\" content=\"https:\/\/iai.int\/es\/21a-reunion-de-la-conferencia-de-las-partes\/\" \/>\n<meta property=\"og:site_name\" content=\"IAI - Inter-American Institute for Global Change Research\" \/>\n<meta property=\"article:modified_time\" content=\"2026-01-15T17:19:30+00:00\" \/>\n<meta property=\"og:image\" content=\"https:\/\/iai.int\/wp-content\/uploads\/2026\/01\/14.png\" \/>\n\t<meta property=\"og:image:width\" content=\"1772\" \/>\n\t<meta property=\"og:image:height\" content=\"551\" \/>\n\t<meta property=\"og:image:type\" content=\"image\/png\" \/>\n<meta name=\"twitter:card\" content=\"summary_large_image\" \/>\n<meta name=\"twitter:label1\" content=\"Tiempo de lectura\" \/>\n\t<meta name=\"twitter:data1\" content=\"3 minutos\" \/>\n<script type=\"application\/ld+json\" class=\"yoast-schema-graph\">{\"@context\":\"https:\\\/\\\/schema.org\",\"@graph\":[{\"@type\":\"WebPage\",\"@id\":\"https:\\\/\\\/iai.int\\\/es\\\/21a-reunion-de-la-conferencia-de-las-partes\\\/\",\"url\":\"https:\\\/\\\/iai.int\\\/es\\\/21a-reunion-de-la-conferencia-de-las-partes\\\/\",\"name\":\"21a reuni\u00f3n de la Conferencia de las Partes - IAI - Inter-American Institute for Global Change Research\",\"isPartOf\":{\"@id\":\"https:\\\/\\\/iai.int\\\/es\\\/#website\"},\"primaryImageOfPage\":{\"@id\":\"https:\\\/\\\/iai.int\\\/es\\\/21a-reunion-de-la-conferencia-de-las-partes\\\/#primaryimage\"},\"image\":{\"@id\":\"https:\\\/\\\/iai.int\\\/es\\\/21a-reunion-de-la-conferencia-de-las-partes\\\/#primaryimage\"},\"thumbnailUrl\":\"https:\\\/\\\/iai.int\\\/wp-content\\\/uploads\\\/2026\\\/01\\\/14.png\",\"datePublished\":\"2026-01-07T22:53:08+00:00\",\"dateModified\":\"2026-01-15T17:19:30+00:00\",\"breadcrumb\":{\"@id\":\"https:\\\/\\\/iai.int\\\/es\\\/21a-reunion-de-la-conferencia-de-las-partes\\\/#breadcrumb\"},\"inLanguage\":\"es\",\"potentialAction\":[{\"@type\":\"ReadAction\",\"target\":[\"https:\\\/\\\/iai.int\\\/es\\\/21a-reunion-de-la-conferencia-de-las-partes\\\/\"]}]},{\"@type\":\"ImageObject\",\"inLanguage\":\"es\",\"@id\":\"https:\\\/\\\/iai.int\\\/es\\\/21a-reunion-de-la-conferencia-de-las-partes\\\/#primaryimage\",\"url\":\"https:\\\/\\\/iai.int\\\/wp-content\\\/uploads\\\/2026\\\/01\\\/14.png\",\"contentUrl\":\"https:\\\/\\\/iai.int\\\/wp-content\\\/uploads\\\/2026\\\/01\\\/14.png\",\"width\":1772,\"height\":551},{\"@type\":\"BreadcrumbList\",\"@id\":\"https:\\\/\\\/iai.int\\\/es\\\/21a-reunion-de-la-conferencia-de-las-partes\\\/#breadcrumb\",\"itemListElement\":[{\"@type\":\"ListItem\",\"position\":1,\"name\":\"Portada\",\"item\":\"https:\\\/\\\/iai.int\\\/es\\\/\"},{\"@type\":\"ListItem\",\"position\":2,\"name\":\"21a reuni\u00f3n de la Conferencia de las Partes\"}]},{\"@type\":\"WebSite\",\"@id\":\"https:\\\/\\\/iai.int\\\/es\\\/#website\",\"url\":\"https:\\\/\\\/iai.int\\\/es\\\/\",\"name\":\"IAI - Inter-American Institute for Global Change Research\",\"description\":\"\",\"publisher\":{\"@id\":\"https:\\\/\\\/iai.int\\\/es\\\/#organization\"},\"potentialAction\":[{\"@type\":\"SearchAction\",\"target\":{\"@type\":\"EntryPoint\",\"urlTemplate\":\"https:\\\/\\\/iai.int\\\/es\\\/?s={search_term_string}\"},\"query-input\":{\"@type\":\"PropertyValueSpecification\",\"valueRequired\":true,\"valueName\":\"search_term_string\"}}],\"inLanguage\":\"es\"},{\"@type\":\"Organization\",\"@id\":\"https:\\\/\\\/iai.int\\\/es\\\/#organization\",\"name\":\"IAI - Inter-American Institute for Global Change Research\",\"url\":\"https:\\\/\\\/iai.int\\\/es\\\/\",\"logo\":{\"@type\":\"ImageObject\",\"inLanguage\":\"es\",\"@id\":\"https:\\\/\\\/iai.int\\\/es\\\/#\\\/schema\\\/logo\\\/image\\\/\",\"url\":\"https:\\\/\\\/iai.int\\\/wp-content\\\/uploads\\\/2025\\\/11\\\/IAI-logo-English-scaled.png\",\"contentUrl\":\"https:\\\/\\\/iai.int\\\/wp-content\\\/uploads\\\/2025\\\/11\\\/IAI-logo-English-scaled.png\",\"width\":2560,\"height\":985,\"caption\":\"IAI - Inter-American Institute for Global Change Research\"},\"image\":{\"@id\":\"https:\\\/\\\/iai.int\\\/es\\\/#\\\/schema\\\/logo\\\/image\\\/\"}}]}<\/script>\n<!-- \/ Yoast SEO plugin. -->","yoast_head_json":{"title":"21a reuni\u00f3n de la Conferencia de las Partes - IAI - Inter-American Institute for Global Change Research","robots":{"index":"index","follow":"follow","max-snippet":"max-snippet:-1","max-image-preview":"max-image-preview:large","max-video-preview":"max-video-preview:-1"},"canonical":"https:\/\/iai.int\/es\/21a-reunion-de-la-conferencia-de-las-partes\/","og_locale":"es_ES","og_type":"article","og_title":"21a reuni\u00f3n de la Conferencia de las Partes - IAI - Inter-American Institute for Global Change Research","og_description":"12-13 de junio de 2013, Montevideo, Uruguay Agenda provisional 21a reuni\u00f3n de la Conferencia de las Partes (CoP-21) del IAI12-13 de junio de 2013, Montevideo, Uruguay TEMA DE AGENDA DOCUMENTO (PDF) Mi\u00e9rcoles 12 de junio, sesi\u00f3n matutina (9:00-12:30) &nbsp; &nbsp; Bienvenida a cargo de Uruguay Sin documento 1. &nbsp; Elecci\u00f3n de la Mesa Directiva de [&hellip;]","og_url":"https:\/\/iai.int\/es\/21a-reunion-de-la-conferencia-de-las-partes\/","og_site_name":"IAI - Inter-American Institute for Global Change Research","article_modified_time":"2026-01-15T17:19:30+00:00","og_image":[{"width":1772,"height":551,"url":"https:\/\/iai.int\/wp-content\/uploads\/2026\/01\/14.png","type":"image\/png"}],"twitter_card":"summary_large_image","twitter_misc":{"Tiempo de lectura":"3 minutos"},"schema":{"@context":"https:\/\/schema.org","@graph":[{"@type":"WebPage","@id":"https:\/\/iai.int\/es\/21a-reunion-de-la-conferencia-de-las-partes\/","url":"https:\/\/iai.int\/es\/21a-reunion-de-la-conferencia-de-las-partes\/","name":"21a reuni\u00f3n de la Conferencia de las Partes - IAI - Inter-American Institute for Global Change Research","isPartOf":{"@id":"https:\/\/iai.int\/es\/#website"},"primaryImageOfPage":{"@id":"https:\/\/iai.int\/es\/21a-reunion-de-la-conferencia-de-las-partes\/#primaryimage"},"image":{"@id":"https:\/\/iai.int\/es\/21a-reunion-de-la-conferencia-de-las-partes\/#primaryimage"},"thumbnailUrl":"https:\/\/iai.int\/wp-content\/uploads\/2026\/01\/14.png","datePublished":"2026-01-07T22:53:08+00:00","dateModified":"2026-01-15T17:19:30+00:00","breadcrumb":{"@id":"https:\/\/iai.int\/es\/21a-reunion-de-la-conferencia-de-las-partes\/#breadcrumb"},"inLanguage":"es","potentialAction":[{"@type":"ReadAction","target":["https:\/\/iai.int\/es\/21a-reunion-de-la-conferencia-de-las-partes\/"]}]},{"@type":"ImageObject","inLanguage":"es","@id":"https:\/\/iai.int\/es\/21a-reunion-de-la-conferencia-de-las-partes\/#primaryimage","url":"https:\/\/iai.int\/wp-content\/uploads\/2026\/01\/14.png","contentUrl":"https:\/\/iai.int\/wp-content\/uploads\/2026\/01\/14.png","width":1772,"height":551},{"@type":"BreadcrumbList","@id":"https:\/\/iai.int\/es\/21a-reunion-de-la-conferencia-de-las-partes\/#breadcrumb","itemListElement":[{"@type":"ListItem","position":1,"name":"Portada","item":"https:\/\/iai.int\/es\/"},{"@type":"ListItem","position":2,"name":"21a reuni\u00f3n de la Conferencia de las Partes"}]},{"@type":"WebSite","@id":"https:\/\/iai.int\/es\/#website","url":"https:\/\/iai.int\/es\/","name":"IAI - Inter-American Institute for Global Change Research","description":"","publisher":{"@id":"https:\/\/iai.int\/es\/#organization"},"potentialAction":[{"@type":"SearchAction","target":{"@type":"EntryPoint","urlTemplate":"https:\/\/iai.int\/es\/?s={search_term_string}"},"query-input":{"@type":"PropertyValueSpecification","valueRequired":true,"valueName":"search_term_string"}}],"inLanguage":"es"},{"@type":"Organization","@id":"https:\/\/iai.int\/es\/#organization","name":"IAI - Inter-American Institute for Global Change Research","url":"https:\/\/iai.int\/es\/","logo":{"@type":"ImageObject","inLanguage":"es","@id":"https:\/\/iai.int\/es\/#\/schema\/logo\/image\/","url":"https:\/\/iai.int\/wp-content\/uploads\/2025\/11\/IAI-logo-English-scaled.png","contentUrl":"https:\/\/iai.int\/wp-content\/uploads\/2025\/11\/IAI-logo-English-scaled.png","width":2560,"height":985,"caption":"IAI - Inter-American Institute for Global Change Research"},"image":{"@id":"https:\/\/iai.int\/es\/#\/schema\/logo\/image\/"}}]}},"uagb_featured_image_src":{"full":["https:\/\/iai.int\/wp-content\/uploads\/2026\/01\/14.png",1772,551,false],"thumbnail":["https:\/\/iai.int\/wp-content\/uploads\/2026\/01\/14-150x150.png",150,150,true],"medium":["https:\/\/iai.int\/wp-content\/uploads\/2026\/01\/14-300x93.png",300,93,true],"medium_large":["https:\/\/iai.int\/wp-content\/uploads\/2026\/01\/14-768x239.png",768,239,true],"large":["https:\/\/iai.int\/wp-content\/uploads\/2026\/01\/14-1024x318.png",800,248,true],"1536x1536":["https:\/\/iai.int\/wp-content\/uploads\/2026\/01\/14-1536x478.png",1536,478,true],"2048x2048":["https:\/\/iai.int\/wp-content\/uploads\/2026\/01\/14.png",1772,551,false]},"uagb_author_info":{"display_name":"IAI Communication","author_link":"https:\/\/iai.int\/es\/author\/iai-communication\/"},"uagb_comment_info":0,"uagb_excerpt":"12-13 de junio de 2013, Montevideo, Uruguay Agenda provisional 21a reuni\u00f3n de la Conferencia de las Partes (CoP-21) del IAI12-13 de junio de 2013, Montevideo, Uruguay TEMA DE AGENDA DOCUMENTO (PDF) Mi\u00e9rcoles 12 de junio, sesi\u00f3n matutina (9:00-12:30) &nbsp; &nbsp; Bienvenida a cargo de Uruguay Sin documento 1. &nbsp; Elecci\u00f3n de la Mesa Directiva de&hellip;","_links":{"self":[{"href":"https:\/\/iai.int\/es\/wp-json\/wp\/v2\/pages\/12677","targetHints":{"allow":["GET"]}}],"collection":[{"href":"https:\/\/iai.int\/es\/wp-json\/wp\/v2\/pages"}],"about":[{"href":"https:\/\/iai.int\/es\/wp-json\/wp\/v2\/types\/page"}],"author":[{"embeddable":true,"href":"https:\/\/iai.int\/es\/wp-json\/wp\/v2\/users\/9"}],"replies":[{"embeddable":true,"href":"https:\/\/iai.int\/es\/wp-json\/wp\/v2\/comments?post=12677"}],"version-history":[{"count":2,"href":"https:\/\/iai.int\/es\/wp-json\/wp\/v2\/pages\/12677\/revisions"}],"predecessor-version":[{"id":13627,"href":"https:\/\/iai.int\/es\/wp-json\/wp\/v2\/pages\/12677\/revisions\/13627"}],"wp:featuredmedia":[{"embeddable":true,"href":"https:\/\/iai.int\/es\/wp-json\/wp\/v2\/media\/12462"}],"wp:attachment":[{"href":"https:\/\/iai.int\/es\/wp-json\/wp\/v2\/media?parent=12677"}],"curies":[{"name":"wp","href":"https:\/\/api.w.org\/{rel}","templated":true}]}}