{"id":12668,"date":"2026-01-07T17:31:14","date_gmt":"2026-01-07T22:31:14","guid":{"rendered":"https:\/\/iai.int\/?page_id=12668"},"modified":"2026-01-15T12:06:48","modified_gmt":"2026-01-15T17:06:48","slug":"37a-reunion-del-consejo-ejecutivo","status":"publish","type":"page","link":"https:\/\/iai.int\/es\/37a-reunion-del-consejo-ejecutivo\/","title":{"rendered":"37a reuni\u00f3n del Consejo Ejecutivo"},"content":{"rendered":"\n<h2 class=\"wp-block-heading\">12 de agosto de 2014, Ciudad de M\u00e9xico, M\u00e9xico<\/h2>\n\n\n\n<p><\/p>\n\n\n\n<h4 class=\"wp-block-heading\">Agenda provisional<\/h4>\n\n\n\n<figure class=\"wp-block-table\"><table><tbody><tr><th class=\"has-text-align-left\" data-align=\"left\" colspan=\"2\">TEMA DE AGENDA<\/th><th class=\"has-text-align-left\" data-align=\"left\">DOCUMENTO (PDF)<\/th><\/tr><tr><td colspan=\"3\"><strong>Martes 12 de agosto, sesi\u00f3n matutina (9:00-12:30)<\/strong><\/td><\/tr><tr><td>&nbsp;<\/td><td>Bienvenida a cargo de la Representaci\u00f3n de M\u00e9xico<\/td><td>Sin documento<\/td><\/tr><tr><td>&nbsp;<\/td><td>Bienvenida a cargo del Presidente de la Mesa Directiva del CE<\/td><td>Sin documento<\/td><\/tr><tr><td>1.\u2002<\/td><td>Aprobaci\u00f3n de la agenda<\/td><td><a href=\"https:\/\/archive.iai.int\/admin\/site\/sites\/default\/files\/iai-ec-37-agenda-s.pdf\" target=\"_blank\" rel=\"noreferrer noopener\">espa\u00f1ol<\/a>&nbsp;\u2013&nbsp;<a href=\"https:\/\/archive.iai.int\/admin\/site\/sites\/default\/files\/iai-ec-37-agenda-e.pdf\" target=\"_blank\" rel=\"noreferrer noopener\">ingl\u00e9s<\/a><\/td><\/tr><tr><td>2.\u2002<\/td><td>Aprobaci\u00f3n de los informes de las 35\u00aa y 36\u00aa reuniones del CE<\/td><td>CE-35<br><a href=\"https:\/\/archive.iai.int\/admin\/site\/sites\/default\/files\/iai-ec-35-report-s.pdf\" target=\"_blank\" rel=\"noreferrer noopener\">espa\u00f1ol<\/a>&nbsp;\u2013&nbsp;<a href=\"https:\/\/archive.iai.int\/admin\/site\/sites\/default\/files\/iai-ec-35-report-e.pdf\" target=\"_blank\" rel=\"noreferrer noopener\">ingl\u00e9s<\/a><br>CE-36<br><a href=\"https:\/\/archive.iai.int\/admin\/site\/sites\/default\/files\/iai-ec-36-report-s.pdf\" target=\"_blank\" rel=\"noreferrer noopener\">espa\u00f1ol<\/a>&nbsp;\u2013&nbsp;<a href=\"https:\/\/archive.iai.int\/admin\/site\/sites\/default\/files\/iai-ec-36-report-e.pdf\" target=\"_blank\" rel=\"noreferrer noopener\">ingl\u00e9s<\/a><\/td><\/tr><tr><td>3.\u2002<\/td><td>Discusi\u00f3n sobre la renovaci\u00f3n del SAC y establecimiento de un comit\u00e9 para<br>recomendar candidatos para la elecci\u00f3n de SAC<\/td><td>Sin documento<\/td><\/tr><tr><td>4.\u2002<\/td><td>Report of the Executive Council<br>\u2003a. Actividades encomendadas al CE y su Mesa Directiva<br>\u2003b. Actividades, acciones y decisiones de la Mesa Directiva del CE o sus miembros<\/td><td>Sin documento<\/td><\/tr><tr><td>5.\u2002<\/td><td>Avances hacia el establecimiento del Comit\u00e9 Asesor Ciencia-Pol\u00edtica<\/td><td>Sin documento<\/td><\/tr><tr><td>6.\u2002<\/td><td>Visi\u00f3n general de la situaci\u00f3n financiera del AF 2013-2014<\/td><td><a href=\"https:\/\/archive.iai.int\/admin\/site\/sites\/default\/files\/iai-ec-37-financial-report-s.pdf\" target=\"_blank\" rel=\"noreferrer noopener\">espa\u00f1ol<\/a>&nbsp;\u2013&nbsp;<a href=\"https:\/\/archive.iai.int\/admin\/site\/sites\/default\/files\/iai-ec-37-financial-report-e.pdf\" target=\"_blank\" rel=\"noreferrer noopener\">ingl\u00e9s<\/a><\/td><\/tr><tr><td>7.\u2002<\/td><td>Presupuesto Operativo y Contribuciones de los pa\u00edses miembros para el AF 2014-2015<\/td><td><a href=\"https:\/\/archive.iai.int\/admin\/site\/sites\/default\/files\/iai-cop-22-budget-request-s.pdf\" target=\"_blank\" rel=\"noreferrer noopener\">espa\u00f1ol<\/a>&nbsp;\u2013&nbsp;<a href=\"https:\/\/archive.iai.int\/admin\/site\/sites\/default\/files\/iai-cop-22-budget-request-e.pdf\" target=\"_blank\" rel=\"noreferrer noopener\">ingl\u00e9s<\/a><\/td><\/tr><tr><td>8.\u2002<\/td><td>Informe del Comit\u00e9 Financiero y Administrativo<\/td><td><a href=\"https:\/\/archive.iai.int\/admin\/site\/sites\/default\/files\/iai-ec-37-fac-report-e.pdf\" target=\"_blank\" rel=\"noreferrer noopener\">ingl\u00e9s<\/a><\/td><\/tr><tr><td>9.\u2002<\/td><td>Discusi\u00f3n: fortalecer actividades y financiamiento de los paises miembros en el IAI<br>Comentarios y discusiones generales sobre finanzas<\/td><td>Sin documento<\/td><\/tr><tr><td>10.\u2002<\/td><td>Recepci\u00f3n del Informe de Auditor\u00eda y aprobaci\u00f3n del Informe de Estados Financieros,<br>temas o cuestiones financieras a ser elevados a la CoP<\/td><td><a href=\"https:\/\/archive.iai.int\/admin\/site\/sites\/default\/files\/iai-ec-37-auditors-report-e.pdf\" target=\"_blank\" rel=\"noreferrer noopener\">ingl\u00e9s<\/a><\/td><\/tr><tr><td>11.\u2002<\/td><td>Informe sobre la Implementaci\u00f3n del Acuerdo Tripartito<\/td><td><a href=\"https:\/\/archive.iai.int\/admin\/site\/sites\/default\/files\/iai-cop-22-tripartite-comm-report-s.pdf\" target=\"_blank\" rel=\"noreferrer noopener\">espa\u00f1ol<\/a>&nbsp;\u2013&nbsp;<a href=\"https:\/\/archive.iai.int\/admin\/site\/sites\/default\/files\/iai-cop-22-tripartite-comm-report-e.pdf\" target=\"_blank\" rel=\"noreferrer noopener\">ingl\u00e9s<\/a><\/td><\/tr><tr><td colspan=\"3\"><strong>Martes 12 de agosto, sesi\u00f3n vespertina (14:00-18:00)<\/strong><\/td><\/tr><tr><td>12.\u2002<\/td><td>Informe sobre la Ciencia y Capacitaci\u00f3n<\/td><td>Sin documento<\/td><\/tr><tr><td>13.\u2002<\/td><td>Iniciativas con convenciones y organizaciones internacionales<\/td><td>Sin documento<\/td><\/tr><tr><td>14.\u2002<\/td><td>Presentaci\u00f3n de las Reglas del CE y de la CoP<\/td><td>Sin documento<\/td><\/tr><tr><td>15.\u2002<\/td><td>Informe de la comisi\u00f3n para recomendar candidatos para la elecci\u00f3n de miembros del SAC<br>\u2013 recomendaci\u00f3n para la CoP<\/td><td>Sin documento<\/td><\/tr><tr><td>16.\u2002<\/td><td>Aprobaci\u00f3n de los temas a ser elevados a la CoP<\/td><td>Sin documento<\/td><\/tr><tr><td>17.<\/td><td>Clausura<\/td><td>Sin documento<\/td><\/tr><\/tbody><\/table><\/figure>\n\n\n\n<p><strong>Decisiones adoptadas en la 37a reuni\u00f3n del Consejo Ejecutivo del Instituto Interamericano para la Investigaci\u00f3n del Cambio Global<\/strong><br><a href=\"https:\/\/archive.iai.int\/admin\/site\/sites\/default\/files\/uploads\/decisions-EC_37_SP.pdf\">espa\u00f1ol<\/a>\u00a0\u2013\u00a0<a href=\"https:\/\/archive.iai.int\/admin\/site\/sites\/default\/files\/decisions-EC_37.pdf\" target=\"_blank\" rel=\"noreferrer noopener\">ingl\u00e9s<\/a><\/p>\n\n\n\n<p><strong>Lista de participantes de la 37a reuni\u00f3n del Consejo Ejecutivo del Instituto Interamericano para la Investigaci\u00f3n del Cambio Global<\/strong><br><a href=\"https:\/\/archive.iai.int\/admin\/site\/sites\/default\/files\/iai-ec-37-list-participants.pdf\" target=\"_blank\" rel=\"noreferrer noopener\">Clic aqu\u00ed<\/a><\/p>\n\n\n\n<p><strong>Informe de la 37a reuni\u00f3n del Consejo Ejecutivo del Instituto Interamericano para la Investigaci\u00f3n del Cambio Global<\/strong><br><a href=\"https:\/\/archive.iai.int\/admin\/site\/sites\/default\/files\/iai-ec-37-report-s.pdf\" target=\"_blank\" rel=\"noreferrer noopener\">espa\u00f1ol<\/a>\u00a0\u2013\u00a0<a href=\"https:\/\/archive.iai.int\/admin\/site\/sites\/default\/files\/iai-ec-37-report-e.pdf\" target=\"_blank\" rel=\"noreferrer noopener\">ingl\u00e9s<\/a><\/p>\n\n\n\n<div style=\"height:46px\" aria-hidden=\"true\" class=\"wp-block-spacer\"><\/div>\n\n\n\n<p><strong><a href=\"https:\/\/iai.int\/es\/reuniones-ec-y-cop\/\">Regresar a Reuniones EC y COP<\/a><\/strong><br><br><\/p>\n\n\n\n<div style=\"height:46px\" aria-hidden=\"true\" class=\"wp-block-spacer\"><\/div>\n","protected":false},"excerpt":{"rendered":"<p>12 de agosto de 2014, Ciudad de M\u00e9xico, M\u00e9xico Agenda provisional TEMA DE AGENDA DOCUMENTO (PDF) Martes 12 de agosto, sesi\u00f3n matutina (9:00-12:30) &nbsp; Bienvenida a cargo de la Representaci\u00f3n de M\u00e9xico Sin documento &nbsp; Bienvenida a cargo del Presidente de la Mesa Directiva del CE Sin documento 1.\u2002 Aprobaci\u00f3n de la agenda espa\u00f1ol&nbsp;\u2013&nbsp;ingl\u00e9s 2.\u2002 [&hellip;]<\/p>\n","protected":false},"author":9,"featured_media":12462,"parent":0,"menu_order":0,"comment_status":"closed","ping_status":"closed","template":"","meta":{"_acf_changed":false,"_uag_custom_page_level_css":"","footnotes":""},"class_list":["post-12668","page","type-page","status-publish","has-post-thumbnail","hentry"],"acf":[],"yoast_head":"<!-- This site is optimized with the Yoast SEO plugin v27.3 - https:\/\/yoast.com\/product\/yoast-seo-wordpress\/ -->\n<title>37a reuni\u00f3n del Consejo Ejecutivo - IAI - Inter-American Institute for Global Change Research<\/title>\n<meta name=\"robots\" content=\"index, follow, max-snippet:-1, max-image-preview:large, max-video-preview:-1\" \/>\n<link rel=\"canonical\" href=\"https:\/\/iai.int\/es\/37a-reunion-del-consejo-ejecutivo\/\" \/>\n<meta property=\"og:locale\" content=\"es_ES\" \/>\n<meta property=\"og:type\" content=\"article\" \/>\n<meta property=\"og:title\" content=\"37a reuni\u00f3n del Consejo Ejecutivo - IAI - Inter-American Institute for Global Change Research\" \/>\n<meta property=\"og:description\" content=\"12 de agosto de 2014, Ciudad de M\u00e9xico, M\u00e9xico Agenda provisional TEMA DE AGENDA DOCUMENTO (PDF) Martes 12 de agosto, sesi\u00f3n matutina (9:00-12:30) &nbsp; Bienvenida a cargo de la Representaci\u00f3n de M\u00e9xico Sin documento &nbsp; Bienvenida a cargo del Presidente de la Mesa Directiva del CE Sin documento 1.\u2002 Aprobaci\u00f3n de la agenda espa\u00f1ol&nbsp;\u2013&nbsp;ingl\u00e9s 2.\u2002 [&hellip;]\" \/>\n<meta property=\"og:url\" content=\"https:\/\/iai.int\/es\/37a-reunion-del-consejo-ejecutivo\/\" \/>\n<meta property=\"og:site_name\" content=\"IAI - Inter-American Institute for Global Change Research\" \/>\n<meta property=\"article:modified_time\" content=\"2026-01-15T17:06:48+00:00\" \/>\n<meta property=\"og:image\" content=\"https:\/\/iai.int\/wp-content\/uploads\/2026\/01\/14.png\" \/>\n\t<meta property=\"og:image:width\" content=\"1772\" \/>\n\t<meta property=\"og:image:height\" content=\"551\" \/>\n\t<meta property=\"og:image:type\" content=\"image\/png\" \/>\n<meta name=\"twitter:card\" content=\"summary_large_image\" \/>\n<meta name=\"twitter:label1\" content=\"Tiempo de lectura\" \/>\n\t<meta name=\"twitter:data1\" content=\"2 minutos\" \/>\n<script type=\"application\/ld+json\" class=\"yoast-schema-graph\">{\"@context\":\"https:\\\/\\\/schema.org\",\"@graph\":[{\"@type\":\"WebPage\",\"@id\":\"https:\\\/\\\/iai.int\\\/es\\\/37a-reunion-del-consejo-ejecutivo\\\/\",\"url\":\"https:\\\/\\\/iai.int\\\/es\\\/37a-reunion-del-consejo-ejecutivo\\\/\",\"name\":\"37a reuni\u00f3n del Consejo Ejecutivo - IAI - Inter-American Institute for Global Change Research\",\"isPartOf\":{\"@id\":\"https:\\\/\\\/iai.int\\\/es\\\/#website\"},\"primaryImageOfPage\":{\"@id\":\"https:\\\/\\\/iai.int\\\/es\\\/37a-reunion-del-consejo-ejecutivo\\\/#primaryimage\"},\"image\":{\"@id\":\"https:\\\/\\\/iai.int\\\/es\\\/37a-reunion-del-consejo-ejecutivo\\\/#primaryimage\"},\"thumbnailUrl\":\"https:\\\/\\\/iai.int\\\/wp-content\\\/uploads\\\/2026\\\/01\\\/14.png\",\"datePublished\":\"2026-01-07T22:31:14+00:00\",\"dateModified\":\"2026-01-15T17:06:48+00:00\",\"breadcrumb\":{\"@id\":\"https:\\\/\\\/iai.int\\\/es\\\/37a-reunion-del-consejo-ejecutivo\\\/#breadcrumb\"},\"inLanguage\":\"es\",\"potentialAction\":[{\"@type\":\"ReadAction\",\"target\":[\"https:\\\/\\\/iai.int\\\/es\\\/37a-reunion-del-consejo-ejecutivo\\\/\"]}]},{\"@type\":\"ImageObject\",\"inLanguage\":\"es\",\"@id\":\"https:\\\/\\\/iai.int\\\/es\\\/37a-reunion-del-consejo-ejecutivo\\\/#primaryimage\",\"url\":\"https:\\\/\\\/iai.int\\\/wp-content\\\/uploads\\\/2026\\\/01\\\/14.png\",\"contentUrl\":\"https:\\\/\\\/iai.int\\\/wp-content\\\/uploads\\\/2026\\\/01\\\/14.png\",\"width\":1772,\"height\":551},{\"@type\":\"BreadcrumbList\",\"@id\":\"https:\\\/\\\/iai.int\\\/es\\\/37a-reunion-del-consejo-ejecutivo\\\/#breadcrumb\",\"itemListElement\":[{\"@type\":\"ListItem\",\"position\":1,\"name\":\"Portada\",\"item\":\"https:\\\/\\\/iai.int\\\/es\\\/\"},{\"@type\":\"ListItem\",\"position\":2,\"name\":\"37a reuni\u00f3n del Consejo Ejecutivo\"}]},{\"@type\":\"WebSite\",\"@id\":\"https:\\\/\\\/iai.int\\\/es\\\/#website\",\"url\":\"https:\\\/\\\/iai.int\\\/es\\\/\",\"name\":\"IAI - Inter-American Institute for Global Change Research\",\"description\":\"\",\"publisher\":{\"@id\":\"https:\\\/\\\/iai.int\\\/es\\\/#organization\"},\"potentialAction\":[{\"@type\":\"SearchAction\",\"target\":{\"@type\":\"EntryPoint\",\"urlTemplate\":\"https:\\\/\\\/iai.int\\\/es\\\/?s={search_term_string}\"},\"query-input\":{\"@type\":\"PropertyValueSpecification\",\"valueRequired\":true,\"valueName\":\"search_term_string\"}}],\"inLanguage\":\"es\"},{\"@type\":\"Organization\",\"@id\":\"https:\\\/\\\/iai.int\\\/es\\\/#organization\",\"name\":\"IAI - Inter-American Institute for Global Change Research\",\"url\":\"https:\\\/\\\/iai.int\\\/es\\\/\",\"logo\":{\"@type\":\"ImageObject\",\"inLanguage\":\"es\",\"@id\":\"https:\\\/\\\/iai.int\\\/es\\\/#\\\/schema\\\/logo\\\/image\\\/\",\"url\":\"https:\\\/\\\/iai.int\\\/wp-content\\\/uploads\\\/2025\\\/11\\\/IAI-logo-English-scaled.png\",\"contentUrl\":\"https:\\\/\\\/iai.int\\\/wp-content\\\/uploads\\\/2025\\\/11\\\/IAI-logo-English-scaled.png\",\"width\":2560,\"height\":985,\"caption\":\"IAI - Inter-American Institute for Global Change Research\"},\"image\":{\"@id\":\"https:\\\/\\\/iai.int\\\/es\\\/#\\\/schema\\\/logo\\\/image\\\/\"}}]}<\/script>\n<!-- \/ Yoast SEO plugin. -->","yoast_head_json":{"title":"37a reuni\u00f3n del Consejo Ejecutivo - IAI - Inter-American Institute for Global Change Research","robots":{"index":"index","follow":"follow","max-snippet":"max-snippet:-1","max-image-preview":"max-image-preview:large","max-video-preview":"max-video-preview:-1"},"canonical":"https:\/\/iai.int\/es\/37a-reunion-del-consejo-ejecutivo\/","og_locale":"es_ES","og_type":"article","og_title":"37a reuni\u00f3n del Consejo Ejecutivo - IAI - Inter-American Institute for Global Change Research","og_description":"12 de agosto de 2014, Ciudad de M\u00e9xico, M\u00e9xico Agenda provisional TEMA DE AGENDA DOCUMENTO (PDF) Martes 12 de agosto, sesi\u00f3n matutina (9:00-12:30) &nbsp; Bienvenida a cargo de la Representaci\u00f3n de M\u00e9xico Sin documento &nbsp; Bienvenida a cargo del Presidente de la Mesa Directiva del CE Sin documento 1.\u2002 Aprobaci\u00f3n de la agenda espa\u00f1ol&nbsp;\u2013&nbsp;ingl\u00e9s 2.\u2002 [&hellip;]","og_url":"https:\/\/iai.int\/es\/37a-reunion-del-consejo-ejecutivo\/","og_site_name":"IAI - Inter-American Institute for Global Change Research","article_modified_time":"2026-01-15T17:06:48+00:00","og_image":[{"width":1772,"height":551,"url":"https:\/\/iai.int\/wp-content\/uploads\/2026\/01\/14.png","type":"image\/png"}],"twitter_card":"summary_large_image","twitter_misc":{"Tiempo de lectura":"2 minutos"},"schema":{"@context":"https:\/\/schema.org","@graph":[{"@type":"WebPage","@id":"https:\/\/iai.int\/es\/37a-reunion-del-consejo-ejecutivo\/","url":"https:\/\/iai.int\/es\/37a-reunion-del-consejo-ejecutivo\/","name":"37a reuni\u00f3n del Consejo Ejecutivo - IAI - Inter-American Institute for Global Change Research","isPartOf":{"@id":"https:\/\/iai.int\/es\/#website"},"primaryImageOfPage":{"@id":"https:\/\/iai.int\/es\/37a-reunion-del-consejo-ejecutivo\/#primaryimage"},"image":{"@id":"https:\/\/iai.int\/es\/37a-reunion-del-consejo-ejecutivo\/#primaryimage"},"thumbnailUrl":"https:\/\/iai.int\/wp-content\/uploads\/2026\/01\/14.png","datePublished":"2026-01-07T22:31:14+00:00","dateModified":"2026-01-15T17:06:48+00:00","breadcrumb":{"@id":"https:\/\/iai.int\/es\/37a-reunion-del-consejo-ejecutivo\/#breadcrumb"},"inLanguage":"es","potentialAction":[{"@type":"ReadAction","target":["https:\/\/iai.int\/es\/37a-reunion-del-consejo-ejecutivo\/"]}]},{"@type":"ImageObject","inLanguage":"es","@id":"https:\/\/iai.int\/es\/37a-reunion-del-consejo-ejecutivo\/#primaryimage","url":"https:\/\/iai.int\/wp-content\/uploads\/2026\/01\/14.png","contentUrl":"https:\/\/iai.int\/wp-content\/uploads\/2026\/01\/14.png","width":1772,"height":551},{"@type":"BreadcrumbList","@id":"https:\/\/iai.int\/es\/37a-reunion-del-consejo-ejecutivo\/#breadcrumb","itemListElement":[{"@type":"ListItem","position":1,"name":"Portada","item":"https:\/\/iai.int\/es\/"},{"@type":"ListItem","position":2,"name":"37a reuni\u00f3n del Consejo Ejecutivo"}]},{"@type":"WebSite","@id":"https:\/\/iai.int\/es\/#website","url":"https:\/\/iai.int\/es\/","name":"IAI - Inter-American Institute for Global Change Research","description":"","publisher":{"@id":"https:\/\/iai.int\/es\/#organization"},"potentialAction":[{"@type":"SearchAction","target":{"@type":"EntryPoint","urlTemplate":"https:\/\/iai.int\/es\/?s={search_term_string}"},"query-input":{"@type":"PropertyValueSpecification","valueRequired":true,"valueName":"search_term_string"}}],"inLanguage":"es"},{"@type":"Organization","@id":"https:\/\/iai.int\/es\/#organization","name":"IAI - Inter-American Institute for Global Change Research","url":"https:\/\/iai.int\/es\/","logo":{"@type":"ImageObject","inLanguage":"es","@id":"https:\/\/iai.int\/es\/#\/schema\/logo\/image\/","url":"https:\/\/iai.int\/wp-content\/uploads\/2025\/11\/IAI-logo-English-scaled.png","contentUrl":"https:\/\/iai.int\/wp-content\/uploads\/2025\/11\/IAI-logo-English-scaled.png","width":2560,"height":985,"caption":"IAI - Inter-American Institute for Global Change Research"},"image":{"@id":"https:\/\/iai.int\/es\/#\/schema\/logo\/image\/"}}]}},"uagb_featured_image_src":{"full":["https:\/\/iai.int\/wp-content\/uploads\/2026\/01\/14.png",1772,551,false],"thumbnail":["https:\/\/iai.int\/wp-content\/uploads\/2026\/01\/14-150x150.png",150,150,true],"medium":["https:\/\/iai.int\/wp-content\/uploads\/2026\/01\/14-300x93.png",300,93,true],"medium_large":["https:\/\/iai.int\/wp-content\/uploads\/2026\/01\/14-768x239.png",768,239,true],"large":["https:\/\/iai.int\/wp-content\/uploads\/2026\/01\/14-1024x318.png",800,248,true],"1536x1536":["https:\/\/iai.int\/wp-content\/uploads\/2026\/01\/14-1536x478.png",1536,478,true],"2048x2048":["https:\/\/iai.int\/wp-content\/uploads\/2026\/01\/14.png",1772,551,false]},"uagb_author_info":{"display_name":"IAI Communication","author_link":"https:\/\/iai.int\/es\/author\/iai-communication\/"},"uagb_comment_info":0,"uagb_excerpt":"12 de agosto de 2014, Ciudad de M\u00e9xico, M\u00e9xico Agenda provisional TEMA DE AGENDA DOCUMENTO (PDF) Martes 12 de agosto, sesi\u00f3n matutina (9:00-12:30) &nbsp; Bienvenida a cargo de la Representaci\u00f3n de M\u00e9xico Sin documento &nbsp; Bienvenida a cargo del Presidente de la Mesa Directiva del CE Sin documento 1.\u2002 Aprobaci\u00f3n de la agenda espa\u00f1ol&nbsp;\u2013&nbsp;ingl\u00e9s 2.\u2002&hellip;","_links":{"self":[{"href":"https:\/\/iai.int\/es\/wp-json\/wp\/v2\/pages\/12668","targetHints":{"allow":["GET"]}}],"collection":[{"href":"https:\/\/iai.int\/es\/wp-json\/wp\/v2\/pages"}],"about":[{"href":"https:\/\/iai.int\/es\/wp-json\/wp\/v2\/types\/page"}],"author":[{"embeddable":true,"href":"https:\/\/iai.int\/es\/wp-json\/wp\/v2\/users\/9"}],"replies":[{"embeddable":true,"href":"https:\/\/iai.int\/es\/wp-json\/wp\/v2\/comments?post=12668"}],"version-history":[{"count":2,"href":"https:\/\/iai.int\/es\/wp-json\/wp\/v2\/pages\/12668\/revisions"}],"predecessor-version":[{"id":13610,"href":"https:\/\/iai.int\/es\/wp-json\/wp\/v2\/pages\/12668\/revisions\/13610"}],"wp:featuredmedia":[{"embeddable":true,"href":"https:\/\/iai.int\/es\/wp-json\/wp\/v2\/media\/12462"}],"wp:attachment":[{"href":"https:\/\/iai.int\/es\/wp-json\/wp\/v2\/media?parent=12668"}],"curies":[{"name":"wp","href":"https:\/\/api.w.org\/{rel}","templated":true}]}}