{"id":12613,"date":"2026-01-07T16:50:58","date_gmt":"2026-01-07T21:50:58","guid":{"rendered":"https:\/\/iai.int\/?page_id=12613"},"modified":"2026-01-13T13:25:22","modified_gmt":"2026-01-13T18:25:22","slug":"2a-reunion-conjunta-del-comite-asesor-cientifico-y-del-comite-asesor-en-ciencia-y-politicas","status":"publish","type":"page","link":"https:\/\/iai.int\/es\/2a-reunion-conjunta-del-comite-asesor-cientifico-y-del-comite-asesor-en-ciencia-y-politicas\/","title":{"rendered":"2a reuni\u00f3n conjunta del Comit\u00e9 Asesor Cient\u00edfico y del Comit\u00e9 Asesor en Ciencia y Pol\u00edticas"},"content":{"rendered":"\n<h3 class=\"wp-block-heading\">18 de junio de 2018, Antigua, Guatemala<\/h3>\n\n\n\n<p><\/p>\n\n\n\n<h2 class=\"wp-block-heading\">Agenda y documentos de trabajo<\/h2>\n\n\n\n<p><\/p>\n\n\n\n<h4 class=\"wp-block-heading\">Agenda Provisional<\/h4>\n\n\n\n<figure class=\"wp-block-table\"><table><tbody><tr><th class=\"has-text-align-left\" data-align=\"left\" colspan=\"2\">Tema de Agenda<\/th><th class=\"has-text-align-left\" data-align=\"left\">Documento (PDF)<\/th><\/tr><tr><td colspan=\"3\"><strong>Sesi\u00f3n matutina (09:00-13:00)<\/strong><\/td><\/tr><tr><td>&nbsp;<\/td><td>Bienvenida a cargo de los Presidentes del SAC y el SPAC<\/td><td>Sin documento<\/td><\/tr><tr><td>&nbsp;<\/td><td>Discursos inaugurales del Presidente del SAC, el Presidente del SPAC y el Director Ejecutivo<\/td><td>Sin documento<\/td><\/tr><tr><td>1.<\/td><td>Presentaci\u00f3n de los miembros<\/td><td>Sin documento<\/td><\/tr><tr><td>2.<\/td><td>Aprobaci\u00f3n de la agenda<\/td><td>IAI\/SAC-SPAC\/2<br>(<a href=\"https:\/\/archive.iai.int\/admin\/site\/sites\/default\/files\/uploads\/IAI-SAC-SPAC-2-s.pdf\" target=\"_blank\" rel=\"noreferrer noopener\">espa\u00f1ol<\/a>&nbsp;\u2013&nbsp;<a href=\"https:\/\/archive.iai.int\/admin\/site\/sites\/default\/files\/uploads\/IAI-SAC-SPAC-2-e.pdf\" target=\"_blank\" rel=\"noreferrer noopener\">ingl\u00e9s<\/a>)<\/td><\/tr><tr><td>3.<\/td><td>Resumen a cargo del Presidente del SAC de las actividades vinculadas al Programa de Peque\u00f1os Subsidios<\/td><td>IAI\/SAC-SPAC\/info<\/td><\/tr><tr><td>4.<\/td><td>Presentaci\u00f3n de las propuestas recomendadas del SGP<\/td><td>Sin documento<\/td><\/tr><tr><td>5.<\/td><td>Resumen de las actividades del SAC (revisi\u00f3n de las actividades vinculadas con las recomendaciones surgidas en la 1a Reuni\u00f3n conjunta del SAC-SPAC)<\/td><td>IAI\/COP\/26\/8<\/td><\/tr><tr><td>6.<\/td><td>Resumen de las actividades del SPAC (revisi\u00f3n de las actividades vinculadas con las recomendaciones surgidas en la 1a Reuni\u00f3n conjunta del SAC-SPAC)<\/td><td>IAI\/COP\/26\/9<\/td><\/tr><tr><td>&nbsp;<\/td><td colspan=\"2\"><strong>Sesi\u00f3n vespertina (14:00-16:00)<\/strong><\/td><\/tr><tr><td>7.<\/td><td>La funci\u00f3n del SPAC, el SAC y mejoras en la coordinaci\u00f3n y colaboraci\u00f3n<\/td><td>IAI\/COP\/26\/8<br>IAI\/COP\/26\/9<\/td><\/tr><tr><td>8.<\/td><td>Ampliaci\u00f3n de las actividades en la regi\u00f3n de Am\u00e9rica Central y el Caribe<\/td><td>Sin documento<\/td><\/tr><tr><td>9.<\/td><td>Fortalecimiento del papel de los investigadores en el proceso de formulaci\u00f3n de pol\u00edticas<\/td><td>Sin documento<\/td><\/tr><tr><td>10.<\/td><td>Nuevas \u00e1reas posibles de investigaci\u00f3n del cambio global con miras al CRN4<\/td><td>Sin documento<\/td><\/tr><tr><td>11.<\/td><td>Otros temas<\/td><td>Sin documento<\/td><\/tr><tr><td>12.<\/td><td>Clausura de la reuni\u00f3n<\/td><td>Sin documento<\/td><\/tr><\/tbody><\/table><\/figure>\n\n\n\n<p><\/p>\n\n\n\n<h2 class=\"wp-block-heading\">Participantes<\/h2>\n\n\n\n<p><strong>Lista de participantes de la 2a Reuni\u00f3n conjunta SAC-SPAC<\/strong><br><a href=\"https:\/\/archive.iai.int\/admin\/site\/sites\/default\/files\/uploads\/List-of-Participants_SAC-SPAC.pdf\" target=\"_blank\" rel=\"noreferrer noopener\">Clique aqu\u00ed<\/a><\/p>\n\n\n\n<p><\/p>\n\n\n\n<div style=\"height:44px\" aria-hidden=\"true\" class=\"wp-block-spacer\"><\/div>\n\n\n\n<p><strong><a href=\"https:\/\/iai.int\/es\/reuniones-ec-y-cop\/\">Regresar a Reuniones EC y COP<\/a><\/strong><\/p>\n\n\n\n<div style=\"height:44px\" aria-hidden=\"true\" class=\"wp-block-spacer\"><\/div>\n","protected":false},"excerpt":{"rendered":"<p>18 de junio de 2018, Antigua, Guatemala Agenda y documentos de trabajo Agenda Provisional Tema de Agenda Documento (PDF) Sesi\u00f3n matutina (09:00-13:00) &nbsp; Bienvenida a cargo de los Presidentes del SAC y el SPAC Sin documento &nbsp; Discursos inaugurales del Presidente del SAC, el Presidente del SPAC y el Director Ejecutivo Sin documento 1. Presentaci\u00f3n [&hellip;]<\/p>\n","protected":false},"author":9,"featured_media":12462,"parent":0,"menu_order":0,"comment_status":"closed","ping_status":"closed","template":"","meta":{"_acf_changed":false,"_uag_custom_page_level_css":"","footnotes":""},"class_list":["post-12613","page","type-page","status-publish","has-post-thumbnail","hentry"],"acf":[],"yoast_head":"<!-- This site is optimized with the Yoast SEO plugin v27.3 - https:\/\/yoast.com\/product\/yoast-seo-wordpress\/ -->\n<title>2a reuni\u00f3n conjunta del Comit\u00e9 Asesor Cient\u00edfico y del Comit\u00e9 Asesor en Ciencia y Pol\u00edticas - IAI - Inter-American Institute for Global Change Research<\/title>\n<meta name=\"robots\" content=\"index, follow, max-snippet:-1, max-image-preview:large, max-video-preview:-1\" \/>\n<link rel=\"canonical\" href=\"https:\/\/iai.int\/es\/2a-reunion-conjunta-del-comite-asesor-cientifico-y-del-comite-asesor-en-ciencia-y-politicas\/\" \/>\n<meta property=\"og:locale\" content=\"es_ES\" \/>\n<meta property=\"og:type\" content=\"article\" \/>\n<meta property=\"og:title\" content=\"2a reuni\u00f3n conjunta del Comit\u00e9 Asesor Cient\u00edfico y del Comit\u00e9 Asesor en Ciencia y Pol\u00edticas - IAI - Inter-American Institute for Global Change Research\" \/>\n<meta property=\"og:description\" content=\"18 de junio de 2018, Antigua, Guatemala Agenda y documentos de trabajo Agenda Provisional Tema de Agenda Documento (PDF) Sesi\u00f3n matutina (09:00-13:00) &nbsp; Bienvenida a cargo de los Presidentes del SAC y el SPAC Sin documento &nbsp; Discursos inaugurales del Presidente del SAC, el Presidente del SPAC y el Director Ejecutivo Sin documento 1. Presentaci\u00f3n [&hellip;]\" \/>\n<meta property=\"og:url\" content=\"https:\/\/iai.int\/es\/2a-reunion-conjunta-del-comite-asesor-cientifico-y-del-comite-asesor-en-ciencia-y-politicas\/\" \/>\n<meta property=\"og:site_name\" content=\"IAI - Inter-American Institute for Global Change Research\" \/>\n<meta property=\"article:modified_time\" content=\"2026-01-13T18:25:22+00:00\" \/>\n<meta property=\"og:image\" content=\"https:\/\/iai.int\/wp-content\/uploads\/2026\/01\/14.png\" \/>\n\t<meta property=\"og:image:width\" content=\"1772\" \/>\n\t<meta property=\"og:image:height\" content=\"551\" \/>\n\t<meta property=\"og:image:type\" content=\"image\/png\" \/>\n<meta name=\"twitter:card\" content=\"summary_large_image\" \/>\n<meta name=\"twitter:label1\" content=\"Tiempo de lectura\" \/>\n\t<meta name=\"twitter:data1\" content=\"1 minuto\" \/>\n<script type=\"application\/ld+json\" class=\"yoast-schema-graph\">{\"@context\":\"https:\\\/\\\/schema.org\",\"@graph\":[{\"@type\":\"WebPage\",\"@id\":\"https:\\\/\\\/iai.int\\\/es\\\/2a-reunion-conjunta-del-comite-asesor-cientifico-y-del-comite-asesor-en-ciencia-y-politicas\\\/\",\"url\":\"https:\\\/\\\/iai.int\\\/es\\\/2a-reunion-conjunta-del-comite-asesor-cientifico-y-del-comite-asesor-en-ciencia-y-politicas\\\/\",\"name\":\"2a reuni\u00f3n conjunta del Comit\u00e9 Asesor Cient\u00edfico y del Comit\u00e9 Asesor en Ciencia y Pol\u00edticas - IAI - Inter-American Institute for Global Change Research\",\"isPartOf\":{\"@id\":\"https:\\\/\\\/iai.int\\\/es\\\/#website\"},\"primaryImageOfPage\":{\"@id\":\"https:\\\/\\\/iai.int\\\/es\\\/2a-reunion-conjunta-del-comite-asesor-cientifico-y-del-comite-asesor-en-ciencia-y-politicas\\\/#primaryimage\"},\"image\":{\"@id\":\"https:\\\/\\\/iai.int\\\/es\\\/2a-reunion-conjunta-del-comite-asesor-cientifico-y-del-comite-asesor-en-ciencia-y-politicas\\\/#primaryimage\"},\"thumbnailUrl\":\"https:\\\/\\\/iai.int\\\/wp-content\\\/uploads\\\/2026\\\/01\\\/14.png\",\"datePublished\":\"2026-01-07T21:50:58+00:00\",\"dateModified\":\"2026-01-13T18:25:22+00:00\",\"breadcrumb\":{\"@id\":\"https:\\\/\\\/iai.int\\\/es\\\/2a-reunion-conjunta-del-comite-asesor-cientifico-y-del-comite-asesor-en-ciencia-y-politicas\\\/#breadcrumb\"},\"inLanguage\":\"es\",\"potentialAction\":[{\"@type\":\"ReadAction\",\"target\":[\"https:\\\/\\\/iai.int\\\/es\\\/2a-reunion-conjunta-del-comite-asesor-cientifico-y-del-comite-asesor-en-ciencia-y-politicas\\\/\"]}]},{\"@type\":\"ImageObject\",\"inLanguage\":\"es\",\"@id\":\"https:\\\/\\\/iai.int\\\/es\\\/2a-reunion-conjunta-del-comite-asesor-cientifico-y-del-comite-asesor-en-ciencia-y-politicas\\\/#primaryimage\",\"url\":\"https:\\\/\\\/iai.int\\\/wp-content\\\/uploads\\\/2026\\\/01\\\/14.png\",\"contentUrl\":\"https:\\\/\\\/iai.int\\\/wp-content\\\/uploads\\\/2026\\\/01\\\/14.png\",\"width\":1772,\"height\":551},{\"@type\":\"BreadcrumbList\",\"@id\":\"https:\\\/\\\/iai.int\\\/es\\\/2a-reunion-conjunta-del-comite-asesor-cientifico-y-del-comite-asesor-en-ciencia-y-politicas\\\/#breadcrumb\",\"itemListElement\":[{\"@type\":\"ListItem\",\"position\":1,\"name\":\"Portada\",\"item\":\"https:\\\/\\\/iai.int\\\/es\\\/\"},{\"@type\":\"ListItem\",\"position\":2,\"name\":\"2a reuni\u00f3n conjunta del Comit\u00e9 Asesor Cient\u00edfico y del Comit\u00e9 Asesor en Ciencia y Pol\u00edticas\"}]},{\"@type\":\"WebSite\",\"@id\":\"https:\\\/\\\/iai.int\\\/es\\\/#website\",\"url\":\"https:\\\/\\\/iai.int\\\/es\\\/\",\"name\":\"IAI - Inter-American Institute for Global Change Research\",\"description\":\"\",\"publisher\":{\"@id\":\"https:\\\/\\\/iai.int\\\/es\\\/#organization\"},\"potentialAction\":[{\"@type\":\"SearchAction\",\"target\":{\"@type\":\"EntryPoint\",\"urlTemplate\":\"https:\\\/\\\/iai.int\\\/es\\\/?s={search_term_string}\"},\"query-input\":{\"@type\":\"PropertyValueSpecification\",\"valueRequired\":true,\"valueName\":\"search_term_string\"}}],\"inLanguage\":\"es\"},{\"@type\":\"Organization\",\"@id\":\"https:\\\/\\\/iai.int\\\/es\\\/#organization\",\"name\":\"IAI - Inter-American Institute for Global Change Research\",\"url\":\"https:\\\/\\\/iai.int\\\/es\\\/\",\"logo\":{\"@type\":\"ImageObject\",\"inLanguage\":\"es\",\"@id\":\"https:\\\/\\\/iai.int\\\/es\\\/#\\\/schema\\\/logo\\\/image\\\/\",\"url\":\"https:\\\/\\\/iai.int\\\/wp-content\\\/uploads\\\/2025\\\/11\\\/IAI-logo-English-scaled.png\",\"contentUrl\":\"https:\\\/\\\/iai.int\\\/wp-content\\\/uploads\\\/2025\\\/11\\\/IAI-logo-English-scaled.png\",\"width\":2560,\"height\":985,\"caption\":\"IAI - Inter-American Institute for Global Change Research\"},\"image\":{\"@id\":\"https:\\\/\\\/iai.int\\\/es\\\/#\\\/schema\\\/logo\\\/image\\\/\"}}]}<\/script>\n<!-- \/ Yoast SEO plugin. -->","yoast_head_json":{"title":"2a reuni\u00f3n conjunta del Comit\u00e9 Asesor Cient\u00edfico y del Comit\u00e9 Asesor en Ciencia y Pol\u00edticas - IAI - Inter-American Institute for Global Change Research","robots":{"index":"index","follow":"follow","max-snippet":"max-snippet:-1","max-image-preview":"max-image-preview:large","max-video-preview":"max-video-preview:-1"},"canonical":"https:\/\/iai.int\/es\/2a-reunion-conjunta-del-comite-asesor-cientifico-y-del-comite-asesor-en-ciencia-y-politicas\/","og_locale":"es_ES","og_type":"article","og_title":"2a reuni\u00f3n conjunta del Comit\u00e9 Asesor Cient\u00edfico y del Comit\u00e9 Asesor en Ciencia y Pol\u00edticas - IAI - Inter-American Institute for Global Change Research","og_description":"18 de junio de 2018, Antigua, Guatemala Agenda y documentos de trabajo Agenda Provisional Tema de Agenda Documento (PDF) Sesi\u00f3n matutina (09:00-13:00) &nbsp; Bienvenida a cargo de los Presidentes del SAC y el SPAC Sin documento &nbsp; Discursos inaugurales del Presidente del SAC, el Presidente del SPAC y el Director Ejecutivo Sin documento 1. Presentaci\u00f3n [&hellip;]","og_url":"https:\/\/iai.int\/es\/2a-reunion-conjunta-del-comite-asesor-cientifico-y-del-comite-asesor-en-ciencia-y-politicas\/","og_site_name":"IAI - Inter-American Institute for Global Change Research","article_modified_time":"2026-01-13T18:25:22+00:00","og_image":[{"width":1772,"height":551,"url":"https:\/\/iai.int\/wp-content\/uploads\/2026\/01\/14.png","type":"image\/png"}],"twitter_card":"summary_large_image","twitter_misc":{"Tiempo de lectura":"1 minuto"},"schema":{"@context":"https:\/\/schema.org","@graph":[{"@type":"WebPage","@id":"https:\/\/iai.int\/es\/2a-reunion-conjunta-del-comite-asesor-cientifico-y-del-comite-asesor-en-ciencia-y-politicas\/","url":"https:\/\/iai.int\/es\/2a-reunion-conjunta-del-comite-asesor-cientifico-y-del-comite-asesor-en-ciencia-y-politicas\/","name":"2a reuni\u00f3n conjunta del Comit\u00e9 Asesor Cient\u00edfico y del Comit\u00e9 Asesor en Ciencia y Pol\u00edticas - IAI - Inter-American Institute for Global Change Research","isPartOf":{"@id":"https:\/\/iai.int\/es\/#website"},"primaryImageOfPage":{"@id":"https:\/\/iai.int\/es\/2a-reunion-conjunta-del-comite-asesor-cientifico-y-del-comite-asesor-en-ciencia-y-politicas\/#primaryimage"},"image":{"@id":"https:\/\/iai.int\/es\/2a-reunion-conjunta-del-comite-asesor-cientifico-y-del-comite-asesor-en-ciencia-y-politicas\/#primaryimage"},"thumbnailUrl":"https:\/\/iai.int\/wp-content\/uploads\/2026\/01\/14.png","datePublished":"2026-01-07T21:50:58+00:00","dateModified":"2026-01-13T18:25:22+00:00","breadcrumb":{"@id":"https:\/\/iai.int\/es\/2a-reunion-conjunta-del-comite-asesor-cientifico-y-del-comite-asesor-en-ciencia-y-politicas\/#breadcrumb"},"inLanguage":"es","potentialAction":[{"@type":"ReadAction","target":["https:\/\/iai.int\/es\/2a-reunion-conjunta-del-comite-asesor-cientifico-y-del-comite-asesor-en-ciencia-y-politicas\/"]}]},{"@type":"ImageObject","inLanguage":"es","@id":"https:\/\/iai.int\/es\/2a-reunion-conjunta-del-comite-asesor-cientifico-y-del-comite-asesor-en-ciencia-y-politicas\/#primaryimage","url":"https:\/\/iai.int\/wp-content\/uploads\/2026\/01\/14.png","contentUrl":"https:\/\/iai.int\/wp-content\/uploads\/2026\/01\/14.png","width":1772,"height":551},{"@type":"BreadcrumbList","@id":"https:\/\/iai.int\/es\/2a-reunion-conjunta-del-comite-asesor-cientifico-y-del-comite-asesor-en-ciencia-y-politicas\/#breadcrumb","itemListElement":[{"@type":"ListItem","position":1,"name":"Portada","item":"https:\/\/iai.int\/es\/"},{"@type":"ListItem","position":2,"name":"2a reuni\u00f3n conjunta del Comit\u00e9 Asesor Cient\u00edfico y del Comit\u00e9 Asesor en Ciencia y Pol\u00edticas"}]},{"@type":"WebSite","@id":"https:\/\/iai.int\/es\/#website","url":"https:\/\/iai.int\/es\/","name":"IAI - Inter-American Institute for Global Change Research","description":"","publisher":{"@id":"https:\/\/iai.int\/es\/#organization"},"potentialAction":[{"@type":"SearchAction","target":{"@type":"EntryPoint","urlTemplate":"https:\/\/iai.int\/es\/?s={search_term_string}"},"query-input":{"@type":"PropertyValueSpecification","valueRequired":true,"valueName":"search_term_string"}}],"inLanguage":"es"},{"@type":"Organization","@id":"https:\/\/iai.int\/es\/#organization","name":"IAI - Inter-American Institute for Global Change Research","url":"https:\/\/iai.int\/es\/","logo":{"@type":"ImageObject","inLanguage":"es","@id":"https:\/\/iai.int\/es\/#\/schema\/logo\/image\/","url":"https:\/\/iai.int\/wp-content\/uploads\/2025\/11\/IAI-logo-English-scaled.png","contentUrl":"https:\/\/iai.int\/wp-content\/uploads\/2025\/11\/IAI-logo-English-scaled.png","width":2560,"height":985,"caption":"IAI - Inter-American Institute for Global Change Research"},"image":{"@id":"https:\/\/iai.int\/es\/#\/schema\/logo\/image\/"}}]}},"uagb_featured_image_src":{"full":["https:\/\/iai.int\/wp-content\/uploads\/2026\/01\/14.png",1772,551,false],"thumbnail":["https:\/\/iai.int\/wp-content\/uploads\/2026\/01\/14-150x150.png",150,150,true],"medium":["https:\/\/iai.int\/wp-content\/uploads\/2026\/01\/14-300x93.png",300,93,true],"medium_large":["https:\/\/iai.int\/wp-content\/uploads\/2026\/01\/14-768x239.png",768,239,true],"large":["https:\/\/iai.int\/wp-content\/uploads\/2026\/01\/14-1024x318.png",800,248,true],"1536x1536":["https:\/\/iai.int\/wp-content\/uploads\/2026\/01\/14-1536x478.png",1536,478,true],"2048x2048":["https:\/\/iai.int\/wp-content\/uploads\/2026\/01\/14.png",1772,551,false]},"uagb_author_info":{"display_name":"IAI Communication","author_link":"https:\/\/iai.int\/es\/author\/iai-communication\/"},"uagb_comment_info":0,"uagb_excerpt":"18 de junio de 2018, Antigua, Guatemala Agenda y documentos de trabajo Agenda Provisional Tema de Agenda Documento (PDF) Sesi\u00f3n matutina (09:00-13:00) &nbsp; Bienvenida a cargo de los Presidentes del SAC y el SPAC Sin documento &nbsp; Discursos inaugurales del Presidente del SAC, el Presidente del SPAC y el Director Ejecutivo Sin documento 1. Presentaci\u00f3n&hellip;","_links":{"self":[{"href":"https:\/\/iai.int\/es\/wp-json\/wp\/v2\/pages\/12613","targetHints":{"allow":["GET"]}}],"collection":[{"href":"https:\/\/iai.int\/es\/wp-json\/wp\/v2\/pages"}],"about":[{"href":"https:\/\/iai.int\/es\/wp-json\/wp\/v2\/types\/page"}],"author":[{"embeddable":true,"href":"https:\/\/iai.int\/es\/wp-json\/wp\/v2\/users\/9"}],"replies":[{"embeddable":true,"href":"https:\/\/iai.int\/es\/wp-json\/wp\/v2\/comments?post=12613"}],"version-history":[{"count":3,"href":"https:\/\/iai.int\/es\/wp-json\/wp\/v2\/pages\/12613\/revisions"}],"predecessor-version":[{"id":13280,"href":"https:\/\/iai.int\/es\/wp-json\/wp\/v2\/pages\/12613\/revisions\/13280"}],"wp:featuredmedia":[{"embeddable":true,"href":"https:\/\/iai.int\/es\/wp-json\/wp\/v2\/media\/12462"}],"wp:attachment":[{"href":"https:\/\/iai.int\/es\/wp-json\/wp\/v2\/media?parent=12613"}],"curies":[{"name":"wp","href":"https:\/\/api.w.org\/{rel}","templated":true}]}}