{"id":12611,"date":"2026-01-07T16:49:23","date_gmt":"2026-01-07T21:49:23","guid":{"rendered":"https:\/\/iai.int\/?page_id=12611"},"modified":"2026-01-13T13:24:44","modified_gmt":"2026-01-13T18:24:44","slug":"45a-reunion-del-consejo-ejecutivo","status":"publish","type":"page","link":"https:\/\/iai.int\/es\/45a-reunion-del-consejo-ejecutivo\/","title":{"rendered":"45a reuni\u00f3n del Consejo Ejecutivo"},"content":{"rendered":"\n<h3 class=\"wp-block-heading\">19 de junio de 2018, Antigua, Guatemala<\/h3>\n\n\n\n<p><\/p>\n\n\n\n<h2 class=\"wp-block-heading\">Agenda y documentos de trabajo<\/h2>\n\n\n\n<p><strong>Informe de la reuni\u00f3n<\/strong><br><a href=\"https:\/\/archive.iai.int\/admin\/site\/sites\/default\/files\/uploads\/ec-45-fnrpt-s.pdf\" target=\"_blank\" rel=\"noreferrer noopener\">espa\u00f1ol<\/a>&nbsp;\u2013&nbsp;<a href=\"https:\/\/archive.iai.int\/admin\/site\/sites\/default\/files\/uploads\/ec-45-fnrpt-e.pdf\" target=\"_blank\" rel=\"noreferrer noopener\">ingl\u00e9s<\/a><br>&nbsp;<\/p>\n\n\n\n<h4 class=\"wp-block-heading\">Agenda Provisional<\/h4>\n\n\n\n<figure class=\"wp-block-table\"><table><tbody><tr><th class=\"has-text-align-left\" data-align=\"left\" colspan=\"2\">Tema de Agenda<\/th><th class=\"has-text-align-left\" data-align=\"left\">Documento (PDF)<\/th><\/tr><tr><td colspan=\"3\"><strong>Martes 19 de junio, sesi\u00f3n matutina (9:00-10:30)<\/strong><\/td><\/tr><tr><td>&nbsp;<\/td><td>Bienvenida a cargo del representante de Guatemala<\/td><td>Sin documento<\/td><\/tr><tr><td>&nbsp;<\/td><td>Bienvenida a cargo de la Presidenta del Consejo Ejecutivo<\/td><td>Sin documento<\/td><\/tr><tr><td>1.\u2002<\/td><td>Aprobaci\u00f3n de la agenda<\/td><td>IAI\/EC\/45\/1<br><a href=\"https:\/\/archive.iai.int\/admin\/site\/sites\/default\/files\/uploads\/iai-ec-45-1-s.pdf\" target=\"_blank\" rel=\"noreferrer noopener\">espa\u00f1ol<\/a>&nbsp;\u2013&nbsp;<a href=\"https:\/\/archive.iai.int\/admin\/site\/sites\/default\/files\/uploads\/iai-ec-45-1-e.pdf\" target=\"_blank\" rel=\"noreferrer noopener\">ingl\u00e9s<\/a><\/td><\/tr><tr><td colspan=\"2\"><strong>Taller de Ciencia-Pol\u00edticas (10:30 \u2013 16:15)<\/strong><\/td><td>IAI\/COP26\/SPW\/1<br><a href=\"https:\/\/archive.iai.int\/admin\/site\/sites\/default\/files\/uploads\/iai-cop-26-spw-1-s.pdf\" target=\"_blank\" rel=\"noreferrer noopener\">espa\u00f1ol<\/a>&nbsp;\u2013&nbsp;<a href=\"https:\/\/archive.iai.int\/admin\/site\/sites\/default\/files\/uploads\/iai-cop-26-spw-1-e.pdf\" target=\"_blank\" rel=\"noreferrer noopener\">ingl\u00e9s<\/a><\/td><\/tr><tr><td colspan=\"3\"><strong>Martes 19 de junio, sesi\u00f3n vespertina (16:30-17:30)<\/strong><\/td><\/tr><tr><td>2.\u2002<\/td><td>Aprobaci\u00f3n de los Informes de las 43a y 44a reuniones del CE<\/td><td>IAI\/EC\/45\/2<br><a href=\"https:\/\/archive.iai.int\/admin\/site\/sites\/default\/files\/uploads\/iai-ec-45-2-s.pdf\" target=\"_blank\" rel=\"noreferrer noopener\">espa\u00f1ol<\/a>&nbsp;\u2013&nbsp;<a href=\"https:\/\/archive.iai.int\/admin\/site\/sites\/default\/files\/uploads\/iai-ec-45-2-e.pdf\" target=\"_blank\" rel=\"noreferrer noopener\">ingl\u00e9s<\/a><\/td><\/tr><tr><td>3.\u2002<\/td><td>Creaci\u00f3n de la comisi\u00f3n para recomendar candidatos para las elecciones<br>del Comit\u00e9 Asesor Cient\u00edfico (SAC), el segundo d\u00eda de la CoP-26<\/td><td>IAI\/EC\/45\/3<br><a href=\"https:\/\/archive.iai.int\/admin\/site\/sites\/default\/files\/uploads\/iai-ec-45-3-s.pdf\" target=\"_blank\" rel=\"noreferrer noopener\">espa\u00f1ol<\/a>&nbsp;\u2013&nbsp;<a href=\"https:\/\/archive.iai.int\/admin\/site\/sites\/default\/files\/uploads\/iai-ec-45-3-e.pdf\" target=\"_blank\" rel=\"noreferrer noopener\">ingl\u00e9s<\/a><\/td><\/tr><tr><td>4.\u2002<\/td><td>Creaci\u00f3n de la comisi\u00f3n para recomendar candidatos para las elecciones<br>del Comit\u00e9 Asesor en Ciencia y Pol\u00edticas (SPAC), el segundo d\u00eda de la CoP-26<\/td><td>IAI\/EC\/45\/4<br><a href=\"https:\/\/archive.iai.int\/admin\/site\/sites\/default\/files\/uploads\/iai-ec-45-4-s.pdf\" target=\"_blank\" rel=\"noreferrer noopener\">espa\u00f1ol<\/a>&nbsp;\u2013&nbsp;<a href=\"https:\/\/archive.iai.int\/admin\/site\/sites\/default\/files\/uploads\/iai-ec-45-4-e.pdf\" target=\"_blank\" rel=\"noreferrer noopener\">ingl\u00e9s<\/a><\/td><\/tr><tr><td>5.\u2002<\/td><td>Informe del Consejo Ejecutivo<br>\u2003a. Actividades encargadas al CE y su Mesa Directiva<br>\u2003b. Actividades, acciones y decisiones de la Mesa Directiva del CE o sus miembros<\/td><td>IAI\/EC\/45\/5<br><a href=\"https:\/\/archive.iai.int\/admin\/site\/sites\/default\/files\/uploads\/iai-ec-45-5-s.pdf\" target=\"_blank\" rel=\"noreferrer noopener\">espa\u00f1ol<\/a>&nbsp;\u2013&nbsp;<a href=\"https:\/\/archive.iai.int\/admin\/site\/sites\/default\/files\/uploads\/iai-ec-45-5-e.pdf\" target=\"_blank\" rel=\"noreferrer noopener\">ingl\u00e9s<\/a><\/td><\/tr><tr><td>6.\u2002<\/td><td>Informe del Comit\u00e9 Financiero y Administrativo<\/td><td>IAI\/EC\/45\/6<br><a href=\"https:\/\/archive.iai.int\/admin\/site\/sites\/default\/files\/uploads\/iai-ec-45-6-s.pdf\" target=\"_blank\" rel=\"noreferrer noopener\">espa\u00f1ol<\/a>&nbsp;\u2013&nbsp;<a href=\"https:\/\/archive.iai.int\/admin\/site\/sites\/default\/files\/uploads\/iai-ec-45-6-e.pdf\" target=\"_blank\" rel=\"noreferrer noopener\">ingl\u00e9s<\/a><\/td><\/tr><tr><td>7.\u2002<\/td><td>Informe de auditor\u00eda y aprobaci\u00f3n del Informe sobre el Estado Financiero.<br>Temas financieros a ser elevados a la CoP-26<\/td><td>IAI\/EC\/45\/7<br><a href=\"https:\/\/archive.iai.int\/admin\/site\/sites\/default\/files\/uploads\/iai-ec-45-7-s.pdf\" target=\"_blank\" rel=\"noreferrer noopener\">espa\u00f1ol<\/a>&nbsp;\u2013&nbsp;<a href=\"https:\/\/archive.iai.int\/admin\/site\/sites\/default\/files\/uploads\/iai-ec-45-7-e.pdf\" target=\"_blank\" rel=\"noreferrer noopener\">ingl\u00e9s<\/a><\/td><\/tr><tr><td>8.\u2002<\/td><td>Aprobaci\u00f3n de los temas a ser elevados a la CoP-26<\/td><td>IAI\/EC\/45\/8<\/td><\/tr><tr><td>9.<\/td><td>Discursos de clausura (Gobierno Anfitri\u00f3n, Partes, Observadores, Direcci\u00f3n Ejecutiva del IAI)<\/td><td>Sin documento<\/td><\/tr><\/tbody><\/table><\/figure>\n\n\n\n<p><\/p>\n\n\n\n<h2 class=\"wp-block-heading\">Documentos informativos<\/h2>\n\n\n\n<p>Reglamento del Consejo Ejecutivo del IAI (aprobado, junio 2013 y editado en 2014) (<a href=\"https:\/\/archive.iai.int\/admin\/site\/sites\/default\/files\/uploads\/ec-rules_approved-2013_final-format-1.pdf\" target=\"_blank\" rel=\"noreferrer noopener\">ingl\u00e9s<\/a>&nbsp;\u2013&nbsp;<a href=\"https:\/\/archive.iai.int\/admin\/site\/sites\/default\/files\/uploads\/EC-Rules_approved-2013_SP-translation-format1.pdf\" target=\"_blank\" rel=\"noreferrer noopener\">espa\u00f1ol<\/a>)<\/p>\n\n\n\n<p><\/p>\n\n\n\n<h2 class=\"wp-block-heading\">Decisiones<\/h2>\n\n\n\n<h4 class=\"wp-block-heading\">Decisiones adoptadas en la 45a Reuni\u00f3n del Consejo Ejecutivo<\/h4>\n\n\n\n<p><a href=\"https:\/\/archive.iai.int\/admin\/site\/sites\/default\/files\/uploads\/EC-45-dec-s.pdf\" target=\"_blank\" rel=\"noreferrer noopener\">espa\u00f1ol<\/a>&nbsp;\u2013&nbsp;<a href=\"https:\/\/archive.iai.int\/admin\/site\/sites\/default\/files\/uploads\/EC-45-dec-e.pdf\" target=\"_blank\" rel=\"noreferrer noopener\">ingl\u00e9s<\/a><\/p>\n\n\n\n<p><\/p>\n\n\n\n<h2 class=\"wp-block-heading\">Log\u00edstica<\/h2>\n\n\n\n<p>La 26a reuni\u00f3n de la Conferencia de las Partes (COP-26) y las reuniones del Consejo Ejecutivo del IAI se celebrar\u00e1n desde el 19 al 22 de junio de 2018, en La Antigua Guatemala, Hotel Soleil La Antigua, Sala Zunil.<\/p>\n\n\n\n<p>El hotel se encuentra en la 9 Calle Poniente, Carretera a Ciudad Vieja.<\/p>\n\n\n\n<p>Este documento contiene informaci\u00f3n sobre alojamiento, transporte y otras informaciones \u00fatiles para su viaje a La Antigua.<\/p>\n\n\n\n<p><a href=\"https:\/\/archive.iai.int\/admin\/site\/sites\/default\/files\/uploads\/iai-cop-26-logistica-s.pdf\" target=\"_blank\" rel=\"noreferrer noopener\">Cliquee aqu\u00ed<\/a>&nbsp;o sobre la imagen a la izquierda para abrir el documento.<\/p>\n\n\n\n<p><\/p>\n\n\n\n<h2 class=\"wp-block-heading\">Participantes<\/h2>\n\n\n\n<p><strong>Lista de participantes del CE-45<\/strong><br><a href=\"https:\/\/archive.iai.int\/admin\/site\/sites\/default\/files\/uploads\/List-of-Participants_EC-45.pdf\" target=\"_blank\" rel=\"noreferrer noopener\">Clique aqu\u00ed<\/a><\/p>\n\n\n\n<p><\/p>\n\n\n\n<h2 class=\"wp-block-heading\">Informe final<\/h2>\n\n\n\n<p><strong>Informe de la 45 reuni\u00f3n del Consejo Ejecutivo del<br>Instituto Interamericano para la Investigaci\u00f3n del Cambio Global<\/strong>&nbsp;(<a href=\"https:\/\/archive.iai.int\/admin\/site\/sites\/default\/files\/uploads\/ec-45-fnrpt-s.pdf\" target=\"_blank\" rel=\"noreferrer noopener\">IAI\/EC\/45\/FNRP<\/a>)<\/p>\n\n\n\n<p><strong>Informe del 2o Taller de Ciencia y Pol\u00edticas del IAI<\/strong>&nbsp;(<a href=\"https:\/\/archive.iai.int\/admin\/site\/sites\/default\/files\/uploads\/iai-cop26-spw-fnrpt-s.pdf\" target=\"_blank\" rel=\"noreferrer noopener\">IAI\/COP\/26\/SPW\/FNRPT<\/a>)<\/p>\n\n\n\n<p><em>Comunicaci\u00f3n del Consejo Nacional de Ciencia y Tecnolog\u00eda (CONCYT) de Guatemala acerca de la erupci\u00f3n volc\u00e1nica, 5 de junio de 2018\u00a0<\/em><a href=\"https:\/\/archive.iai.int\/admin\/site\/sites\/default\/files\/SKM_C3850180605164400.pdf\"><em>espa\u00f1ol<\/em><\/a><\/p>\n\n\n\n<p><\/p>\n\n\n\n<div style=\"height:41px\" aria-hidden=\"true\" class=\"wp-block-spacer\"><\/div>\n\n\n\n<p><strong><a href=\"https:\/\/iai.int\/es\/reuniones-ec-y-cop\/\">Regresar a Reuniones EC y COP<\/a><\/strong><\/p>\n\n\n\n<div style=\"height:41px\" aria-hidden=\"true\" class=\"wp-block-spacer\"><\/div>\n","protected":false},"excerpt":{"rendered":"<p>19 de junio de 2018, Antigua, Guatemala Agenda y documentos de trabajo Informe de la reuni\u00f3nespa\u00f1ol&nbsp;\u2013&nbsp;ingl\u00e9s&nbsp; Agenda Provisional Tema de Agenda Documento (PDF) Martes 19 de junio, sesi\u00f3n matutina (9:00-10:30) &nbsp; Bienvenida a cargo del representante de Guatemala Sin documento &nbsp; Bienvenida a cargo de la Presidenta del Consejo Ejecutivo Sin documento 1.\u2002 Aprobaci\u00f3n de [&hellip;]<\/p>\n","protected":false},"author":9,"featured_media":12462,"parent":0,"menu_order":0,"comment_status":"closed","ping_status":"closed","template":"","meta":{"_acf_changed":false,"_uag_custom_page_level_css":"","footnotes":""},"class_list":["post-12611","page","type-page","status-publish","has-post-thumbnail","hentry"],"acf":[],"yoast_head":"<!-- This site is optimized with the Yoast SEO plugin v27.3 - https:\/\/yoast.com\/product\/yoast-seo-wordpress\/ -->\n<title>45a reuni\u00f3n del Consejo Ejecutivo - IAI - Inter-American Institute for Global Change Research<\/title>\n<meta name=\"robots\" content=\"index, follow, max-snippet:-1, max-image-preview:large, max-video-preview:-1\" \/>\n<link rel=\"canonical\" href=\"https:\/\/iai.int\/es\/45a-reunion-del-consejo-ejecutivo\/\" \/>\n<meta property=\"og:locale\" content=\"es_ES\" \/>\n<meta property=\"og:type\" content=\"article\" \/>\n<meta property=\"og:title\" content=\"45a reuni\u00f3n del Consejo Ejecutivo - IAI - Inter-American Institute for Global Change Research\" \/>\n<meta property=\"og:description\" content=\"19 de junio de 2018, Antigua, Guatemala Agenda y documentos de trabajo Informe de la reuni\u00f3nespa\u00f1ol&nbsp;\u2013&nbsp;ingl\u00e9s&nbsp; Agenda Provisional Tema de Agenda Documento (PDF) Martes 19 de junio, sesi\u00f3n matutina (9:00-10:30) &nbsp; Bienvenida a cargo del representante de Guatemala Sin documento &nbsp; Bienvenida a cargo de la Presidenta del Consejo Ejecutivo Sin documento 1.\u2002 Aprobaci\u00f3n de [&hellip;]\" \/>\n<meta property=\"og:url\" content=\"https:\/\/iai.int\/es\/45a-reunion-del-consejo-ejecutivo\/\" \/>\n<meta property=\"og:site_name\" content=\"IAI - Inter-American Institute for Global Change Research\" \/>\n<meta property=\"article:modified_time\" content=\"2026-01-13T18:24:44+00:00\" \/>\n<meta property=\"og:image\" content=\"https:\/\/iai.int\/wp-content\/uploads\/2026\/01\/14.png\" \/>\n\t<meta property=\"og:image:width\" content=\"1772\" \/>\n\t<meta property=\"og:image:height\" content=\"551\" \/>\n\t<meta property=\"og:image:type\" content=\"image\/png\" \/>\n<meta name=\"twitter:card\" content=\"summary_large_image\" \/>\n<meta name=\"twitter:label1\" content=\"Tiempo de lectura\" \/>\n\t<meta name=\"twitter:data1\" content=\"2 minutos\" \/>\n<script type=\"application\/ld+json\" class=\"yoast-schema-graph\">{\"@context\":\"https:\\\/\\\/schema.org\",\"@graph\":[{\"@type\":\"WebPage\",\"@id\":\"https:\\\/\\\/iai.int\\\/es\\\/45a-reunion-del-consejo-ejecutivo\\\/\",\"url\":\"https:\\\/\\\/iai.int\\\/es\\\/45a-reunion-del-consejo-ejecutivo\\\/\",\"name\":\"45a reuni\u00f3n del Consejo Ejecutivo - IAI - Inter-American Institute for Global Change Research\",\"isPartOf\":{\"@id\":\"https:\\\/\\\/iai.int\\\/es\\\/#website\"},\"primaryImageOfPage\":{\"@id\":\"https:\\\/\\\/iai.int\\\/es\\\/45a-reunion-del-consejo-ejecutivo\\\/#primaryimage\"},\"image\":{\"@id\":\"https:\\\/\\\/iai.int\\\/es\\\/45a-reunion-del-consejo-ejecutivo\\\/#primaryimage\"},\"thumbnailUrl\":\"https:\\\/\\\/iai.int\\\/wp-content\\\/uploads\\\/2026\\\/01\\\/14.png\",\"datePublished\":\"2026-01-07T21:49:23+00:00\",\"dateModified\":\"2026-01-13T18:24:44+00:00\",\"breadcrumb\":{\"@id\":\"https:\\\/\\\/iai.int\\\/es\\\/45a-reunion-del-consejo-ejecutivo\\\/#breadcrumb\"},\"inLanguage\":\"es\",\"potentialAction\":[{\"@type\":\"ReadAction\",\"target\":[\"https:\\\/\\\/iai.int\\\/es\\\/45a-reunion-del-consejo-ejecutivo\\\/\"]}]},{\"@type\":\"ImageObject\",\"inLanguage\":\"es\",\"@id\":\"https:\\\/\\\/iai.int\\\/es\\\/45a-reunion-del-consejo-ejecutivo\\\/#primaryimage\",\"url\":\"https:\\\/\\\/iai.int\\\/wp-content\\\/uploads\\\/2026\\\/01\\\/14.png\",\"contentUrl\":\"https:\\\/\\\/iai.int\\\/wp-content\\\/uploads\\\/2026\\\/01\\\/14.png\",\"width\":1772,\"height\":551},{\"@type\":\"BreadcrumbList\",\"@id\":\"https:\\\/\\\/iai.int\\\/es\\\/45a-reunion-del-consejo-ejecutivo\\\/#breadcrumb\",\"itemListElement\":[{\"@type\":\"ListItem\",\"position\":1,\"name\":\"Portada\",\"item\":\"https:\\\/\\\/iai.int\\\/es\\\/\"},{\"@type\":\"ListItem\",\"position\":2,\"name\":\"45a reuni\u00f3n del Consejo Ejecutivo\"}]},{\"@type\":\"WebSite\",\"@id\":\"https:\\\/\\\/iai.int\\\/es\\\/#website\",\"url\":\"https:\\\/\\\/iai.int\\\/es\\\/\",\"name\":\"IAI - Inter-American Institute for Global Change Research\",\"description\":\"\",\"publisher\":{\"@id\":\"https:\\\/\\\/iai.int\\\/es\\\/#organization\"},\"potentialAction\":[{\"@type\":\"SearchAction\",\"target\":{\"@type\":\"EntryPoint\",\"urlTemplate\":\"https:\\\/\\\/iai.int\\\/es\\\/?s={search_term_string}\"},\"query-input\":{\"@type\":\"PropertyValueSpecification\",\"valueRequired\":true,\"valueName\":\"search_term_string\"}}],\"inLanguage\":\"es\"},{\"@type\":\"Organization\",\"@id\":\"https:\\\/\\\/iai.int\\\/es\\\/#organization\",\"name\":\"IAI - Inter-American Institute for Global Change Research\",\"url\":\"https:\\\/\\\/iai.int\\\/es\\\/\",\"logo\":{\"@type\":\"ImageObject\",\"inLanguage\":\"es\",\"@id\":\"https:\\\/\\\/iai.int\\\/es\\\/#\\\/schema\\\/logo\\\/image\\\/\",\"url\":\"https:\\\/\\\/iai.int\\\/wp-content\\\/uploads\\\/2025\\\/11\\\/IAI-logo-English-scaled.png\",\"contentUrl\":\"https:\\\/\\\/iai.int\\\/wp-content\\\/uploads\\\/2025\\\/11\\\/IAI-logo-English-scaled.png\",\"width\":2560,\"height\":985,\"caption\":\"IAI - Inter-American Institute for Global Change Research\"},\"image\":{\"@id\":\"https:\\\/\\\/iai.int\\\/es\\\/#\\\/schema\\\/logo\\\/image\\\/\"}}]}<\/script>\n<!-- \/ Yoast SEO plugin. -->","yoast_head_json":{"title":"45a reuni\u00f3n del Consejo Ejecutivo - IAI - Inter-American Institute for Global Change Research","robots":{"index":"index","follow":"follow","max-snippet":"max-snippet:-1","max-image-preview":"max-image-preview:large","max-video-preview":"max-video-preview:-1"},"canonical":"https:\/\/iai.int\/es\/45a-reunion-del-consejo-ejecutivo\/","og_locale":"es_ES","og_type":"article","og_title":"45a reuni\u00f3n del Consejo Ejecutivo - IAI - Inter-American Institute for Global Change Research","og_description":"19 de junio de 2018, Antigua, Guatemala Agenda y documentos de trabajo Informe de la reuni\u00f3nespa\u00f1ol&nbsp;\u2013&nbsp;ingl\u00e9s&nbsp; Agenda Provisional Tema de Agenda Documento (PDF) Martes 19 de junio, sesi\u00f3n matutina (9:00-10:30) &nbsp; Bienvenida a cargo del representante de Guatemala Sin documento &nbsp; Bienvenida a cargo de la Presidenta del Consejo Ejecutivo Sin documento 1.\u2002 Aprobaci\u00f3n de [&hellip;]","og_url":"https:\/\/iai.int\/es\/45a-reunion-del-consejo-ejecutivo\/","og_site_name":"IAI - Inter-American Institute for Global Change Research","article_modified_time":"2026-01-13T18:24:44+00:00","og_image":[{"width":1772,"height":551,"url":"https:\/\/iai.int\/wp-content\/uploads\/2026\/01\/14.png","type":"image\/png"}],"twitter_card":"summary_large_image","twitter_misc":{"Tiempo de lectura":"2 minutos"},"schema":{"@context":"https:\/\/schema.org","@graph":[{"@type":"WebPage","@id":"https:\/\/iai.int\/es\/45a-reunion-del-consejo-ejecutivo\/","url":"https:\/\/iai.int\/es\/45a-reunion-del-consejo-ejecutivo\/","name":"45a reuni\u00f3n del Consejo Ejecutivo - IAI - Inter-American Institute for Global Change Research","isPartOf":{"@id":"https:\/\/iai.int\/es\/#website"},"primaryImageOfPage":{"@id":"https:\/\/iai.int\/es\/45a-reunion-del-consejo-ejecutivo\/#primaryimage"},"image":{"@id":"https:\/\/iai.int\/es\/45a-reunion-del-consejo-ejecutivo\/#primaryimage"},"thumbnailUrl":"https:\/\/iai.int\/wp-content\/uploads\/2026\/01\/14.png","datePublished":"2026-01-07T21:49:23+00:00","dateModified":"2026-01-13T18:24:44+00:00","breadcrumb":{"@id":"https:\/\/iai.int\/es\/45a-reunion-del-consejo-ejecutivo\/#breadcrumb"},"inLanguage":"es","potentialAction":[{"@type":"ReadAction","target":["https:\/\/iai.int\/es\/45a-reunion-del-consejo-ejecutivo\/"]}]},{"@type":"ImageObject","inLanguage":"es","@id":"https:\/\/iai.int\/es\/45a-reunion-del-consejo-ejecutivo\/#primaryimage","url":"https:\/\/iai.int\/wp-content\/uploads\/2026\/01\/14.png","contentUrl":"https:\/\/iai.int\/wp-content\/uploads\/2026\/01\/14.png","width":1772,"height":551},{"@type":"BreadcrumbList","@id":"https:\/\/iai.int\/es\/45a-reunion-del-consejo-ejecutivo\/#breadcrumb","itemListElement":[{"@type":"ListItem","position":1,"name":"Portada","item":"https:\/\/iai.int\/es\/"},{"@type":"ListItem","position":2,"name":"45a reuni\u00f3n del Consejo Ejecutivo"}]},{"@type":"WebSite","@id":"https:\/\/iai.int\/es\/#website","url":"https:\/\/iai.int\/es\/","name":"IAI - Inter-American Institute for Global Change Research","description":"","publisher":{"@id":"https:\/\/iai.int\/es\/#organization"},"potentialAction":[{"@type":"SearchAction","target":{"@type":"EntryPoint","urlTemplate":"https:\/\/iai.int\/es\/?s={search_term_string}"},"query-input":{"@type":"PropertyValueSpecification","valueRequired":true,"valueName":"search_term_string"}}],"inLanguage":"es"},{"@type":"Organization","@id":"https:\/\/iai.int\/es\/#organization","name":"IAI - Inter-American Institute for Global Change Research","url":"https:\/\/iai.int\/es\/","logo":{"@type":"ImageObject","inLanguage":"es","@id":"https:\/\/iai.int\/es\/#\/schema\/logo\/image\/","url":"https:\/\/iai.int\/wp-content\/uploads\/2025\/11\/IAI-logo-English-scaled.png","contentUrl":"https:\/\/iai.int\/wp-content\/uploads\/2025\/11\/IAI-logo-English-scaled.png","width":2560,"height":985,"caption":"IAI - Inter-American Institute for Global Change Research"},"image":{"@id":"https:\/\/iai.int\/es\/#\/schema\/logo\/image\/"}}]}},"uagb_featured_image_src":{"full":["https:\/\/iai.int\/wp-content\/uploads\/2026\/01\/14.png",1772,551,false],"thumbnail":["https:\/\/iai.int\/wp-content\/uploads\/2026\/01\/14-150x150.png",150,150,true],"medium":["https:\/\/iai.int\/wp-content\/uploads\/2026\/01\/14-300x93.png",300,93,true],"medium_large":["https:\/\/iai.int\/wp-content\/uploads\/2026\/01\/14-768x239.png",768,239,true],"large":["https:\/\/iai.int\/wp-content\/uploads\/2026\/01\/14-1024x318.png",800,248,true],"1536x1536":["https:\/\/iai.int\/wp-content\/uploads\/2026\/01\/14-1536x478.png",1536,478,true],"2048x2048":["https:\/\/iai.int\/wp-content\/uploads\/2026\/01\/14.png",1772,551,false]},"uagb_author_info":{"display_name":"IAI Communication","author_link":"https:\/\/iai.int\/es\/author\/iai-communication\/"},"uagb_comment_info":0,"uagb_excerpt":"19 de junio de 2018, Antigua, Guatemala Agenda y documentos de trabajo Informe de la reuni\u00f3nespa\u00f1ol&nbsp;\u2013&nbsp;ingl\u00e9s&nbsp; Agenda Provisional Tema de Agenda Documento (PDF) Martes 19 de junio, sesi\u00f3n matutina (9:00-10:30) &nbsp; Bienvenida a cargo del representante de Guatemala Sin documento &nbsp; Bienvenida a cargo de la Presidenta del Consejo Ejecutivo Sin documento 1.\u2002 Aprobaci\u00f3n de&hellip;","_links":{"self":[{"href":"https:\/\/iai.int\/es\/wp-json\/wp\/v2\/pages\/12611","targetHints":{"allow":["GET"]}}],"collection":[{"href":"https:\/\/iai.int\/es\/wp-json\/wp\/v2\/pages"}],"about":[{"href":"https:\/\/iai.int\/es\/wp-json\/wp\/v2\/types\/page"}],"author":[{"embeddable":true,"href":"https:\/\/iai.int\/es\/wp-json\/wp\/v2\/users\/9"}],"replies":[{"embeddable":true,"href":"https:\/\/iai.int\/es\/wp-json\/wp\/v2\/comments?post=12611"}],"version-history":[{"count":3,"href":"https:\/\/iai.int\/es\/wp-json\/wp\/v2\/pages\/12611\/revisions"}],"predecessor-version":[{"id":13279,"href":"https:\/\/iai.int\/es\/wp-json\/wp\/v2\/pages\/12611\/revisions\/13279"}],"wp:featuredmedia":[{"embeddable":true,"href":"https:\/\/iai.int\/es\/wp-json\/wp\/v2\/media\/12462"}],"wp:attachment":[{"href":"https:\/\/iai.int\/es\/wp-json\/wp\/v2\/media?parent=12611"}],"curies":[{"name":"wp","href":"https:\/\/api.w.org\/{rel}","templated":true}]}}