{"id":12597,"date":"2026-01-07T16:38:15","date_gmt":"2026-01-07T21:38:15","guid":{"rendered":"https:\/\/iai.int\/?page_id=12597"},"modified":"2026-01-13T11:35:44","modified_gmt":"2026-01-13T16:35:44","slug":"3era-reunion-conjunta-del-comite-asesor-cientifico-y-del-comite-asesor-en-ciencia-y-politicas","status":"publish","type":"page","link":"https:\/\/iai.int\/es\/3era-reunion-conjunta-del-comite-asesor-cientifico-y-del-comite-asesor-en-ciencia-y-politicas\/","title":{"rendered":"3era reuni\u00f3n conjunta del Comit\u00e9 Asesor Cient\u00edfico y del Comit\u00e9 Asesor en Ciencia y Pol\u00edticas"},"content":{"rendered":"\n<h3 class=\"wp-block-heading\">3 de Junio 2019, Brasilia, Brasil<\/h3>\n\n\n\n<p><\/p>\n\n\n\n<h4 class=\"wp-block-heading\">Agenda provisional<\/h4>\n\n\n\n<p><\/p>\n\n\n\n<figure class=\"wp-block-table\"><table><tbody><tr><th class=\"has-text-align-left\" data-align=\"left\" colspan=\"2\">Tema de Agenda<\/th><th class=\"has-text-align-left\" data-align=\"left\">Documento (PDF)<\/th><\/tr><tr><td colspan=\"3\"><strong>Sesi\u00f3n matutina (09:00-12:00)<\/strong><\/td><\/tr><tr><td>&nbsp;<\/td><td>Bienvenida a cargo de los Presidentes del SAC y el SPAC<\/td><td>Sin documento<\/td><\/tr><tr><td>&nbsp;<\/td><td>Discursos inaugurales del Presidente del SAC, el Presidente del SPAC y el Director Ejecutivo<\/td><td>Sin documento<\/td><\/tr><tr><td>1.<\/td><td>Presentaci\u00f3n de los miembros<\/td><td>Sin documento<\/td><\/tr><tr><td>2.<\/td><td>Aprobaci\u00f3n de la agenda<\/td><td>IAI\/SAC-SPAC\/2<br><a href=\"https:\/\/archive.iai.int\/admin\/site\/sites\/default\/files\/SAC_SPACagendaCOP27_es-2.pdf\" target=\"_blank\" rel=\"noreferrer noopener\">Espa\u00f1ol<\/a>&nbsp;\u2013&nbsp;<a href=\"https:\/\/archive.iai.int\/admin\/site\/sites\/default\/files\/SAC_SPACagendaCOP27_en-2.pdf\" target=\"_blank\" rel=\"noreferrer noopener\">Ingl\u00e9s<\/a><\/td><\/tr><tr><td>3.<\/td><td>Resumen a cargo del Presidente del SAC de las actividades vinculadas al Programa de Peque\u00f1os Subsidios<\/td><td>IAI\/SAC-SPAC\/info<\/td><\/tr><tr><td>4.<\/td><td>Presentaci\u00f3n de los proyectos seleccionados para el SGP<\/td><td>Sin documento<\/td><\/tr><tr><td>5.<\/td><td>Resumen de las actividades del SAC (revisi\u00f3n de las actividades vinculadas con las recomendaciones surgidas en la 2a Reuni\u00f3n conjunta del SAC-SPAC)<\/td><td>IAI\/COP\/27\/8&nbsp;<a href=\"https:\/\/archive.iai.int\/admin\/site\/sites\/default\/files\/iai-cop-27-8-en_1.pdf\" target=\"_blank\" rel=\"noreferrer noopener\">Espa\u00f1ol<\/a>&nbsp;&#8211;&nbsp;<a href=\"https:\/\/archive.iai.int\/admin\/site\/sites\/default\/files\/iai-cop-27-8-sp_1.pdf\" target=\"_blank\" rel=\"noreferrer noopener\">Ingl\u00e9s<\/a><\/td><\/tr><tr><td>6.<\/td><td>Resumen de las actividades del SAC (revisi\u00f3n de las actividades vinculadas con las recomendaciones surgidas en la 2a Reuni\u00f3n conjunta del SAC-SPAC)<\/td><td>IAI\/COP\/27\/9&nbsp;<a href=\"https:\/\/archive.iai.int\/admin\/site\/sites\/default\/files\/iai-cop-27-9-sp.pdf\" target=\"_blank\" rel=\"noreferrer noopener\">Espa\u00f1ol<\/a>&nbsp;&#8211;&nbsp;<a href=\"https:\/\/archive.iai.int\/admin\/site\/sites\/default\/files\/iai-cop-27-9-en.pdf\" target=\"_blank\" rel=\"noreferrer noopener\">Ingl\u00e9s<\/a><\/td><\/tr><tr><td>&nbsp;<\/td><td colspan=\"2\"><strong>Sesi\u00f3n vespertina (13:00-16:00)<\/strong><\/td><\/tr><tr><td>7.<\/td><td>La funci\u00f3n del SPAC, el SAC y mejoras en la coordinaci\u00f3n y colaboraci\u00f3n para el nuevo Plan Estrat\u00e9gico del IAI<\/td><td>IAI\/COP\/27\/8<br>IAI\/COP\/27\/9<\/td><\/tr><tr><td>8.<\/td><td>Nuevas \u00e1reas posibles de investigaci\u00f3n del cambio global con miras al CRN4 y posibles oportunidades de ciencia y pol\u00edticas<\/td><td>Sin documento<\/td><\/tr><tr><td>9.<\/td><td>Ampliaci\u00f3n de las actividades en la regi\u00f3n de Am\u00e9rica Central y el Caribe<\/td><td>Sin documento<\/td><\/tr><tr><td>10.<\/td><td>Fortalecimiento del rol de los investigadores en el proceso de dise\u00f1o de pol\u00edtica\u2013 Programa de Becas Ciencia, Tecnolog\u00eda, Pol\u00edticas (STeP)<\/td><td>Sin documento<\/td><\/tr><tr><td>11.<\/td><td>Otras temas<\/td><td>Sin documento<\/td><\/tr><tr><td>12.<\/td><td>Clausura de la reuni\u00f3n<\/td><td>Sin documento<\/td><\/tr><\/tbody><\/table><\/figure>\n\n\n\n<p><\/p>\n\n\n\n<h4 class=\"wp-block-heading\">Log\u00edstica<\/h4>\n\n\n\n<p><a href=\"https:\/\/archive.iai.int\/admin\/site\/sites\/default\/files\/Logistica-es_0.pdf\">Espa\u00f1ol<\/a><\/p>\n\n\n\n<p><a href=\"https:\/\/archive.iai.int\/admin\/site\/sites\/default\/files\/Logistica-eng_0.pdf\">Ingl\u00e9s<\/a><\/p>\n\n\n\n<div style=\"height:34px\" aria-hidden=\"true\" class=\"wp-block-spacer\"><\/div>\n\n\n\n<p><strong><a href=\"https:\/\/iai.int\/es\/reuniones-ec-y-cop\/\">Regresar a Reuniones EC y COP<\/a><\/strong><\/p>\n\n\n\n<div style=\"height:47px\" aria-hidden=\"true\" class=\"wp-block-spacer\"><\/div>\n","protected":false},"excerpt":{"rendered":"<p>3 de Junio 2019, Brasilia, Brasil Agenda provisional Tema de Agenda Documento (PDF) Sesi\u00f3n matutina (09:00-12:00) &nbsp; Bienvenida a cargo de los Presidentes del SAC y el SPAC Sin documento &nbsp; Discursos inaugurales del Presidente del SAC, el Presidente del SPAC y el Director Ejecutivo Sin documento 1. Presentaci\u00f3n de los miembros Sin documento 2. [&hellip;]<\/p>\n","protected":false},"author":9,"featured_media":12462,"parent":0,"menu_order":0,"comment_status":"closed","ping_status":"closed","template":"","meta":{"_acf_changed":false,"_uag_custom_page_level_css":"","footnotes":""},"class_list":["post-12597","page","type-page","status-publish","has-post-thumbnail","hentry"],"acf":[],"yoast_head":"<!-- This site is optimized with the Yoast SEO plugin v27.3 - https:\/\/yoast.com\/product\/yoast-seo-wordpress\/ -->\n<title>3era reuni\u00f3n conjunta del Comit\u00e9 Asesor Cient\u00edfico y del Comit\u00e9 Asesor en Ciencia y Pol\u00edticas - IAI - Inter-American Institute for Global Change Research<\/title>\n<meta name=\"robots\" content=\"index, follow, max-snippet:-1, max-image-preview:large, max-video-preview:-1\" \/>\n<link rel=\"canonical\" href=\"https:\/\/iai.int\/es\/3era-reunion-conjunta-del-comite-asesor-cientifico-y-del-comite-asesor-en-ciencia-y-politicas\/\" \/>\n<meta property=\"og:locale\" content=\"es_ES\" \/>\n<meta property=\"og:type\" content=\"article\" \/>\n<meta property=\"og:title\" content=\"3era reuni\u00f3n conjunta del Comit\u00e9 Asesor Cient\u00edfico y del Comit\u00e9 Asesor en Ciencia y Pol\u00edticas - IAI - Inter-American Institute for Global Change Research\" \/>\n<meta property=\"og:description\" content=\"3 de Junio 2019, Brasilia, Brasil Agenda provisional Tema de Agenda Documento (PDF) Sesi\u00f3n matutina (09:00-12:00) &nbsp; Bienvenida a cargo de los Presidentes del SAC y el SPAC Sin documento &nbsp; Discursos inaugurales del Presidente del SAC, el Presidente del SPAC y el Director Ejecutivo Sin documento 1. Presentaci\u00f3n de los miembros Sin documento 2. [&hellip;]\" \/>\n<meta property=\"og:url\" content=\"https:\/\/iai.int\/es\/3era-reunion-conjunta-del-comite-asesor-cientifico-y-del-comite-asesor-en-ciencia-y-politicas\/\" \/>\n<meta property=\"og:site_name\" content=\"IAI - Inter-American Institute for Global Change Research\" \/>\n<meta property=\"article:modified_time\" content=\"2026-01-13T16:35:44+00:00\" \/>\n<meta property=\"og:image\" content=\"https:\/\/iai.int\/wp-content\/uploads\/2026\/01\/14.png\" \/>\n\t<meta property=\"og:image:width\" content=\"1772\" \/>\n\t<meta property=\"og:image:height\" content=\"551\" \/>\n\t<meta property=\"og:image:type\" content=\"image\/png\" \/>\n<meta name=\"twitter:card\" content=\"summary_large_image\" \/>\n<meta name=\"twitter:label1\" content=\"Tiempo de lectura\" \/>\n\t<meta name=\"twitter:data1\" content=\"1 minuto\" \/>\n<script type=\"application\/ld+json\" class=\"yoast-schema-graph\">{\"@context\":\"https:\\\/\\\/schema.org\",\"@graph\":[{\"@type\":\"WebPage\",\"@id\":\"https:\\\/\\\/iai.int\\\/es\\\/3era-reunion-conjunta-del-comite-asesor-cientifico-y-del-comite-asesor-en-ciencia-y-politicas\\\/\",\"url\":\"https:\\\/\\\/iai.int\\\/es\\\/3era-reunion-conjunta-del-comite-asesor-cientifico-y-del-comite-asesor-en-ciencia-y-politicas\\\/\",\"name\":\"3era reuni\u00f3n conjunta del Comit\u00e9 Asesor Cient\u00edfico y del Comit\u00e9 Asesor en Ciencia y Pol\u00edticas - IAI - Inter-American Institute for Global Change Research\",\"isPartOf\":{\"@id\":\"https:\\\/\\\/iai.int\\\/es\\\/#website\"},\"primaryImageOfPage\":{\"@id\":\"https:\\\/\\\/iai.int\\\/es\\\/3era-reunion-conjunta-del-comite-asesor-cientifico-y-del-comite-asesor-en-ciencia-y-politicas\\\/#primaryimage\"},\"image\":{\"@id\":\"https:\\\/\\\/iai.int\\\/es\\\/3era-reunion-conjunta-del-comite-asesor-cientifico-y-del-comite-asesor-en-ciencia-y-politicas\\\/#primaryimage\"},\"thumbnailUrl\":\"https:\\\/\\\/iai.int\\\/wp-content\\\/uploads\\\/2026\\\/01\\\/14.png\",\"datePublished\":\"2026-01-07T21:38:15+00:00\",\"dateModified\":\"2026-01-13T16:35:44+00:00\",\"breadcrumb\":{\"@id\":\"https:\\\/\\\/iai.int\\\/es\\\/3era-reunion-conjunta-del-comite-asesor-cientifico-y-del-comite-asesor-en-ciencia-y-politicas\\\/#breadcrumb\"},\"inLanguage\":\"es\",\"potentialAction\":[{\"@type\":\"ReadAction\",\"target\":[\"https:\\\/\\\/iai.int\\\/es\\\/3era-reunion-conjunta-del-comite-asesor-cientifico-y-del-comite-asesor-en-ciencia-y-politicas\\\/\"]}]},{\"@type\":\"ImageObject\",\"inLanguage\":\"es\",\"@id\":\"https:\\\/\\\/iai.int\\\/es\\\/3era-reunion-conjunta-del-comite-asesor-cientifico-y-del-comite-asesor-en-ciencia-y-politicas\\\/#primaryimage\",\"url\":\"https:\\\/\\\/iai.int\\\/wp-content\\\/uploads\\\/2026\\\/01\\\/14.png\",\"contentUrl\":\"https:\\\/\\\/iai.int\\\/wp-content\\\/uploads\\\/2026\\\/01\\\/14.png\",\"width\":1772,\"height\":551},{\"@type\":\"BreadcrumbList\",\"@id\":\"https:\\\/\\\/iai.int\\\/es\\\/3era-reunion-conjunta-del-comite-asesor-cientifico-y-del-comite-asesor-en-ciencia-y-politicas\\\/#breadcrumb\",\"itemListElement\":[{\"@type\":\"ListItem\",\"position\":1,\"name\":\"Portada\",\"item\":\"https:\\\/\\\/iai.int\\\/es\\\/\"},{\"@type\":\"ListItem\",\"position\":2,\"name\":\"3era reuni\u00f3n conjunta del Comit\u00e9 Asesor Cient\u00edfico y del Comit\u00e9 Asesor en Ciencia y Pol\u00edticas\"}]},{\"@type\":\"WebSite\",\"@id\":\"https:\\\/\\\/iai.int\\\/es\\\/#website\",\"url\":\"https:\\\/\\\/iai.int\\\/es\\\/\",\"name\":\"IAI - Inter-American Institute for Global Change Research\",\"description\":\"\",\"publisher\":{\"@id\":\"https:\\\/\\\/iai.int\\\/es\\\/#organization\"},\"potentialAction\":[{\"@type\":\"SearchAction\",\"target\":{\"@type\":\"EntryPoint\",\"urlTemplate\":\"https:\\\/\\\/iai.int\\\/es\\\/?s={search_term_string}\"},\"query-input\":{\"@type\":\"PropertyValueSpecification\",\"valueRequired\":true,\"valueName\":\"search_term_string\"}}],\"inLanguage\":\"es\"},{\"@type\":\"Organization\",\"@id\":\"https:\\\/\\\/iai.int\\\/es\\\/#organization\",\"name\":\"IAI - Inter-American Institute for Global Change Research\",\"url\":\"https:\\\/\\\/iai.int\\\/es\\\/\",\"logo\":{\"@type\":\"ImageObject\",\"inLanguage\":\"es\",\"@id\":\"https:\\\/\\\/iai.int\\\/es\\\/#\\\/schema\\\/logo\\\/image\\\/\",\"url\":\"https:\\\/\\\/iai.int\\\/wp-content\\\/uploads\\\/2025\\\/11\\\/IAI-logo-English-scaled.png\",\"contentUrl\":\"https:\\\/\\\/iai.int\\\/wp-content\\\/uploads\\\/2025\\\/11\\\/IAI-logo-English-scaled.png\",\"width\":2560,\"height\":985,\"caption\":\"IAI - Inter-American Institute for Global Change Research\"},\"image\":{\"@id\":\"https:\\\/\\\/iai.int\\\/es\\\/#\\\/schema\\\/logo\\\/image\\\/\"}}]}<\/script>\n<!-- \/ Yoast SEO plugin. -->","yoast_head_json":{"title":"3era reuni\u00f3n conjunta del Comit\u00e9 Asesor Cient\u00edfico y del Comit\u00e9 Asesor en Ciencia y Pol\u00edticas - IAI - Inter-American Institute for Global Change Research","robots":{"index":"index","follow":"follow","max-snippet":"max-snippet:-1","max-image-preview":"max-image-preview:large","max-video-preview":"max-video-preview:-1"},"canonical":"https:\/\/iai.int\/es\/3era-reunion-conjunta-del-comite-asesor-cientifico-y-del-comite-asesor-en-ciencia-y-politicas\/","og_locale":"es_ES","og_type":"article","og_title":"3era reuni\u00f3n conjunta del Comit\u00e9 Asesor Cient\u00edfico y del Comit\u00e9 Asesor en Ciencia y Pol\u00edticas - IAI - Inter-American Institute for Global Change Research","og_description":"3 de Junio 2019, Brasilia, Brasil Agenda provisional Tema de Agenda Documento (PDF) Sesi\u00f3n matutina (09:00-12:00) &nbsp; Bienvenida a cargo de los Presidentes del SAC y el SPAC Sin documento &nbsp; Discursos inaugurales del Presidente del SAC, el Presidente del SPAC y el Director Ejecutivo Sin documento 1. Presentaci\u00f3n de los miembros Sin documento 2. [&hellip;]","og_url":"https:\/\/iai.int\/es\/3era-reunion-conjunta-del-comite-asesor-cientifico-y-del-comite-asesor-en-ciencia-y-politicas\/","og_site_name":"IAI - Inter-American Institute for Global Change Research","article_modified_time":"2026-01-13T16:35:44+00:00","og_image":[{"width":1772,"height":551,"url":"https:\/\/iai.int\/wp-content\/uploads\/2026\/01\/14.png","type":"image\/png"}],"twitter_card":"summary_large_image","twitter_misc":{"Tiempo de lectura":"1 minuto"},"schema":{"@context":"https:\/\/schema.org","@graph":[{"@type":"WebPage","@id":"https:\/\/iai.int\/es\/3era-reunion-conjunta-del-comite-asesor-cientifico-y-del-comite-asesor-en-ciencia-y-politicas\/","url":"https:\/\/iai.int\/es\/3era-reunion-conjunta-del-comite-asesor-cientifico-y-del-comite-asesor-en-ciencia-y-politicas\/","name":"3era reuni\u00f3n conjunta del Comit\u00e9 Asesor Cient\u00edfico y del Comit\u00e9 Asesor en Ciencia y Pol\u00edticas - IAI - Inter-American Institute for Global Change Research","isPartOf":{"@id":"https:\/\/iai.int\/es\/#website"},"primaryImageOfPage":{"@id":"https:\/\/iai.int\/es\/3era-reunion-conjunta-del-comite-asesor-cientifico-y-del-comite-asesor-en-ciencia-y-politicas\/#primaryimage"},"image":{"@id":"https:\/\/iai.int\/es\/3era-reunion-conjunta-del-comite-asesor-cientifico-y-del-comite-asesor-en-ciencia-y-politicas\/#primaryimage"},"thumbnailUrl":"https:\/\/iai.int\/wp-content\/uploads\/2026\/01\/14.png","datePublished":"2026-01-07T21:38:15+00:00","dateModified":"2026-01-13T16:35:44+00:00","breadcrumb":{"@id":"https:\/\/iai.int\/es\/3era-reunion-conjunta-del-comite-asesor-cientifico-y-del-comite-asesor-en-ciencia-y-politicas\/#breadcrumb"},"inLanguage":"es","potentialAction":[{"@type":"ReadAction","target":["https:\/\/iai.int\/es\/3era-reunion-conjunta-del-comite-asesor-cientifico-y-del-comite-asesor-en-ciencia-y-politicas\/"]}]},{"@type":"ImageObject","inLanguage":"es","@id":"https:\/\/iai.int\/es\/3era-reunion-conjunta-del-comite-asesor-cientifico-y-del-comite-asesor-en-ciencia-y-politicas\/#primaryimage","url":"https:\/\/iai.int\/wp-content\/uploads\/2026\/01\/14.png","contentUrl":"https:\/\/iai.int\/wp-content\/uploads\/2026\/01\/14.png","width":1772,"height":551},{"@type":"BreadcrumbList","@id":"https:\/\/iai.int\/es\/3era-reunion-conjunta-del-comite-asesor-cientifico-y-del-comite-asesor-en-ciencia-y-politicas\/#breadcrumb","itemListElement":[{"@type":"ListItem","position":1,"name":"Portada","item":"https:\/\/iai.int\/es\/"},{"@type":"ListItem","position":2,"name":"3era reuni\u00f3n conjunta del Comit\u00e9 Asesor Cient\u00edfico y del Comit\u00e9 Asesor en Ciencia y Pol\u00edticas"}]},{"@type":"WebSite","@id":"https:\/\/iai.int\/es\/#website","url":"https:\/\/iai.int\/es\/","name":"IAI - Inter-American Institute for Global Change Research","description":"","publisher":{"@id":"https:\/\/iai.int\/es\/#organization"},"potentialAction":[{"@type":"SearchAction","target":{"@type":"EntryPoint","urlTemplate":"https:\/\/iai.int\/es\/?s={search_term_string}"},"query-input":{"@type":"PropertyValueSpecification","valueRequired":true,"valueName":"search_term_string"}}],"inLanguage":"es"},{"@type":"Organization","@id":"https:\/\/iai.int\/es\/#organization","name":"IAI - Inter-American Institute for Global Change Research","url":"https:\/\/iai.int\/es\/","logo":{"@type":"ImageObject","inLanguage":"es","@id":"https:\/\/iai.int\/es\/#\/schema\/logo\/image\/","url":"https:\/\/iai.int\/wp-content\/uploads\/2025\/11\/IAI-logo-English-scaled.png","contentUrl":"https:\/\/iai.int\/wp-content\/uploads\/2025\/11\/IAI-logo-English-scaled.png","width":2560,"height":985,"caption":"IAI - Inter-American Institute for Global Change Research"},"image":{"@id":"https:\/\/iai.int\/es\/#\/schema\/logo\/image\/"}}]}},"uagb_featured_image_src":{"full":["https:\/\/iai.int\/wp-content\/uploads\/2026\/01\/14.png",1772,551,false],"thumbnail":["https:\/\/iai.int\/wp-content\/uploads\/2026\/01\/14-150x150.png",150,150,true],"medium":["https:\/\/iai.int\/wp-content\/uploads\/2026\/01\/14-300x93.png",300,93,true],"medium_large":["https:\/\/iai.int\/wp-content\/uploads\/2026\/01\/14-768x239.png",768,239,true],"large":["https:\/\/iai.int\/wp-content\/uploads\/2026\/01\/14-1024x318.png",800,248,true],"1536x1536":["https:\/\/iai.int\/wp-content\/uploads\/2026\/01\/14-1536x478.png",1536,478,true],"2048x2048":["https:\/\/iai.int\/wp-content\/uploads\/2026\/01\/14.png",1772,551,false]},"uagb_author_info":{"display_name":"IAI Communication","author_link":"https:\/\/iai.int\/es\/author\/iai-communication\/"},"uagb_comment_info":0,"uagb_excerpt":"3 de Junio 2019, Brasilia, Brasil Agenda provisional Tema de Agenda Documento (PDF) Sesi\u00f3n matutina (09:00-12:00) &nbsp; Bienvenida a cargo de los Presidentes del SAC y el SPAC Sin documento &nbsp; Discursos inaugurales del Presidente del SAC, el Presidente del SPAC y el Director Ejecutivo Sin documento 1. Presentaci\u00f3n de los miembros Sin documento 2.&hellip;","_links":{"self":[{"href":"https:\/\/iai.int\/es\/wp-json\/wp\/v2\/pages\/12597","targetHints":{"allow":["GET"]}}],"collection":[{"href":"https:\/\/iai.int\/es\/wp-json\/wp\/v2\/pages"}],"about":[{"href":"https:\/\/iai.int\/es\/wp-json\/wp\/v2\/types\/page"}],"author":[{"embeddable":true,"href":"https:\/\/iai.int\/es\/wp-json\/wp\/v2\/users\/9"}],"replies":[{"embeddable":true,"href":"https:\/\/iai.int\/es\/wp-json\/wp\/v2\/comments?post=12597"}],"version-history":[{"count":3,"href":"https:\/\/iai.int\/es\/wp-json\/wp\/v2\/pages\/12597\/revisions"}],"predecessor-version":[{"id":13243,"href":"https:\/\/iai.int\/es\/wp-json\/wp\/v2\/pages\/12597\/revisions\/13243"}],"wp:featuredmedia":[{"embeddable":true,"href":"https:\/\/iai.int\/es\/wp-json\/wp\/v2\/media\/12462"}],"wp:attachment":[{"href":"https:\/\/iai.int\/es\/wp-json\/wp\/v2\/media?parent=12597"}],"curies":[{"name":"wp","href":"https:\/\/api.w.org\/{rel}","templated":true}]}}