{"id":12583,"date":"2026-01-07T16:05:23","date_gmt":"2026-01-07T21:05:23","guid":{"rendered":"https:\/\/iai.int\/?page_id=12583"},"modified":"2026-01-13T11:05:27","modified_gmt":"2026-01-13T16:05:27","slug":"47a-reunion-del-consejo-ejecutivo","status":"publish","type":"page","link":"https:\/\/iai.int\/es\/47a-reunion-del-consejo-ejecutivo\/","title":{"rendered":"47a reuni\u00f3n del Consejo Ejecutivo"},"content":{"rendered":"\n<h3 class=\"wp-block-heading\">4 de junio 2019, Brasilia, Brasil<\/h3>\n\n\n\n<p><\/p>\n\n\n\n<h4 class=\"wp-block-heading\">Agenda provisional<\/h4>\n\n\n\n<p><\/p>\n\n\n\n<figure class=\"wp-block-table\"><table><tbody><tr><td colspan=\"2\"><strong>Tema de agenda<\/strong><\/td><td colspan=\"2\"><strong>Documento<\/strong><\/td><\/tr><tr><td colspan=\"4\"><strong>Martes 4 de junio, sesi\u00f3n matutina (9:00-12:00)<\/strong><\/td><\/tr><tr><td>&nbsp;<\/td><td colspan=\"2\">Bienvenida a cargo del Gobierno de Brasil<\/td><td>Sin documento<\/td><\/tr><tr><td>&nbsp;<\/td><td colspan=\"2\">Bienvenida a cargo de la Presidenta del Consejo Ejecutivo<\/td><td>Sin documento<\/td><\/tr><tr><td>1<\/td><td colspan=\"2\">Aprobaci\u00f3n de la agenda<\/td><td>IAI\/EC\/47\/1<br><a href=\"https:\/\/archive.iai.int\/admin\/site\/sites\/default\/files\/iai-ec-47-1-sp_0.pdf\" target=\"_blank\" rel=\"noreferrer noopener\">Espa\u00f1ol<\/a>&nbsp;\u2013&nbsp;<a href=\"https:\/\/archive.iai.int\/admin\/site\/sites\/default\/files\/iai-ec-47-1-en_0.pdf\" target=\"_blank\" rel=\"noreferrer noopener\">Ingl\u00e9s<\/a><\/td><\/tr><tr><td>2<\/td><td colspan=\"2\">Di\u00e1logo CE &#8211; SAC &#8211; SPAC sobre prioridades emergentes<\/td><td>Sin documento<\/td><\/tr><tr><td colspan=\"4\"><strong>Martes 4 de junio, sesi\u00f3n vespertina (14:00-17:30)<\/strong><\/td><\/tr><tr><td>3<\/td><td colspan=\"2\">Aprobaci\u00f3n de los Informes de las 45a y 46a reuniones del CE<\/td><td>IAI\/EC\/45\/4\/Draft&nbsp;<a href=\"https:\/\/archive.iai.int\/admin\/site\/sites\/default\/files\/ec-45-fnrpt-s.pdf\" target=\"_blank\" rel=\"noreferrer noopener\">Espa\u00f1ol<\/a>&nbsp;&#8211;&nbsp;<a href=\"https:\/\/archive.iai.int\/admin\/site\/sites\/default\/files\/iai-ec-47-2a-en.pdf\" target=\"_blank\" rel=\"noreferrer noopener\">Ingl\u00e9s<\/a> IAI\/EC\/46\/4\/Draft&nbsp;&nbsp;<a href=\"https:\/\/archive.iai.int\/admin\/site\/sites\/default\/files\/ec-46-fnrpt-s.pdf\" target=\"_blank\" rel=\"noreferrer noopener\">Espa\u00f1ol<\/a>&nbsp;&#8211;&nbsp;<a href=\"https:\/\/archive.iai.int\/admin\/site\/sites\/default\/files\/iai-ec-47-2b-en.pdf\" target=\"_blank\" rel=\"noreferrer noopener\">Ingl\u00e9s<\/a><\/td><\/tr><tr><td>4<\/td><td colspan=\"2\">Creaci\u00f3n de la comisi\u00f3n para recomendar candidatos para las elecciones del Comit\u00e9 Asesor Cient\u00edfico (SAC), el segundo d\u00eda de la CoP-27<\/td><td>Sin documento<\/td><\/tr><tr><td>5<\/td><td colspan=\"2\">Informe del Consejo Ejecutivo a) Actividades encargadas al CE y su Mesa Directiva b)&nbsp;Actividades, acciones y decisiones de la Mesa Directiva del CE o sus miembros c) Recomendaci\u00f3n sobre la renovaci\u00f3n del contrato del Director Ejecutivo del IAI d)&nbsp;Participaci\u00f3n en el comit\u00e9 asesor para la selecci\u00f3n del Director Cient\u00edfico<\/td><td>IAI\/EC\/47\/5&nbsp;<a href=\"https:\/\/archive.iai.int\/admin\/site\/sites\/default\/files\/iai-ec-47-5-sp_1.pdf\" target=\"_blank\" rel=\"noreferrer noopener\">Espa\u00f1ol<\/a>&nbsp;&#8211;&nbsp;<a href=\"https:\/\/archive.iai.int\/admin\/site\/sites\/default\/files\/iai-ec-47-5-en_2.pdf\">Ingl\u00e9s<\/a><\/td><\/tr><tr><td>6<\/td><td colspan=\"2\">Informe del Comit\u00e9 Financiero y Administrativo<\/td><td>IAI\/EC\/47\/6&nbsp;<a href=\"https:\/\/archive.iai.int\/admin\/site\/sites\/default\/files\/iai-EC-47-6-sp.pdf\" target=\"_blank\" rel=\"noreferrer noopener\">Espa\u00f1ol<\/a>&nbsp;&#8211;&nbsp;<a href=\"https:\/\/archive.iai.int\/admin\/site\/sites\/default\/files\/iai-ec-47-6-en.pdf\" target=\"_blank\" rel=\"noreferrer noopener\">Ingl\u00e9s<\/a><\/td><\/tr><tr><td>7<\/td><td colspan=\"2\">Informe de auditor\u00eda y aprobaci\u00f3n del Informe sobre el Estado Financiero. Temas financieros a ser elevados a la CoP-27<\/td><td>IAI\/EC\/47\/7&nbsp;<a href=\"https:\/\/archive.iai.int\/admin\/site\/sites\/default\/files\/IAI-EC-47-7-sp_0.pdf\" target=\"_blank\" rel=\"noreferrer noopener\">Espa\u00f1ol<\/a>&nbsp;&#8211;&nbsp;<a href=\"https:\/\/archive.iai.int\/admin\/site\/sites\/default\/files\/IAI-EC-47-7-eng.pdf\" target=\"_blank\" rel=\"noreferrer noopener\">Ingl\u00e9s<\/a><\/td><\/tr><tr><td>8<\/td><td colspan=\"2\">Aprobaci\u00f3n de los temas a ser elevados a la CoP-27<\/td><td>IAI\/EC\/47\/8<\/td><\/tr><tr><td>9<\/td><td colspan=\"2\">Discursos de clausura (Gobierno Anfitri\u00f3n, Partes, Observadores, Direcci\u00f3n Ejecutiva del IAI)<\/td><td>Sin documento<\/td><\/tr><\/tbody><\/table><\/figure>\n\n\n\n<p><\/p>\n\n\n\n<h4 class=\"wp-block-heading\">Log\u00edstica<\/h4>\n\n\n\n<p><a href=\"https:\/\/archive.iai.int\/admin\/site\/sites\/default\/files\/Logistica-es_0.pdf\">Espa\u00f1ol<\/a><\/p>\n\n\n\n<p><a href=\"https:\/\/archive.iai.int\/admin\/site\/sites\/default\/files\/Logistica-eng_0.pdf\">Ingl\u00e9s<\/a><\/p>\n\n\n\n<p><\/p>\n\n\n\n<h4 class=\"wp-block-heading\">Participantes<\/h4>\n\n\n\n<p><strong>Lista de participantes del CE-47<\/strong><br><a href=\"https:\/\/archive.iai.int\/admin\/site\/sites\/default\/files\/EC%2047%20Final%20List%20of%20Participants_2.pdf\" target=\"_blank\" rel=\"noreferrer noopener\">Clique aqu\u00ed<\/a><\/p>\n\n\n\n<p><\/p>\n\n\n\n<h4 class=\"wp-block-heading\">Informe final<\/h4>\n\n\n\n<p><strong>Informe de la 47a reuni\u00f3n del Consejo Ejecutivo del IAI<\/strong>&nbsp;<a href=\"https:\/\/archive.iai.int\/admin\/site\/sites\/default\/files\/EC-47-draft-report-sp.pdf\" target=\"_blank\" rel=\"noreferrer noopener\">espa\u00f1ol<\/a>&nbsp;&#8211;&nbsp;<a href=\"https:\/\/archive.iai.int\/admin\/site\/sites\/default\/files\/EC-47-draft-report-en.pdf\" target=\"_blank\" rel=\"noreferrer noopener\">ingl\u00e9s<\/a><\/p>\n\n\n\n<p><\/p>\n\n\n\n<div style=\"height:42px\" aria-hidden=\"true\" class=\"wp-block-spacer\"><\/div>\n\n\n\n<p><strong><a href=\"https:\/\/iai.int\/es\/reuniones-ec-y-cop\/\">Regresar a Reuniones EC y COP<\/a><\/strong><\/p>\n\n\n\n<div style=\"height:42px\" aria-hidden=\"true\" class=\"wp-block-spacer\"><\/div>\n","protected":false},"excerpt":{"rendered":"<p>4 de junio 2019, Brasilia, Brasil Agenda provisional Tema de agenda Documento Martes 4 de junio, sesi\u00f3n matutina (9:00-12:00) &nbsp; Bienvenida a cargo del Gobierno de Brasil Sin documento &nbsp; Bienvenida a cargo de la Presidenta del Consejo Ejecutivo Sin documento 1 Aprobaci\u00f3n de la agenda IAI\/EC\/47\/1Espa\u00f1ol&nbsp;\u2013&nbsp;Ingl\u00e9s 2 Di\u00e1logo CE &#8211; SAC &#8211; SPAC sobre [&hellip;]<\/p>\n","protected":false},"author":9,"featured_media":12462,"parent":0,"menu_order":0,"comment_status":"closed","ping_status":"closed","template":"","meta":{"_acf_changed":false,"_uag_custom_page_level_css":"","footnotes":""},"class_list":["post-12583","page","type-page","status-publish","has-post-thumbnail","hentry"],"acf":[],"yoast_head":"<!-- This site is optimized with the Yoast SEO plugin v27.3 - https:\/\/yoast.com\/product\/yoast-seo-wordpress\/ -->\n<title>47a reuni\u00f3n del Consejo Ejecutivo - IAI - Inter-American Institute for Global Change Research<\/title>\n<meta name=\"robots\" content=\"index, follow, max-snippet:-1, max-image-preview:large, max-video-preview:-1\" \/>\n<link rel=\"canonical\" href=\"https:\/\/iai.int\/es\/47a-reunion-del-consejo-ejecutivo\/\" \/>\n<meta property=\"og:locale\" content=\"es_ES\" \/>\n<meta property=\"og:type\" content=\"article\" \/>\n<meta property=\"og:title\" content=\"47a reuni\u00f3n del Consejo Ejecutivo - IAI - Inter-American Institute for Global Change Research\" \/>\n<meta property=\"og:description\" content=\"4 de junio 2019, Brasilia, Brasil Agenda provisional Tema de agenda Documento Martes 4 de junio, sesi\u00f3n matutina (9:00-12:00) &nbsp; Bienvenida a cargo del Gobierno de Brasil Sin documento &nbsp; Bienvenida a cargo de la Presidenta del Consejo Ejecutivo Sin documento 1 Aprobaci\u00f3n de la agenda IAI\/EC\/47\/1Espa\u00f1ol&nbsp;\u2013&nbsp;Ingl\u00e9s 2 Di\u00e1logo CE &#8211; SAC &#8211; SPAC sobre [&hellip;]\" \/>\n<meta property=\"og:url\" content=\"https:\/\/iai.int\/es\/47a-reunion-del-consejo-ejecutivo\/\" \/>\n<meta property=\"og:site_name\" content=\"IAI - Inter-American Institute for Global Change Research\" \/>\n<meta property=\"article:modified_time\" content=\"2026-01-13T16:05:27+00:00\" \/>\n<meta property=\"og:image\" content=\"https:\/\/iai.int\/wp-content\/uploads\/2026\/01\/14.png\" \/>\n\t<meta property=\"og:image:width\" content=\"1772\" \/>\n\t<meta property=\"og:image:height\" content=\"551\" \/>\n\t<meta property=\"og:image:type\" content=\"image\/png\" \/>\n<meta name=\"twitter:card\" content=\"summary_large_image\" \/>\n<meta name=\"twitter:label1\" content=\"Tiempo de lectura\" \/>\n\t<meta name=\"twitter:data1\" content=\"2 minutos\" \/>\n<script type=\"application\/ld+json\" class=\"yoast-schema-graph\">{\"@context\":\"https:\\\/\\\/schema.org\",\"@graph\":[{\"@type\":\"WebPage\",\"@id\":\"https:\\\/\\\/iai.int\\\/es\\\/47a-reunion-del-consejo-ejecutivo\\\/\",\"url\":\"https:\\\/\\\/iai.int\\\/es\\\/47a-reunion-del-consejo-ejecutivo\\\/\",\"name\":\"47a reuni\u00f3n del Consejo Ejecutivo - IAI - Inter-American Institute for Global Change Research\",\"isPartOf\":{\"@id\":\"https:\\\/\\\/iai.int\\\/es\\\/#website\"},\"primaryImageOfPage\":{\"@id\":\"https:\\\/\\\/iai.int\\\/es\\\/47a-reunion-del-consejo-ejecutivo\\\/#primaryimage\"},\"image\":{\"@id\":\"https:\\\/\\\/iai.int\\\/es\\\/47a-reunion-del-consejo-ejecutivo\\\/#primaryimage\"},\"thumbnailUrl\":\"https:\\\/\\\/iai.int\\\/wp-content\\\/uploads\\\/2026\\\/01\\\/14.png\",\"datePublished\":\"2026-01-07T21:05:23+00:00\",\"dateModified\":\"2026-01-13T16:05:27+00:00\",\"breadcrumb\":{\"@id\":\"https:\\\/\\\/iai.int\\\/es\\\/47a-reunion-del-consejo-ejecutivo\\\/#breadcrumb\"},\"inLanguage\":\"es\",\"potentialAction\":[{\"@type\":\"ReadAction\",\"target\":[\"https:\\\/\\\/iai.int\\\/es\\\/47a-reunion-del-consejo-ejecutivo\\\/\"]}]},{\"@type\":\"ImageObject\",\"inLanguage\":\"es\",\"@id\":\"https:\\\/\\\/iai.int\\\/es\\\/47a-reunion-del-consejo-ejecutivo\\\/#primaryimage\",\"url\":\"https:\\\/\\\/iai.int\\\/wp-content\\\/uploads\\\/2026\\\/01\\\/14.png\",\"contentUrl\":\"https:\\\/\\\/iai.int\\\/wp-content\\\/uploads\\\/2026\\\/01\\\/14.png\",\"width\":1772,\"height\":551},{\"@type\":\"BreadcrumbList\",\"@id\":\"https:\\\/\\\/iai.int\\\/es\\\/47a-reunion-del-consejo-ejecutivo\\\/#breadcrumb\",\"itemListElement\":[{\"@type\":\"ListItem\",\"position\":1,\"name\":\"Portada\",\"item\":\"https:\\\/\\\/iai.int\\\/es\\\/\"},{\"@type\":\"ListItem\",\"position\":2,\"name\":\"47a reuni\u00f3n del Consejo Ejecutivo\"}]},{\"@type\":\"WebSite\",\"@id\":\"https:\\\/\\\/iai.int\\\/es\\\/#website\",\"url\":\"https:\\\/\\\/iai.int\\\/es\\\/\",\"name\":\"IAI - Inter-American Institute for Global Change Research\",\"description\":\"\",\"publisher\":{\"@id\":\"https:\\\/\\\/iai.int\\\/es\\\/#organization\"},\"potentialAction\":[{\"@type\":\"SearchAction\",\"target\":{\"@type\":\"EntryPoint\",\"urlTemplate\":\"https:\\\/\\\/iai.int\\\/es\\\/?s={search_term_string}\"},\"query-input\":{\"@type\":\"PropertyValueSpecification\",\"valueRequired\":true,\"valueName\":\"search_term_string\"}}],\"inLanguage\":\"es\"},{\"@type\":\"Organization\",\"@id\":\"https:\\\/\\\/iai.int\\\/es\\\/#organization\",\"name\":\"IAI - Inter-American Institute for Global Change Research\",\"url\":\"https:\\\/\\\/iai.int\\\/es\\\/\",\"logo\":{\"@type\":\"ImageObject\",\"inLanguage\":\"es\",\"@id\":\"https:\\\/\\\/iai.int\\\/es\\\/#\\\/schema\\\/logo\\\/image\\\/\",\"url\":\"https:\\\/\\\/iai.int\\\/wp-content\\\/uploads\\\/2025\\\/11\\\/IAI-logo-English-scaled.png\",\"contentUrl\":\"https:\\\/\\\/iai.int\\\/wp-content\\\/uploads\\\/2025\\\/11\\\/IAI-logo-English-scaled.png\",\"width\":2560,\"height\":985,\"caption\":\"IAI - Inter-American Institute for Global Change Research\"},\"image\":{\"@id\":\"https:\\\/\\\/iai.int\\\/es\\\/#\\\/schema\\\/logo\\\/image\\\/\"}}]}<\/script>\n<!-- \/ Yoast SEO plugin. -->","yoast_head_json":{"title":"47a reuni\u00f3n del Consejo Ejecutivo - IAI - Inter-American Institute for Global Change Research","robots":{"index":"index","follow":"follow","max-snippet":"max-snippet:-1","max-image-preview":"max-image-preview:large","max-video-preview":"max-video-preview:-1"},"canonical":"https:\/\/iai.int\/es\/47a-reunion-del-consejo-ejecutivo\/","og_locale":"es_ES","og_type":"article","og_title":"47a reuni\u00f3n del Consejo Ejecutivo - IAI - Inter-American Institute for Global Change Research","og_description":"4 de junio 2019, Brasilia, Brasil Agenda provisional Tema de agenda Documento Martes 4 de junio, sesi\u00f3n matutina (9:00-12:00) &nbsp; Bienvenida a cargo del Gobierno de Brasil Sin documento &nbsp; Bienvenida a cargo de la Presidenta del Consejo Ejecutivo Sin documento 1 Aprobaci\u00f3n de la agenda IAI\/EC\/47\/1Espa\u00f1ol&nbsp;\u2013&nbsp;Ingl\u00e9s 2 Di\u00e1logo CE &#8211; SAC &#8211; SPAC sobre [&hellip;]","og_url":"https:\/\/iai.int\/es\/47a-reunion-del-consejo-ejecutivo\/","og_site_name":"IAI - Inter-American Institute for Global Change Research","article_modified_time":"2026-01-13T16:05:27+00:00","og_image":[{"width":1772,"height":551,"url":"https:\/\/iai.int\/wp-content\/uploads\/2026\/01\/14.png","type":"image\/png"}],"twitter_card":"summary_large_image","twitter_misc":{"Tiempo de lectura":"2 minutos"},"schema":{"@context":"https:\/\/schema.org","@graph":[{"@type":"WebPage","@id":"https:\/\/iai.int\/es\/47a-reunion-del-consejo-ejecutivo\/","url":"https:\/\/iai.int\/es\/47a-reunion-del-consejo-ejecutivo\/","name":"47a reuni\u00f3n del Consejo Ejecutivo - IAI - Inter-American Institute for Global Change Research","isPartOf":{"@id":"https:\/\/iai.int\/es\/#website"},"primaryImageOfPage":{"@id":"https:\/\/iai.int\/es\/47a-reunion-del-consejo-ejecutivo\/#primaryimage"},"image":{"@id":"https:\/\/iai.int\/es\/47a-reunion-del-consejo-ejecutivo\/#primaryimage"},"thumbnailUrl":"https:\/\/iai.int\/wp-content\/uploads\/2026\/01\/14.png","datePublished":"2026-01-07T21:05:23+00:00","dateModified":"2026-01-13T16:05:27+00:00","breadcrumb":{"@id":"https:\/\/iai.int\/es\/47a-reunion-del-consejo-ejecutivo\/#breadcrumb"},"inLanguage":"es","potentialAction":[{"@type":"ReadAction","target":["https:\/\/iai.int\/es\/47a-reunion-del-consejo-ejecutivo\/"]}]},{"@type":"ImageObject","inLanguage":"es","@id":"https:\/\/iai.int\/es\/47a-reunion-del-consejo-ejecutivo\/#primaryimage","url":"https:\/\/iai.int\/wp-content\/uploads\/2026\/01\/14.png","contentUrl":"https:\/\/iai.int\/wp-content\/uploads\/2026\/01\/14.png","width":1772,"height":551},{"@type":"BreadcrumbList","@id":"https:\/\/iai.int\/es\/47a-reunion-del-consejo-ejecutivo\/#breadcrumb","itemListElement":[{"@type":"ListItem","position":1,"name":"Portada","item":"https:\/\/iai.int\/es\/"},{"@type":"ListItem","position":2,"name":"47a reuni\u00f3n del Consejo Ejecutivo"}]},{"@type":"WebSite","@id":"https:\/\/iai.int\/es\/#website","url":"https:\/\/iai.int\/es\/","name":"IAI - Inter-American Institute for Global Change Research","description":"","publisher":{"@id":"https:\/\/iai.int\/es\/#organization"},"potentialAction":[{"@type":"SearchAction","target":{"@type":"EntryPoint","urlTemplate":"https:\/\/iai.int\/es\/?s={search_term_string}"},"query-input":{"@type":"PropertyValueSpecification","valueRequired":true,"valueName":"search_term_string"}}],"inLanguage":"es"},{"@type":"Organization","@id":"https:\/\/iai.int\/es\/#organization","name":"IAI - Inter-American Institute for Global Change Research","url":"https:\/\/iai.int\/es\/","logo":{"@type":"ImageObject","inLanguage":"es","@id":"https:\/\/iai.int\/es\/#\/schema\/logo\/image\/","url":"https:\/\/iai.int\/wp-content\/uploads\/2025\/11\/IAI-logo-English-scaled.png","contentUrl":"https:\/\/iai.int\/wp-content\/uploads\/2025\/11\/IAI-logo-English-scaled.png","width":2560,"height":985,"caption":"IAI - Inter-American Institute for Global Change Research"},"image":{"@id":"https:\/\/iai.int\/es\/#\/schema\/logo\/image\/"}}]}},"uagb_featured_image_src":{"full":["https:\/\/iai.int\/wp-content\/uploads\/2026\/01\/14.png",1772,551,false],"thumbnail":["https:\/\/iai.int\/wp-content\/uploads\/2026\/01\/14-150x150.png",150,150,true],"medium":["https:\/\/iai.int\/wp-content\/uploads\/2026\/01\/14-300x93.png",300,93,true],"medium_large":["https:\/\/iai.int\/wp-content\/uploads\/2026\/01\/14-768x239.png",768,239,true],"large":["https:\/\/iai.int\/wp-content\/uploads\/2026\/01\/14-1024x318.png",800,248,true],"1536x1536":["https:\/\/iai.int\/wp-content\/uploads\/2026\/01\/14-1536x478.png",1536,478,true],"2048x2048":["https:\/\/iai.int\/wp-content\/uploads\/2026\/01\/14.png",1772,551,false]},"uagb_author_info":{"display_name":"IAI Communication","author_link":"https:\/\/iai.int\/es\/author\/iai-communication\/"},"uagb_comment_info":0,"uagb_excerpt":"4 de junio 2019, Brasilia, Brasil Agenda provisional Tema de agenda Documento Martes 4 de junio, sesi\u00f3n matutina (9:00-12:00) &nbsp; Bienvenida a cargo del Gobierno de Brasil Sin documento &nbsp; Bienvenida a cargo de la Presidenta del Consejo Ejecutivo Sin documento 1 Aprobaci\u00f3n de la agenda IAI\/EC\/47\/1Espa\u00f1ol&nbsp;\u2013&nbsp;Ingl\u00e9s 2 Di\u00e1logo CE &#8211; SAC &#8211; SPAC sobre&hellip;","_links":{"self":[{"href":"https:\/\/iai.int\/es\/wp-json\/wp\/v2\/pages\/12583","targetHints":{"allow":["GET"]}}],"collection":[{"href":"https:\/\/iai.int\/es\/wp-json\/wp\/v2\/pages"}],"about":[{"href":"https:\/\/iai.int\/es\/wp-json\/wp\/v2\/types\/page"}],"author":[{"embeddable":true,"href":"https:\/\/iai.int\/es\/wp-json\/wp\/v2\/users\/9"}],"replies":[{"embeddable":true,"href":"https:\/\/iai.int\/es\/wp-json\/wp\/v2\/comments?post=12583"}],"version-history":[{"count":3,"href":"https:\/\/iai.int\/es\/wp-json\/wp\/v2\/pages\/12583\/revisions"}],"predecessor-version":[{"id":13226,"href":"https:\/\/iai.int\/es\/wp-json\/wp\/v2\/pages\/12583\/revisions\/13226"}],"wp:featuredmedia":[{"embeddable":true,"href":"https:\/\/iai.int\/es\/wp-json\/wp\/v2\/media\/12462"}],"wp:attachment":[{"href":"https:\/\/iai.int\/es\/wp-json\/wp\/v2\/media?parent=12583"}],"curies":[{"name":"wp","href":"https:\/\/api.w.org\/{rel}","templated":true}]}}