{"id":12571,"date":"2026-01-07T13:09:37","date_gmt":"2026-01-07T18:09:37","guid":{"rendered":"https:\/\/iai.int\/?page_id=12571"},"modified":"2026-01-13T18:11:01","modified_gmt":"2026-01-13T23:11:01","slug":"50a-reunion-del-consejo-ejecutivo","status":"publish","type":"page","link":"https:\/\/iai.int\/es\/50a-reunion-del-consejo-ejecutivo\/","title":{"rendered":"50a reuni\u00f3n del Consejo Ejecutivo"},"content":{"rendered":"\n<h3 class=\"wp-block-heading\">Videoconferencia, 19 de agosto de 2020, 14:00 UYT<\/h3>\n\n\n\n<p><small>11:00 \u2013 12:00: Ciudad de Guatemala, San Jos\u00e9&nbsp;<br>12:00 \u2013 13:00:&nbsp;<\/small>Bogot\u00e1, Kingston, Lima, Ciudad de M\u00e9xico, Ciudad de Panam\u00e1, Quito&nbsp;&nbsp;<small>&nbsp;&nbsp;<br>13:00 \u2013 14:00: Asunci\u00f3n, La Paz, Ottawa, Santiago, Santo Domingo, Washington, DC&nbsp;<br>14:00 \u2013 15:00: Brasilia, Buenos Aires, Montevideo<\/small><\/p>\n\n\n\n<p><\/p>\n\n\n\n<p>Agenda y documentos de trabajo<\/p>\n\n\n\n<figure class=\"wp-block-table\"><table><tbody><tr><td colspan=\"2\"><strong>Tema de agenda<\/strong><\/td><td colspan=\"2\"><strong>Documento<\/strong><\/td><\/tr><tr><td colspan=\"4\"><strong>15:00 &#8211; 16:00 UYT<\/strong><\/td><\/tr><tr><td>&nbsp;<\/td><td colspan=\"2\">Bienvenida a cargo del Presidente del Consejo Ejecutivo<\/td><td>Sin documento<\/td><\/tr><tr><td>1<\/td><td colspan=\"2\">Aprobaci\u00f3n de la agenda<\/td><td>IAI\/EC\/50\/1&nbsp;<a href=\"https:\/\/archive.iai.int\/administrador\/assets\/images\/ckfinder\/files\/iai-ec-50-1-sp-virtual(1).pdf\">espa\u00f1ol&nbsp;<\/a>&#8211;&nbsp;<a href=\"https:\/\/archive.iai.int\/administrador\/assets\/images\/ckfinder\/files\/IAI-EC-50-virtual.pdf\">ingl\u00e9s<\/a><\/td><\/tr><tr><td>2<\/td><td colspan=\"2\">Elecci\u00f3n de la Mesa Directiva del CE<\/td><td>Sin documento&nbsp;<\/td><\/tr><tr><td>3<\/td><td colspan=\"2\">Revisi\u00f3n de los temas de la CoP-28 para acci\u00f3n por el CE y estrategias de implementaci\u00f3n para las acciones del CE-49 y la CoP-28<\/td><td>Sin documento&nbsp;<\/td><\/tr><tr><td>4<\/td><td colspan=\"2\">Otras decisiones<\/td><td>Sin documento<\/td><\/tr><tr><td>5<\/td><td colspan=\"2\">Futuras reuniones y sitios<\/td><td>Sin documento<\/td><\/tr><tr><td>6<\/td><td colspan=\"2\">Discursos de clausura (Presidente del CE, Direcci\u00f3n Ejecutiva del IAI)<\/td><td>Sin documento<\/td><\/tr><\/tbody><\/table><\/figure>\n\n\n\n<p><\/p>\n\n\n\n<h4 class=\"wp-block-heading\">Documentos informativos<\/h4>\n\n\n\n<p>Reglamento del CE (<a href=\"https:\/\/archive.iai.int\/administrador\/assets\/images\/ckfinder\/files\/EC-Rules_approved-2013_SP-translation-format.pdf\">espa\u00f1ol&nbsp;<\/a>&#8211;&nbsp;<a href=\"https:\/\/archive.iai.int\/administrador\/assets\/images\/ckfinder\/files\/ec%20rules_approved%202013_final%2Bformat%2B(1).pdf\">ingl\u00e9s<\/a>)<\/p>\n\n\n\n<p><\/p>\n\n\n\n<h4 class=\"wp-block-heading\">Participantes<\/h4>\n\n\n\n<p><strong>Lista de participantes del CE-50<\/strong><br><a href=\"https:\/\/archive.iai.int\/administrador\/assets\/images\/ckfinder\/files\/EC-50%20Final%20List%20of%20ParticipantsSp.pdf\">Clique aqu\u00ed<\/a><\/p>\n\n\n\n<p><\/p>\n\n\n\n<h4 class=\"wp-block-heading\">Informe final<\/h4>\n\n\n\n<p><strong>Informe de la 50a reuni\u00f3n del Consejo Ejecutivo del IAI<\/strong>&nbsp;<a href=\"https:\/\/archive.iai.int\/administrador\/assets\/images\/ckfinder\/files\/EC-50-report-es.pdf\">espa\u00f1ol<\/a>&nbsp;&#8211;&nbsp;<a href=\"https:\/\/archive.iai.int\/administrador\/assets\/images\/ckfinder\/files\/EC-50-report-en.pdf\">ingl\u00e9s<\/a><\/p>\n\n\n\n<p><\/p>\n\n\n\n<div style=\"height:38px\" aria-hidden=\"true\" class=\"wp-block-spacer\"><\/div>\n\n\n\n<p><strong><a href=\"https:\/\/iai.int\/es\/reuniones-ec-y-cop\/\">Regresar a Reuniones EC y COP<\/a><\/strong><\/p>\n\n\n\n<div style=\"height:38px\" aria-hidden=\"true\" class=\"wp-block-spacer\"><\/div>\n","protected":false},"excerpt":{"rendered":"<p>Videoconferencia, 19 de agosto de 2020, 14:00 UYT 11:00 \u2013 12:00: Ciudad de Guatemala, San Jos\u00e9&nbsp;12:00 \u2013 13:00:&nbsp;Bogot\u00e1, Kingston, Lima, Ciudad de M\u00e9xico, Ciudad de Panam\u00e1, Quito&nbsp;&nbsp;&nbsp;&nbsp;13:00 \u2013 14:00: Asunci\u00f3n, La Paz, Ottawa, Santiago, Santo Domingo, Washington, DC&nbsp;14:00 \u2013 15:00: Brasilia, Buenos Aires, Montevideo Agenda y documentos de trabajo Tema de agenda Documento 15:00 &#8211; [&hellip;]<\/p>\n","protected":false},"author":9,"featured_media":12462,"parent":0,"menu_order":0,"comment_status":"closed","ping_status":"closed","template":"","meta":{"_acf_changed":false,"_uag_custom_page_level_css":"","footnotes":""},"class_list":["post-12571","page","type-page","status-publish","has-post-thumbnail","hentry"],"acf":[],"yoast_head":"<!-- This site is optimized with the Yoast SEO plugin v27.3 - https:\/\/yoast.com\/product\/yoast-seo-wordpress\/ -->\n<title>50a reuni\u00f3n del Consejo Ejecutivo - IAI - Inter-American Institute for Global Change Research<\/title>\n<meta name=\"robots\" content=\"index, follow, max-snippet:-1, max-image-preview:large, max-video-preview:-1\" \/>\n<link rel=\"canonical\" href=\"https:\/\/iai.int\/es\/50a-reunion-del-consejo-ejecutivo\/\" \/>\n<meta property=\"og:locale\" content=\"es_ES\" \/>\n<meta property=\"og:type\" content=\"article\" \/>\n<meta property=\"og:title\" content=\"50a reuni\u00f3n del Consejo Ejecutivo - IAI - Inter-American Institute for Global Change Research\" \/>\n<meta property=\"og:description\" content=\"Videoconferencia, 19 de agosto de 2020, 14:00 UYT 11:00 \u2013 12:00: Ciudad de Guatemala, San Jos\u00e9&nbsp;12:00 \u2013 13:00:&nbsp;Bogot\u00e1, Kingston, Lima, Ciudad de M\u00e9xico, Ciudad de Panam\u00e1, Quito&nbsp;&nbsp;&nbsp;&nbsp;13:00 \u2013 14:00: Asunci\u00f3n, La Paz, Ottawa, Santiago, Santo Domingo, Washington, DC&nbsp;14:00 \u2013 15:00: Brasilia, Buenos Aires, Montevideo Agenda y documentos de trabajo Tema de agenda Documento 15:00 &#8211; [&hellip;]\" \/>\n<meta property=\"og:url\" content=\"https:\/\/iai.int\/es\/50a-reunion-del-consejo-ejecutivo\/\" \/>\n<meta property=\"og:site_name\" content=\"IAI - Inter-American Institute for Global Change Research\" \/>\n<meta property=\"article:modified_time\" content=\"2026-01-13T23:11:01+00:00\" \/>\n<meta property=\"og:image\" content=\"https:\/\/iai.int\/wp-content\/uploads\/2026\/01\/14.png\" \/>\n\t<meta property=\"og:image:width\" content=\"1772\" \/>\n\t<meta property=\"og:image:height\" content=\"551\" \/>\n\t<meta property=\"og:image:type\" content=\"image\/png\" \/>\n<meta name=\"twitter:card\" content=\"summary_large_image\" \/>\n<meta name=\"twitter:label1\" content=\"Tiempo de lectura\" \/>\n\t<meta name=\"twitter:data1\" content=\"1 minuto\" \/>\n<script type=\"application\/ld+json\" class=\"yoast-schema-graph\">{\"@context\":\"https:\\\/\\\/schema.org\",\"@graph\":[{\"@type\":\"WebPage\",\"@id\":\"https:\\\/\\\/iai.int\\\/es\\\/50a-reunion-del-consejo-ejecutivo\\\/\",\"url\":\"https:\\\/\\\/iai.int\\\/es\\\/50a-reunion-del-consejo-ejecutivo\\\/\",\"name\":\"50a reuni\u00f3n del Consejo Ejecutivo - IAI - Inter-American Institute for Global Change Research\",\"isPartOf\":{\"@id\":\"https:\\\/\\\/iai.int\\\/es\\\/#website\"},\"primaryImageOfPage\":{\"@id\":\"https:\\\/\\\/iai.int\\\/es\\\/50a-reunion-del-consejo-ejecutivo\\\/#primaryimage\"},\"image\":{\"@id\":\"https:\\\/\\\/iai.int\\\/es\\\/50a-reunion-del-consejo-ejecutivo\\\/#primaryimage\"},\"thumbnailUrl\":\"https:\\\/\\\/iai.int\\\/wp-content\\\/uploads\\\/2026\\\/01\\\/14.png\",\"datePublished\":\"2026-01-07T18:09:37+00:00\",\"dateModified\":\"2026-01-13T23:11:01+00:00\",\"breadcrumb\":{\"@id\":\"https:\\\/\\\/iai.int\\\/es\\\/50a-reunion-del-consejo-ejecutivo\\\/#breadcrumb\"},\"inLanguage\":\"es\",\"potentialAction\":[{\"@type\":\"ReadAction\",\"target\":[\"https:\\\/\\\/iai.int\\\/es\\\/50a-reunion-del-consejo-ejecutivo\\\/\"]}]},{\"@type\":\"ImageObject\",\"inLanguage\":\"es\",\"@id\":\"https:\\\/\\\/iai.int\\\/es\\\/50a-reunion-del-consejo-ejecutivo\\\/#primaryimage\",\"url\":\"https:\\\/\\\/iai.int\\\/wp-content\\\/uploads\\\/2026\\\/01\\\/14.png\",\"contentUrl\":\"https:\\\/\\\/iai.int\\\/wp-content\\\/uploads\\\/2026\\\/01\\\/14.png\",\"width\":1772,\"height\":551},{\"@type\":\"BreadcrumbList\",\"@id\":\"https:\\\/\\\/iai.int\\\/es\\\/50a-reunion-del-consejo-ejecutivo\\\/#breadcrumb\",\"itemListElement\":[{\"@type\":\"ListItem\",\"position\":1,\"name\":\"Portada\",\"item\":\"https:\\\/\\\/iai.int\\\/es\\\/\"},{\"@type\":\"ListItem\",\"position\":2,\"name\":\"50a reuni\u00f3n del Consejo Ejecutivo\"}]},{\"@type\":\"WebSite\",\"@id\":\"https:\\\/\\\/iai.int\\\/es\\\/#website\",\"url\":\"https:\\\/\\\/iai.int\\\/es\\\/\",\"name\":\"IAI - Inter-American Institute for Global Change Research\",\"description\":\"\",\"publisher\":{\"@id\":\"https:\\\/\\\/iai.int\\\/es\\\/#organization\"},\"potentialAction\":[{\"@type\":\"SearchAction\",\"target\":{\"@type\":\"EntryPoint\",\"urlTemplate\":\"https:\\\/\\\/iai.int\\\/es\\\/?s={search_term_string}\"},\"query-input\":{\"@type\":\"PropertyValueSpecification\",\"valueRequired\":true,\"valueName\":\"search_term_string\"}}],\"inLanguage\":\"es\"},{\"@type\":\"Organization\",\"@id\":\"https:\\\/\\\/iai.int\\\/es\\\/#organization\",\"name\":\"IAI - Inter-American Institute for Global Change Research\",\"url\":\"https:\\\/\\\/iai.int\\\/es\\\/\",\"logo\":{\"@type\":\"ImageObject\",\"inLanguage\":\"es\",\"@id\":\"https:\\\/\\\/iai.int\\\/es\\\/#\\\/schema\\\/logo\\\/image\\\/\",\"url\":\"https:\\\/\\\/iai.int\\\/wp-content\\\/uploads\\\/2025\\\/11\\\/IAI-logo-English-scaled.png\",\"contentUrl\":\"https:\\\/\\\/iai.int\\\/wp-content\\\/uploads\\\/2025\\\/11\\\/IAI-logo-English-scaled.png\",\"width\":2560,\"height\":985,\"caption\":\"IAI - Inter-American Institute for Global Change Research\"},\"image\":{\"@id\":\"https:\\\/\\\/iai.int\\\/es\\\/#\\\/schema\\\/logo\\\/image\\\/\"}}]}<\/script>\n<!-- \/ Yoast SEO plugin. -->","yoast_head_json":{"title":"50a reuni\u00f3n del Consejo Ejecutivo - IAI - Inter-American Institute for Global Change Research","robots":{"index":"index","follow":"follow","max-snippet":"max-snippet:-1","max-image-preview":"max-image-preview:large","max-video-preview":"max-video-preview:-1"},"canonical":"https:\/\/iai.int\/es\/50a-reunion-del-consejo-ejecutivo\/","og_locale":"es_ES","og_type":"article","og_title":"50a reuni\u00f3n del Consejo Ejecutivo - IAI - Inter-American Institute for Global Change Research","og_description":"Videoconferencia, 19 de agosto de 2020, 14:00 UYT 11:00 \u2013 12:00: Ciudad de Guatemala, San Jos\u00e9&nbsp;12:00 \u2013 13:00:&nbsp;Bogot\u00e1, Kingston, Lima, Ciudad de M\u00e9xico, Ciudad de Panam\u00e1, Quito&nbsp;&nbsp;&nbsp;&nbsp;13:00 \u2013 14:00: Asunci\u00f3n, La Paz, Ottawa, Santiago, Santo Domingo, Washington, DC&nbsp;14:00 \u2013 15:00: Brasilia, Buenos Aires, Montevideo Agenda y documentos de trabajo Tema de agenda Documento 15:00 &#8211; [&hellip;]","og_url":"https:\/\/iai.int\/es\/50a-reunion-del-consejo-ejecutivo\/","og_site_name":"IAI - Inter-American Institute for Global Change Research","article_modified_time":"2026-01-13T23:11:01+00:00","og_image":[{"width":1772,"height":551,"url":"https:\/\/iai.int\/wp-content\/uploads\/2026\/01\/14.png","type":"image\/png"}],"twitter_card":"summary_large_image","twitter_misc":{"Tiempo de lectura":"1 minuto"},"schema":{"@context":"https:\/\/schema.org","@graph":[{"@type":"WebPage","@id":"https:\/\/iai.int\/es\/50a-reunion-del-consejo-ejecutivo\/","url":"https:\/\/iai.int\/es\/50a-reunion-del-consejo-ejecutivo\/","name":"50a reuni\u00f3n del Consejo Ejecutivo - IAI - Inter-American Institute for Global Change Research","isPartOf":{"@id":"https:\/\/iai.int\/es\/#website"},"primaryImageOfPage":{"@id":"https:\/\/iai.int\/es\/50a-reunion-del-consejo-ejecutivo\/#primaryimage"},"image":{"@id":"https:\/\/iai.int\/es\/50a-reunion-del-consejo-ejecutivo\/#primaryimage"},"thumbnailUrl":"https:\/\/iai.int\/wp-content\/uploads\/2026\/01\/14.png","datePublished":"2026-01-07T18:09:37+00:00","dateModified":"2026-01-13T23:11:01+00:00","breadcrumb":{"@id":"https:\/\/iai.int\/es\/50a-reunion-del-consejo-ejecutivo\/#breadcrumb"},"inLanguage":"es","potentialAction":[{"@type":"ReadAction","target":["https:\/\/iai.int\/es\/50a-reunion-del-consejo-ejecutivo\/"]}]},{"@type":"ImageObject","inLanguage":"es","@id":"https:\/\/iai.int\/es\/50a-reunion-del-consejo-ejecutivo\/#primaryimage","url":"https:\/\/iai.int\/wp-content\/uploads\/2026\/01\/14.png","contentUrl":"https:\/\/iai.int\/wp-content\/uploads\/2026\/01\/14.png","width":1772,"height":551},{"@type":"BreadcrumbList","@id":"https:\/\/iai.int\/es\/50a-reunion-del-consejo-ejecutivo\/#breadcrumb","itemListElement":[{"@type":"ListItem","position":1,"name":"Portada","item":"https:\/\/iai.int\/es\/"},{"@type":"ListItem","position":2,"name":"50a reuni\u00f3n del Consejo Ejecutivo"}]},{"@type":"WebSite","@id":"https:\/\/iai.int\/es\/#website","url":"https:\/\/iai.int\/es\/","name":"IAI - Inter-American Institute for Global Change Research","description":"","publisher":{"@id":"https:\/\/iai.int\/es\/#organization"},"potentialAction":[{"@type":"SearchAction","target":{"@type":"EntryPoint","urlTemplate":"https:\/\/iai.int\/es\/?s={search_term_string}"},"query-input":{"@type":"PropertyValueSpecification","valueRequired":true,"valueName":"search_term_string"}}],"inLanguage":"es"},{"@type":"Organization","@id":"https:\/\/iai.int\/es\/#organization","name":"IAI - Inter-American Institute for Global Change Research","url":"https:\/\/iai.int\/es\/","logo":{"@type":"ImageObject","inLanguage":"es","@id":"https:\/\/iai.int\/es\/#\/schema\/logo\/image\/","url":"https:\/\/iai.int\/wp-content\/uploads\/2025\/11\/IAI-logo-English-scaled.png","contentUrl":"https:\/\/iai.int\/wp-content\/uploads\/2025\/11\/IAI-logo-English-scaled.png","width":2560,"height":985,"caption":"IAI - Inter-American Institute for Global Change Research"},"image":{"@id":"https:\/\/iai.int\/es\/#\/schema\/logo\/image\/"}}]}},"uagb_featured_image_src":{"full":["https:\/\/iai.int\/wp-content\/uploads\/2026\/01\/14.png",1772,551,false],"thumbnail":["https:\/\/iai.int\/wp-content\/uploads\/2026\/01\/14-150x150.png",150,150,true],"medium":["https:\/\/iai.int\/wp-content\/uploads\/2026\/01\/14-300x93.png",300,93,true],"medium_large":["https:\/\/iai.int\/wp-content\/uploads\/2026\/01\/14-768x239.png",768,239,true],"large":["https:\/\/iai.int\/wp-content\/uploads\/2026\/01\/14-1024x318.png",800,248,true],"1536x1536":["https:\/\/iai.int\/wp-content\/uploads\/2026\/01\/14-1536x478.png",1536,478,true],"2048x2048":["https:\/\/iai.int\/wp-content\/uploads\/2026\/01\/14.png",1772,551,false]},"uagb_author_info":{"display_name":"IAI Communication","author_link":"https:\/\/iai.int\/es\/author\/iai-communication\/"},"uagb_comment_info":0,"uagb_excerpt":"Videoconferencia, 19 de agosto de 2020, 14:00 UYT 11:00 \u2013 12:00: Ciudad de Guatemala, San Jos\u00e9&nbsp;12:00 \u2013 13:00:&nbsp;Bogot\u00e1, Kingston, Lima, Ciudad de M\u00e9xico, Ciudad de Panam\u00e1, Quito&nbsp;&nbsp;&nbsp;&nbsp;13:00 \u2013 14:00: Asunci\u00f3n, La Paz, Ottawa, Santiago, Santo Domingo, Washington, DC&nbsp;14:00 \u2013 15:00: Brasilia, Buenos Aires, Montevideo Agenda y documentos de trabajo Tema de agenda Documento 15:00 &#8211;&hellip;","_links":{"self":[{"href":"https:\/\/iai.int\/es\/wp-json\/wp\/v2\/pages\/12571","targetHints":{"allow":["GET"]}}],"collection":[{"href":"https:\/\/iai.int\/es\/wp-json\/wp\/v2\/pages"}],"about":[{"href":"https:\/\/iai.int\/es\/wp-json\/wp\/v2\/types\/page"}],"author":[{"embeddable":true,"href":"https:\/\/iai.int\/es\/wp-json\/wp\/v2\/users\/9"}],"replies":[{"embeddable":true,"href":"https:\/\/iai.int\/es\/wp-json\/wp\/v2\/comments?post=12571"}],"version-history":[{"count":3,"href":"https:\/\/iai.int\/es\/wp-json\/wp\/v2\/pages\/12571\/revisions"}],"predecessor-version":[{"id":13370,"href":"https:\/\/iai.int\/es\/wp-json\/wp\/v2\/pages\/12571\/revisions\/13370"}],"wp:featuredmedia":[{"embeddable":true,"href":"https:\/\/iai.int\/es\/wp-json\/wp\/v2\/media\/12462"}],"wp:attachment":[{"href":"https:\/\/iai.int\/es\/wp-json\/wp\/v2\/media?parent=12571"}],"curies":[{"name":"wp","href":"https:\/\/api.w.org\/{rel}","templated":true}]}}