{"id":12557,"date":"2026-01-07T12:55:16","date_gmt":"2026-01-07T17:55:16","guid":{"rendered":"https:\/\/iai.int\/?page_id=12557"},"modified":"2026-01-13T18:13:54","modified_gmt":"2026-01-13T23:13:54","slug":"52a-reunion-del-consejo-ejecutivo","status":"publish","type":"page","link":"https:\/\/iai.int\/es\/52a-reunion-del-consejo-ejecutivo\/","title":{"rendered":"52a reuni\u00f3n del Consejo Ejecutivo"},"content":{"rendered":"\n<h3 class=\"wp-block-heading\">Videoconferencia, 18&nbsp;de noviembre, 2021<\/h3>\n\n\n\n<p><small><strong>Guatemala&nbsp;<\/strong><\/small><strong>\/<\/strong><small><strong>&nbsp;San Jos\u00e9: 8<\/strong><\/small><strong><small>:00 a&nbsp;11:00&nbsp;<\/small>(CST)<\/strong><br><small><strong>Bogot\u00e1&nbsp;<\/strong><\/small><strong>\/&nbsp;<\/strong><small><strong>Kingston&nbsp;<\/strong><\/small><strong>\/<\/strong><small><strong>&nbsp;Lima&nbsp;<\/strong><\/small><strong>\/<\/strong><small><strong>&nbsp;M\u00e9xico&nbsp;<\/strong><\/small><strong>\/<\/strong><small><strong>&nbsp;<\/strong><\/small><strong><small>Ottawa \/&nbsp;<\/small><\/strong><small><strong>Panam\u00e1&nbsp;<\/strong><\/small><strong>\/<\/strong><small><strong>&nbsp;Quito \/ Washington, DC: 9<\/strong><\/small><strong><small>:00 a 12:00&nbsp;<\/small>(EST)<\/strong><br><small><strong>Asunci\u00f3n&nbsp;<\/strong><\/small><strong>\/<\/strong><small><strong>&nbsp;La Paz<\/strong><\/small><small><strong>&nbsp;<\/strong><\/small><strong>\/<\/strong><small><strong>&nbsp;Santiago&nbsp;<\/strong><\/small><strong>\/<\/strong><small><strong>&nbsp;Santo Domingo<\/strong><\/small><small><strong>: 10<\/strong><\/small><strong><small>:00 a 13:00<\/small>&nbsp;(EDT)<\/strong><br><small><strong>Brasilia&nbsp;<\/strong><\/small><strong>\/&nbsp;<\/strong><small><strong>Buenos Aires&nbsp;<\/strong><\/small><strong>\/<\/strong><small><strong>&nbsp;Montevideo: 11:00 a&nbsp;14:00 (UYT)<\/strong><\/small><\/p>\n\n\n\n<p><\/p>\n\n\n\n<p><\/p>\n\n\n\n<h4 class=\"wp-block-heading\">Agenda y documentos de trabajo<br><\/h4>\n\n\n\n<figure class=\"wp-block-table\"><table><tbody><tr><td colspan=\"2\"><strong>Tema de agenda<\/strong><strong><\/strong><\/td><td colspan=\"2\"><strong>Documento<\/strong><strong><\/strong><\/td><\/tr><tr><td colspan=\"4\"><strong>Jueves, 18 de noviembre de 2021&nbsp;<br>(11:00 &#8211; 14:00 UYT)<\/strong><\/td><\/tr><tr><td colspan=\"4\">Apertura de la reuni\u00f3n<\/td><\/tr><tr><td colspan=\"4\">Bienvenida a cargo de la Presidente del Consejo Ejecutivo<\/td><\/tr><tr><td colspan=\"4\">Bienvenida a cargo del Director Ejecutivo<\/td><\/tr><tr><td colspan=\"4\">Asuntos administrativos y financieros<\/td><\/tr><tr><td>1<\/td><td colspan=\"2\">Aprobaci\u00f3n de la&nbsp; agenda<\/td><td>IAI\/EC\/52\/1&nbsp;<a href=\"https:\/\/archive.iai.int\/administrador\/assets\/images\/ckfinder\/files\/IAI-EC-52-1-es-SN(1).pdf\">Espa\u00f1ol<\/a>&nbsp;&#8211;&nbsp;<a href=\"https:\/\/archive.iai.int\/administrador\/assets\/images\/ckfinder\/files\/IAI-EC-52-virtual-2021-09-21-final_SN(1).pdf\">Ingl\u00e9s<\/a>&nbsp;&nbsp;<\/td><\/tr><tr><td>2<\/td><td colspan=\"2\">Revisi\u00f3n de los temas de la CoP-29 para acci\u00f3n del CE y estrategias de implementaci\u00f3n para las Decisiones de la CE-51 y la CoP-29<\/td><td>Sin documento<\/td><\/tr><tr><td>3<\/td><td colspan=\"2\">Visi\u00f3n general del Presupuesto Operativo y Contribuciones de las Partes del AF 2021-2022<\/td><td>IAI\/EC\/52\/3&nbsp;<a href=\"https:\/\/archive.iai.int\/administrador\/assets\/images\/ckfinder\/files\/IAI-EC-52-3-es.pdf\">Espa\u00f1ol<\/a>&nbsp;&#8211;&nbsp;<a href=\"https:\/\/archive.iai.int\/administrador\/assets\/images\/ckfinder\/files\/IAI-EC-52-3-en.pdf\">Ingl\u00e9s<\/a>&nbsp;&nbsp;<\/td><\/tr><tr><td>4<\/td><td colspan=\"2\">Informe resumido de la Direcci\u00f3n Ejecutiva: a) Ciencia b) Desarrollo de Capacidades c) Datos, informaci\u00f3n y conciencia p\u00fablica (30\u00b0 aniversario del IAI)<\/td><td>IAI\/EC\/52\/4&nbsp;<a href=\"https:\/\/archive.iai.int\/administrador\/assets\/images\/ckfinder\/files\/IAI-EC-52-4-es.pdf\">Espa\u00f1ol<\/a>&nbsp;&#8211;&nbsp;<a href=\"https:\/\/archive.iai.int\/administrador\/assets\/images\/ckfinder\/files\/IAI-EC-52-4-en.pdf\">Ingl\u00e9s<\/a>&nbsp; &nbsp; &nbsp;&nbsp;<\/td><\/tr><tr><td>5<\/td><td colspan=\"2\">Respuestas de las Partes a la encuesta de satisfacci\u00f3n sobre la organizaci\u00f3n de la CoP-29<\/td><td>IAI\/EC\/52\/5&nbsp;<a href=\"https:\/\/archive.iai.int\/administrador\/assets\/images\/ckfinder\/files\/IAI-EC-52-5-es.pdf\">Espa\u00f1ol<\/a>&nbsp;&#8211;&nbsp;<a href=\"https:\/\/archive.iai.int\/administrador\/assets\/images\/ckfinder\/files\/IAI-EC-52-5-en(1).pdf\">Ingl\u00e9s<\/a>&nbsp; &nbsp;&nbsp;<\/td><\/tr><tr><td>6<\/td><td colspan=\"2\">Otras decisiones<\/td><td>Sin documento<\/td><\/tr><tr><td>7<\/td><td colspan=\"2\">Futuras reuniones y sitios<\/td><td>Sin documento<\/td><\/tr><tr><td>8<\/td><td colspan=\"2\">Discursos de clausura (Partes, Observadores, Director Ejecutivo)<\/td><td>Sin documento<\/td><\/tr><\/tbody><\/table><\/figure>\n\n\n\n<p><\/p>\n\n\n\n<h4 class=\"wp-block-heading\">Notificaciones<\/h4>\n\n\n\n<p><strong>RECORDATORIO: Presentaciones a las Partes sobre los resultados del Programa de Peque\u00f1os Subsidios, 17 de noviembre de 2021 y la 52a reuni\u00f3n del Consejo Ejecutivo del IAI, 18 de noviembre de 2021<\/strong><br>Ref: IAIUYDIR\/2021\/026&nbsp;<a href=\"https:\/\/www.iai.int\/admin\/site\/sites\/default\/files\/notificaciones\/nt-2021-026-es.pdf\">Espa\u00f1ol<\/a>&nbsp;&#8211;&nbsp;<a href=\"https:\/\/www.iai.int\/admin\/site\/sites\/default\/files\/notificaciones\/nt-2021-026-en.pdf\">Ingl\u00e9s<\/a>&nbsp;<\/p>\n\n\n\n<p><strong>Registro para la CE-52 y documentos oficiales disponible<\/strong><br>Ref: IAIUYDIR\/2021\/021&nbsp;<a href=\"https:\/\/www.iai.int\/admin\/site\/sites\/default\/files\/notificaciones\/nt-2021-021-es_0.pdf\">Espa\u00f1ol<\/a>&nbsp;&#8211;&nbsp;<a href=\"https:\/\/www.iai.int\/admin\/site\/sites\/default\/files\/notificaciones\/nt-2021-021-en_0.pdf\">Ingl\u00e9s<\/a><\/p>\n\n\n\n<p><strong>Fecha de la 52a reuni\u00f3n del Consejo Ejecutivo<\/strong><br>Ref: IAIUYDIR\/2021\/019&nbsp;<a href=\"https:\/\/www.iai.int\/admin\/site\/sites\/default\/files\/notificaciones\/nt-2021-019-es.pdf\">Espa\u00f1ol<\/a>&nbsp;&#8211;&nbsp;<a href=\"https:\/\/www.iai.int\/admin\/site\/sites\/default\/files\/notificaciones\/nt-2021-019-en.pdf\">Ingl\u00e9s<\/a>&nbsp;<\/p>\n\n\n\n<p><strong>Informe de la reuni\u00f3n del CE-52 disponible para revisi\u00f3n y comentarios<\/strong><br>Ref: IAIUYDIR\/2021\/029&nbsp;<a href=\"https:\/\/archive.iai.int\/administrador\/assets\/images\/ckfinder\/files\/nt-2021-029-es.pdf\" target=\"_blank\" rel=\"noreferrer noopener\">Espa\u00f1ol<\/a>&nbsp;&#8211;&nbsp;<a href=\"https:\/\/archive.iai.int\/administrador\/assets\/images\/ckfinder\/files\/nt-2021-029-en.pdf\" target=\"_blank\" rel=\"noreferrer noopener\">Ingl\u00e9s<\/a>&nbsp;<\/p>\n\n\n\n<figure class=\"wp-block-image\"><img decoding=\"async\" src=\"https:\/\/platform-cdn.sharethis.com\/img\/linkedin.svg\" alt=\"linkedin sharing button\"\/><\/figure>\n\n\n\n<h4 class=\"wp-block-heading\"><strong>Lista de participantes del CE-52<\/strong><\/h4>\n\n\n\n<p>Clique&nbsp;<a href=\"https:\/\/archive.iai.int\/administrador\/assets\/images\/ckfinder\/files\/EC-52%20Final%20List%20of%20Participants(1).pdf\">aqu\u00ed<\/a><\/p>\n\n\n\n<p><\/p>\n\n\n\n<h4 class=\"wp-block-heading\"><strong><strong> <\/strong>Informe de la 52a reuni\u00f3n del Consejo Ejecutivo del IAI<\/strong>&nbsp;<\/h4>\n\n\n\n<p><a href=\"https:\/\/archive.iai.int\/administrador\/assets\/images\/ckfinder\/files\/EC-52-%20report-es.pdf\" target=\"_blank\" rel=\"noreferrer noopener\">espa\u00f1ol<\/a>&nbsp;&#8211;&nbsp;<a href=\"https:\/\/archive.iai.int\/administrador\/assets\/images\/ckfinder\/files\/EC-52-report-en.pdf\" target=\"_blank\" rel=\"noreferrer noopener\">ingl\u00e9s<\/a><\/p>\n\n\n\n<div style=\"height:43px\" aria-hidden=\"true\" class=\"wp-block-spacer\"><\/div>\n\n\n\n<p><strong><a href=\"https:\/\/iai.int\/es\/reuniones-ec-y-cop\/\">Regresar a Reuniones EC y COP<\/a><\/strong><\/p>\n\n\n\n<div style=\"height:30px\" aria-hidden=\"true\" class=\"wp-block-spacer\"><\/div>\n","protected":false},"excerpt":{"rendered":"<p>Videoconferencia, 18&nbsp;de noviembre, 2021 Guatemala&nbsp;\/&nbsp;San Jos\u00e9: 8:00 a&nbsp;11:00&nbsp;(CST)Bogot\u00e1&nbsp;\/&nbsp;Kingston&nbsp;\/&nbsp;Lima&nbsp;\/&nbsp;M\u00e9xico&nbsp;\/&nbsp;Ottawa \/&nbsp;Panam\u00e1&nbsp;\/&nbsp;Quito \/ Washington, DC: 9:00 a 12:00&nbsp;(EST)Asunci\u00f3n&nbsp;\/&nbsp;La Paz&nbsp;\/&nbsp;Santiago&nbsp;\/&nbsp;Santo Domingo: 10:00 a 13:00&nbsp;(EDT)Brasilia&nbsp;\/&nbsp;Buenos Aires&nbsp;\/&nbsp;Montevideo: 11:00 a&nbsp;14:00 (UYT) Agenda y documentos de trabajo Tema de agenda Documento Jueves, 18 de noviembre de 2021&nbsp;(11:00 &#8211; 14:00 UYT) Apertura de la reuni\u00f3n Bienvenida a cargo de la Presidente del Consejo Ejecutivo [&hellip;]<\/p>\n","protected":false},"author":9,"featured_media":12462,"parent":0,"menu_order":0,"comment_status":"closed","ping_status":"closed","template":"","meta":{"_acf_changed":false,"_uag_custom_page_level_css":"","footnotes":""},"class_list":["post-12557","page","type-page","status-publish","has-post-thumbnail","hentry"],"acf":[],"yoast_head":"<!-- This site is optimized with the Yoast SEO plugin v27.3 - https:\/\/yoast.com\/product\/yoast-seo-wordpress\/ -->\n<title>52a reuni\u00f3n del Consejo Ejecutivo - IAI - Inter-American Institute for Global Change Research<\/title>\n<meta name=\"robots\" content=\"index, follow, max-snippet:-1, max-image-preview:large, max-video-preview:-1\" \/>\n<link rel=\"canonical\" href=\"https:\/\/iai.int\/es\/52a-reunion-del-consejo-ejecutivo\/\" \/>\n<meta property=\"og:locale\" content=\"es_ES\" \/>\n<meta property=\"og:type\" content=\"article\" \/>\n<meta property=\"og:title\" content=\"52a reuni\u00f3n del Consejo Ejecutivo - IAI - Inter-American Institute for Global Change Research\" \/>\n<meta property=\"og:description\" content=\"Videoconferencia, 18&nbsp;de noviembre, 2021 Guatemala&nbsp;\/&nbsp;San Jos\u00e9: 8:00 a&nbsp;11:00&nbsp;(CST)Bogot\u00e1&nbsp;\/&nbsp;Kingston&nbsp;\/&nbsp;Lima&nbsp;\/&nbsp;M\u00e9xico&nbsp;\/&nbsp;Ottawa \/&nbsp;Panam\u00e1&nbsp;\/&nbsp;Quito \/ Washington, DC: 9:00 a 12:00&nbsp;(EST)Asunci\u00f3n&nbsp;\/&nbsp;La Paz&nbsp;\/&nbsp;Santiago&nbsp;\/&nbsp;Santo Domingo: 10:00 a 13:00&nbsp;(EDT)Brasilia&nbsp;\/&nbsp;Buenos Aires&nbsp;\/&nbsp;Montevideo: 11:00 a&nbsp;14:00 (UYT) Agenda y documentos de trabajo Tema de agenda Documento Jueves, 18 de noviembre de 2021&nbsp;(11:00 &#8211; 14:00 UYT) Apertura de la reuni\u00f3n Bienvenida a cargo de la Presidente del Consejo Ejecutivo [&hellip;]\" \/>\n<meta property=\"og:url\" content=\"https:\/\/iai.int\/es\/52a-reunion-del-consejo-ejecutivo\/\" \/>\n<meta property=\"og:site_name\" content=\"IAI - Inter-American Institute for Global Change Research\" \/>\n<meta property=\"article:modified_time\" content=\"2026-01-13T23:13:54+00:00\" \/>\n<meta property=\"og:image\" content=\"https:\/\/iai.int\/wp-content\/uploads\/2026\/01\/14.png\" \/>\n\t<meta property=\"og:image:width\" content=\"1772\" \/>\n\t<meta property=\"og:image:height\" content=\"551\" \/>\n\t<meta property=\"og:image:type\" content=\"image\/png\" \/>\n<meta name=\"twitter:card\" content=\"summary_large_image\" \/>\n<meta name=\"twitter:label1\" content=\"Tiempo de lectura\" \/>\n\t<meta name=\"twitter:data1\" content=\"2 minutos\" \/>\n<script type=\"application\/ld+json\" class=\"yoast-schema-graph\">{\"@context\":\"https:\\\/\\\/schema.org\",\"@graph\":[{\"@type\":\"WebPage\",\"@id\":\"https:\\\/\\\/iai.int\\\/es\\\/52a-reunion-del-consejo-ejecutivo\\\/\",\"url\":\"https:\\\/\\\/iai.int\\\/es\\\/52a-reunion-del-consejo-ejecutivo\\\/\",\"name\":\"52a reuni\u00f3n del Consejo Ejecutivo - IAI - Inter-American Institute for Global Change Research\",\"isPartOf\":{\"@id\":\"https:\\\/\\\/iai.int\\\/es\\\/#website\"},\"primaryImageOfPage\":{\"@id\":\"https:\\\/\\\/iai.int\\\/es\\\/52a-reunion-del-consejo-ejecutivo\\\/#primaryimage\"},\"image\":{\"@id\":\"https:\\\/\\\/iai.int\\\/es\\\/52a-reunion-del-consejo-ejecutivo\\\/#primaryimage\"},\"thumbnailUrl\":\"https:\\\/\\\/iai.int\\\/wp-content\\\/uploads\\\/2026\\\/01\\\/14.png\",\"datePublished\":\"2026-01-07T17:55:16+00:00\",\"dateModified\":\"2026-01-13T23:13:54+00:00\",\"breadcrumb\":{\"@id\":\"https:\\\/\\\/iai.int\\\/es\\\/52a-reunion-del-consejo-ejecutivo\\\/#breadcrumb\"},\"inLanguage\":\"es\",\"potentialAction\":[{\"@type\":\"ReadAction\",\"target\":[\"https:\\\/\\\/iai.int\\\/es\\\/52a-reunion-del-consejo-ejecutivo\\\/\"]}]},{\"@type\":\"ImageObject\",\"inLanguage\":\"es\",\"@id\":\"https:\\\/\\\/iai.int\\\/es\\\/52a-reunion-del-consejo-ejecutivo\\\/#primaryimage\",\"url\":\"https:\\\/\\\/iai.int\\\/wp-content\\\/uploads\\\/2026\\\/01\\\/14.png\",\"contentUrl\":\"https:\\\/\\\/iai.int\\\/wp-content\\\/uploads\\\/2026\\\/01\\\/14.png\",\"width\":1772,\"height\":551},{\"@type\":\"BreadcrumbList\",\"@id\":\"https:\\\/\\\/iai.int\\\/es\\\/52a-reunion-del-consejo-ejecutivo\\\/#breadcrumb\",\"itemListElement\":[{\"@type\":\"ListItem\",\"position\":1,\"name\":\"Portada\",\"item\":\"https:\\\/\\\/iai.int\\\/es\\\/\"},{\"@type\":\"ListItem\",\"position\":2,\"name\":\"52a reuni\u00f3n del Consejo Ejecutivo\"}]},{\"@type\":\"WebSite\",\"@id\":\"https:\\\/\\\/iai.int\\\/es\\\/#website\",\"url\":\"https:\\\/\\\/iai.int\\\/es\\\/\",\"name\":\"IAI - Inter-American Institute for Global Change Research\",\"description\":\"\",\"publisher\":{\"@id\":\"https:\\\/\\\/iai.int\\\/es\\\/#organization\"},\"potentialAction\":[{\"@type\":\"SearchAction\",\"target\":{\"@type\":\"EntryPoint\",\"urlTemplate\":\"https:\\\/\\\/iai.int\\\/es\\\/?s={search_term_string}\"},\"query-input\":{\"@type\":\"PropertyValueSpecification\",\"valueRequired\":true,\"valueName\":\"search_term_string\"}}],\"inLanguage\":\"es\"},{\"@type\":\"Organization\",\"@id\":\"https:\\\/\\\/iai.int\\\/es\\\/#organization\",\"name\":\"IAI - Inter-American Institute for Global Change Research\",\"url\":\"https:\\\/\\\/iai.int\\\/es\\\/\",\"logo\":{\"@type\":\"ImageObject\",\"inLanguage\":\"es\",\"@id\":\"https:\\\/\\\/iai.int\\\/es\\\/#\\\/schema\\\/logo\\\/image\\\/\",\"url\":\"https:\\\/\\\/iai.int\\\/wp-content\\\/uploads\\\/2025\\\/11\\\/IAI-logo-English-scaled.png\",\"contentUrl\":\"https:\\\/\\\/iai.int\\\/wp-content\\\/uploads\\\/2025\\\/11\\\/IAI-logo-English-scaled.png\",\"width\":2560,\"height\":985,\"caption\":\"IAI - Inter-American Institute for Global Change Research\"},\"image\":{\"@id\":\"https:\\\/\\\/iai.int\\\/es\\\/#\\\/schema\\\/logo\\\/image\\\/\"}}]}<\/script>\n<!-- \/ Yoast SEO plugin. -->","yoast_head_json":{"title":"52a reuni\u00f3n del Consejo Ejecutivo - IAI - Inter-American Institute for Global Change Research","robots":{"index":"index","follow":"follow","max-snippet":"max-snippet:-1","max-image-preview":"max-image-preview:large","max-video-preview":"max-video-preview:-1"},"canonical":"https:\/\/iai.int\/es\/52a-reunion-del-consejo-ejecutivo\/","og_locale":"es_ES","og_type":"article","og_title":"52a reuni\u00f3n del Consejo Ejecutivo - IAI - Inter-American Institute for Global Change Research","og_description":"Videoconferencia, 18&nbsp;de noviembre, 2021 Guatemala&nbsp;\/&nbsp;San Jos\u00e9: 8:00 a&nbsp;11:00&nbsp;(CST)Bogot\u00e1&nbsp;\/&nbsp;Kingston&nbsp;\/&nbsp;Lima&nbsp;\/&nbsp;M\u00e9xico&nbsp;\/&nbsp;Ottawa \/&nbsp;Panam\u00e1&nbsp;\/&nbsp;Quito \/ Washington, DC: 9:00 a 12:00&nbsp;(EST)Asunci\u00f3n&nbsp;\/&nbsp;La Paz&nbsp;\/&nbsp;Santiago&nbsp;\/&nbsp;Santo Domingo: 10:00 a 13:00&nbsp;(EDT)Brasilia&nbsp;\/&nbsp;Buenos Aires&nbsp;\/&nbsp;Montevideo: 11:00 a&nbsp;14:00 (UYT) Agenda y documentos de trabajo Tema de agenda Documento Jueves, 18 de noviembre de 2021&nbsp;(11:00 &#8211; 14:00 UYT) Apertura de la reuni\u00f3n Bienvenida a cargo de la Presidente del Consejo Ejecutivo [&hellip;]","og_url":"https:\/\/iai.int\/es\/52a-reunion-del-consejo-ejecutivo\/","og_site_name":"IAI - Inter-American Institute for Global Change Research","article_modified_time":"2026-01-13T23:13:54+00:00","og_image":[{"width":1772,"height":551,"url":"https:\/\/iai.int\/wp-content\/uploads\/2026\/01\/14.png","type":"image\/png"}],"twitter_card":"summary_large_image","twitter_misc":{"Tiempo de lectura":"2 minutos"},"schema":{"@context":"https:\/\/schema.org","@graph":[{"@type":"WebPage","@id":"https:\/\/iai.int\/es\/52a-reunion-del-consejo-ejecutivo\/","url":"https:\/\/iai.int\/es\/52a-reunion-del-consejo-ejecutivo\/","name":"52a reuni\u00f3n del Consejo Ejecutivo - IAI - Inter-American Institute for Global Change Research","isPartOf":{"@id":"https:\/\/iai.int\/es\/#website"},"primaryImageOfPage":{"@id":"https:\/\/iai.int\/es\/52a-reunion-del-consejo-ejecutivo\/#primaryimage"},"image":{"@id":"https:\/\/iai.int\/es\/52a-reunion-del-consejo-ejecutivo\/#primaryimage"},"thumbnailUrl":"https:\/\/iai.int\/wp-content\/uploads\/2026\/01\/14.png","datePublished":"2026-01-07T17:55:16+00:00","dateModified":"2026-01-13T23:13:54+00:00","breadcrumb":{"@id":"https:\/\/iai.int\/es\/52a-reunion-del-consejo-ejecutivo\/#breadcrumb"},"inLanguage":"es","potentialAction":[{"@type":"ReadAction","target":["https:\/\/iai.int\/es\/52a-reunion-del-consejo-ejecutivo\/"]}]},{"@type":"ImageObject","inLanguage":"es","@id":"https:\/\/iai.int\/es\/52a-reunion-del-consejo-ejecutivo\/#primaryimage","url":"https:\/\/iai.int\/wp-content\/uploads\/2026\/01\/14.png","contentUrl":"https:\/\/iai.int\/wp-content\/uploads\/2026\/01\/14.png","width":1772,"height":551},{"@type":"BreadcrumbList","@id":"https:\/\/iai.int\/es\/52a-reunion-del-consejo-ejecutivo\/#breadcrumb","itemListElement":[{"@type":"ListItem","position":1,"name":"Portada","item":"https:\/\/iai.int\/es\/"},{"@type":"ListItem","position":2,"name":"52a reuni\u00f3n del Consejo Ejecutivo"}]},{"@type":"WebSite","@id":"https:\/\/iai.int\/es\/#website","url":"https:\/\/iai.int\/es\/","name":"IAI - Inter-American Institute for Global Change Research","description":"","publisher":{"@id":"https:\/\/iai.int\/es\/#organization"},"potentialAction":[{"@type":"SearchAction","target":{"@type":"EntryPoint","urlTemplate":"https:\/\/iai.int\/es\/?s={search_term_string}"},"query-input":{"@type":"PropertyValueSpecification","valueRequired":true,"valueName":"search_term_string"}}],"inLanguage":"es"},{"@type":"Organization","@id":"https:\/\/iai.int\/es\/#organization","name":"IAI - Inter-American Institute for Global Change Research","url":"https:\/\/iai.int\/es\/","logo":{"@type":"ImageObject","inLanguage":"es","@id":"https:\/\/iai.int\/es\/#\/schema\/logo\/image\/","url":"https:\/\/iai.int\/wp-content\/uploads\/2025\/11\/IAI-logo-English-scaled.png","contentUrl":"https:\/\/iai.int\/wp-content\/uploads\/2025\/11\/IAI-logo-English-scaled.png","width":2560,"height":985,"caption":"IAI - Inter-American Institute for Global Change Research"},"image":{"@id":"https:\/\/iai.int\/es\/#\/schema\/logo\/image\/"}}]}},"uagb_featured_image_src":{"full":["https:\/\/iai.int\/wp-content\/uploads\/2026\/01\/14.png",1772,551,false],"thumbnail":["https:\/\/iai.int\/wp-content\/uploads\/2026\/01\/14-150x150.png",150,150,true],"medium":["https:\/\/iai.int\/wp-content\/uploads\/2026\/01\/14-300x93.png",300,93,true],"medium_large":["https:\/\/iai.int\/wp-content\/uploads\/2026\/01\/14-768x239.png",768,239,true],"large":["https:\/\/iai.int\/wp-content\/uploads\/2026\/01\/14-1024x318.png",800,248,true],"1536x1536":["https:\/\/iai.int\/wp-content\/uploads\/2026\/01\/14-1536x478.png",1536,478,true],"2048x2048":["https:\/\/iai.int\/wp-content\/uploads\/2026\/01\/14.png",1772,551,false]},"uagb_author_info":{"display_name":"IAI Communication","author_link":"https:\/\/iai.int\/es\/author\/iai-communication\/"},"uagb_comment_info":0,"uagb_excerpt":"Videoconferencia, 18&nbsp;de noviembre, 2021 Guatemala&nbsp;\/&nbsp;San Jos\u00e9: 8:00 a&nbsp;11:00&nbsp;(CST)Bogot\u00e1&nbsp;\/&nbsp;Kingston&nbsp;\/&nbsp;Lima&nbsp;\/&nbsp;M\u00e9xico&nbsp;\/&nbsp;Ottawa \/&nbsp;Panam\u00e1&nbsp;\/&nbsp;Quito \/ Washington, DC: 9:00 a 12:00&nbsp;(EST)Asunci\u00f3n&nbsp;\/&nbsp;La Paz&nbsp;\/&nbsp;Santiago&nbsp;\/&nbsp;Santo Domingo: 10:00 a 13:00&nbsp;(EDT)Brasilia&nbsp;\/&nbsp;Buenos Aires&nbsp;\/&nbsp;Montevideo: 11:00 a&nbsp;14:00 (UYT) Agenda y documentos de trabajo Tema de agenda Documento Jueves, 18 de noviembre de 2021&nbsp;(11:00 &#8211; 14:00 UYT) Apertura de la reuni\u00f3n Bienvenida a cargo de la Presidente del Consejo Ejecutivo&hellip;","_links":{"self":[{"href":"https:\/\/iai.int\/es\/wp-json\/wp\/v2\/pages\/12557","targetHints":{"allow":["GET"]}}],"collection":[{"href":"https:\/\/iai.int\/es\/wp-json\/wp\/v2\/pages"}],"about":[{"href":"https:\/\/iai.int\/es\/wp-json\/wp\/v2\/types\/page"}],"author":[{"embeddable":true,"href":"https:\/\/iai.int\/es\/wp-json\/wp\/v2\/users\/9"}],"replies":[{"embeddable":true,"href":"https:\/\/iai.int\/es\/wp-json\/wp\/v2\/comments?post=12557"}],"version-history":[{"count":4,"href":"https:\/\/iai.int\/es\/wp-json\/wp\/v2\/pages\/12557\/revisions"}],"predecessor-version":[{"id":13378,"href":"https:\/\/iai.int\/es\/wp-json\/wp\/v2\/pages\/12557\/revisions\/13378"}],"wp:featuredmedia":[{"embeddable":true,"href":"https:\/\/iai.int\/es\/wp-json\/wp\/v2\/media\/12462"}],"wp:attachment":[{"href":"https:\/\/iai.int\/es\/wp-json\/wp\/v2\/media?parent=12557"}],"curies":[{"name":"wp","href":"https:\/\/api.w.org\/{rel}","templated":true}]}}