{"id":12542,"date":"2026-01-07T12:35:38","date_gmt":"2026-01-07T17:35:38","guid":{"rendered":"https:\/\/iai.int\/?page_id=12542"},"modified":"2026-01-13T18:15:10","modified_gmt":"2026-01-13T23:15:10","slug":"54a-reunion-del-consejo-ejecutivo","status":"publish","type":"page","link":"https:\/\/iai.int\/es\/54a-reunion-del-consejo-ejecutivo\/","title":{"rendered":"54a reuni\u00f3n del Consejo Ejecutivo"},"content":{"rendered":"\n<p><\/p>\n\n\n\n<h3 class=\"wp-block-heading\">Montevideo y videoconferencia, martes 15&nbsp;de noviembre, 2022<\/h3>\n\n\n\n<p><small><strong>Guatemala&nbsp;<\/strong><\/small><strong>\/&nbsp;<\/strong><small><strong>Ciudad de M\u00e9xico&nbsp;<\/strong><\/small><strong>\/<\/strong><small><strong>&nbsp;San Jos\u00e9 de Costa Rica<\/strong><\/small><small><strong>: 8<\/strong><\/small><strong><small>:00 a 11:00<\/small><\/strong><br><small><strong>Bogot\u00e1&nbsp;<\/strong><\/small><strong>\/&nbsp;<\/strong><small><strong>Kingston&nbsp;<\/strong><\/small><strong>\/<\/strong><small><strong>&nbsp;Lima&nbsp;<\/strong><\/small><strong><small>\/&nbsp;<\/small><\/strong><small><strong>Panam\u00e1&nbsp;<\/strong><\/small><strong>\/<\/strong><small><strong>&nbsp;Quito:&nbsp;9<\/strong><\/small><strong><small>:00 a 12:00<\/small><\/strong><br><small><strong>La Paz&nbsp;<\/strong><\/small><strong>\/&nbsp;<\/strong><small><strong>Ottawa&nbsp;<\/strong><\/small><strong>\/<\/strong><small><strong>&nbsp;Santo Domingo&nbsp;<\/strong><\/small><strong><small>\/&nbsp;<\/small><\/strong><small><strong>Washington, DC<\/strong><\/small><small><strong>: 10<\/strong><\/small><strong><small>:00 a 13:00&nbsp;<\/small><\/strong><br><small><strong>Asunci\u00f3n \/ Brasilia \/ Buenos Aires \/ Montevideo \/ Santiago de Chile<\/strong><\/small><small><strong>: 11<\/strong><\/small><strong><small>:00 a 14:00<\/small><\/strong><\/p>\n\n\n\n<p><\/p>\n\n\n\n<h4 class=\"wp-block-heading\">Agenda y documentos de trabajo<\/h4>\n\n\n\n<p><\/p>\n\n\n\n<figure class=\"wp-block-table\"><table><tbody><tr><td colspan=\"2\"><strong>Tema de agenda<\/strong><strong><\/strong><\/td><td colspan=\"2\"><strong>Documento<\/strong><strong><\/strong><\/td><\/tr><tr><td colspan=\"4\"><strong>Martes, 15 de noviembre de 2022<br>(11:00 &#8211; 14:00 UYT)<\/strong><\/td><\/tr><tr><td colspan=\"4\">Apertura de la reuni\u00f3n<\/td><\/tr><tr><td colspan=\"4\">Bienvenida a cargo de la Presidente del Consejo Ejecutivo<\/td><\/tr><tr><td colspan=\"4\">Bienvenida a cargo del Director Ejecutivo<\/td><\/tr><tr><td colspan=\"4\">Asuntos administrativos y financieros<\/td><\/tr><tr><td>1<\/td><td colspan=\"2\">Aprobaci\u00f3n de la&nbsp; agenda<\/td><td>IAI\/EC\/54\/1&nbsp;<a href=\"https:\/\/archive.iai.int\/administrador\/assets\/images\/ckfinder\/files\/IAI-EC-54-1-es-rev.pdf\">Espa\u00f1ol<\/a>&nbsp;&#8211;&nbsp;<a href=\"https:\/\/archive.iai.int\/administrador\/assets\/images\/ckfinder\/files\/IAI-EC-54-1-en-rev.pdf\">Ingl\u00e9s<\/a>&nbsp;&nbsp;<\/td><\/tr><tr><td>2<\/td><td colspan=\"2\">Revisi\u00f3n de las Decisiones adoptadas por la 30.a reuni\u00f3n de la Conferencia de las Partes<\/td><td>IAI\/EC\/54\/2&nbsp;<a href=\"https:\/\/archive.iai.int\/administrador\/assets\/images\/ckfinder\/files\/IAI-EC-54-2-es.pdf\">Espa\u00f1ol<\/a>&nbsp;&#8211;&nbsp;<a href=\"https:\/\/archive.iai.int\/administrador\/assets\/images\/ckfinder\/files\/IAI-EC-54-2-en.pdf\">Ingl\u00e9s<\/a><\/td><\/tr><tr><td>3<\/td><td colspan=\"2\">Visi\u00f3n general del Presupuesto Operativo y Contribuciones de las Partes para el a\u00f1o fiscal AF 2022-2023<\/td><td>IAI\/EC\/54\/3&nbsp;<a href=\"https:\/\/archive.iai.int\/administrador\/assets\/images\/ckfinder\/files\/IAI-EC-54-3-es.pdf\">Espa\u00f1ol<\/a>&nbsp;&#8211;&nbsp;<a href=\"https:\/\/archive.iai.int\/administrador\/assets\/images\/ckfinder\/files\/IAI-EC-54-3-en.pdf\">Ingl\u00e9s<\/a><\/td><\/tr><tr><td>4<\/td><td colspan=\"2\">Informe resumido de las actividades de la&nbsp;Direcci\u00f3n Ejecutiva: a) Ciencia &nbsp; &nbsp; &nbsp; &nbsp;i)&nbsp;Anexo: Avances sobre la Evaluaci\u00f3n Regional&nbsp; b) Desarrollo de Capacidades &nbsp; &nbsp; &nbsp; &nbsp;i) Decision XXX\/9: Comit\u00e9 directivo sobre diplomacia cient\u00edfica c) Datos, informaci\u00f3n y sensibilizaci\u00f3n p\u00fablica&nbsp;<\/td><td>IAI\/EC\/54\/4&nbsp;<a href=\"https:\/\/archive.iai.int\/administrador\/assets\/images\/ckfinder\/files\/IAI-EC-54-4-es.pdf\">Espa\u00f1ol&nbsp;<\/a>&#8211;&nbsp;<a href=\"https:\/\/archive.iai.int\/administrador\/assets\/images\/ckfinder\/files\/IAI-EC-54-4-en%20.pdf\">Ingl\u00e9s<\/a> IAI\/EC\/54\/4\/a\/i&nbsp;<a href=\"https:\/\/archive.iai.int\/administrador\/assets\/images\/ckfinder\/files\/IAI-EC-54-4-a-i-es.pdf\">Espa\u00f1ol<\/a>&nbsp;&#8211;&nbsp;<a href=\"https:\/\/archive.iai.int\/administrador\/assets\/images\/ckfinder\/files\/IAI-EC-54-4-a-i-en.pdf\">Ingl\u00e9s<\/a><br>Sin documento&nbsp;<\/td><\/tr><tr><td>5<\/td><td colspan=\"2\">Decisi\u00f3n XXIX\/16: Evaluaci\u00f3n regional&nbsp;<\/td><td>Sin documento<\/td><\/tr><tr><td>6<\/td><td colspan=\"2\">Respuestas de las Partes a la encuesta sobre la organizaci\u00f3n de la CoP-30<\/td><td>IAI\/EC\/54\/6&nbsp;<a href=\"https:\/\/archive.iai.int\/administrador\/assets\/images\/ckfinder\/files\/IAI-EC-54-6-es.pdf\">Espa\u00f1ol&nbsp;<\/a>&#8211;&nbsp;<a href=\"https:\/\/archive.iai.int\/administrador\/assets\/images\/ckfinder\/files\/IAI-EC-54-6-en.pdf\">Ingl\u00e9s<\/a><\/td><\/tr><tr><td>7<\/td><td colspan=\"2\">Otras decisiones<\/td><td>Sin documento<\/td><\/tr><tr><td>8<\/td><td colspan=\"2\">Futuras reuniones y sitios<\/td><td>Sin documento<\/td><\/tr><tr><td>9<\/td><td colspan=\"2\">Actualizaci\u00f3n sobre el reclutamiento del nuevo Director Ejecutivo del IAI<\/td><td>Sin documento<\/td><\/tr><tr><td>10<\/td><td colspan=\"2\">Discursos de clausura (Parte anfitriona, Partes, Observadores, Director Ejecutivo)<\/td><td>Sin documento<\/td><\/tr><\/tbody><\/table><\/figure>\n\n\n\n<p><\/p>\n\n\n\n<h4 class=\"wp-block-heading\">Notificaciones<\/h4>\n\n\n\n<p><strong>Informe de la CE-54 disponible para revisi\u00f3n y comentarios<\/strong><br>Ref: IAIUYDIR\/2022\/44&nbsp;<a href=\"https:\/\/www.iai.int\/admin\/site\/sites\/default\/files\/notificaciones\/nt-2022-44-es.pdf\">Espa\u00f1ol<\/a>&nbsp;&#8211;&nbsp;<a href=\"https:\/\/www.iai.int\/admin\/site\/sites\/default\/files\/notificaciones\/nt-2022-44-en.pdf\">Ingl\u00e9s<\/a>&nbsp;<\/p>\n\n\n\n<p><strong>Informaci\u00f3n sobre el uso de Zoom para la 54.a reuni\u00f3n del Consejo Ejecutivo<\/strong><br>Ref: IAIUYDIR\/2022\/40&nbsp;<a href=\"https:\/\/www.iai.int\/admin\/site\/sites\/default\/files\/notificaciones\/nt-2022-40-es.pdf\">Espa\u00f1ol<\/a>&nbsp;&#8211;&nbsp;<a href=\"https:\/\/www.iai.int\/admin\/site\/sites\/default\/files\/notificaciones\/nt-2022-40-en.pdf\">Ingl\u00e9s<\/a>&nbsp;&#8211; &#8211;&nbsp;<a href=\"https:\/\/www.iai.int\/admin\/site\/sites\/default\/files\/nt-2022-40-es_annex.pdf\">Anexo espa\u00f1ol<\/a>&nbsp;&#8211;&nbsp;<a href=\"https:\/\/www.iai.int\/admin\/site\/sites\/default\/files\/nt-2022-40-en_annex.pdf\">Anex ingl\u00e9s<\/a>&nbsp;<\/p>\n\n\n\n<p><strong>Registro para la CE-54&nbsp;y documentos oficiales disponible<\/strong><br>Ref: IAIUYDIR\/2022\/38&nbsp;<a href=\"https:\/\/archive.iai.int\/administrador\/assets\/images\/ckfinder\/files\/nt-2022-038-es.pdf\">Espa\u00f1ol&nbsp;<\/a>&#8211;&nbsp;<a href=\"https:\/\/archive.iai.int\/administrador\/assets\/images\/ckfinder\/files\/nt-2022-038-en.pdf\">Ingl\u00e9s<\/a><\/p>\n\n\n\n<p><strong>54.\u00aa reuni\u00f3n del Consejo Ejecutivo a celebrarse el 15 de noviembre de 2022<\/strong><br>Ref: IAIUYDIR\/2022\/32&nbsp;<a href=\"https:\/\/www.iai.int\/admin\/site\/sites\/default\/files\/notificaciones\/nt-2022-32-es.pdf\">Espa\u00f1ol<\/a>&nbsp;&#8211;&nbsp;<a href=\"https:\/\/www.iai.int\/admin\/site\/sites\/default\/files\/notificaciones\/nt-2022-32-en.pdf\">Ingl\u00e9s<\/a>&nbsp;<\/p>\n\n\n\n<p><\/p>\n\n\n\n<h4 class=\"wp-block-heading\">Lista de participantes del CE-54<\/h4>\n\n\n\n<p>Clique&nbsp;<a href=\"https:\/\/archive.iai.int\/administrador\/assets\/images\/ckfinder\/files\/CE-54-List%20of%20Participants.pdf\">aqu\u00ed<\/a><\/p>\n\n\n\n<p><strong><strong>INFORMACI\u00d3N LOG\u00cdSTICA<\/strong><\/strong><\/p>\n\n\n\n<p><strong><a href=\"https:\/\/www.iai.int\/pdf\/es\/Logistics-EC-54-es.pdf\">Espa\u00f1ol&nbsp;<\/a>&#8211;&nbsp;<a href=\"https:\/\/www.iai.int\/pdf\/en\/Logistics-EC-54-en.pdf\">Ingl\u00e9s<\/a><\/strong><\/p>\n\n\n\n<p><\/p>\n\n\n\n<h4 class=\"wp-block-heading\">Informe de la 54a reuni\u00f3n del Consejo Ejecutivo del IAI<\/h4>\n\n\n\n<p><strong><a href=\"https:\/\/archive.iai.int\/administrador\/assets\/images\/ckfinder\/files\/EC-54-final-report-es.pdf\">Espa\u00f1ol<\/a><\/strong>&nbsp;&#8211;&nbsp;<strong><a href=\"https:\/\/archive.iai.int\/administrador\/assets\/images\/ckfinder\/files\/EC-54-final-report-en.pdf\">Ingl\u00e9s<\/a><\/strong><\/p>\n\n\n\n<p><\/p>\n\n\n\n<h1 class=\"wp-block-heading\"><\/h1>\n\n\n\n<h4 class=\"wp-block-heading\">Presentaciones de la CE-54<\/h4>\n\n\n\n<p><a href=\"https:\/\/archive.iai.int\/administrador\/assets\/images\/ckfinder\/files\/Science%20Program%20EC%20Nov%202022_ESP.pptx\">Ciencia<\/a><\/p>\n\n\n\n<p><a href=\"https:\/\/archive.iai.int\/administrador\/assets\/images\/ckfinder\/files\/RA%20ppt%20for%20EC%20meeting.pptx\">Evaluaci\u00f3n Regional<\/a><\/p>\n\n\n\n<p><a href=\"https:\/\/archive.iai.int\/administrador\/assets\/images\/ckfinder\/files\/CBreport_EC54.pptx\">Desarrollo de Capacidades<\/a><\/p>\n\n\n\n<div style=\"height:52px\" aria-hidden=\"true\" class=\"wp-block-spacer\"><\/div>\n\n\n\n<p><strong><a href=\"https:\/\/iai.int\/es\/reuniones-ec-y-cop\/\">Regresar a Reuniones EC y COP<\/a><\/strong><\/p>\n\n\n\n<p><\/p>\n","protected":false},"excerpt":{"rendered":"<p>Montevideo y videoconferencia, martes 15&nbsp;de noviembre, 2022 Guatemala&nbsp;\/&nbsp;Ciudad de M\u00e9xico&nbsp;\/&nbsp;San Jos\u00e9 de Costa Rica: 8:00 a 11:00Bogot\u00e1&nbsp;\/&nbsp;Kingston&nbsp;\/&nbsp;Lima&nbsp;\/&nbsp;Panam\u00e1&nbsp;\/&nbsp;Quito:&nbsp;9:00 a 12:00La Paz&nbsp;\/&nbsp;Ottawa&nbsp;\/&nbsp;Santo Domingo&nbsp;\/&nbsp;Washington, DC: 10:00 a 13:00&nbsp;Asunci\u00f3n \/ Brasilia \/ Buenos Aires \/ Montevideo \/ Santiago de Chile: 11:00 a 14:00 Agenda y documentos de trabajo Tema de agenda Documento Martes, 15 de noviembre de 2022(11:00 &#8211; [&hellip;]<\/p>\n","protected":false},"author":9,"featured_media":12462,"parent":0,"menu_order":0,"comment_status":"closed","ping_status":"closed","template":"","meta":{"_acf_changed":false,"_uag_custom_page_level_css":"","footnotes":""},"class_list":["post-12542","page","type-page","status-publish","has-post-thumbnail","hentry"],"acf":[],"yoast_head":"<!-- This site is optimized with the Yoast SEO plugin v27.3 - https:\/\/yoast.com\/product\/yoast-seo-wordpress\/ -->\n<title>54a reuni\u00f3n del Consejo Ejecutivo - IAI - Inter-American Institute for Global Change Research<\/title>\n<meta name=\"robots\" content=\"index, follow, max-snippet:-1, max-image-preview:large, max-video-preview:-1\" \/>\n<link rel=\"canonical\" href=\"https:\/\/iai.int\/es\/54a-reunion-del-consejo-ejecutivo\/\" \/>\n<meta property=\"og:locale\" content=\"es_ES\" \/>\n<meta property=\"og:type\" content=\"article\" \/>\n<meta property=\"og:title\" content=\"54a reuni\u00f3n del Consejo Ejecutivo - IAI - Inter-American Institute for Global Change Research\" \/>\n<meta property=\"og:description\" content=\"Montevideo y videoconferencia, martes 15&nbsp;de noviembre, 2022 Guatemala&nbsp;\/&nbsp;Ciudad de M\u00e9xico&nbsp;\/&nbsp;San Jos\u00e9 de Costa Rica: 8:00 a 11:00Bogot\u00e1&nbsp;\/&nbsp;Kingston&nbsp;\/&nbsp;Lima&nbsp;\/&nbsp;Panam\u00e1&nbsp;\/&nbsp;Quito:&nbsp;9:00 a 12:00La Paz&nbsp;\/&nbsp;Ottawa&nbsp;\/&nbsp;Santo Domingo&nbsp;\/&nbsp;Washington, DC: 10:00 a 13:00&nbsp;Asunci\u00f3n \/ Brasilia \/ Buenos Aires \/ Montevideo \/ Santiago de Chile: 11:00 a 14:00 Agenda y documentos de trabajo Tema de agenda Documento Martes, 15 de noviembre de 2022(11:00 &#8211; [&hellip;]\" \/>\n<meta property=\"og:url\" content=\"https:\/\/iai.int\/es\/54a-reunion-del-consejo-ejecutivo\/\" \/>\n<meta property=\"og:site_name\" content=\"IAI - Inter-American Institute for Global Change Research\" \/>\n<meta property=\"article:modified_time\" content=\"2026-01-13T23:15:10+00:00\" \/>\n<meta property=\"og:image\" content=\"https:\/\/iai.int\/wp-content\/uploads\/2026\/01\/14.png\" \/>\n\t<meta property=\"og:image:width\" content=\"1772\" \/>\n\t<meta property=\"og:image:height\" content=\"551\" \/>\n\t<meta property=\"og:image:type\" content=\"image\/png\" \/>\n<meta name=\"twitter:card\" content=\"summary_large_image\" \/>\n<meta name=\"twitter:label1\" content=\"Tiempo de lectura\" \/>\n\t<meta name=\"twitter:data1\" content=\"2 minutos\" \/>\n<script type=\"application\/ld+json\" class=\"yoast-schema-graph\">{\"@context\":\"https:\\\/\\\/schema.org\",\"@graph\":[{\"@type\":\"WebPage\",\"@id\":\"https:\\\/\\\/iai.int\\\/es\\\/54a-reunion-del-consejo-ejecutivo\\\/\",\"url\":\"https:\\\/\\\/iai.int\\\/es\\\/54a-reunion-del-consejo-ejecutivo\\\/\",\"name\":\"54a reuni\u00f3n del Consejo Ejecutivo - IAI - Inter-American Institute for Global Change Research\",\"isPartOf\":{\"@id\":\"https:\\\/\\\/iai.int\\\/es\\\/#website\"},\"primaryImageOfPage\":{\"@id\":\"https:\\\/\\\/iai.int\\\/es\\\/54a-reunion-del-consejo-ejecutivo\\\/#primaryimage\"},\"image\":{\"@id\":\"https:\\\/\\\/iai.int\\\/es\\\/54a-reunion-del-consejo-ejecutivo\\\/#primaryimage\"},\"thumbnailUrl\":\"https:\\\/\\\/iai.int\\\/wp-content\\\/uploads\\\/2026\\\/01\\\/14.png\",\"datePublished\":\"2026-01-07T17:35:38+00:00\",\"dateModified\":\"2026-01-13T23:15:10+00:00\",\"breadcrumb\":{\"@id\":\"https:\\\/\\\/iai.int\\\/es\\\/54a-reunion-del-consejo-ejecutivo\\\/#breadcrumb\"},\"inLanguage\":\"es\",\"potentialAction\":[{\"@type\":\"ReadAction\",\"target\":[\"https:\\\/\\\/iai.int\\\/es\\\/54a-reunion-del-consejo-ejecutivo\\\/\"]}]},{\"@type\":\"ImageObject\",\"inLanguage\":\"es\",\"@id\":\"https:\\\/\\\/iai.int\\\/es\\\/54a-reunion-del-consejo-ejecutivo\\\/#primaryimage\",\"url\":\"https:\\\/\\\/iai.int\\\/wp-content\\\/uploads\\\/2026\\\/01\\\/14.png\",\"contentUrl\":\"https:\\\/\\\/iai.int\\\/wp-content\\\/uploads\\\/2026\\\/01\\\/14.png\",\"width\":1772,\"height\":551},{\"@type\":\"BreadcrumbList\",\"@id\":\"https:\\\/\\\/iai.int\\\/es\\\/54a-reunion-del-consejo-ejecutivo\\\/#breadcrumb\",\"itemListElement\":[{\"@type\":\"ListItem\",\"position\":1,\"name\":\"Portada\",\"item\":\"https:\\\/\\\/iai.int\\\/es\\\/\"},{\"@type\":\"ListItem\",\"position\":2,\"name\":\"54a reuni\u00f3n del Consejo Ejecutivo\"}]},{\"@type\":\"WebSite\",\"@id\":\"https:\\\/\\\/iai.int\\\/es\\\/#website\",\"url\":\"https:\\\/\\\/iai.int\\\/es\\\/\",\"name\":\"IAI - Inter-American Institute for Global Change Research\",\"description\":\"\",\"publisher\":{\"@id\":\"https:\\\/\\\/iai.int\\\/es\\\/#organization\"},\"potentialAction\":[{\"@type\":\"SearchAction\",\"target\":{\"@type\":\"EntryPoint\",\"urlTemplate\":\"https:\\\/\\\/iai.int\\\/es\\\/?s={search_term_string}\"},\"query-input\":{\"@type\":\"PropertyValueSpecification\",\"valueRequired\":true,\"valueName\":\"search_term_string\"}}],\"inLanguage\":\"es\"},{\"@type\":\"Organization\",\"@id\":\"https:\\\/\\\/iai.int\\\/es\\\/#organization\",\"name\":\"IAI - Inter-American Institute for Global Change Research\",\"url\":\"https:\\\/\\\/iai.int\\\/es\\\/\",\"logo\":{\"@type\":\"ImageObject\",\"inLanguage\":\"es\",\"@id\":\"https:\\\/\\\/iai.int\\\/es\\\/#\\\/schema\\\/logo\\\/image\\\/\",\"url\":\"https:\\\/\\\/iai.int\\\/wp-content\\\/uploads\\\/2025\\\/11\\\/IAI-logo-English-scaled.png\",\"contentUrl\":\"https:\\\/\\\/iai.int\\\/wp-content\\\/uploads\\\/2025\\\/11\\\/IAI-logo-English-scaled.png\",\"width\":2560,\"height\":985,\"caption\":\"IAI - Inter-American Institute for Global Change Research\"},\"image\":{\"@id\":\"https:\\\/\\\/iai.int\\\/es\\\/#\\\/schema\\\/logo\\\/image\\\/\"}}]}<\/script>\n<!-- \/ Yoast SEO plugin. -->","yoast_head_json":{"title":"54a reuni\u00f3n del Consejo Ejecutivo - IAI - Inter-American Institute for Global Change Research","robots":{"index":"index","follow":"follow","max-snippet":"max-snippet:-1","max-image-preview":"max-image-preview:large","max-video-preview":"max-video-preview:-1"},"canonical":"https:\/\/iai.int\/es\/54a-reunion-del-consejo-ejecutivo\/","og_locale":"es_ES","og_type":"article","og_title":"54a reuni\u00f3n del Consejo Ejecutivo - IAI - Inter-American Institute for Global Change Research","og_description":"Montevideo y videoconferencia, martes 15&nbsp;de noviembre, 2022 Guatemala&nbsp;\/&nbsp;Ciudad de M\u00e9xico&nbsp;\/&nbsp;San Jos\u00e9 de Costa Rica: 8:00 a 11:00Bogot\u00e1&nbsp;\/&nbsp;Kingston&nbsp;\/&nbsp;Lima&nbsp;\/&nbsp;Panam\u00e1&nbsp;\/&nbsp;Quito:&nbsp;9:00 a 12:00La Paz&nbsp;\/&nbsp;Ottawa&nbsp;\/&nbsp;Santo Domingo&nbsp;\/&nbsp;Washington, DC: 10:00 a 13:00&nbsp;Asunci\u00f3n \/ Brasilia \/ Buenos Aires \/ Montevideo \/ Santiago de Chile: 11:00 a 14:00 Agenda y documentos de trabajo Tema de agenda Documento Martes, 15 de noviembre de 2022(11:00 &#8211; [&hellip;]","og_url":"https:\/\/iai.int\/es\/54a-reunion-del-consejo-ejecutivo\/","og_site_name":"IAI - Inter-American Institute for Global Change Research","article_modified_time":"2026-01-13T23:15:10+00:00","og_image":[{"width":1772,"height":551,"url":"https:\/\/iai.int\/wp-content\/uploads\/2026\/01\/14.png","type":"image\/png"}],"twitter_card":"summary_large_image","twitter_misc":{"Tiempo de lectura":"2 minutos"},"schema":{"@context":"https:\/\/schema.org","@graph":[{"@type":"WebPage","@id":"https:\/\/iai.int\/es\/54a-reunion-del-consejo-ejecutivo\/","url":"https:\/\/iai.int\/es\/54a-reunion-del-consejo-ejecutivo\/","name":"54a reuni\u00f3n del Consejo Ejecutivo - IAI - Inter-American Institute for Global Change Research","isPartOf":{"@id":"https:\/\/iai.int\/es\/#website"},"primaryImageOfPage":{"@id":"https:\/\/iai.int\/es\/54a-reunion-del-consejo-ejecutivo\/#primaryimage"},"image":{"@id":"https:\/\/iai.int\/es\/54a-reunion-del-consejo-ejecutivo\/#primaryimage"},"thumbnailUrl":"https:\/\/iai.int\/wp-content\/uploads\/2026\/01\/14.png","datePublished":"2026-01-07T17:35:38+00:00","dateModified":"2026-01-13T23:15:10+00:00","breadcrumb":{"@id":"https:\/\/iai.int\/es\/54a-reunion-del-consejo-ejecutivo\/#breadcrumb"},"inLanguage":"es","potentialAction":[{"@type":"ReadAction","target":["https:\/\/iai.int\/es\/54a-reunion-del-consejo-ejecutivo\/"]}]},{"@type":"ImageObject","inLanguage":"es","@id":"https:\/\/iai.int\/es\/54a-reunion-del-consejo-ejecutivo\/#primaryimage","url":"https:\/\/iai.int\/wp-content\/uploads\/2026\/01\/14.png","contentUrl":"https:\/\/iai.int\/wp-content\/uploads\/2026\/01\/14.png","width":1772,"height":551},{"@type":"BreadcrumbList","@id":"https:\/\/iai.int\/es\/54a-reunion-del-consejo-ejecutivo\/#breadcrumb","itemListElement":[{"@type":"ListItem","position":1,"name":"Portada","item":"https:\/\/iai.int\/es\/"},{"@type":"ListItem","position":2,"name":"54a reuni\u00f3n del Consejo Ejecutivo"}]},{"@type":"WebSite","@id":"https:\/\/iai.int\/es\/#website","url":"https:\/\/iai.int\/es\/","name":"IAI - Inter-American Institute for Global Change Research","description":"","publisher":{"@id":"https:\/\/iai.int\/es\/#organization"},"potentialAction":[{"@type":"SearchAction","target":{"@type":"EntryPoint","urlTemplate":"https:\/\/iai.int\/es\/?s={search_term_string}"},"query-input":{"@type":"PropertyValueSpecification","valueRequired":true,"valueName":"search_term_string"}}],"inLanguage":"es"},{"@type":"Organization","@id":"https:\/\/iai.int\/es\/#organization","name":"IAI - Inter-American Institute for Global Change Research","url":"https:\/\/iai.int\/es\/","logo":{"@type":"ImageObject","inLanguage":"es","@id":"https:\/\/iai.int\/es\/#\/schema\/logo\/image\/","url":"https:\/\/iai.int\/wp-content\/uploads\/2025\/11\/IAI-logo-English-scaled.png","contentUrl":"https:\/\/iai.int\/wp-content\/uploads\/2025\/11\/IAI-logo-English-scaled.png","width":2560,"height":985,"caption":"IAI - Inter-American Institute for Global Change Research"},"image":{"@id":"https:\/\/iai.int\/es\/#\/schema\/logo\/image\/"}}]}},"uagb_featured_image_src":{"full":["https:\/\/iai.int\/wp-content\/uploads\/2026\/01\/14.png",1772,551,false],"thumbnail":["https:\/\/iai.int\/wp-content\/uploads\/2026\/01\/14-150x150.png",150,150,true],"medium":["https:\/\/iai.int\/wp-content\/uploads\/2026\/01\/14-300x93.png",300,93,true],"medium_large":["https:\/\/iai.int\/wp-content\/uploads\/2026\/01\/14-768x239.png",768,239,true],"large":["https:\/\/iai.int\/wp-content\/uploads\/2026\/01\/14-1024x318.png",800,248,true],"1536x1536":["https:\/\/iai.int\/wp-content\/uploads\/2026\/01\/14-1536x478.png",1536,478,true],"2048x2048":["https:\/\/iai.int\/wp-content\/uploads\/2026\/01\/14.png",1772,551,false]},"uagb_author_info":{"display_name":"IAI Communication","author_link":"https:\/\/iai.int\/es\/author\/iai-communication\/"},"uagb_comment_info":0,"uagb_excerpt":"Montevideo y videoconferencia, martes 15&nbsp;de noviembre, 2022 Guatemala&nbsp;\/&nbsp;Ciudad de M\u00e9xico&nbsp;\/&nbsp;San Jos\u00e9 de Costa Rica: 8:00 a 11:00Bogot\u00e1&nbsp;\/&nbsp;Kingston&nbsp;\/&nbsp;Lima&nbsp;\/&nbsp;Panam\u00e1&nbsp;\/&nbsp;Quito:&nbsp;9:00 a 12:00La Paz&nbsp;\/&nbsp;Ottawa&nbsp;\/&nbsp;Santo Domingo&nbsp;\/&nbsp;Washington, DC: 10:00 a 13:00&nbsp;Asunci\u00f3n \/ Brasilia \/ Buenos Aires \/ Montevideo \/ Santiago de Chile: 11:00 a 14:00 Agenda y documentos de trabajo Tema de agenda Documento Martes, 15 de noviembre de 2022(11:00 &#8211;&hellip;","_links":{"self":[{"href":"https:\/\/iai.int\/es\/wp-json\/wp\/v2\/pages\/12542","targetHints":{"allow":["GET"]}}],"collection":[{"href":"https:\/\/iai.int\/es\/wp-json\/wp\/v2\/pages"}],"about":[{"href":"https:\/\/iai.int\/es\/wp-json\/wp\/v2\/types\/page"}],"author":[{"embeddable":true,"href":"https:\/\/iai.int\/es\/wp-json\/wp\/v2\/users\/9"}],"replies":[{"embeddable":true,"href":"https:\/\/iai.int\/es\/wp-json\/wp\/v2\/comments?post=12542"}],"version-history":[{"count":5,"href":"https:\/\/iai.int\/es\/wp-json\/wp\/v2\/pages\/12542\/revisions"}],"predecessor-version":[{"id":13381,"href":"https:\/\/iai.int\/es\/wp-json\/wp\/v2\/pages\/12542\/revisions\/13381"}],"wp:featuredmedia":[{"embeddable":true,"href":"https:\/\/iai.int\/es\/wp-json\/wp\/v2\/media\/12462"}],"wp:attachment":[{"href":"https:\/\/iai.int\/es\/wp-json\/wp\/v2\/media?parent=12542"}],"curies":[{"name":"wp","href":"https:\/\/api.w.org\/{rel}","templated":true}]}}