{"id":12538,"date":"2026-01-07T12:27:56","date_gmt":"2026-01-07T17:27:56","guid":{"rendered":"https:\/\/iai.int\/?page_id=12538"},"modified":"2026-01-13T18:15:13","modified_gmt":"2026-01-13T23:15:13","slug":"53a-reunion-del-consejo-ejecutivo","status":"publish","type":"page","link":"https:\/\/iai.int\/es\/53a-reunion-del-consejo-ejecutivo\/","title":{"rendered":"53a reuni\u00f3n del Consejo Ejecutivo"},"content":{"rendered":"\n<h3 class=\"wp-block-heading\">Montevideo and Videoconferencia, 14&nbsp;de junio, 2022<\/h3>\n\n\n\n<p><small><strong>Guatemala&nbsp;<\/strong><\/small><strong>\/<\/strong><small><strong>&nbsp;San Jos\u00e9: 7<\/strong><\/small><strong><small>:00 a&nbsp;10:00&nbsp;<\/small>(CST)<\/strong><br><small><strong>Bogot\u00e1&nbsp;<\/strong><\/small><strong>\/&nbsp;<\/strong><small><strong>Kingston&nbsp;<\/strong><\/small><strong>\/<\/strong><small><strong>&nbsp;Lima&nbsp;<\/strong><\/small><strong>\/<\/strong><small><strong>&nbsp;M\u00e9xico&nbsp;<\/strong><\/small><strong>\/<\/strong><small><strong>&nbsp;Panam\u00e1&nbsp;<\/strong><\/small><strong>\/<\/strong><small><strong>&nbsp;Quito: 8<\/strong><\/small><strong><small>:00 a 11:00&nbsp;<\/small>(EST)<\/strong><br><small><strong>Asunci\u00f3n&nbsp;<\/strong><\/small><strong>\/<\/strong><small><strong>&nbsp;La Paz&nbsp;<\/strong><\/small><strong>\/<\/strong><small><strong>&nbsp;Ottawa&nbsp;<\/strong><\/small><strong>\/<\/strong><small><strong>&nbsp;Santiago&nbsp;<\/strong><\/small><strong>\/<\/strong><small><strong>&nbsp;Santo Domingo&nbsp;<\/strong><\/small><strong>\/<\/strong><small><strong>&nbsp;Washington, DC: 9<\/strong><\/small><strong><small>:00 a 12:00<\/small>&nbsp;(EDT)<\/strong><br><small><strong>Brasilia&nbsp;<\/strong><\/small><strong>\/&nbsp;<\/strong><small><strong>Buenos Aires&nbsp;<\/strong><\/small><strong>\/<\/strong><small><strong>&nbsp;Montevideo: 10:00 a&nbsp;13:00 (UYT)<\/strong><\/small><\/p>\n\n\n\n<p><\/p>\n\n\n\n<p>Agenda y documentos de trabajo<\/p>\n\n\n\n<figure class=\"wp-block-table\"><table><tbody><tr><td colspan=\"3\"><strong>Tema de agenda<\/strong><strong><\/strong><\/td><td><strong>Documento<\/strong><strong><\/strong><\/td><\/tr><tr><td colspan=\"4\"><strong>Martes, 14 de junio de 2022<br>(10:00 &#8211; 13:00 UYT)<\/strong><\/td><\/tr><tr><td colspan=\"4\">Apertura de la reuni\u00f3n<\/td><\/tr><tr><td colspan=\"4\">Bienvenida a cargo del pa\u00eds anfitri\u00f3n<\/td><\/tr><tr><td colspan=\"4\">Bienvenida a cargo de la Presidente del Consejo Ejecutivo<\/td><\/tr><tr><td colspan=\"4\">Bienvenida a cargo del Director Ejecutivo<\/td><\/tr><tr><td colspan=\"4\">Asuntos administrativos y financieros<\/td><\/tr><tr><td>1<\/td><td>Aprobaci\u00f3n de la&nbsp; agenda<\/td><td colspan=\"2\">IAI\/EC\/53\/1&nbsp;<a href=\"https:\/\/archive.iai.int\/administrador\/assets\/images\/ckfinder\/files\/IAI-EC-53-1-es(3).pdf\">Espa\u00f1ol<\/a>&nbsp;&#8211;&nbsp;<a href=\"https:\/\/archive.iai.int\/administrador\/assets\/images\/ckfinder\/files\/IAI-EC-53-1-en(3).pdf\">Ingl\u00e9s<\/a><\/td><\/tr><tr><td>2<\/td><td>Aprobaci\u00f3n de los informes de las reuniones 51a y 52a del CE<\/td><td colspan=\"2\">IAI\/EC\/53\/51\/2&nbsp;<a href=\"https:\/\/www.iai.int\/administrador\/assets\/images\/ckfinder\/files\/EC-51-report-es.pdf\">Espa\u00f1ol<\/a>&nbsp;&#8211;&nbsp;<a href=\"https:\/\/www.iai.int\/administrador\/assets\/images\/ckfinder\/files\/EC-51-report-en.pdf\">Ingl\u00e9s&nbsp;<\/a>&nbsp;IAI\/EC\/53\/52\/2&nbsp;<a href=\"https:\/\/www.iai.int\/administrador\/assets\/images\/ckfinder\/files\/EC-52-%20report-es.pdf\">Espa\u00f1ol<\/a>&nbsp;&#8211;&nbsp;<a href=\"https:\/\/www.iai.int\/administrador\/assets\/images\/ckfinder\/files\/EC-52-report-en.pdf\">Ingl\u00e9s<\/a><\/td><\/tr><tr><td>3<\/td><td>Informe del Comit\u00e9 Financiero y Administrativo&nbsp;<\/td><td colspan=\"2\">IAI\/EC\/53\/3&nbsp;<a href=\"https:\/\/archive.iai.int\/administrador\/assets\/images\/ckfinder\/files\/FAC%20report-IAI-EC-53-3-es(1).pdf\">Espa\u00f1ol<\/a>&nbsp;&#8211;&nbsp;<a href=\"http:\/\/www.iai.int\/administrador\/assets\/images\/ckfinder\/files\/EC-50-report-en.pdf\">I<\/a><a href=\"https:\/\/archive.iai.int\/administrador\/assets\/images\/ckfinder\/files\/FAC%20report-IAI-EC-53-3-en(1).pdf\">ngl\u00e9s<\/a><\/td><\/tr><tr><td>4<\/td><td>Informe de los auditores y aprobaci\u00f3n del Informe sobre el Estado Financiero. Asuntos financieros a ser elevados a la CoP-30<\/td><td colspan=\"2\">IAI\/EC\/53\/4&nbsp;<a href=\"https:\/\/archive.iai.int\/administrador\/assets\/images\/ckfinder\/files\/IAI-EC-53-4-es.pdf\">Espa\u00f1ol<\/a>&nbsp;&#8211;&nbsp;<a href=\"https:\/\/archive.iai.int\/administrador\/assets\/images\/ckfinder\/files\/IAI-EC-53-4-en.pdf\">Ingl\u00e9s<\/a><\/td><\/tr><tr><td>5<\/td><td>Establecimiento de un comit\u00e9 para recomendar candidatos para las elecciones del Comit\u00e9 Asesor Cient\u00edfico, el segundo d\u00eda de la CoP-30<\/td><td colspan=\"2\">Sin documento<\/td><\/tr><tr><td>6<\/td><td>a.&nbsp;Decisi\u00f3n XXVIII\/4: Evaluaci\u00f3n anual de desempe\u00f1o del Director Ejecutivo del IAI&nbsp;<\/td><td colspan=\"2\">IAI\/EC\/53\/6a&nbsp;Espa\u00f1ol &#8211;&nbsp;Ingl\u00e9s<\/td><\/tr><tr><td>&nbsp;<\/td><td>b. Art\u00edculo VIII, P\u00e1rrafo 4 del&nbsp;<em>Acuerdo<\/em>: Reclutamiento del puesto de Director Ejecutivo&nbsp;<\/td><td colspan=\"2\">IAI\/EC\/53\/6b&nbsp;<a href=\"https:\/\/archive.iai.int\/administrador\/assets\/images\/ckfinder\/files\/IAI-EC-53-6b-es(1).pdf\">Espa\u00f1ol<\/a>&nbsp;&#8211;&nbsp;<a href=\"https:\/\/archive.iai.int\/administrador\/assets\/images\/ckfinder\/files\/IAI-EC-53-6b-en(1).pdf\">Ingl\u00e9s<\/a><\/td><\/tr><tr><td>&nbsp;<\/td><td>c. Decisi\u00f3n&nbsp;XXIX\/9: Informe sobre la&nbsp;<em>Iniciativa para la Conducci\u00f3n de una Evaluaci\u00f3n Clim\u00e1tica Nacional en apoyo a la Adaptaci\u00f3n y Mitigaci\u00f3n: Entrenamiento y Desarrollo de Capacidades en Am\u00e9rica Latina y El Caribe<\/em><\/td><td colspan=\"2\">IAI\/EC\/53\/6c&nbsp;<a href=\"https:\/\/archive.iai.int\/administrador\/assets\/images\/ckfinder\/files\/IAI-EC-53-6c-es.pdf\">Espa\u00f1ol<\/a>&nbsp;&#8211;&nbsp;<a href=\"https:\/\/archive.iai.int\/administrador\/assets\/images\/ckfinder\/files\/IAI-EC-53-6c-en.pdf\">Ingl\u00e9s<\/a><\/td><\/tr><tr><td>7<\/td><td>Discursos de clausura (Partes, Observadores, Director Ejecutivo)<\/td><td colspan=\"2\">Sin documento<\/td><\/tr><\/tbody><\/table><\/figure>\n\n\n\n<p><\/p>\n\n\n\n<h4 class=\"wp-block-heading\">Documentos informativos<\/h4>\n\n\n\n<p>Reglamento del Consejo Ejecutivo del Instituto Interamericano para la Investigaci\u00f3n del Cambio Global (IAI)&nbsp;<a href=\"https:\/\/www.iai.int\/administrador\/assets\/images\/ckfinder\/files\/iai-ec-rules-esp-2021(1).pdf\">Espa\u00f1ol<\/a>&nbsp;&#8211;&nbsp;<a href=\"https:\/\/www.iai.int\/administrador\/assets\/images\/ckfinder\/files\/iai-ec-rules-eng-2021.pdf\">Ingl\u00e9s<\/a><\/p>\n\n\n\n<p><\/p>\n\n\n\n<h4 class=\"wp-block-heading\">Participantes<\/h4>\n\n\n\n<p><strong>Lista de participantes del CE-53<\/strong><br>Clique&nbsp;<a href=\"https:\/\/archive.iai.int\/administrador\/assets\/images\/ckfinder\/files\/CE-53-List%20of%20Participants.pdf\"><strong>aqu\u00ed<\/strong><\/a><\/p>\n\n\n\n<p><\/p>\n\n\n\n<h4 class=\"wp-block-heading\"><strong>Informe final&nbsp;de la 53a reuni\u00f3n del Consejo Ejecutivo del IAI<\/strong><\/h4>\n\n\n\n<p><strong><a href=\"https:\/\/www.iai.int\/administrador\/assets\/images\/ckfinder\/files\/EC-53-final-report-es.pdf\">espa\u00f1ol<\/a>&nbsp;&#8211;&nbsp;<a href=\"https:\/\/archive.iai.int\/administrador\/assets\/images\/ckfinder\/files\/EC-53-final-report.pdf\">ingl\u00e9s<\/a><\/strong><\/p>\n\n\n\n<p><\/p>\n\n\n\n<h4 class=\"wp-block-heading\">Informaci\u00f3n Log\u00edstica<\/h4>\n\n\n\n<p><a href=\"https:\/\/archive.iai.int\/administrador\/assets\/images\/ckfinder\/files\/Logistica-sp%20Montevideo.pdf\">Espa\u00f1ol<\/a>&nbsp;&#8211;&nbsp;<a href=\"https:\/\/archive.iai.int\/administrador\/assets\/images\/ckfinder\/files\/Logistica-eng%20Montevideo.pdf\">Ingl\u00e9s<\/a><\/p>\n\n\n\n<div style=\"height:37px\" aria-hidden=\"true\" class=\"wp-block-spacer\"><\/div>\n\n\n\n<p><strong><a href=\"https:\/\/iai.int\/es\/reuniones-ec-y-cop\/\">Regresar a Reuniones EC y COP<\/a><\/strong><\/p>\n","protected":false},"excerpt":{"rendered":"<p>Montevideo and Videoconferencia, 14&nbsp;de junio, 2022 Guatemala&nbsp;\/&nbsp;San Jos\u00e9: 7:00 a&nbsp;10:00&nbsp;(CST)Bogot\u00e1&nbsp;\/&nbsp;Kingston&nbsp;\/&nbsp;Lima&nbsp;\/&nbsp;M\u00e9xico&nbsp;\/&nbsp;Panam\u00e1&nbsp;\/&nbsp;Quito: 8:00 a 11:00&nbsp;(EST)Asunci\u00f3n&nbsp;\/&nbsp;La Paz&nbsp;\/&nbsp;Ottawa&nbsp;\/&nbsp;Santiago&nbsp;\/&nbsp;Santo Domingo&nbsp;\/&nbsp;Washington, DC: 9:00 a 12:00&nbsp;(EDT)Brasilia&nbsp;\/&nbsp;Buenos Aires&nbsp;\/&nbsp;Montevideo: 10:00 a&nbsp;13:00 (UYT) Agenda y documentos de trabajo Tema de agenda Documento Martes, 14 de junio de 2022(10:00 &#8211; 13:00 UYT) Apertura de la reuni\u00f3n Bienvenida a cargo del pa\u00eds anfitri\u00f3n Bienvenida a cargo de [&hellip;]<\/p>\n","protected":false},"author":9,"featured_media":12462,"parent":0,"menu_order":0,"comment_status":"closed","ping_status":"closed","template":"","meta":{"_acf_changed":false,"_uag_custom_page_level_css":"","footnotes":""},"class_list":["post-12538","page","type-page","status-publish","has-post-thumbnail","hentry"],"acf":[],"yoast_head":"<!-- This site is optimized with the Yoast SEO plugin v27.3 - https:\/\/yoast.com\/product\/yoast-seo-wordpress\/ -->\n<title>53a reuni\u00f3n del Consejo Ejecutivo - IAI - Inter-American Institute for Global Change Research<\/title>\n<meta name=\"robots\" content=\"index, follow, max-snippet:-1, max-image-preview:large, max-video-preview:-1\" \/>\n<link rel=\"canonical\" href=\"https:\/\/iai.int\/es\/53a-reunion-del-consejo-ejecutivo\/\" \/>\n<meta property=\"og:locale\" content=\"es_ES\" \/>\n<meta property=\"og:type\" content=\"article\" \/>\n<meta property=\"og:title\" content=\"53a reuni\u00f3n del Consejo Ejecutivo - IAI - Inter-American Institute for Global Change Research\" \/>\n<meta property=\"og:description\" content=\"Montevideo and Videoconferencia, 14&nbsp;de junio, 2022 Guatemala&nbsp;\/&nbsp;San Jos\u00e9: 7:00 a&nbsp;10:00&nbsp;(CST)Bogot\u00e1&nbsp;\/&nbsp;Kingston&nbsp;\/&nbsp;Lima&nbsp;\/&nbsp;M\u00e9xico&nbsp;\/&nbsp;Panam\u00e1&nbsp;\/&nbsp;Quito: 8:00 a 11:00&nbsp;(EST)Asunci\u00f3n&nbsp;\/&nbsp;La Paz&nbsp;\/&nbsp;Ottawa&nbsp;\/&nbsp;Santiago&nbsp;\/&nbsp;Santo Domingo&nbsp;\/&nbsp;Washington, DC: 9:00 a 12:00&nbsp;(EDT)Brasilia&nbsp;\/&nbsp;Buenos Aires&nbsp;\/&nbsp;Montevideo: 10:00 a&nbsp;13:00 (UYT) Agenda y documentos de trabajo Tema de agenda Documento Martes, 14 de junio de 2022(10:00 &#8211; 13:00 UYT) Apertura de la reuni\u00f3n Bienvenida a cargo del pa\u00eds anfitri\u00f3n Bienvenida a cargo de [&hellip;]\" \/>\n<meta property=\"og:url\" content=\"https:\/\/iai.int\/es\/53a-reunion-del-consejo-ejecutivo\/\" \/>\n<meta property=\"og:site_name\" content=\"IAI - Inter-American Institute for Global Change Research\" \/>\n<meta property=\"article:modified_time\" content=\"2026-01-13T23:15:13+00:00\" \/>\n<meta property=\"og:image\" content=\"https:\/\/iai.int\/wp-content\/uploads\/2026\/01\/14.png\" \/>\n\t<meta property=\"og:image:width\" content=\"1772\" \/>\n\t<meta property=\"og:image:height\" content=\"551\" \/>\n\t<meta property=\"og:image:type\" content=\"image\/png\" \/>\n<meta name=\"twitter:card\" content=\"summary_large_image\" \/>\n<meta name=\"twitter:label1\" content=\"Tiempo de lectura\" \/>\n\t<meta name=\"twitter:data1\" content=\"2 minutos\" \/>\n<script type=\"application\/ld+json\" class=\"yoast-schema-graph\">{\"@context\":\"https:\\\/\\\/schema.org\",\"@graph\":[{\"@type\":\"WebPage\",\"@id\":\"https:\\\/\\\/iai.int\\\/es\\\/53a-reunion-del-consejo-ejecutivo\\\/\",\"url\":\"https:\\\/\\\/iai.int\\\/es\\\/53a-reunion-del-consejo-ejecutivo\\\/\",\"name\":\"53a reuni\u00f3n del Consejo Ejecutivo - IAI - Inter-American Institute for Global Change Research\",\"isPartOf\":{\"@id\":\"https:\\\/\\\/iai.int\\\/es\\\/#website\"},\"primaryImageOfPage\":{\"@id\":\"https:\\\/\\\/iai.int\\\/es\\\/53a-reunion-del-consejo-ejecutivo\\\/#primaryimage\"},\"image\":{\"@id\":\"https:\\\/\\\/iai.int\\\/es\\\/53a-reunion-del-consejo-ejecutivo\\\/#primaryimage\"},\"thumbnailUrl\":\"https:\\\/\\\/iai.int\\\/wp-content\\\/uploads\\\/2026\\\/01\\\/14.png\",\"datePublished\":\"2026-01-07T17:27:56+00:00\",\"dateModified\":\"2026-01-13T23:15:13+00:00\",\"breadcrumb\":{\"@id\":\"https:\\\/\\\/iai.int\\\/es\\\/53a-reunion-del-consejo-ejecutivo\\\/#breadcrumb\"},\"inLanguage\":\"es\",\"potentialAction\":[{\"@type\":\"ReadAction\",\"target\":[\"https:\\\/\\\/iai.int\\\/es\\\/53a-reunion-del-consejo-ejecutivo\\\/\"]}]},{\"@type\":\"ImageObject\",\"inLanguage\":\"es\",\"@id\":\"https:\\\/\\\/iai.int\\\/es\\\/53a-reunion-del-consejo-ejecutivo\\\/#primaryimage\",\"url\":\"https:\\\/\\\/iai.int\\\/wp-content\\\/uploads\\\/2026\\\/01\\\/14.png\",\"contentUrl\":\"https:\\\/\\\/iai.int\\\/wp-content\\\/uploads\\\/2026\\\/01\\\/14.png\",\"width\":1772,\"height\":551},{\"@type\":\"BreadcrumbList\",\"@id\":\"https:\\\/\\\/iai.int\\\/es\\\/53a-reunion-del-consejo-ejecutivo\\\/#breadcrumb\",\"itemListElement\":[{\"@type\":\"ListItem\",\"position\":1,\"name\":\"Portada\",\"item\":\"https:\\\/\\\/iai.int\\\/es\\\/\"},{\"@type\":\"ListItem\",\"position\":2,\"name\":\"53a reuni\u00f3n del Consejo Ejecutivo\"}]},{\"@type\":\"WebSite\",\"@id\":\"https:\\\/\\\/iai.int\\\/es\\\/#website\",\"url\":\"https:\\\/\\\/iai.int\\\/es\\\/\",\"name\":\"IAI - Inter-American Institute for Global Change Research\",\"description\":\"\",\"publisher\":{\"@id\":\"https:\\\/\\\/iai.int\\\/es\\\/#organization\"},\"potentialAction\":[{\"@type\":\"SearchAction\",\"target\":{\"@type\":\"EntryPoint\",\"urlTemplate\":\"https:\\\/\\\/iai.int\\\/es\\\/?s={search_term_string}\"},\"query-input\":{\"@type\":\"PropertyValueSpecification\",\"valueRequired\":true,\"valueName\":\"search_term_string\"}}],\"inLanguage\":\"es\"},{\"@type\":\"Organization\",\"@id\":\"https:\\\/\\\/iai.int\\\/es\\\/#organization\",\"name\":\"IAI - Inter-American Institute for Global Change Research\",\"url\":\"https:\\\/\\\/iai.int\\\/es\\\/\",\"logo\":{\"@type\":\"ImageObject\",\"inLanguage\":\"es\",\"@id\":\"https:\\\/\\\/iai.int\\\/es\\\/#\\\/schema\\\/logo\\\/image\\\/\",\"url\":\"https:\\\/\\\/iai.int\\\/wp-content\\\/uploads\\\/2025\\\/11\\\/IAI-logo-English-scaled.png\",\"contentUrl\":\"https:\\\/\\\/iai.int\\\/wp-content\\\/uploads\\\/2025\\\/11\\\/IAI-logo-English-scaled.png\",\"width\":2560,\"height\":985,\"caption\":\"IAI - Inter-American Institute for Global Change Research\"},\"image\":{\"@id\":\"https:\\\/\\\/iai.int\\\/es\\\/#\\\/schema\\\/logo\\\/image\\\/\"}}]}<\/script>\n<!-- \/ Yoast SEO plugin. -->","yoast_head_json":{"title":"53a reuni\u00f3n del Consejo Ejecutivo - IAI - Inter-American Institute for Global Change Research","robots":{"index":"index","follow":"follow","max-snippet":"max-snippet:-1","max-image-preview":"max-image-preview:large","max-video-preview":"max-video-preview:-1"},"canonical":"https:\/\/iai.int\/es\/53a-reunion-del-consejo-ejecutivo\/","og_locale":"es_ES","og_type":"article","og_title":"53a reuni\u00f3n del Consejo Ejecutivo - IAI - Inter-American Institute for Global Change Research","og_description":"Montevideo and Videoconferencia, 14&nbsp;de junio, 2022 Guatemala&nbsp;\/&nbsp;San Jos\u00e9: 7:00 a&nbsp;10:00&nbsp;(CST)Bogot\u00e1&nbsp;\/&nbsp;Kingston&nbsp;\/&nbsp;Lima&nbsp;\/&nbsp;M\u00e9xico&nbsp;\/&nbsp;Panam\u00e1&nbsp;\/&nbsp;Quito: 8:00 a 11:00&nbsp;(EST)Asunci\u00f3n&nbsp;\/&nbsp;La Paz&nbsp;\/&nbsp;Ottawa&nbsp;\/&nbsp;Santiago&nbsp;\/&nbsp;Santo Domingo&nbsp;\/&nbsp;Washington, DC: 9:00 a 12:00&nbsp;(EDT)Brasilia&nbsp;\/&nbsp;Buenos Aires&nbsp;\/&nbsp;Montevideo: 10:00 a&nbsp;13:00 (UYT) Agenda y documentos de trabajo Tema de agenda Documento Martes, 14 de junio de 2022(10:00 &#8211; 13:00 UYT) Apertura de la reuni\u00f3n Bienvenida a cargo del pa\u00eds anfitri\u00f3n Bienvenida a cargo de [&hellip;]","og_url":"https:\/\/iai.int\/es\/53a-reunion-del-consejo-ejecutivo\/","og_site_name":"IAI - Inter-American Institute for Global Change Research","article_modified_time":"2026-01-13T23:15:13+00:00","og_image":[{"width":1772,"height":551,"url":"https:\/\/iai.int\/wp-content\/uploads\/2026\/01\/14.png","type":"image\/png"}],"twitter_card":"summary_large_image","twitter_misc":{"Tiempo de lectura":"2 minutos"},"schema":{"@context":"https:\/\/schema.org","@graph":[{"@type":"WebPage","@id":"https:\/\/iai.int\/es\/53a-reunion-del-consejo-ejecutivo\/","url":"https:\/\/iai.int\/es\/53a-reunion-del-consejo-ejecutivo\/","name":"53a reuni\u00f3n del Consejo Ejecutivo - IAI - Inter-American Institute for Global Change Research","isPartOf":{"@id":"https:\/\/iai.int\/es\/#website"},"primaryImageOfPage":{"@id":"https:\/\/iai.int\/es\/53a-reunion-del-consejo-ejecutivo\/#primaryimage"},"image":{"@id":"https:\/\/iai.int\/es\/53a-reunion-del-consejo-ejecutivo\/#primaryimage"},"thumbnailUrl":"https:\/\/iai.int\/wp-content\/uploads\/2026\/01\/14.png","datePublished":"2026-01-07T17:27:56+00:00","dateModified":"2026-01-13T23:15:13+00:00","breadcrumb":{"@id":"https:\/\/iai.int\/es\/53a-reunion-del-consejo-ejecutivo\/#breadcrumb"},"inLanguage":"es","potentialAction":[{"@type":"ReadAction","target":["https:\/\/iai.int\/es\/53a-reunion-del-consejo-ejecutivo\/"]}]},{"@type":"ImageObject","inLanguage":"es","@id":"https:\/\/iai.int\/es\/53a-reunion-del-consejo-ejecutivo\/#primaryimage","url":"https:\/\/iai.int\/wp-content\/uploads\/2026\/01\/14.png","contentUrl":"https:\/\/iai.int\/wp-content\/uploads\/2026\/01\/14.png","width":1772,"height":551},{"@type":"BreadcrumbList","@id":"https:\/\/iai.int\/es\/53a-reunion-del-consejo-ejecutivo\/#breadcrumb","itemListElement":[{"@type":"ListItem","position":1,"name":"Portada","item":"https:\/\/iai.int\/es\/"},{"@type":"ListItem","position":2,"name":"53a reuni\u00f3n del Consejo Ejecutivo"}]},{"@type":"WebSite","@id":"https:\/\/iai.int\/es\/#website","url":"https:\/\/iai.int\/es\/","name":"IAI - Inter-American Institute for Global Change Research","description":"","publisher":{"@id":"https:\/\/iai.int\/es\/#organization"},"potentialAction":[{"@type":"SearchAction","target":{"@type":"EntryPoint","urlTemplate":"https:\/\/iai.int\/es\/?s={search_term_string}"},"query-input":{"@type":"PropertyValueSpecification","valueRequired":true,"valueName":"search_term_string"}}],"inLanguage":"es"},{"@type":"Organization","@id":"https:\/\/iai.int\/es\/#organization","name":"IAI - Inter-American Institute for Global Change Research","url":"https:\/\/iai.int\/es\/","logo":{"@type":"ImageObject","inLanguage":"es","@id":"https:\/\/iai.int\/es\/#\/schema\/logo\/image\/","url":"https:\/\/iai.int\/wp-content\/uploads\/2025\/11\/IAI-logo-English-scaled.png","contentUrl":"https:\/\/iai.int\/wp-content\/uploads\/2025\/11\/IAI-logo-English-scaled.png","width":2560,"height":985,"caption":"IAI - Inter-American Institute for Global Change Research"},"image":{"@id":"https:\/\/iai.int\/es\/#\/schema\/logo\/image\/"}}]}},"uagb_featured_image_src":{"full":["https:\/\/iai.int\/wp-content\/uploads\/2026\/01\/14.png",1772,551,false],"thumbnail":["https:\/\/iai.int\/wp-content\/uploads\/2026\/01\/14-150x150.png",150,150,true],"medium":["https:\/\/iai.int\/wp-content\/uploads\/2026\/01\/14-300x93.png",300,93,true],"medium_large":["https:\/\/iai.int\/wp-content\/uploads\/2026\/01\/14-768x239.png",768,239,true],"large":["https:\/\/iai.int\/wp-content\/uploads\/2026\/01\/14-1024x318.png",800,248,true],"1536x1536":["https:\/\/iai.int\/wp-content\/uploads\/2026\/01\/14-1536x478.png",1536,478,true],"2048x2048":["https:\/\/iai.int\/wp-content\/uploads\/2026\/01\/14.png",1772,551,false]},"uagb_author_info":{"display_name":"IAI Communication","author_link":"https:\/\/iai.int\/es\/author\/iai-communication\/"},"uagb_comment_info":0,"uagb_excerpt":"Montevideo and Videoconferencia, 14&nbsp;de junio, 2022 Guatemala&nbsp;\/&nbsp;San Jos\u00e9: 7:00 a&nbsp;10:00&nbsp;(CST)Bogot\u00e1&nbsp;\/&nbsp;Kingston&nbsp;\/&nbsp;Lima&nbsp;\/&nbsp;M\u00e9xico&nbsp;\/&nbsp;Panam\u00e1&nbsp;\/&nbsp;Quito: 8:00 a 11:00&nbsp;(EST)Asunci\u00f3n&nbsp;\/&nbsp;La Paz&nbsp;\/&nbsp;Ottawa&nbsp;\/&nbsp;Santiago&nbsp;\/&nbsp;Santo Domingo&nbsp;\/&nbsp;Washington, DC: 9:00 a 12:00&nbsp;(EDT)Brasilia&nbsp;\/&nbsp;Buenos Aires&nbsp;\/&nbsp;Montevideo: 10:00 a&nbsp;13:00 (UYT) Agenda y documentos de trabajo Tema de agenda Documento Martes, 14 de junio de 2022(10:00 &#8211; 13:00 UYT) Apertura de la reuni\u00f3n Bienvenida a cargo del pa\u00eds anfitri\u00f3n Bienvenida a cargo de&hellip;","_links":{"self":[{"href":"https:\/\/iai.int\/es\/wp-json\/wp\/v2\/pages\/12538","targetHints":{"allow":["GET"]}}],"collection":[{"href":"https:\/\/iai.int\/es\/wp-json\/wp\/v2\/pages"}],"about":[{"href":"https:\/\/iai.int\/es\/wp-json\/wp\/v2\/types\/page"}],"author":[{"embeddable":true,"href":"https:\/\/iai.int\/es\/wp-json\/wp\/v2\/users\/9"}],"replies":[{"embeddable":true,"href":"https:\/\/iai.int\/es\/wp-json\/wp\/v2\/comments?post=12538"}],"version-history":[{"count":3,"href":"https:\/\/iai.int\/es\/wp-json\/wp\/v2\/pages\/12538\/revisions"}],"predecessor-version":[{"id":13382,"href":"https:\/\/iai.int\/es\/wp-json\/wp\/v2\/pages\/12538\/revisions\/13382"}],"wp:featuredmedia":[{"embeddable":true,"href":"https:\/\/iai.int\/es\/wp-json\/wp\/v2\/media\/12462"}],"wp:attachment":[{"href":"https:\/\/iai.int\/es\/wp-json\/wp\/v2\/media?parent=12538"}],"curies":[{"name":"wp","href":"https:\/\/api.w.org\/{rel}","templated":true}]}}