{"id":12451,"date":"2026-01-06T17:50:14","date_gmt":"2026-01-06T22:50:14","guid":{"rendered":"https:\/\/iai.int\/?page_id=12451"},"modified":"2026-01-14T10:32:41","modified_gmt":"2026-01-14T15:32:41","slug":"20a-reunion-del-consejo-ejecutivo","status":"publish","type":"page","link":"https:\/\/iai.int\/es\/reuniones-ec-y-cop\/20a-reunion-del-consejo-ejecutivo\/","title":{"rendered":"20a reuni\u00f3n del Consejo Ejecutivo &#8211; 12a reuni\u00f3n de la Conferencia de las Partes"},"content":{"rendered":"\n<p>Reporte financiero (<a href=\"https:\/\/archive.iai.int\/admin\/site\/sites\/default\/files\/10_AudRep.pdf\" target=\"_blank\" rel=\"noreferrer noopener\">ingl\u00e9s<\/a>)<br>Managment letter (<a href=\"https:\/\/archive.iai.int\/admin\/site\/sites\/default\/files\/10_ManLetter.pdf\" target=\"_blank\" rel=\"noreferrer noopener\">ingl\u00e9s<\/a>)<br>CE-20 &amp; CoP-12 Mayo 2-6, 2005 Montreal, Canada Programa anual (<a href=\"https:\/\/archive.iai.int\/admin\/site\/sites\/default\/files\/11_AnnProg_SP.pdf\" target=\"_blank\" rel=\"noreferrer noopener\">espa\u00f1ol<\/a>&nbsp;\u2013&nbsp;<a href=\"https:\/\/archive.iai.int\/admin\/site\/sites\/default\/files\/11_AnnProg.pdf\" target=\"_blank\" rel=\"noreferrer noopener\">ingl\u00e9s<\/a>)<br>CE-20 &amp; CoP-12 Mayo 2-6, 2005 Montreal, Canada (<a href=\"https:\/\/archive.iai.int\/admin\/site\/sites\/default\/files\/12_SCRP_SP.pdf\" target=\"_blank\" rel=\"noreferrer noopener\">espa\u00f1ol<\/a>&nbsp;\u2013&nbsp;<a href=\"https:\/\/archive.iai.int\/admin\/site\/sites\/default\/files\/12_SCRP-1.pdf\" target=\"_blank\" rel=\"noreferrer noopener\">ingl\u00e9s<\/a>)<br>FAC Reporte CE-20 &amp; CoP-12 Mayo 2-6, 2005 Montreal, Canada (<a href=\"https:\/\/archive.iai.int\/admin\/site\/sites\/default\/files\/12_SCRP_SP-1.pdf\" target=\"_blank\" rel=\"noreferrer noopener\">espa\u00f1ol<\/a>&nbsp;\u2013&nbsp;<a href=\"https:\/\/archive.iai.int\/admin\/site\/sites\/default\/files\/13_FAC.pdf\" target=\"_blank\" rel=\"noreferrer noopener\">ingl\u00e9s<\/a>) Addendum (<a href=\"https:\/\/archive.iai.int\/admin\/site\/sites\/default\/files\/13_FAC_addendum_1_SP.pdf\" target=\"_blank\" rel=\"noreferrer noopener\">espa\u00f1ol<\/a>&nbsp;\u2013&nbsp;<a href=\"https:\/\/archive.iai.int\/admin\/site\/sites\/default\/files\/13_FAC_addendum_1.pdf\" target=\"_blank\" rel=\"noreferrer noopener\">ingl\u00e9s<\/a>)<br>Report of the Ad-Hoc Committee on the Newsletter (<a href=\"https:\/\/archive.iai.int\/admin\/site\/sites\/default\/files\/14_Newsletter_SP.pdf\" target=\"_blank\" rel=\"noreferrer noopener\">espa\u00f1ol<\/a>&nbsp;\u2013&nbsp;<a href=\"https:\/\/archive.iai.int\/admin\/site\/sites\/default\/files\/14_Newsletter.pdf\" target=\"_blank\" rel=\"noreferrer noopener\">ingl\u00e9s<\/a>)<br>Agenda del CE (<a href=\"https:\/\/archive.iai.int\/admin\/site\/sites\/default\/files\/1_ecagenda_SP.pdf\" target=\"_blank\" rel=\"noreferrer noopener\">espa\u00f1ol<\/a>&nbsp;\u2013&nbsp;<a href=\"https:\/\/archive.iai.int\/admin\/site\/sites\/default\/files\/1_ecagenda5.pdf\" target=\"_blank\" rel=\"noreferrer noopener\">ingl\u00e9s<\/a>)<br>Agenda de la CoP (<a href=\"https:\/\/archive.iai.int\/admin\/site\/sites\/default\/files\/2_copagenda6_SP.pdf\" target=\"_blank\" rel=\"noreferrer noopener\">espa\u00f1ol<\/a>&nbsp;\u2013&nbsp;<a href=\"https:\/\/archive.iai.int\/admin\/site\/sites\/default\/files\/2_copagenda6.pdf\" target=\"_blank\" rel=\"noreferrer noopener\">ingl\u00e9s<\/a>)<br>Acta del CE-19 (B. Aires, Argentina) (<a href=\"https:\/\/archive.iai.int\/admin\/site\/sites\/default\/files\/3_EC19_SP.pdf\" target=\"_blank\" rel=\"noreferrer noopener\">espa\u00f1ol<\/a>&nbsp;\u2013&nbsp;<a href=\"https:\/\/archive.iai.int\/admin\/site\/sites\/default\/files\/3_EC19.pdf\" target=\"_blank\" rel=\"noreferrer noopener\">ingl\u00e9s<\/a>)<br>Acta de la CoP-11 (B. Aires, Argentina) (<a href=\"https:\/\/archive.iai.int\/admin\/site\/sites\/default\/files\/4_CoP11_SP.pdf\" target=\"_blank\" rel=\"noreferrer noopener\">espa\u00f1ol<\/a>&nbsp;\u2013&nbsp;<a href=\"https:\/\/archive.iai.int\/admin\/site\/sites\/default\/files\/4_CoP11.pdf\" target=\"_blank\" rel=\"noreferrer noopener\">ingl\u00e9s<\/a>)<br>Informe CE (<a href=\"https:\/\/archive.iai.int\/admin\/site\/sites\/default\/files\/5_ECChairRep_SP.pdf\" target=\"_blank\" rel=\"noreferrer noopener\">espa\u00f1ol<\/a>&nbsp;\u2013&nbsp;<a href=\"https:\/\/archive.iai.int\/admin\/site\/sites\/default\/files\/5_ECChairRep.pdf\" target=\"_blank\" rel=\"noreferrer noopener\">ingl\u00e9s<\/a>)<br>Informe del Directorio del IAI (<a href=\"https:\/\/archive.iai.int\/admin\/site\/sites\/default\/files\/6_DirRep_SP-1.pdf\" target=\"_blank\" rel=\"noreferrer noopener\">espa\u00f1ol<\/a>&nbsp;\u2013&nbsp;<a href=\"https:\/\/archive.iai.int\/admin\/site\/sites\/default\/files\/6_DirRep-1.pdf\" target=\"_blank\" rel=\"noreferrer noopener\">ingl\u00e9s<\/a>)<br>Actas de SAC-21 (Santiago, Chile) (<a href=\"https:\/\/archive.iai.int\/admin\/site\/sites\/default\/files\/7_SAC21_SP.pdf\" target=\"_blank\" rel=\"noreferrer noopener\">espa\u00f1ol<\/a>&nbsp;\u2013&nbsp;<a href=\"https:\/\/archive.iai.int\/admin\/site\/sites\/default\/files\/7_SAC21.pdf\" target=\"_blank\" rel=\"noreferrer noopener\">ingl\u00e9s<\/a>)<br>Report of the CRN-1 Program (<a href=\"https:\/\/archive.iai.int\/admin\/site\/sites\/default\/files\/8_CRN_I.pdf\" target=\"_blank\" rel=\"noreferrer noopener\">ingl\u00e9s<\/a>)<br>Presupuesto 2005-2006 (<a href=\"https:\/\/archive.iai.int\/admin\/site\/sites\/default\/files\/9_CB_05_06_SP.pdf\" target=\"_blank\" rel=\"noreferrer noopener\">espa\u00f1ol<\/a>&nbsp;\u2013&nbsp;<a href=\"https:\/\/archive.iai.int\/admin\/site\/sites\/default\/files\/9_CB_05_06.pdf\" target=\"_blank\" rel=\"noreferrer noopener\">ingl\u00e9s<\/a>)<br>CLARIS \u2028A Europe-South America Network for\u2028Climate Change Assessment and Impact Studies (<a href=\"https:\/\/archive.iai.int\/admin\/site\/sites\/default\/files\/CLARIS1_overview.pdf\" target=\"_blank\" rel=\"noreferrer noopener\">Ingl\u00e9s<\/a>)<br>CoP-12 d\u00eda 1 y 2 (<a href=\"https:\/\/archive.iai.int\/admin\/site\/sites\/default\/files\/CoP12_AL_Day1y2_Sp_Ap.pdf\" target=\"_blank\" rel=\"noreferrer noopener\">espa\u00f1ol<\/a>&nbsp;\u2013&nbsp;<a href=\"https:\/\/archive.iai.int\/admin\/site\/sites\/default\/files\/CoP12_AL_Day1and2_Ap.pdf\" target=\"_blank\" rel=\"noreferrer noopener\">ingl\u00e9s<\/a>)<br>CE-20 d\u00eda 1 y 2 (<a href=\"https:\/\/archive.iai.int\/admin\/site\/sites\/default\/files\/EC20_AL_day1y2_Sp_Ap.pdf\" target=\"_blank\" rel=\"noreferrer noopener\">espa\u00f1ol<\/a>&nbsp;\u2013&nbsp;<a href=\"https:\/\/archive.iai.int\/admin\/site\/sites\/default\/files\/EC20_AL_day1and2_Ap.pdf\" target=\"_blank\" rel=\"noreferrer noopener\">ingl\u00e9s<\/a>)<br>Proposal for alternative Core Budget Contributions (<a href=\"https:\/\/archive.iai.int\/admin\/site\/sites\/default\/files\/Ereno_Alternative-contributions1.pdf\" target=\"_blank\" rel=\"noreferrer noopener\">ingl\u00e9s<\/a>)<br>IAI Newsletter Report (<a href=\"https:\/\/archive.iai.int\/admin\/site\/sites\/default\/files\/Ereno_IAI-newsletter1.pdf\" target=\"_blank\" rel=\"noreferrer noopener\">ingl\u00e9s<\/a>)<br>IAI Directorate July 04-April 05 (<a href=\"https:\/\/archive.iai.int\/admin\/site\/sites\/default\/files\/IAI_Directorate-report-1Montreal_JWBS-ppt.pdf\" target=\"_blank\" rel=\"noreferrer noopener\">ingl\u00e9s<\/a>)<br>IAI Director Core Budget Request (<a href=\"https:\/\/archive.iai.int\/admin\/site\/sites\/default\/files\/IAI_Montreal.JWBS-CB1.pdf\" target=\"_blank\" rel=\"noreferrer noopener\">ingl\u00e9s<\/a>)<br>IAI Directorate (<a href=\"https:\/\/archive.iai.int\/admin\/site\/sites\/default\/files\/IAI_Directorate-report-Montreal_JWBS1-ppt.pdf\" target=\"_blank\" rel=\"noreferrer noopener\">ingl\u00e9s<\/a>)<br>IAI Directorate COP (<a href=\"https:\/\/archive.iai.int\/admin\/site\/sites\/default\/files\/IAI_Montreal_JWBS-CoP-11.pdf\" target=\"_blank\" rel=\"noreferrer noopener\">ingl\u00e9s<\/a>)<br>Update on the DIS and \u2028IT Matters (<a href=\"https:\/\/archive.iai.int\/admin\/site\/sites\/default\/files\/IAI_Presentation_LMA1.pdf\" target=\"_blank\" rel=\"noreferrer noopener\">ingl\u00e9s<\/a>)<br>CoP-5 (<a href=\"https:\/\/archive.iai.int\/admin\/site\/sites\/default\/files\/ListPart_CoP5_6may_05.pdf\" target=\"_blank\" rel=\"noreferrer noopener\">ingl\u00e9s<\/a>)<br>CE-2 (<a href=\"https:\/\/archive.iai.int\/admin\/site\/sites\/default\/files\/ListPart_EC_2_3may05.pdf\" target=\"_blank\" rel=\"noreferrer noopener\">ingl\u00e9s<\/a>)<br>Report of the IAI Training, Communications and Outreach Officer (<a href=\"https:\/\/archive.iai.int\/admin\/site\/sites\/default\/files\/Marcella-ppt-presentation-EC-Cop-Meeting-Montreal1.pdf\" target=\"_blank\" rel=\"noreferrer noopener\">ingl\u00e9s<\/a>)<br>Report of the IAI Training, Communications and Outreach Officer (<a href=\"https:\/\/archive.iai.int\/admin\/site\/sites\/default\/files\/Marcella_Presentation1.pdf\" target=\"_blank\" rel=\"noreferrer noopener\">ingl\u00e9s<\/a>)<br>Margaret Leinen Assistant Director of Geosciences US National Science Foundation (<a href=\"https:\/\/archive.iai.int\/admin\/site\/sites\/default\/files\/Margaret_Leinen1.52005.pdf\" target=\"_blank\" rel=\"noreferrer noopener\">ingl\u00e9s<\/a>)<br>CRN II country involvement (<a href=\"https:\/\/archive.iai.int\/admin\/site\/sites\/default\/files\/PortraitTable1.pdf\" target=\"_blank\" rel=\"noreferrer noopener\">ingl\u00e9s<\/a>)<br>IAI Director Core Budget Request (<a href=\"https:\/\/archive.iai.int\/admin\/site\/sites\/default\/files\/Present-JWBS-Core-Budget1.pdf\" target=\"_blank\" rel=\"noreferrer noopener\">ingl\u00e9s<\/a>)<br>Presentation of the Administrative and Financial Officer (<a href=\"https:\/\/archive.iai.int\/admin\/site\/sites\/default\/files\/Presentation-AFO1.pdf\" target=\"_blank\" rel=\"noreferrer noopener\">ingl\u00e9s<\/a>)<br>Report Scientific Officer to CE- 20 (<a href=\"https:\/\/archive.iai.int\/admin\/site\/sites\/default\/files\/Report-Scientific-Officer-to-XX-EC1.pdf\" target=\"_blank\" rel=\"noreferrer noopener\">ingl\u00e9s<\/a>)<br>Report_of_SAC_Chair (<a href=\"https:\/\/archive.iai.int\/admin\/site\/sites\/default\/files\/Report_of_SAC_Chair1.pdf\" target=\"_blank\" rel=\"noreferrer noopener\">ingl\u00e9s<\/a>)<br>Resolutions CoP- 12 (<a href=\"https:\/\/archive.iai.int\/admin\/site\/sites\/default\/files\/Resolutions_CoP12_Sp_Ap.pdf\" target=\"_blank\" rel=\"noreferrer noopener\">espa\u00f1ol<\/a>&nbsp;\u2013&nbsp;<a href=\"https:\/\/archive.iai.int\/admin\/site\/sites\/default\/files\/Resolutions_CoP12_Ap.pdf\" target=\"_blank\" rel=\"noreferrer noopener\">ingl\u00e9s<\/a>)<br>SAC recommendation (<a href=\"https:\/\/archive.iai.int\/admin\/site\/sites\/default\/files\/SAC_recommendation1.pdf\" target=\"_blank\" rel=\"noreferrer noopener\">Ingl\u00e9s<\/a>)<br><a href=\"https:\/\/archive.iai.int\/admin\/site\/sites\/default\/files\/Science_Symposium_Agenda_SP.pdf\" target=\"_blank\" rel=\"noreferrer noopener\">Espa\u00f1ol<\/a>&nbsp;\u2013&nbsp;<a href=\"https:\/\/archive.iai.int\/admin\/site\/sites\/default\/files\/Science_Symposium_Agenda.pdf\" target=\"_blank\" rel=\"noreferrer noopener\">Ingl\u00e9s&nbsp;<\/a><br>Shere Abbott AAAS Chief International Officer (<a href=\"https:\/\/archive.iai.int\/admin\/site\/sites\/default\/files\/sabbott_presentation1.pdf\" target=\"_blank\" rel=\"noreferrer noopener\">ingl\u00e9s<\/a>)<\/p>\n\n\n\n<p><a href=\"https:\/\/iai.int\/es\/reuniones-ec-y-cop\/\"><strong>Regresar a Reuniones EC y COP<\/strong><\/a><\/p>\n","protected":false},"excerpt":{"rendered":"<p>Reporte financiero (ingl\u00e9s)Managment letter (ingl\u00e9s)CE-20 &amp; CoP-12 Mayo 2-6, 2005 Montreal, Canada Programa anual (espa\u00f1ol&nbsp;\u2013&nbsp;ingl\u00e9s)CE-20 &amp; CoP-12 Mayo 2-6, 2005 Montreal, Canada (espa\u00f1ol&nbsp;\u2013&nbsp;ingl\u00e9s)FAC Reporte CE-20 &amp; CoP-12 Mayo 2-6, 2005 Montreal, Canada (espa\u00f1ol&nbsp;\u2013&nbsp;ingl\u00e9s) Addendum (espa\u00f1ol&nbsp;\u2013&nbsp;ingl\u00e9s)Report of the Ad-Hoc Committee on the Newsletter (espa\u00f1ol&nbsp;\u2013&nbsp;ingl\u00e9s)Agenda del CE (espa\u00f1ol&nbsp;\u2013&nbsp;ingl\u00e9s)Agenda de la CoP (espa\u00f1ol&nbsp;\u2013&nbsp;ingl\u00e9s)Acta del CE-19 (B. Aires, Argentina) [&hellip;]<\/p>\n","protected":false},"author":9,"featured_media":12435,"parent":364,"menu_order":0,"comment_status":"closed","ping_status":"closed","template":"","meta":{"_acf_changed":false,"_uag_custom_page_level_css":"","footnotes":""},"class_list":["post-12451","page","type-page","status-publish","has-post-thumbnail","hentry"],"acf":[],"yoast_head":"<!-- This site is optimized with the Yoast SEO plugin v27.3 - https:\/\/yoast.com\/product\/yoast-seo-wordpress\/ -->\n<title>20a reuni\u00f3n del Consejo Ejecutivo - 12a reuni\u00f3n de la Conferencia de las Partes - IAI - Inter-American Institute for Global Change Research<\/title>\n<meta name=\"robots\" content=\"index, follow, max-snippet:-1, max-image-preview:large, max-video-preview:-1\" \/>\n<link rel=\"canonical\" href=\"https:\/\/iai.int\/es\/reuniones-ec-y-cop\/20a-reunion-del-consejo-ejecutivo\/\" \/>\n<meta property=\"og:locale\" content=\"es_ES\" \/>\n<meta property=\"og:type\" content=\"article\" \/>\n<meta property=\"og:title\" content=\"20a reuni\u00f3n del Consejo Ejecutivo - 12a reuni\u00f3n de la Conferencia de las Partes - IAI - Inter-American Institute for Global Change Research\" \/>\n<meta property=\"og:description\" content=\"Reporte financiero (ingl\u00e9s)Managment letter (ingl\u00e9s)CE-20 &amp; CoP-12 Mayo 2-6, 2005 Montreal, Canada Programa anual (espa\u00f1ol&nbsp;\u2013&nbsp;ingl\u00e9s)CE-20 &amp; CoP-12 Mayo 2-6, 2005 Montreal, Canada (espa\u00f1ol&nbsp;\u2013&nbsp;ingl\u00e9s)FAC Reporte CE-20 &amp; CoP-12 Mayo 2-6, 2005 Montreal, Canada (espa\u00f1ol&nbsp;\u2013&nbsp;ingl\u00e9s) Addendum (espa\u00f1ol&nbsp;\u2013&nbsp;ingl\u00e9s)Report of the Ad-Hoc Committee on the Newsletter (espa\u00f1ol&nbsp;\u2013&nbsp;ingl\u00e9s)Agenda del CE (espa\u00f1ol&nbsp;\u2013&nbsp;ingl\u00e9s)Agenda de la CoP (espa\u00f1ol&nbsp;\u2013&nbsp;ingl\u00e9s)Acta del CE-19 (B. Aires, Argentina) [&hellip;]\" \/>\n<meta property=\"og:url\" content=\"https:\/\/iai.int\/es\/reuniones-ec-y-cop\/20a-reunion-del-consejo-ejecutivo\/\" \/>\n<meta property=\"og:site_name\" content=\"IAI - Inter-American Institute for Global Change Research\" \/>\n<meta property=\"article:modified_time\" content=\"2026-01-14T15:32:41+00:00\" \/>\n<meta property=\"og:image\" content=\"https:\/\/iai.int\/wp-content\/uploads\/2026\/01\/ReunionIAI.jpeg\" \/>\n\t<meta property=\"og:image:width\" content=\"1600\" \/>\n\t<meta property=\"og:image:height\" content=\"497\" \/>\n\t<meta property=\"og:image:type\" content=\"image\/jpeg\" \/>\n<meta name=\"twitter:card\" content=\"summary_large_image\" \/>\n<meta name=\"twitter:label1\" content=\"Tiempo de lectura\" \/>\n\t<meta name=\"twitter:data1\" content=\"2 minutos\" \/>\n<script type=\"application\/ld+json\" class=\"yoast-schema-graph\">{\"@context\":\"https:\\\/\\\/schema.org\",\"@graph\":[{\"@type\":\"WebPage\",\"@id\":\"https:\\\/\\\/iai.int\\\/es\\\/reuniones-ec-y-cop\\\/20a-reunion-del-consejo-ejecutivo\\\/\",\"url\":\"https:\\\/\\\/iai.int\\\/es\\\/reuniones-ec-y-cop\\\/20a-reunion-del-consejo-ejecutivo\\\/\",\"name\":\"20a reuni\u00f3n del Consejo Ejecutivo - 12a reuni\u00f3n de la Conferencia de las Partes - IAI - Inter-American Institute for Global Change Research\",\"isPartOf\":{\"@id\":\"https:\\\/\\\/iai.int\\\/es\\\/#website\"},\"primaryImageOfPage\":{\"@id\":\"https:\\\/\\\/iai.int\\\/es\\\/reuniones-ec-y-cop\\\/20a-reunion-del-consejo-ejecutivo\\\/#primaryimage\"},\"image\":{\"@id\":\"https:\\\/\\\/iai.int\\\/es\\\/reuniones-ec-y-cop\\\/20a-reunion-del-consejo-ejecutivo\\\/#primaryimage\"},\"thumbnailUrl\":\"https:\\\/\\\/iai.int\\\/wp-content\\\/uploads\\\/2026\\\/01\\\/ReunionIAI.jpeg\",\"datePublished\":\"2026-01-06T22:50:14+00:00\",\"dateModified\":\"2026-01-14T15:32:41+00:00\",\"breadcrumb\":{\"@id\":\"https:\\\/\\\/iai.int\\\/es\\\/reuniones-ec-y-cop\\\/20a-reunion-del-consejo-ejecutivo\\\/#breadcrumb\"},\"inLanguage\":\"es\",\"potentialAction\":[{\"@type\":\"ReadAction\",\"target\":[\"https:\\\/\\\/iai.int\\\/es\\\/reuniones-ec-y-cop\\\/20a-reunion-del-consejo-ejecutivo\\\/\"]}]},{\"@type\":\"ImageObject\",\"inLanguage\":\"es\",\"@id\":\"https:\\\/\\\/iai.int\\\/es\\\/reuniones-ec-y-cop\\\/20a-reunion-del-consejo-ejecutivo\\\/#primaryimage\",\"url\":\"https:\\\/\\\/iai.int\\\/wp-content\\\/uploads\\\/2026\\\/01\\\/ReunionIAI.jpeg\",\"contentUrl\":\"https:\\\/\\\/iai.int\\\/wp-content\\\/uploads\\\/2026\\\/01\\\/ReunionIAI.jpeg\",\"width\":1600,\"height\":497},{\"@type\":\"BreadcrumbList\",\"@id\":\"https:\\\/\\\/iai.int\\\/es\\\/reuniones-ec-y-cop\\\/20a-reunion-del-consejo-ejecutivo\\\/#breadcrumb\",\"itemListElement\":[{\"@type\":\"ListItem\",\"position\":1,\"name\":\"Portada\",\"item\":\"https:\\\/\\\/iai.int\\\/es\\\/\"},{\"@type\":\"ListItem\",\"position\":2,\"name\":\"Reuniones EC y COP\",\"item\":\"https:\\\/\\\/iai.int\\\/es\\\/reuniones-ec-y-cop\\\/\"},{\"@type\":\"ListItem\",\"position\":3,\"name\":\"20a reuni\u00f3n del Consejo Ejecutivo &#8211; 12a reuni\u00f3n de la Conferencia de las Partes\"}]},{\"@type\":\"WebSite\",\"@id\":\"https:\\\/\\\/iai.int\\\/es\\\/#website\",\"url\":\"https:\\\/\\\/iai.int\\\/es\\\/\",\"name\":\"IAI - Inter-American Institute for Global Change Research\",\"description\":\"\",\"publisher\":{\"@id\":\"https:\\\/\\\/iai.int\\\/es\\\/#organization\"},\"potentialAction\":[{\"@type\":\"SearchAction\",\"target\":{\"@type\":\"EntryPoint\",\"urlTemplate\":\"https:\\\/\\\/iai.int\\\/es\\\/?s={search_term_string}\"},\"query-input\":{\"@type\":\"PropertyValueSpecification\",\"valueRequired\":true,\"valueName\":\"search_term_string\"}}],\"inLanguage\":\"es\"},{\"@type\":\"Organization\",\"@id\":\"https:\\\/\\\/iai.int\\\/es\\\/#organization\",\"name\":\"IAI - Inter-American Institute for Global Change Research\",\"url\":\"https:\\\/\\\/iai.int\\\/es\\\/\",\"logo\":{\"@type\":\"ImageObject\",\"inLanguage\":\"es\",\"@id\":\"https:\\\/\\\/iai.int\\\/es\\\/#\\\/schema\\\/logo\\\/image\\\/\",\"url\":\"https:\\\/\\\/iai.int\\\/wp-content\\\/uploads\\\/2025\\\/11\\\/IAI-logo-English-scaled.png\",\"contentUrl\":\"https:\\\/\\\/iai.int\\\/wp-content\\\/uploads\\\/2025\\\/11\\\/IAI-logo-English-scaled.png\",\"width\":2560,\"height\":985,\"caption\":\"IAI - Inter-American Institute for Global Change Research\"},\"image\":{\"@id\":\"https:\\\/\\\/iai.int\\\/es\\\/#\\\/schema\\\/logo\\\/image\\\/\"}}]}<\/script>\n<!-- \/ Yoast SEO plugin. -->","yoast_head_json":{"title":"20a reuni\u00f3n del Consejo Ejecutivo - 12a reuni\u00f3n de la Conferencia de las Partes - IAI - Inter-American Institute for Global Change Research","robots":{"index":"index","follow":"follow","max-snippet":"max-snippet:-1","max-image-preview":"max-image-preview:large","max-video-preview":"max-video-preview:-1"},"canonical":"https:\/\/iai.int\/es\/reuniones-ec-y-cop\/20a-reunion-del-consejo-ejecutivo\/","og_locale":"es_ES","og_type":"article","og_title":"20a reuni\u00f3n del Consejo Ejecutivo - 12a reuni\u00f3n de la Conferencia de las Partes - IAI - Inter-American Institute for Global Change Research","og_description":"Reporte financiero (ingl\u00e9s)Managment letter (ingl\u00e9s)CE-20 &amp; CoP-12 Mayo 2-6, 2005 Montreal, Canada Programa anual (espa\u00f1ol&nbsp;\u2013&nbsp;ingl\u00e9s)CE-20 &amp; CoP-12 Mayo 2-6, 2005 Montreal, Canada (espa\u00f1ol&nbsp;\u2013&nbsp;ingl\u00e9s)FAC Reporte CE-20 &amp; CoP-12 Mayo 2-6, 2005 Montreal, Canada (espa\u00f1ol&nbsp;\u2013&nbsp;ingl\u00e9s) Addendum (espa\u00f1ol&nbsp;\u2013&nbsp;ingl\u00e9s)Report of the Ad-Hoc Committee on the Newsletter (espa\u00f1ol&nbsp;\u2013&nbsp;ingl\u00e9s)Agenda del CE (espa\u00f1ol&nbsp;\u2013&nbsp;ingl\u00e9s)Agenda de la CoP (espa\u00f1ol&nbsp;\u2013&nbsp;ingl\u00e9s)Acta del CE-19 (B. Aires, Argentina) [&hellip;]","og_url":"https:\/\/iai.int\/es\/reuniones-ec-y-cop\/20a-reunion-del-consejo-ejecutivo\/","og_site_name":"IAI - Inter-American Institute for Global Change Research","article_modified_time":"2026-01-14T15:32:41+00:00","og_image":[{"width":1600,"height":497,"url":"https:\/\/iai.int\/wp-content\/uploads\/2026\/01\/ReunionIAI.jpeg","type":"image\/jpeg"}],"twitter_card":"summary_large_image","twitter_misc":{"Tiempo de lectura":"2 minutos"},"schema":{"@context":"https:\/\/schema.org","@graph":[{"@type":"WebPage","@id":"https:\/\/iai.int\/es\/reuniones-ec-y-cop\/20a-reunion-del-consejo-ejecutivo\/","url":"https:\/\/iai.int\/es\/reuniones-ec-y-cop\/20a-reunion-del-consejo-ejecutivo\/","name":"20a reuni\u00f3n del Consejo Ejecutivo - 12a reuni\u00f3n de la Conferencia de las Partes - IAI - Inter-American Institute for Global Change Research","isPartOf":{"@id":"https:\/\/iai.int\/es\/#website"},"primaryImageOfPage":{"@id":"https:\/\/iai.int\/es\/reuniones-ec-y-cop\/20a-reunion-del-consejo-ejecutivo\/#primaryimage"},"image":{"@id":"https:\/\/iai.int\/es\/reuniones-ec-y-cop\/20a-reunion-del-consejo-ejecutivo\/#primaryimage"},"thumbnailUrl":"https:\/\/iai.int\/wp-content\/uploads\/2026\/01\/ReunionIAI.jpeg","datePublished":"2026-01-06T22:50:14+00:00","dateModified":"2026-01-14T15:32:41+00:00","breadcrumb":{"@id":"https:\/\/iai.int\/es\/reuniones-ec-y-cop\/20a-reunion-del-consejo-ejecutivo\/#breadcrumb"},"inLanguage":"es","potentialAction":[{"@type":"ReadAction","target":["https:\/\/iai.int\/es\/reuniones-ec-y-cop\/20a-reunion-del-consejo-ejecutivo\/"]}]},{"@type":"ImageObject","inLanguage":"es","@id":"https:\/\/iai.int\/es\/reuniones-ec-y-cop\/20a-reunion-del-consejo-ejecutivo\/#primaryimage","url":"https:\/\/iai.int\/wp-content\/uploads\/2026\/01\/ReunionIAI.jpeg","contentUrl":"https:\/\/iai.int\/wp-content\/uploads\/2026\/01\/ReunionIAI.jpeg","width":1600,"height":497},{"@type":"BreadcrumbList","@id":"https:\/\/iai.int\/es\/reuniones-ec-y-cop\/20a-reunion-del-consejo-ejecutivo\/#breadcrumb","itemListElement":[{"@type":"ListItem","position":1,"name":"Portada","item":"https:\/\/iai.int\/es\/"},{"@type":"ListItem","position":2,"name":"Reuniones EC y COP","item":"https:\/\/iai.int\/es\/reuniones-ec-y-cop\/"},{"@type":"ListItem","position":3,"name":"20a reuni\u00f3n del Consejo Ejecutivo &#8211; 12a reuni\u00f3n de la Conferencia de las Partes"}]},{"@type":"WebSite","@id":"https:\/\/iai.int\/es\/#website","url":"https:\/\/iai.int\/es\/","name":"IAI - Inter-American Institute for Global Change Research","description":"","publisher":{"@id":"https:\/\/iai.int\/es\/#organization"},"potentialAction":[{"@type":"SearchAction","target":{"@type":"EntryPoint","urlTemplate":"https:\/\/iai.int\/es\/?s={search_term_string}"},"query-input":{"@type":"PropertyValueSpecification","valueRequired":true,"valueName":"search_term_string"}}],"inLanguage":"es"},{"@type":"Organization","@id":"https:\/\/iai.int\/es\/#organization","name":"IAI - Inter-American Institute for Global Change Research","url":"https:\/\/iai.int\/es\/","logo":{"@type":"ImageObject","inLanguage":"es","@id":"https:\/\/iai.int\/es\/#\/schema\/logo\/image\/","url":"https:\/\/iai.int\/wp-content\/uploads\/2025\/11\/IAI-logo-English-scaled.png","contentUrl":"https:\/\/iai.int\/wp-content\/uploads\/2025\/11\/IAI-logo-English-scaled.png","width":2560,"height":985,"caption":"IAI - Inter-American Institute for Global Change Research"},"image":{"@id":"https:\/\/iai.int\/es\/#\/schema\/logo\/image\/"}}]}},"uagb_featured_image_src":{"full":["https:\/\/iai.int\/wp-content\/uploads\/2026\/01\/ReunionIAI.jpeg",1600,497,false],"thumbnail":["https:\/\/iai.int\/wp-content\/uploads\/2026\/01\/ReunionIAI-150x150.jpeg",150,150,true],"medium":["https:\/\/iai.int\/wp-content\/uploads\/2026\/01\/ReunionIAI-300x93.jpeg",300,93,true],"medium_large":["https:\/\/iai.int\/wp-content\/uploads\/2026\/01\/ReunionIAI-768x239.jpeg",768,239,true],"large":["https:\/\/iai.int\/wp-content\/uploads\/2026\/01\/ReunionIAI-1024x318.jpeg",800,248,true],"1536x1536":["https:\/\/iai.int\/wp-content\/uploads\/2026\/01\/ReunionIAI-1536x477.jpeg",1536,477,true],"2048x2048":["https:\/\/iai.int\/wp-content\/uploads\/2026\/01\/ReunionIAI.jpeg",1600,497,false]},"uagb_author_info":{"display_name":"IAI Communication","author_link":"https:\/\/iai.int\/es\/author\/iai-communication\/"},"uagb_comment_info":0,"uagb_excerpt":"Reporte financiero (ingl\u00e9s)Managment letter (ingl\u00e9s)CE-20 &amp; CoP-12 Mayo 2-6, 2005 Montreal, Canada Programa anual (espa\u00f1ol&nbsp;\u2013&nbsp;ingl\u00e9s)CE-20 &amp; CoP-12 Mayo 2-6, 2005 Montreal, Canada (espa\u00f1ol&nbsp;\u2013&nbsp;ingl\u00e9s)FAC Reporte CE-20 &amp; CoP-12 Mayo 2-6, 2005 Montreal, Canada (espa\u00f1ol&nbsp;\u2013&nbsp;ingl\u00e9s) Addendum (espa\u00f1ol&nbsp;\u2013&nbsp;ingl\u00e9s)Report of the Ad-Hoc Committee on the Newsletter (espa\u00f1ol&nbsp;\u2013&nbsp;ingl\u00e9s)Agenda del CE (espa\u00f1ol&nbsp;\u2013&nbsp;ingl\u00e9s)Agenda de la CoP (espa\u00f1ol&nbsp;\u2013&nbsp;ingl\u00e9s)Acta del CE-19 (B. Aires, Argentina)&hellip;","_links":{"self":[{"href":"https:\/\/iai.int\/es\/wp-json\/wp\/v2\/pages\/12451","targetHints":{"allow":["GET"]}}],"collection":[{"href":"https:\/\/iai.int\/es\/wp-json\/wp\/v2\/pages"}],"about":[{"href":"https:\/\/iai.int\/es\/wp-json\/wp\/v2\/types\/page"}],"author":[{"embeddable":true,"href":"https:\/\/iai.int\/es\/wp-json\/wp\/v2\/users\/9"}],"replies":[{"embeddable":true,"href":"https:\/\/iai.int\/es\/wp-json\/wp\/v2\/comments?post=12451"}],"version-history":[{"count":3,"href":"https:\/\/iai.int\/es\/wp-json\/wp\/v2\/pages\/12451\/revisions"}],"predecessor-version":[{"id":13395,"href":"https:\/\/iai.int\/es\/wp-json\/wp\/v2\/pages\/12451\/revisions\/13395"}],"up":[{"embeddable":true,"href":"https:\/\/iai.int\/es\/wp-json\/wp\/v2\/pages\/364"}],"wp:featuredmedia":[{"embeddable":true,"href":"https:\/\/iai.int\/es\/wp-json\/wp\/v2\/media\/12435"}],"wp:attachment":[{"href":"https:\/\/iai.int\/es\/wp-json\/wp\/v2\/media?parent=12451"}],"curies":[{"name":"wp","href":"https:\/\/api.w.org\/{rel}","templated":true}]}}