{"id":12442,"date":"2026-01-06T17:42:50","date_gmt":"2026-01-06T22:42:50","guid":{"rendered":"https:\/\/iai.int\/?page_id=12442"},"modified":"2026-01-13T15:39:58","modified_gmt":"2026-01-13T20:39:58","slug":"21a-reunion-del-consejo-ejecutivo","status":"publish","type":"page","link":"https:\/\/iai.int\/es\/reuniones-ec-y-cop\/21a-reunion-del-consejo-ejecutivo\/","title":{"rendered":"21a reuni\u00f3n del Consejo Ejecutivo"},"content":{"rendered":"\n<p>EC agenda (<a href=\"https:\/\/archive.iai.int\/admin\/site\/sites\/default\/files\/1_ECAgenda_SP.pdf\" target=\"_blank\" rel=\"noreferrer noopener\">espa\u00f1ol<\/a>&nbsp;\u2013&nbsp;<a href=\"https:\/\/archive.iai.int\/admin\/site\/sites\/default\/files\/1_ECAgenda.pdf\" target=\"_blank\" rel=\"noreferrer noopener\">ingl\u00e9s<\/a>)<br>EC-20 Actas (<a href=\"https:\/\/archive.iai.int\/admin\/site\/sites\/default\/files\/2_Minuta_XX_EC_SP.pdf\" target=\"_blank\" rel=\"noreferrer noopener\">espa\u00f1ol<\/a>&nbsp;\u2013&nbsp;<a href=\"https:\/\/archive.iai.int\/admin\/site\/sites\/default\/files\/2_EC20_minutes_final.pdf\" target=\"_blank\" rel=\"noreferrer noopener\">ingl\u00e9s<\/a>)<br>EC Chair Report (<a href=\"https:\/\/archive.iai.int\/admin\/site\/sites\/default\/files\/3_Informe_EC_Chair_SP.pdf\" target=\"_blank\" rel=\"noreferrer noopener\">espa\u00f1ol<\/a>&nbsp;\u2013&nbsp;<a href=\"https:\/\/archive.iai.int\/admin\/site\/sites\/default\/files\/3_Report_of_the_IAI_EC_Chair.pdf\" target=\"_blank\" rel=\"noreferrer noopener\">ingl\u00e9s<\/a>)<br>Informe del Directorio del IAI (<a href=\"https:\/\/archive.iai.int\/admin\/site\/sites\/default\/files\/4_Report_of_IAI_Directorate_SP.pdf\" target=\"_blank\" rel=\"noreferrer noopener\">espa\u00f1ol<\/a>&nbsp;\u2013&nbsp;<a href=\"https:\/\/archive.iai.int\/admin\/site\/sites\/default\/files\/4_Report_of_IAI_Directorate.pdf\" target=\"_blank\" rel=\"noreferrer noopener\">ingl\u00e9s<\/a>)<br>Informe de CRN 2 (<a href=\"https:\/\/archive.iai.int\/admin\/site\/sites\/default\/files\/5_Report_on_the_CRN_II_SP.pdf\" target=\"_blank\" rel=\"noreferrer noopener\">espa\u00f1ol<\/a>&nbsp;\u2013&nbsp;<a href=\"https:\/\/archive.iai.int\/admin\/site\/sites\/default\/files\/5_Report_on_the_CRN_II.pdf\" target=\"_blank\" rel=\"noreferrer noopener\">ingl\u00e9s<\/a>)<br>Informe de SAC (<a href=\"https:\/\/archive.iai.int\/admin\/site\/sites\/default\/files\/6_Report_of_the_SAC_SP.pdf\" target=\"_blank\" rel=\"noreferrer noopener\">espa\u00f1ol<\/a>&nbsp;\u2013&nbsp;<a href=\"https:\/\/archive.iai.int\/admin\/site\/sites\/default\/files\/6_Report_of_the_SAC.pdf\" target=\"_blank\" rel=\"noreferrer noopener\">ingl\u00e9s<\/a>)<br>Informe de FAC (<a href=\"https:\/\/archive.iai.int\/admin\/site\/sites\/default\/files\/7_FAC_Informe_SP.pdf\" target=\"_blank\" rel=\"noreferrer noopener\">espa\u00f1ol<\/a>&nbsp;\u2013&nbsp;<a href=\"https:\/\/archive.iai.int\/admin\/site\/sites\/default\/files\/7_FACReport.pdf\" target=\"_blank\" rel=\"noreferrer noopener\">ingl\u00e9s<\/a>)<br>EC-21 Lista de Acci\u00f3n (<a href=\"https:\/\/archive.iai.int\/admin\/site\/sites\/default\/files\/EC21_Action_List_SP.pdf\" target=\"_blank\" rel=\"noreferrer noopener\">espa\u00f1ol<\/a>&nbsp;\u2013&nbsp;<a href=\"https:\/\/archive.iai.int\/admin\/site\/sites\/default\/files\/EC21_Action_List.pdf\" target=\"_blank\" rel=\"noreferrer noopener\">ingl\u00e9s<\/a>)<\/p>\n\n\n\n<p><a href=\"https:\/\/iai.int\/es\/reuniones-ec-y-cop\/\"><strong>Regresar a Reuniones EC y COP<\/strong><\/a><\/p>\n\n\n\n<p><\/p>\n","protected":false},"excerpt":{"rendered":"<p>EC agenda (espa\u00f1ol&nbsp;\u2013&nbsp;ingl\u00e9s)EC-20 Actas (espa\u00f1ol&nbsp;\u2013&nbsp;ingl\u00e9s)EC Chair Report (espa\u00f1ol&nbsp;\u2013&nbsp;ingl\u00e9s)Informe del Directorio del IAI (espa\u00f1ol&nbsp;\u2013&nbsp;ingl\u00e9s)Informe de CRN 2 (espa\u00f1ol&nbsp;\u2013&nbsp;ingl\u00e9s)Informe de SAC (espa\u00f1ol&nbsp;\u2013&nbsp;ingl\u00e9s)Informe de FAC (espa\u00f1ol&nbsp;\u2013&nbsp;ingl\u00e9s)EC-21 Lista de Acci\u00f3n (espa\u00f1ol&nbsp;\u2013&nbsp;ingl\u00e9s) Regresar a Reuniones EC y COP<\/p>\n","protected":false},"author":9,"featured_media":12435,"parent":364,"menu_order":0,"comment_status":"closed","ping_status":"closed","template":"","meta":{"_acf_changed":false,"_uag_custom_page_level_css":"","footnotes":""},"class_list":["post-12442","page","type-page","status-publish","has-post-thumbnail","hentry"],"acf":[],"yoast_head":"<!-- This site is optimized with the Yoast SEO plugin v27.3 - https:\/\/yoast.com\/product\/yoast-seo-wordpress\/ -->\n<title>21a reuni\u00f3n del Consejo Ejecutivo - IAI - Inter-American Institute for Global Change Research<\/title>\n<meta name=\"robots\" content=\"index, follow, max-snippet:-1, max-image-preview:large, max-video-preview:-1\" \/>\n<link rel=\"canonical\" href=\"https:\/\/iai.int\/es\/reuniones-ec-y-cop\/21a-reunion-del-consejo-ejecutivo\/\" \/>\n<meta property=\"og:locale\" content=\"es_ES\" \/>\n<meta property=\"og:type\" content=\"article\" \/>\n<meta property=\"og:title\" content=\"21a reuni\u00f3n del Consejo Ejecutivo - IAI - Inter-American Institute for Global Change Research\" \/>\n<meta property=\"og:description\" content=\"EC agenda (espa\u00f1ol&nbsp;\u2013&nbsp;ingl\u00e9s)EC-20 Actas (espa\u00f1ol&nbsp;\u2013&nbsp;ingl\u00e9s)EC Chair Report (espa\u00f1ol&nbsp;\u2013&nbsp;ingl\u00e9s)Informe del Directorio del IAI (espa\u00f1ol&nbsp;\u2013&nbsp;ingl\u00e9s)Informe de CRN 2 (espa\u00f1ol&nbsp;\u2013&nbsp;ingl\u00e9s)Informe de SAC (espa\u00f1ol&nbsp;\u2013&nbsp;ingl\u00e9s)Informe de FAC (espa\u00f1ol&nbsp;\u2013&nbsp;ingl\u00e9s)EC-21 Lista de Acci\u00f3n (espa\u00f1ol&nbsp;\u2013&nbsp;ingl\u00e9s) Regresar a Reuniones EC y COP\" \/>\n<meta property=\"og:url\" content=\"https:\/\/iai.int\/es\/reuniones-ec-y-cop\/21a-reunion-del-consejo-ejecutivo\/\" \/>\n<meta property=\"og:site_name\" content=\"IAI - Inter-American Institute for Global Change Research\" \/>\n<meta property=\"article:modified_time\" content=\"2026-01-13T20:39:58+00:00\" \/>\n<meta property=\"og:image\" content=\"https:\/\/iai.int\/wp-content\/uploads\/2026\/01\/ReunionIAI.jpeg\" \/>\n\t<meta property=\"og:image:width\" content=\"1600\" \/>\n\t<meta property=\"og:image:height\" content=\"497\" \/>\n\t<meta property=\"og:image:type\" content=\"image\/jpeg\" \/>\n<meta name=\"twitter:card\" content=\"summary_large_image\" \/>\n<script type=\"application\/ld+json\" class=\"yoast-schema-graph\">{\"@context\":\"https:\\\/\\\/schema.org\",\"@graph\":[{\"@type\":\"WebPage\",\"@id\":\"https:\\\/\\\/iai.int\\\/es\\\/reuniones-ec-y-cop\\\/21a-reunion-del-consejo-ejecutivo\\\/\",\"url\":\"https:\\\/\\\/iai.int\\\/es\\\/reuniones-ec-y-cop\\\/21a-reunion-del-consejo-ejecutivo\\\/\",\"name\":\"21a reuni\u00f3n del Consejo Ejecutivo - IAI - Inter-American Institute for Global Change Research\",\"isPartOf\":{\"@id\":\"https:\\\/\\\/iai.int\\\/es\\\/#website\"},\"primaryImageOfPage\":{\"@id\":\"https:\\\/\\\/iai.int\\\/es\\\/reuniones-ec-y-cop\\\/21a-reunion-del-consejo-ejecutivo\\\/#primaryimage\"},\"image\":{\"@id\":\"https:\\\/\\\/iai.int\\\/es\\\/reuniones-ec-y-cop\\\/21a-reunion-del-consejo-ejecutivo\\\/#primaryimage\"},\"thumbnailUrl\":\"https:\\\/\\\/iai.int\\\/wp-content\\\/uploads\\\/2026\\\/01\\\/ReunionIAI.jpeg\",\"datePublished\":\"2026-01-06T22:42:50+00:00\",\"dateModified\":\"2026-01-13T20:39:58+00:00\",\"breadcrumb\":{\"@id\":\"https:\\\/\\\/iai.int\\\/es\\\/reuniones-ec-y-cop\\\/21a-reunion-del-consejo-ejecutivo\\\/#breadcrumb\"},\"inLanguage\":\"es\",\"potentialAction\":[{\"@type\":\"ReadAction\",\"target\":[\"https:\\\/\\\/iai.int\\\/es\\\/reuniones-ec-y-cop\\\/21a-reunion-del-consejo-ejecutivo\\\/\"]}]},{\"@type\":\"ImageObject\",\"inLanguage\":\"es\",\"@id\":\"https:\\\/\\\/iai.int\\\/es\\\/reuniones-ec-y-cop\\\/21a-reunion-del-consejo-ejecutivo\\\/#primaryimage\",\"url\":\"https:\\\/\\\/iai.int\\\/wp-content\\\/uploads\\\/2026\\\/01\\\/ReunionIAI.jpeg\",\"contentUrl\":\"https:\\\/\\\/iai.int\\\/wp-content\\\/uploads\\\/2026\\\/01\\\/ReunionIAI.jpeg\",\"width\":1600,\"height\":497},{\"@type\":\"BreadcrumbList\",\"@id\":\"https:\\\/\\\/iai.int\\\/es\\\/reuniones-ec-y-cop\\\/21a-reunion-del-consejo-ejecutivo\\\/#breadcrumb\",\"itemListElement\":[{\"@type\":\"ListItem\",\"position\":1,\"name\":\"Portada\",\"item\":\"https:\\\/\\\/iai.int\\\/es\\\/\"},{\"@type\":\"ListItem\",\"position\":2,\"name\":\"Reuniones EC y COP\",\"item\":\"https:\\\/\\\/iai.int\\\/es\\\/reuniones-ec-y-cop\\\/\"},{\"@type\":\"ListItem\",\"position\":3,\"name\":\"21a reuni\u00f3n del Consejo Ejecutivo\"}]},{\"@type\":\"WebSite\",\"@id\":\"https:\\\/\\\/iai.int\\\/es\\\/#website\",\"url\":\"https:\\\/\\\/iai.int\\\/es\\\/\",\"name\":\"IAI - Inter-American Institute for Global Change Research\",\"description\":\"\",\"publisher\":{\"@id\":\"https:\\\/\\\/iai.int\\\/es\\\/#organization\"},\"potentialAction\":[{\"@type\":\"SearchAction\",\"target\":{\"@type\":\"EntryPoint\",\"urlTemplate\":\"https:\\\/\\\/iai.int\\\/es\\\/?s={search_term_string}\"},\"query-input\":{\"@type\":\"PropertyValueSpecification\",\"valueRequired\":true,\"valueName\":\"search_term_string\"}}],\"inLanguage\":\"es\"},{\"@type\":\"Organization\",\"@id\":\"https:\\\/\\\/iai.int\\\/es\\\/#organization\",\"name\":\"IAI - Inter-American Institute for Global Change Research\",\"url\":\"https:\\\/\\\/iai.int\\\/es\\\/\",\"logo\":{\"@type\":\"ImageObject\",\"inLanguage\":\"es\",\"@id\":\"https:\\\/\\\/iai.int\\\/es\\\/#\\\/schema\\\/logo\\\/image\\\/\",\"url\":\"https:\\\/\\\/iai.int\\\/wp-content\\\/uploads\\\/2025\\\/11\\\/IAI-logo-English-scaled.png\",\"contentUrl\":\"https:\\\/\\\/iai.int\\\/wp-content\\\/uploads\\\/2025\\\/11\\\/IAI-logo-English-scaled.png\",\"width\":2560,\"height\":985,\"caption\":\"IAI - Inter-American Institute for Global Change Research\"},\"image\":{\"@id\":\"https:\\\/\\\/iai.int\\\/es\\\/#\\\/schema\\\/logo\\\/image\\\/\"}}]}<\/script>\n<!-- \/ Yoast SEO plugin. -->","yoast_head_json":{"title":"21a reuni\u00f3n del Consejo Ejecutivo - IAI - Inter-American Institute for Global Change Research","robots":{"index":"index","follow":"follow","max-snippet":"max-snippet:-1","max-image-preview":"max-image-preview:large","max-video-preview":"max-video-preview:-1"},"canonical":"https:\/\/iai.int\/es\/reuniones-ec-y-cop\/21a-reunion-del-consejo-ejecutivo\/","og_locale":"es_ES","og_type":"article","og_title":"21a reuni\u00f3n del Consejo Ejecutivo - IAI - Inter-American Institute for Global Change Research","og_description":"EC agenda (espa\u00f1ol&nbsp;\u2013&nbsp;ingl\u00e9s)EC-20 Actas (espa\u00f1ol&nbsp;\u2013&nbsp;ingl\u00e9s)EC Chair Report (espa\u00f1ol&nbsp;\u2013&nbsp;ingl\u00e9s)Informe del Directorio del IAI (espa\u00f1ol&nbsp;\u2013&nbsp;ingl\u00e9s)Informe de CRN 2 (espa\u00f1ol&nbsp;\u2013&nbsp;ingl\u00e9s)Informe de SAC (espa\u00f1ol&nbsp;\u2013&nbsp;ingl\u00e9s)Informe de FAC (espa\u00f1ol&nbsp;\u2013&nbsp;ingl\u00e9s)EC-21 Lista de Acci\u00f3n (espa\u00f1ol&nbsp;\u2013&nbsp;ingl\u00e9s) Regresar a Reuniones EC y COP","og_url":"https:\/\/iai.int\/es\/reuniones-ec-y-cop\/21a-reunion-del-consejo-ejecutivo\/","og_site_name":"IAI - Inter-American Institute for Global Change Research","article_modified_time":"2026-01-13T20:39:58+00:00","og_image":[{"width":1600,"height":497,"url":"https:\/\/iai.int\/wp-content\/uploads\/2026\/01\/ReunionIAI.jpeg","type":"image\/jpeg"}],"twitter_card":"summary_large_image","schema":{"@context":"https:\/\/schema.org","@graph":[{"@type":"WebPage","@id":"https:\/\/iai.int\/es\/reuniones-ec-y-cop\/21a-reunion-del-consejo-ejecutivo\/","url":"https:\/\/iai.int\/es\/reuniones-ec-y-cop\/21a-reunion-del-consejo-ejecutivo\/","name":"21a reuni\u00f3n del Consejo Ejecutivo - IAI - Inter-American Institute for Global Change Research","isPartOf":{"@id":"https:\/\/iai.int\/es\/#website"},"primaryImageOfPage":{"@id":"https:\/\/iai.int\/es\/reuniones-ec-y-cop\/21a-reunion-del-consejo-ejecutivo\/#primaryimage"},"image":{"@id":"https:\/\/iai.int\/es\/reuniones-ec-y-cop\/21a-reunion-del-consejo-ejecutivo\/#primaryimage"},"thumbnailUrl":"https:\/\/iai.int\/wp-content\/uploads\/2026\/01\/ReunionIAI.jpeg","datePublished":"2026-01-06T22:42:50+00:00","dateModified":"2026-01-13T20:39:58+00:00","breadcrumb":{"@id":"https:\/\/iai.int\/es\/reuniones-ec-y-cop\/21a-reunion-del-consejo-ejecutivo\/#breadcrumb"},"inLanguage":"es","potentialAction":[{"@type":"ReadAction","target":["https:\/\/iai.int\/es\/reuniones-ec-y-cop\/21a-reunion-del-consejo-ejecutivo\/"]}]},{"@type":"ImageObject","inLanguage":"es","@id":"https:\/\/iai.int\/es\/reuniones-ec-y-cop\/21a-reunion-del-consejo-ejecutivo\/#primaryimage","url":"https:\/\/iai.int\/wp-content\/uploads\/2026\/01\/ReunionIAI.jpeg","contentUrl":"https:\/\/iai.int\/wp-content\/uploads\/2026\/01\/ReunionIAI.jpeg","width":1600,"height":497},{"@type":"BreadcrumbList","@id":"https:\/\/iai.int\/es\/reuniones-ec-y-cop\/21a-reunion-del-consejo-ejecutivo\/#breadcrumb","itemListElement":[{"@type":"ListItem","position":1,"name":"Portada","item":"https:\/\/iai.int\/es\/"},{"@type":"ListItem","position":2,"name":"Reuniones EC y COP","item":"https:\/\/iai.int\/es\/reuniones-ec-y-cop\/"},{"@type":"ListItem","position":3,"name":"21a reuni\u00f3n del Consejo Ejecutivo"}]},{"@type":"WebSite","@id":"https:\/\/iai.int\/es\/#website","url":"https:\/\/iai.int\/es\/","name":"IAI - Inter-American Institute for Global Change Research","description":"","publisher":{"@id":"https:\/\/iai.int\/es\/#organization"},"potentialAction":[{"@type":"SearchAction","target":{"@type":"EntryPoint","urlTemplate":"https:\/\/iai.int\/es\/?s={search_term_string}"},"query-input":{"@type":"PropertyValueSpecification","valueRequired":true,"valueName":"search_term_string"}}],"inLanguage":"es"},{"@type":"Organization","@id":"https:\/\/iai.int\/es\/#organization","name":"IAI - Inter-American Institute for Global Change Research","url":"https:\/\/iai.int\/es\/","logo":{"@type":"ImageObject","inLanguage":"es","@id":"https:\/\/iai.int\/es\/#\/schema\/logo\/image\/","url":"https:\/\/iai.int\/wp-content\/uploads\/2025\/11\/IAI-logo-English-scaled.png","contentUrl":"https:\/\/iai.int\/wp-content\/uploads\/2025\/11\/IAI-logo-English-scaled.png","width":2560,"height":985,"caption":"IAI - Inter-American Institute for Global Change Research"},"image":{"@id":"https:\/\/iai.int\/es\/#\/schema\/logo\/image\/"}}]}},"uagb_featured_image_src":{"full":["https:\/\/iai.int\/wp-content\/uploads\/2026\/01\/ReunionIAI.jpeg",1600,497,false],"thumbnail":["https:\/\/iai.int\/wp-content\/uploads\/2026\/01\/ReunionIAI-150x150.jpeg",150,150,true],"medium":["https:\/\/iai.int\/wp-content\/uploads\/2026\/01\/ReunionIAI-300x93.jpeg",300,93,true],"medium_large":["https:\/\/iai.int\/wp-content\/uploads\/2026\/01\/ReunionIAI-768x239.jpeg",768,239,true],"large":["https:\/\/iai.int\/wp-content\/uploads\/2026\/01\/ReunionIAI-1024x318.jpeg",800,248,true],"1536x1536":["https:\/\/iai.int\/wp-content\/uploads\/2026\/01\/ReunionIAI-1536x477.jpeg",1536,477,true],"2048x2048":["https:\/\/iai.int\/wp-content\/uploads\/2026\/01\/ReunionIAI.jpeg",1600,497,false]},"uagb_author_info":{"display_name":"IAI Communication","author_link":"https:\/\/iai.int\/es\/author\/iai-communication\/"},"uagb_comment_info":0,"uagb_excerpt":"EC agenda (espa\u00f1ol&nbsp;\u2013&nbsp;ingl\u00e9s)EC-20 Actas (espa\u00f1ol&nbsp;\u2013&nbsp;ingl\u00e9s)EC Chair Report (espa\u00f1ol&nbsp;\u2013&nbsp;ingl\u00e9s)Informe del Directorio del IAI (espa\u00f1ol&nbsp;\u2013&nbsp;ingl\u00e9s)Informe de CRN 2 (espa\u00f1ol&nbsp;\u2013&nbsp;ingl\u00e9s)Informe de SAC (espa\u00f1ol&nbsp;\u2013&nbsp;ingl\u00e9s)Informe de FAC (espa\u00f1ol&nbsp;\u2013&nbsp;ingl\u00e9s)EC-21 Lista de Acci\u00f3n (espa\u00f1ol&nbsp;\u2013&nbsp;ingl\u00e9s) Regresar a Reuniones EC y COP","_links":{"self":[{"href":"https:\/\/iai.int\/es\/wp-json\/wp\/v2\/pages\/12442","targetHints":{"allow":["GET"]}}],"collection":[{"href":"https:\/\/iai.int\/es\/wp-json\/wp\/v2\/pages"}],"about":[{"href":"https:\/\/iai.int\/es\/wp-json\/wp\/v2\/types\/page"}],"author":[{"embeddable":true,"href":"https:\/\/iai.int\/es\/wp-json\/wp\/v2\/users\/9"}],"replies":[{"embeddable":true,"href":"https:\/\/iai.int\/es\/wp-json\/wp\/v2\/comments?post=12442"}],"version-history":[{"count":2,"href":"https:\/\/iai.int\/es\/wp-json\/wp\/v2\/pages\/12442\/revisions"}],"predecessor-version":[{"id":13318,"href":"https:\/\/iai.int\/es\/wp-json\/wp\/v2\/pages\/12442\/revisions\/13318"}],"up":[{"embeddable":true,"href":"https:\/\/iai.int\/es\/wp-json\/wp\/v2\/pages\/364"}],"wp:featuredmedia":[{"embeddable":true,"href":"https:\/\/iai.int\/es\/wp-json\/wp\/v2\/media\/12435"}],"wp:attachment":[{"href":"https:\/\/iai.int\/es\/wp-json\/wp\/v2\/media?parent=12442"}],"curies":[{"name":"wp","href":"https:\/\/api.w.org\/{rel}","templated":true}]}}