{"id":12420,"date":"2026-01-06T15:58:27","date_gmt":"2026-01-06T20:58:27","guid":{"rendered":"https:\/\/iai.int\/?page_id=12420"},"modified":"2026-01-18T00:13:49","modified_gmt":"2026-01-18T05:13:49","slug":"56th-meeting-of-the-executive-council-14-november-2023","status":"publish","type":"page","link":"https:\/\/iai.int\/es\/reuniones-ec-y-cop\/56th-meeting-of-the-executive-council-14-november-2023\/","title":{"rendered":"56a reuni\u00f3n del Consejo Ejecutivo, 14\u00a0de noviembre\u00a0de 2023"},"content":{"rendered":"\n<h2 class=\"wp-block-heading\">Agenda y documentos informativos<\/h2>\n\n\n\n<h3 class=\"wp-block-heading\">Agenda provisional<\/h3>\n\n\n\n<figure class=\"wp-block-table\"><table><tbody><tr><td colspan=\"2\"><strong>Tema de agenda<\/strong><\/td><td><strong>Documento<\/strong><strong><\/strong><\/td><\/tr><tr><td colspan=\"3\"><strong>Jueves, 14 noviembre de 2023(11:00 \u2013 14:00 UYT)<\/strong><\/td><\/tr><tr><td>1<\/td><td>Bienvenida a cargo de la presidente del Consejo Ejecutivo<\/td><td>Sin documento<\/td><\/tr><tr><td>2<\/td><td>Elecci\u00f3n de la Mesa del Consejo Ejecutivo<\/td><td>Sin documento<\/td><\/tr><tr><td>3<\/td><td>Aprobaci\u00f3n de la agenda<\/td><td>IAI\/EC\/56\/3<a href=\"https:\/\/iai.int\/administrador\/assets\/images\/ckfinder\/files\/IAI-EC-56-1-es.pdf\">Espa\u00f1ol<\/a>&nbsp;&#8211;&nbsp;<a href=\"https:\/\/iai.int\/administrador\/assets\/images\/ckfinder\/files\/IAI-EC-56-1-en.pdf\">Ingl\u00e9s<\/a><\/td><\/tr><tr><td>4<\/td><td>Revisi\u00f3n de las decisiones relativas al presupuesto operativo adoptadas en la 31\u00aa reuni\u00f3n de la Conferencia de las Partes<\/td><td>IAI\/EC\/56\/4<a href=\"https:\/\/iai.int\/administrador\/assets\/images\/ckfinder\/files\/IAI-EC-56-4-es.pdf\">Espa\u00f1ol<\/a>&nbsp;&#8211;&nbsp;<a href=\"https:\/\/iai.int\/administrador\/assets\/images\/ckfinder\/files\/IAI-EC-56-4-en.pdf\">Ingl\u00e9s<\/a><\/td><\/tr><tr><td>5<\/td><td>Rese\u00f1a del Presupuesto Operativo y las Contribuciones de los Pa\u00edses para el AF 2023-2024<\/td><td>IAI\/EC\/56\/5<a href=\"https:\/\/iai.int\/administrador\/assets\/images\/ckfinder\/files\/IAI-EC-56-5-es.pdf\">Espa\u00f1ol<\/a>&nbsp;&#8211;&nbsp;<a href=\"https:\/\/iai.int\/administrador\/assets\/images\/ckfinder\/files\/IAI-EC-56-5-en.pdf\">Ingl\u00e9s<\/a><\/td><\/tr><tr><td>6<\/td><td>Grupo de trabajo financiero<\/td><td>Sin documento<\/td><\/tr><tr><td>7<\/td><td>Informe resumido de las actividades de la Direcci\u00f3n Ejecutiva para aplicar las decisiones adoptadas en la 31\u00aa reuni\u00f3n de la Conferencia de las Partes<\/td><td>IAI\/EC\/56\/7<a href=\"https:\/\/iai.int\/administrador\/assets\/images\/ckfinder\/files\/IAI-EC-56-7-es.pdf\">Espa\u00f1ol<\/a>&nbsp;&#8211;&nbsp;<a href=\"https:\/\/iai.int\/administrador\/assets\/images\/ckfinder\/files\/IAI-EC-56-7-en.pdf\">Ingl\u00e9s<\/a><\/td><\/tr><tr><td>8<\/td><td>Futuras reuniones y sedes: 32\u00aa reuni\u00f3n de la Conferencia de las Partes (CoP-32) y 57\u00aa reuni\u00f3n del Consejo Ejecutivo (CE-57)<\/td><td>Sin documento<\/td><\/tr><tr><td>9<\/td><td>Discursos de clausura (Partes, Observadores, Direcci\u00f3n Ejecutiva del IAI)&nbsp;&nbsp;<\/td><td>Sin documento<\/td><\/tr><\/tbody><\/table><\/figure>\n\n\n\n<p><\/p>\n\n\n\n<h4 class=\"wp-block-heading\">Presentaciones<\/h4>\n\n\n\n<p>Ciencia (<a href=\"https:\/\/iai.int\/administrador\/assets\/images\/ckfinder\/files\/IAI%20EC56%20plantilla%202023%20SP%20E%20Castellanos.pptx\">Espa\u00f1ol<\/a>&nbsp;&#8211;&nbsp;<a href=\"https:\/\/iai.int\/administrador\/assets\/images\/ckfinder\/files\/IAI%20EC56%20plantilla%202023%20ENG%20-%20E%20Castellanos.pptx\">Ingl\u00e9s<\/a>)<\/p>\n\n\n\n<p>Comunicaciones, Sitio Web, Campus&nbsp;Virtual (<a href=\"https:\/\/iai.int\/administrador\/assets\/images\/ckfinder\/files\/IAI%20EC56%202023%20Espa%C3%B1ol%20Comunicaciones.pptx\">Espa\u00f1ol&nbsp;<\/a>&#8211;&nbsp;<a href=\"https:\/\/iai.int\/administrador\/assets\/images\/ckfinder\/files\/IAI%20EC56%202023%20English%20Communications.pptx\">Ingl\u00e9s<\/a>)<\/p>\n\n\n\n<p>Centro de Diplomacia Cient\u00edfica y STeP (<a href=\"https:\/\/iai.int\/administrador\/assets\/images\/ckfinder\/files\/IAI%20EC56%20SDC%20STeP_KP_pptx%20-%20SP.pptx\">Espa\u00f1ol<\/a>&nbsp;&#8211;&nbsp;<a href=\"https:\/\/iai.int\/administrador\/assets\/images\/ckfinder\/files\/IAI%20EC56%20SDC%20STeP_KP%20-%20EN.pptx\">Ingl\u00e9s<\/a>)<\/p>\n\n\n\n<p>Finanzas (<a href=\"https:\/\/iai.int\/administrador\/assets\/images\/ckfinder\/files\/IAI%20EC56%20%202023%20ESP%20V_%20Villamil.pptx\">Espa\u00f1ol<\/a>&nbsp; &#8211;&nbsp;<a href=\"https:\/\/iai.int\/administrador\/assets\/images\/ckfinder\/files\/IAI%20EC56%202023%20-%20EN%20V_Villamil.pptx\">Ingl\u00e9s<\/a>)&nbsp;<\/p>\n\n\n\n<p><\/p>\n\n\n\n<h4 class=\"wp-block-heading\">Participantes<\/h4>\n\n\n\n<p><strong>Lista de participantes del EC-56<\/strong><\/p>\n\n\n\n<p>Cliquee&nbsp;<a href=\"https:\/\/iai.int\/administrador\/assets\/images\/ckfinder\/files\/ICONOS%20EXPERTOS\/EC-56%20List%20of%20Participants.pdf\">aqu\u00ed<\/a><\/p>\n\n\n\n<p><\/p>\n\n\n\n<h4 class=\"wp-block-heading\">Informe Final<\/h4>\n\n\n\n<p><strong>Informe de la 51a reuni\u00f3n del Consejo Ejecutivo del IAI&nbsp;<a href=\"https:\/\/iai.int\/administrador\/assets\/images\/ckfinder\/files\/EC-56%20report-es(1).pdf\">espa\u00f1ol&nbsp;<\/a>&#8211;&nbsp;<a href=\"https:\/\/iai.int\/administrador\/assets\/images\/ckfinder\/files\/EC-56%20report-en(1).pdf\">ingl\u00e9s<\/a><\/strong><\/p>\n\n\n\n<div style=\"height:29px\" aria-hidden=\"true\" class=\"wp-block-spacer\"><\/div>\n\n\n\n<p><strong><a href=\"https:\/\/iai.int\/es\/reuniones-ec-y-cop\/\">Regresar a Reuniones EC y COP<\/a><\/strong><\/p>\n\n\n\n<p><\/p>\n","protected":false},"excerpt":{"rendered":"<p>Agenda y documentos informativos Agenda provisional Tema de agenda Documento Jueves, 14 noviembre de 2023(11:00 \u2013 14:00 UYT) 1 Bienvenida a cargo de la presidente del Consejo Ejecutivo Sin documento 2 Elecci\u00f3n de la Mesa del Consejo Ejecutivo Sin documento 3 Aprobaci\u00f3n de la agenda IAI\/EC\/56\/3Espa\u00f1ol&nbsp;&#8211;&nbsp;Ingl\u00e9s 4 Revisi\u00f3n de las decisiones relativas al presupuesto operativo [&hellip;]<\/p>\n","protected":false},"author":9,"featured_media":12435,"parent":364,"menu_order":0,"comment_status":"closed","ping_status":"closed","template":"","meta":{"_acf_changed":false,"_uag_custom_page_level_css":"","footnotes":""},"class_list":["post-12420","page","type-page","status-publish","has-post-thumbnail","hentry"],"acf":[],"yoast_head":"<!-- This site is optimized with the Yoast SEO plugin v27.3 - https:\/\/yoast.com\/product\/yoast-seo-wordpress\/ -->\n<title>56a reuni\u00f3n del Consejo Ejecutivo, 14\u00a0de noviembre\u00a0de 2023 - IAI - Inter-American Institute for Global Change Research<\/title>\n<meta name=\"robots\" content=\"index, follow, max-snippet:-1, max-image-preview:large, max-video-preview:-1\" \/>\n<link rel=\"canonical\" href=\"https:\/\/iai.int\/es\/reuniones-ec-y-cop\/56th-meeting-of-the-executive-council-14-november-2023\/\" \/>\n<meta property=\"og:locale\" content=\"es_ES\" \/>\n<meta property=\"og:type\" content=\"article\" \/>\n<meta property=\"og:title\" content=\"56a reuni\u00f3n del Consejo Ejecutivo, 14\u00a0de noviembre\u00a0de 2023 - IAI - Inter-American Institute for Global Change Research\" \/>\n<meta property=\"og:description\" content=\"Agenda y documentos informativos Agenda provisional Tema de agenda Documento Jueves, 14 noviembre de 2023(11:00 \u2013 14:00 UYT) 1 Bienvenida a cargo de la presidente del Consejo Ejecutivo Sin documento 2 Elecci\u00f3n de la Mesa del Consejo Ejecutivo Sin documento 3 Aprobaci\u00f3n de la agenda IAI\/EC\/56\/3Espa\u00f1ol&nbsp;&#8211;&nbsp;Ingl\u00e9s 4 Revisi\u00f3n de las decisiones relativas al presupuesto operativo [&hellip;]\" \/>\n<meta property=\"og:url\" content=\"https:\/\/iai.int\/es\/reuniones-ec-y-cop\/56th-meeting-of-the-executive-council-14-november-2023\/\" \/>\n<meta property=\"og:site_name\" content=\"IAI - Inter-American Institute for Global Change Research\" \/>\n<meta property=\"article:modified_time\" content=\"2026-01-18T05:13:49+00:00\" \/>\n<meta property=\"og:image\" content=\"https:\/\/iai.int\/wp-content\/uploads\/2026\/01\/ReunionIAI.jpeg\" \/>\n\t<meta property=\"og:image:width\" content=\"1600\" \/>\n\t<meta property=\"og:image:height\" content=\"497\" \/>\n\t<meta property=\"og:image:type\" content=\"image\/jpeg\" \/>\n<meta name=\"twitter:card\" content=\"summary_large_image\" \/>\n<meta name=\"twitter:label1\" content=\"Tiempo de lectura\" \/>\n\t<meta name=\"twitter:data1\" content=\"1 minuto\" \/>\n<script type=\"application\/ld+json\" class=\"yoast-schema-graph\">{\"@context\":\"https:\\\/\\\/schema.org\",\"@graph\":[{\"@type\":\"WebPage\",\"@id\":\"https:\\\/\\\/iai.int\\\/es\\\/reuniones-ec-y-cop\\\/56th-meeting-of-the-executive-council-14-november-2023\\\/\",\"url\":\"https:\\\/\\\/iai.int\\\/es\\\/reuniones-ec-y-cop\\\/56th-meeting-of-the-executive-council-14-november-2023\\\/\",\"name\":\"56a reuni\u00f3n del Consejo Ejecutivo, 14\u00a0de noviembre\u00a0de 2023 - IAI - Inter-American Institute for Global Change Research\",\"isPartOf\":{\"@id\":\"https:\\\/\\\/iai.int\\\/es\\\/#website\"},\"primaryImageOfPage\":{\"@id\":\"https:\\\/\\\/iai.int\\\/es\\\/reuniones-ec-y-cop\\\/56th-meeting-of-the-executive-council-14-november-2023\\\/#primaryimage\"},\"image\":{\"@id\":\"https:\\\/\\\/iai.int\\\/es\\\/reuniones-ec-y-cop\\\/56th-meeting-of-the-executive-council-14-november-2023\\\/#primaryimage\"},\"thumbnailUrl\":\"https:\\\/\\\/iai.int\\\/wp-content\\\/uploads\\\/2026\\\/01\\\/ReunionIAI.jpeg\",\"datePublished\":\"2026-01-06T20:58:27+00:00\",\"dateModified\":\"2026-01-18T05:13:49+00:00\",\"breadcrumb\":{\"@id\":\"https:\\\/\\\/iai.int\\\/es\\\/reuniones-ec-y-cop\\\/56th-meeting-of-the-executive-council-14-november-2023\\\/#breadcrumb\"},\"inLanguage\":\"es\",\"potentialAction\":[{\"@type\":\"ReadAction\",\"target\":[\"https:\\\/\\\/iai.int\\\/es\\\/reuniones-ec-y-cop\\\/56th-meeting-of-the-executive-council-14-november-2023\\\/\"]}]},{\"@type\":\"ImageObject\",\"inLanguage\":\"es\",\"@id\":\"https:\\\/\\\/iai.int\\\/es\\\/reuniones-ec-y-cop\\\/56th-meeting-of-the-executive-council-14-november-2023\\\/#primaryimage\",\"url\":\"https:\\\/\\\/iai.int\\\/wp-content\\\/uploads\\\/2026\\\/01\\\/ReunionIAI.jpeg\",\"contentUrl\":\"https:\\\/\\\/iai.int\\\/wp-content\\\/uploads\\\/2026\\\/01\\\/ReunionIAI.jpeg\",\"width\":1600,\"height\":497},{\"@type\":\"BreadcrumbList\",\"@id\":\"https:\\\/\\\/iai.int\\\/es\\\/reuniones-ec-y-cop\\\/56th-meeting-of-the-executive-council-14-november-2023\\\/#breadcrumb\",\"itemListElement\":[{\"@type\":\"ListItem\",\"position\":1,\"name\":\"Portada\",\"item\":\"https:\\\/\\\/iai.int\\\/es\\\/\"},{\"@type\":\"ListItem\",\"position\":2,\"name\":\"Reuniones EC y COP\",\"item\":\"https:\\\/\\\/iai.int\\\/es\\\/reuniones-ec-y-cop\\\/\"},{\"@type\":\"ListItem\",\"position\":3,\"name\":\"56a reuni\u00f3n del Consejo Ejecutivo, 14\u00a0de noviembre\u00a0de 2023\"}]},{\"@type\":\"WebSite\",\"@id\":\"https:\\\/\\\/iai.int\\\/es\\\/#website\",\"url\":\"https:\\\/\\\/iai.int\\\/es\\\/\",\"name\":\"IAI - Inter-American Institute for Global Change Research\",\"description\":\"\",\"publisher\":{\"@id\":\"https:\\\/\\\/iai.int\\\/es\\\/#organization\"},\"potentialAction\":[{\"@type\":\"SearchAction\",\"target\":{\"@type\":\"EntryPoint\",\"urlTemplate\":\"https:\\\/\\\/iai.int\\\/es\\\/?s={search_term_string}\"},\"query-input\":{\"@type\":\"PropertyValueSpecification\",\"valueRequired\":true,\"valueName\":\"search_term_string\"}}],\"inLanguage\":\"es\"},{\"@type\":\"Organization\",\"@id\":\"https:\\\/\\\/iai.int\\\/es\\\/#organization\",\"name\":\"IAI - Inter-American Institute for Global Change Research\",\"url\":\"https:\\\/\\\/iai.int\\\/es\\\/\",\"logo\":{\"@type\":\"ImageObject\",\"inLanguage\":\"es\",\"@id\":\"https:\\\/\\\/iai.int\\\/es\\\/#\\\/schema\\\/logo\\\/image\\\/\",\"url\":\"https:\\\/\\\/iai.int\\\/wp-content\\\/uploads\\\/2025\\\/11\\\/IAI-logo-English-scaled.png\",\"contentUrl\":\"https:\\\/\\\/iai.int\\\/wp-content\\\/uploads\\\/2025\\\/11\\\/IAI-logo-English-scaled.png\",\"width\":2560,\"height\":985,\"caption\":\"IAI - Inter-American Institute for Global Change Research\"},\"image\":{\"@id\":\"https:\\\/\\\/iai.int\\\/es\\\/#\\\/schema\\\/logo\\\/image\\\/\"}}]}<\/script>\n<!-- \/ Yoast SEO plugin. -->","yoast_head_json":{"title":"56a reuni\u00f3n del Consejo Ejecutivo, 14\u00a0de noviembre\u00a0de 2023 - IAI - Inter-American Institute for Global Change Research","robots":{"index":"index","follow":"follow","max-snippet":"max-snippet:-1","max-image-preview":"max-image-preview:large","max-video-preview":"max-video-preview:-1"},"canonical":"https:\/\/iai.int\/es\/reuniones-ec-y-cop\/56th-meeting-of-the-executive-council-14-november-2023\/","og_locale":"es_ES","og_type":"article","og_title":"56a reuni\u00f3n del Consejo Ejecutivo, 14\u00a0de noviembre\u00a0de 2023 - IAI - Inter-American Institute for Global Change Research","og_description":"Agenda y documentos informativos Agenda provisional Tema de agenda Documento Jueves, 14 noviembre de 2023(11:00 \u2013 14:00 UYT) 1 Bienvenida a cargo de la presidente del Consejo Ejecutivo Sin documento 2 Elecci\u00f3n de la Mesa del Consejo Ejecutivo Sin documento 3 Aprobaci\u00f3n de la agenda IAI\/EC\/56\/3Espa\u00f1ol&nbsp;&#8211;&nbsp;Ingl\u00e9s 4 Revisi\u00f3n de las decisiones relativas al presupuesto operativo [&hellip;]","og_url":"https:\/\/iai.int\/es\/reuniones-ec-y-cop\/56th-meeting-of-the-executive-council-14-november-2023\/","og_site_name":"IAI - Inter-American Institute for Global Change Research","article_modified_time":"2026-01-18T05:13:49+00:00","og_image":[{"width":1600,"height":497,"url":"https:\/\/iai.int\/wp-content\/uploads\/2026\/01\/ReunionIAI.jpeg","type":"image\/jpeg"}],"twitter_card":"summary_large_image","twitter_misc":{"Tiempo de lectura":"1 minuto"},"schema":{"@context":"https:\/\/schema.org","@graph":[{"@type":"WebPage","@id":"https:\/\/iai.int\/es\/reuniones-ec-y-cop\/56th-meeting-of-the-executive-council-14-november-2023\/","url":"https:\/\/iai.int\/es\/reuniones-ec-y-cop\/56th-meeting-of-the-executive-council-14-november-2023\/","name":"56a reuni\u00f3n del Consejo Ejecutivo, 14\u00a0de noviembre\u00a0de 2023 - IAI - Inter-American Institute for Global Change Research","isPartOf":{"@id":"https:\/\/iai.int\/es\/#website"},"primaryImageOfPage":{"@id":"https:\/\/iai.int\/es\/reuniones-ec-y-cop\/56th-meeting-of-the-executive-council-14-november-2023\/#primaryimage"},"image":{"@id":"https:\/\/iai.int\/es\/reuniones-ec-y-cop\/56th-meeting-of-the-executive-council-14-november-2023\/#primaryimage"},"thumbnailUrl":"https:\/\/iai.int\/wp-content\/uploads\/2026\/01\/ReunionIAI.jpeg","datePublished":"2026-01-06T20:58:27+00:00","dateModified":"2026-01-18T05:13:49+00:00","breadcrumb":{"@id":"https:\/\/iai.int\/es\/reuniones-ec-y-cop\/56th-meeting-of-the-executive-council-14-november-2023\/#breadcrumb"},"inLanguage":"es","potentialAction":[{"@type":"ReadAction","target":["https:\/\/iai.int\/es\/reuniones-ec-y-cop\/56th-meeting-of-the-executive-council-14-november-2023\/"]}]},{"@type":"ImageObject","inLanguage":"es","@id":"https:\/\/iai.int\/es\/reuniones-ec-y-cop\/56th-meeting-of-the-executive-council-14-november-2023\/#primaryimage","url":"https:\/\/iai.int\/wp-content\/uploads\/2026\/01\/ReunionIAI.jpeg","contentUrl":"https:\/\/iai.int\/wp-content\/uploads\/2026\/01\/ReunionIAI.jpeg","width":1600,"height":497},{"@type":"BreadcrumbList","@id":"https:\/\/iai.int\/es\/reuniones-ec-y-cop\/56th-meeting-of-the-executive-council-14-november-2023\/#breadcrumb","itemListElement":[{"@type":"ListItem","position":1,"name":"Portada","item":"https:\/\/iai.int\/es\/"},{"@type":"ListItem","position":2,"name":"Reuniones EC y COP","item":"https:\/\/iai.int\/es\/reuniones-ec-y-cop\/"},{"@type":"ListItem","position":3,"name":"56a reuni\u00f3n del Consejo Ejecutivo, 14\u00a0de noviembre\u00a0de 2023"}]},{"@type":"WebSite","@id":"https:\/\/iai.int\/es\/#website","url":"https:\/\/iai.int\/es\/","name":"IAI - Inter-American Institute for Global Change Research","description":"","publisher":{"@id":"https:\/\/iai.int\/es\/#organization"},"potentialAction":[{"@type":"SearchAction","target":{"@type":"EntryPoint","urlTemplate":"https:\/\/iai.int\/es\/?s={search_term_string}"},"query-input":{"@type":"PropertyValueSpecification","valueRequired":true,"valueName":"search_term_string"}}],"inLanguage":"es"},{"@type":"Organization","@id":"https:\/\/iai.int\/es\/#organization","name":"IAI - Inter-American Institute for Global Change Research","url":"https:\/\/iai.int\/es\/","logo":{"@type":"ImageObject","inLanguage":"es","@id":"https:\/\/iai.int\/es\/#\/schema\/logo\/image\/","url":"https:\/\/iai.int\/wp-content\/uploads\/2025\/11\/IAI-logo-English-scaled.png","contentUrl":"https:\/\/iai.int\/wp-content\/uploads\/2025\/11\/IAI-logo-English-scaled.png","width":2560,"height":985,"caption":"IAI - Inter-American Institute for Global Change Research"},"image":{"@id":"https:\/\/iai.int\/es\/#\/schema\/logo\/image\/"}}]}},"uagb_featured_image_src":{"full":["https:\/\/iai.int\/wp-content\/uploads\/2026\/01\/ReunionIAI.jpeg",1600,497,false],"thumbnail":["https:\/\/iai.int\/wp-content\/uploads\/2026\/01\/ReunionIAI-150x150.jpeg",150,150,true],"medium":["https:\/\/iai.int\/wp-content\/uploads\/2026\/01\/ReunionIAI-300x93.jpeg",300,93,true],"medium_large":["https:\/\/iai.int\/wp-content\/uploads\/2026\/01\/ReunionIAI-768x239.jpeg",768,239,true],"large":["https:\/\/iai.int\/wp-content\/uploads\/2026\/01\/ReunionIAI-1024x318.jpeg",800,248,true],"1536x1536":["https:\/\/iai.int\/wp-content\/uploads\/2026\/01\/ReunionIAI-1536x477.jpeg",1536,477,true],"2048x2048":["https:\/\/iai.int\/wp-content\/uploads\/2026\/01\/ReunionIAI.jpeg",1600,497,false]},"uagb_author_info":{"display_name":"IAI Communication","author_link":"https:\/\/iai.int\/es\/author\/iai-communication\/"},"uagb_comment_info":0,"uagb_excerpt":"Agenda y documentos informativos Agenda provisional Tema de agenda Documento Jueves, 14 noviembre de 2023(11:00 \u2013 14:00 UYT) 1 Bienvenida a cargo de la presidente del Consejo Ejecutivo Sin documento 2 Elecci\u00f3n de la Mesa del Consejo Ejecutivo Sin documento 3 Aprobaci\u00f3n de la agenda IAI\/EC\/56\/3Espa\u00f1ol&nbsp;&#8211;&nbsp;Ingl\u00e9s 4 Revisi\u00f3n de las decisiones relativas al presupuesto operativo&hellip;","_links":{"self":[{"href":"https:\/\/iai.int\/es\/wp-json\/wp\/v2\/pages\/12420","targetHints":{"allow":["GET"]}}],"collection":[{"href":"https:\/\/iai.int\/es\/wp-json\/wp\/v2\/pages"}],"about":[{"href":"https:\/\/iai.int\/es\/wp-json\/wp\/v2\/types\/page"}],"author":[{"embeddable":true,"href":"https:\/\/iai.int\/es\/wp-json\/wp\/v2\/users\/9"}],"replies":[{"embeddable":true,"href":"https:\/\/iai.int\/es\/wp-json\/wp\/v2\/comments?post=12420"}],"version-history":[{"count":7,"href":"https:\/\/iai.int\/es\/wp-json\/wp\/v2\/pages\/12420\/revisions"}],"predecessor-version":[{"id":13887,"href":"https:\/\/iai.int\/es\/wp-json\/wp\/v2\/pages\/12420\/revisions\/13887"}],"up":[{"embeddable":true,"href":"https:\/\/iai.int\/es\/wp-json\/wp\/v2\/pages\/364"}],"wp:featuredmedia":[{"embeddable":true,"href":"https:\/\/iai.int\/es\/wp-json\/wp\/v2\/media\/12435"}],"wp:attachment":[{"href":"https:\/\/iai.int\/es\/wp-json\/wp\/v2\/media?parent=12420"}],"curies":[{"name":"wp","href":"https:\/\/api.w.org\/{rel}","templated":true}]}}