{"id":1225,"date":"2024-10-07T23:20:45","date_gmt":"2024-10-08T02:20:45","guid":{"rendered":"https:\/\/iai.int\/?page_id=1225"},"modified":"2024-10-07T23:25:59","modified_gmt":"2024-10-08T02:25:59","slug":"estrategias-e-investigacion-para-la-sustentabilidad-en-america-latina","status":"publish","type":"page","link":"https:\/\/iai.int\/es\/estrategias-e-investigacion-para-la-sustentabilidad-en-america-latina\/","title":{"rendered":"Estrategias e investigaci\u00f3n para la sustentabilidad en Am\u00e9rica latina"},"content":{"rendered":"\n<h5 class=\"wp-block-heading\"><strong>EL AQU\u00cd Y AHORA DEL CAMBIO CLIM\u00c1TICO: ADAPT\u00c1NDONOS A LOS CAMBIOS EN LA ESTACIONALIDAD<\/strong><\/h5>\n\n\n\n<p>A menudo se habla del cambio clim\u00e1tico en t\u00e9rminos de futuro: los escenarios de emisiones de gases de invernadero se traducen en predicciones del calentamiento global que t\u00edpicamente indican un aumento de varios grados para alg\u00fan momento de la segunda mitad de este siglo. En la actualidad, el cambio clim\u00e1tico se manifiesta a trav\u00e9s de un incremento de 0,7\u00b0C en la temperatura media global, cifra que se obtiene a partir de un complejo an\u00e1lisis de registros de temperatura inmensamente variables de todo el mundo. Parad\u00f3jicamente, para mostrar la naturaleza global del cambio clim\u00e1tico, hubo que reducir la multitud de climas y patrones de tiempo existentes alrededor del globo a ese \u00fanico valor, menor que un grado, que en la experiencia cotidiana no parece ser raz\u00f3n de alarma ni sugerir\u00eda la necesidad de adaptarse. En consecuencia, la adaptaci\u00f3n al cambio y la mitigaci\u00f3n de las emisiones as\u00ed como las alteraciones consecuentes parecen menos urgentes de lo que son. La controversia pol\u00edtica que rodea el cambio clim\u00e1tico ha surgido en este contexto global muchas veces sin considerar el \u201caqu\u00ed y ahora\u201d de las variaciones del clima. Una de ellas es mucho m\u00e1s tangible y ya es parte de la experiencia real de las personas de numerosas regiones: las estaciones est\u00e1n cambiando. El comienzo anticipado de las primaveras y del deshielo y las lluvias primaverales que caen sobre la nieve, temporadas secas m\u00e1s h\u00famedas, temporadas de esqu\u00ed que comienzan tarde, \u00e1rboles que orecen una semana antes: estos son algunos de los numerosos y sutiles corrimientos que ya acompa\u00f1an al cambio clim\u00e1tico.<\/p>\n\n\n\n<p>El IAI, junto con el Centro Nacional de Investigaciones Atmosf\u00e9ricas de EE.UU. (NCAR) y el Instituto Argentino de Nivolog\u00eda, Glaciolog\u00eda y Ciencias Ambientales (IANIGLA) invit\u00f3 a 47 cient\u00ed cos j\u00f3venes de 14 pa\u00edses de las Am\u00e9ricas y de variadas disciplinas para examinar la estacionalidad. Los cient\u00ed cos compartieron su experiencia en la investigaci\u00f3n de c\u00f3mo cambian las estaciones y c\u00f3mo deben reaccionar y adaptarse las sociedades.<\/p>\n\n\n\n<h5 class=\"wp-block-heading\"><strong>LAS ESTACIONES CAMBIAN<\/strong><\/h5>\n\n\n\n<p>La gente est\u00e1 acostumbrada a dividir los a\u00f1os en estaciones, variaciones c\u00edclicas del tiempo, la temperatura, la precipitaci\u00f3n, el viento y la luz del d\u00eda. Las estaciones determinan los patrones de disponibilidad de agua, producci\u00f3n de alimentos, salud, econom\u00eda, vida social y cultura. En muchas regiones se observan cambios en las estaciones. La capacidad humana de beneficiarse o de convivir con ellos depende del conocimiento y del acceso a la informaci\u00f3n y los recursos, como muestran los ejemplos a continuaci\u00f3n.<\/p>\n\n\n\n<h5 class=\"wp-block-heading\"><strong>CAMBIOS EN LA PRECIPITACI\u00d3N AUMENTAN LA AMENAZA DE DEGRADACI\u00d3N DEL SUELO EN CUBA<\/strong><\/h5>\n\n\n\n<p>S\u00f3lo el 20% de la cuenca monta\u00f1osa de Cuyaguateje en Cuba se utiliza para la agricultura donde peque\u00f1os y grandes productores cultivan tabaco, hortalizas y granos. Como en muchos lugares, la estaci\u00f3n de lluvias ha sufrido leves cambios en los \u00faltimos 50 a\u00f1os. El promedio anual de lluvias en la d\u00e9cada de 1960 fue 1560 mm, mientras que luego de la d\u00e9cada de 1980, es 1810 mm. Este aumento de apenas 16% ha provocado un incremento de 50% en la tasa de erosi\u00f3n en la cuenca. Las lluvias siguen concentr\u00e1ndose en la estaci\u00f3n h\u00fameda, de mayo a octubre, pero ahora son m\u00e1s intensas a comienzos de la temporada. As\u00ed el cambio clim\u00e1tico intensi c\u00f3 el poder erosivo de la lluvia. La p\u00e9rdida de suelo resultante afecta la producci\u00f3n agr\u00edcola, al mismo tiempo que los sedimentos que llegan al r\u00edo empeoran la calidad del agua y provocan la colmataci\u00f3n de las represas. La colmataci\u00f3n por sedimentos reduce la capacidad de almacenamiento de los reservorios. Una primera respuesta de adaptaci\u00f3n es un mayor desarrollo de la agricultura conservacionista, como el cultivo en contorno, la rotaci\u00f3n de cultivos, la labranza de conservaci\u00f3n, las zonas de amortiguaci\u00f3n ribere\u00f1a, los cultivos intercalados y la reforestaci\u00f3n. Los conocimientos de manejo necesarios para proteger las cuencas est\u00e1n disponibles. El paso cr\u00edtico para poder adaptarse y mitigar los impactos es la comprensi\u00f3n de los v\u00ednculos entre el cambio clim\u00e1tico estacional que est\u00e1 teniendo lugar y las amenazas que se ciernen sobre una cuenca.<\/p>\n\n\n\n<figure class=\"wp-block-image size-large\"><img decoding=\"async\" src=\"https:\/\/iai.int\/admin\/site\/sites\/default\/files\/pag-300x182.png\" alt=\"\"\/><\/figure>\n\n\n\n<figure class=\"wp-block-image size-large\"><img decoding=\"async\" src=\"https:\/\/iai.int\/admin\/site\/sites\/default\/files\/pag2-300x179.jpg\" alt=\"\"\/><\/figure>\n\n\n\n<p><em>A\u00fan las cuencas vegetadas se erosionan e inundan al intensi carse las lluvias<\/em><\/p>\n\n\n\n<h5 class=\"wp-block-heading\"><strong>CAMBIOS EN LA PRECIPITACI\u00d3N INTENSIFICAN LA PREVALENCIA DE PLAGASY ENFERMEDADES<\/strong><\/h5>\n\n\n\n<p>En las regiones tropicales, la abundancia del&nbsp;mosquito Aedes aegypti, transmisor del dengue,<br>est\u00e1 determinada por la precipitaci\u00f3n, con mayor&nbsp;abundancia de mosquitos en condiciones h\u00famedas.&nbsp;En Cuba, Puerto Rico y tambi\u00e9n en el sur de Brasil,&nbsp;se han visto leves aumentos en la precipitaci\u00f3n&nbsp;durante la estaci\u00f3n seca en la \u00faltima d\u00e9cada. Estos&nbsp;aumentos han contribuido a que la poblaci\u00f3n de&nbsp;mosquitos se mantuviera a lo largo del per\u00edodo&nbsp;seco, incrementando el riesgo de brotes de dengue&nbsp;durante todo el a\u00f1o.<\/p>\n\n\n\n<figure class=\"wp-block-image size-large\"><img decoding=\"async\" src=\"https:\/\/iai.int\/admin\/site\/sites\/default\/files\/111-300x289.jpg\" alt=\"\"\/><\/figure>\n\n\n\n<p><a href=\"https:\/\/iai.int\/admin\/site\/sites\/default\/files\/111-300x289.jpg\" target=\"_blank\" rel=\"noreferrer noopener\"><\/a>La mayor abundancia de&nbsp;mosquitos al principio de las lluvias, y el consecuente&nbsp;aumento en su poblaci\u00f3n incrementa la probabilidad de epidemias. Como consecuencia de este cambio estacional, hubo que reemplazar las campa\u00f1as de prevenci\u00f3n del dengue que se realizaban una vez al a\u00f1o por una vigilancia durante los doce meses. A\u00fan as\u00ed, el continente est\u00e1 experimentando un aumento en la prevalencia del dengue, con mayor una mortandad causada por los m\u00e1s severos casos de dengue hemorr\u00e1gico. Una mayor incidencia en las regiones tradicionalmente afectadas por el dengue, junto con estaciones m\u00e1s c\u00e1lidas y h\u00famedas en las regiones extratropicales vecinas hicieron que el dengue se esparciera all\u00ed tambi\u00e9n.<\/p>\n\n\n\n<figure class=\"wp-block-image size-large\"><a href=\"https:\/\/iai.int\/admin\/site\/sites\/default\/files\/grafica1-1024x784.jpg\" target=\"_blank\" rel=\"noreferrer noopener\"><img decoding=\"async\" src=\"https:\/\/iai.int\/admin\/site\/sites\/default\/files\/grafica1-1024x784.jpg\" alt=\"grafica1\"\/><\/a><\/figure>\n\n\n\n<p>La distribuci\u00f3n de enfermedades infecciosas est\u00e1 vinculada al clima. Se sabe que las lluvias extremas y las inundaciones provocan un aumento de la incidencia de enfermedades transmitidas por el agua. Sin embargo, hay cambios m\u00e1s sutiles en la estacionalidad que est\u00e1n incrementando de manera sostenida la propagaci\u00f3n de las enfermedades, especialmente las transmitidas por insectos. En vista de los cambios en la estacionalidad, los pa\u00edses deben estudiar las enfermedades que son susceptibles a las alteraciones del clima con el objeto de brindar informaci\u00f3n para el dise\u00f1o e implementaci\u00f3n de una prevenci\u00f3n y un monitoreo oportunos y adecuados.<\/p>\n\n\n\n<h5 class=\"wp-block-heading\"><strong>ALTERACIONES EN EL DESHIELO Y LA PRECIPITACI\u00d3N DE PRIMAVERA AFECTAN EL MANEJO DE REPRESAS EN ARGENTINA<\/strong><\/h5>\n\n\n\n<p>El r\u00edo Neuqu\u00e9n en el sudoeste de Argentina se alimenta del deshielo de los Andes y de la temporada de lluvias entre abril y agosto. Sin embargo, un aumento en la temperatura de la estaci\u00f3n fr\u00eda est\u00e1 provocando mayores caudales durante los meses de invierno y reduciendo el almacenamiento de nieve. Grandes caudales durante el invierno y picos de crecida m\u00e1s intensos implican un mayor riesgo de inundaciones.<br>El caudal del r\u00edo est\u00e1 regulado por una represa que fue proyectada hace 50 a\u00f1os sobre la base de una estacionalidad del caudal que ya no existe. La represa almacena agua para la generaci\u00f3n de energ\u00eda el\u00e9ctrica. El manejo econ\u00f3mico de ese reservorio est\u00e1 orientado hacia la demanda de energ\u00eda del mercado nacional durante nes de la primavera y el verano. Para maximizar la producci\u00f3n de energ\u00eda durante estas estaciones, la estrategia consist\u00eda en maximizar el almacenamiento durante el invierno para tener el reservorio lleno a mediados de la primavera.<br>Los leves cambios en la estacionalidad hacen necesario reservar una mayor parte del dique para amortiguar los picos de caudal. Si la capacidad del reservorio est\u00e1 cubierta para mediados de primavera, la capacidad de buffer se ver\u00eda reducida y aumentar\u00eda el riesgo de inundaciones aguas abajo.<br>El menor almacenamiento durante el invierno, necesario para alojar los picos tempranos de caudal, constituye un serio reto para la generaci\u00f3n de energ\u00eda en el verano, cuando el consumo y los precios son elevados.<\/p>\n\n\n\n<figure class=\"wp-block-image size-large\"><img decoding=\"async\" src=\"https:\/\/iai.int\/admin\/site\/sites\/default\/files\/graffica2-600x489.jpg\" alt=\"\"\/><\/figure>\n\n\n\n<p>Una importante dimensi\u00f3n de la estacionalidad es la relaci\u00f3n entre el tiempo y la disponibilidad de agua. Los cambios en la estacionalidad afectan el momento y la cantidad de precipitaci\u00f3n, la escorrent\u00eda y los caudales, que se traducen en escasez o exceso respecto de los patrones espaciales y temporales hist\u00f3ricos. Se necesitan estrategias para adaptar el manejo del agua con el fin de optimizar el funcionamiento del dique y reducir las p\u00e9rdidas y los da\u00f1os. En el futuro, la construcci\u00f3n de represas deber\u00e1 tomar en cuenta los potenciales cambios, en vista de que los patrones clim\u00e1ticos hist\u00f3ricos ya no constituyen una base con able para el planeamiento.<\/p>\n\n\n\n<p><strong>El planeamiento y el manejo deben ser exibles para adaptarse a los cambios en el clima<br>y la estacionalidad: un planeamiento que integre el clima, la hidrolog\u00eda, el uso de la tierra, las enfermedades; un manejo exible que considere los fen\u00f3menos naturales, las cuestiones legales y pol\u00edticas en diferentes escalas espaciales y temporales, y desarrolle estrategias educativas y de comunicaci\u00f3n.<\/strong><\/p>\n\n\n\n<p><a href=\"https:\/\/iai.int\/admin\/site\/sites\/default\/files\/IAI-SeasonalityBrief-sp.pdf\" target=\"_blank\" rel=\"noreferrer noopener\"><strong>PDF en espa\u00f1ol<\/strong><\/a><br><a href=\"https:\/\/iai.int\/admin\/site\/sites\/default\/files\/SeasonalityBrief1.pdf\" target=\"_blank\" rel=\"noreferrer noopener\"><strong>PDF en ingl\u00e9s<\/strong><\/a><\/p>\n","protected":false},"excerpt":{"rendered":"<p>EL AQU\u00cd Y AHORA DEL CAMBIO CLIM\u00c1TICO: ADAPT\u00c1NDONOS A LOS CAMBIOS EN LA ESTACIONALIDAD A menudo se habla del cambio clim\u00e1tico en t\u00e9rminos de futuro: los escenarios de emisiones de gases de invernadero se traducen en predicciones del calentamiento global que t\u00edpicamente indican un aumento de varios grados para alg\u00fan momento de la segunda mitad [&hellip;]<\/p>\n","protected":false},"author":1,"featured_media":0,"parent":0,"menu_order":0,"comment_status":"closed","ping_status":"closed","template":"","meta":{"_acf_changed":false,"_uag_custom_page_level_css":"","footnotes":""},"class_list":["post-1225","page","type-page","status-publish","hentry"],"acf":[],"yoast_head":"<!-- This site is optimized with the Yoast SEO plugin v27.3 - https:\/\/yoast.com\/product\/yoast-seo-wordpress\/ -->\n<title>Estrategias e investigaci\u00f3n para la sustentabilidad en Am\u00e9rica latina - IAI - Inter-American Institute for Global Change Research<\/title>\n<meta name=\"robots\" content=\"index, follow, max-snippet:-1, max-image-preview:large, max-video-preview:-1\" \/>\n<link rel=\"canonical\" href=\"https:\/\/iai.int\/es\/estrategias-e-investigacion-para-la-sustentabilidad-en-america-latina\/\" \/>\n<meta property=\"og:locale\" content=\"es_ES\" \/>\n<meta property=\"og:type\" content=\"article\" \/>\n<meta property=\"og:title\" content=\"Estrategias e investigaci\u00f3n para la sustentabilidad en Am\u00e9rica latina - IAI - Inter-American Institute for Global Change Research\" \/>\n<meta property=\"og:description\" content=\"EL AQU\u00cd Y AHORA DEL CAMBIO CLIM\u00c1TICO: ADAPT\u00c1NDONOS A LOS CAMBIOS EN LA ESTACIONALIDAD A menudo se habla del cambio clim\u00e1tico en t\u00e9rminos de futuro: los escenarios de emisiones de gases de invernadero se traducen en predicciones del calentamiento global que t\u00edpicamente indican un aumento de varios grados para alg\u00fan momento de la segunda mitad [&hellip;]\" \/>\n<meta property=\"og:url\" content=\"https:\/\/iai.int\/es\/estrategias-e-investigacion-para-la-sustentabilidad-en-america-latina\/\" \/>\n<meta property=\"og:site_name\" content=\"IAI - Inter-American Institute for Global Change Research\" \/>\n<meta property=\"article:modified_time\" content=\"2024-10-08T02:25:59+00:00\" \/>\n<meta property=\"og:image\" content=\"https:\/\/iai.int\/admin\/site\/sites\/default\/files\/pag-300x182.png\" \/>\n<meta name=\"twitter:card\" content=\"summary_large_image\" \/>\n<meta name=\"twitter:label1\" content=\"Tiempo de lectura\" \/>\n\t<meta name=\"twitter:data1\" content=\"8 minutos\" \/>\n<script type=\"application\/ld+json\" class=\"yoast-schema-graph\">{\"@context\":\"https:\\\/\\\/schema.org\",\"@graph\":[{\"@type\":\"WebPage\",\"@id\":\"https:\\\/\\\/iai.int\\\/es\\\/estrategias-e-investigacion-para-la-sustentabilidad-en-america-latina\\\/\",\"url\":\"https:\\\/\\\/iai.int\\\/es\\\/estrategias-e-investigacion-para-la-sustentabilidad-en-america-latina\\\/\",\"name\":\"Estrategias e investigaci\u00f3n para la sustentabilidad en Am\u00e9rica latina - IAI - Inter-American Institute for Global Change Research\",\"isPartOf\":{\"@id\":\"https:\\\/\\\/iai.int\\\/es\\\/#website\"},\"primaryImageOfPage\":{\"@id\":\"https:\\\/\\\/iai.int\\\/es\\\/estrategias-e-investigacion-para-la-sustentabilidad-en-america-latina\\\/#primaryimage\"},\"image\":{\"@id\":\"https:\\\/\\\/iai.int\\\/es\\\/estrategias-e-investigacion-para-la-sustentabilidad-en-america-latina\\\/#primaryimage\"},\"thumbnailUrl\":\"https:\\\/\\\/iai.int\\\/admin\\\/site\\\/sites\\\/default\\\/files\\\/pag-300x182.png\",\"datePublished\":\"2024-10-08T02:20:45+00:00\",\"dateModified\":\"2024-10-08T02:25:59+00:00\",\"breadcrumb\":{\"@id\":\"https:\\\/\\\/iai.int\\\/es\\\/estrategias-e-investigacion-para-la-sustentabilidad-en-america-latina\\\/#breadcrumb\"},\"inLanguage\":\"es\",\"potentialAction\":[{\"@type\":\"ReadAction\",\"target\":[\"https:\\\/\\\/iai.int\\\/es\\\/estrategias-e-investigacion-para-la-sustentabilidad-en-america-latina\\\/\"]}]},{\"@type\":\"ImageObject\",\"inLanguage\":\"es\",\"@id\":\"https:\\\/\\\/iai.int\\\/es\\\/estrategias-e-investigacion-para-la-sustentabilidad-en-america-latina\\\/#primaryimage\",\"url\":\"https:\\\/\\\/iai.int\\\/admin\\\/site\\\/sites\\\/default\\\/files\\\/pag-300x182.png\",\"contentUrl\":\"https:\\\/\\\/iai.int\\\/admin\\\/site\\\/sites\\\/default\\\/files\\\/pag-300x182.png\"},{\"@type\":\"BreadcrumbList\",\"@id\":\"https:\\\/\\\/iai.int\\\/es\\\/estrategias-e-investigacion-para-la-sustentabilidad-en-america-latina\\\/#breadcrumb\",\"itemListElement\":[{\"@type\":\"ListItem\",\"position\":1,\"name\":\"Portada\",\"item\":\"https:\\\/\\\/iai.int\\\/es\\\/\"},{\"@type\":\"ListItem\",\"position\":2,\"name\":\"Estrategias e investigaci\u00f3n para la sustentabilidad en Am\u00e9rica latina\"}]},{\"@type\":\"WebSite\",\"@id\":\"https:\\\/\\\/iai.int\\\/es\\\/#website\",\"url\":\"https:\\\/\\\/iai.int\\\/es\\\/\",\"name\":\"IAI - Inter-American Institute for Global Change Research\",\"description\":\"\",\"publisher\":{\"@id\":\"https:\\\/\\\/iai.int\\\/es\\\/#organization\"},\"potentialAction\":[{\"@type\":\"SearchAction\",\"target\":{\"@type\":\"EntryPoint\",\"urlTemplate\":\"https:\\\/\\\/iai.int\\\/es\\\/?s={search_term_string}\"},\"query-input\":{\"@type\":\"PropertyValueSpecification\",\"valueRequired\":true,\"valueName\":\"search_term_string\"}}],\"inLanguage\":\"es\"},{\"@type\":\"Organization\",\"@id\":\"https:\\\/\\\/iai.int\\\/es\\\/#organization\",\"name\":\"IAI - Inter-American Institute for Global Change Research\",\"url\":\"https:\\\/\\\/iai.int\\\/es\\\/\",\"logo\":{\"@type\":\"ImageObject\",\"inLanguage\":\"es\",\"@id\":\"https:\\\/\\\/iai.int\\\/es\\\/#\\\/schema\\\/logo\\\/image\\\/\",\"url\":\"https:\\\/\\\/iai.int\\\/wp-content\\\/uploads\\\/2025\\\/11\\\/IAI-logo-English-scaled.png\",\"contentUrl\":\"https:\\\/\\\/iai.int\\\/wp-content\\\/uploads\\\/2025\\\/11\\\/IAI-logo-English-scaled.png\",\"width\":2560,\"height\":985,\"caption\":\"IAI - Inter-American Institute for Global Change Research\"},\"image\":{\"@id\":\"https:\\\/\\\/iai.int\\\/es\\\/#\\\/schema\\\/logo\\\/image\\\/\"}}]}<\/script>\n<!-- \/ Yoast SEO plugin. -->","yoast_head_json":{"title":"Estrategias e investigaci\u00f3n para la sustentabilidad en Am\u00e9rica latina - IAI - Inter-American Institute for Global Change Research","robots":{"index":"index","follow":"follow","max-snippet":"max-snippet:-1","max-image-preview":"max-image-preview:large","max-video-preview":"max-video-preview:-1"},"canonical":"https:\/\/iai.int\/es\/estrategias-e-investigacion-para-la-sustentabilidad-en-america-latina\/","og_locale":"es_ES","og_type":"article","og_title":"Estrategias e investigaci\u00f3n para la sustentabilidad en Am\u00e9rica latina - IAI - Inter-American Institute for Global Change Research","og_description":"EL AQU\u00cd Y AHORA DEL CAMBIO CLIM\u00c1TICO: ADAPT\u00c1NDONOS A LOS CAMBIOS EN LA ESTACIONALIDAD A menudo se habla del cambio clim\u00e1tico en t\u00e9rminos de futuro: los escenarios de emisiones de gases de invernadero se traducen en predicciones del calentamiento global que t\u00edpicamente indican un aumento de varios grados para alg\u00fan momento de la segunda mitad [&hellip;]","og_url":"https:\/\/iai.int\/es\/estrategias-e-investigacion-para-la-sustentabilidad-en-america-latina\/","og_site_name":"IAI - Inter-American Institute for Global Change Research","article_modified_time":"2024-10-08T02:25:59+00:00","og_image":[{"url":"https:\/\/iai.int\/admin\/site\/sites\/default\/files\/pag-300x182.png","type":"","width":"","height":""}],"twitter_card":"summary_large_image","twitter_misc":{"Tiempo de lectura":"8 minutos"},"schema":{"@context":"https:\/\/schema.org","@graph":[{"@type":"WebPage","@id":"https:\/\/iai.int\/es\/estrategias-e-investigacion-para-la-sustentabilidad-en-america-latina\/","url":"https:\/\/iai.int\/es\/estrategias-e-investigacion-para-la-sustentabilidad-en-america-latina\/","name":"Estrategias e investigaci\u00f3n para la sustentabilidad en Am\u00e9rica latina - IAI - Inter-American Institute for Global Change Research","isPartOf":{"@id":"https:\/\/iai.int\/es\/#website"},"primaryImageOfPage":{"@id":"https:\/\/iai.int\/es\/estrategias-e-investigacion-para-la-sustentabilidad-en-america-latina\/#primaryimage"},"image":{"@id":"https:\/\/iai.int\/es\/estrategias-e-investigacion-para-la-sustentabilidad-en-america-latina\/#primaryimage"},"thumbnailUrl":"https:\/\/iai.int\/admin\/site\/sites\/default\/files\/pag-300x182.png","datePublished":"2024-10-08T02:20:45+00:00","dateModified":"2024-10-08T02:25:59+00:00","breadcrumb":{"@id":"https:\/\/iai.int\/es\/estrategias-e-investigacion-para-la-sustentabilidad-en-america-latina\/#breadcrumb"},"inLanguage":"es","potentialAction":[{"@type":"ReadAction","target":["https:\/\/iai.int\/es\/estrategias-e-investigacion-para-la-sustentabilidad-en-america-latina\/"]}]},{"@type":"ImageObject","inLanguage":"es","@id":"https:\/\/iai.int\/es\/estrategias-e-investigacion-para-la-sustentabilidad-en-america-latina\/#primaryimage","url":"https:\/\/iai.int\/admin\/site\/sites\/default\/files\/pag-300x182.png","contentUrl":"https:\/\/iai.int\/admin\/site\/sites\/default\/files\/pag-300x182.png"},{"@type":"BreadcrumbList","@id":"https:\/\/iai.int\/es\/estrategias-e-investigacion-para-la-sustentabilidad-en-america-latina\/#breadcrumb","itemListElement":[{"@type":"ListItem","position":1,"name":"Portada","item":"https:\/\/iai.int\/es\/"},{"@type":"ListItem","position":2,"name":"Estrategias e investigaci\u00f3n para la sustentabilidad en Am\u00e9rica latina"}]},{"@type":"WebSite","@id":"https:\/\/iai.int\/es\/#website","url":"https:\/\/iai.int\/es\/","name":"IAI - Inter-American Institute for Global Change Research","description":"","publisher":{"@id":"https:\/\/iai.int\/es\/#organization"},"potentialAction":[{"@type":"SearchAction","target":{"@type":"EntryPoint","urlTemplate":"https:\/\/iai.int\/es\/?s={search_term_string}"},"query-input":{"@type":"PropertyValueSpecification","valueRequired":true,"valueName":"search_term_string"}}],"inLanguage":"es"},{"@type":"Organization","@id":"https:\/\/iai.int\/es\/#organization","name":"IAI - Inter-American Institute for Global Change Research","url":"https:\/\/iai.int\/es\/","logo":{"@type":"ImageObject","inLanguage":"es","@id":"https:\/\/iai.int\/es\/#\/schema\/logo\/image\/","url":"https:\/\/iai.int\/wp-content\/uploads\/2025\/11\/IAI-logo-English-scaled.png","contentUrl":"https:\/\/iai.int\/wp-content\/uploads\/2025\/11\/IAI-logo-English-scaled.png","width":2560,"height":985,"caption":"IAI - Inter-American Institute for Global Change Research"},"image":{"@id":"https:\/\/iai.int\/es\/#\/schema\/logo\/image\/"}}]}},"uagb_featured_image_src":{"full":false,"thumbnail":false,"medium":false,"medium_large":false,"large":false,"1536x1536":false,"2048x2048":false},"uagb_author_info":{"display_name":"admin","author_link":"https:\/\/iai.int\/es\/author\/admin\/"},"uagb_comment_info":0,"uagb_excerpt":"EL AQU\u00cd Y AHORA DEL CAMBIO CLIM\u00c1TICO: ADAPT\u00c1NDONOS A LOS CAMBIOS EN LA ESTACIONALIDAD A menudo se habla del cambio clim\u00e1tico en t\u00e9rminos de futuro: los escenarios de emisiones de gases de invernadero se traducen en predicciones del calentamiento global que t\u00edpicamente indican un aumento de varios grados para alg\u00fan momento de la segunda mitad&hellip;","_links":{"self":[{"href":"https:\/\/iai.int\/es\/wp-json\/wp\/v2\/pages\/1225","targetHints":{"allow":["GET"]}}],"collection":[{"href":"https:\/\/iai.int\/es\/wp-json\/wp\/v2\/pages"}],"about":[{"href":"https:\/\/iai.int\/es\/wp-json\/wp\/v2\/types\/page"}],"author":[{"embeddable":true,"href":"https:\/\/iai.int\/es\/wp-json\/wp\/v2\/users\/1"}],"replies":[{"embeddable":true,"href":"https:\/\/iai.int\/es\/wp-json\/wp\/v2\/comments?post=1225"}],"version-history":[{"count":4,"href":"https:\/\/iai.int\/es\/wp-json\/wp\/v2\/pages\/1225\/revisions"}],"predecessor-version":[{"id":1304,"href":"https:\/\/iai.int\/es\/wp-json\/wp\/v2\/pages\/1225\/revisions\/1304"}],"wp:attachment":[{"href":"https:\/\/iai.int\/es\/wp-json\/wp\/v2\/media?parent=1225"}],"curies":[{"name":"wp","href":"https:\/\/api.w.org\/{rel}","templated":true}]}}