{"id":1224,"date":"2024-10-07T23:10:11","date_gmt":"2024-10-08T02:10:11","guid":{"rendered":"https:\/\/iai.int\/?page_id=1224"},"modified":"2024-10-07T23:13:37","modified_gmt":"2024-10-08T02:13:37","slug":"equilibrando-el-co2-en-america-del-sur-la-investigacion-del-iai-respalda-el-acercamiento-regional-al-cambio-climatico","status":"publish","type":"page","link":"https:\/\/iai.int\/es\/equilibrando-el-co2-en-america-del-sur-la-investigacion-del-iai-respalda-el-acercamiento-regional-al-cambio-climatico\/","title":{"rendered":"Equilibrando el CO<sub>2<\/sub> en Am\u00e9rica del Sur \u2013 La investigaci\u00f3n del IAI respalda el acercamiento regional al cambio clim\u00e1tico"},"content":{"rendered":"\n<p><strong>La investigaci\u00f3n del IAI respalda el acercamiento regional al cambio clim\u00e1tico Luego de Copenhague, se vuelve claro que los acercamientos regionales al manejo del carbono pueden resultar un camino viable. El Instituto Interamericano para la Investigaci\u00f3n del Cambio Global (IAI) trabaja para mejorar la comprensi\u00f3n regional de procesos fundamentales en el ciclo del carbono. La Conferencia sobre Cambio Clim\u00e1tico de las Naciones Unidas finaliz\u00f3 el mes pasado en Copenhague sin haber alcanzado un acuerdo vinculante para reducir las emisiones de CO<sub>2<\/sub>.<\/strong><\/p>\n\n\n\n<p>Esto produjo frustraci\u00f3n en muchas personas, pero, seg\u00fan Holm Tiessen, Director Ejecutivo del IAI, \u201cProbablemente se ha llegado tan lejos como fue posible. En la convenci\u00f3n del clima se debaten los l\u00edmites generales para las emisiones para estabilizar el aumento promedio de temperatura en 2\u00b0C. Sin embargo, esto no refleja las realidades del mundo.\u201d<\/p>\n\n\n\n<p>Los aumentos de temperatura en las regiones polares y de alta monta\u00f1a, ya est\u00e1n cercanos a la marca de 2\u00b0C, mientras que en latitudes bajas y medias, la temperatura puede haber aumentado apenas 0,4\u00b0C. Tiessen agreg\u00f3 que \u201clos efectos del cambio clim\u00e1tico son muy diferentes seg\u00fan los ecosistemas, los paisajes y las sociedades. El conocimiento y la toma de decisiones requieren una diferenciaci\u00f3n por regiones para enfrentar los retos del cambio global.\u201d<\/p>\n\n\n\n<p>A trav\u00e9s de sus programas de investigaci\u00f3n, el Instituto Interamericano para la Investigaci\u00f3n del Cambio Global (IAI) trabaja para brindar conocimiento acerca de las fuentes y sumideros de carbono en las Am\u00e9ricas. Esa actividad forma parte de una agenda m\u00e1s amplia que consiste en desarrollar investigaciones sobre el cambio clim\u00e1tico e informar al sector encargado de formular pol\u00edticas acerca de los abordajes viables. Dos redes de investigaci\u00f3n cooperativa, financiadas a trav\u00e9s del IAI por la Fundaci\u00f3n Nacional de Ciencias de Estados Unidos (NSF), ilustran la gran importancia que tiene comprender los procesos regionales para mitigar el cambio clim\u00e1tico.<\/p>\n\n\n\n<p>Un equipo del Servicio de Hidrograf\u00eda Naval de Argentina en cooperaci\u00f3n con cient\u00edficos de dicho pa\u00eds, Brasil, Chile, Estados Unidos y Uruguay est\u00e1 identificando los mecanismos f\u00edsicos y biol\u00f3gicos que controlan el intercambio de CO<sub>2<\/sub>&nbsp;entre el oc\u00e9ano y la atm\u00f3sfera. \u201cLa captura de CO<sub>2<\/sub>&nbsp;tiene especial importancia en el Oc\u00e9ano Austral, donde las masas de agua se hunden y ascienden, y los niveles de nutrientes son inusualmente altos\u201d, manifest\u00f3 Alberto Piola, coordinador del equipo, \u201cno s\u00f3lo porque alberga una de las producciones de clorofila m\u00e1s importantes del hemisferio sur, sino tambi\u00e9n porque el Cono Sur es la \u00fanica masa continental que no est\u00e1 cubierta por hielos al sur de los ~35\u00baS.<\/p>\n\n\n\n<p>Los sedimentos provenientes de dichas tierras continentales, y en particular de la descarga del R\u00edo De La Plata, son posiblemente la principal fuente del hierro que fertiliza las aguas ricas en nutrientes del Oc\u00e9ano Austral\u201d. Los oc\u00e9anos juegan un papel fundamental en el equilibrio del sistema clim\u00e1tico ya que redistribuyen el calor tomado en el ecuador, controlan el ciclo hidrol\u00f3gico y capturan gases de efecto invernadero de la atm\u00f3sfera. La captura de CO<sub>2<\/sub>&nbsp;por el oc\u00e9ano, alrededor del 50% de las emisiones antr\u00f3picas desde mediados de 1800, est\u00e1 asociada al hundimiento de aguas fr\u00edas en latitudes altas y la actividad fotosint\u00e9tica de las algas marinas (fitoplancton) en regiones oce\u00e1nicas ricas en nutrientes.<\/p>\n\n\n\n<p>Al absorber grandes cantidades de CO<sub>2<\/sub>&nbsp;de la atm\u00f3sfera, los m\u00e1rgenes continentales se cuentan entre los mayores contribuyentes a este servicio ecosist\u00e9mico global. La plataforma continental patag\u00f3nica ocupa una superficie de 1 mill\u00f3n km<sup>2<\/sup>, cerca del 4% de los m\u00e1rgenes continentales del mundo. Absorbe 22 Tg C a\u00f1o<sup>-1<\/sup>&nbsp;(millones de toneladas m\u00e9tricas de carbono por a\u00f1o) y emite alrededor de 5. La absorci\u00f3n neta resultante de 17 Tg C a\u00f1o<sup>-1<\/sup>&nbsp;constituye aproximadamente el 5% del carbono absorbido en los m\u00e1rgenes continentales del mundo. Esta rica actividad biol\u00f3gica se mantiene gracias al flujo ascendente de nutrientes asociado a los frentes oce\u00e1nicos cercanos a la costa y ubicados a lo largo del quiebre de la plataforma.<\/p>\n\n\n\n<p>Lamentablemente, no se sabe a ciencia cierta c\u00f3mo se incorporan los procesos biol\u00f3gicos que tienen lugar en la Patagonia a la circulaci\u00f3n de gran escala ni c\u00f3mo responder\u00e1n sus numerosos frentes a los cambios clim\u00e1ticos. \u201cSe sospecha que los modelos globales contemplan menos de la mitad del flujo oce\u00e1nico global de carbono hacia las profundidades del oc\u00e9ano. Adem\u00e1s de reflejar nuestra incomprensi\u00f3n de los procesos din\u00e1micos que controlan las surgencias y los intercambios horizontales en la plataforma, esta deficiencia muestra nuestra falta de informaci\u00f3n sobre las regiones alejadas de los pa\u00edses muy desarrollados del hemisferio norte\u201d, dijo Piola.<\/p>\n\n\n\n<p>El quiebre de la plataforma patag\u00f3nica es una de las m\u00e1s importantes regiones pesqueras del mundo, con una pesca anual de millones de toneladas de pescado y calamar. Actualmente, la mayor\u00eda de los expertos est\u00e1 de acuerdo en que la sobrepesca en los ecosistemas marinos es excesiva y que con este ritmo de explotaci\u00f3n ninguna pesquer\u00edas es sustentable. La sobrepesca no s\u00f3lo agota el recurso en s\u00ed, sino que tambi\u00e9n perturba la red tr\u00f3fica del ecosistema marino. Por ejemplo, el aumento en la poblaci\u00f3n de medusas est\u00e1 asociado posiblemente a una menor predaci\u00f3n consecuente de una poblaci\u00f3n de peces disminuida.<\/p>\n\n\n\n<p>En \u00faltima instancia, esos cambios podr\u00edan afectar a las comunidades de zooplancton y fitoplancton, afectando as\u00ed la capacidad del oc\u00e9ano de capturar CO<sub>2<\/sub>&nbsp;a trav\u00e9s de la fotos\u00edntesis del fitoplancton. Aunque no muy conocidas a\u00fan, esas alteraciones del ecosistema marino ser\u00edan an\u00e1logas al impacto del cambio del uso de la tierra en el balance del carbono continental.<\/p>\n\n\n\n<p>Otro equipo de investigaci\u00f3n del IAI de Argentina, Uruguay, Paraguay, Brasil y EE.UU., dirigido por Esteban Jobb\u00e1gy de la Universidad de Buenos Aires en Argentina, estudia el impacto de los cambios en la cobertura y uso del suelo en el balance del carbono de la Cuenca del R\u00edo de la Plata, el segundo sistema hidrol\u00f3gico m\u00e1s grande de Sudam\u00e9rica.<\/p>\n\n\n\n<p>La cuenca est\u00e1 experimentando el mayor y m\u00e1s r\u00e1pido cambio en el uso de la tierra de la historia del hombre, que ha afectado cerca de 30 millones de hect\u00e1reas en los \u00faltimos 25 a\u00f1os (per\u00edodo m\u00e1s reciente en que se introdujeron cultivos anuales como el ma\u00edz, el trigo, el girasol y, m\u00e1s recientemente, la soja). La producci\u00f3n de dichos cultivos en ese periodo ha reducido la cantidad de carbono en el suelo en un 30% aproximadamente, con un ritmo de p\u00e9rdidas de alrededor de 28 Tg C a\u00f1o<sup>-1<\/sup>.<\/p>\n\n\n\n<p>Los mayores contenidos de carbono se encuentran en la materia org\u00e1nica del suelo. La p\u00e9rdida de carbono por pasturas en los \u00faltimos 300 a\u00f1os (momento en que las pasturas colonizaron la cuenca del Plata) tambi\u00e9n fue elevada, aunque su ritmo result\u00f3 16 veces menor. Por lo tanto, el balance regional de carbono muestra que en la plataforma continental hay una captura de carbono de unos 17 Tg y la liberaci\u00f3n de carbono de los suelos continentales es de alrededor de 30 Tg por a\u00f1o. El primero est\u00e1 muy fuera del control humano, pero es posiblemente vulnerable tanto al cambio global como al manejo de las pesquer\u00edas, y el \u00faltimo es directamente atribuible a la actividad agr\u00edcola.<\/p>\n\n\n\n<p>Este conocimiento acarrea importantes implicancias para la toma de decisiones. Parte del cambio en el uso de la tierra est\u00e1 motivado actualmente por el deseo de sustituir los combustibles f\u00f3siles por biocombustibles neutrales en emisiones de carbono. No obstante, en el proyecto sobre uso de la tierra se demostr\u00f3 que permitir que se recupere la vegetaci\u00f3n natural en tierras previamente dedicadas a la agricultura resulta mejor para el balance de los gases de invernadero que los cultivos para biocombustibles.<\/p>\n\n\n\n<p>El carbono liberado del suelo utilizado para el cultivo de ma\u00edz para etanol genera una \u201cdeuda de carbono\u201d que bien puede compensar completamente la ganancia de carbono resultante del uso de este biocombustible por al menos 50 a\u00f1os. Adem\u00e1s, el carbono almacenado en el suelo en pastizales recuperados result\u00f3 m\u00e1s que los posibles cr\u00e9ditos de C generados en la misma tierra durante 40 a\u00f1os a partir del ma\u00edz para etanol, y su valor neto actual result\u00f3 igual e incluso mayor.<\/p>\n\n\n\n<p>\u201cDebido a la gran liberaci\u00f3n de carbono como consecuencia de los cambios en el uso de la tierra, en la mayor\u00eda de los casos, mantener tierras ociosas o en reposo parece ser una mejor alternativa para el equilibrio de gases de invernadero que los cultivos para biocombustibles \u201d dijo Esteban Jobb\u00e1gy. \u201cY en una tierra que seguir\u00e1 siendo agr\u00edcola, las alternativas m\u00e1s prometedoras para mejorar la captura de carbono y la fertilidad del suelo no provienen s\u00f3lo de las pr\u00e1cticas de siembra directa, sino de la combinaci\u00f3n de las siembra directa con una mayor producci\u00f3n de cultivos, reduciendo la p\u00e9rdida de nutrientes e incrementando los aportes de carbono al suelo, especialmente a trav\u00e9s de las ra\u00edces.\u201d Los incendios forestales son comunes en los bosques secos del Gran Chaco que cubre un mill\u00f3n de km<sup>2<\/sup>&nbsp;en la Cuenca del Plata de Argentina, Paraguay, Bolivia y Brasil.<\/p>\n\n\n\n<p>Cada a\u00f1o, los incendios forestales consumen alrededor del 5% de la biomasa producida por los bosques secos de esta regi\u00f3n. En estos bosques secos ya se practica el uso extractivo, como la recolecci\u00f3n de madera para le\u00f1a. La expansi\u00f3n de dichas actividades para producir bioenerg\u00eda a partir del uso selectivo de \u00e1rboles de los bosques naturales (que de otro modo se quemar\u00edan) en t\u00edpicas plantas termoel\u00e9ctricas de tama\u00f1o mediano con una eficiencia del 40%, podr\u00edan evitar emisiones del orden de los 5 Tg C a\u00f1o<sup>-1<\/sup>.<\/p>\n\n\n\n<p>As\u00ed, la energ\u00eda proveniente de la biomasa natural puede proporcionar ganancias econ\u00f3micas a los pa\u00edses de la regi\u00f3n del Gran Chaco, al tiempo que preserva los h\u00e1bitats nativos de la m\u00e1s destructiva transformaci\u00f3n agr\u00edcola. En Europa, los encargados del manejo forestal marcan los \u00e1rboles sin valor econ\u00f3mico, que son luego usados como le\u00f1a por las comunidades locales. Esto muestra que dichos esquemas, cuando incluyen reglas para la conservaci\u00f3n de la biodiversidad, son viables a\u00fan en sociedades m\u00e1s ricas. Un beneficio secundario de la remoci\u00f3n de material combustible de los bosques ser\u00eda la reducci\u00f3n del riesgo de incendios forestales.<\/p>\n\n\n\n<p>El trabajo de investigaci\u00f3n se plasm\u00f3 en un mapa de los cambios ocurridos en la cobertura vegetal durante los \u00faltimos a\u00f1os, que contribuye a identificar las \u00e1reas del continente prometedoras para la captura de carbono, y las que constituyen puntos \u00e1lgidos de p\u00e9rdida de carbono. Los mapas est\u00e1n disponibles en&nbsp;<a href=\"http:\/\/lechusa.unsl.edu.ar\/\" target=\"_blank\" rel=\"noreferrer noopener\">http:\/\/lechusa.unsl.edu.ar\/<\/a>. El monitoreo de los impactos de las pesquer\u00edas en la ecolog\u00eda del oc\u00e9ano y los balances de carbono; del uso de la tierra en el contenido de carbono en el suelo; as\u00ed como del manejo de la vegetaci\u00f3n en los incendios forestales, ser\u00e1 importante para entender las opciones e intervenciones posibles que mitiguen las emisiones de gases invernadero.<\/p>\n\n\n\n<p>El IAI contin\u00faa esta investigaci\u00f3n a trav\u00e9s de diferentes programas (se pueden encontrar detalles en el sitio web del IAI:\u00a0<strong><a href=\"http:\/\/iai.int\/\">http:\/\/iai.int<\/a><\/strong>, bajo \u201cprogramas cient\u00edficos\u201d). El IAI, fundado mediante un acuerdo internacional en 1994, es un organismo intergubernamental que permite que cient\u00edficos y tomadores de decisiones de sus 19 pa\u00edses miembro de las Am\u00e9ricas encararen conjuntamente cuestiones cr\u00edticas asociadas al cambio clim\u00e1tico. Con el apoyo de las naciones que lo conforman, el Instituto continuar\u00e1 jugando un papel crucial en la generaci\u00f3n de un conocimiento de los forzantes del cambio global en las Am\u00e9ricas.<\/p>\n\n\n\n<p><a href=\"https:\/\/iai.int\/admin\/site\/sites\/default\/files\/IAI_communique_1_2010_sp.pdf\" target=\"_blank\" rel=\"noreferrer noopener\"><strong>Bajar PDF<\/strong><\/a><br><a href=\"https:\/\/iai.int\/admin\/site\/sites\/default\/files\/IAI_communique_1_2010.pdf\" target=\"_blank\" rel=\"noreferrer noopener\"><strong>Bajar PDF en ingl\u00e9s<\/strong><\/a><\/p>\n","protected":false},"excerpt":{"rendered":"<p>La investigaci\u00f3n del IAI respalda el acercamiento regional al cambio clim\u00e1tico Luego de Copenhague, se vuelve claro que los acercamientos regionales al manejo del carbono pueden resultar un camino viable. El Instituto Interamericano para la Investigaci\u00f3n del Cambio Global (IAI) trabaja para mejorar la comprensi\u00f3n regional de procesos fundamentales en el ciclo del carbono. La [&hellip;]<\/p>\n","protected":false},"author":1,"featured_media":0,"parent":0,"menu_order":0,"comment_status":"closed","ping_status":"closed","template":"","meta":{"_acf_changed":false,"_uag_custom_page_level_css":"","footnotes":""},"class_list":["post-1224","page","type-page","status-publish","hentry"],"acf":[],"yoast_head":"<!-- This site is optimized with the Yoast SEO plugin v27.3 - https:\/\/yoast.com\/product\/yoast-seo-wordpress\/ -->\n<title>Equilibrando el CO2 en Am\u00e9rica del Sur \u2013 La investigaci\u00f3n del IAI respalda el acercamiento regional al cambio clim\u00e1tico - IAI - Inter-American Institute for Global Change Research<\/title>\n<meta name=\"robots\" content=\"index, follow, max-snippet:-1, max-image-preview:large, max-video-preview:-1\" \/>\n<link rel=\"canonical\" href=\"https:\/\/iai.int\/es\/equilibrando-el-co2-en-america-del-sur-la-investigacion-del-iai-respalda-el-acercamiento-regional-al-cambio-climatico\/\" \/>\n<meta property=\"og:locale\" content=\"es_ES\" \/>\n<meta property=\"og:type\" content=\"article\" \/>\n<meta property=\"og:title\" content=\"Equilibrando el CO2 en Am\u00e9rica del Sur \u2013 La investigaci\u00f3n del IAI respalda el acercamiento regional al cambio clim\u00e1tico - IAI - Inter-American Institute for Global Change Research\" \/>\n<meta property=\"og:description\" content=\"La investigaci\u00f3n del IAI respalda el acercamiento regional al cambio clim\u00e1tico Luego de Copenhague, se vuelve claro que los acercamientos regionales al manejo del carbono pueden resultar un camino viable. El Instituto Interamericano para la Investigaci\u00f3n del Cambio Global (IAI) trabaja para mejorar la comprensi\u00f3n regional de procesos fundamentales en el ciclo del carbono. La [&hellip;]\" \/>\n<meta property=\"og:url\" content=\"https:\/\/iai.int\/es\/equilibrando-el-co2-en-america-del-sur-la-investigacion-del-iai-respalda-el-acercamiento-regional-al-cambio-climatico\/\" \/>\n<meta property=\"og:site_name\" content=\"IAI - Inter-American Institute for Global Change Research\" \/>\n<meta property=\"article:modified_time\" content=\"2024-10-08T02:13:37+00:00\" \/>\n<meta name=\"twitter:card\" content=\"summary_large_image\" \/>\n<meta name=\"twitter:label1\" content=\"Tiempo de lectura\" \/>\n\t<meta name=\"twitter:data1\" content=\"10 minutos\" \/>\n<script type=\"application\/ld+json\" class=\"yoast-schema-graph\">{\"@context\":\"https:\\\/\\\/schema.org\",\"@graph\":[{\"@type\":\"WebPage\",\"@id\":\"https:\\\/\\\/iai.int\\\/es\\\/equilibrando-el-co2-en-america-del-sur-la-investigacion-del-iai-respalda-el-acercamiento-regional-al-cambio-climatico\\\/\",\"url\":\"https:\\\/\\\/iai.int\\\/es\\\/equilibrando-el-co2-en-america-del-sur-la-investigacion-del-iai-respalda-el-acercamiento-regional-al-cambio-climatico\\\/\",\"name\":\"Equilibrando el CO2 en Am\u00e9rica del Sur \u2013 La investigaci\u00f3n del IAI respalda el acercamiento regional al cambio clim\u00e1tico - IAI - Inter-American Institute for Global Change Research\",\"isPartOf\":{\"@id\":\"https:\\\/\\\/iai.int\\\/es\\\/#website\"},\"datePublished\":\"2024-10-08T02:10:11+00:00\",\"dateModified\":\"2024-10-08T02:13:37+00:00\",\"breadcrumb\":{\"@id\":\"https:\\\/\\\/iai.int\\\/es\\\/equilibrando-el-co2-en-america-del-sur-la-investigacion-del-iai-respalda-el-acercamiento-regional-al-cambio-climatico\\\/#breadcrumb\"},\"inLanguage\":\"es\",\"potentialAction\":[{\"@type\":\"ReadAction\",\"target\":[\"https:\\\/\\\/iai.int\\\/es\\\/equilibrando-el-co2-en-america-del-sur-la-investigacion-del-iai-respalda-el-acercamiento-regional-al-cambio-climatico\\\/\"]}]},{\"@type\":\"BreadcrumbList\",\"@id\":\"https:\\\/\\\/iai.int\\\/es\\\/equilibrando-el-co2-en-america-del-sur-la-investigacion-del-iai-respalda-el-acercamiento-regional-al-cambio-climatico\\\/#breadcrumb\",\"itemListElement\":[{\"@type\":\"ListItem\",\"position\":1,\"name\":\"Portada\",\"item\":\"https:\\\/\\\/iai.int\\\/es\\\/\"},{\"@type\":\"ListItem\",\"position\":2,\"name\":\"Equilibrando el CO2 en Am\u00e9rica del Sur \u2013 La investigaci\u00f3n del IAI respalda el acercamiento regional al cambio clim\u00e1tico\"}]},{\"@type\":\"WebSite\",\"@id\":\"https:\\\/\\\/iai.int\\\/es\\\/#website\",\"url\":\"https:\\\/\\\/iai.int\\\/es\\\/\",\"name\":\"IAI - Inter-American Institute for Global Change Research\",\"description\":\"\",\"publisher\":{\"@id\":\"https:\\\/\\\/iai.int\\\/es\\\/#organization\"},\"potentialAction\":[{\"@type\":\"SearchAction\",\"target\":{\"@type\":\"EntryPoint\",\"urlTemplate\":\"https:\\\/\\\/iai.int\\\/es\\\/?s={search_term_string}\"},\"query-input\":{\"@type\":\"PropertyValueSpecification\",\"valueRequired\":true,\"valueName\":\"search_term_string\"}}],\"inLanguage\":\"es\"},{\"@type\":\"Organization\",\"@id\":\"https:\\\/\\\/iai.int\\\/es\\\/#organization\",\"name\":\"IAI - Inter-American Institute for Global Change Research\",\"url\":\"https:\\\/\\\/iai.int\\\/es\\\/\",\"logo\":{\"@type\":\"ImageObject\",\"inLanguage\":\"es\",\"@id\":\"https:\\\/\\\/iai.int\\\/es\\\/#\\\/schema\\\/logo\\\/image\\\/\",\"url\":\"https:\\\/\\\/iai.int\\\/wp-content\\\/uploads\\\/2025\\\/11\\\/IAI-logo-English-scaled.png\",\"contentUrl\":\"https:\\\/\\\/iai.int\\\/wp-content\\\/uploads\\\/2025\\\/11\\\/IAI-logo-English-scaled.png\",\"width\":2560,\"height\":985,\"caption\":\"IAI - Inter-American Institute for Global Change Research\"},\"image\":{\"@id\":\"https:\\\/\\\/iai.int\\\/es\\\/#\\\/schema\\\/logo\\\/image\\\/\"}}]}<\/script>\n<!-- \/ Yoast SEO plugin. -->","yoast_head_json":{"title":"Equilibrando el CO2 en Am\u00e9rica del Sur \u2013 La investigaci\u00f3n del IAI respalda el acercamiento regional al cambio clim\u00e1tico - IAI - Inter-American Institute for Global Change Research","robots":{"index":"index","follow":"follow","max-snippet":"max-snippet:-1","max-image-preview":"max-image-preview:large","max-video-preview":"max-video-preview:-1"},"canonical":"https:\/\/iai.int\/es\/equilibrando-el-co2-en-america-del-sur-la-investigacion-del-iai-respalda-el-acercamiento-regional-al-cambio-climatico\/","og_locale":"es_ES","og_type":"article","og_title":"Equilibrando el CO2 en Am\u00e9rica del Sur \u2013 La investigaci\u00f3n del IAI respalda el acercamiento regional al cambio clim\u00e1tico - IAI - Inter-American Institute for Global Change Research","og_description":"La investigaci\u00f3n del IAI respalda el acercamiento regional al cambio clim\u00e1tico Luego de Copenhague, se vuelve claro que los acercamientos regionales al manejo del carbono pueden resultar un camino viable. El Instituto Interamericano para la Investigaci\u00f3n del Cambio Global (IAI) trabaja para mejorar la comprensi\u00f3n regional de procesos fundamentales en el ciclo del carbono. La [&hellip;]","og_url":"https:\/\/iai.int\/es\/equilibrando-el-co2-en-america-del-sur-la-investigacion-del-iai-respalda-el-acercamiento-regional-al-cambio-climatico\/","og_site_name":"IAI - Inter-American Institute for Global Change Research","article_modified_time":"2024-10-08T02:13:37+00:00","twitter_card":"summary_large_image","twitter_misc":{"Tiempo de lectura":"10 minutos"},"schema":{"@context":"https:\/\/schema.org","@graph":[{"@type":"WebPage","@id":"https:\/\/iai.int\/es\/equilibrando-el-co2-en-america-del-sur-la-investigacion-del-iai-respalda-el-acercamiento-regional-al-cambio-climatico\/","url":"https:\/\/iai.int\/es\/equilibrando-el-co2-en-america-del-sur-la-investigacion-del-iai-respalda-el-acercamiento-regional-al-cambio-climatico\/","name":"Equilibrando el CO2 en Am\u00e9rica del Sur \u2013 La investigaci\u00f3n del IAI respalda el acercamiento regional al cambio clim\u00e1tico - IAI - Inter-American Institute for Global Change Research","isPartOf":{"@id":"https:\/\/iai.int\/es\/#website"},"datePublished":"2024-10-08T02:10:11+00:00","dateModified":"2024-10-08T02:13:37+00:00","breadcrumb":{"@id":"https:\/\/iai.int\/es\/equilibrando-el-co2-en-america-del-sur-la-investigacion-del-iai-respalda-el-acercamiento-regional-al-cambio-climatico\/#breadcrumb"},"inLanguage":"es","potentialAction":[{"@type":"ReadAction","target":["https:\/\/iai.int\/es\/equilibrando-el-co2-en-america-del-sur-la-investigacion-del-iai-respalda-el-acercamiento-regional-al-cambio-climatico\/"]}]},{"@type":"BreadcrumbList","@id":"https:\/\/iai.int\/es\/equilibrando-el-co2-en-america-del-sur-la-investigacion-del-iai-respalda-el-acercamiento-regional-al-cambio-climatico\/#breadcrumb","itemListElement":[{"@type":"ListItem","position":1,"name":"Portada","item":"https:\/\/iai.int\/es\/"},{"@type":"ListItem","position":2,"name":"Equilibrando el CO2 en Am\u00e9rica del Sur \u2013 La investigaci\u00f3n del IAI respalda el acercamiento regional al cambio clim\u00e1tico"}]},{"@type":"WebSite","@id":"https:\/\/iai.int\/es\/#website","url":"https:\/\/iai.int\/es\/","name":"IAI - Inter-American Institute for Global Change Research","description":"","publisher":{"@id":"https:\/\/iai.int\/es\/#organization"},"potentialAction":[{"@type":"SearchAction","target":{"@type":"EntryPoint","urlTemplate":"https:\/\/iai.int\/es\/?s={search_term_string}"},"query-input":{"@type":"PropertyValueSpecification","valueRequired":true,"valueName":"search_term_string"}}],"inLanguage":"es"},{"@type":"Organization","@id":"https:\/\/iai.int\/es\/#organization","name":"IAI - Inter-American Institute for Global Change Research","url":"https:\/\/iai.int\/es\/","logo":{"@type":"ImageObject","inLanguage":"es","@id":"https:\/\/iai.int\/es\/#\/schema\/logo\/image\/","url":"https:\/\/iai.int\/wp-content\/uploads\/2025\/11\/IAI-logo-English-scaled.png","contentUrl":"https:\/\/iai.int\/wp-content\/uploads\/2025\/11\/IAI-logo-English-scaled.png","width":2560,"height":985,"caption":"IAI - Inter-American Institute for Global Change Research"},"image":{"@id":"https:\/\/iai.int\/es\/#\/schema\/logo\/image\/"}}]}},"uagb_featured_image_src":{"full":false,"thumbnail":false,"medium":false,"medium_large":false,"large":false,"1536x1536":false,"2048x2048":false},"uagb_author_info":{"display_name":"admin","author_link":"https:\/\/iai.int\/es\/author\/admin\/"},"uagb_comment_info":0,"uagb_excerpt":"La investigaci\u00f3n del IAI respalda el acercamiento regional al cambio clim\u00e1tico Luego de Copenhague, se vuelve claro que los acercamientos regionales al manejo del carbono pueden resultar un camino viable. El Instituto Interamericano para la Investigaci\u00f3n del Cambio Global (IAI) trabaja para mejorar la comprensi\u00f3n regional de procesos fundamentales en el ciclo del carbono. La&hellip;","_links":{"self":[{"href":"https:\/\/iai.int\/es\/wp-json\/wp\/v2\/pages\/1224","targetHints":{"allow":["GET"]}}],"collection":[{"href":"https:\/\/iai.int\/es\/wp-json\/wp\/v2\/pages"}],"about":[{"href":"https:\/\/iai.int\/es\/wp-json\/wp\/v2\/types\/page"}],"author":[{"embeddable":true,"href":"https:\/\/iai.int\/es\/wp-json\/wp\/v2\/users\/1"}],"replies":[{"embeddable":true,"href":"https:\/\/iai.int\/es\/wp-json\/wp\/v2\/comments?post=1224"}],"version-history":[{"count":2,"href":"https:\/\/iai.int\/es\/wp-json\/wp\/v2\/pages\/1224\/revisions"}],"predecessor-version":[{"id":1300,"href":"https:\/\/iai.int\/es\/wp-json\/wp\/v2\/pages\/1224\/revisions\/1300"}],"wp:attachment":[{"href":"https:\/\/iai.int\/es\/wp-json\/wp\/v2\/media?parent=1224"}],"curies":[{"name":"wp","href":"https:\/\/api.w.org\/{rel}","templated":true}]}}