{"id":1223,"date":"2024-10-07T23:06:52","date_gmt":"2024-10-08T02:06:52","guid":{"rendered":"https:\/\/iai.int\/?page_id=1223"},"modified":"2024-10-07T23:06:52","modified_gmt":"2024-10-08T02:06:52","slug":"derritiendo-el-hielo-retroceso-de-los-glaciares-de-la-cordillera-americana","status":"publish","type":"page","link":"https:\/\/iai.int\/es\/derritiendo-el-hielo-retroceso-de-los-glaciares-de-la-cordillera-americana\/","title":{"rendered":"Derritiendo el hielo \u2013 retroceso de los glaciares de la Cordillera Americana"},"content":{"rendered":"\n<p>PDF en\u00a0<a href=\"https:\/\/iai.int\/admin\/site\/sites\/default\/files\/IAI_communique_2_2010_sp.pdf\" target=\"_blank\" rel=\"noreferrer noopener\"><strong>espa\u00f1ol<\/strong><\/a>\u00a0\u2013\u00a0<a href=\"https:\/\/iai.int\/admin\/site\/sites\/default\/files\/IAI_communique_2_2010.pdf\" target=\"_blank\" rel=\"noreferrer noopener\"><strong>ingl\u00e9s<\/strong><\/a><\/p>\n\n\n\n<p><strong>Investigadores de proyectos del IAI comparten mensajes clave acerca de sus estudios de los glaciares de la cordillera americana. La mayor\u00eda de los glaciares se est\u00e1 reduciendo, algunos podr\u00e1n sobrevivir, otros desaparecer\u00e1n, especialmente en las regiones tropicales y subtropicales, pero las comunidades que dependen de r\u00edos alimentados por derretimiento de glaciares y deshielo deben ya aprender a adaptarse a los cambios estacionales en los caudales.<\/strong><\/p>\n\n\n\n<p>Los glaciares del Himalaya desaparecer\u00e1n cerca de 2035. Esta conclusi\u00f3n del informe del IPCC de 2007 titulado \u201cImpactos, Adaptaci\u00f3n y Vulnerabilidad\u201d es obviamente un error, que los autores principales de dicho Panel pasaron por alto, y su descubrimiento ha avivado el debate sobre el calentamiento global que presenta el IPCC. Quiz\u00e1 sea comprensible, ya que ocurri\u00f3 luego de la controversia sobre los correos electr\u00f3nicos hackeados de la Universidad de East Anglia en noviembre de 2009. Una controversia que dispar\u00f3 interrogantes acerca de la confiabilidad de los datos de cambios en la temperatura global y la transparencia del proceso mediante el que fueron calculados.<\/p>\n\n\n\n<p>El IAI financia una profunda investigaci\u00f3n de la hidrolog\u00eda y los glaciares de la Cordillera Americana, la columna vertebral del continente desde las Rocallosas en Alaska hasta los Andes en el sur. Es por ello que hemos pedido la opini\u00f3n de los cient\u00edficos de estas redes sobre el derretimiento de los glaciares en el continente americano: Brian Luckman, que dirige una de las redes escribi\u00f3 que \u201cla fecha 2035 es claramente rid\u00edcula dada la cantidad de glaciares en el Himalaya y su volumen, aunque esta fecha podr\u00eda ser una evaluaci\u00f3n razonable para la desaparici\u00f3n de los glaciares del Parque Nacional de los Glaciares en EE.UU.\u201d. Y este es el problema: en un debate pol\u00edticamente cargado y econ\u00f3micamente trascendental acerca de las predicciones del cambio clim\u00e1tico, pocos se detienen a reflexionar sobre los datos, a evaluar cu\u00e1les cambios ya est\u00e1n teniendo lugar y a considerar qu\u00e9 puede hacerse en t\u00e9rminos de adaptaci\u00f3n.<\/p>\n\n\n\n<p>El PNUMA ha publicado una evaluaci\u00f3n de los cambios en la cobertura glaciaria del mundo (<a href=\"http:\/\/www.grid.unep.ch\/glaciers%20target=\" target=\"_blank\" rel=\"noreferrer noopener\"><strong>http:\/\/www.grid.unep.ch\/glaciers<\/strong><\/a>\u00a0y\u00a0<a href=\"http:\/\/www.geo.unizh.ch\/wgms\" target=\"_blank\" rel=\"noreferrer noopener\"><strong>http:\/\/www.geo.unizh.ch\/wgms<\/strong><\/a>). En las Am\u00e9ricas, el Proyecto Repeat Photography del Servicio Geol\u00f3gico de Estados Unidos (US Geological Survey) ofrece documentaci\u00f3n gr\u00e1fica de la r\u00e1pida desaparici\u00f3n de los glaciares de las Rocallosas en Estados Unidos y del Parque Nacional de los Glaciares (<a href=\"http:\/\/nrmsc.usgs.gov\/repeatphoto\/\" target=\"_blank\" rel=\"noreferrer noopener\"><strong>http:\/\/nrmsc.usgs.gov\/repeatphoto\/<\/strong><\/a>). En el oeste de Canad\u00e1, un inventario de im\u00e1genes satelitales y fotograf\u00edas a\u00e9reas de la Universidad de Northern British Columbia indica que entre 1985 y 2005, la cubierta de hielo disminuy\u00f3 alrededor de 11% y 25% en British Columbia y Alberta, respectivamente. Adem\u00e1s, el ritmo de retroceso para el per\u00edodo 2000-2005 duplica aproximadamente el de 1985-2000, lo que indica una aceleraci\u00f3n en el retroceso.<\/p>\n\n\n\n<p><strong>Una visi\u00f3n desde el Sur&nbsp;<\/strong><br>Recientemente se brind\u00f3 una \u201cVisi\u00f3n desde el Sur\u201d en la conferencia sobre hielos y cambio clim\u00e1tico realizada en Valdivia, Chile. Muchos pa\u00edses sudamericanos han finalizado, o est\u00e1n por finalizar, sus inventarios de glaciares. En Bolivia, el glaciar Chacaltaya, que era monitoreado por el investigador del IAI Edson Ram\u00edrez, desapareci\u00f3 en 2009 y los glaciares de las Cuencas de Tuni-Condoriri, que constituyen una importante fuente de agua han perdido 40-50% de su superficie desde 1955. Es probable que otros glaciares peque\u00f1os de regiones tropicales y subtropicales de los Andes y de M\u00e9xico desaparezcan en los pr\u00f3ximos 20-40 a\u00f1os.<\/p>\n\n\n\n<p>Los estudios del IAI sobre los glaciares de Chile se dedican a unos relativamente peque\u00f1os en las cercan\u00edas de San Lorenzo y en la regi\u00f3n de Magallanes, donde se est\u00e1n preparando inventarios basados en nuevas fotograf\u00edas a\u00e9reas. En Argentina, el Instituto Argentino de Nivolog\u00eda, Glaciolog\u00eda y Ciencias Ambientales (IANIGLA) parte de la red del IAI sobre la Cordillera, ha desarrollado inventarios para \u00e1reas de la Patagonia austral (49\u00b0S), la regi\u00f3n h\u00fameda de los Andes (40\u00b0S) y la \u00e1rida (29\u00b0S), m\u00e1s al norte. En el estudio de los Andes h\u00famedos, la cubierta de hielo decreci\u00f3 desde cerca de 100,5 km<sup>2<\/sup>&nbsp;hasta los 90,5 km<sup>2<\/sup>&nbsp;(12%) donde cada glaciar perdi\u00f3 entre 5,8 y 22% de su superficie. El Campo de Hielo Patag\u00f3nico Sur perdi\u00f3 500 km<sup>2<\/sup>, casi el 4% de su superficie, y las p\u00e9rdidas m\u00e1s grandes se vieron en el Glaciar Jorge Montt (Chile) y el Glaciar Upsala (Argentina), que retrocedieron alrededor de 10 y 6 km, respectivamente. Casi todos los glaciares emisarios del campo de hielo est\u00e1n en retroceso, pero existen algunas excepciones espectaculares: el Glaciar P\u00edo XI creci\u00f3 7,8 km<sup>2<\/sup>&nbsp;entre 1986 y 2009. Esto se\u00f1ala la complejidad de los procesos clim\u00e1ticos involucrados.<\/p>\n\n\n\n<p>Las mayores p\u00e9rdidas se observan en los glaciares de los Andes tropicales. Durante las tres \u00faltimas d\u00e9cadas, Bernard Francou del Instituto franc\u00e9s de Investigaci\u00f3n para el Desarrollo (IRD) y sus colaboradores documentaron p\u00e9rdidas de masa glaciaria del 30-50% en superficie. Haciendo una s\u00edntesis de la conferencia de Valdivia, Brian Luckman escribi\u00f3 que \u201cla p\u00e9rdida de hielo en los glaciares de los Andes tropicales se ha acelerado considerablemente en los \u00faltimos tiempos, particularmente luego de 1976.\u201d En los a\u00f1os 1976\/77 se vio un cambio en la circulaci\u00f3n atmosf\u00e9rica del Pac\u00edfico Norte, la Oscilaci\u00f3n Decenal del Pac\u00edfico (PDO). En 1945 la PDO hab\u00eda sufrido un salto en sentido opuesto. Dichos cambios en la circulaci\u00f3n atmosf\u00e9rica sobre el Pac\u00edfico introdujeron dos saltos significativos en los patrones de precipitaci\u00f3n, temperatura y caudal en los \u00faltimos 65 a\u00f1os. En marcos temporales m\u00e1s breves, los eventos El Ni\u00f1o afectan los balances de masa interanuales de los glaciares, que implican menores nevadas en algunas regiones y mayores en otras, conformando un patr\u00f3n regional bien definido.<\/p>\n\n\n\n<p>El trabajo financiado por el IAI contin\u00faa dirigido al estudio de los glaciares en Argentina (<a href=\"http:\/\/www.glaciares.org.ar\/\" target=\"_blank\" rel=\"noreferrer noopener\"><strong>http:\/\/www.glaciares.org.ar<\/strong><\/a>), especialmente en lo referente al cambio y la variabilidad del clima de los \u00faltimos 2.000 a\u00f1os en el sur de Sudam\u00e9rica. Este proyecto examina las fluctuaciones en los glaciares, pero tambi\u00e9n busca reconstruir la historia de la precipitaci\u00f3n y la temperatura en la regi\u00f3n, que a su vez permite reconstruir los principales componentes de los patrones atmosf\u00e9ricos regionales (la Oscilaci\u00f3n Ant\u00e1rtica, El Ni\u00f1o y tambi\u00e9n la PDO). Se trata de importantes factores que controlan el balance de masa de los glaciares, en diferentes \u00e1reas de los Andes las fluctuaciones est\u00e1n m\u00e1s fuertemente controladas por la precipitaci\u00f3n que por los cambios en la temperatura. Para estudiar las causas de los cambios recientes en los glaciares, es importante comprender estas conexiones. Estos estudios tambi\u00e9n son cr\u00edticos para la comprensi\u00f3n de la variabilidad y de los principales factores que controlan la lluvia y la nieve, que a su vez alimentan a los glaciares y otros sistemas hidrol\u00f3gicos, y de ah\u00ed, los cambios en la provisi\u00f3n de agua.<\/p>\n\n\n\n<p><strong>Una perspectiva m\u00e1s amplia&nbsp;<\/strong><br>Los glaciares son signos evidentes y notorios de los cambios clim\u00e1ticos. Los Andes funcionan como \u201ctorres de agua\u201d, un almac\u00e9n de agua para las regiones adyacentes. La reducci\u00f3n en el almacenamiento debida a la desaparici\u00f3n de los glaciares, no necesariamente hace que los r\u00edos de tierras m\u00e1s bajas se sequen. Sin embargo, el deshielo y el derretimiento de los glaciares en los Andes son componentes cr\u00edticos del caudal estival en muchas \u00e1reas. Estudios del IAI mostraron la relaci\u00f3n entre la cubierta de nieve de los Andes australes y el r\u00e9gimen de los principales r\u00edos de Chile y Argentina. Se identific\u00f3 la relaci\u00f3n entre el caudal, la precipitaci\u00f3n n\u00edvea y los cambios en la PDO en 1945 y 1977, que reflejan cambios equivalentes observados en Canad\u00e1 y EE.UU..<\/p>\n\n\n\n<p>El cambio en las temperaturas tiene efectos importantes en las nevadas. A medida que las estaciones fr\u00edas se vuelven m\u00e1s c\u00e1lidas y la nieve se convierte en lluvia, disminuye la cantidad y duraci\u00f3n de la cubierta de nieve y el l\u00edmite de las nieves perpetuas se desplaza hacia arriba. Estas modificaciones tienen importantes efectos en la estacionalidad de los cursos fluviales, con un aumento en los caudales de invierno al tiempo que se disminuye la disponibilidad de agua en el verano, cuando los flujos se alimentan principalmente del derretimiento de la nieve y el hielo de las cabeceras. En numerosas \u00e1reas, esas variaciones en la cubierta de nieve son mucho m\u00e1s importantes desde el punto de vista hidrol\u00f3gico que el aporte del derretimiento de los glaciares y por lo tanto su documentaci\u00f3n cobra relevancia. Los caudales del centro de Chile y de Argentina ya muestran cambios en su estacionalidad con flujos mayores a comienzo de la temporada.<\/p>\n\n\n\n<p>Varias ciudades andinas importantes dependen considerablemente del agua que aportan los glaciares y el deshielo. Estudios del IAI en La Paz y alrededores muestran que, cada vez m\u00e1s, la demanda supera la provisi\u00f3n, un proceso que se ver\u00e1 exacerbado por los cambios que est\u00e1n teniendo lugar en la temperatura. En muchos valles altoandinos tropicales y subtropicales el deshielo primaveral y estival de nieve y glaciares son cr\u00edticos para los cultivos, la ganader\u00eda y el consumo humano. La reuni\u00f3n de Valdivia mostr\u00f3 que existe gran conciencia acerca de los cambios en los glaciares y preocupaci\u00f3n por su impacto en la ganader\u00eda, las actividades econ\u00f3micas de numerosas comunidades ind\u00edgenas y el turismo.<\/p>\n\n\n\n<p>Las fluctuaciones s en los glaciares son tambi\u00e9n fuente de amenazas en regiones monta\u00f1osas. Los principales riesgos est\u00e1n relacionados con las inundaciones provocadas por el vaciado de lagos proglaciales ubicados sobre, dentro o endicados por los glaciares en retroceso o por las morenas. La ca\u00edda de bloques provenientes de glaciares colgantes dentro de los lagos puede producir importantes inundaciones, adem\u00e1s de desplazar grandes cantidades de agua corriente abajo. Por ejemplo, en los \u00faltimos 18 meses, hubo cinco grandes inundaciones causadas por los glaciares en el R\u00edo Colonia en Chile y, eventos de mayor magnitud podr\u00edan afectar severamente los planes de desarrollos hidroel\u00e9ctricos aguas abajo. De manera similar, la gran inundaci\u00f3n que ocurri\u00f3 en el R\u00edo Manso en el Cerro Tronador, Argentina el 21 de mayo de 2009, y que vaci\u00f3 el lago ubicado en el frente del Ventisquero Negro es objeto de investigaciones de la Red de Investigaci\u00f3n Cooperativa 2047 del IAI: <a href=\"https:\/\/iai.int\/documentacion-comprension-y-proyeccion-de-cambios-en-el-ciclo-hidrologico-de-la-cordillera-americana-crn-2047\/\" data-type=\"page\" data-id=\"818\" target=\"_blank\" rel=\"noreferrer noopener\"><strong>Documentaci\u00f3n, comprensi\u00f3n y proyecci\u00f3n de cambios en el ciclo hidrol\u00f3gico de la cordillera americana<\/strong><\/a>.<\/p>\n\n\n\n<p>El desarrollo y las actividades humanas en los Andes dependen fuertemente de la disponibilidad de agua. El riego, la energ\u00eda hidroel\u00e9ctrica, la miner\u00eda y la provisi\u00f3n de agua potable para los hogares constituyen m\u00faltiples usos que compiten entre s\u00ed, y que pueden convertirse en fuente de conflicto de modificarse la cantidad y estacionalidad de los caudales. En regiones mediterr\u00e1neas y semi\u00e1ridas, los glaciares representan una muy importante fuente de agua. Luego del total derretimiento de la nieve, los glaciares se convirtieron en la fuente m\u00e1s importante de agua superficial, es m\u00e1s, en algunos casos, la \u00fanica durante el verano. En los r\u00edos de r\u00e9gimen de deshielo, la estacionalidad de los caudales actuales coincide con la de la demanda. La demanda est\u00e1 regida principalmente por la agricultura de riego, con picos a mediados del verano.<\/p>\n\n\n\n<p>A medida que los glaciares retroceden y reducen su aporte al suministro de agua, la agricultura de riego enfrenta importantes restricciones y los rindes se ven reducidos en paralelo con la menor disponibilidad de agua. Las estrategias de inversi\u00f3n en infraestructura deber\u00edan concentrarse en garantizar los recursos h\u00eddricos, aumentar la eficiencia de su uso en todos los niveles y en la construcci\u00f3n de represas y reservorios suficientes para enfrentar las limitaciones impuestas por la variabilidad clim\u00e1tica \u201cconocida\u201d actual y por los escenarios de cambio clim\u00e1tico y el retroceso de los glaciares en el futuro. Desde el punto de vista de la pol\u00edtica, debemos considerar tambi\u00e9n que el inevitable aumento en la demanda de agua provocar\u00e1 conflictos entre los usuarios\/sectores. Por ello, para abordar el cambio global es necesario evaluar pol\u00edticas efectivas para la asignaci\u00f3n del agua entre los diferentes usuarios, poniendo en la balanza consideraciones econ\u00f3micas y sociales.<\/p>\n\n\n\n<p>Surgen varios mensajes clave a partir de la investigaci\u00f3n de los glaciares en la cordillera americana. El estado y significaci\u00f3n de las p\u00e9rdidas en los glaciares var\u00edan considerablemente a lo largo de las Am\u00e9ricas. La mayor\u00eda de los glaciares est\u00e1 sufriendo un deshielo r\u00e1pido y acelerado, y en las pr\u00f3ximas d\u00e9cadas desaparecer\u00e1n muchos glaciares peque\u00f1os, en particular, los tropicales. Otros sobrevivir\u00e1n, pero su tama\u00f1o ser\u00e1 menor. Unos pocos glaciares en el extremo sur son la excepci\u00f3n, ya que en realidad est\u00e1n expandi\u00e9ndose. Los glaciares son s\u00f3lo una parte de sistemas hidrol\u00f3gicos mayores, y en muchos casos, los cambios en las precipitaciones n\u00edveas, que tambi\u00e9n dependen de la temperatura, pueden resultar m\u00e1s significativos para el aporte de agua en el futuro. Las implicancias de estos cambios son muy variadas, dependiendo en primera medida de la importancia del deshielo y escorrent\u00eda de los glaciares para los sistemas hidrol\u00f3gicos de cada regi\u00f3n. Sin embargo, una cosa est\u00e1 clara: tanto la reducci\u00f3n en el almacenamiento y provisi\u00f3n de agua en los glaciares como la p\u00e9rdida de cobertura n\u00edvea en la regi\u00f3n debidas al aumento de la temperatura, han afectado significativamente los reg\u00edmenes hidrol\u00f3gicos y continuar\u00e1 haci\u00e9ndolo. Muchas actividades sociales y econ\u00f3micas dependen de estos recursos h\u00eddricos. Mejorar el conocimiento de la cobertura n\u00edvea y glaciaria contin\u00faa siendo una prioridad para desarrollar un manejo sustentable del recurso h\u00eddrico y pol\u00edticas relacionadas en estas regiones.<\/p>\n","protected":false},"excerpt":{"rendered":"<p>PDF en\u00a0espa\u00f1ol\u00a0\u2013\u00a0ingl\u00e9s Investigadores de proyectos del IAI comparten mensajes clave acerca de sus estudios de los glaciares de la cordillera americana. La mayor\u00eda de los glaciares se est\u00e1 reduciendo, algunos podr\u00e1n sobrevivir, otros desaparecer\u00e1n, especialmente en las regiones tropicales y subtropicales, pero las comunidades que dependen de r\u00edos alimentados por derretimiento de glaciares y deshielo [&hellip;]<\/p>\n","protected":false},"author":1,"featured_media":0,"parent":0,"menu_order":0,"comment_status":"closed","ping_status":"closed","template":"","meta":{"_acf_changed":false,"_uag_custom_page_level_css":"","footnotes":""},"class_list":["post-1223","page","type-page","status-publish","hentry"],"acf":[],"yoast_head":"<!-- This site is optimized with the Yoast SEO plugin v27.3 - https:\/\/yoast.com\/product\/yoast-seo-wordpress\/ -->\n<title>Derritiendo el hielo \u2013 retroceso de los glaciares de la Cordillera Americana - IAI - Inter-American Institute for Global Change Research<\/title>\n<meta name=\"robots\" content=\"index, follow, max-snippet:-1, max-image-preview:large, max-video-preview:-1\" \/>\n<link rel=\"canonical\" href=\"https:\/\/iai.int\/es\/derritiendo-el-hielo-retroceso-de-los-glaciares-de-la-cordillera-americana\/\" \/>\n<meta property=\"og:locale\" content=\"es_ES\" \/>\n<meta property=\"og:type\" content=\"article\" \/>\n<meta property=\"og:title\" content=\"Derritiendo el hielo \u2013 retroceso de los glaciares de la Cordillera Americana - IAI - Inter-American Institute for Global Change Research\" \/>\n<meta property=\"og:description\" content=\"PDF en\u00a0espa\u00f1ol\u00a0\u2013\u00a0ingl\u00e9s Investigadores de proyectos del IAI comparten mensajes clave acerca de sus estudios de los glaciares de la cordillera americana. La mayor\u00eda de los glaciares se est\u00e1 reduciendo, algunos podr\u00e1n sobrevivir, otros desaparecer\u00e1n, especialmente en las regiones tropicales y subtropicales, pero las comunidades que dependen de r\u00edos alimentados por derretimiento de glaciares y deshielo [&hellip;]\" \/>\n<meta property=\"og:url\" content=\"https:\/\/iai.int\/es\/derritiendo-el-hielo-retroceso-de-los-glaciares-de-la-cordillera-americana\/\" \/>\n<meta property=\"og:site_name\" content=\"IAI - Inter-American Institute for Global Change Research\" \/>\n<meta name=\"twitter:card\" content=\"summary_large_image\" \/>\n<meta name=\"twitter:label1\" content=\"Tiempo de lectura\" \/>\n\t<meta name=\"twitter:data1\" content=\"12 minutos\" \/>\n<script type=\"application\/ld+json\" class=\"yoast-schema-graph\">{\"@context\":\"https:\\\/\\\/schema.org\",\"@graph\":[{\"@type\":\"WebPage\",\"@id\":\"https:\\\/\\\/iai.int\\\/es\\\/derritiendo-el-hielo-retroceso-de-los-glaciares-de-la-cordillera-americana\\\/\",\"url\":\"https:\\\/\\\/iai.int\\\/es\\\/derritiendo-el-hielo-retroceso-de-los-glaciares-de-la-cordillera-americana\\\/\",\"name\":\"Derritiendo el hielo \u2013 retroceso de los glaciares de la Cordillera Americana - IAI - Inter-American Institute for Global Change Research\",\"isPartOf\":{\"@id\":\"https:\\\/\\\/iai.int\\\/es\\\/#website\"},\"datePublished\":\"2024-10-08T02:06:52+00:00\",\"breadcrumb\":{\"@id\":\"https:\\\/\\\/iai.int\\\/es\\\/derritiendo-el-hielo-retroceso-de-los-glaciares-de-la-cordillera-americana\\\/#breadcrumb\"},\"inLanguage\":\"es\",\"potentialAction\":[{\"@type\":\"ReadAction\",\"target\":[\"https:\\\/\\\/iai.int\\\/es\\\/derritiendo-el-hielo-retroceso-de-los-glaciares-de-la-cordillera-americana\\\/\"]}]},{\"@type\":\"BreadcrumbList\",\"@id\":\"https:\\\/\\\/iai.int\\\/es\\\/derritiendo-el-hielo-retroceso-de-los-glaciares-de-la-cordillera-americana\\\/#breadcrumb\",\"itemListElement\":[{\"@type\":\"ListItem\",\"position\":1,\"name\":\"Portada\",\"item\":\"https:\\\/\\\/iai.int\\\/es\\\/\"},{\"@type\":\"ListItem\",\"position\":2,\"name\":\"Derritiendo el hielo \u2013 retroceso de los glaciares de la Cordillera Americana\"}]},{\"@type\":\"WebSite\",\"@id\":\"https:\\\/\\\/iai.int\\\/es\\\/#website\",\"url\":\"https:\\\/\\\/iai.int\\\/es\\\/\",\"name\":\"IAI - Inter-American Institute for Global Change Research\",\"description\":\"\",\"publisher\":{\"@id\":\"https:\\\/\\\/iai.int\\\/es\\\/#organization\"},\"potentialAction\":[{\"@type\":\"SearchAction\",\"target\":{\"@type\":\"EntryPoint\",\"urlTemplate\":\"https:\\\/\\\/iai.int\\\/es\\\/?s={search_term_string}\"},\"query-input\":{\"@type\":\"PropertyValueSpecification\",\"valueRequired\":true,\"valueName\":\"search_term_string\"}}],\"inLanguage\":\"es\"},{\"@type\":\"Organization\",\"@id\":\"https:\\\/\\\/iai.int\\\/es\\\/#organization\",\"name\":\"IAI - Inter-American Institute for Global Change Research\",\"url\":\"https:\\\/\\\/iai.int\\\/es\\\/\",\"logo\":{\"@type\":\"ImageObject\",\"inLanguage\":\"es\",\"@id\":\"https:\\\/\\\/iai.int\\\/es\\\/#\\\/schema\\\/logo\\\/image\\\/\",\"url\":\"https:\\\/\\\/iai.int\\\/wp-content\\\/uploads\\\/2025\\\/11\\\/IAI-logo-English-scaled.png\",\"contentUrl\":\"https:\\\/\\\/iai.int\\\/wp-content\\\/uploads\\\/2025\\\/11\\\/IAI-logo-English-scaled.png\",\"width\":2560,\"height\":985,\"caption\":\"IAI - Inter-American Institute for Global Change Research\"},\"image\":{\"@id\":\"https:\\\/\\\/iai.int\\\/es\\\/#\\\/schema\\\/logo\\\/image\\\/\"}}]}<\/script>\n<!-- \/ Yoast SEO plugin. -->","yoast_head_json":{"title":"Derritiendo el hielo \u2013 retroceso de los glaciares de la Cordillera Americana - IAI - Inter-American Institute for Global Change Research","robots":{"index":"index","follow":"follow","max-snippet":"max-snippet:-1","max-image-preview":"max-image-preview:large","max-video-preview":"max-video-preview:-1"},"canonical":"https:\/\/iai.int\/es\/derritiendo-el-hielo-retroceso-de-los-glaciares-de-la-cordillera-americana\/","og_locale":"es_ES","og_type":"article","og_title":"Derritiendo el hielo \u2013 retroceso de los glaciares de la Cordillera Americana - IAI - Inter-American Institute for Global Change Research","og_description":"PDF en\u00a0espa\u00f1ol\u00a0\u2013\u00a0ingl\u00e9s Investigadores de proyectos del IAI comparten mensajes clave acerca de sus estudios de los glaciares de la cordillera americana. La mayor\u00eda de los glaciares se est\u00e1 reduciendo, algunos podr\u00e1n sobrevivir, otros desaparecer\u00e1n, especialmente en las regiones tropicales y subtropicales, pero las comunidades que dependen de r\u00edos alimentados por derretimiento de glaciares y deshielo [&hellip;]","og_url":"https:\/\/iai.int\/es\/derritiendo-el-hielo-retroceso-de-los-glaciares-de-la-cordillera-americana\/","og_site_name":"IAI - Inter-American Institute for Global Change Research","twitter_card":"summary_large_image","twitter_misc":{"Tiempo de lectura":"12 minutos"},"schema":{"@context":"https:\/\/schema.org","@graph":[{"@type":"WebPage","@id":"https:\/\/iai.int\/es\/derritiendo-el-hielo-retroceso-de-los-glaciares-de-la-cordillera-americana\/","url":"https:\/\/iai.int\/es\/derritiendo-el-hielo-retroceso-de-los-glaciares-de-la-cordillera-americana\/","name":"Derritiendo el hielo \u2013 retroceso de los glaciares de la Cordillera Americana - IAI - Inter-American Institute for Global Change Research","isPartOf":{"@id":"https:\/\/iai.int\/es\/#website"},"datePublished":"2024-10-08T02:06:52+00:00","breadcrumb":{"@id":"https:\/\/iai.int\/es\/derritiendo-el-hielo-retroceso-de-los-glaciares-de-la-cordillera-americana\/#breadcrumb"},"inLanguage":"es","potentialAction":[{"@type":"ReadAction","target":["https:\/\/iai.int\/es\/derritiendo-el-hielo-retroceso-de-los-glaciares-de-la-cordillera-americana\/"]}]},{"@type":"BreadcrumbList","@id":"https:\/\/iai.int\/es\/derritiendo-el-hielo-retroceso-de-los-glaciares-de-la-cordillera-americana\/#breadcrumb","itemListElement":[{"@type":"ListItem","position":1,"name":"Portada","item":"https:\/\/iai.int\/es\/"},{"@type":"ListItem","position":2,"name":"Derritiendo el hielo \u2013 retroceso de los glaciares de la Cordillera Americana"}]},{"@type":"WebSite","@id":"https:\/\/iai.int\/es\/#website","url":"https:\/\/iai.int\/es\/","name":"IAI - Inter-American Institute for Global Change Research","description":"","publisher":{"@id":"https:\/\/iai.int\/es\/#organization"},"potentialAction":[{"@type":"SearchAction","target":{"@type":"EntryPoint","urlTemplate":"https:\/\/iai.int\/es\/?s={search_term_string}"},"query-input":{"@type":"PropertyValueSpecification","valueRequired":true,"valueName":"search_term_string"}}],"inLanguage":"es"},{"@type":"Organization","@id":"https:\/\/iai.int\/es\/#organization","name":"IAI - Inter-American Institute for Global Change Research","url":"https:\/\/iai.int\/es\/","logo":{"@type":"ImageObject","inLanguage":"es","@id":"https:\/\/iai.int\/es\/#\/schema\/logo\/image\/","url":"https:\/\/iai.int\/wp-content\/uploads\/2025\/11\/IAI-logo-English-scaled.png","contentUrl":"https:\/\/iai.int\/wp-content\/uploads\/2025\/11\/IAI-logo-English-scaled.png","width":2560,"height":985,"caption":"IAI - Inter-American Institute for Global Change Research"},"image":{"@id":"https:\/\/iai.int\/es\/#\/schema\/logo\/image\/"}}]}},"uagb_featured_image_src":{"full":false,"thumbnail":false,"medium":false,"medium_large":false,"large":false,"1536x1536":false,"2048x2048":false},"uagb_author_info":{"display_name":"admin","author_link":"https:\/\/iai.int\/es\/author\/admin\/"},"uagb_comment_info":0,"uagb_excerpt":"PDF en\u00a0espa\u00f1ol\u00a0\u2013\u00a0ingl\u00e9s Investigadores de proyectos del IAI comparten mensajes clave acerca de sus estudios de los glaciares de la cordillera americana. La mayor\u00eda de los glaciares se est\u00e1 reduciendo, algunos podr\u00e1n sobrevivir, otros desaparecer\u00e1n, especialmente en las regiones tropicales y subtropicales, pero las comunidades que dependen de r\u00edos alimentados por derretimiento de glaciares y deshielo&hellip;","_links":{"self":[{"href":"https:\/\/iai.int\/es\/wp-json\/wp\/v2\/pages\/1223","targetHints":{"allow":["GET"]}}],"collection":[{"href":"https:\/\/iai.int\/es\/wp-json\/wp\/v2\/pages"}],"about":[{"href":"https:\/\/iai.int\/es\/wp-json\/wp\/v2\/types\/page"}],"author":[{"embeddable":true,"href":"https:\/\/iai.int\/es\/wp-json\/wp\/v2\/users\/1"}],"replies":[{"embeddable":true,"href":"https:\/\/iai.int\/es\/wp-json\/wp\/v2\/comments?post=1223"}],"version-history":[{"count":1,"href":"https:\/\/iai.int\/es\/wp-json\/wp\/v2\/pages\/1223\/revisions"}],"predecessor-version":[{"id":1297,"href":"https:\/\/iai.int\/es\/wp-json\/wp\/v2\/pages\/1223\/revisions\/1297"}],"wp:attachment":[{"href":"https:\/\/iai.int\/es\/wp-json\/wp\/v2\/media?parent=1223"}],"curies":[{"name":"wp","href":"https:\/\/api.w.org\/{rel}","templated":true}]}}