{"id":1221,"date":"2024-10-07T22:34:34","date_gmt":"2024-10-08T01:34:34","guid":{"rendered":"https:\/\/iai.int\/?page_id=1221"},"modified":"2025-02-12T20:44:04","modified_gmt":"2025-02-13T01:44:04","slug":"alimentos-de-las-profundidades","status":"publish","type":"page","link":"https:\/\/iai.int\/es\/alimentos-de-las-profundidades\/","title":{"rendered":"Alimentos de las profundidades"},"content":{"rendered":"\n<h4 class=\"wp-block-heading\">La surgencia en Patagonia: las corrientes oce\u00e1nicas determinan la productividad biol\u00f3gica.<\/h4>\n\n\n\n<figure class=\"wp-block-image size-large\"><img decoding=\"async\" src=\"https:\/\/iai.int\/admin\/site\/sites\/default\/files\/csatpoteros2010.jpg\" alt=\"\"\/><\/figure>\n\n\n\n<p><a href=\"https:\/\/iai.int\/admin\/site\/sites\/default\/files\/csatpoteros2010.jpg\" target=\"_blank\" rel=\"noreferrer noopener\"><\/a><br><em>La imagen de la derecha fue construida por Valeria Falabella de Wildlife Conservation Society y el Proyecto Mar y Cielo, sobre la base de datos del Programa de Sat\u00e9lites Meteorol\u00f3gicos de Defensa de la Fuerza A\u00e9rea de Estados Unidos.<\/em><br>Los datos fueron provistos por Chris Elvidge del Centro Nacional de Datos Geof\u00edsicos de la NOAA. La imagen de la izquierda muestra la concentraci\u00f3n de clorofila en superficie en enero. Para su elaboraci\u00f3n se utilizaron datos del radi\u00f3metro SeaWiFS de la NASA.<br>Estas son dos im\u00e1genes de la plataforma continental del Atl\u00e1ntico Sudoccidental. A la izquierda se muestra la concentraci\u00f3n de clorofila-a en la superficie durante el verano (en miligramos por metro c\u00fabico de agua oce\u00e1nica; estimada a partir de datos recolectados por SeaWiFS, un radi\u00f3metro montado a bordo de un sat\u00e9lite). Los colores amarillo y rojo indican zonas de alta concentraci\u00f3n de biomasa. La figura de la derecha muestra la iluminaci\u00f3n que puede verse durante las noches en la misma zona del Atl\u00e1ntico Sudoccidental. Los colores indican la iluminaci\u00f3n correspondiente a diferentes a\u00f1os: 1995 (azul), 2000 (verde) y 2008 (rojo). La luz a lo largo del talud de la plataforma patag\u00f3nica es generada por los barcos que pescan calamares durante la noche.<\/p>\n\n\n\n<p><em><strong>La surgencia de aguas profundas mantiene casi la mitad de la productividad y pesquer\u00edas en los oc\u00e9anos. Conocer estos sistemas, sus ciclos de nutrientes asociados y la captura de carbono es fundamental para comprender el cambio global y puede servir de gu\u00eda para la formulaci\u00f3n de acuerdos internacionales para una pesca sustentable.<\/strong><\/em><\/p>\n\n\n\n<p>A diferencia de otras, la surgencia de la plataforma patag\u00f3nica no es causada por el viento sino por corrientes oce\u00e1nicas profundas y continuas que fuerzan el ascenso a la superficie de aguas fr\u00edas y ricas en nutrientes, y que fertilizan las aguas hacia el norte llegando hasta Brasil. Los nutrientes alcanzan y fertilizan las capas superficiales del mar, iluminadas por el sol, donde se encuentran el plancton fotosint\u00e9tico y cadenas tr\u00f3ficas completas de gran importancia econ\u00f3mica. Parte de esta producci\u00f3n biol\u00f3gica tambi\u00e9n tiene un papel en la funci\u00f3n de sumidero de los oc\u00e9anos para el exceso de di\u00f3xido de carbono atmosf\u00e9rico.<\/p>\n\n\n\n<p>Las regiones de surgencia costera, en las que el agua m\u00e1s fr\u00eda aflora en la superficie desde las profundidades del oc\u00e9ano, ocupan s\u00f3lo el uno por ciento de la superficie total de los oc\u00e9anos, pero en dichas \u00e1reas se desarrolla hasta el 50% de la pesca del mundo y una gran parte de la producci\u00f3n total del oc\u00e9ano. En el Atl\u00e1ntico Sur, la plataforma patag\u00f3nica bordea la costa Argentina y tiene la misma extensi\u00f3n que ese pa\u00eds y las aguas de su talud ofrecen condiciones favorables para las pesquer\u00edas. Los cient\u00edficos del proyecto del IAI descubrieron que la surgencia en Patagonia, a diferencia de otras en el mundo, est\u00e1 provocada por las corrientes del oc\u00e9ano profundo, no por el viento, las cuales hacen que el agua m\u00e1s profunda, fr\u00eda y rica en nutrientes llegue a la superficie iluminada por el sol. Una vez all\u00ed, sirve de alimento al fitoplancton que a su vez sostiene toda la cadena tr\u00f3fica: anchoita, merluza, merluza de cola y calamares. Este efecto se extiende incluso hasta los organismos que viven en el fondo, como las vieiras, que tambi\u00e9n se concentran bajo las regiones productivas de la surgencia.<\/p>\n\n\n\n<p>En un trabajo reciente, Ricardo Matano y Elbio Palma, miembros del proyecto del IAI, escribieron que: \u201cel aporte de alimento en la regi\u00f3n de Malvinas es tan abundante y confiable que los elefantes marinos, que se reproducen y recambian el pelo en las costas argentinas, atraviesan la ancha plataforma patag\u00f3nica (alrededor de 400 km) para alimentarse all\u00ed. No resulta sorprendente que esta regi\u00f3n albergue una de las pesquer\u00edas m\u00e1s grandes del Hemisferio Sur. En las im\u00e1genes satelitales nocturnas\u2026 habitualmente se ve un denso conglomerado de buques de pesca de calamar\u201d, cuya iluminaci\u00f3n, como se observa en la imagen, compite con la de los centros urbanos de Buenos Aires y Montevideo.<\/p>\n\n\n\n<figure class=\"wp-block-image size-large\"><img decoding=\"async\" src=\"https:\/\/iai.int\/admin\/site\/sites\/default\/files\/schematic_2-300x239.jpg\" alt=\"\"\/><\/figure>\n\n\n\n<p><a href=\"https:\/\/iai.int\/admin\/site\/sites\/default\/files\/schematic_2-300x239.jpg\" target=\"_blank\" rel=\"noreferrer noopener\"><\/a>Hasta ahora, en el mundo, la investigaci\u00f3n se hab\u00eda concentrado principalmente en las surgencias causadas por el viento. Pero en la plataforma patag\u00f3nica el mecanismo es diferente. Apoy\u00e1ndose en la f\u00edsica de los fluidos y simulaciones num\u00e9ricas, el proyecto del IAI mostr\u00f3 una \u201cintrusi\u00f3n\u201d de la Corriente de Malvinas sobre la plataforma, forzada por la topograf\u00eda del fondo del oc\u00e9ano (ver figura en esta p\u00e1gina). Como la intensa Corriente de Malvinas en el Atl\u00e1ntico Sudoccidental fluye hacia el norte a lo largo del talud continental, genera un gradiente de presi\u00f3n a lo largo del margen de la plataforma que desv\u00eda las corrientes hacia la costa. Esto es compensado por un flujo desde el fondo hacia la superficie -la surgencia- a lo largo del borde de la plataforma. La surgencia en Patagonia tiene el mismo orden de magnitud que otros sistemas de surgencias regidos por el viento. La diferencia, no obstante, est\u00e1 en que mientras los sistemas forzados por el viento, como los de las costas de Oregon o California, s\u00f3lo duran unos d\u00edas o semanas cuando soplan vientos favorables, la surgencia de la plataforma patag\u00f3nica se mantiene activa ininterrumpidamente durante todo el a\u00f1o. Esto tiene importantes implicancias para los mecanismos que sostienen la producci\u00f3n de plancton, las pesquer\u00edas y la captura de carbono por el oc\u00e9ano. El movimiento de nutrientes tambi\u00e9n determina la captura de carbono por el oc\u00e9ano.<\/p>\n\n\n\n<p>Si bien el l\u00edmite septentrional de la surgencia en el talud de la Patagonia y de la Corriente de Malvinas se encuentra cerca de los 39\u00baS, las simulaciones num\u00e9ricas muestran que su influencia, concentrada en la plataforma, se hace sentir tambi\u00e9n hacia la costa y provoca una intrusi\u00f3n hacia el norte de aguas de plataforma ricas en nutrientes que, junto con el agua del R\u00edo de la Plata, dan lugar a un ecosistema productivo frente a las costas de Uruguay y el sur de Brasil.<\/p>\n\n\n\n<h4 class=\"wp-block-heading\">Lectura adicional<\/h4>\n\n\n\n<p>Matano, R. P. &amp; E. D. Palma (2008) On the upwelling of downwelling currents. Journal of Physical Oceanography, 38, 2482-2500<\/p>\n\n\n\n<p>Palma, E. D., R. P. Matano, &amp; A. R. Piola, 2008, A numerical study of the Southwestern Atlantic Shelf circulation: Stratified ocean response to local and offshore forcing, Journal of Geophysical Research, 113, C11010,<\/p>\n\n\n\n<p>Rodhouse, P. G., C. D. Elvidge, and P. N. Trathan, 2001:<\/p>\n\n\n\n<p>Las Instant\u00e1neas de la Ciencia del cambio global tienen por objeto informar a las personas relacionadas con el IAI y al p\u00fablico interesado acerca de resultados importantes de investigaciones internacionales realizadas con el auspicio del Instituto.<br>Panel Editorial: Christopher Martius, Ione Anderson, Paula Richter, Holm Tiessen<br>Citar como: IAI (2010): Alimentos de las profundidades. La surgencia en Patagonia: las corrientes oce\u00e1nicas determinan la productividad biol\u00f3gica. Instant\u00e1neas de la Ciencia, 5\u2028Proyecto financiado por IAI, NSF bajo el\u00a0<a href=\"https:\/\/iai.int\/es\/sacc-un-consorcio-internacional-para-el-estudio-de-los-cambios-climaticos-y-globales-relacionados-con-los-oceanos-en-america-del-sur-crn-2076\/\" data-type=\"page\" data-id=\"833\"><strong>CRN 2076<\/strong><\/a>.<\/p>\n\n\n\n<p>P\u00e1gina del proyecto: <a href=\"http:\/\/www.sacc.org.uy\/%E2%80%A8\" target=\"_blank\" rel=\"noreferrer noopener\"><strong>http:\/\/www.sacc.org.uy\/\u2028<\/strong><\/a><br>Remote sensing of the global light-fishing fleet: An analysis of interactions with oceanography, other fisheries and predators. Adv. Mar. Biol., 39, 261\u2013303.<br><a href=\"https:\/\/iai.int\/admin\/site\/sites\/default\/files\/snapshot5_food_from_the_deep_SP.pdf\" target=\"_blank\" rel=\"noreferrer noopener\"><strong>Bajar PDF<\/strong><\/a><br><a href=\"https:\/\/iai.int\/admin\/site\/sites\/default\/files\/snapshot5_food_from_the_deep_EN.pdf\" target=\"_blank\" rel=\"noreferrer noopener\"><strong>Bajar PDF en ingl\u00e9s<\/strong><\/a><\/p>\n","protected":false},"excerpt":{"rendered":"<p>La surgencia en Patagonia: las corrientes oce\u00e1nicas determinan la productividad biol\u00f3gica. La imagen de la derecha fue construida por Valeria Falabella de Wildlife Conservation Society y el Proyecto Mar y Cielo, sobre la base de datos del Programa de Sat\u00e9lites Meteorol\u00f3gicos de Defensa de la Fuerza A\u00e9rea de Estados Unidos.Los datos fueron provistos por Chris [&hellip;]<\/p>\n","protected":false},"author":1,"featured_media":0,"parent":0,"menu_order":0,"comment_status":"closed","ping_status":"closed","template":"elementor_theme","meta":{"_acf_changed":false,"_uag_custom_page_level_css":"","footnotes":""},"class_list":["post-1221","page","type-page","status-publish","hentry"],"acf":[],"yoast_head":"<!-- This site is optimized with the Yoast SEO plugin v27.3 - https:\/\/yoast.com\/product\/yoast-seo-wordpress\/ -->\n<title>Alimentos de las profundidades - IAI - Inter-American Institute for Global Change Research<\/title>\n<meta name=\"robots\" content=\"index, follow, max-snippet:-1, max-image-preview:large, max-video-preview:-1\" \/>\n<link rel=\"canonical\" href=\"https:\/\/iai.int\/es\/alimentos-de-las-profundidades\/\" \/>\n<meta property=\"og:locale\" content=\"es_ES\" \/>\n<meta property=\"og:type\" content=\"article\" \/>\n<meta property=\"og:title\" content=\"Alimentos de las profundidades - IAI - Inter-American Institute for Global Change Research\" \/>\n<meta property=\"og:description\" content=\"La surgencia en Patagonia: las corrientes oce\u00e1nicas determinan la productividad biol\u00f3gica. La imagen de la derecha fue construida por Valeria Falabella de Wildlife Conservation Society y el Proyecto Mar y Cielo, sobre la base de datos del Programa de Sat\u00e9lites Meteorol\u00f3gicos de Defensa de la Fuerza A\u00e9rea de Estados Unidos.Los datos fueron provistos por Chris [&hellip;]\" \/>\n<meta property=\"og:url\" content=\"https:\/\/iai.int\/es\/alimentos-de-las-profundidades\/\" \/>\n<meta property=\"og:site_name\" content=\"IAI - Inter-American Institute for Global Change Research\" \/>\n<meta property=\"article:modified_time\" content=\"2025-02-13T01:44:04+00:00\" \/>\n<meta property=\"og:image\" content=\"https:\/\/iai.int\/admin\/site\/sites\/default\/files\/csatpoteros2010.jpg\" \/>\n<meta name=\"twitter:card\" content=\"summary_large_image\" \/>\n<meta name=\"twitter:label1\" content=\"Tiempo de lectura\" \/>\n\t<meta name=\"twitter:data1\" content=\"6 minutos\" \/>\n<script type=\"application\/ld+json\" class=\"yoast-schema-graph\">{\"@context\":\"https:\\\/\\\/schema.org\",\"@graph\":[{\"@type\":\"WebPage\",\"@id\":\"https:\\\/\\\/iai.int\\\/es\\\/alimentos-de-las-profundidades\\\/\",\"url\":\"https:\\\/\\\/iai.int\\\/es\\\/alimentos-de-las-profundidades\\\/\",\"name\":\"Alimentos de las profundidades - IAI - Inter-American Institute for Global Change Research\",\"isPartOf\":{\"@id\":\"https:\\\/\\\/iai.int\\\/es\\\/#website\"},\"primaryImageOfPage\":{\"@id\":\"https:\\\/\\\/iai.int\\\/es\\\/alimentos-de-las-profundidades\\\/#primaryimage\"},\"image\":{\"@id\":\"https:\\\/\\\/iai.int\\\/es\\\/alimentos-de-las-profundidades\\\/#primaryimage\"},\"thumbnailUrl\":\"https:\\\/\\\/iai.int\\\/admin\\\/site\\\/sites\\\/default\\\/files\\\/csatpoteros2010.jpg\",\"datePublished\":\"2024-10-08T01:34:34+00:00\",\"dateModified\":\"2025-02-13T01:44:04+00:00\",\"breadcrumb\":{\"@id\":\"https:\\\/\\\/iai.int\\\/es\\\/alimentos-de-las-profundidades\\\/#breadcrumb\"},\"inLanguage\":\"es\",\"potentialAction\":[{\"@type\":\"ReadAction\",\"target\":[\"https:\\\/\\\/iai.int\\\/es\\\/alimentos-de-las-profundidades\\\/\"]}]},{\"@type\":\"ImageObject\",\"inLanguage\":\"es\",\"@id\":\"https:\\\/\\\/iai.int\\\/es\\\/alimentos-de-las-profundidades\\\/#primaryimage\",\"url\":\"https:\\\/\\\/iai.int\\\/admin\\\/site\\\/sites\\\/default\\\/files\\\/csatpoteros2010.jpg\",\"contentUrl\":\"https:\\\/\\\/iai.int\\\/admin\\\/site\\\/sites\\\/default\\\/files\\\/csatpoteros2010.jpg\"},{\"@type\":\"BreadcrumbList\",\"@id\":\"https:\\\/\\\/iai.int\\\/es\\\/alimentos-de-las-profundidades\\\/#breadcrumb\",\"itemListElement\":[{\"@type\":\"ListItem\",\"position\":1,\"name\":\"Portada\",\"item\":\"https:\\\/\\\/iai.int\\\/es\\\/\"},{\"@type\":\"ListItem\",\"position\":2,\"name\":\"Alimentos de las profundidades\"}]},{\"@type\":\"WebSite\",\"@id\":\"https:\\\/\\\/iai.int\\\/es\\\/#website\",\"url\":\"https:\\\/\\\/iai.int\\\/es\\\/\",\"name\":\"IAI - Inter-American Institute for Global Change Research\",\"description\":\"\",\"publisher\":{\"@id\":\"https:\\\/\\\/iai.int\\\/es\\\/#organization\"},\"potentialAction\":[{\"@type\":\"SearchAction\",\"target\":{\"@type\":\"EntryPoint\",\"urlTemplate\":\"https:\\\/\\\/iai.int\\\/es\\\/?s={search_term_string}\"},\"query-input\":{\"@type\":\"PropertyValueSpecification\",\"valueRequired\":true,\"valueName\":\"search_term_string\"}}],\"inLanguage\":\"es\"},{\"@type\":\"Organization\",\"@id\":\"https:\\\/\\\/iai.int\\\/es\\\/#organization\",\"name\":\"IAI - Inter-American Institute for Global Change Research\",\"url\":\"https:\\\/\\\/iai.int\\\/es\\\/\",\"logo\":{\"@type\":\"ImageObject\",\"inLanguage\":\"es\",\"@id\":\"https:\\\/\\\/iai.int\\\/es\\\/#\\\/schema\\\/logo\\\/image\\\/\",\"url\":\"https:\\\/\\\/iai.int\\\/wp-content\\\/uploads\\\/2025\\\/11\\\/IAI-logo-English-scaled.png\",\"contentUrl\":\"https:\\\/\\\/iai.int\\\/wp-content\\\/uploads\\\/2025\\\/11\\\/IAI-logo-English-scaled.png\",\"width\":2560,\"height\":985,\"caption\":\"IAI - Inter-American Institute for Global Change Research\"},\"image\":{\"@id\":\"https:\\\/\\\/iai.int\\\/es\\\/#\\\/schema\\\/logo\\\/image\\\/\"}}]}<\/script>\n<!-- \/ Yoast SEO plugin. -->","yoast_head_json":{"title":"Alimentos de las profundidades - IAI - Inter-American Institute for Global Change Research","robots":{"index":"index","follow":"follow","max-snippet":"max-snippet:-1","max-image-preview":"max-image-preview:large","max-video-preview":"max-video-preview:-1"},"canonical":"https:\/\/iai.int\/es\/alimentos-de-las-profundidades\/","og_locale":"es_ES","og_type":"article","og_title":"Alimentos de las profundidades - IAI - Inter-American Institute for Global Change Research","og_description":"La surgencia en Patagonia: las corrientes oce\u00e1nicas determinan la productividad biol\u00f3gica. La imagen de la derecha fue construida por Valeria Falabella de Wildlife Conservation Society y el Proyecto Mar y Cielo, sobre la base de datos del Programa de Sat\u00e9lites Meteorol\u00f3gicos de Defensa de la Fuerza A\u00e9rea de Estados Unidos.Los datos fueron provistos por Chris [&hellip;]","og_url":"https:\/\/iai.int\/es\/alimentos-de-las-profundidades\/","og_site_name":"IAI - Inter-American Institute for Global Change Research","article_modified_time":"2025-02-13T01:44:04+00:00","og_image":[{"url":"https:\/\/iai.int\/admin\/site\/sites\/default\/files\/csatpoteros2010.jpg","type":"","width":"","height":""}],"twitter_card":"summary_large_image","twitter_misc":{"Tiempo de lectura":"6 minutos"},"schema":{"@context":"https:\/\/schema.org","@graph":[{"@type":"WebPage","@id":"https:\/\/iai.int\/es\/alimentos-de-las-profundidades\/","url":"https:\/\/iai.int\/es\/alimentos-de-las-profundidades\/","name":"Alimentos de las profundidades - IAI - Inter-American Institute for Global Change Research","isPartOf":{"@id":"https:\/\/iai.int\/es\/#website"},"primaryImageOfPage":{"@id":"https:\/\/iai.int\/es\/alimentos-de-las-profundidades\/#primaryimage"},"image":{"@id":"https:\/\/iai.int\/es\/alimentos-de-las-profundidades\/#primaryimage"},"thumbnailUrl":"https:\/\/iai.int\/admin\/site\/sites\/default\/files\/csatpoteros2010.jpg","datePublished":"2024-10-08T01:34:34+00:00","dateModified":"2025-02-13T01:44:04+00:00","breadcrumb":{"@id":"https:\/\/iai.int\/es\/alimentos-de-las-profundidades\/#breadcrumb"},"inLanguage":"es","potentialAction":[{"@type":"ReadAction","target":["https:\/\/iai.int\/es\/alimentos-de-las-profundidades\/"]}]},{"@type":"ImageObject","inLanguage":"es","@id":"https:\/\/iai.int\/es\/alimentos-de-las-profundidades\/#primaryimage","url":"https:\/\/iai.int\/admin\/site\/sites\/default\/files\/csatpoteros2010.jpg","contentUrl":"https:\/\/iai.int\/admin\/site\/sites\/default\/files\/csatpoteros2010.jpg"},{"@type":"BreadcrumbList","@id":"https:\/\/iai.int\/es\/alimentos-de-las-profundidades\/#breadcrumb","itemListElement":[{"@type":"ListItem","position":1,"name":"Portada","item":"https:\/\/iai.int\/es\/"},{"@type":"ListItem","position":2,"name":"Alimentos de las profundidades"}]},{"@type":"WebSite","@id":"https:\/\/iai.int\/es\/#website","url":"https:\/\/iai.int\/es\/","name":"IAI - Inter-American Institute for Global Change Research","description":"","publisher":{"@id":"https:\/\/iai.int\/es\/#organization"},"potentialAction":[{"@type":"SearchAction","target":{"@type":"EntryPoint","urlTemplate":"https:\/\/iai.int\/es\/?s={search_term_string}"},"query-input":{"@type":"PropertyValueSpecification","valueRequired":true,"valueName":"search_term_string"}}],"inLanguage":"es"},{"@type":"Organization","@id":"https:\/\/iai.int\/es\/#organization","name":"IAI - Inter-American Institute for Global Change Research","url":"https:\/\/iai.int\/es\/","logo":{"@type":"ImageObject","inLanguage":"es","@id":"https:\/\/iai.int\/es\/#\/schema\/logo\/image\/","url":"https:\/\/iai.int\/wp-content\/uploads\/2025\/11\/IAI-logo-English-scaled.png","contentUrl":"https:\/\/iai.int\/wp-content\/uploads\/2025\/11\/IAI-logo-English-scaled.png","width":2560,"height":985,"caption":"IAI - Inter-American Institute for Global Change Research"},"image":{"@id":"https:\/\/iai.int\/es\/#\/schema\/logo\/image\/"}}]}},"uagb_featured_image_src":{"full":false,"thumbnail":false,"medium":false,"medium_large":false,"large":false,"1536x1536":false,"2048x2048":false},"uagb_author_info":{"display_name":"admin","author_link":"https:\/\/iai.int\/es\/author\/admin\/"},"uagb_comment_info":0,"uagb_excerpt":"La surgencia en Patagonia: las corrientes oce\u00e1nicas determinan la productividad biol\u00f3gica. La imagen de la derecha fue construida por Valeria Falabella de Wildlife Conservation Society y el Proyecto Mar y Cielo, sobre la base de datos del Programa de Sat\u00e9lites Meteorol\u00f3gicos de Defensa de la Fuerza A\u00e9rea de Estados Unidos.Los datos fueron provistos por Chris&hellip;","_links":{"self":[{"href":"https:\/\/iai.int\/es\/wp-json\/wp\/v2\/pages\/1221","targetHints":{"allow":["GET"]}}],"collection":[{"href":"https:\/\/iai.int\/es\/wp-json\/wp\/v2\/pages"}],"about":[{"href":"https:\/\/iai.int\/es\/wp-json\/wp\/v2\/types\/page"}],"author":[{"embeddable":true,"href":"https:\/\/iai.int\/es\/wp-json\/wp\/v2\/users\/1"}],"replies":[{"embeddable":true,"href":"https:\/\/iai.int\/es\/wp-json\/wp\/v2\/comments?post=1221"}],"version-history":[{"count":1,"href":"https:\/\/iai.int\/es\/wp-json\/wp\/v2\/pages\/1221\/revisions"}],"predecessor-version":[{"id":1295,"href":"https:\/\/iai.int\/es\/wp-json\/wp\/v2\/pages\/1221\/revisions\/1295"}],"wp:attachment":[{"href":"https:\/\/iai.int\/es\/wp-json\/wp\/v2\/media?parent=1221"}],"curies":[{"name":"wp","href":"https:\/\/api.w.org\/{rel}","templated":true}]}}