{"id":1219,"date":"2024-10-07T22:25:27","date_gmt":"2024-10-08T01:25:27","guid":{"rendered":"https:\/\/iai.int\/?page_id=1219"},"modified":"2025-02-12T20:44:01","modified_gmt":"2025-02-13T01:44:01","slug":"un-futuro-mas-calido-con-huracanes-mas-intensos","status":"publish","type":"page","link":"https:\/\/iai.int\/es\/un-futuro-mas-calido-con-huracanes-mas-intensos\/","title":{"rendered":"\u00bfUn futuro m\u00e1s c\u00e1lido con huracanes m\u00e1s intensos?"},"content":{"rendered":"\n<h4 class=\"wp-block-heading\">La historia de los huracanes en el Caribe revela que los m\u00e1ximos en ocurrencia de ciclones en el medioevo rivalizan con los actuales<\/h4>\n\n\n\n<figure class=\"wp-block-image size-large\"><img decoding=\"async\" src=\"https:\/\/iai.int\/admin\/site\/sites\/default\/files\/Snapshot_donnelly_spanish.jpg\" alt=\"\"\/><\/figure>\n\n\n\n<p><em>El gr\u00e1fico muestra la cantidad anual de ciclones tropicales del Atl\u00e1ntico en los \u00faltimos 1,500 a\u00f1os. \u2028En rojo se indica el recuento real (observaciones directas) de huracanes desde 1850 d.C.. El recuento de los huracanes anteriores a esa fecha se basa en estimaciones de modelos estad\u00edsticos y en reconstrucciones de la actividad cicl\u00f3nica tropical, a partir de muestras sedimentarias.<\/em><\/p>\n\n\n\n<p>Las estimaciones del n\u00famero de huracanes para el per\u00edodo anterior a 1850 d.C. obtenidas con el modelo estad\u00edstico derivan de \u00edndices clim\u00e1ticos basados en datos proxy (500-1850 d.C.; verde). La cantidad anual de huracanes que tocaron tierra tambi\u00e9n se reconstruy\u00f3 a partir de registros sedimentarios del Atl\u00e1ntico Occidental (500-1991 d.C.; azul).<\/p>\n\n\n\n<p>Se aplicaron procedimientos estad\u00edsticos est\u00e1ndar; por ejemplo, el suavizado de las curvas para una mejor visualizaci\u00f3n de los datos en el gr\u00e1fico.<\/p>\n\n\n\n<p><em><strong>Los datos muestran que en la actualidad hay un m\u00e1ximo en la actividad de los huracanes (rojo), y un pico similar en la \u00e9poca medieval (900-1100 d.C.). El hecho de que este \u00faltimo aparezca tanto en las simulaciones del modelo (verde) como en las muestras de sedimentos (azul) sugiere que, ese m\u00e1ximo puede deberse a causas clim\u00e1ticas. A\u00fan no comprendemos de forma acabada todos los factores que afectan la din\u00e1mica de los huracanes, pero los registros muestran que temperaturas m\u00e1s altas de la superficie del Atl\u00e1ntico se asocian con una mayor cantidad de huracanes, y que el calentamiento global de la actualidad, tambi\u00e9n se manifiesta en los oc\u00e9anos.<\/strong><\/em><\/p>\n\n\n\n<p>Independientemente de que el incremento actual en la frecuencia de huracanes sea atribuible al cambio clim\u00e1tico o no, el mayor uso de las \u00e1reas costeras ha generado nuevas vulnerabilidades, por lo que deben tomarse medidas para prevenir mayores p\u00e9rdidas humanas y materiales.<\/p>\n\n\n\n<h4 class=\"wp-block-heading\">La historia<\/h4>\n\n\n\n<p>Mucha gente cree que el clima est\u00e1 empeorando. Eventos como las inundaciones en Nueva Orle\u00e1ns, ocurridas tras el hurac\u00e1n Katrina en 2005, en las que murieron m\u00e1s de 1300 personas, parecen respaldar esta idea. Pero, \u00bfes cierto? \u00bfRealmente ha aumentado la cantidad de huracanes y su intensidad? Para responder a esta pregunta, Jeffrey Donnelly de la Instituci\u00f3n Oceanogr\u00e1fica de Woods Hole y sus colegas de la Universidad Estatal de Pennsylvania, cient\u00edficos de un proyecto financiado por el IAI, compilaron un conjunto de datos sobre la actividad cicl\u00f3nica del Atl\u00e1ntico de los \u00faltimos 1.500 a\u00f1os.<\/p>\n\n\n\n<p>Su evidencia se basa en datos \u2018proxy\u2019. Eso significa que, como los huracanes pasados ya no pueden observarse directamente, se usaron estimaciones indirectas. Estas estimaciones pueden obtenerse de modelos clim\u00e1ticos estad\u00edsticos que utilizan datos proxy para variables clim\u00e1ticas como la temperatura del aire o del oc\u00e9ano; o pueden inferirse de los sedimentos que se depositan cuando los huracanes tocan tierra y el agua de mar inunda las albuferas o lagos costeros, fen\u00f3meno conocido como \u2018sobrelavado\u2019 (figura en esta p\u00e1gina). Este conjunto \u00fanico de datos abarca el Atl\u00e1ntico Occidental, desde Nueva Inglaterra hasta Puerto Rico.<\/p>\n\n\n\n<p>Los resultados, publicados en la revista cient\u00edfica Nature, sugieren que la actividad de los huracanes en \u2028el Atl\u00e1ntico alcanz\u00f3 un m\u00e1ximo durante la \u00e9poca medieval (alrededor de 900-1100 d.C.), para aplacarse notablemente despu\u00e9s del a\u00f1o 1500 d.C., y volver a incrementarse desde 1850, y en particular a partir de 1980. El pico del Medioevo rivaliza con los niveles recientes de actividad. El m\u00e1ximo medieval est\u00e1 asociado con un per\u00edodo en que las temperaturas de la superficie del mar (SSTs) en el Atl\u00e1ntico fueron m\u00e1s elevadas, mientras que el per\u00edodo de baja actividad coincide parcialmente con la Peque\u00f1a Edad de Hielo, que tuvo lugar entre \u2028los siglos XVI y XIX. Este estudio mejora la comprensi\u00f3n de los factores clim\u00e1ticos que rigen la actividad de \u2028los huracanes en el Atl\u00e1ntico, y podr\u00eda contribuir al pron\u00f3stico de riesgos.<\/p>\n\n\n\n<p><a href=\"https:\/\/iai.int\/admin\/site\/sites\/default\/files\/OverwashWork.jpg\" target=\"_blank\" rel=\"noreferrer noopener\"><\/a><em>La paleotempestolog\u00eda, ciencia de las tormentas pasadas, examina las albuferas ubicadas detr\u00e1s de las espigas de barrera arenosas en busca de evidencia de huracanes pasados.<\/em><\/p>\n\n\n\n<p><em>Cuando los huracanes tocan tierra, las altas olas causadas por la tormenta, pasan por encima de la barrera de arena, transport\u00e1ndola dentro de la albufera, formando lo que los ge\u00f3logos llaman abanicos de sobrelavado. Estos abanicos aparecen como capas de arena (vea las bandas blancas en el recuadro), que se distinguen del lodo org\u00e1nico fino que se acumula en condiciones normales. Estas capas pueden verse en los testigos de sedimentos y brindan informaci\u00f3n acerca de la cantidad e intensidad de las tormentas prehist\u00f3ricas (vea el art\u00edculo publicado por Kam-biu Liu en American Scientist).<\/em><\/p>\n\n\n\n<h4 class=\"wp-block-heading\">Lecturas adicionales<\/h4>\n\n\n\n<p>Mann, Michael E., J.D. Woodruff, J.P. Donnelly, \u2028and Z. Zhang (2010) Atlantic hurricanes and \u2028climate over the past 1500 years. Nature, \u2028Volume 460, pages 880-883.<\/p>\n\n\n\n<p>Liu, Kam-biu (2007) Uncovering prehistoric hurricane activity. American Scientist, Volume 95, pages 126-133.<\/p>\n\n\n\n<p>Las Instant\u00e1neas de la ciencia del cambio global tienen por objeto informar a las personas relacionadas con el IAI y al p\u00fablico interesado acerca de resultados importantes de investigaciones internacionales realizadas con el auspicio del Instituto.<br>Panel Editorial: Christopher Martius, Ione Anderson, Paula Richter, Holm Thiessen<br>Citar como: IAI (2010) Un futuro m\u00e1s c\u00e1lido, \u00bfhuracanes m\u00e1s fuertes? \u2028La historia de los huracanes en el Caribe revela que los m\u00e1ximos \u2028en ocurrencia de ciclones en el medioevo rivalizan con los actuales. \u2028Instant\u00e1neas de la Ciencia, 2. IAI, Brasil.<br><a href=\"http:\/\/www.lsu.edu\/rsgis\/crn\" target=\"_blank\" rel=\"noreferrer noopener\"><strong>P\u00e1gina web del Proyecto<\/strong><\/a>&nbsp;<br><strong><a href=\"https:\/\/iai.int\/es\/paleotempestologia-de-la-region-caribena-un-estudio-multi-proxy-de-la-variabilidad-espacial-y-temporal-de-la-actividad-de-los-huracanes-en-el-caribe-en-multiples-sitios-crn-2050\/\" data-type=\"page\" data-id=\"825\">CRN 2050<\/a><\/strong>&nbsp;del IAI<\/p>\n\n\n\n<p><a href=\"https:\/\/iai.int\/admin\/site\/sites\/default\/files\/Snapshot2_warmer_future_sp.pdf\" target=\"_blank\" rel=\"noreferrer noopener\"><strong>Bajar PDF<\/strong><\/a><br><a href=\"https:\/\/iai.int\/admin\/site\/sites\/default\/files\/Snapshot2_warmer_future.pdf\" target=\"_blank\" rel=\"noreferrer noopener\"><strong>Bajar PDF en ingl\u00e9s<\/strong><\/a><\/p>\n","protected":false},"excerpt":{"rendered":"<p>La historia de los huracanes en el Caribe revela que los m\u00e1ximos en ocurrencia de ciclones en el medioevo rivalizan con los actuales El gr\u00e1fico muestra la cantidad anual de ciclones tropicales del Atl\u00e1ntico en los \u00faltimos 1,500 a\u00f1os. \u2028En rojo se indica el recuento real (observaciones directas) de huracanes desde 1850 d.C.. El recuento [&hellip;]<\/p>\n","protected":false},"author":1,"featured_media":0,"parent":0,"menu_order":0,"comment_status":"closed","ping_status":"closed","template":"elementor_theme","meta":{"_acf_changed":false,"_uag_custom_page_level_css":"","footnotes":""},"class_list":["post-1219","page","type-page","status-publish","hentry"],"acf":[],"yoast_head":"<!-- This site is optimized with the Yoast SEO plugin v27.3 - https:\/\/yoast.com\/product\/yoast-seo-wordpress\/ -->\n<title>\u00bfUn futuro m\u00e1s c\u00e1lido con huracanes m\u00e1s intensos? - IAI - Inter-American Institute for Global Change Research<\/title>\n<meta name=\"robots\" content=\"index, follow, max-snippet:-1, max-image-preview:large, max-video-preview:-1\" \/>\n<link rel=\"canonical\" href=\"https:\/\/iai.int\/es\/un-futuro-mas-calido-con-huracanes-mas-intensos\/\" \/>\n<meta property=\"og:locale\" content=\"es_ES\" \/>\n<meta property=\"og:type\" content=\"article\" \/>\n<meta property=\"og:title\" content=\"\u00bfUn futuro m\u00e1s c\u00e1lido con huracanes m\u00e1s intensos? - IAI - Inter-American Institute for Global Change Research\" \/>\n<meta property=\"og:description\" content=\"La historia de los huracanes en el Caribe revela que los m\u00e1ximos en ocurrencia de ciclones en el medioevo rivalizan con los actuales El gr\u00e1fico muestra la cantidad anual de ciclones tropicales del Atl\u00e1ntico en los \u00faltimos 1,500 a\u00f1os. \u2028En rojo se indica el recuento real (observaciones directas) de huracanes desde 1850 d.C.. El recuento [&hellip;]\" \/>\n<meta property=\"og:url\" content=\"https:\/\/iai.int\/es\/un-futuro-mas-calido-con-huracanes-mas-intensos\/\" \/>\n<meta property=\"og:site_name\" content=\"IAI - Inter-American Institute for Global Change Research\" \/>\n<meta property=\"article:modified_time\" content=\"2025-02-13T01:44:01+00:00\" \/>\n<meta property=\"og:image\" content=\"https:\/\/iai.int\/admin\/site\/sites\/default\/files\/Snapshot_donnelly_spanish.jpg\" \/>\n<meta name=\"twitter:card\" content=\"summary_large_image\" \/>\n<meta name=\"twitter:label1\" content=\"Tiempo de lectura\" \/>\n\t<meta name=\"twitter:data1\" content=\"5 minutos\" \/>\n<script type=\"application\/ld+json\" class=\"yoast-schema-graph\">{\"@context\":\"https:\\\/\\\/schema.org\",\"@graph\":[{\"@type\":\"WebPage\",\"@id\":\"https:\\\/\\\/iai.int\\\/es\\\/un-futuro-mas-calido-con-huracanes-mas-intensos\\\/\",\"url\":\"https:\\\/\\\/iai.int\\\/es\\\/un-futuro-mas-calido-con-huracanes-mas-intensos\\\/\",\"name\":\"\u00bfUn futuro m\u00e1s c\u00e1lido con huracanes m\u00e1s intensos? - IAI - Inter-American Institute for Global Change Research\",\"isPartOf\":{\"@id\":\"https:\\\/\\\/iai.int\\\/es\\\/#website\"},\"primaryImageOfPage\":{\"@id\":\"https:\\\/\\\/iai.int\\\/es\\\/un-futuro-mas-calido-con-huracanes-mas-intensos\\\/#primaryimage\"},\"image\":{\"@id\":\"https:\\\/\\\/iai.int\\\/es\\\/un-futuro-mas-calido-con-huracanes-mas-intensos\\\/#primaryimage\"},\"thumbnailUrl\":\"https:\\\/\\\/iai.int\\\/admin\\\/site\\\/sites\\\/default\\\/files\\\/Snapshot_donnelly_spanish.jpg\",\"datePublished\":\"2024-10-08T01:25:27+00:00\",\"dateModified\":\"2025-02-13T01:44:01+00:00\",\"breadcrumb\":{\"@id\":\"https:\\\/\\\/iai.int\\\/es\\\/un-futuro-mas-calido-con-huracanes-mas-intensos\\\/#breadcrumb\"},\"inLanguage\":\"es\",\"potentialAction\":[{\"@type\":\"ReadAction\",\"target\":[\"https:\\\/\\\/iai.int\\\/es\\\/un-futuro-mas-calido-con-huracanes-mas-intensos\\\/\"]}]},{\"@type\":\"ImageObject\",\"inLanguage\":\"es\",\"@id\":\"https:\\\/\\\/iai.int\\\/es\\\/un-futuro-mas-calido-con-huracanes-mas-intensos\\\/#primaryimage\",\"url\":\"https:\\\/\\\/iai.int\\\/admin\\\/site\\\/sites\\\/default\\\/files\\\/Snapshot_donnelly_spanish.jpg\",\"contentUrl\":\"https:\\\/\\\/iai.int\\\/admin\\\/site\\\/sites\\\/default\\\/files\\\/Snapshot_donnelly_spanish.jpg\"},{\"@type\":\"BreadcrumbList\",\"@id\":\"https:\\\/\\\/iai.int\\\/es\\\/un-futuro-mas-calido-con-huracanes-mas-intensos\\\/#breadcrumb\",\"itemListElement\":[{\"@type\":\"ListItem\",\"position\":1,\"name\":\"Portada\",\"item\":\"https:\\\/\\\/iai.int\\\/es\\\/\"},{\"@type\":\"ListItem\",\"position\":2,\"name\":\"\u00bfUn futuro m\u00e1s c\u00e1lido con huracanes m\u00e1s intensos?\"}]},{\"@type\":\"WebSite\",\"@id\":\"https:\\\/\\\/iai.int\\\/es\\\/#website\",\"url\":\"https:\\\/\\\/iai.int\\\/es\\\/\",\"name\":\"IAI - Inter-American Institute for Global Change Research\",\"description\":\"\",\"publisher\":{\"@id\":\"https:\\\/\\\/iai.int\\\/es\\\/#organization\"},\"potentialAction\":[{\"@type\":\"SearchAction\",\"target\":{\"@type\":\"EntryPoint\",\"urlTemplate\":\"https:\\\/\\\/iai.int\\\/es\\\/?s={search_term_string}\"},\"query-input\":{\"@type\":\"PropertyValueSpecification\",\"valueRequired\":true,\"valueName\":\"search_term_string\"}}],\"inLanguage\":\"es\"},{\"@type\":\"Organization\",\"@id\":\"https:\\\/\\\/iai.int\\\/es\\\/#organization\",\"name\":\"IAI - Inter-American Institute for Global Change Research\",\"url\":\"https:\\\/\\\/iai.int\\\/es\\\/\",\"logo\":{\"@type\":\"ImageObject\",\"inLanguage\":\"es\",\"@id\":\"https:\\\/\\\/iai.int\\\/es\\\/#\\\/schema\\\/logo\\\/image\\\/\",\"url\":\"https:\\\/\\\/iai.int\\\/wp-content\\\/uploads\\\/2025\\\/11\\\/IAI-logo-English-scaled.png\",\"contentUrl\":\"https:\\\/\\\/iai.int\\\/wp-content\\\/uploads\\\/2025\\\/11\\\/IAI-logo-English-scaled.png\",\"width\":2560,\"height\":985,\"caption\":\"IAI - Inter-American Institute for Global Change Research\"},\"image\":{\"@id\":\"https:\\\/\\\/iai.int\\\/es\\\/#\\\/schema\\\/logo\\\/image\\\/\"}}]}<\/script>\n<!-- \/ Yoast SEO plugin. -->","yoast_head_json":{"title":"\u00bfUn futuro m\u00e1s c\u00e1lido con huracanes m\u00e1s intensos? - IAI - Inter-American Institute for Global Change Research","robots":{"index":"index","follow":"follow","max-snippet":"max-snippet:-1","max-image-preview":"max-image-preview:large","max-video-preview":"max-video-preview:-1"},"canonical":"https:\/\/iai.int\/es\/un-futuro-mas-calido-con-huracanes-mas-intensos\/","og_locale":"es_ES","og_type":"article","og_title":"\u00bfUn futuro m\u00e1s c\u00e1lido con huracanes m\u00e1s intensos? - IAI - Inter-American Institute for Global Change Research","og_description":"La historia de los huracanes en el Caribe revela que los m\u00e1ximos en ocurrencia de ciclones en el medioevo rivalizan con los actuales El gr\u00e1fico muestra la cantidad anual de ciclones tropicales del Atl\u00e1ntico en los \u00faltimos 1,500 a\u00f1os. \u2028En rojo se indica el recuento real (observaciones directas) de huracanes desde 1850 d.C.. El recuento [&hellip;]","og_url":"https:\/\/iai.int\/es\/un-futuro-mas-calido-con-huracanes-mas-intensos\/","og_site_name":"IAI - Inter-American Institute for Global Change Research","article_modified_time":"2025-02-13T01:44:01+00:00","og_image":[{"url":"https:\/\/iai.int\/admin\/site\/sites\/default\/files\/Snapshot_donnelly_spanish.jpg","type":"","width":"","height":""}],"twitter_card":"summary_large_image","twitter_misc":{"Tiempo de lectura":"5 minutos"},"schema":{"@context":"https:\/\/schema.org","@graph":[{"@type":"WebPage","@id":"https:\/\/iai.int\/es\/un-futuro-mas-calido-con-huracanes-mas-intensos\/","url":"https:\/\/iai.int\/es\/un-futuro-mas-calido-con-huracanes-mas-intensos\/","name":"\u00bfUn futuro m\u00e1s c\u00e1lido con huracanes m\u00e1s intensos? - IAI - Inter-American Institute for Global Change Research","isPartOf":{"@id":"https:\/\/iai.int\/es\/#website"},"primaryImageOfPage":{"@id":"https:\/\/iai.int\/es\/un-futuro-mas-calido-con-huracanes-mas-intensos\/#primaryimage"},"image":{"@id":"https:\/\/iai.int\/es\/un-futuro-mas-calido-con-huracanes-mas-intensos\/#primaryimage"},"thumbnailUrl":"https:\/\/iai.int\/admin\/site\/sites\/default\/files\/Snapshot_donnelly_spanish.jpg","datePublished":"2024-10-08T01:25:27+00:00","dateModified":"2025-02-13T01:44:01+00:00","breadcrumb":{"@id":"https:\/\/iai.int\/es\/un-futuro-mas-calido-con-huracanes-mas-intensos\/#breadcrumb"},"inLanguage":"es","potentialAction":[{"@type":"ReadAction","target":["https:\/\/iai.int\/es\/un-futuro-mas-calido-con-huracanes-mas-intensos\/"]}]},{"@type":"ImageObject","inLanguage":"es","@id":"https:\/\/iai.int\/es\/un-futuro-mas-calido-con-huracanes-mas-intensos\/#primaryimage","url":"https:\/\/iai.int\/admin\/site\/sites\/default\/files\/Snapshot_donnelly_spanish.jpg","contentUrl":"https:\/\/iai.int\/admin\/site\/sites\/default\/files\/Snapshot_donnelly_spanish.jpg"},{"@type":"BreadcrumbList","@id":"https:\/\/iai.int\/es\/un-futuro-mas-calido-con-huracanes-mas-intensos\/#breadcrumb","itemListElement":[{"@type":"ListItem","position":1,"name":"Portada","item":"https:\/\/iai.int\/es\/"},{"@type":"ListItem","position":2,"name":"\u00bfUn futuro m\u00e1s c\u00e1lido con huracanes m\u00e1s intensos?"}]},{"@type":"WebSite","@id":"https:\/\/iai.int\/es\/#website","url":"https:\/\/iai.int\/es\/","name":"IAI - Inter-American Institute for Global Change Research","description":"","publisher":{"@id":"https:\/\/iai.int\/es\/#organization"},"potentialAction":[{"@type":"SearchAction","target":{"@type":"EntryPoint","urlTemplate":"https:\/\/iai.int\/es\/?s={search_term_string}"},"query-input":{"@type":"PropertyValueSpecification","valueRequired":true,"valueName":"search_term_string"}}],"inLanguage":"es"},{"@type":"Organization","@id":"https:\/\/iai.int\/es\/#organization","name":"IAI - Inter-American Institute for Global Change Research","url":"https:\/\/iai.int\/es\/","logo":{"@type":"ImageObject","inLanguage":"es","@id":"https:\/\/iai.int\/es\/#\/schema\/logo\/image\/","url":"https:\/\/iai.int\/wp-content\/uploads\/2025\/11\/IAI-logo-English-scaled.png","contentUrl":"https:\/\/iai.int\/wp-content\/uploads\/2025\/11\/IAI-logo-English-scaled.png","width":2560,"height":985,"caption":"IAI - Inter-American Institute for Global Change Research"},"image":{"@id":"https:\/\/iai.int\/es\/#\/schema\/logo\/image\/"}}]}},"uagb_featured_image_src":{"full":false,"thumbnail":false,"medium":false,"medium_large":false,"large":false,"1536x1536":false,"2048x2048":false},"uagb_author_info":{"display_name":"admin","author_link":"https:\/\/iai.int\/es\/author\/admin\/"},"uagb_comment_info":0,"uagb_excerpt":"La historia de los huracanes en el Caribe revela que los m\u00e1ximos en ocurrencia de ciclones en el medioevo rivalizan con los actuales El gr\u00e1fico muestra la cantidad anual de ciclones tropicales del Atl\u00e1ntico en los \u00faltimos 1,500 a\u00f1os. \u2028En rojo se indica el recuento real (observaciones directas) de huracanes desde 1850 d.C.. El recuento&hellip;","_links":{"self":[{"href":"https:\/\/iai.int\/es\/wp-json\/wp\/v2\/pages\/1219","targetHints":{"allow":["GET"]}}],"collection":[{"href":"https:\/\/iai.int\/es\/wp-json\/wp\/v2\/pages"}],"about":[{"href":"https:\/\/iai.int\/es\/wp-json\/wp\/v2\/types\/page"}],"author":[{"embeddable":true,"href":"https:\/\/iai.int\/es\/wp-json\/wp\/v2\/users\/1"}],"replies":[{"embeddable":true,"href":"https:\/\/iai.int\/es\/wp-json\/wp\/v2\/comments?post=1219"}],"version-history":[{"count":2,"href":"https:\/\/iai.int\/es\/wp-json\/wp\/v2\/pages\/1219\/revisions"}],"predecessor-version":[{"id":1293,"href":"https:\/\/iai.int\/es\/wp-json\/wp\/v2\/pages\/1219\/revisions\/1293"}],"wp:attachment":[{"href":"https:\/\/iai.int\/es\/wp-json\/wp\/v2\/media?parent=1219"}],"curies":[{"name":"wp","href":"https:\/\/api.w.org\/{rel}","templated":true}]}}