{"id":1218,"date":"2024-10-07T22:21:33","date_gmt":"2024-10-08T01:21:33","guid":{"rendered":"https:\/\/iai.int\/?page_id=1218"},"modified":"2025-02-12T20:44:01","modified_gmt":"2025-02-13T01:44:01","slug":"cuanta-gente-vive-en-las-zonas-costeras-vulnerables-de-ee-uu","status":"publish","type":"page","link":"https:\/\/iai.int\/es\/cuanta-gente-vive-en-las-zonas-costeras-vulnerables-de-ee-uu\/","title":{"rendered":"\u00bfCu\u00e1nta gente vive en las zonas costeras vulnerables de EE.UU.?"},"content":{"rendered":"\n<h5 class=\"wp-block-heading\">Con la cabeza fuera del agua:<br>\u00bfCu\u00e1nta gente vive en las zonas costeras vulnerables de Estados Unidos?<\/h5>\n\n\n\n<figure class=\"wp-block-image size-large\"><img decoding=\"async\" src=\"https:\/\/iai.int\/admin\/site\/sites\/default\/files\/snap3_pop_map.jpg\" alt=\"\"\/><\/figure>\n\n\n\n<p><br>Por primera vez, un mapa muestra la cantidad de habitantes de los estados costeros de EE.UU. que viven en \u00e1reas ubicadas por debajo de los 3 metros (\u00e1reas rojas) o de los 6 metros (\u00e1reas amarillas) sobre el nivel del mar. La tabla en la p\u00e1gina siguiente indica, para cada estado, la poblaci\u00f3n que vive en zonas de hasta 3 metros sobre el nivel del mar o, en su defecto, dentro de la franja de 1 km desde la costa. Los nombres de los estados se encuentran abreviados. Los valores totales para los 23 estados costeros de EE.UU. se presentan al final de la tabla.<\/p>\n\n\n\n<p><em><strong>Esta informaci\u00f3n detallada puede utilizarse ahora para desarrollar estrategias de mitigaci\u00f3n y prevenci\u00f3n de mayor impacto para el planeamiento y el manejo de desastres en \u00e1reas costeras. Concentr\u00e1ndose en los estados con una gran parte de personas vulnerables como Florida, Louisiana y Nueva York brindar\u00eda protecci\u00f3n a la mayor cantidad de gente. Y los estados cuyas poblaciones totales son reducidas, pero que tienen una gran proporci\u00f3n de personas vulnerables, como el distrito de Columbia, Rhode Island, Maine y Delaware, podr\u00edan dar prioridad a la prevenci\u00f3n de desastres costeros, sobre otras actividades de defensa civil.<\/strong><\/em><\/p>\n\n\n\n<p>La misma metodolog\u00eda puede aplicarse en el resto del mundo para estimar la poblaci\u00f3n costera m\u00e1s vulnerable al cambio clim\u00e1tico global. Actualmente, el grupo de la Universidad Estatal de Louisiana la est\u00e1 adaptando para aplicarla en el Caribe.<\/p>\n\n\n\n<figure class=\"wp-block-image size-large\"><img decoding=\"async\" src=\"https:\/\/iai.int\/admin\/site\/sites\/default\/files\/snap3_population_es.jpg\" alt=\"\"\/><\/figure>\n\n\n\n<p><br>\u00bfCu\u00e1nta gente vive a menos de 1 km del mar, en cualquier regi\u00f3n costera? \u00bfy en zonas m\u00e1s bajas que tres metros sobre el nivel del mar? Se trata de un interrogante cr\u00edtico si se quiere estimar los impactos del cambio clim\u00e1tico en \u00e1reas costeras vulnerables al aumento del nivel del mar o a tormentas m\u00e1s frecuentes e intensas. Sorprendentemente, no se contaba con respuestas confiables para EE.UU. y muchas otras partes del mundo.<\/p>\n\n\n\n<p>La mayor cantidad de los habitantes de Florida vive en \u00e1reas ubicadas por debajo de los 3 metros (5,9 millones de personas; 32,5%), seguido por Louisiana (1,2 millones de personas; 27,6%) y Nueva York (1,0 mill\u00f3n de personas; 5,4%). En algunos estados, m\u00e1s del 20 % de la poblaci\u00f3n vive a menos de 1 km de la costa, por ejemplo, Rhode Island, Maine, Florida y Delaware y el Distrito de Columbia. Estos ser\u00e1n potencialmente los m\u00e1s afectados por las tormentas y el ascenso del nivel del mar.<\/p>\n\n\n\n<p>Es muy probable que el nivel de los oc\u00e9anos aumente como consecuencia del calentamiento global. Las estimaciones m\u00e1s conservadoras del IPCC (2007) predicen un aumento de 18-59 cm del nivel del mar hasta 2100 (vea el informe del IPCC, 2007 y el estudio de Rahmstorf, 2007 en Science). La actividad cicl\u00f3nica ser\u00e1 elevada por mucho tiempo (ver Instant\u00e1nea de la Ciencia 2) lo que generar\u00e1 tormentas con olas mayores a lo largo de la costa; el \u2028agua de mar llegar\u00e1 m\u00e1s lejos tierra adentro. Las comunidades costeras son en consecuencia muy vulnerables al efecto combinado del aumento del nivel del mar y el incremento de la actividad cicl\u00f3nica.<br><a href=\"https:\/\/iai.int\/admin\/site\/sites\/default\/files\/snap3_population_es.jpg\" target=\"_blank\" rel=\"noreferrer noopener\"><\/a><br>En un trabajo reciente, Nina Lam y su grupo de investigaci\u00f3n del Departamento de Ciencias Ambientales \u2028de la Universidad Estatal de Louisiana, parte de una de las redes de investigaci\u00f3n del IAI, utilizaron un sistema de informaci\u00f3n geogr\u00e1fica(GIS) de vanguardia para desarrollar estimaciones en escala fina de la poblaci\u00f3n vulnerable a lo largo de la costa estadounidense, utilizando datos publicados, como los censos nacionales (2006) e informaci\u00f3n de la l\u00ednea costera de los 23 estados del Estados Unidos continental.<\/p>\n\n\n\n<p>Los resultados de la investigaci\u00f3n muestran que aproximadamente 19 millones de personas residen a menos de 1 km de la costa en los Estados Unidos continentales, es decir, el 10,0 % de la poblaci\u00f3n de los 23 estados costeros, o el 6,4% de la poblaci\u00f3n total de ese pa\u00eds. Alrededor de 11,6 millones viven en terrenos ubicados a menos de tres metros (6,1 % de la poblaci\u00f3n costera) y cerca de 6,3 millones (3,3% \u2028de la poblaci\u00f3n costera) cumplen con ambas condiciones (vivir a menos de 3 m de altura y menos de \u20281 km de la costa).<\/p>\n\n\n\n<h4 class=\"wp-block-heading\">Lectura adicional<\/h4>\n\n\n\n<p>Lam, N.S.N., Arenas, H., Li, Z., and Liu, K.B. 2009. An estimate of population impacted by climate change along the U.S. coast. Journal of Coastal Research, Special Issue 56: 1522-1526.<br>Rahmstorf. S. (2007): A Semi-Empirical Approach to Projecting Future Sea-Level Rise. Science 315: 368-370.<br>IPCC (2007): Climate Change 2007: Synthesis Report. Summary for Policymakers. http:\/\/www.ipcc.ch\/pdf\/assessment-report\/ar4\/syr\/ar4_syr_spm.pdf<\/p>\n\n\n\n<p><br>Las Instant\u00e1neas de la ciencia del Cambio Global tienen por objeto informar a las personas relacionadas con el IAI y al p\u00fablico acerca de resultados importantes de investigaciones internacionales realizadas con el auspicio del Instituto.<br>Panel Editorial: Christopher Martius, Ione Anderson, Paula Richter, Holm Thiessen<br>Dise\u00f1o: Shadi Ardalan<br>Citar como: IAI (2010): Con la cabeza fuera del agua. \u00bfCu\u00e1nta gente vive en las zonas costeras vulnerables de EE.UU.?, Instant\u00e1neas de la Ciencia 3<br>Investigaci\u00f3n financiada en&nbsp;<strong><a href=\"https:\/\/iai.int\/es\/paleotempestologia-de-la-region-caribena-un-estudio-multi-proxy-de-la-variabilidad-espacial-y-temporal-de-la-actividad-de-los-huracanes-en-el-caribe-en-multiples-sitios-crn-2050\/\" data-type=\"page\" data-id=\"825\">CRN 2050<\/a><\/strong>&nbsp;por IAI, NSF.<br><a href=\"https:\/\/iai.int\/admin\/site\/sites\/default\/files\/Snapshot3_heads_above_water_sp.pdf\" target=\"_blank\" rel=\"noreferrer noopener\"><strong>Bajar PDF<\/strong><\/a><br><a href=\"https:\/\/iai.int\/admin\/site\/sites\/default\/files\/Snapshot3_heads_above_water.pdf\" target=\"_blank\" rel=\"noreferrer noopener\"><strong>Bajar PDF en ingl\u00e9s<\/strong><\/a><\/p>\n","protected":false},"excerpt":{"rendered":"<p>Con la cabeza fuera del agua:\u00bfCu\u00e1nta gente vive en las zonas costeras vulnerables de Estados Unidos? Por primera vez, un mapa muestra la cantidad de habitantes de los estados costeros de EE.UU. que viven en \u00e1reas ubicadas por debajo de los 3 metros (\u00e1reas rojas) o de los 6 metros (\u00e1reas amarillas) sobre el nivel [&hellip;]<\/p>\n","protected":false},"author":1,"featured_media":0,"parent":0,"menu_order":0,"comment_status":"closed","ping_status":"closed","template":"elementor_theme","meta":{"_acf_changed":false,"_uag_custom_page_level_css":"","footnotes":""},"class_list":["post-1218","page","type-page","status-publish","hentry"],"acf":[],"yoast_head":"<!-- This site is optimized with the Yoast SEO plugin v27.3 - https:\/\/yoast.com\/product\/yoast-seo-wordpress\/ -->\n<title>\u00bfCu\u00e1nta gente vive en las zonas costeras vulnerables de EE.UU.? - IAI - Inter-American Institute for Global Change Research<\/title>\n<meta name=\"robots\" content=\"index, follow, max-snippet:-1, max-image-preview:large, max-video-preview:-1\" \/>\n<link rel=\"canonical\" href=\"https:\/\/iai.int\/es\/cuanta-gente-vive-en-las-zonas-costeras-vulnerables-de-ee-uu\/\" \/>\n<meta property=\"og:locale\" content=\"es_ES\" \/>\n<meta property=\"og:type\" content=\"article\" \/>\n<meta property=\"og:title\" content=\"\u00bfCu\u00e1nta gente vive en las zonas costeras vulnerables de EE.UU.? - IAI - Inter-American Institute for Global Change Research\" \/>\n<meta property=\"og:description\" content=\"Con la cabeza fuera del agua:\u00bfCu\u00e1nta gente vive en las zonas costeras vulnerables de Estados Unidos? Por primera vez, un mapa muestra la cantidad de habitantes de los estados costeros de EE.UU. que viven en \u00e1reas ubicadas por debajo de los 3 metros (\u00e1reas rojas) o de los 6 metros (\u00e1reas amarillas) sobre el nivel [&hellip;]\" \/>\n<meta property=\"og:url\" content=\"https:\/\/iai.int\/es\/cuanta-gente-vive-en-las-zonas-costeras-vulnerables-de-ee-uu\/\" \/>\n<meta property=\"og:site_name\" content=\"IAI - Inter-American Institute for Global Change Research\" \/>\n<meta property=\"article:modified_time\" content=\"2025-02-13T01:44:01+00:00\" \/>\n<meta property=\"og:image\" content=\"https:\/\/iai.int\/admin\/site\/sites\/default\/files\/snap3_pop_map.jpg\" \/>\n<meta name=\"twitter:card\" content=\"summary_large_image\" \/>\n<meta name=\"twitter:label1\" content=\"Tiempo de lectura\" \/>\n\t<meta name=\"twitter:data1\" content=\"4 minutos\" \/>\n<script type=\"application\/ld+json\" class=\"yoast-schema-graph\">{\"@context\":\"https:\\\/\\\/schema.org\",\"@graph\":[{\"@type\":\"WebPage\",\"@id\":\"https:\\\/\\\/iai.int\\\/es\\\/cuanta-gente-vive-en-las-zonas-costeras-vulnerables-de-ee-uu\\\/\",\"url\":\"https:\\\/\\\/iai.int\\\/es\\\/cuanta-gente-vive-en-las-zonas-costeras-vulnerables-de-ee-uu\\\/\",\"name\":\"\u00bfCu\u00e1nta gente vive en las zonas costeras vulnerables de EE.UU.? - IAI - Inter-American Institute for Global Change Research\",\"isPartOf\":{\"@id\":\"https:\\\/\\\/iai.int\\\/es\\\/#website\"},\"primaryImageOfPage\":{\"@id\":\"https:\\\/\\\/iai.int\\\/es\\\/cuanta-gente-vive-en-las-zonas-costeras-vulnerables-de-ee-uu\\\/#primaryimage\"},\"image\":{\"@id\":\"https:\\\/\\\/iai.int\\\/es\\\/cuanta-gente-vive-en-las-zonas-costeras-vulnerables-de-ee-uu\\\/#primaryimage\"},\"thumbnailUrl\":\"https:\\\/\\\/iai.int\\\/admin\\\/site\\\/sites\\\/default\\\/files\\\/snap3_pop_map.jpg\",\"datePublished\":\"2024-10-08T01:21:33+00:00\",\"dateModified\":\"2025-02-13T01:44:01+00:00\",\"breadcrumb\":{\"@id\":\"https:\\\/\\\/iai.int\\\/es\\\/cuanta-gente-vive-en-las-zonas-costeras-vulnerables-de-ee-uu\\\/#breadcrumb\"},\"inLanguage\":\"es\",\"potentialAction\":[{\"@type\":\"ReadAction\",\"target\":[\"https:\\\/\\\/iai.int\\\/es\\\/cuanta-gente-vive-en-las-zonas-costeras-vulnerables-de-ee-uu\\\/\"]}]},{\"@type\":\"ImageObject\",\"inLanguage\":\"es\",\"@id\":\"https:\\\/\\\/iai.int\\\/es\\\/cuanta-gente-vive-en-las-zonas-costeras-vulnerables-de-ee-uu\\\/#primaryimage\",\"url\":\"https:\\\/\\\/iai.int\\\/admin\\\/site\\\/sites\\\/default\\\/files\\\/snap3_pop_map.jpg\",\"contentUrl\":\"https:\\\/\\\/iai.int\\\/admin\\\/site\\\/sites\\\/default\\\/files\\\/snap3_pop_map.jpg\"},{\"@type\":\"BreadcrumbList\",\"@id\":\"https:\\\/\\\/iai.int\\\/es\\\/cuanta-gente-vive-en-las-zonas-costeras-vulnerables-de-ee-uu\\\/#breadcrumb\",\"itemListElement\":[{\"@type\":\"ListItem\",\"position\":1,\"name\":\"Portada\",\"item\":\"https:\\\/\\\/iai.int\\\/es\\\/\"},{\"@type\":\"ListItem\",\"position\":2,\"name\":\"\u00bfCu\u00e1nta gente vive en las zonas costeras vulnerables de EE.UU.?\"}]},{\"@type\":\"WebSite\",\"@id\":\"https:\\\/\\\/iai.int\\\/es\\\/#website\",\"url\":\"https:\\\/\\\/iai.int\\\/es\\\/\",\"name\":\"IAI - Inter-American Institute for Global Change Research\",\"description\":\"\",\"publisher\":{\"@id\":\"https:\\\/\\\/iai.int\\\/es\\\/#organization\"},\"potentialAction\":[{\"@type\":\"SearchAction\",\"target\":{\"@type\":\"EntryPoint\",\"urlTemplate\":\"https:\\\/\\\/iai.int\\\/es\\\/?s={search_term_string}\"},\"query-input\":{\"@type\":\"PropertyValueSpecification\",\"valueRequired\":true,\"valueName\":\"search_term_string\"}}],\"inLanguage\":\"es\"},{\"@type\":\"Organization\",\"@id\":\"https:\\\/\\\/iai.int\\\/es\\\/#organization\",\"name\":\"IAI - Inter-American Institute for Global Change Research\",\"url\":\"https:\\\/\\\/iai.int\\\/es\\\/\",\"logo\":{\"@type\":\"ImageObject\",\"inLanguage\":\"es\",\"@id\":\"https:\\\/\\\/iai.int\\\/es\\\/#\\\/schema\\\/logo\\\/image\\\/\",\"url\":\"https:\\\/\\\/iai.int\\\/wp-content\\\/uploads\\\/2025\\\/11\\\/IAI-logo-English-scaled.png\",\"contentUrl\":\"https:\\\/\\\/iai.int\\\/wp-content\\\/uploads\\\/2025\\\/11\\\/IAI-logo-English-scaled.png\",\"width\":2560,\"height\":985,\"caption\":\"IAI - Inter-American Institute for Global Change Research\"},\"image\":{\"@id\":\"https:\\\/\\\/iai.int\\\/es\\\/#\\\/schema\\\/logo\\\/image\\\/\"}}]}<\/script>\n<!-- \/ Yoast SEO plugin. -->","yoast_head_json":{"title":"\u00bfCu\u00e1nta gente vive en las zonas costeras vulnerables de EE.UU.? - IAI - Inter-American Institute for Global Change Research","robots":{"index":"index","follow":"follow","max-snippet":"max-snippet:-1","max-image-preview":"max-image-preview:large","max-video-preview":"max-video-preview:-1"},"canonical":"https:\/\/iai.int\/es\/cuanta-gente-vive-en-las-zonas-costeras-vulnerables-de-ee-uu\/","og_locale":"es_ES","og_type":"article","og_title":"\u00bfCu\u00e1nta gente vive en las zonas costeras vulnerables de EE.UU.? - IAI - Inter-American Institute for Global Change Research","og_description":"Con la cabeza fuera del agua:\u00bfCu\u00e1nta gente vive en las zonas costeras vulnerables de Estados Unidos? Por primera vez, un mapa muestra la cantidad de habitantes de los estados costeros de EE.UU. que viven en \u00e1reas ubicadas por debajo de los 3 metros (\u00e1reas rojas) o de los 6 metros (\u00e1reas amarillas) sobre el nivel [&hellip;]","og_url":"https:\/\/iai.int\/es\/cuanta-gente-vive-en-las-zonas-costeras-vulnerables-de-ee-uu\/","og_site_name":"IAI - Inter-American Institute for Global Change Research","article_modified_time":"2025-02-13T01:44:01+00:00","og_image":[{"url":"https:\/\/iai.int\/admin\/site\/sites\/default\/files\/snap3_pop_map.jpg","type":"","width":"","height":""}],"twitter_card":"summary_large_image","twitter_misc":{"Tiempo de lectura":"4 minutos"},"schema":{"@context":"https:\/\/schema.org","@graph":[{"@type":"WebPage","@id":"https:\/\/iai.int\/es\/cuanta-gente-vive-en-las-zonas-costeras-vulnerables-de-ee-uu\/","url":"https:\/\/iai.int\/es\/cuanta-gente-vive-en-las-zonas-costeras-vulnerables-de-ee-uu\/","name":"\u00bfCu\u00e1nta gente vive en las zonas costeras vulnerables de EE.UU.? - IAI - Inter-American Institute for Global Change Research","isPartOf":{"@id":"https:\/\/iai.int\/es\/#website"},"primaryImageOfPage":{"@id":"https:\/\/iai.int\/es\/cuanta-gente-vive-en-las-zonas-costeras-vulnerables-de-ee-uu\/#primaryimage"},"image":{"@id":"https:\/\/iai.int\/es\/cuanta-gente-vive-en-las-zonas-costeras-vulnerables-de-ee-uu\/#primaryimage"},"thumbnailUrl":"https:\/\/iai.int\/admin\/site\/sites\/default\/files\/snap3_pop_map.jpg","datePublished":"2024-10-08T01:21:33+00:00","dateModified":"2025-02-13T01:44:01+00:00","breadcrumb":{"@id":"https:\/\/iai.int\/es\/cuanta-gente-vive-en-las-zonas-costeras-vulnerables-de-ee-uu\/#breadcrumb"},"inLanguage":"es","potentialAction":[{"@type":"ReadAction","target":["https:\/\/iai.int\/es\/cuanta-gente-vive-en-las-zonas-costeras-vulnerables-de-ee-uu\/"]}]},{"@type":"ImageObject","inLanguage":"es","@id":"https:\/\/iai.int\/es\/cuanta-gente-vive-en-las-zonas-costeras-vulnerables-de-ee-uu\/#primaryimage","url":"https:\/\/iai.int\/admin\/site\/sites\/default\/files\/snap3_pop_map.jpg","contentUrl":"https:\/\/iai.int\/admin\/site\/sites\/default\/files\/snap3_pop_map.jpg"},{"@type":"BreadcrumbList","@id":"https:\/\/iai.int\/es\/cuanta-gente-vive-en-las-zonas-costeras-vulnerables-de-ee-uu\/#breadcrumb","itemListElement":[{"@type":"ListItem","position":1,"name":"Portada","item":"https:\/\/iai.int\/es\/"},{"@type":"ListItem","position":2,"name":"\u00bfCu\u00e1nta gente vive en las zonas costeras vulnerables de EE.UU.?"}]},{"@type":"WebSite","@id":"https:\/\/iai.int\/es\/#website","url":"https:\/\/iai.int\/es\/","name":"IAI - Inter-American Institute for Global Change Research","description":"","publisher":{"@id":"https:\/\/iai.int\/es\/#organization"},"potentialAction":[{"@type":"SearchAction","target":{"@type":"EntryPoint","urlTemplate":"https:\/\/iai.int\/es\/?s={search_term_string}"},"query-input":{"@type":"PropertyValueSpecification","valueRequired":true,"valueName":"search_term_string"}}],"inLanguage":"es"},{"@type":"Organization","@id":"https:\/\/iai.int\/es\/#organization","name":"IAI - Inter-American Institute for Global Change Research","url":"https:\/\/iai.int\/es\/","logo":{"@type":"ImageObject","inLanguage":"es","@id":"https:\/\/iai.int\/es\/#\/schema\/logo\/image\/","url":"https:\/\/iai.int\/wp-content\/uploads\/2025\/11\/IAI-logo-English-scaled.png","contentUrl":"https:\/\/iai.int\/wp-content\/uploads\/2025\/11\/IAI-logo-English-scaled.png","width":2560,"height":985,"caption":"IAI - Inter-American Institute for Global Change Research"},"image":{"@id":"https:\/\/iai.int\/es\/#\/schema\/logo\/image\/"}}]}},"uagb_featured_image_src":{"full":false,"thumbnail":false,"medium":false,"medium_large":false,"large":false,"1536x1536":false,"2048x2048":false},"uagb_author_info":{"display_name":"admin","author_link":"https:\/\/iai.int\/es\/author\/admin\/"},"uagb_comment_info":0,"uagb_excerpt":"Con la cabeza fuera del agua:\u00bfCu\u00e1nta gente vive en las zonas costeras vulnerables de Estados Unidos? Por primera vez, un mapa muestra la cantidad de habitantes de los estados costeros de EE.UU. que viven en \u00e1reas ubicadas por debajo de los 3 metros (\u00e1reas rojas) o de los 6 metros (\u00e1reas amarillas) sobre el nivel&hellip;","_links":{"self":[{"href":"https:\/\/iai.int\/es\/wp-json\/wp\/v2\/pages\/1218","targetHints":{"allow":["GET"]}}],"collection":[{"href":"https:\/\/iai.int\/es\/wp-json\/wp\/v2\/pages"}],"about":[{"href":"https:\/\/iai.int\/es\/wp-json\/wp\/v2\/types\/page"}],"author":[{"embeddable":true,"href":"https:\/\/iai.int\/es\/wp-json\/wp\/v2\/users\/1"}],"replies":[{"embeddable":true,"href":"https:\/\/iai.int\/es\/wp-json\/wp\/v2\/comments?post=1218"}],"version-history":[{"count":2,"href":"https:\/\/iai.int\/es\/wp-json\/wp\/v2\/pages\/1218\/revisions"}],"predecessor-version":[{"id":1291,"href":"https:\/\/iai.int\/es\/wp-json\/wp\/v2\/pages\/1218\/revisions\/1291"}],"wp:attachment":[{"href":"https:\/\/iai.int\/es\/wp-json\/wp\/v2\/media?parent=1218"}],"curies":[{"name":"wp","href":"https:\/\/api.w.org\/{rel}","templated":true}]}}