{"id":1215,"date":"2024-10-07T22:06:25","date_gmt":"2024-10-08T01:06:25","guid":{"rendered":"https:\/\/iai.int\/?page_id=1215"},"modified":"2024-10-07T22:06:48","modified_gmt":"2024-10-08T01:06:48","slug":"la-temperatura-de-la-superficie-del-oceano-pacifico-afecta-la-capa-de-nieve-de-los-andes-y-el-aporte-de-agua-a-las-regiones-semiaridas-del-centro-de-chile-y-argentina","status":"publish","type":"page","link":"https:\/\/iai.int\/es\/la-temperatura-de-la-superficie-del-oceano-pacifico-afecta-la-capa-de-nieve-de-los-andes-y-el-aporte-de-agua-a-las-regiones-semiaridas-del-centro-de-chile-y-argentina\/","title":{"rendered":"La temperatura de la superficie del Oc\u00e9ano Pac\u00edfico afecta la capa de nieve de los Andes y el aporte de agua a las regiones semi\u00e1ridas del centro de Chile y Argentina"},"content":{"rendered":"\n<p><\/p>\n\n\n\n<p>La temperatura de la superficie del Oc\u00e9ano Pac\u00edfico afecta la capa de nieve de los Andes y el aporte de agua a las regiones semi\u00e1ridas del centro de Chile y Argentina<\/p>\n\n\n\n<figure class=\"wp-block-image\"><a href=\"https:\/\/iai.int\/admin\/site\/sites\/default\/files\/Snap10.jpg\" target=\"_blank\" rel=\"noreferrer noopener\"><img decoding=\"async\" src=\"https:\/\/iai.int\/admin\/site\/sites\/default\/files\/uploads\/2014\/06\/Snap10_sp.jpg\" alt=\"Snap10_sp\"\/><\/a><\/figure>\n\n\n\n<p>El gr\u00e1fico muestra la capa de nieve invernal (l\u00ednea roja) y los caudales fluviales (l\u00ednea azul) en los Andes de Chile y Argentina entre 30 y 37\u00b0 S, medidos en las estaciones indicadas en el mapa de la izquierda. En los a\u00f1os El Ni\u00f1o (tri\u00e1ngulos morados) la cantidad de nieve y los caudales son altos, y lo contrario sucede en los a\u00f1os La Ni\u00f1a (tri\u00e1ngulos amarillos). La l\u00ednea verde muestra los caudales medios para los per\u00edodos 1910-1944, 1945-1976 y 1977-2010. Los cambios en el caudal promedio coinciden con los de la Oscilaci\u00f3n Decenal del Pac\u00edfico (por sus siglas en ingl\u00e9s PDO, gr\u00e1fico inferior), en las d\u00e9cadas 1940 y 70.<\/p>\n\n\n\n<p><strong>La cobertura de nieve de los Andes es el recurso h\u00eddrico m\u00e1s importante para las regiones semi\u00e1ridas de Chile central y el centro-oeste de Argentina. Para gestionar el agua en las tierras bajas, es cr\u00edtico comprender la variabilidad y factores que controlan la cantidad de nieve en los Andes y los caudales resultantes. Adem\u00e1s de la conocida influencia de El Ni\u00f1o-Oscilaci\u00f3n del Sur (ENOS), mostramos una relaci\u00f3n con los cambios de baja frecuencia de la Oscilaci\u00f3n Decenal del Pac\u00edfico (PDO), aunque es necesario investigar esta relaci\u00f3n con m\u00e1s detalle. El conocimiento de la compleja interrelaci\u00f3n entre el ENOS y las variaciones clim\u00e1ticas de baja frecuencia como la PDO es importante para evaluar la disponibilidad de agua en el futuro. La reconstrucci\u00f3n de las variaciones en los caudales o la capa de nieve basadas en anillos de \u00e1rboles y otros datos proxy podr\u00eda brindar una perspectiva de largo plazo acerca de los patrones de alta y baja frecuencia sobre los que se superponen las tendencias de calentamiento.<\/strong><\/p>\n\n\n\n<h3 class=\"wp-block-heading\">Instant\u00e1neas de la ciencia 10 \u2013 La historia<\/h3>\n\n\n\n<p>El deshielo en los Andes es la fuente m\u00e1s importante de agua para consumo hogare\u00f1o, la agricultura, la industria, la generaci\u00f3n de energ\u00eda hidroel\u00e9ctrica y los ecosistemas en las regiones semi\u00e1ridas del centro de Chile y el centro-oeste de Argentina. Mariano Masiokas y Ricardo Villalba de IANIGLA-CONICET, Argentina, y Brian Luckman de la Universidad de Western Ontario, Canad\u00e1, realizaron un an\u00e1lisis regional detallado de datos de m\u00e1xima acumulaci\u00f3n de nieve en invierno y caudales medios anuales: la estrecha relaci\u00f3n entre los promedios regionales de la cantidad de nieve (l\u00ednea roja) y los caudales (l\u00ednea azul) muestra que el derretimiento de la nieve constituye la principal fuente de agua para los r\u00edos a lo largo del a\u00f1o en esta parte de los Andes.<\/p>\n\n\n\n<p>La capa de nieve invernal y los caudales tienen relaci\u00f3n con los cambios de gran escala en la temperatura de la superficie del Oc\u00e9ano Pac\u00edfico asociados con ENOS y la PDO. Los a\u00f1os con mucha nieve y altos caudales coinciden con la ocurrencia de los eventos c\u00e1lidos El Ni\u00f1o en el Pac\u00edfico tropical (tri\u00e1ngulos morados arriba en el gr\u00e1fico). La mayor\u00eda, pero no todos, los a\u00f1os extremadamente secos ocurren durante los eventos fr\u00edos La Ni\u00f1a (tri\u00e1ngulos amarillos abajo); 1968, 1990 y 2004 son excepciones. Los fuertes cambios en la PDO sobre el Pac\u00edfico Norte a mediados de la d\u00e9cada de 1940 y en 1976-77 (l\u00ednea negra, gr\u00e1fico inferior) coinciden respectivamente con una disminuci\u00f3n del 27% (1945) y un aumento del 28% (1977) en los caudales fluviales anuales medios (l\u00ednea verde, gr\u00e1fico superior). La coincidencia de estos cambios con los patrones de los caudales sugiere que el comportamiento multidecenal de la PDO provoca variaciones hidrol\u00f3gicas de baja frecuencia en los Andes del centro de Chile y Argentina.<\/p>\n\n\n\n<p>Los valores m\u00e1s bajos de PDO observados a fines de la d\u00e9cada de 1990 no se corresponden con el registro de caudales de la regi\u00f3n. Esto podr\u00eda deberse a un aporte cada vez mayor del derretimiento de los glaciares, pero se necesitan datos glaciol\u00f3gicos, hidrol\u00f3gicos y meteorol\u00f3gicos m\u00e1s detallados. Investigaciones similares en Am\u00e9rica del Norte han encontrado que los patrones m\u00e1s extremos de precipitaci\u00f3n ocurren cuando la PDO y ENOS est\u00e1n en fase (Gershunov et al. 1999). As\u00ed, durante a\u00f1os El Ni\u00f1o y con una fase positiva de la PDO, la cantidad de nieve podr\u00eda ser particularmente grande. Aunque todav\u00eda resta explorar estas relaciones para los Andes australes, ser\u00eda conveniente tomar en cuenta estas oscilaciones para mejorar los pron\u00f3sticos y el manejo de los recursos h\u00eddricos ante una escasez futura de agua en condiciones de cambio clim\u00e1tico y aumento de la Investigaciones demanda.<\/p>\n\n\n\n<h4 class=\"wp-block-heading\">Lectura adicional<\/h4>\n\n\n\n<p>Gershunov, A., Barnett, T. J. and Cayan D.R. (1999) North Pacific Interdecadal Oscillation Seen as Factor in ENSO-Related North American Climate Anomalies. EOS 80(3), 25-30.<br>Masiokas, M. H., R. Villalba, B. H. Luckman, C. Le Quesne, J.C. Aravena (2006) Snowpack variations in the Central Andes of Argentina and Chile, 1951-2005: Large-scale atmospheric influences and implications for water resources in the region. Journal of Climate, 19, 6334-6352.<br>Masiokas, M.H., R. Villalba, B.H. Luckman, S. Mauget (2010) Intra- to Multidecadal Variations of Snowpack and Streamflow Records in the Andes of Chile and Argentina between 30\u00b0 and 37\u00b0S. Journal of Hydrometeorology, 11 (3), 822-831.<\/p>\n\n\n\n<p>Las Instant\u00e1neas de la Ciencia tienen por objeto informar a las personas relacionadas con el IAI y al p\u00fablico interesado acerca de resultados importantes de investigaciones internacionales realizadas con el auspicio del Instituto.<br>Panel editorial: Paula Richter, Holm Tiessen, Ione Anderson<br>Dise\u00f1o: Shadi Ardalan<br>Citar como: IAI (2012): La temperatura de la superficie del Oc\u00e9ano Pac\u00edfico afecta la capa de nieve de los Andes y el aporte de agua a las regiones semi\u00e1ridas del centro de Chile y Argentina. Instant\u00e1neas de la Ciencia 10<br>Financiado por el IAI, NSF bajo\u00a0<a href=\"https:\/\/iai.int\/documentacion-comprension-y-proyeccion-de-cambios-en-el-ciclo-hidrologico-de-la-cordillera-americana-crn-2047\/\" data-type=\"page\" data-id=\"818\"><strong>CRN 2047<\/strong><\/a>.<\/p>\n\n\n\n<p><a href=\"https:\/\/iai.int\/admin\/site\/sites\/default\/files\/snapshot10_SP.pdf\" target=\"_blank\" rel=\"noreferrer noopener\"><strong>Bajar PDF<\/strong><\/a><br><a href=\"https:\/\/iai.int\/admin\/site\/sites\/default\/files\/snapshot10_EN.pdf\" target=\"_blank\" rel=\"noreferrer noopener\"><strong>Bajar PDF en ingl\u00e9s<\/strong><\/a><\/p>\n","protected":false},"excerpt":{"rendered":"<p>La temperatura de la superficie del Oc\u00e9ano Pac\u00edfico afecta la capa de nieve de los Andes y el aporte de agua a las regiones semi\u00e1ridas del centro de Chile y Argentina El gr\u00e1fico muestra la capa de nieve invernal (l\u00ednea roja) y los caudales fluviales (l\u00ednea azul) en los Andes de Chile y Argentina entre [&hellip;]<\/p>\n","protected":false},"author":1,"featured_media":0,"parent":0,"menu_order":0,"comment_status":"closed","ping_status":"closed","template":"","meta":{"_acf_changed":false,"_uag_custom_page_level_css":"","footnotes":""},"class_list":["post-1215","page","type-page","status-publish","hentry"],"acf":[],"yoast_head":"<!-- This site is optimized with the Yoast SEO plugin v27.3 - https:\/\/yoast.com\/product\/yoast-seo-wordpress\/ -->\n<title>La temperatura de la superficie del Oc\u00e9ano Pac\u00edfico afecta la capa de nieve de los Andes y el aporte de agua a las regiones semi\u00e1ridas del centro de Chile y Argentina - IAI - Inter-American Institute for Global Change Research<\/title>\n<meta name=\"robots\" content=\"index, follow, max-snippet:-1, max-image-preview:large, max-video-preview:-1\" \/>\n<link rel=\"canonical\" href=\"https:\/\/iai.int\/es\/la-temperatura-de-la-superficie-del-oceano-pacifico-afecta-la-capa-de-nieve-de-los-andes-y-el-aporte-de-agua-a-las-regiones-semiaridas-del-centro-de-chile-y-argentina\/\" \/>\n<meta property=\"og:locale\" content=\"es_ES\" \/>\n<meta property=\"og:type\" content=\"article\" \/>\n<meta property=\"og:title\" content=\"La temperatura de la superficie del Oc\u00e9ano Pac\u00edfico afecta la capa de nieve de los Andes y el aporte de agua a las regiones semi\u00e1ridas del centro de Chile y Argentina - IAI - Inter-American Institute for Global Change Research\" \/>\n<meta property=\"og:description\" content=\"La temperatura de la superficie del Oc\u00e9ano Pac\u00edfico afecta la capa de nieve de los Andes y el aporte de agua a las regiones semi\u00e1ridas del centro de Chile y Argentina El gr\u00e1fico muestra la capa de nieve invernal (l\u00ednea roja) y los caudales fluviales (l\u00ednea azul) en los Andes de Chile y Argentina entre [&hellip;]\" \/>\n<meta property=\"og:url\" content=\"https:\/\/iai.int\/es\/la-temperatura-de-la-superficie-del-oceano-pacifico-afecta-la-capa-de-nieve-de-los-andes-y-el-aporte-de-agua-a-las-regiones-semiaridas-del-centro-de-chile-y-argentina\/\" \/>\n<meta property=\"og:site_name\" content=\"IAI - Inter-American Institute for Global Change Research\" \/>\n<meta property=\"article:modified_time\" content=\"2024-10-08T01:06:48+00:00\" \/>\n<meta property=\"og:image\" content=\"https:\/\/iai.int\/admin\/site\/sites\/default\/files\/uploads\/2014\/06\/Snap10_sp.jpg\" \/>\n<meta name=\"twitter:card\" content=\"summary_large_image\" \/>\n<meta name=\"twitter:label1\" content=\"Tiempo de lectura\" \/>\n\t<meta name=\"twitter:data1\" content=\"5 minutos\" \/>\n<script type=\"application\/ld+json\" class=\"yoast-schema-graph\">{\"@context\":\"https:\\\/\\\/schema.org\",\"@graph\":[{\"@type\":\"WebPage\",\"@id\":\"https:\\\/\\\/iai.int\\\/es\\\/la-temperatura-de-la-superficie-del-oceano-pacifico-afecta-la-capa-de-nieve-de-los-andes-y-el-aporte-de-agua-a-las-regiones-semiaridas-del-centro-de-chile-y-argentina\\\/\",\"url\":\"https:\\\/\\\/iai.int\\\/es\\\/la-temperatura-de-la-superficie-del-oceano-pacifico-afecta-la-capa-de-nieve-de-los-andes-y-el-aporte-de-agua-a-las-regiones-semiaridas-del-centro-de-chile-y-argentina\\\/\",\"name\":\"La temperatura de la superficie del Oc\u00e9ano Pac\u00edfico afecta la capa de nieve de los Andes y el aporte de agua a las regiones semi\u00e1ridas del centro de Chile y Argentina - IAI - Inter-American Institute for Global Change Research\",\"isPartOf\":{\"@id\":\"https:\\\/\\\/iai.int\\\/es\\\/#website\"},\"primaryImageOfPage\":{\"@id\":\"https:\\\/\\\/iai.int\\\/es\\\/la-temperatura-de-la-superficie-del-oceano-pacifico-afecta-la-capa-de-nieve-de-los-andes-y-el-aporte-de-agua-a-las-regiones-semiaridas-del-centro-de-chile-y-argentina\\\/#primaryimage\"},\"image\":{\"@id\":\"https:\\\/\\\/iai.int\\\/es\\\/la-temperatura-de-la-superficie-del-oceano-pacifico-afecta-la-capa-de-nieve-de-los-andes-y-el-aporte-de-agua-a-las-regiones-semiaridas-del-centro-de-chile-y-argentina\\\/#primaryimage\"},\"thumbnailUrl\":\"https:\\\/\\\/iai.int\\\/admin\\\/site\\\/sites\\\/default\\\/files\\\/uploads\\\/2014\\\/06\\\/Snap10_sp.jpg\",\"datePublished\":\"2024-10-08T01:06:25+00:00\",\"dateModified\":\"2024-10-08T01:06:48+00:00\",\"breadcrumb\":{\"@id\":\"https:\\\/\\\/iai.int\\\/es\\\/la-temperatura-de-la-superficie-del-oceano-pacifico-afecta-la-capa-de-nieve-de-los-andes-y-el-aporte-de-agua-a-las-regiones-semiaridas-del-centro-de-chile-y-argentina\\\/#breadcrumb\"},\"inLanguage\":\"es\",\"potentialAction\":[{\"@type\":\"ReadAction\",\"target\":[\"https:\\\/\\\/iai.int\\\/es\\\/la-temperatura-de-la-superficie-del-oceano-pacifico-afecta-la-capa-de-nieve-de-los-andes-y-el-aporte-de-agua-a-las-regiones-semiaridas-del-centro-de-chile-y-argentina\\\/\"]}]},{\"@type\":\"ImageObject\",\"inLanguage\":\"es\",\"@id\":\"https:\\\/\\\/iai.int\\\/es\\\/la-temperatura-de-la-superficie-del-oceano-pacifico-afecta-la-capa-de-nieve-de-los-andes-y-el-aporte-de-agua-a-las-regiones-semiaridas-del-centro-de-chile-y-argentina\\\/#primaryimage\",\"url\":\"https:\\\/\\\/iai.int\\\/admin\\\/site\\\/sites\\\/default\\\/files\\\/uploads\\\/2014\\\/06\\\/Snap10_sp.jpg\",\"contentUrl\":\"https:\\\/\\\/iai.int\\\/admin\\\/site\\\/sites\\\/default\\\/files\\\/uploads\\\/2014\\\/06\\\/Snap10_sp.jpg\"},{\"@type\":\"BreadcrumbList\",\"@id\":\"https:\\\/\\\/iai.int\\\/es\\\/la-temperatura-de-la-superficie-del-oceano-pacifico-afecta-la-capa-de-nieve-de-los-andes-y-el-aporte-de-agua-a-las-regiones-semiaridas-del-centro-de-chile-y-argentina\\\/#breadcrumb\",\"itemListElement\":[{\"@type\":\"ListItem\",\"position\":1,\"name\":\"Portada\",\"item\":\"https:\\\/\\\/iai.int\\\/es\\\/\"},{\"@type\":\"ListItem\",\"position\":2,\"name\":\"La temperatura de la superficie del Oc\u00e9ano Pac\u00edfico afecta la capa de nieve de los Andes y el aporte de agua a las regiones semi\u00e1ridas del centro de Chile y Argentina\"}]},{\"@type\":\"WebSite\",\"@id\":\"https:\\\/\\\/iai.int\\\/es\\\/#website\",\"url\":\"https:\\\/\\\/iai.int\\\/es\\\/\",\"name\":\"IAI - Inter-American Institute for Global Change Research\",\"description\":\"\",\"publisher\":{\"@id\":\"https:\\\/\\\/iai.int\\\/es\\\/#organization\"},\"potentialAction\":[{\"@type\":\"SearchAction\",\"target\":{\"@type\":\"EntryPoint\",\"urlTemplate\":\"https:\\\/\\\/iai.int\\\/es\\\/?s={search_term_string}\"},\"query-input\":{\"@type\":\"PropertyValueSpecification\",\"valueRequired\":true,\"valueName\":\"search_term_string\"}}],\"inLanguage\":\"es\"},{\"@type\":\"Organization\",\"@id\":\"https:\\\/\\\/iai.int\\\/es\\\/#organization\",\"name\":\"IAI - Inter-American Institute for Global Change Research\",\"url\":\"https:\\\/\\\/iai.int\\\/es\\\/\",\"logo\":{\"@type\":\"ImageObject\",\"inLanguage\":\"es\",\"@id\":\"https:\\\/\\\/iai.int\\\/es\\\/#\\\/schema\\\/logo\\\/image\\\/\",\"url\":\"https:\\\/\\\/iai.int\\\/wp-content\\\/uploads\\\/2025\\\/11\\\/IAI-logo-English-scaled.png\",\"contentUrl\":\"https:\\\/\\\/iai.int\\\/wp-content\\\/uploads\\\/2025\\\/11\\\/IAI-logo-English-scaled.png\",\"width\":2560,\"height\":985,\"caption\":\"IAI - Inter-American Institute for Global Change Research\"},\"image\":{\"@id\":\"https:\\\/\\\/iai.int\\\/es\\\/#\\\/schema\\\/logo\\\/image\\\/\"}}]}<\/script>\n<!-- \/ Yoast SEO plugin. -->","yoast_head_json":{"title":"La temperatura de la superficie del Oc\u00e9ano Pac\u00edfico afecta la capa de nieve de los Andes y el aporte de agua a las regiones semi\u00e1ridas del centro de Chile y Argentina - IAI - Inter-American Institute for Global Change Research","robots":{"index":"index","follow":"follow","max-snippet":"max-snippet:-1","max-image-preview":"max-image-preview:large","max-video-preview":"max-video-preview:-1"},"canonical":"https:\/\/iai.int\/es\/la-temperatura-de-la-superficie-del-oceano-pacifico-afecta-la-capa-de-nieve-de-los-andes-y-el-aporte-de-agua-a-las-regiones-semiaridas-del-centro-de-chile-y-argentina\/","og_locale":"es_ES","og_type":"article","og_title":"La temperatura de la superficie del Oc\u00e9ano Pac\u00edfico afecta la capa de nieve de los Andes y el aporte de agua a las regiones semi\u00e1ridas del centro de Chile y Argentina - IAI - Inter-American Institute for Global Change Research","og_description":"La temperatura de la superficie del Oc\u00e9ano Pac\u00edfico afecta la capa de nieve de los Andes y el aporte de agua a las regiones semi\u00e1ridas del centro de Chile y Argentina El gr\u00e1fico muestra la capa de nieve invernal (l\u00ednea roja) y los caudales fluviales (l\u00ednea azul) en los Andes de Chile y Argentina entre [&hellip;]","og_url":"https:\/\/iai.int\/es\/la-temperatura-de-la-superficie-del-oceano-pacifico-afecta-la-capa-de-nieve-de-los-andes-y-el-aporte-de-agua-a-las-regiones-semiaridas-del-centro-de-chile-y-argentina\/","og_site_name":"IAI - Inter-American Institute for Global Change Research","article_modified_time":"2024-10-08T01:06:48+00:00","og_image":[{"url":"https:\/\/iai.int\/admin\/site\/sites\/default\/files\/uploads\/2014\/06\/Snap10_sp.jpg","type":"","width":"","height":""}],"twitter_card":"summary_large_image","twitter_misc":{"Tiempo de lectura":"5 minutos"},"schema":{"@context":"https:\/\/schema.org","@graph":[{"@type":"WebPage","@id":"https:\/\/iai.int\/es\/la-temperatura-de-la-superficie-del-oceano-pacifico-afecta-la-capa-de-nieve-de-los-andes-y-el-aporte-de-agua-a-las-regiones-semiaridas-del-centro-de-chile-y-argentina\/","url":"https:\/\/iai.int\/es\/la-temperatura-de-la-superficie-del-oceano-pacifico-afecta-la-capa-de-nieve-de-los-andes-y-el-aporte-de-agua-a-las-regiones-semiaridas-del-centro-de-chile-y-argentina\/","name":"La temperatura de la superficie del Oc\u00e9ano Pac\u00edfico afecta la capa de nieve de los Andes y el aporte de agua a las regiones semi\u00e1ridas del centro de Chile y Argentina - IAI - Inter-American Institute for Global Change Research","isPartOf":{"@id":"https:\/\/iai.int\/es\/#website"},"primaryImageOfPage":{"@id":"https:\/\/iai.int\/es\/la-temperatura-de-la-superficie-del-oceano-pacifico-afecta-la-capa-de-nieve-de-los-andes-y-el-aporte-de-agua-a-las-regiones-semiaridas-del-centro-de-chile-y-argentina\/#primaryimage"},"image":{"@id":"https:\/\/iai.int\/es\/la-temperatura-de-la-superficie-del-oceano-pacifico-afecta-la-capa-de-nieve-de-los-andes-y-el-aporte-de-agua-a-las-regiones-semiaridas-del-centro-de-chile-y-argentina\/#primaryimage"},"thumbnailUrl":"https:\/\/iai.int\/admin\/site\/sites\/default\/files\/uploads\/2014\/06\/Snap10_sp.jpg","datePublished":"2024-10-08T01:06:25+00:00","dateModified":"2024-10-08T01:06:48+00:00","breadcrumb":{"@id":"https:\/\/iai.int\/es\/la-temperatura-de-la-superficie-del-oceano-pacifico-afecta-la-capa-de-nieve-de-los-andes-y-el-aporte-de-agua-a-las-regiones-semiaridas-del-centro-de-chile-y-argentina\/#breadcrumb"},"inLanguage":"es","potentialAction":[{"@type":"ReadAction","target":["https:\/\/iai.int\/es\/la-temperatura-de-la-superficie-del-oceano-pacifico-afecta-la-capa-de-nieve-de-los-andes-y-el-aporte-de-agua-a-las-regiones-semiaridas-del-centro-de-chile-y-argentina\/"]}]},{"@type":"ImageObject","inLanguage":"es","@id":"https:\/\/iai.int\/es\/la-temperatura-de-la-superficie-del-oceano-pacifico-afecta-la-capa-de-nieve-de-los-andes-y-el-aporte-de-agua-a-las-regiones-semiaridas-del-centro-de-chile-y-argentina\/#primaryimage","url":"https:\/\/iai.int\/admin\/site\/sites\/default\/files\/uploads\/2014\/06\/Snap10_sp.jpg","contentUrl":"https:\/\/iai.int\/admin\/site\/sites\/default\/files\/uploads\/2014\/06\/Snap10_sp.jpg"},{"@type":"BreadcrumbList","@id":"https:\/\/iai.int\/es\/la-temperatura-de-la-superficie-del-oceano-pacifico-afecta-la-capa-de-nieve-de-los-andes-y-el-aporte-de-agua-a-las-regiones-semiaridas-del-centro-de-chile-y-argentina\/#breadcrumb","itemListElement":[{"@type":"ListItem","position":1,"name":"Portada","item":"https:\/\/iai.int\/es\/"},{"@type":"ListItem","position":2,"name":"La temperatura de la superficie del Oc\u00e9ano Pac\u00edfico afecta la capa de nieve de los Andes y el aporte de agua a las regiones semi\u00e1ridas del centro de Chile y Argentina"}]},{"@type":"WebSite","@id":"https:\/\/iai.int\/es\/#website","url":"https:\/\/iai.int\/es\/","name":"IAI - Inter-American Institute for Global Change Research","description":"","publisher":{"@id":"https:\/\/iai.int\/es\/#organization"},"potentialAction":[{"@type":"SearchAction","target":{"@type":"EntryPoint","urlTemplate":"https:\/\/iai.int\/es\/?s={search_term_string}"},"query-input":{"@type":"PropertyValueSpecification","valueRequired":true,"valueName":"search_term_string"}}],"inLanguage":"es"},{"@type":"Organization","@id":"https:\/\/iai.int\/es\/#organization","name":"IAI - Inter-American Institute for Global Change Research","url":"https:\/\/iai.int\/es\/","logo":{"@type":"ImageObject","inLanguage":"es","@id":"https:\/\/iai.int\/es\/#\/schema\/logo\/image\/","url":"https:\/\/iai.int\/wp-content\/uploads\/2025\/11\/IAI-logo-English-scaled.png","contentUrl":"https:\/\/iai.int\/wp-content\/uploads\/2025\/11\/IAI-logo-English-scaled.png","width":2560,"height":985,"caption":"IAI - Inter-American Institute for Global Change Research"},"image":{"@id":"https:\/\/iai.int\/es\/#\/schema\/logo\/image\/"}}]}},"uagb_featured_image_src":{"full":false,"thumbnail":false,"medium":false,"medium_large":false,"large":false,"1536x1536":false,"2048x2048":false},"uagb_author_info":{"display_name":"admin","author_link":"https:\/\/iai.int\/es\/author\/admin\/"},"uagb_comment_info":0,"uagb_excerpt":"La temperatura de la superficie del Oc\u00e9ano Pac\u00edfico afecta la capa de nieve de los Andes y el aporte de agua a las regiones semi\u00e1ridas del centro de Chile y Argentina El gr\u00e1fico muestra la capa de nieve invernal (l\u00ednea roja) y los caudales fluviales (l\u00ednea azul) en los Andes de Chile y Argentina entre&hellip;","_links":{"self":[{"href":"https:\/\/iai.int\/es\/wp-json\/wp\/v2\/pages\/1215","targetHints":{"allow":["GET"]}}],"collection":[{"href":"https:\/\/iai.int\/es\/wp-json\/wp\/v2\/pages"}],"about":[{"href":"https:\/\/iai.int\/es\/wp-json\/wp\/v2\/types\/page"}],"author":[{"embeddable":true,"href":"https:\/\/iai.int\/es\/wp-json\/wp\/v2\/users\/1"}],"replies":[{"embeddable":true,"href":"https:\/\/iai.int\/es\/wp-json\/wp\/v2\/comments?post=1215"}],"version-history":[{"count":2,"href":"https:\/\/iai.int\/es\/wp-json\/wp\/v2\/pages\/1215\/revisions"}],"predecessor-version":[{"id":1281,"href":"https:\/\/iai.int\/es\/wp-json\/wp\/v2\/pages\/1215\/revisions\/1281"}],"wp:attachment":[{"href":"https:\/\/iai.int\/es\/wp-json\/wp\/v2\/media?parent=1215"}],"curies":[{"name":"wp","href":"https:\/\/api.w.org\/{rel}","templated":true}]}}