{"id":1214,"date":"2024-10-07T22:02:42","date_gmt":"2024-10-08T01:02:42","guid":{"rendered":"https:\/\/iai.int\/?page_id=1214"},"modified":"2024-10-07T22:03:35","modified_gmt":"2024-10-08T01:03:35","slug":"los-anillos-de-crecimiento-de-arboles-relacionan-sequias-con-conflictos-sociales","status":"publish","type":"page","link":"https:\/\/iai.int\/es\/los-anillos-de-crecimiento-de-arboles-relacionan-sequias-con-conflictos-sociales\/","title":{"rendered":"Los anillos de crecimiento de \u00e1rboles relacionan sequ\u00edas con conflictos sociales"},"content":{"rendered":"\n<p><\/p>\n\n\n\n<figure class=\"wp-block-image\"><a href=\"https:\/\/iai.int\/admin\/site\/sites\/default\/files\/droughtvillagefinal1.jpg\" target=\"_blank\" rel=\"noreferrer noopener\"><img decoding=\"async\" src=\"https:\/\/iai.int\/admin\/site\/sites\/default\/files\/uploads\/2014\/06\/droughtvillagefinal_sp.jpg\" alt=\"droughtvillagefinal_sp\"\/><\/a><\/figure>\n\n\n\n<p>El gr\u00e1fico negro del \u00edndice de ancho de anillos muestra las variaciones anuales en los anillos de crecimiento de Polylepis tarapacana. En turquesa se indican los intervalos con sequ\u00edas persistentes. La l\u00ednea roja representa el promedio de 25 a\u00f1os del ancho de los anillos de los \u00e1rboles y muestra las tendencias de largo plazo de las lluvias. Los histogramas azules y verdes muestran las fechas probables de las dataciones radiocarb\u00f3nicas (p=95%) de carb\u00f3n de fogones dom\u00e9sticos y maderas de construcci\u00f3n hallados en asentamientos \u201cvulnerables\u201d y \u201cfortificados\u201d (Pukara) del Altiplano Boliviano. El recuadro de l\u00ednea segmentada negra se\u00f1ala el per\u00edodo de sequ\u00eda persistente (1316-1371) que coincide con la transici\u00f3n entre los asentamientos vulnerables y los fortificados.<\/p>\n\n\n\n<p><em><strong>En el Altiplano Boliviano, el ancho de los anillos de crecimiento de Polylepis tarapacana var\u00eda consistentemente con la precipitaci\u00f3n anual. Este descubrimiento permiti\u00f3 a los investigadores del IAI reconstruir la precipitaci\u00f3n hasta el a\u00f1o 1290. Usando los anillos de crecimiento como un indicador de la precipitaci\u00f3n se vio que durante el siglo XIV tuvo lugar una sequ\u00eda prolongada y severa. Las dataciones radiocarb\u00f3nicas de construcciones del Altiplano Boliviano muestran que la transici\u00f3n entre los poblados vulnerables y los fortificados coincidi\u00f3 con uno de los per\u00edodos m\u00e1s secos. Esto sugiere que las sequ\u00edas originaron conflictos sociales, por la escasez de agua para consumo e irrigaci\u00f3n.<\/strong><\/em><\/p>\n\n\n\n<p><em><strong>Aunque las sequ\u00edas del siglo XX no han sido tan severas como las del siglo XIV, el calentamiento en el Altiplano est\u00e1 reduciendo los glaciares, lo que altera la disponibilidad de agua. El cambio clim\u00e1tico y la creciente demanda h\u00eddrica por la expansi\u00f3n minera, las actividades agr\u00edcolas y el aumento de la poblaci\u00f3n incrementar\u00e1n el riesgo futuro de escasez de agua en el Altiplano. Es necesario anticipar estos cambios para reducir la vulnerabilidad y los potenciales conflictos, procurando distribuir el agua de forma equitativa.<\/strong><\/em><\/p>\n\n\n\n<h4 class=\"wp-block-heading\">Instant\u00e1neas de la ciencia II \u2013 La historia<\/h4>\n\n\n\n<p>La escasez de agua afecta las actividades humanas y reduce los servicios ecosist\u00e9micos vitales que esta brinda, lo que limita el desarrollo socioecon\u00f3mico. Las regiones tropicales altas, como los Andes tropicales, son particularmente vulnerables: desde la d\u00e9cada de 1950 el Altiplano ha sufrido un calentamiento persistente y una sostenida retracci\u00f3n de los glaciares sin precedentes. Estos cambios coinciden con una creciente demanda h\u00eddrica debida al crecimiento poblacional, la agricultura y la miner\u00eda.<\/p>\n\n\n\n<p><a href=\"https:\/\/iai.int\/admin\/site\/sites\/default\/files\/polylepis1.jpg\" target=\"_blank\" rel=\"noreferrer noopener\"><\/a>Para entender los efectos pasados del cambio clim\u00e1tico sobre las poblaciones humanas, los cient\u00edficos construyen registros paleoambientales que caracterizan, en una escala regional, las variaciones pasadas de la temperatura y las lluvias. Es el caso de los an\u00e1lisis de los anillos de crecimiento que ofrecen registros clim\u00e1ticos de resoluci\u00f3n anual, como Polylepis tarapacana, un \u00e1rbol peque\u00f1o que crece a 4.500-5.000 m en el Altiplano de Bolivia, Chile y Argentina.<\/p>\n\n\n\n<p><em>Polylepis tarapacana en el volc\u00e1n<br>Tata Sabaya a 4.600 m.<\/em><\/p>\n\n\n\n<p>Estudios del proyecto CRN 2047 del IAI realizados por Mariano Morales, Ricardo Villalba, Duncan Christie, Jaime Argollo, Claudia Soliz y otros muestran que el crecimiento de los anillos de Polylepis taracapana es altamente sensible a la precipitaci\u00f3n. Los muestreos de Polylepis tarapacana entre 17-23\u02daS permitieron al equipo desarrollar una cronolog\u00eda regional de 700 a\u00f1os para el Sur del Altiplano Boliviano. Este importante logro ha revelado una historia de sequ\u00edas severas: los anillos m\u00e1s angostos de la cronolog\u00eda regional (ver gr\u00e1fico p\u00e1gina anterior) representan una de las sequ\u00edas m\u00e1s prolongadas y severas del per\u00edodo reconstruido. Dicha sequ\u00eda sucedi\u00f3 a una \u00e9poca relativamente h\u00fameda y favorable para la agricultura durante fines del siglo XIII.<\/p>\n\n\n\n<p>Investigaciones arqueol\u00f3gicas recientes, dirigidas por Axel Nielsen (CONICET, Instituto Nacional de Antropolog\u00eda y Pensamiento Latinoamericano, Argentina), muestran que los poblados \u2018vulnerables\u2019 ubicados en sectores bajos fueron abandonados en el siglo XIV en favor de sitios fortificados y defendibles en las cumbres (Pukaras). Su hip\u00f3tesis propone que las sequ\u00edas persistentes desestabilizaron la econom\u00eda local, basada en la agricultura de secano y el pastoreo, lo que provoc\u00f3 la lucha entre comunidades vecinas por el acceso a las pocas tierras irrigadas y la consecuente necesidad de refugiarse en los Pukaras. El iniciado en 1316 es el per\u00edodo seco m\u00e1s prolongado de los \u00faltimos 700 a\u00f1os y coincide con el traslado de los poblados pre-incaicos desde los sitios vulnerables a los Pukaras. As\u00ed, la evidencia de los anillos de crecimiento respalda la hip\u00f3tesis arqueol\u00f3gica de Nielsen sobre los conflictos sociales por causas ambientales.<\/p>\n\n\n\n<p>Es probable que en el siglo XXI, el calentamiento clim\u00e1tico junto con la creciente demanda por agua incrementen la presi\u00f3n sobre los recursos h\u00eddricos del Altiplano y generen conflictos pol\u00edticos y econ\u00f3micos. Por lo tanto, los administradores de los recursos h\u00eddricos deben planificar y reducir estas vulnerabilidades para garantizar un suministro suficiente y equitativo de agua ante su escasez futura.<\/p>\n\n\n\n<h3 class=\"wp-block-heading\">Lectura adicional<\/h3>\n\n\n\n<p>Morales MS, Christie DA, Villalba R, Argollo J, Pacajes J, Silva JS, Alvarez CA, Llancabure JC, Soliz C. 2012. Precipitation changes in the South American Altiplano since 1300AD reconstructed by tree-rings. Climate of the Past: 8, 653\u2013666.<\/p>\n\n\n\n<p>Nielsen, A. E. 2002 Asentamientos, conflicto y cambio social en el Altiplano de L\u00edpez (Potos\u00ed, Bolivia). Revista Espa\u00f1ola de Antropolog\u00eda Americana 32:179-205. Madrid.<\/p>\n\n\n\n<p>Sol\u00edz C, Villalba R, Argollo J, Morales MS, Christie DA, Moya J, Pacajes J. 2009. Spatio-temporal variations in Polylepis tarapacana annual growth across the Bolivian Altiplano (17-23\u00b0S). Palaeogeography, Palaeoclimatology, Palaeoecology 281: 296-308.<\/p>\n\n\n\n<p><br>Las Instant\u00e1neas de la Ciencia tienen por objeto informar a las personas relacionadas con el IAI y al p\u00fablico interesado acerca de resultados importantes de investigaciones internacionales realizadas con el auspicio del Instituto.<br>Panel editorial: Paula Richter, Holm Tiessen, Ione Anderson<br>Dise\u00f1o: Shadi Ardalan<br>Citar como: IAI (2012): Los anillos de crecimiento de \u00e1rboles relacionan sequ\u00edas con conflictos sociales. Instant\u00e1neas de la ciencia II<br>Financiado por IAI, NSF bajo\u00a0<a href=\"https:\/\/iai.int\/documentacion-comprension-y-proyeccion-de-cambios-en-el-ciclo-hidrologico-de-la-cordillera-americana-crn-2047\/\" data-type=\"page\" data-id=\"818\"><strong>CRN 2047<\/strong><\/a><\/p>\n\n\n\n<p><a href=\"https:\/\/iai.int\/admin\/site\/sites\/default\/files\/snapshot11_SP.pdf\" target=\"_blank\" rel=\"noreferrer noopener\"><strong>Bajar PDF<\/strong><\/a><br><a href=\"https:\/\/iai.int\/admin\/site\/sites\/default\/files\/snapshot11_EN.pdf\" target=\"_blank\" rel=\"noreferrer noopener\"><strong>Bajar PDF en ingl\u00e9s<\/strong><\/a><\/p>\n\n\n\n<p><\/p>\n","protected":false},"excerpt":{"rendered":"<p>El gr\u00e1fico negro del \u00edndice de ancho de anillos muestra las variaciones anuales en los anillos de crecimiento de Polylepis tarapacana. En turquesa se indican los intervalos con sequ\u00edas persistentes. La l\u00ednea roja representa el promedio de 25 a\u00f1os del ancho de los anillos de los \u00e1rboles y muestra las tendencias de largo plazo de [&hellip;]<\/p>\n","protected":false},"author":1,"featured_media":0,"parent":0,"menu_order":0,"comment_status":"closed","ping_status":"closed","template":"","meta":{"_acf_changed":false,"_uag_custom_page_level_css":"","footnotes":""},"class_list":["post-1214","page","type-page","status-publish","hentry"],"acf":[],"yoast_head":"<!-- This site is optimized with the Yoast SEO plugin v27.3 - https:\/\/yoast.com\/product\/yoast-seo-wordpress\/ -->\n<title>Los anillos de crecimiento de \u00e1rboles relacionan sequ\u00edas con conflictos sociales - IAI - Inter-American Institute for Global Change Research<\/title>\n<meta name=\"robots\" content=\"index, follow, max-snippet:-1, max-image-preview:large, max-video-preview:-1\" \/>\n<link rel=\"canonical\" href=\"https:\/\/iai.int\/es\/los-anillos-de-crecimiento-de-arboles-relacionan-sequias-con-conflictos-sociales\/\" \/>\n<meta property=\"og:locale\" content=\"es_ES\" \/>\n<meta property=\"og:type\" content=\"article\" \/>\n<meta property=\"og:title\" content=\"Los anillos de crecimiento de \u00e1rboles relacionan sequ\u00edas con conflictos sociales - IAI - Inter-American Institute for Global Change Research\" \/>\n<meta property=\"og:description\" content=\"El gr\u00e1fico negro del \u00edndice de ancho de anillos muestra las variaciones anuales en los anillos de crecimiento de Polylepis tarapacana. En turquesa se indican los intervalos con sequ\u00edas persistentes. La l\u00ednea roja representa el promedio de 25 a\u00f1os del ancho de los anillos de los \u00e1rboles y muestra las tendencias de largo plazo de [&hellip;]\" \/>\n<meta property=\"og:url\" content=\"https:\/\/iai.int\/es\/los-anillos-de-crecimiento-de-arboles-relacionan-sequias-con-conflictos-sociales\/\" \/>\n<meta property=\"og:site_name\" content=\"IAI - Inter-American Institute for Global Change Research\" \/>\n<meta property=\"article:modified_time\" content=\"2024-10-08T01:03:35+00:00\" \/>\n<meta property=\"og:image\" content=\"https:\/\/iai.int\/admin\/site\/sites\/default\/files\/uploads\/2014\/06\/droughtvillagefinal_sp.jpg\" \/>\n<meta name=\"twitter:card\" content=\"summary_large_image\" \/>\n<meta name=\"twitter:label1\" content=\"Tiempo de lectura\" \/>\n\t<meta name=\"twitter:data1\" content=\"5 minutos\" \/>\n<script type=\"application\/ld+json\" class=\"yoast-schema-graph\">{\"@context\":\"https:\\\/\\\/schema.org\",\"@graph\":[{\"@type\":\"WebPage\",\"@id\":\"https:\\\/\\\/iai.int\\\/es\\\/los-anillos-de-crecimiento-de-arboles-relacionan-sequias-con-conflictos-sociales\\\/\",\"url\":\"https:\\\/\\\/iai.int\\\/es\\\/los-anillos-de-crecimiento-de-arboles-relacionan-sequias-con-conflictos-sociales\\\/\",\"name\":\"Los anillos de crecimiento de \u00e1rboles relacionan sequ\u00edas con conflictos sociales - IAI - Inter-American Institute for Global Change Research\",\"isPartOf\":{\"@id\":\"https:\\\/\\\/iai.int\\\/es\\\/#website\"},\"primaryImageOfPage\":{\"@id\":\"https:\\\/\\\/iai.int\\\/es\\\/los-anillos-de-crecimiento-de-arboles-relacionan-sequias-con-conflictos-sociales\\\/#primaryimage\"},\"image\":{\"@id\":\"https:\\\/\\\/iai.int\\\/es\\\/los-anillos-de-crecimiento-de-arboles-relacionan-sequias-con-conflictos-sociales\\\/#primaryimage\"},\"thumbnailUrl\":\"https:\\\/\\\/iai.int\\\/admin\\\/site\\\/sites\\\/default\\\/files\\\/uploads\\\/2014\\\/06\\\/droughtvillagefinal_sp.jpg\",\"datePublished\":\"2024-10-08T01:02:42+00:00\",\"dateModified\":\"2024-10-08T01:03:35+00:00\",\"breadcrumb\":{\"@id\":\"https:\\\/\\\/iai.int\\\/es\\\/los-anillos-de-crecimiento-de-arboles-relacionan-sequias-con-conflictos-sociales\\\/#breadcrumb\"},\"inLanguage\":\"es\",\"potentialAction\":[{\"@type\":\"ReadAction\",\"target\":[\"https:\\\/\\\/iai.int\\\/es\\\/los-anillos-de-crecimiento-de-arboles-relacionan-sequias-con-conflictos-sociales\\\/\"]}]},{\"@type\":\"ImageObject\",\"inLanguage\":\"es\",\"@id\":\"https:\\\/\\\/iai.int\\\/es\\\/los-anillos-de-crecimiento-de-arboles-relacionan-sequias-con-conflictos-sociales\\\/#primaryimage\",\"url\":\"https:\\\/\\\/iai.int\\\/admin\\\/site\\\/sites\\\/default\\\/files\\\/uploads\\\/2014\\\/06\\\/droughtvillagefinal_sp.jpg\",\"contentUrl\":\"https:\\\/\\\/iai.int\\\/admin\\\/site\\\/sites\\\/default\\\/files\\\/uploads\\\/2014\\\/06\\\/droughtvillagefinal_sp.jpg\"},{\"@type\":\"BreadcrumbList\",\"@id\":\"https:\\\/\\\/iai.int\\\/es\\\/los-anillos-de-crecimiento-de-arboles-relacionan-sequias-con-conflictos-sociales\\\/#breadcrumb\",\"itemListElement\":[{\"@type\":\"ListItem\",\"position\":1,\"name\":\"Portada\",\"item\":\"https:\\\/\\\/iai.int\\\/es\\\/\"},{\"@type\":\"ListItem\",\"position\":2,\"name\":\"Los anillos de crecimiento de \u00e1rboles relacionan sequ\u00edas con conflictos sociales\"}]},{\"@type\":\"WebSite\",\"@id\":\"https:\\\/\\\/iai.int\\\/es\\\/#website\",\"url\":\"https:\\\/\\\/iai.int\\\/es\\\/\",\"name\":\"IAI - Inter-American Institute for Global Change Research\",\"description\":\"\",\"publisher\":{\"@id\":\"https:\\\/\\\/iai.int\\\/es\\\/#organization\"},\"potentialAction\":[{\"@type\":\"SearchAction\",\"target\":{\"@type\":\"EntryPoint\",\"urlTemplate\":\"https:\\\/\\\/iai.int\\\/es\\\/?s={search_term_string}\"},\"query-input\":{\"@type\":\"PropertyValueSpecification\",\"valueRequired\":true,\"valueName\":\"search_term_string\"}}],\"inLanguage\":\"es\"},{\"@type\":\"Organization\",\"@id\":\"https:\\\/\\\/iai.int\\\/es\\\/#organization\",\"name\":\"IAI - Inter-American Institute for Global Change Research\",\"url\":\"https:\\\/\\\/iai.int\\\/es\\\/\",\"logo\":{\"@type\":\"ImageObject\",\"inLanguage\":\"es\",\"@id\":\"https:\\\/\\\/iai.int\\\/es\\\/#\\\/schema\\\/logo\\\/image\\\/\",\"url\":\"https:\\\/\\\/iai.int\\\/wp-content\\\/uploads\\\/2025\\\/11\\\/IAI-logo-English-scaled.png\",\"contentUrl\":\"https:\\\/\\\/iai.int\\\/wp-content\\\/uploads\\\/2025\\\/11\\\/IAI-logo-English-scaled.png\",\"width\":2560,\"height\":985,\"caption\":\"IAI - Inter-American Institute for Global Change Research\"},\"image\":{\"@id\":\"https:\\\/\\\/iai.int\\\/es\\\/#\\\/schema\\\/logo\\\/image\\\/\"}}]}<\/script>\n<!-- \/ Yoast SEO plugin. -->","yoast_head_json":{"title":"Los anillos de crecimiento de \u00e1rboles relacionan sequ\u00edas con conflictos sociales - IAI - Inter-American Institute for Global Change Research","robots":{"index":"index","follow":"follow","max-snippet":"max-snippet:-1","max-image-preview":"max-image-preview:large","max-video-preview":"max-video-preview:-1"},"canonical":"https:\/\/iai.int\/es\/los-anillos-de-crecimiento-de-arboles-relacionan-sequias-con-conflictos-sociales\/","og_locale":"es_ES","og_type":"article","og_title":"Los anillos de crecimiento de \u00e1rboles relacionan sequ\u00edas con conflictos sociales - IAI - Inter-American Institute for Global Change Research","og_description":"El gr\u00e1fico negro del \u00edndice de ancho de anillos muestra las variaciones anuales en los anillos de crecimiento de Polylepis tarapacana. En turquesa se indican los intervalos con sequ\u00edas persistentes. La l\u00ednea roja representa el promedio de 25 a\u00f1os del ancho de los anillos de los \u00e1rboles y muestra las tendencias de largo plazo de [&hellip;]","og_url":"https:\/\/iai.int\/es\/los-anillos-de-crecimiento-de-arboles-relacionan-sequias-con-conflictos-sociales\/","og_site_name":"IAI - Inter-American Institute for Global Change Research","article_modified_time":"2024-10-08T01:03:35+00:00","og_image":[{"url":"https:\/\/iai.int\/admin\/site\/sites\/default\/files\/uploads\/2014\/06\/droughtvillagefinal_sp.jpg","type":"","width":"","height":""}],"twitter_card":"summary_large_image","twitter_misc":{"Tiempo de lectura":"5 minutos"},"schema":{"@context":"https:\/\/schema.org","@graph":[{"@type":"WebPage","@id":"https:\/\/iai.int\/es\/los-anillos-de-crecimiento-de-arboles-relacionan-sequias-con-conflictos-sociales\/","url":"https:\/\/iai.int\/es\/los-anillos-de-crecimiento-de-arboles-relacionan-sequias-con-conflictos-sociales\/","name":"Los anillos de crecimiento de \u00e1rboles relacionan sequ\u00edas con conflictos sociales - IAI - Inter-American Institute for Global Change Research","isPartOf":{"@id":"https:\/\/iai.int\/es\/#website"},"primaryImageOfPage":{"@id":"https:\/\/iai.int\/es\/los-anillos-de-crecimiento-de-arboles-relacionan-sequias-con-conflictos-sociales\/#primaryimage"},"image":{"@id":"https:\/\/iai.int\/es\/los-anillos-de-crecimiento-de-arboles-relacionan-sequias-con-conflictos-sociales\/#primaryimage"},"thumbnailUrl":"https:\/\/iai.int\/admin\/site\/sites\/default\/files\/uploads\/2014\/06\/droughtvillagefinal_sp.jpg","datePublished":"2024-10-08T01:02:42+00:00","dateModified":"2024-10-08T01:03:35+00:00","breadcrumb":{"@id":"https:\/\/iai.int\/es\/los-anillos-de-crecimiento-de-arboles-relacionan-sequias-con-conflictos-sociales\/#breadcrumb"},"inLanguage":"es","potentialAction":[{"@type":"ReadAction","target":["https:\/\/iai.int\/es\/los-anillos-de-crecimiento-de-arboles-relacionan-sequias-con-conflictos-sociales\/"]}]},{"@type":"ImageObject","inLanguage":"es","@id":"https:\/\/iai.int\/es\/los-anillos-de-crecimiento-de-arboles-relacionan-sequias-con-conflictos-sociales\/#primaryimage","url":"https:\/\/iai.int\/admin\/site\/sites\/default\/files\/uploads\/2014\/06\/droughtvillagefinal_sp.jpg","contentUrl":"https:\/\/iai.int\/admin\/site\/sites\/default\/files\/uploads\/2014\/06\/droughtvillagefinal_sp.jpg"},{"@type":"BreadcrumbList","@id":"https:\/\/iai.int\/es\/los-anillos-de-crecimiento-de-arboles-relacionan-sequias-con-conflictos-sociales\/#breadcrumb","itemListElement":[{"@type":"ListItem","position":1,"name":"Portada","item":"https:\/\/iai.int\/es\/"},{"@type":"ListItem","position":2,"name":"Los anillos de crecimiento de \u00e1rboles relacionan sequ\u00edas con conflictos sociales"}]},{"@type":"WebSite","@id":"https:\/\/iai.int\/es\/#website","url":"https:\/\/iai.int\/es\/","name":"IAI - Inter-American Institute for Global Change Research","description":"","publisher":{"@id":"https:\/\/iai.int\/es\/#organization"},"potentialAction":[{"@type":"SearchAction","target":{"@type":"EntryPoint","urlTemplate":"https:\/\/iai.int\/es\/?s={search_term_string}"},"query-input":{"@type":"PropertyValueSpecification","valueRequired":true,"valueName":"search_term_string"}}],"inLanguage":"es"},{"@type":"Organization","@id":"https:\/\/iai.int\/es\/#organization","name":"IAI - Inter-American Institute for Global Change Research","url":"https:\/\/iai.int\/es\/","logo":{"@type":"ImageObject","inLanguage":"es","@id":"https:\/\/iai.int\/es\/#\/schema\/logo\/image\/","url":"https:\/\/iai.int\/wp-content\/uploads\/2025\/11\/IAI-logo-English-scaled.png","contentUrl":"https:\/\/iai.int\/wp-content\/uploads\/2025\/11\/IAI-logo-English-scaled.png","width":2560,"height":985,"caption":"IAI - Inter-American Institute for Global Change Research"},"image":{"@id":"https:\/\/iai.int\/es\/#\/schema\/logo\/image\/"}}]}},"uagb_featured_image_src":{"full":false,"thumbnail":false,"medium":false,"medium_large":false,"large":false,"1536x1536":false,"2048x2048":false},"uagb_author_info":{"display_name":"admin","author_link":"https:\/\/iai.int\/es\/author\/admin\/"},"uagb_comment_info":0,"uagb_excerpt":"El gr\u00e1fico negro del \u00edndice de ancho de anillos muestra las variaciones anuales en los anillos de crecimiento de Polylepis tarapacana. En turquesa se indican los intervalos con sequ\u00edas persistentes. La l\u00ednea roja representa el promedio de 25 a\u00f1os del ancho de los anillos de los \u00e1rboles y muestra las tendencias de largo plazo de&hellip;","_links":{"self":[{"href":"https:\/\/iai.int\/es\/wp-json\/wp\/v2\/pages\/1214","targetHints":{"allow":["GET"]}}],"collection":[{"href":"https:\/\/iai.int\/es\/wp-json\/wp\/v2\/pages"}],"about":[{"href":"https:\/\/iai.int\/es\/wp-json\/wp\/v2\/types\/page"}],"author":[{"embeddable":true,"href":"https:\/\/iai.int\/es\/wp-json\/wp\/v2\/users\/1"}],"replies":[{"embeddable":true,"href":"https:\/\/iai.int\/es\/wp-json\/wp\/v2\/comments?post=1214"}],"version-history":[{"count":2,"href":"https:\/\/iai.int\/es\/wp-json\/wp\/v2\/pages\/1214\/revisions"}],"predecessor-version":[{"id":1279,"href":"https:\/\/iai.int\/es\/wp-json\/wp\/v2\/pages\/1214\/revisions\/1279"}],"wp:attachment":[{"href":"https:\/\/iai.int\/es\/wp-json\/wp\/v2\/media?parent=1214"}],"curies":[{"name":"wp","href":"https:\/\/api.w.org\/{rel}","templated":true}]}}