{"id":1213,"date":"2024-10-07T21:58:51","date_gmt":"2024-10-08T00:58:51","guid":{"rendered":"https:\/\/iai.int\/?page_id=1213"},"modified":"2024-10-07T21:58:51","modified_gmt":"2024-10-08T00:58:51","slug":"ganancias-y-perdidas","status":"publish","type":"page","link":"https:\/\/iai.int\/es\/ganancias-y-perdidas\/","title":{"rendered":"Ganancias y p\u00e9rdidas"},"content":{"rendered":"\n<h4 class=\"wp-block-heading\">Ganancias y p\u00e9rdidas<\/h4>\n\n\n\n<p>Los bosques secos tropicales son vulnerables al cambio global.<\/p>\n\n\n\n<figure class=\"wp-block-image\"><a href=\"https:\/\/iai.int\/admin\/site\/sites\/default\/files\/MapaTDFtropidry_climatechangescenarios_eng_300-legends.jpg\" target=\"_blank\" rel=\"noreferrer noopener\"><img decoding=\"async\" src=\"https:\/\/iai.int\/admin\/site\/sites\/default\/files\/uploads\/2014\/06\/MapaTDFtropidry_climatechangescenarios_sp_600-copy-copy.jpg\" alt=\"MapaTDFtropidry_climatechangescenarios_sp_600-copy-copy\"\/><\/a><\/figure>\n\n\n\n<p>Este mapa muestra las tendencias en la productividad de los bosques secos tropicales de las Am\u00e9ricas entre 1982 y 2006, derivadas de im\u00e1genes satelitales. Los cambios en la productividad de estos ecosistemas en riesgo se manifiestan en variables fenol\u00f3gicas, como el comienzo de la producci\u00f3n de hojas y la duraci\u00f3n del per\u00edodo de crecimiento antes de la ca\u00edda de las hojas. Los resultados muestran que se ha incrementado la productividad de los bosques en los Llanos de Venezuela y Colombia, algunas ecorregiones del Norte de M\u00e9xico y la regi\u00f3n Chaque\u00f1a de Argentina y Bolivia, mientras que en otras regiones de M\u00e9xico y en la Caatinga brasile\u00f1a, su productividad est\u00e1 decreciendo. Es probable que ambas respuestas sean una reacci\u00f3n al calentamiento global, que altera el r\u00e9gimen de precipitaci\u00f3n y humedad y por ende, la productividad. (El mapa se basa en una serie temporal del indicador de vegetaci\u00f3n verde NDVI derivado de un sensor satelital (MODIS GIMMS AVHRR), procesado con TIMESAT, un software para modelar las etapas fenol\u00f3gicas y el an\u00e1lisis estad\u00edstico de tendencias de Mann-Kendall.)<\/p>\n\n\n\n<p><em><strong>De la superficie total original, s\u00f3lo queda el 40% de bosques secos tropicales en las Am\u00e9ricas. Pero en la actualidad solamente el 4,5 % de \u00e9stos (23.417 km2) est\u00e1 protegido en parques nacionales y reservas biol\u00f3gicas, mayormente ubicadas en Bolivia y Brasil. En otros pa\u00edses, que tienen grandes \u00e1reas de bosques secos amenazados, la protecci\u00f3n debe mejorarse. Los mapas ahora disponibles ayudan a comprender las tendencias en el crecimiento de los bosques, identificar las \u00e1reas m\u00e1s vulnerables y desarrollar respuestas regionalmente adaptadas.<br>Para preservar los bosques secos tropicales es necesario analizar los m\u00faltiples beneficios que brindan. Entre ellos se incluyen su notable biodiversidad y sus importantes servicios ecosist\u00e9micos. Adem\u00e1s de los parques, se necesitan otros esquemas de protecci\u00f3n como el pago a los propietarios de las tierras por evitar la deforestaci\u00f3n. Adem\u00e1s el manejo sustentable en los bosques secos tropicales debe contar con el apoyo de incentivos econ\u00f3micos y fiscales.<\/strong><\/em><\/p>\n\n\n\n<h3 class=\"wp-block-heading\">Instant\u00e1neas de la ciencia 8 \u2013 La historia<\/h3>\n\n\n\n<p>Los tr\u00f3picos son mucho m\u00e1s que \u2018solo\u2019 bosques lluviosos. Mientras los bosques lluviosos reciben gran atenci\u00f3n por ser ecosistemas amenazados, muchos bosques secos tropicales est\u00e1n mucho m\u00e1s amenazados. Sus caracter\u00edsticas de parque abierto han sido una invitaci\u00f3n a una amplia colonizaci\u00f3n. Se los ve como ecosistemas no esenciales que pueden ser transformados en tierras agr\u00edcolas sin costo ecol\u00f3gico. Esta actitud debe cambiar. Los bosques secos tropicales ocupan el 42% del \u00e1rea de los bosques tropicales del mundo. Tienen una biodiversidad similar a la de los bosques lluviosos, y adem\u00e1s regulan la hidrolog\u00eda y el clima as\u00ed como el almacenamiento de carbono.<\/p>\n\n\n\n<p>En las Am\u00e9ricas, los bosques secos tropicales se extienden sobre una superficie de 520.000 km2. La inclusi\u00f3n de los bosques en otros ambientes \u00e1ridos y semi\u00e1ridos y ecosistemas de sabana eleva la superficie total de los ecosistemas de bosques secos a cerca de 1.070.000 km2, cerca del 12 % del \u00e1rea de selva amaz\u00f3nica. M\u00e9xico tiene la mayor porci\u00f3n (38%) del \u00e1rea de los bosques secos neotropicales, con numerosas ecorregiones de bosques secos diferentes. Le siguen Bolivia y Brasil. Tiene importancia el tama\u00f1o de esos parches de bosque, ya que \u00e1reas contiguas mayores preservan mejor la integridad de los conjuntos de especies. Por otro lado, la gran fragmentaci\u00f3n de los bosques secos de Guatemala, Nicaragua, Ecuador, Costa Rica y Per\u00fa constituye un mayor riesgo de perturbaci\u00f3n y extinci\u00f3n.<\/p>\n\n\n\n<p>El equipo de investigadores del proyecto TROPI-DRY financiado por el IAI y dirigido por Arturo S\u00e1nchez-Azofeifa de la Universidad de Alberta, Canad\u00e1, estudi\u00f3 la duraci\u00f3n de la temporada de crecimiento y la productividad en los bosques secos tropicales. Utilizando series temporales del \u00cdndice de Diferencias Normalizadas de Vegetaci\u00f3n (NDVI, por sus siglas en ingl\u00e9s) basado en observaciones satelitales, detectaron tendencias estad\u00edsticamente significativas en tres variables fenol\u00f3gicas: la duraci\u00f3n de la estaci\u00f3n seca, la duraci\u00f3n de la temporada de crecimiento y la productividad total. Los resultados muestran una declinaci\u00f3n en la temporada de crecimiento y en la productividad en algunos bosques, que reduce la biomasa de los rodales, el almacenamiento de carbono y la retenci\u00f3n de agua. Esta tendencia puede relacionarse con el calentamiento global, y podr\u00eda conducir a una importante presi\u00f3n en los recursos h\u00eddricos para la agricultura y el turismo del noreste de Brasil y el sur de M\u00e9xico. Podr\u00eda tambi\u00e9n resultar en m\u00e1s incendios forestales, m\u00e1s desertificaci\u00f3n, p\u00e9rdida de h\u00e1bitat y migraci\u00f3n de especies. Si los cambios en la cobertura de la tierra tienen lugar sobre grandes superficies, podr\u00edan afectar el clima regional ya que se debilitar\u00edan los mecanismos de enfriamiento, como la evapotranspiraci\u00f3n y el albedo (reflectancia) de la vegetaci\u00f3n. Recientemente se han observado extensas sequ\u00edas, atribuidas a este efecto en las regiones de bosques secos tropicales de M\u00e9xico.<\/p>\n\n\n\n<p>En contraste, los bosques secos de Venezuela, Bolivia, Paraguay, Argentina y el norte de M\u00e9xico mostraron una temporada de crecimiento m\u00e1s prolongada y un aumento en la productividad. A primera vista, esto puede parecer positivo, pero los cient\u00edficos est\u00e1n preocupados porque una mayor productividad puede invitar a los usuarios a intensificar la agricultura y la deforestaci\u00f3n. Dichos cambios en el uso de la tierra podr\u00edan dar inicio a procesos de desertificaci\u00f3n, que resultar\u00edan en la expansi\u00f3n de especies de cactus y agave en \u00e1reas previamente cubiertas por bosques. La productividad ser\u00e1 un aspecto importante a ser considerado si se ponen en marcha los esquemas de REDD+ (acuerdos internacionales para Reducir las Emisiones de la Deforestaci\u00f3n y la Degradaci\u00f3n en Pa\u00edses en Desarrollo). Sin embargo, como los bosques secos tropicales brindan importantes servicios ecosist\u00e9micos, los beneficios de protegerlos van mucho m\u00e1s all\u00e1 de la captura de carbono. Para que la conservaci\u00f3n tenga \u00e9xito, deben armonizarse los m\u00faltiples usos de los bosques mediante esquemas de pago por servicios ambientales y un manejo sustentable de la tierra. Adem\u00e1s, el manejo de la tierra fuera de las reservas y parques debe ser m\u00e1s sustentable, para proteger, mantener y fortalecer el funcionamiento de los ecosistemas en todas esas \u00e1reas.<\/p>\n\n\n\n<h2 class=\"wp-block-heading\">Lectura adicional<\/h2>\n\n\n\n<p>Esp\u00edrito-Santo, M. M., A. C. Sevilha, F. C. Anaya y otros (2009). Sustainability of tropical dry forests: Two case studies in southeastern and central Brazil. Forest Ecology and Management. Vol. 258(6), p\u00e1gs. 922-930.<\/p>\n\n\n\n<p>Portillo-Quintero, C. A. y G. A. S\u00e1nchez-Azofeifa (2010). Extent and conservation of tropical dry forests in the Americas. Biological Conservation. Vol. 143(1), p\u00e1gs. 144-155.<\/p>\n\n\n\n<p>Quesada, M., G.A. Sanchez-Azofeifa, M. Alvares y otros (2009). Succession and management of tropical dry forests: Synthesis and new perspectives. Forest Ecology and Management. Vol. 258(6), p\u00e1gs. 1014-1024.<\/p>\n\n\n\n<p><br>Las Instant\u00e1neas de la Ciencia tienen por objeto informar a las personas<br>relacionadas con el IAI y al p\u00fablico interesado acerca de resultados importantes<br>de investigaciones internacionales en del Cambio Global realizadas con el<br>auspicio del Instituto.<br>Panel editorial: Christopher Martius, Ione Anderson, Paula Richter, Holm Tiessen<br>Dise\u00f1o: Shadi Ardalan<br>Citar como: IAI (2011): Ganancias y p\u00e9rdidas: Los bosques secos tropicales<br>son vulnerables al cambio global. Instant\u00e1neas de la Ciencia 8<br>Financiado por el IAI, NSF bajo\u00a0<a href=\"https:\/\/iai.int\/tropi-dry-dimensiones-humanas-ecologicas-y-biofisicas-de-los-bosques-secos-tropicales-crn-2021\/\" data-type=\"page\" data-id=\"812\">CRN 2021.<\/a><br><a href=\"http:\/\/tropi-dry.eas.ualberta.ca\/\" target=\"_blank\" rel=\"noreferrer noopener\">P\u00e1gina web del proyecto<\/a><br><a href=\"https:\/\/iai.int\/admin\/site\/sites\/default\/files\/snapshot8_SP.pdf\" target=\"_blank\" rel=\"noreferrer noopener\">Bajar PDF<\/a><br><a href=\"https:\/\/iai.int\/admin\/site\/sites\/default\/files\/snapshot8_EN.pdf\" target=\"_blank\" rel=\"noreferrer noopener\">Bajar PDF en ingl\u00e9s<\/a><\/p>\n\n\n\n<p><\/p>\n","protected":false},"excerpt":{"rendered":"<p>Ganancias y p\u00e9rdidas Los bosques secos tropicales son vulnerables al cambio global. Este mapa muestra las tendencias en la productividad de los bosques secos tropicales de las Am\u00e9ricas entre 1982 y 2006, derivadas de im\u00e1genes satelitales. Los cambios en la productividad de estos ecosistemas en riesgo se manifiestan en variables fenol\u00f3gicas, como el comienzo de [&hellip;]<\/p>\n","protected":false},"author":1,"featured_media":0,"parent":0,"menu_order":0,"comment_status":"closed","ping_status":"closed","template":"","meta":{"_acf_changed":false,"_uag_custom_page_level_css":"","footnotes":""},"class_list":["post-1213","page","type-page","status-publish","hentry"],"acf":[],"yoast_head":"<!-- This site is optimized with the Yoast SEO plugin v27.3 - https:\/\/yoast.com\/product\/yoast-seo-wordpress\/ -->\n<title>Ganancias y p\u00e9rdidas - IAI - Inter-American Institute for Global Change Research<\/title>\n<meta name=\"robots\" content=\"index, follow, max-snippet:-1, max-image-preview:large, max-video-preview:-1\" \/>\n<link rel=\"canonical\" href=\"https:\/\/iai.int\/es\/ganancias-y-perdidas\/\" \/>\n<meta property=\"og:locale\" content=\"es_ES\" \/>\n<meta property=\"og:type\" content=\"article\" \/>\n<meta property=\"og:title\" content=\"Ganancias y p\u00e9rdidas - IAI - Inter-American Institute for Global Change Research\" \/>\n<meta property=\"og:description\" content=\"Ganancias y p\u00e9rdidas Los bosques secos tropicales son vulnerables al cambio global. Este mapa muestra las tendencias en la productividad de los bosques secos tropicales de las Am\u00e9ricas entre 1982 y 2006, derivadas de im\u00e1genes satelitales. Los cambios en la productividad de estos ecosistemas en riesgo se manifiestan en variables fenol\u00f3gicas, como el comienzo de [&hellip;]\" \/>\n<meta property=\"og:url\" content=\"https:\/\/iai.int\/es\/ganancias-y-perdidas\/\" \/>\n<meta property=\"og:site_name\" content=\"IAI - Inter-American Institute for Global Change Research\" \/>\n<meta property=\"og:image\" content=\"https:\/\/iai.int\/admin\/site\/sites\/default\/files\/uploads\/2014\/06\/MapaTDFtropidry_climatechangescenarios_sp_600-copy-copy.jpg\" \/>\n<meta name=\"twitter:card\" content=\"summary_large_image\" \/>\n<meta name=\"twitter:label1\" content=\"Tiempo de lectura\" \/>\n\t<meta name=\"twitter:data1\" content=\"6 minutos\" \/>\n<script type=\"application\/ld+json\" class=\"yoast-schema-graph\">{\"@context\":\"https:\\\/\\\/schema.org\",\"@graph\":[{\"@type\":\"WebPage\",\"@id\":\"https:\\\/\\\/iai.int\\\/es\\\/ganancias-y-perdidas\\\/\",\"url\":\"https:\\\/\\\/iai.int\\\/es\\\/ganancias-y-perdidas\\\/\",\"name\":\"Ganancias y p\u00e9rdidas - IAI - Inter-American Institute for Global Change Research\",\"isPartOf\":{\"@id\":\"https:\\\/\\\/iai.int\\\/es\\\/#website\"},\"primaryImageOfPage\":{\"@id\":\"https:\\\/\\\/iai.int\\\/es\\\/ganancias-y-perdidas\\\/#primaryimage\"},\"image\":{\"@id\":\"https:\\\/\\\/iai.int\\\/es\\\/ganancias-y-perdidas\\\/#primaryimage\"},\"thumbnailUrl\":\"https:\\\/\\\/iai.int\\\/admin\\\/site\\\/sites\\\/default\\\/files\\\/uploads\\\/2014\\\/06\\\/MapaTDFtropidry_climatechangescenarios_sp_600-copy-copy.jpg\",\"datePublished\":\"2024-10-08T00:58:51+00:00\",\"breadcrumb\":{\"@id\":\"https:\\\/\\\/iai.int\\\/es\\\/ganancias-y-perdidas\\\/#breadcrumb\"},\"inLanguage\":\"es\",\"potentialAction\":[{\"@type\":\"ReadAction\",\"target\":[\"https:\\\/\\\/iai.int\\\/es\\\/ganancias-y-perdidas\\\/\"]}]},{\"@type\":\"ImageObject\",\"inLanguage\":\"es\",\"@id\":\"https:\\\/\\\/iai.int\\\/es\\\/ganancias-y-perdidas\\\/#primaryimage\",\"url\":\"https:\\\/\\\/iai.int\\\/admin\\\/site\\\/sites\\\/default\\\/files\\\/uploads\\\/2014\\\/06\\\/MapaTDFtropidry_climatechangescenarios_sp_600-copy-copy.jpg\",\"contentUrl\":\"https:\\\/\\\/iai.int\\\/admin\\\/site\\\/sites\\\/default\\\/files\\\/uploads\\\/2014\\\/06\\\/MapaTDFtropidry_climatechangescenarios_sp_600-copy-copy.jpg\"},{\"@type\":\"BreadcrumbList\",\"@id\":\"https:\\\/\\\/iai.int\\\/es\\\/ganancias-y-perdidas\\\/#breadcrumb\",\"itemListElement\":[{\"@type\":\"ListItem\",\"position\":1,\"name\":\"Portada\",\"item\":\"https:\\\/\\\/iai.int\\\/es\\\/\"},{\"@type\":\"ListItem\",\"position\":2,\"name\":\"Ganancias y p\u00e9rdidas\"}]},{\"@type\":\"WebSite\",\"@id\":\"https:\\\/\\\/iai.int\\\/es\\\/#website\",\"url\":\"https:\\\/\\\/iai.int\\\/es\\\/\",\"name\":\"IAI - Inter-American Institute for Global Change Research\",\"description\":\"\",\"publisher\":{\"@id\":\"https:\\\/\\\/iai.int\\\/es\\\/#organization\"},\"potentialAction\":[{\"@type\":\"SearchAction\",\"target\":{\"@type\":\"EntryPoint\",\"urlTemplate\":\"https:\\\/\\\/iai.int\\\/es\\\/?s={search_term_string}\"},\"query-input\":{\"@type\":\"PropertyValueSpecification\",\"valueRequired\":true,\"valueName\":\"search_term_string\"}}],\"inLanguage\":\"es\"},{\"@type\":\"Organization\",\"@id\":\"https:\\\/\\\/iai.int\\\/es\\\/#organization\",\"name\":\"IAI - Inter-American Institute for Global Change Research\",\"url\":\"https:\\\/\\\/iai.int\\\/es\\\/\",\"logo\":{\"@type\":\"ImageObject\",\"inLanguage\":\"es\",\"@id\":\"https:\\\/\\\/iai.int\\\/es\\\/#\\\/schema\\\/logo\\\/image\\\/\",\"url\":\"https:\\\/\\\/iai.int\\\/wp-content\\\/uploads\\\/2025\\\/11\\\/IAI-logo-English-scaled.png\",\"contentUrl\":\"https:\\\/\\\/iai.int\\\/wp-content\\\/uploads\\\/2025\\\/11\\\/IAI-logo-English-scaled.png\",\"width\":2560,\"height\":985,\"caption\":\"IAI - Inter-American Institute for Global Change Research\"},\"image\":{\"@id\":\"https:\\\/\\\/iai.int\\\/es\\\/#\\\/schema\\\/logo\\\/image\\\/\"}}]}<\/script>\n<!-- \/ Yoast SEO plugin. -->","yoast_head_json":{"title":"Ganancias y p\u00e9rdidas - IAI - Inter-American Institute for Global Change Research","robots":{"index":"index","follow":"follow","max-snippet":"max-snippet:-1","max-image-preview":"max-image-preview:large","max-video-preview":"max-video-preview:-1"},"canonical":"https:\/\/iai.int\/es\/ganancias-y-perdidas\/","og_locale":"es_ES","og_type":"article","og_title":"Ganancias y p\u00e9rdidas - IAI - Inter-American Institute for Global Change Research","og_description":"Ganancias y p\u00e9rdidas Los bosques secos tropicales son vulnerables al cambio global. Este mapa muestra las tendencias en la productividad de los bosques secos tropicales de las Am\u00e9ricas entre 1982 y 2006, derivadas de im\u00e1genes satelitales. Los cambios en la productividad de estos ecosistemas en riesgo se manifiestan en variables fenol\u00f3gicas, como el comienzo de [&hellip;]","og_url":"https:\/\/iai.int\/es\/ganancias-y-perdidas\/","og_site_name":"IAI - Inter-American Institute for Global Change Research","og_image":[{"url":"https:\/\/iai.int\/admin\/site\/sites\/default\/files\/uploads\/2014\/06\/MapaTDFtropidry_climatechangescenarios_sp_600-copy-copy.jpg","type":"","width":"","height":""}],"twitter_card":"summary_large_image","twitter_misc":{"Tiempo de lectura":"6 minutos"},"schema":{"@context":"https:\/\/schema.org","@graph":[{"@type":"WebPage","@id":"https:\/\/iai.int\/es\/ganancias-y-perdidas\/","url":"https:\/\/iai.int\/es\/ganancias-y-perdidas\/","name":"Ganancias y p\u00e9rdidas - IAI - Inter-American Institute for Global Change Research","isPartOf":{"@id":"https:\/\/iai.int\/es\/#website"},"primaryImageOfPage":{"@id":"https:\/\/iai.int\/es\/ganancias-y-perdidas\/#primaryimage"},"image":{"@id":"https:\/\/iai.int\/es\/ganancias-y-perdidas\/#primaryimage"},"thumbnailUrl":"https:\/\/iai.int\/admin\/site\/sites\/default\/files\/uploads\/2014\/06\/MapaTDFtropidry_climatechangescenarios_sp_600-copy-copy.jpg","datePublished":"2024-10-08T00:58:51+00:00","breadcrumb":{"@id":"https:\/\/iai.int\/es\/ganancias-y-perdidas\/#breadcrumb"},"inLanguage":"es","potentialAction":[{"@type":"ReadAction","target":["https:\/\/iai.int\/es\/ganancias-y-perdidas\/"]}]},{"@type":"ImageObject","inLanguage":"es","@id":"https:\/\/iai.int\/es\/ganancias-y-perdidas\/#primaryimage","url":"https:\/\/iai.int\/admin\/site\/sites\/default\/files\/uploads\/2014\/06\/MapaTDFtropidry_climatechangescenarios_sp_600-copy-copy.jpg","contentUrl":"https:\/\/iai.int\/admin\/site\/sites\/default\/files\/uploads\/2014\/06\/MapaTDFtropidry_climatechangescenarios_sp_600-copy-copy.jpg"},{"@type":"BreadcrumbList","@id":"https:\/\/iai.int\/es\/ganancias-y-perdidas\/#breadcrumb","itemListElement":[{"@type":"ListItem","position":1,"name":"Portada","item":"https:\/\/iai.int\/es\/"},{"@type":"ListItem","position":2,"name":"Ganancias y p\u00e9rdidas"}]},{"@type":"WebSite","@id":"https:\/\/iai.int\/es\/#website","url":"https:\/\/iai.int\/es\/","name":"IAI - Inter-American Institute for Global Change Research","description":"","publisher":{"@id":"https:\/\/iai.int\/es\/#organization"},"potentialAction":[{"@type":"SearchAction","target":{"@type":"EntryPoint","urlTemplate":"https:\/\/iai.int\/es\/?s={search_term_string}"},"query-input":{"@type":"PropertyValueSpecification","valueRequired":true,"valueName":"search_term_string"}}],"inLanguage":"es"},{"@type":"Organization","@id":"https:\/\/iai.int\/es\/#organization","name":"IAI - Inter-American Institute for Global Change Research","url":"https:\/\/iai.int\/es\/","logo":{"@type":"ImageObject","inLanguage":"es","@id":"https:\/\/iai.int\/es\/#\/schema\/logo\/image\/","url":"https:\/\/iai.int\/wp-content\/uploads\/2025\/11\/IAI-logo-English-scaled.png","contentUrl":"https:\/\/iai.int\/wp-content\/uploads\/2025\/11\/IAI-logo-English-scaled.png","width":2560,"height":985,"caption":"IAI - Inter-American Institute for Global Change Research"},"image":{"@id":"https:\/\/iai.int\/es\/#\/schema\/logo\/image\/"}}]}},"uagb_featured_image_src":{"full":false,"thumbnail":false,"medium":false,"medium_large":false,"large":false,"1536x1536":false,"2048x2048":false},"uagb_author_info":{"display_name":"admin","author_link":"https:\/\/iai.int\/es\/author\/admin\/"},"uagb_comment_info":0,"uagb_excerpt":"Ganancias y p\u00e9rdidas Los bosques secos tropicales son vulnerables al cambio global. Este mapa muestra las tendencias en la productividad de los bosques secos tropicales de las Am\u00e9ricas entre 1982 y 2006, derivadas de im\u00e1genes satelitales. Los cambios en la productividad de estos ecosistemas en riesgo se manifiestan en variables fenol\u00f3gicas, como el comienzo de&hellip;","_links":{"self":[{"href":"https:\/\/iai.int\/es\/wp-json\/wp\/v2\/pages\/1213","targetHints":{"allow":["GET"]}}],"collection":[{"href":"https:\/\/iai.int\/es\/wp-json\/wp\/v2\/pages"}],"about":[{"href":"https:\/\/iai.int\/es\/wp-json\/wp\/v2\/types\/page"}],"author":[{"embeddable":true,"href":"https:\/\/iai.int\/es\/wp-json\/wp\/v2\/users\/1"}],"replies":[{"embeddable":true,"href":"https:\/\/iai.int\/es\/wp-json\/wp\/v2\/comments?post=1213"}],"version-history":[{"count":1,"href":"https:\/\/iai.int\/es\/wp-json\/wp\/v2\/pages\/1213\/revisions"}],"predecessor-version":[{"id":1277,"href":"https:\/\/iai.int\/es\/wp-json\/wp\/v2\/pages\/1213\/revisions\/1277"}],"wp:attachment":[{"href":"https:\/\/iai.int\/es\/wp-json\/wp\/v2\/media?parent=1213"}],"curies":[{"name":"wp","href":"https:\/\/api.w.org\/{rel}","templated":true}]}}