{"id":1212,"date":"2024-10-07T21:53:57","date_gmt":"2024-10-08T00:53:57","guid":{"rendered":"https:\/\/iai.int\/?page_id=1212"},"modified":"2024-10-07T21:53:57","modified_gmt":"2024-10-08T00:53:57","slug":"la-evolucion-de-la-interdisciplinariedad-a-lo-largo-de-20-anos-de-investigacion-del-cambio-global-en-el-iai","status":"publish","type":"page","link":"https:\/\/iai.int\/es\/la-evolucion-de-la-interdisciplinariedad-a-lo-largo-de-20-anos-de-investigacion-del-cambio-global-en-el-iai\/","title":{"rendered":"La evoluci\u00f3n de la interdisciplinariedad a lo largo de 20 a\u00f1os de investigaci\u00f3n del cambio global en el IAI"},"content":{"rendered":"\n<h5 class=\"wp-block-heading\">Autores: Jeremy Pittman, Holm Tiessen y Elma Monta\u00f1a (16 de marzo de 2015)<br><a href=\"https:\/\/iai.int\/admin\/site\/sites\/default\/files\/foto1.jpg\" target=\"_blank\" rel=\"noreferrer noopener\"><\/a><\/h5>\n\n\n\n<figure class=\"wp-block-image size-large\"><img decoding=\"async\" src=\"https:\/\/iai.int\/admin\/site\/sites\/default\/files\/foto1.jpg\" alt=\"\"\/><\/figure>\n\n\n\n<p>El cambio global es ubicuo y transversal a los sistemas humanos y naturales. Una investigaci\u00f3n que tenga por objeto comprender las interacciones y realimentaciones en los sistemas sociales y ecol\u00f3gicos y entre ellos y proporcionar informaci\u00f3n para la toma de decisiones debe, por lo tanto, integrar el espectro de las ciencias sociales y naturales. Mediante cuestionarios y entrevistas a beneficiarios actuales y pasados de nuestros subsidios y el an\u00e1lisis de documentos institucionales, mostramos que promover la interdisciplinariedad implica m\u00e1s que modificar los requisitos de las convocatorias de financiamiento.<\/p>\n\n\n\n<p>Los casos de \u00e9xito se han basado en aprovechar y vincular de las motivaciones de los cient\u00edficos naturales y sociales con las necesidades y motivaciones de los profesionales y los tomadores de decisiones. Las motivaciones para la integraci\u00f3n disciplinaria se vieron impulsadas por<\/p>\n\n\n\n<p>(1) la provisi\u00f3n de un espacio de aprendizaje por parte de los investigadores,<br>(2) la facilitaci\u00f3n del trabajo en redes y grupos entre disciplinas,<br>(3) la exposici\u00f3n de los investigadores a nuevos conceptos y herramientas que contienen la interdisciplinariedad,<br>(4) el mantenimiento de una gu\u00eda y apoyo constante para cultivar un pensamiento transdisciplinario y<br>(5) la vinculaci\u00f3n de la investigaci\u00f3n con problemas tangibles.<\/p>\n\n\n\n<p>Este trabajo describe la experiencia acumulada en 20 a\u00f1os dedicados a motivar y monitorear investigaci\u00f3n interdisciplinaria, proporcionando un ambiente para el aprendizaje entre disciplinas y estructurando los programas de investigaci\u00f3n para avanzar el conocimiento con el fin de proporcionar informaci\u00f3n a los tomadores de decisiones para responder al cambio global.<\/p>\n\n\n\n<p><a href=\"https:\/\/iai.int\/admin\/site\/sites\/default\/files\/A-2_IAI_interdisciplinarity_paper1-lowres-Final-Report.pdf\" target=\"_blank\" rel=\"noreferrer noopener\"><strong>Informe completo (en ingl\u00e9s) PDF<\/strong><\/a>&nbsp;(pronto estar\u00e1 disponible la versi\u00f3n en espa\u00f1ol)<\/p>\n\n\n\n<p>Se public\u00f3 un trabajo acerca de este estudio en&nbsp;<a href=\"http:\/\/www.sciencedirect.com\/science\/article\/pii\/S1877343515300166\" target=\"_blank\" rel=\"noreferrer noopener\">Sustainability science, Volumen 19, abril 2016, p\u00e1ginas 87\u201393: The evolution of interdisciplinarity over 20 years of global change research by the IAI<\/a><\/p>\n\n\n\n<p><\/p>\n","protected":false},"excerpt":{"rendered":"<p>Autores: Jeremy Pittman, Holm Tiessen y Elma Monta\u00f1a (16 de marzo de 2015) El cambio global es ubicuo y transversal a los sistemas humanos y naturales. Una investigaci\u00f3n que tenga por objeto comprender las interacciones y realimentaciones en los sistemas sociales y ecol\u00f3gicos y entre ellos y proporcionar informaci\u00f3n para la toma de decisiones debe, [&hellip;]<\/p>\n","protected":false},"author":1,"featured_media":0,"parent":0,"menu_order":0,"comment_status":"closed","ping_status":"closed","template":"","meta":{"_acf_changed":false,"_uag_custom_page_level_css":"","footnotes":""},"class_list":["post-1212","page","type-page","status-publish","hentry"],"acf":[],"yoast_head":"<!-- This site is optimized with the Yoast SEO plugin v27.3 - https:\/\/yoast.com\/product\/yoast-seo-wordpress\/ -->\n<title>La evoluci\u00f3n de la interdisciplinariedad a lo largo de 20 a\u00f1os de investigaci\u00f3n del cambio global en el IAI - IAI - Inter-American Institute for Global Change Research<\/title>\n<meta name=\"robots\" content=\"index, follow, max-snippet:-1, max-image-preview:large, max-video-preview:-1\" \/>\n<link rel=\"canonical\" href=\"https:\/\/iai.int\/es\/la-evolucion-de-la-interdisciplinariedad-a-lo-largo-de-20-anos-de-investigacion-del-cambio-global-en-el-iai\/\" \/>\n<meta property=\"og:locale\" content=\"es_ES\" \/>\n<meta property=\"og:type\" content=\"article\" \/>\n<meta property=\"og:title\" content=\"La evoluci\u00f3n de la interdisciplinariedad a lo largo de 20 a\u00f1os de investigaci\u00f3n del cambio global en el IAI - IAI - Inter-American Institute for Global Change Research\" \/>\n<meta property=\"og:description\" content=\"Autores: Jeremy Pittman, Holm Tiessen y Elma Monta\u00f1a (16 de marzo de 2015) El cambio global es ubicuo y transversal a los sistemas humanos y naturales. Una investigaci\u00f3n que tenga por objeto comprender las interacciones y realimentaciones en los sistemas sociales y ecol\u00f3gicos y entre ellos y proporcionar informaci\u00f3n para la toma de decisiones debe, [&hellip;]\" \/>\n<meta property=\"og:url\" content=\"https:\/\/iai.int\/es\/la-evolucion-de-la-interdisciplinariedad-a-lo-largo-de-20-anos-de-investigacion-del-cambio-global-en-el-iai\/\" \/>\n<meta property=\"og:site_name\" content=\"IAI - Inter-American Institute for Global Change Research\" \/>\n<meta property=\"og:image\" content=\"https:\/\/iai.int\/admin\/site\/sites\/default\/files\/foto1.jpg\" \/>\n<meta name=\"twitter:card\" content=\"summary_large_image\" \/>\n<meta name=\"twitter:label1\" content=\"Tiempo de lectura\" \/>\n\t<meta name=\"twitter:data1\" content=\"2 minutos\" \/>\n<script type=\"application\/ld+json\" class=\"yoast-schema-graph\">{\"@context\":\"https:\\\/\\\/schema.org\",\"@graph\":[{\"@type\":\"WebPage\",\"@id\":\"https:\\\/\\\/iai.int\\\/es\\\/la-evolucion-de-la-interdisciplinariedad-a-lo-largo-de-20-anos-de-investigacion-del-cambio-global-en-el-iai\\\/\",\"url\":\"https:\\\/\\\/iai.int\\\/es\\\/la-evolucion-de-la-interdisciplinariedad-a-lo-largo-de-20-anos-de-investigacion-del-cambio-global-en-el-iai\\\/\",\"name\":\"La evoluci\u00f3n de la interdisciplinariedad a lo largo de 20 a\u00f1os de investigaci\u00f3n del cambio global en el IAI - IAI - Inter-American Institute for Global Change Research\",\"isPartOf\":{\"@id\":\"https:\\\/\\\/iai.int\\\/es\\\/#website\"},\"primaryImageOfPage\":{\"@id\":\"https:\\\/\\\/iai.int\\\/es\\\/la-evolucion-de-la-interdisciplinariedad-a-lo-largo-de-20-anos-de-investigacion-del-cambio-global-en-el-iai\\\/#primaryimage\"},\"image\":{\"@id\":\"https:\\\/\\\/iai.int\\\/es\\\/la-evolucion-de-la-interdisciplinariedad-a-lo-largo-de-20-anos-de-investigacion-del-cambio-global-en-el-iai\\\/#primaryimage\"},\"thumbnailUrl\":\"https:\\\/\\\/iai.int\\\/admin\\\/site\\\/sites\\\/default\\\/files\\\/foto1.jpg\",\"datePublished\":\"2024-10-08T00:53:57+00:00\",\"breadcrumb\":{\"@id\":\"https:\\\/\\\/iai.int\\\/es\\\/la-evolucion-de-la-interdisciplinariedad-a-lo-largo-de-20-anos-de-investigacion-del-cambio-global-en-el-iai\\\/#breadcrumb\"},\"inLanguage\":\"es\",\"potentialAction\":[{\"@type\":\"ReadAction\",\"target\":[\"https:\\\/\\\/iai.int\\\/es\\\/la-evolucion-de-la-interdisciplinariedad-a-lo-largo-de-20-anos-de-investigacion-del-cambio-global-en-el-iai\\\/\"]}]},{\"@type\":\"ImageObject\",\"inLanguage\":\"es\",\"@id\":\"https:\\\/\\\/iai.int\\\/es\\\/la-evolucion-de-la-interdisciplinariedad-a-lo-largo-de-20-anos-de-investigacion-del-cambio-global-en-el-iai\\\/#primaryimage\",\"url\":\"https:\\\/\\\/iai.int\\\/admin\\\/site\\\/sites\\\/default\\\/files\\\/foto1.jpg\",\"contentUrl\":\"https:\\\/\\\/iai.int\\\/admin\\\/site\\\/sites\\\/default\\\/files\\\/foto1.jpg\"},{\"@type\":\"BreadcrumbList\",\"@id\":\"https:\\\/\\\/iai.int\\\/es\\\/la-evolucion-de-la-interdisciplinariedad-a-lo-largo-de-20-anos-de-investigacion-del-cambio-global-en-el-iai\\\/#breadcrumb\",\"itemListElement\":[{\"@type\":\"ListItem\",\"position\":1,\"name\":\"Portada\",\"item\":\"https:\\\/\\\/iai.int\\\/es\\\/\"},{\"@type\":\"ListItem\",\"position\":2,\"name\":\"La evoluci\u00f3n de la interdisciplinariedad a lo largo de 20 a\u00f1os de investigaci\u00f3n del cambio global en el IAI\"}]},{\"@type\":\"WebSite\",\"@id\":\"https:\\\/\\\/iai.int\\\/es\\\/#website\",\"url\":\"https:\\\/\\\/iai.int\\\/es\\\/\",\"name\":\"IAI - Inter-American Institute for Global Change Research\",\"description\":\"\",\"publisher\":{\"@id\":\"https:\\\/\\\/iai.int\\\/es\\\/#organization\"},\"potentialAction\":[{\"@type\":\"SearchAction\",\"target\":{\"@type\":\"EntryPoint\",\"urlTemplate\":\"https:\\\/\\\/iai.int\\\/es\\\/?s={search_term_string}\"},\"query-input\":{\"@type\":\"PropertyValueSpecification\",\"valueRequired\":true,\"valueName\":\"search_term_string\"}}],\"inLanguage\":\"es\"},{\"@type\":\"Organization\",\"@id\":\"https:\\\/\\\/iai.int\\\/es\\\/#organization\",\"name\":\"IAI - Inter-American Institute for Global Change Research\",\"url\":\"https:\\\/\\\/iai.int\\\/es\\\/\",\"logo\":{\"@type\":\"ImageObject\",\"inLanguage\":\"es\",\"@id\":\"https:\\\/\\\/iai.int\\\/es\\\/#\\\/schema\\\/logo\\\/image\\\/\",\"url\":\"https:\\\/\\\/iai.int\\\/wp-content\\\/uploads\\\/2025\\\/11\\\/IAI-logo-English-scaled.png\",\"contentUrl\":\"https:\\\/\\\/iai.int\\\/wp-content\\\/uploads\\\/2025\\\/11\\\/IAI-logo-English-scaled.png\",\"width\":2560,\"height\":985,\"caption\":\"IAI - Inter-American Institute for Global Change Research\"},\"image\":{\"@id\":\"https:\\\/\\\/iai.int\\\/es\\\/#\\\/schema\\\/logo\\\/image\\\/\"}}]}<\/script>\n<!-- \/ Yoast SEO plugin. -->","yoast_head_json":{"title":"La evoluci\u00f3n de la interdisciplinariedad a lo largo de 20 a\u00f1os de investigaci\u00f3n del cambio global en el IAI - IAI - Inter-American Institute for Global Change Research","robots":{"index":"index","follow":"follow","max-snippet":"max-snippet:-1","max-image-preview":"max-image-preview:large","max-video-preview":"max-video-preview:-1"},"canonical":"https:\/\/iai.int\/es\/la-evolucion-de-la-interdisciplinariedad-a-lo-largo-de-20-anos-de-investigacion-del-cambio-global-en-el-iai\/","og_locale":"es_ES","og_type":"article","og_title":"La evoluci\u00f3n de la interdisciplinariedad a lo largo de 20 a\u00f1os de investigaci\u00f3n del cambio global en el IAI - IAI - Inter-American Institute for Global Change Research","og_description":"Autores: Jeremy Pittman, Holm Tiessen y Elma Monta\u00f1a (16 de marzo de 2015) El cambio global es ubicuo y transversal a los sistemas humanos y naturales. Una investigaci\u00f3n que tenga por objeto comprender las interacciones y realimentaciones en los sistemas sociales y ecol\u00f3gicos y entre ellos y proporcionar informaci\u00f3n para la toma de decisiones debe, [&hellip;]","og_url":"https:\/\/iai.int\/es\/la-evolucion-de-la-interdisciplinariedad-a-lo-largo-de-20-anos-de-investigacion-del-cambio-global-en-el-iai\/","og_site_name":"IAI - Inter-American Institute for Global Change Research","og_image":[{"url":"https:\/\/iai.int\/admin\/site\/sites\/default\/files\/foto1.jpg","type":"","width":"","height":""}],"twitter_card":"summary_large_image","twitter_misc":{"Tiempo de lectura":"2 minutos"},"schema":{"@context":"https:\/\/schema.org","@graph":[{"@type":"WebPage","@id":"https:\/\/iai.int\/es\/la-evolucion-de-la-interdisciplinariedad-a-lo-largo-de-20-anos-de-investigacion-del-cambio-global-en-el-iai\/","url":"https:\/\/iai.int\/es\/la-evolucion-de-la-interdisciplinariedad-a-lo-largo-de-20-anos-de-investigacion-del-cambio-global-en-el-iai\/","name":"La evoluci\u00f3n de la interdisciplinariedad a lo largo de 20 a\u00f1os de investigaci\u00f3n del cambio global en el IAI - IAI - Inter-American Institute for Global Change Research","isPartOf":{"@id":"https:\/\/iai.int\/es\/#website"},"primaryImageOfPage":{"@id":"https:\/\/iai.int\/es\/la-evolucion-de-la-interdisciplinariedad-a-lo-largo-de-20-anos-de-investigacion-del-cambio-global-en-el-iai\/#primaryimage"},"image":{"@id":"https:\/\/iai.int\/es\/la-evolucion-de-la-interdisciplinariedad-a-lo-largo-de-20-anos-de-investigacion-del-cambio-global-en-el-iai\/#primaryimage"},"thumbnailUrl":"https:\/\/iai.int\/admin\/site\/sites\/default\/files\/foto1.jpg","datePublished":"2024-10-08T00:53:57+00:00","breadcrumb":{"@id":"https:\/\/iai.int\/es\/la-evolucion-de-la-interdisciplinariedad-a-lo-largo-de-20-anos-de-investigacion-del-cambio-global-en-el-iai\/#breadcrumb"},"inLanguage":"es","potentialAction":[{"@type":"ReadAction","target":["https:\/\/iai.int\/es\/la-evolucion-de-la-interdisciplinariedad-a-lo-largo-de-20-anos-de-investigacion-del-cambio-global-en-el-iai\/"]}]},{"@type":"ImageObject","inLanguage":"es","@id":"https:\/\/iai.int\/es\/la-evolucion-de-la-interdisciplinariedad-a-lo-largo-de-20-anos-de-investigacion-del-cambio-global-en-el-iai\/#primaryimage","url":"https:\/\/iai.int\/admin\/site\/sites\/default\/files\/foto1.jpg","contentUrl":"https:\/\/iai.int\/admin\/site\/sites\/default\/files\/foto1.jpg"},{"@type":"BreadcrumbList","@id":"https:\/\/iai.int\/es\/la-evolucion-de-la-interdisciplinariedad-a-lo-largo-de-20-anos-de-investigacion-del-cambio-global-en-el-iai\/#breadcrumb","itemListElement":[{"@type":"ListItem","position":1,"name":"Portada","item":"https:\/\/iai.int\/es\/"},{"@type":"ListItem","position":2,"name":"La evoluci\u00f3n de la interdisciplinariedad a lo largo de 20 a\u00f1os de investigaci\u00f3n del cambio global en el IAI"}]},{"@type":"WebSite","@id":"https:\/\/iai.int\/es\/#website","url":"https:\/\/iai.int\/es\/","name":"IAI - Inter-American Institute for Global Change Research","description":"","publisher":{"@id":"https:\/\/iai.int\/es\/#organization"},"potentialAction":[{"@type":"SearchAction","target":{"@type":"EntryPoint","urlTemplate":"https:\/\/iai.int\/es\/?s={search_term_string}"},"query-input":{"@type":"PropertyValueSpecification","valueRequired":true,"valueName":"search_term_string"}}],"inLanguage":"es"},{"@type":"Organization","@id":"https:\/\/iai.int\/es\/#organization","name":"IAI - Inter-American Institute for Global Change Research","url":"https:\/\/iai.int\/es\/","logo":{"@type":"ImageObject","inLanguage":"es","@id":"https:\/\/iai.int\/es\/#\/schema\/logo\/image\/","url":"https:\/\/iai.int\/wp-content\/uploads\/2025\/11\/IAI-logo-English-scaled.png","contentUrl":"https:\/\/iai.int\/wp-content\/uploads\/2025\/11\/IAI-logo-English-scaled.png","width":2560,"height":985,"caption":"IAI - Inter-American Institute for Global Change Research"},"image":{"@id":"https:\/\/iai.int\/es\/#\/schema\/logo\/image\/"}}]}},"uagb_featured_image_src":{"full":false,"thumbnail":false,"medium":false,"medium_large":false,"large":false,"1536x1536":false,"2048x2048":false},"uagb_author_info":{"display_name":"admin","author_link":"https:\/\/iai.int\/es\/author\/admin\/"},"uagb_comment_info":0,"uagb_excerpt":"Autores: Jeremy Pittman, Holm Tiessen y Elma Monta\u00f1a (16 de marzo de 2015) El cambio global es ubicuo y transversal a los sistemas humanos y naturales. Una investigaci\u00f3n que tenga por objeto comprender las interacciones y realimentaciones en los sistemas sociales y ecol\u00f3gicos y entre ellos y proporcionar informaci\u00f3n para la toma de decisiones debe,&hellip;","_links":{"self":[{"href":"https:\/\/iai.int\/es\/wp-json\/wp\/v2\/pages\/1212","targetHints":{"allow":["GET"]}}],"collection":[{"href":"https:\/\/iai.int\/es\/wp-json\/wp\/v2\/pages"}],"about":[{"href":"https:\/\/iai.int\/es\/wp-json\/wp\/v2\/types\/page"}],"author":[{"embeddable":true,"href":"https:\/\/iai.int\/es\/wp-json\/wp\/v2\/users\/1"}],"replies":[{"embeddable":true,"href":"https:\/\/iai.int\/es\/wp-json\/wp\/v2\/comments?post=1212"}],"version-history":[{"count":1,"href":"https:\/\/iai.int\/es\/wp-json\/wp\/v2\/pages\/1212\/revisions"}],"predecessor-version":[{"id":1276,"href":"https:\/\/iai.int\/es\/wp-json\/wp\/v2\/pages\/1212\/revisions\/1276"}],"wp:attachment":[{"href":"https:\/\/iai.int\/es\/wp-json\/wp\/v2\/media?parent=1212"}],"curies":[{"name":"wp","href":"https:\/\/api.w.org\/{rel}","templated":true}]}}