{"id":1211,"date":"2024-10-07T21:28:26","date_gmt":"2024-10-08T00:28:26","guid":{"rendered":"https:\/\/iai.int\/?page_id=1211"},"modified":"2024-10-07T21:30:02","modified_gmt":"2024-10-08T00:30:02","slug":"harvey-y-lo-que-la-ciencia-puede-anticipar-para-reducir-la-vulnerabilidad-a-los-eventos-extremos","status":"publish","type":"page","link":"https:\/\/iai.int\/es\/harvey-y-lo-que-la-ciencia-puede-anticipar-para-reducir-la-vulnerabilidad-a-los-eventos-extremos\/","title":{"rendered":"Harvey y lo que la ciencia puede anticipar para reducir la vulnerabilidad a los eventos extremos"},"content":{"rendered":"\n<p>La tormenta tropical Harvey creci\u00f3 en intensidad hasta convertirse en hurac\u00e1n sobre el Golfo de M\u00e9xico la semana pasada y toc\u00f3 tierra al noreste de Corpus Christi, Texas alrededor de las 21:45 del viernes. La catastr\u00f3fica inundaci\u00f3n que gener\u00f3 en Houston y otras localidades del estado nos recuerda el papel que debe tener la ciencia en proporcionar los medios para entender, predecir y prepararse para esta clase de desastres naturales. Los investigadores de una red de investigaci\u00f3n cooperativa del IAI, el Dr. Kam-biu Liu y la Dra. Nina Lam de la Universidad Estatal de Louisiana, han aplicado m\u00e9todos novedosos para compilar un registro detallado de la historia de los huracanes.<\/p>\n\n\n\n<p>La Dra. Lam que ha llevado a cabo estudios de vulnerabilidad costera y resiliencia ante desastres en Estados Unidos y la regi\u00f3n Caribe, ha publicado recientemente un&nbsp;<a href=\"https:\/\/theconversation.com\/americans-who-live-far-from-coasts-should-also-be-worried-about-flooding-81012\" target=\"_blank\" rel=\"noreferrer noopener\">art\u00edculo en The Conversation<\/a>&nbsp;acerca de su trabajo. Por su parte, el Dr. Kam-Biu Liu, experto en paleotempestolog\u00eda, es decir, el estudio de los ciclones del pasado mediante el an\u00e1lisis de sedimentos de las albuferas, as\u00ed como de registros isot\u00f3picos de estalagmitas, anillos de \u00e1rboles y corales, que ha examinado la variabilidad de la actividad de los huracanes del Caribe, sabe que los registros temporales extensos son de importancia cr\u00edtica para explicar m\u00e1s efectivamente los eventos extremos actuales.<\/p>\n\n\n\n<p>\u201cLos eventos extremos como Harvey -ya sea por sus vientos de casi 210 km\/h o sus lluvias de m\u00e1s de 760 mm- son extremadamente raros; algunos dicen que se trata de un evento de 500-a\u00f1os de recurrencia. Es por esto que necesitamos datos geol\u00f3gicos que se extiendan a cientos o miles de a\u00f1os en el pasado, para ubicar estos eventos muy raros en un contexto hist\u00f3rico \u201c, se\u00f1al\u00f3 el Dr. Liu.<\/p>\n\n\n\n<p>\u201cLa paleotempestolog\u00eda es un campo cient\u00edfico joven capaz de generar este tipo de registros geol\u00f3gicos de la actividad de huracanes pasados basados en el estudio de sedimentos costeros, dep\u00f3sitos en cuevas y anillos de crecimiento de \u00e1rboles. La paleotempestolog\u00eda tambi\u00e9n puede echar luz sobre la relaci\u00f3n entre el cambio clim\u00e1tico y la actividad de huracanes en escala global o regional. Por ejemplo, muchos se preguntan si los huracanes intensos ser\u00e1n m\u00e1s frecuentes a fines de este siglo como consecuencia del calentamiento global. Una forma de responder a este interrogante consiste en averiguar si la frecuencia de huracanes intensos fue realmente mayor en el Medioevo, unos mil a\u00f1os atr\u00e1s, cuando la temperatura en muchos lugares del mundo eran algo mayores que hoy en d\u00eda. Los conocimientos logrados a partir de esta perspectiva de largo plazo pueden ayudarnos a entender mejor la sensibilidad al clima de los eventos extremos como el hurac\u00e1n Harvey, y por ende predecir mejor el futuro\u201d, agreg\u00f3 el Dr. Liu.<\/p>\n\n\n\n<p>Para saber m\u00e1s acerca del trabajo de la Dra. Lam y de la investigaci\u00f3n del IAI sobre ciclones tropicales, vea los proyectos sobre\u00a0<a href=\"https:\/\/iai.int\/paleotempestologia-de-la-region-caribena-un-estudio-multi-proxy-de-la-variabilidad-espacial-y-temporal-de-la-actividad-de-los-huracanes-en-el-caribe-en-multiples-sitios-crn-2050\/\" data-type=\"page\" data-id=\"825\">Paleotempestolog\u00eda de la regi\u00f3n caribe\u00f1a<\/a>\u00a0y sobre\u00a0<a href=\"https:\/\/iai.int\/ciclones-tropicales-que-tocan-tierra-en-la-cuenca-del-pacifico-oriental-sgp-cra-2048\/\" data-type=\"page\" data-id=\"857\">Ciclones tropicales que tocan tierra en la cuenca del Pac\u00edfico Oriental<\/a><\/p>\n\n\n\n<p><a href=\"https:\/\/iai.int\/admin\/site\/sites\/default\/files\/texas_army_national_guard_hurr400.jpg\" target=\"_blank\" rel=\"noreferrer noopener\"><\/a><\/p>\n\n\n\n<figure class=\"wp-block-image size-large\"><img decoding=\"async\" src=\"https:\/\/iai.int\/admin\/site\/sites\/default\/files\/texas_army_national_guard_hurr400.jpg\" alt=\"\"\/><\/figure>\n\n\n\n<p><em>Soldados del Guardia Nacional del Ej\u00e9rcito de Texas en las calles anegadas de Houston, mientras que la inundaci\u00f3n provocada por el hurac\u00e1n Harvey contin\u00faa avanzando, el lunes 28 de agosto de 2017. M\u00e1s de 12.000 miembros de la Guardia Nacional de Texas han sido convocados para colaborar con las autoridades locales en respuesta a la tormenta. (foto por Tte.1ero Zachary West)<\/em><\/p>\n","protected":false},"excerpt":{"rendered":"<p>La tormenta tropical Harvey creci\u00f3 en intensidad hasta convertirse en hurac\u00e1n sobre el Golfo de M\u00e9xico la semana pasada y toc\u00f3 tierra al noreste de Corpus Christi, Texas alrededor de las 21:45 del viernes. La catastr\u00f3fica inundaci\u00f3n que gener\u00f3 en Houston y otras localidades del estado nos recuerda el papel que debe tener la ciencia [&hellip;]<\/p>\n","protected":false},"author":1,"featured_media":0,"parent":0,"menu_order":0,"comment_status":"closed","ping_status":"closed","template":"","meta":{"_acf_changed":false,"_uag_custom_page_level_css":"","footnotes":""},"class_list":["post-1211","page","type-page","status-publish","hentry"],"acf":[],"yoast_head":"<!-- This site is optimized with the Yoast SEO plugin v27.3 - https:\/\/yoast.com\/product\/yoast-seo-wordpress\/ -->\n<title>Harvey y lo que la ciencia puede anticipar para reducir la vulnerabilidad a los eventos extremos - IAI - Inter-American Institute for Global Change Research<\/title>\n<meta name=\"robots\" content=\"index, follow, max-snippet:-1, max-image-preview:large, max-video-preview:-1\" \/>\n<link rel=\"canonical\" href=\"https:\/\/iai.int\/es\/harvey-y-lo-que-la-ciencia-puede-anticipar-para-reducir-la-vulnerabilidad-a-los-eventos-extremos\/\" \/>\n<meta property=\"og:locale\" content=\"es_ES\" \/>\n<meta property=\"og:type\" content=\"article\" \/>\n<meta property=\"og:title\" content=\"Harvey y lo que la ciencia puede anticipar para reducir la vulnerabilidad a los eventos extremos - IAI - Inter-American Institute for Global Change Research\" \/>\n<meta property=\"og:description\" content=\"La tormenta tropical Harvey creci\u00f3 en intensidad hasta convertirse en hurac\u00e1n sobre el Golfo de M\u00e9xico la semana pasada y toc\u00f3 tierra al noreste de Corpus Christi, Texas alrededor de las 21:45 del viernes. La catastr\u00f3fica inundaci\u00f3n que gener\u00f3 en Houston y otras localidades del estado nos recuerda el papel que debe tener la ciencia [&hellip;]\" \/>\n<meta property=\"og:url\" content=\"https:\/\/iai.int\/es\/harvey-y-lo-que-la-ciencia-puede-anticipar-para-reducir-la-vulnerabilidad-a-los-eventos-extremos\/\" \/>\n<meta property=\"og:site_name\" content=\"IAI - Inter-American Institute for Global Change Research\" \/>\n<meta property=\"article:modified_time\" content=\"2024-10-08T00:30:02+00:00\" \/>\n<meta property=\"og:image\" content=\"https:\/\/iai.int\/admin\/site\/sites\/default\/files\/texas_army_national_guard_hurr400.jpg\" \/>\n<meta name=\"twitter:card\" content=\"summary_large_image\" \/>\n<meta name=\"twitter:label1\" content=\"Tiempo de lectura\" \/>\n\t<meta name=\"twitter:data1\" content=\"3 minutos\" \/>\n<script type=\"application\/ld+json\" class=\"yoast-schema-graph\">{\"@context\":\"https:\\\/\\\/schema.org\",\"@graph\":[{\"@type\":\"WebPage\",\"@id\":\"https:\\\/\\\/iai.int\\\/es\\\/harvey-y-lo-que-la-ciencia-puede-anticipar-para-reducir-la-vulnerabilidad-a-los-eventos-extremos\\\/\",\"url\":\"https:\\\/\\\/iai.int\\\/es\\\/harvey-y-lo-que-la-ciencia-puede-anticipar-para-reducir-la-vulnerabilidad-a-los-eventos-extremos\\\/\",\"name\":\"Harvey y lo que la ciencia puede anticipar para reducir la vulnerabilidad a los eventos extremos - IAI - Inter-American Institute for Global Change Research\",\"isPartOf\":{\"@id\":\"https:\\\/\\\/iai.int\\\/es\\\/#website\"},\"primaryImageOfPage\":{\"@id\":\"https:\\\/\\\/iai.int\\\/es\\\/harvey-y-lo-que-la-ciencia-puede-anticipar-para-reducir-la-vulnerabilidad-a-los-eventos-extremos\\\/#primaryimage\"},\"image\":{\"@id\":\"https:\\\/\\\/iai.int\\\/es\\\/harvey-y-lo-que-la-ciencia-puede-anticipar-para-reducir-la-vulnerabilidad-a-los-eventos-extremos\\\/#primaryimage\"},\"thumbnailUrl\":\"https:\\\/\\\/iai.int\\\/admin\\\/site\\\/sites\\\/default\\\/files\\\/texas_army_national_guard_hurr400.jpg\",\"datePublished\":\"2024-10-08T00:28:26+00:00\",\"dateModified\":\"2024-10-08T00:30:02+00:00\",\"breadcrumb\":{\"@id\":\"https:\\\/\\\/iai.int\\\/es\\\/harvey-y-lo-que-la-ciencia-puede-anticipar-para-reducir-la-vulnerabilidad-a-los-eventos-extremos\\\/#breadcrumb\"},\"inLanguage\":\"es\",\"potentialAction\":[{\"@type\":\"ReadAction\",\"target\":[\"https:\\\/\\\/iai.int\\\/es\\\/harvey-y-lo-que-la-ciencia-puede-anticipar-para-reducir-la-vulnerabilidad-a-los-eventos-extremos\\\/\"]}]},{\"@type\":\"ImageObject\",\"inLanguage\":\"es\",\"@id\":\"https:\\\/\\\/iai.int\\\/es\\\/harvey-y-lo-que-la-ciencia-puede-anticipar-para-reducir-la-vulnerabilidad-a-los-eventos-extremos\\\/#primaryimage\",\"url\":\"https:\\\/\\\/iai.int\\\/admin\\\/site\\\/sites\\\/default\\\/files\\\/texas_army_national_guard_hurr400.jpg\",\"contentUrl\":\"https:\\\/\\\/iai.int\\\/admin\\\/site\\\/sites\\\/default\\\/files\\\/texas_army_national_guard_hurr400.jpg\"},{\"@type\":\"BreadcrumbList\",\"@id\":\"https:\\\/\\\/iai.int\\\/es\\\/harvey-y-lo-que-la-ciencia-puede-anticipar-para-reducir-la-vulnerabilidad-a-los-eventos-extremos\\\/#breadcrumb\",\"itemListElement\":[{\"@type\":\"ListItem\",\"position\":1,\"name\":\"Portada\",\"item\":\"https:\\\/\\\/iai.int\\\/es\\\/\"},{\"@type\":\"ListItem\",\"position\":2,\"name\":\"Harvey y lo que la ciencia puede anticipar para reducir la vulnerabilidad a los eventos extremos\"}]},{\"@type\":\"WebSite\",\"@id\":\"https:\\\/\\\/iai.int\\\/es\\\/#website\",\"url\":\"https:\\\/\\\/iai.int\\\/es\\\/\",\"name\":\"IAI - Inter-American Institute for Global Change Research\",\"description\":\"\",\"publisher\":{\"@id\":\"https:\\\/\\\/iai.int\\\/es\\\/#organization\"},\"potentialAction\":[{\"@type\":\"SearchAction\",\"target\":{\"@type\":\"EntryPoint\",\"urlTemplate\":\"https:\\\/\\\/iai.int\\\/es\\\/?s={search_term_string}\"},\"query-input\":{\"@type\":\"PropertyValueSpecification\",\"valueRequired\":true,\"valueName\":\"search_term_string\"}}],\"inLanguage\":\"es\"},{\"@type\":\"Organization\",\"@id\":\"https:\\\/\\\/iai.int\\\/es\\\/#organization\",\"name\":\"IAI - Inter-American Institute for Global Change Research\",\"url\":\"https:\\\/\\\/iai.int\\\/es\\\/\",\"logo\":{\"@type\":\"ImageObject\",\"inLanguage\":\"es\",\"@id\":\"https:\\\/\\\/iai.int\\\/es\\\/#\\\/schema\\\/logo\\\/image\\\/\",\"url\":\"https:\\\/\\\/iai.int\\\/wp-content\\\/uploads\\\/2025\\\/11\\\/IAI-logo-English-scaled.png\",\"contentUrl\":\"https:\\\/\\\/iai.int\\\/wp-content\\\/uploads\\\/2025\\\/11\\\/IAI-logo-English-scaled.png\",\"width\":2560,\"height\":985,\"caption\":\"IAI - Inter-American Institute for Global Change Research\"},\"image\":{\"@id\":\"https:\\\/\\\/iai.int\\\/es\\\/#\\\/schema\\\/logo\\\/image\\\/\"}}]}<\/script>\n<!-- \/ Yoast SEO plugin. -->","yoast_head_json":{"title":"Harvey y lo que la ciencia puede anticipar para reducir la vulnerabilidad a los eventos extremos - IAI - Inter-American Institute for Global Change Research","robots":{"index":"index","follow":"follow","max-snippet":"max-snippet:-1","max-image-preview":"max-image-preview:large","max-video-preview":"max-video-preview:-1"},"canonical":"https:\/\/iai.int\/es\/harvey-y-lo-que-la-ciencia-puede-anticipar-para-reducir-la-vulnerabilidad-a-los-eventos-extremos\/","og_locale":"es_ES","og_type":"article","og_title":"Harvey y lo que la ciencia puede anticipar para reducir la vulnerabilidad a los eventos extremos - IAI - Inter-American Institute for Global Change Research","og_description":"La tormenta tropical Harvey creci\u00f3 en intensidad hasta convertirse en hurac\u00e1n sobre el Golfo de M\u00e9xico la semana pasada y toc\u00f3 tierra al noreste de Corpus Christi, Texas alrededor de las 21:45 del viernes. La catastr\u00f3fica inundaci\u00f3n que gener\u00f3 en Houston y otras localidades del estado nos recuerda el papel que debe tener la ciencia [&hellip;]","og_url":"https:\/\/iai.int\/es\/harvey-y-lo-que-la-ciencia-puede-anticipar-para-reducir-la-vulnerabilidad-a-los-eventos-extremos\/","og_site_name":"IAI - Inter-American Institute for Global Change Research","article_modified_time":"2024-10-08T00:30:02+00:00","og_image":[{"url":"https:\/\/iai.int\/admin\/site\/sites\/default\/files\/texas_army_national_guard_hurr400.jpg","type":"","width":"","height":""}],"twitter_card":"summary_large_image","twitter_misc":{"Tiempo de lectura":"3 minutos"},"schema":{"@context":"https:\/\/schema.org","@graph":[{"@type":"WebPage","@id":"https:\/\/iai.int\/es\/harvey-y-lo-que-la-ciencia-puede-anticipar-para-reducir-la-vulnerabilidad-a-los-eventos-extremos\/","url":"https:\/\/iai.int\/es\/harvey-y-lo-que-la-ciencia-puede-anticipar-para-reducir-la-vulnerabilidad-a-los-eventos-extremos\/","name":"Harvey y lo que la ciencia puede anticipar para reducir la vulnerabilidad a los eventos extremos - IAI - Inter-American Institute for Global Change Research","isPartOf":{"@id":"https:\/\/iai.int\/es\/#website"},"primaryImageOfPage":{"@id":"https:\/\/iai.int\/es\/harvey-y-lo-que-la-ciencia-puede-anticipar-para-reducir-la-vulnerabilidad-a-los-eventos-extremos\/#primaryimage"},"image":{"@id":"https:\/\/iai.int\/es\/harvey-y-lo-que-la-ciencia-puede-anticipar-para-reducir-la-vulnerabilidad-a-los-eventos-extremos\/#primaryimage"},"thumbnailUrl":"https:\/\/iai.int\/admin\/site\/sites\/default\/files\/texas_army_national_guard_hurr400.jpg","datePublished":"2024-10-08T00:28:26+00:00","dateModified":"2024-10-08T00:30:02+00:00","breadcrumb":{"@id":"https:\/\/iai.int\/es\/harvey-y-lo-que-la-ciencia-puede-anticipar-para-reducir-la-vulnerabilidad-a-los-eventos-extremos\/#breadcrumb"},"inLanguage":"es","potentialAction":[{"@type":"ReadAction","target":["https:\/\/iai.int\/es\/harvey-y-lo-que-la-ciencia-puede-anticipar-para-reducir-la-vulnerabilidad-a-los-eventos-extremos\/"]}]},{"@type":"ImageObject","inLanguage":"es","@id":"https:\/\/iai.int\/es\/harvey-y-lo-que-la-ciencia-puede-anticipar-para-reducir-la-vulnerabilidad-a-los-eventos-extremos\/#primaryimage","url":"https:\/\/iai.int\/admin\/site\/sites\/default\/files\/texas_army_national_guard_hurr400.jpg","contentUrl":"https:\/\/iai.int\/admin\/site\/sites\/default\/files\/texas_army_national_guard_hurr400.jpg"},{"@type":"BreadcrumbList","@id":"https:\/\/iai.int\/es\/harvey-y-lo-que-la-ciencia-puede-anticipar-para-reducir-la-vulnerabilidad-a-los-eventos-extremos\/#breadcrumb","itemListElement":[{"@type":"ListItem","position":1,"name":"Portada","item":"https:\/\/iai.int\/es\/"},{"@type":"ListItem","position":2,"name":"Harvey y lo que la ciencia puede anticipar para reducir la vulnerabilidad a los eventos extremos"}]},{"@type":"WebSite","@id":"https:\/\/iai.int\/es\/#website","url":"https:\/\/iai.int\/es\/","name":"IAI - Inter-American Institute for Global Change Research","description":"","publisher":{"@id":"https:\/\/iai.int\/es\/#organization"},"potentialAction":[{"@type":"SearchAction","target":{"@type":"EntryPoint","urlTemplate":"https:\/\/iai.int\/es\/?s={search_term_string}"},"query-input":{"@type":"PropertyValueSpecification","valueRequired":true,"valueName":"search_term_string"}}],"inLanguage":"es"},{"@type":"Organization","@id":"https:\/\/iai.int\/es\/#organization","name":"IAI - Inter-American Institute for Global Change Research","url":"https:\/\/iai.int\/es\/","logo":{"@type":"ImageObject","inLanguage":"es","@id":"https:\/\/iai.int\/es\/#\/schema\/logo\/image\/","url":"https:\/\/iai.int\/wp-content\/uploads\/2025\/11\/IAI-logo-English-scaled.png","contentUrl":"https:\/\/iai.int\/wp-content\/uploads\/2025\/11\/IAI-logo-English-scaled.png","width":2560,"height":985,"caption":"IAI - Inter-American Institute for Global Change Research"},"image":{"@id":"https:\/\/iai.int\/es\/#\/schema\/logo\/image\/"}}]}},"uagb_featured_image_src":{"full":false,"thumbnail":false,"medium":false,"medium_large":false,"large":false,"1536x1536":false,"2048x2048":false},"uagb_author_info":{"display_name":"admin","author_link":"https:\/\/iai.int\/es\/author\/admin\/"},"uagb_comment_info":0,"uagb_excerpt":"La tormenta tropical Harvey creci\u00f3 en intensidad hasta convertirse en hurac\u00e1n sobre el Golfo de M\u00e9xico la semana pasada y toc\u00f3 tierra al noreste de Corpus Christi, Texas alrededor de las 21:45 del viernes. La catastr\u00f3fica inundaci\u00f3n que gener\u00f3 en Houston y otras localidades del estado nos recuerda el papel que debe tener la ciencia&hellip;","_links":{"self":[{"href":"https:\/\/iai.int\/es\/wp-json\/wp\/v2\/pages\/1211","targetHints":{"allow":["GET"]}}],"collection":[{"href":"https:\/\/iai.int\/es\/wp-json\/wp\/v2\/pages"}],"about":[{"href":"https:\/\/iai.int\/es\/wp-json\/wp\/v2\/types\/page"}],"author":[{"embeddable":true,"href":"https:\/\/iai.int\/es\/wp-json\/wp\/v2\/users\/1"}],"replies":[{"embeddable":true,"href":"https:\/\/iai.int\/es\/wp-json\/wp\/v2\/comments?post=1211"}],"version-history":[{"count":2,"href":"https:\/\/iai.int\/es\/wp-json\/wp\/v2\/pages\/1211\/revisions"}],"predecessor-version":[{"id":1267,"href":"https:\/\/iai.int\/es\/wp-json\/wp\/v2\/pages\/1211\/revisions\/1267"}],"wp:attachment":[{"href":"https:\/\/iai.int\/es\/wp-json\/wp\/v2\/media?parent=1211"}],"curies":[{"name":"wp","href":"https:\/\/api.w.org\/{rel}","templated":true}]}}