{"id":1210,"date":"2024-10-07T20:58:58","date_gmt":"2024-10-07T23:58:58","guid":{"rendered":"https:\/\/iai.int\/?page_id=1210"},"modified":"2024-10-07T21:18:29","modified_gmt":"2024-10-08T00:18:29","slug":"impactos-sobre-la-poblacion-de-los-ciclones-tropicales-de-la-cuenca-del-oceano-pacifico-oriental","status":"publish","type":"page","link":"https:\/\/iai.int\/es\/impactos-sobre-la-poblacion-de-los-ciclones-tropicales-de-la-cuenca-del-oceano-pacifico-oriental\/","title":{"rendered":"Impactos sobre la poblaci\u00f3n de los ciclones tropicales de la cuenca del Oc\u00e9ano Pac\u00edfico Oriental"},"content":{"rendered":"\t\t<div data-elementor-type=\"wp-page\" data-elementor-id=\"1210\" class=\"elementor elementor-1210\" data-elementor-post-type=\"page\">\n\t\t\t\t<div class=\"elementor-element elementor-element-6aa0f07 e-flex e-con-boxed e-con e-parent\" data-id=\"6aa0f07\" data-element_type=\"container\" data-settings=\"{&quot;ekit_has_onepagescroll_dot&quot;:&quot;yes&quot;}\">\n\t\t\t\t\t<div class=\"e-con-inner\">\n\t\t\t\t<div class=\"elementor-element elementor-element-772e5708 elementor-widget elementor-widget-text-editor\" data-id=\"772e5708\" data-element_type=\"widget\" data-settings=\"{&quot;ekit_we_effect_on&quot;:&quot;none&quot;}\" data-widget_type=\"text-editor.default\">\n\t\t\t\t<div class=\"elementor-widget-container\">\n\t\t\t\t\t\t\t\t\t<p>Hoy, cuando uno de los m\u00e1s potentes huracanes de los que se tenga registro en el Oc\u00e9ano Atl\u00e1ntico se aproxima a Puerto Rico, el Grupo Intergubernamental de Expertos sobre Cambio Clim\u00e1tico (IPCC) comienza a delinear su Sexto Informe de Evaluaci\u00f3n (AR6) en Montreal, Canad\u00e1. Las evaluaciones del cambio clim\u00e1tico a cargo del IPCC involucran a cientos de cient\u00edficos del mundo, muchos de los cuales son o han sido parte de las redes de investigaci\u00f3n del IAI en las Am\u00e9ricas. El IAI asiste a la 46<sup>a<\/sup>\u00a0Sesi\u00f3n del IPCC con miras al fortalecimiento de la participaci\u00f3n de investigadores de Am\u00e9rica latina en futuras evaluaciones con el objeto de proporcionar la informaci\u00f3n cient\u00edfica necesaria para la acci\u00f3n en sus Pa\u00edses Miembros y el debate internacional en el marco del Acuerdo de Paris.<\/p>\n<p><img decoding=\"async\" src=\"https:\/\/iai.int\/admin\/site\/sites\/default\/files\/animacion_wv22.gif\" alt=\"mapa\" \/><\/p>\n<p>Desde fines de abril de 2017 hasta el 29 de agosto, se han desarrollado 21 ciclones tropicales con nombre en las cuencas de rodean Am\u00e9rica del Norte: nueve en el Oc\u00e9ano Atl\u00e1ntico Norte y doce en el Pac\u00edfico Oriental. Hemos solicitado a los investigadores Graciela Binimelis de Raga, Kam-Biu Liu y Nina Lam de las redes CRN2 del IAI que enviaran sus comentarios acerca de los huracanes que recientemente impactan en la regi\u00f3n.<\/p>\n\n<br\/>\n<h6 class=\"wp-block-heading\">por Graciela Binimelis de Raga<br \/>Universidad Nacional Aut\u00f3noma de M\u00e9xico \u2013 UNAM<br \/>y<br \/>Luis M. Farf\u00e1n<br \/>Centro de Investigaci\u00f3n Cient\u00edfica y<br \/>de Educaci\u00f3n Superior de Ensenada, Baja California \u2013 CICESE, M\u00e9xico<\/h6>\n<!-- \/wp:heading -->\n\n<!-- wp:paragraph -->\n<p>Desde fines de abril de 2017 hasta el 29 de agosto, se han desarrollado 21 ciclones tropicales con nombre en las cuencas de rodean Am\u00e9rica del Norte: nueve en el Oc\u00e9ano Atl\u00e1ntico Norte y doce en el Pac\u00edfico Oriental. Tres de ellos tocaron tierra en las \u00e1reas costeras del Golfo de M\u00e9xico: Cindy en Louisiana (Estados Unidos) como tormenta tropical, Franklin como hurac\u00e1n de categor\u00eda 1 en Veracruz (M\u00e9xico, luego de atravesar la pen\u00ednsula de Yucat\u00e1n). El tercero fue Harvey, que primero tambi\u00e9n impact\u00f3 en la pen\u00ednsula de Yucat\u00e1n (como onda tropical) y luego, convertido en hurac\u00e1n de categor\u00eda 4, azot\u00f3 Texas (Estados Unidos) con vientos sostenidos de hasta 215 km\/h (Fig. 1). Superando con creces a cualquier evento anterior, se sabe que Harvey origin\u00f3 precipitaciones intensas con totales acumulados superiores a los 1.000 (mil) mm que trajeron como consecuencia inundaciones generalizadas sobre una extensa superficie. Pocos d\u00edas despu\u00e9s, otra tormenta entr\u00f3 en tierra en la Pen\u00ednsula de Baja California (noroeste de M\u00e9xico), acompa\u00f1ada de lluvias muy fuertes.<\/p>\n\n<p><img decoding=\"async\" src=\"https:\/\/iai.int\/admin\/site\/sites\/default\/files\/20170904_harvey_lidia_sp-900.jpg\" alt=\"mapa\" \/><\/p>\n\n<p><br \/><em>Figura 1. Trayectorias de Harvey (Oc\u00e9ano Atl\u00e1ntico Norte) y Lidia (Oc\u00e9ano Pac\u00edfico Oriental). Las l\u00edneas negras representan las trayectorias observadas de cada cicl\u00f3n tropical.<\/em><\/p>\n<!-- \/wp:paragraph -->\n\n<!-- wp:paragraph -->\n<p>Como parte de nuestro proyecto IAI sobre\u00a0<a href=\"http:\/\/iai.int\/es\/post\/detail\/sgp-cra-2048\" target=\"_blank\" rel=\"noreferrer noopener\">Ciclones tropicales que tocan tierra en la cuenca del Pac\u00edfico Oriental<\/a>, hemos evaluado los impactos de la entrada en tierra de ciclones tropicales sobre zonas pobladas ubicadas a lo largo de la costa occidental de M\u00e9xico. En todos los casos analizados, vientos intensos y precipitaciones torrenciales de varios d\u00edas de duraci\u00f3n estuvieron asociados con da\u00f1os materiales y p\u00e9rdida de vidas. Hemos estudiado m\u00e1s de 30 entradas en tierra de ciclones ocurridas entre 1970 y 2010 con el objeto de clasificar los desastres en funci\u00f3n de la cantidad de personas afectadas. Los valores atribuidos a cada evento oscilaron entre 20.000 y m\u00e1s de 800.000, este \u00faltimo valor asociado con el hurac\u00e1n Pauline que toc\u00f3 tierra en octubre de 1997.<\/p>\n<!-- \/wp:paragraph -->\n\n<!-- wp:paragraph -->\n<p>Durante al menos 24 horas, Pauline sigui\u00f3 una trayectoria paralela a la costa sobre los estados sure\u00f1os de Oaxaca y Guerrero (l\u00ednea roja, Fig. 2), que se caracterizan por una topograf\u00eda compleja. Adem\u00e1s, el centro de la tormenta pas\u00f3 cerca de Acapulco, un \u00e1rea densamente poblada (690.000 habitantes en 1995) donde el sistema meteorol\u00f3gico gener\u00f3 lluvias relativamente copiosas (300-400 mm en total, seg\u00fan los registros de diferentes estaciones meteorol\u00f3gicas) que causaron al menos 100 muertos. En cambio, pese a que las relativamente altas precipitaciones acumuladas (300-700 mm) se vinculan con entradas en tierra en la pen\u00ednsula de Baja California, esta regi\u00f3n ha experimentado impactos leves debido a su baja densidad de poblaci\u00f3n. S\u00f3lo en 1976, Liza, un hurac\u00e1n de categor\u00eda 4 mientras cruzaba el Golfo de California, se cobr\u00f3 un gran n\u00famero de vidas (600) debido a la catastr\u00f3fica rotura de una presa cercana a la ciudad de La Paz.<\/p>\n<!-- \/wp:paragraph -->\n\n<!-- wp:paragraph -->\n<p>M\u00e1s recientemente, en el per\u00edodo 2011-2015, 85 ciclones tropicales se desarrollaron en el Pac\u00edfico Oriental con m\u00e1s de 10 entradas en tierra en M\u00e9xico. En 2013, el hurac\u00e1n Manuel (categor\u00eda 1, l\u00ednea azul, Fig. 2) fue el m\u00e1s mort\u00edfero, responsable por la p\u00e9rdida de 169 vidas y 105.000 personas afectadas principalmente en el estado de Guerrero. La acumulaci\u00f3n de lluvias oscil\u00f3 entre 500-1000 mm y se reportaron deslizamientos de tierra en las monta\u00f1as de Sierra Madre del Sur e inundaciones en Acapulco. En cambio, el hurac\u00e1n de categor\u00eda 3 Odile (l\u00ednea verde, Fig. 2) dio lugar en 2014 a una precipitaci\u00f3n acumulada moderada (totales de 100-500 mm) durante un per\u00edodo de 3 d\u00edas, pero el pasaje de la tormenta caus\u00f3 menos de 10 muertes asociadas al sistema. Vientos intensos (hasta 205 km\/h) provocaron da\u00f1os materiales en Los Cabos y la poblaci\u00f3n estuvo dos semanas sin energ\u00eda el\u00e9ctrica.<\/p>\n<!-- \/wp:paragraph -->\n<p><img decoding=\"async\" src=\"https:\/\/iai.int\/admin\/site\/sites\/default\/files\/tracks_1970_2015abc_unam_iai-900.jpg\" alt=\"mapa\" \/>\n<!-- wp:paragraph -->\n<p><em>Figura 2. Trayectoria de todos los ciclones tropicales que se desarrollaron en la cuenca del Oc\u00e9ano Pac\u00edfico Oriental desde 1970 hasta 2017. Las trayectorias en color corresponden a Pauline (1997, rojo), Manuel (2013, azul), Odile (2014, verde) y Patricia (2015, negro)\u00a0<\/em><\/p>\n<!-- \/wp:paragraph -->\n\n<!-- wp:paragraph -->\n<p>A fines de octubre de 2015, el hurac\u00e1n Patricia toc\u00f3 tierra en la costa de Jalisco (l\u00ednea negra, Fig. 2), luego de alcanzar una intensidad de categor\u00eda 5 (325 km\/h). La precipitaci\u00f3n total tuvo valores de entre 150 y 350 mm y la velocidad del viento disminuy\u00f3 casi 200 km\/h en cuesti\u00f3n de 12 horas mientras se desplazaba por el continente a lo largo de varias centenas de kil\u00f3metros. Seg\u00fan estimaciones basadas en informaci\u00f3n satelital geoestacionaria (Velden et al. 2017), Patricia ha sido catalogado como el hurac\u00e1n m\u00e1s fuerte jam\u00e1s reportado en cualquiera de las cuencas ciclogen\u00e9ticas del mundo desde 1979 al presente. Pese a su gran intensidad, los impactos negativos de Patricia en tierra resultaron solo en catorce muertos y 15.000 afectados.<\/p>\n<!-- \/wp:paragraph -->\n\n<!-- wp:paragraph -->\n<p>La tormenta tropical Lidia, que toc\u00f3 tierra en Baja California (Fig. 3), fue el tercer cicl\u00f3n tropical que se desplaz\u00f3 a trav\u00e9s de la costa oeste de M\u00e9xico en 2017. Las fuertes precipitaciones provocaron da\u00f1os en la infraestructura y al menos cinco muertos en el \u00e1rea de Los Cabos, ubicada en el extremo sur de la pen\u00ednsula. El \u00e1rea tiene una poblaci\u00f3n cercana a los 300.000 habitantes y alberga centros tur\u00edsticos de primera clase. Las primeras estimaciones de totales acumulados oscilan entre 400-600 mm y 200-300 mm\/d\u00eda, lo que explica la ocurrencia de inundaciones repentinas en las cuencas rodeadas por sierras m\u00e1s de 750 m de altitud. Un aspecto importante de este evento fue la formaci\u00f3n lenta de una circulaci\u00f3n relativamente grande en el Oc\u00e9ano Pac\u00edfico, que hizo que los pron\u00f3sticos de su trayectoria se emitieran con una anticipaci\u00f3n menor a las 72 horas a su entrada en tierra y 48 horas antes de su paso sobre Los Cabos.<\/p>\n\n<p><img decoding=\"async\" src=\"https:\/\/iai.int\/admin\/site\/sites\/default\/files\/fig3-2017_lidia_vis-900.gif\" alt=\"mapa\" \/><\/p>\n\n<p><em>Figura 3. Imagen satelital del 31 de agosto de 2017 donde se ve la tormenta tropical Lidia sobre Los Cabos. La l\u00ednea delgada representa la trayectoria de la tormenta entre el 29 de agosto y el 2 de septiembre. Los puntos rojos marcan los asentamientos a lo largo de la Pen\u00ednsula de Baja California.<\/em><\/p>\n<!-- \/wp:paragraph -->\n\n<!-- wp:paragraph -->\n<p>Si bien la predicci\u00f3n de las trayectorias de los huracanes ha mejorado notablemente en las \u00faltimas d\u00e9cadas, los impactos reales al momento en que dichos ciclones tropicales entran en tierra y afectan a las poblaciones son dif\u00edciles de pronosticar. Los pueblos y peque\u00f1as comunidades de las monta\u00f1as pueden ser altamente vulnerables e incluso lluvias moderadas pueden llevar a la p\u00e9rdida de vidas debido a las inundaciones y los deslizamientos de tierra. El trabajo con los tomadores de decisiones, como el que hemos llevado a cabo en Baja California Sur, mejora la comprensi\u00f3n del fen\u00f3meno f\u00edsico y proporciona informaci\u00f3n pertinente y oportuna a los encargados de coordinar los esfuerzos de auxilio. Los distintos niveles de preparaci\u00f3n antes del impacto son los que marcan la diferencia entre la vida y la muerte de las poblaciones vulnerables.<\/p>\n<!-- \/wp:paragraph -->\n\n<!-- wp:heading {\"level\":4} -->\n<h4 class=\"wp-block-heading\">Referencias<\/h4>\n<!-- \/wp:heading -->\n\n<!-- wp:paragraph -->\n<p><em>Velden, C., T. Olander, D. Herndon and J.P. Kossin, 2017. Reprocessing the Most Intense Historical Tropical Cyclones in the Satellite Era Using the Advanced Dvorak Technique. Monthly Weather Review, Vol. 145, 2049-2069<\/em><\/p>\n<!-- \/wp:paragraph -->\t\t\t\t\t\t\t\t<\/div>\n\t\t\t\t<\/div>\n\t\t\t\t\t<\/div>\n\t\t\t\t<\/div>\n\t\t\t\t<\/div>\n\t\t","protected":false},"excerpt":{"rendered":"<p>Hoy, cuando uno de los m\u00e1s potentes huracanes de los que se tenga registro en el Oc\u00e9ano Atl\u00e1ntico se aproxima a Puerto Rico, el Grupo Intergubernamental de Expertos sobre Cambio Clim\u00e1tico (IPCC) comienza a delinear su Sexto Informe de Evaluaci\u00f3n (AR6) en Montreal, Canad\u00e1. Las evaluaciones del cambio clim\u00e1tico a cargo del IPCC involucran a [&hellip;]<\/p>\n","protected":false},"author":1,"featured_media":0,"parent":0,"menu_order":0,"comment_status":"closed","ping_status":"closed","template":"","meta":{"_acf_changed":false,"_uag_custom_page_level_css":"","footnotes":""},"class_list":["post-1210","page","type-page","status-publish","hentry"],"acf":[],"yoast_head":"<!-- This site is optimized with the Yoast SEO plugin v27.3 - https:\/\/yoast.com\/product\/yoast-seo-wordpress\/ -->\n<title>Impactos sobre la poblaci\u00f3n de los ciclones tropicales de la cuenca del Oc\u00e9ano Pac\u00edfico Oriental - IAI - Inter-American Institute for Global Change Research<\/title>\n<meta name=\"robots\" content=\"index, follow, max-snippet:-1, max-image-preview:large, max-video-preview:-1\" \/>\n<link rel=\"canonical\" href=\"https:\/\/iai.int\/es\/impactos-sobre-la-poblacion-de-los-ciclones-tropicales-de-la-cuenca-del-oceano-pacifico-oriental\/\" \/>\n<meta property=\"og:locale\" content=\"es_ES\" \/>\n<meta property=\"og:type\" content=\"article\" \/>\n<meta property=\"og:title\" content=\"Impactos sobre la poblaci\u00f3n de los ciclones tropicales de la cuenca del Oc\u00e9ano Pac\u00edfico Oriental - IAI - Inter-American Institute for Global Change Research\" \/>\n<meta property=\"og:description\" content=\"Hoy, cuando uno de los m\u00e1s potentes huracanes de los que se tenga registro en el Oc\u00e9ano Atl\u00e1ntico se aproxima a Puerto Rico, el Grupo Intergubernamental de Expertos sobre Cambio Clim\u00e1tico (IPCC) comienza a delinear su Sexto Informe de Evaluaci\u00f3n (AR6) en Montreal, Canad\u00e1. Las evaluaciones del cambio clim\u00e1tico a cargo del IPCC involucran a [&hellip;]\" \/>\n<meta property=\"og:url\" content=\"https:\/\/iai.int\/es\/impactos-sobre-la-poblacion-de-los-ciclones-tropicales-de-la-cuenca-del-oceano-pacifico-oriental\/\" \/>\n<meta property=\"og:site_name\" content=\"IAI - Inter-American Institute for Global Change Research\" \/>\n<meta property=\"article:modified_time\" content=\"2024-10-08T00:18:29+00:00\" \/>\n<meta property=\"og:image\" content=\"https:\/\/iai.int\/admin\/site\/sites\/default\/files\/animacion_wv22.gif\" \/>\n<meta name=\"twitter:card\" content=\"summary_large_image\" \/>\n<meta name=\"twitter:label1\" content=\"Tiempo de lectura\" \/>\n\t<meta name=\"twitter:data1\" content=\"7 minutos\" \/>\n<script type=\"application\/ld+json\" class=\"yoast-schema-graph\">{\"@context\":\"https:\\\/\\\/schema.org\",\"@graph\":[{\"@type\":\"WebPage\",\"@id\":\"https:\\\/\\\/iai.int\\\/es\\\/impactos-sobre-la-poblacion-de-los-ciclones-tropicales-de-la-cuenca-del-oceano-pacifico-oriental\\\/\",\"url\":\"https:\\\/\\\/iai.int\\\/es\\\/impactos-sobre-la-poblacion-de-los-ciclones-tropicales-de-la-cuenca-del-oceano-pacifico-oriental\\\/\",\"name\":\"Impactos sobre la poblaci\u00f3n de los ciclones tropicales de la cuenca del Oc\u00e9ano Pac\u00edfico Oriental - IAI - Inter-American Institute for Global Change Research\",\"isPartOf\":{\"@id\":\"https:\\\/\\\/iai.int\\\/es\\\/#website\"},\"primaryImageOfPage\":{\"@id\":\"https:\\\/\\\/iai.int\\\/es\\\/impactos-sobre-la-poblacion-de-los-ciclones-tropicales-de-la-cuenca-del-oceano-pacifico-oriental\\\/#primaryimage\"},\"image\":{\"@id\":\"https:\\\/\\\/iai.int\\\/es\\\/impactos-sobre-la-poblacion-de-los-ciclones-tropicales-de-la-cuenca-del-oceano-pacifico-oriental\\\/#primaryimage\"},\"thumbnailUrl\":\"https:\\\/\\\/iai.int\\\/admin\\\/site\\\/sites\\\/default\\\/files\\\/animacion_wv22.gif\",\"datePublished\":\"2024-10-07T23:58:58+00:00\",\"dateModified\":\"2024-10-08T00:18:29+00:00\",\"breadcrumb\":{\"@id\":\"https:\\\/\\\/iai.int\\\/es\\\/impactos-sobre-la-poblacion-de-los-ciclones-tropicales-de-la-cuenca-del-oceano-pacifico-oriental\\\/#breadcrumb\"},\"inLanguage\":\"es\",\"potentialAction\":[{\"@type\":\"ReadAction\",\"target\":[\"https:\\\/\\\/iai.int\\\/es\\\/impactos-sobre-la-poblacion-de-los-ciclones-tropicales-de-la-cuenca-del-oceano-pacifico-oriental\\\/\"]}]},{\"@type\":\"ImageObject\",\"inLanguage\":\"es\",\"@id\":\"https:\\\/\\\/iai.int\\\/es\\\/impactos-sobre-la-poblacion-de-los-ciclones-tropicales-de-la-cuenca-del-oceano-pacifico-oriental\\\/#primaryimage\",\"url\":\"https:\\\/\\\/iai.int\\\/admin\\\/site\\\/sites\\\/default\\\/files\\\/animacion_wv22.gif\",\"contentUrl\":\"https:\\\/\\\/iai.int\\\/admin\\\/site\\\/sites\\\/default\\\/files\\\/animacion_wv22.gif\"},{\"@type\":\"BreadcrumbList\",\"@id\":\"https:\\\/\\\/iai.int\\\/es\\\/impactos-sobre-la-poblacion-de-los-ciclones-tropicales-de-la-cuenca-del-oceano-pacifico-oriental\\\/#breadcrumb\",\"itemListElement\":[{\"@type\":\"ListItem\",\"position\":1,\"name\":\"Portada\",\"item\":\"https:\\\/\\\/iai.int\\\/es\\\/\"},{\"@type\":\"ListItem\",\"position\":2,\"name\":\"Impactos sobre la poblaci\u00f3n de los ciclones tropicales de la cuenca del Oc\u00e9ano Pac\u00edfico Oriental\"}]},{\"@type\":\"WebSite\",\"@id\":\"https:\\\/\\\/iai.int\\\/es\\\/#website\",\"url\":\"https:\\\/\\\/iai.int\\\/es\\\/\",\"name\":\"IAI - Inter-American Institute for Global Change Research\",\"description\":\"\",\"publisher\":{\"@id\":\"https:\\\/\\\/iai.int\\\/es\\\/#organization\"},\"potentialAction\":[{\"@type\":\"SearchAction\",\"target\":{\"@type\":\"EntryPoint\",\"urlTemplate\":\"https:\\\/\\\/iai.int\\\/es\\\/?s={search_term_string}\"},\"query-input\":{\"@type\":\"PropertyValueSpecification\",\"valueRequired\":true,\"valueName\":\"search_term_string\"}}],\"inLanguage\":\"es\"},{\"@type\":\"Organization\",\"@id\":\"https:\\\/\\\/iai.int\\\/es\\\/#organization\",\"name\":\"IAI - Inter-American Institute for Global Change Research\",\"url\":\"https:\\\/\\\/iai.int\\\/es\\\/\",\"logo\":{\"@type\":\"ImageObject\",\"inLanguage\":\"es\",\"@id\":\"https:\\\/\\\/iai.int\\\/es\\\/#\\\/schema\\\/logo\\\/image\\\/\",\"url\":\"https:\\\/\\\/iai.int\\\/wp-content\\\/uploads\\\/2025\\\/11\\\/IAI-logo-English-scaled.png\",\"contentUrl\":\"https:\\\/\\\/iai.int\\\/wp-content\\\/uploads\\\/2025\\\/11\\\/IAI-logo-English-scaled.png\",\"width\":2560,\"height\":985,\"caption\":\"IAI - Inter-American Institute for Global Change Research\"},\"image\":{\"@id\":\"https:\\\/\\\/iai.int\\\/es\\\/#\\\/schema\\\/logo\\\/image\\\/\"}}]}<\/script>\n<!-- \/ Yoast SEO plugin. -->","yoast_head_json":{"title":"Impactos sobre la poblaci\u00f3n de los ciclones tropicales de la cuenca del Oc\u00e9ano Pac\u00edfico Oriental - IAI - Inter-American Institute for Global Change Research","robots":{"index":"index","follow":"follow","max-snippet":"max-snippet:-1","max-image-preview":"max-image-preview:large","max-video-preview":"max-video-preview:-1"},"canonical":"https:\/\/iai.int\/es\/impactos-sobre-la-poblacion-de-los-ciclones-tropicales-de-la-cuenca-del-oceano-pacifico-oriental\/","og_locale":"es_ES","og_type":"article","og_title":"Impactos sobre la poblaci\u00f3n de los ciclones tropicales de la cuenca del Oc\u00e9ano Pac\u00edfico Oriental - IAI - Inter-American Institute for Global Change Research","og_description":"Hoy, cuando uno de los m\u00e1s potentes huracanes de los que se tenga registro en el Oc\u00e9ano Atl\u00e1ntico se aproxima a Puerto Rico, el Grupo Intergubernamental de Expertos sobre Cambio Clim\u00e1tico (IPCC) comienza a delinear su Sexto Informe de Evaluaci\u00f3n (AR6) en Montreal, Canad\u00e1. Las evaluaciones del cambio clim\u00e1tico a cargo del IPCC involucran a [&hellip;]","og_url":"https:\/\/iai.int\/es\/impactos-sobre-la-poblacion-de-los-ciclones-tropicales-de-la-cuenca-del-oceano-pacifico-oriental\/","og_site_name":"IAI - Inter-American Institute for Global Change Research","article_modified_time":"2024-10-08T00:18:29+00:00","og_image":[{"url":"https:\/\/iai.int\/admin\/site\/sites\/default\/files\/animacion_wv22.gif","type":"","width":"","height":""}],"twitter_card":"summary_large_image","twitter_misc":{"Tiempo de lectura":"7 minutos"},"schema":{"@context":"https:\/\/schema.org","@graph":[{"@type":"WebPage","@id":"https:\/\/iai.int\/es\/impactos-sobre-la-poblacion-de-los-ciclones-tropicales-de-la-cuenca-del-oceano-pacifico-oriental\/","url":"https:\/\/iai.int\/es\/impactos-sobre-la-poblacion-de-los-ciclones-tropicales-de-la-cuenca-del-oceano-pacifico-oriental\/","name":"Impactos sobre la poblaci\u00f3n de los ciclones tropicales de la cuenca del Oc\u00e9ano Pac\u00edfico Oriental - IAI - Inter-American Institute for Global Change Research","isPartOf":{"@id":"https:\/\/iai.int\/es\/#website"},"primaryImageOfPage":{"@id":"https:\/\/iai.int\/es\/impactos-sobre-la-poblacion-de-los-ciclones-tropicales-de-la-cuenca-del-oceano-pacifico-oriental\/#primaryimage"},"image":{"@id":"https:\/\/iai.int\/es\/impactos-sobre-la-poblacion-de-los-ciclones-tropicales-de-la-cuenca-del-oceano-pacifico-oriental\/#primaryimage"},"thumbnailUrl":"https:\/\/iai.int\/admin\/site\/sites\/default\/files\/animacion_wv22.gif","datePublished":"2024-10-07T23:58:58+00:00","dateModified":"2024-10-08T00:18:29+00:00","breadcrumb":{"@id":"https:\/\/iai.int\/es\/impactos-sobre-la-poblacion-de-los-ciclones-tropicales-de-la-cuenca-del-oceano-pacifico-oriental\/#breadcrumb"},"inLanguage":"es","potentialAction":[{"@type":"ReadAction","target":["https:\/\/iai.int\/es\/impactos-sobre-la-poblacion-de-los-ciclones-tropicales-de-la-cuenca-del-oceano-pacifico-oriental\/"]}]},{"@type":"ImageObject","inLanguage":"es","@id":"https:\/\/iai.int\/es\/impactos-sobre-la-poblacion-de-los-ciclones-tropicales-de-la-cuenca-del-oceano-pacifico-oriental\/#primaryimage","url":"https:\/\/iai.int\/admin\/site\/sites\/default\/files\/animacion_wv22.gif","contentUrl":"https:\/\/iai.int\/admin\/site\/sites\/default\/files\/animacion_wv22.gif"},{"@type":"BreadcrumbList","@id":"https:\/\/iai.int\/es\/impactos-sobre-la-poblacion-de-los-ciclones-tropicales-de-la-cuenca-del-oceano-pacifico-oriental\/#breadcrumb","itemListElement":[{"@type":"ListItem","position":1,"name":"Portada","item":"https:\/\/iai.int\/es\/"},{"@type":"ListItem","position":2,"name":"Impactos sobre la poblaci\u00f3n de los ciclones tropicales de la cuenca del Oc\u00e9ano Pac\u00edfico Oriental"}]},{"@type":"WebSite","@id":"https:\/\/iai.int\/es\/#website","url":"https:\/\/iai.int\/es\/","name":"IAI - Inter-American Institute for Global Change Research","description":"","publisher":{"@id":"https:\/\/iai.int\/es\/#organization"},"potentialAction":[{"@type":"SearchAction","target":{"@type":"EntryPoint","urlTemplate":"https:\/\/iai.int\/es\/?s={search_term_string}"},"query-input":{"@type":"PropertyValueSpecification","valueRequired":true,"valueName":"search_term_string"}}],"inLanguage":"es"},{"@type":"Organization","@id":"https:\/\/iai.int\/es\/#organization","name":"IAI - Inter-American Institute for Global Change Research","url":"https:\/\/iai.int\/es\/","logo":{"@type":"ImageObject","inLanguage":"es","@id":"https:\/\/iai.int\/es\/#\/schema\/logo\/image\/","url":"https:\/\/iai.int\/wp-content\/uploads\/2025\/11\/IAI-logo-English-scaled.png","contentUrl":"https:\/\/iai.int\/wp-content\/uploads\/2025\/11\/IAI-logo-English-scaled.png","width":2560,"height":985,"caption":"IAI - Inter-American Institute for Global Change Research"},"image":{"@id":"https:\/\/iai.int\/es\/#\/schema\/logo\/image\/"}}]}},"uagb_featured_image_src":{"full":false,"thumbnail":false,"medium":false,"medium_large":false,"large":false,"1536x1536":false,"2048x2048":false},"uagb_author_info":{"display_name":"admin","author_link":"https:\/\/iai.int\/es\/author\/admin\/"},"uagb_comment_info":0,"uagb_excerpt":"Hoy, cuando uno de los m\u00e1s potentes huracanes de los que se tenga registro en el Oc\u00e9ano Atl\u00e1ntico se aproxima a Puerto Rico, el Grupo Intergubernamental de Expertos sobre Cambio Clim\u00e1tico (IPCC) comienza a delinear su Sexto Informe de Evaluaci\u00f3n (AR6) en Montreal, Canad\u00e1. Las evaluaciones del cambio clim\u00e1tico a cargo del IPCC involucran a&hellip;","_links":{"self":[{"href":"https:\/\/iai.int\/es\/wp-json\/wp\/v2\/pages\/1210","targetHints":{"allow":["GET"]}}],"collection":[{"href":"https:\/\/iai.int\/es\/wp-json\/wp\/v2\/pages"}],"about":[{"href":"https:\/\/iai.int\/es\/wp-json\/wp\/v2\/types\/page"}],"author":[{"embeddable":true,"href":"https:\/\/iai.int\/es\/wp-json\/wp\/v2\/users\/1"}],"replies":[{"embeddable":true,"href":"https:\/\/iai.int\/es\/wp-json\/wp\/v2\/comments?post=1210"}],"version-history":[{"count":19,"href":"https:\/\/iai.int\/es\/wp-json\/wp\/v2\/pages\/1210\/revisions"}],"predecessor-version":[{"id":1262,"href":"https:\/\/iai.int\/es\/wp-json\/wp\/v2\/pages\/1210\/revisions\/1262"}],"wp:attachment":[{"href":"https:\/\/iai.int\/es\/wp-json\/wp\/v2\/media?parent=1210"}],"curies":[{"name":"wp","href":"https:\/\/api.w.org\/{rel}","templated":true}]}}