{"id":1209,"date":"2024-10-07T20:46:41","date_gmt":"2024-10-07T23:46:41","guid":{"rendered":"https:\/\/iai.int\/?page_id=1209"},"modified":"2024-10-17T19:51:53","modified_gmt":"2024-10-17T22:51:53","slug":"informes-de-proyectos-y-notas","status":"publish","type":"page","link":"https:\/\/iai.int\/es\/informes-de-proyectos-y-notas\/","title":{"rendered":"Informes de proyectos y notas"},"content":{"rendered":"\n<figure class=\"wp-block-image\"><img decoding=\"async\" src=\"https:\/\/iai.int\/images\/ScienceSnapshots.jpg\" alt=\"foto\"\/><\/figure>\n\n\n\n<h3 class=\"wp-block-heading\">Programa de Peque\u00f1os Subsidios: El papel de los servicios ecosist\u00e9micos en la adaptaci\u00f3n al cambio global para el bienestar humano (SGP-HW)<\/h3>\n\n\n\n<hr class=\"wp-block-separator has-alpha-channel-opacity\"\/>\n\n\n\n<h4 class=\"wp-block-heading\">Fortalecimiento de la adaptaci\u00f3n a los incendios forestales en el Amazonas (SGP-HW016)<\/h4>\n\n\n\n<p>PDF en <a href=\"https:\/\/iai.int\/pdf\/es\/ProjectBrief_016_es_merged.pdf\" target=\"_blank\" rel=\"noreferrer noopener\"><strong>Espa\u00f1ol<\/strong><\/a> e <a href=\"https:\/\/iai.int\/pdf\/en\/SGP-HW 016_merged.pdf\" target=\"_blank\" rel=\"noreferrer noopener\"><strong>Ingl\u00e9s<\/strong><\/a><\/p>\n\n\n\n<h4 class=\"wp-block-heading\">Adaptaci\u00f3n para la sostenibilidad en la pesca en peque\u00f1a escala y los ecosistemas en Am\u00e9rica Latina (SGP-HW 017)<\/h4>\n\n\n\n<p>PDF en <a href=\"https:\/\/iai.int\/pdf\/es\/ProjectBrief_017_es_merged.pdf\" target=\"_blank\" rel=\"noreferrer noopener\"><strong>Espa\u00f1ol<\/strong><\/a> e <strong><a href=\"https:\/\/iai.int\/pdf\/en\/SGP-HW 017_merged.pdf\" target=\"_blank\" rel=\"noreferrer noopener\">Ingl\u00e9s<\/a><\/strong><\/p>\n\n\n\n<h4 class=\"wp-block-heading\">Aprender de las crisis del agua: se necesita una gobernanza adaptativa y anticipatoria del agua en Am\u00e9rica del Sur (SGP-HW 056)<\/h4>\n\n\n\n<p>PDF en <a href=\"https:\/\/iai.int\/pdf\/es\/ProjectBrief_056_es_merged.pdf\" target=\"_blank\" rel=\"noreferrer noopener\"><strong>Espa\u00f1ol<\/strong><\/a> e <a href=\"https:\/\/iai.int\/pdf\/en\/SGP-HW 056_merged.pdf\" target=\"_blank\" rel=\"noreferrer noopener\"><strong>Ingl\u00e9s<\/strong><\/a><\/p>\n\n\n\n<h4 class=\"wp-block-heading\">Nuevos conocimientos sobre las modalidades de gobernanza en respuesta a la p\u00e9rdida de biodiversidad (SGP- HW 072)<\/h4>\n\n\n\n<p>PDF en <a href=\"https:\/\/iai.int\/pdf\/es\/ProjectBrief_072_es_merged.pdf\" target=\"_blank\" rel=\"noreferrer noopener\"><strong>Espa\u00f1ol<\/strong><\/a> e <a href=\"https:\/\/iai.int\/pdf\/en\/SGP-HW 072_merged.pdf\" target=\"_blank\" rel=\"noreferrer noopener\"><strong>Ingl\u00e9s<\/strong><\/a><\/p>\n\n\n\n<h4 class=\"wp-block-heading\">Un camino para entender la resiliencia socioecol\u00f3gica y la capacidad de adaptaci\u00f3n (SGP-HW 090)<\/h4>\n\n\n\n<p>PDF en <a href=\"https:\/\/iai.int\/pdf\/es\/ProjectBrief_090_es_merged.pdf\" target=\"_blank\" rel=\"noreferrer noopener\"><strong>Espa\u00f1ol<\/strong><\/a> e <a href=\"https:\/\/iai.int\/pdf\/en\/SGP-HW 090_merged.pdf\" target=\"_blank\" rel=\"noreferrer noopener\"><strong>Ingl\u00e9s<\/strong><\/a><\/p>\n\n\n\n<h4 class=\"wp-block-heading\">Llanura aluvial de la cuenca del r\u00edo Paran\u00e1: medios de vida y restauraci\u00f3n de la biodiversidad (SGP-HW 091)<\/h4>\n\n\n\n<p>PDF en <a href=\"https:\/\/iai.int\/pdf\/es\/ProjectBrief_091_es_merged.pdf\" target=\"_blank\" rel=\"noreferrer noopener\"><strong>Espa\u00f1ol<\/strong><\/a> e <a href=\"https:\/\/iai.int\/pdf\/en\/SGP-HW 091_merged.pdf\" target=\"_blank\" rel=\"noreferrer noopener\"><strong>Ingl\u00e9s<\/strong><\/a><\/p>\n\n\n\n<h3 class=\"wp-block-heading\">CRN3<\/h3>\n\n\n\n<hr class=\"wp-block-separator has-alpha-channel-opacity\"\/>\n\n\n\n<h4 class=\"wp-block-heading\">Urgen pol\u00edticas de manejo del nitr\u00f3geno (CRN 3005)<\/h4>\n\n\n\n<p>PDF en <a href=\"https:\/\/iai.int\/pdf\/es\/Policybrief_Balance-en-el-nitr\u00f3geno-del-suelo_CRN3005.pdf\" target=\"_blank\" rel=\"noreferrer noopener\"><strong>Espa\u00f1ol<\/strong><\/a> e <a href=\"https:\/\/iai.int\/pdf\/en\/Policybrief_NitrogenBalance_CRN3005.pdf\" target=\"_blank\" rel=\"noreferrer noopener\"><strong>Ingl\u00e9s<\/strong><\/a><\/p>\n\n\n\n<h4 class=\"wp-block-heading\">La importancia de estudiar los bosques secos tropicales (CRN 3025)<\/h4>\n\n\n\n<p>PDF en <a href=\"https:\/\/iai.int\/pdf\/es\/policy-brief-2018-crn-3025-s.pdf\" target=\"_blank\" rel=\"noreferrer noopener\"><strong>Espa\u00f1ol<\/strong><\/a> e <a href=\"https:\/\/iai.int\/pdf\/en\/policy-brief-2018-crn-3025-e.pdf\" target=\"_blank\" rel=\"noreferrer noopener\"><strong>Ingl\u00e9s<\/strong><\/a><\/p>\n\n\n\n<h4 class=\"wp-block-heading\">Del conocimiento sobre el clima a la acci\u00f3n (CRN 3035)<\/h4>\n\n\n\n<p>PDF en <a href=\"https:\/\/iai.int\/pdf\/es\/CRN3035_PB_SP.pdf\" target=\"_blank\" rel=\"noreferrer noopener\"><strong>Espa\u00f1ol<\/strong><\/a> and <a href=\"https:\/\/iai.int\/pdf\/en\/CRN3035_PB_EN-.pdf\" target=\"_blank\" rel=\"noreferrer noopener\"><strong>Ingl\u00e9s<\/strong><\/a><\/p>\n\n\n\n<h4 class=\"wp-block-heading\">Condiciones ambientales afectan salud humana en la selva amaz\u00f3nica (CRN 3036)<\/h4>\n\n\n\n<p>PDF en <a href=\"https:\/\/iai.int\/pdf\/es\/CRN3036_PB_SP.pdf\" target=\"_blank\" rel=\"noreferrer noopener\"><strong>Espa\u00f1ol<\/strong><\/a> e <a href=\"https:\/\/iai.int\/pdf\/en\/CRN3036_PB_EN.pdf\" target=\"_blank\" rel=\"noreferrer noopener\"><strong>Ingl\u00e9s<\/strong><\/a><\/p>\n\n\n\n<h4 class=\"wp-block-heading\">El estado de lagos y lagunas americanas (CRN 3038)<\/h4>\n\n\n\n<p>PDF en <a href=\"https:\/\/iai.int\/pdf\/es\/CRN3038_SP.pdf\" target=\"_blank\" rel=\"noreferrer noopener\"><strong>Espa\u00f1ol<\/strong><\/a> e <a href=\"https:\/\/iai.int\/pdf\/en\/CRN3038_EN.pdf\" target=\"_blank\" rel=\"noreferrer noopener\"><strong>Ingl\u00e9s<\/strong><\/a><\/p>\n\n\n\n<h4 class=\"wp-block-heading\">La Am\u00e9rica \u00e1rida, un desaf\u00edo para asegurar agua para la sociedad y el ambiente (CRN 3056)<\/h4>\n\n\n\n<p>PDF en <a href=\"https:\/\/iai.int\/pdf\/es\/CRN3056_SP.pdf\" target=\"_blank\" rel=\"noreferrer noopener\"><strong>Espa\u00f1ol<\/strong><\/a> e <a href=\"https:\/\/iai.int\/pdf\/en\/CRN3056_EN.pdf\" target=\"_blank\" rel=\"noreferrer noopener\"><strong>Ingl\u00e9s<\/strong><\/a><\/p>\n\n\n\n<h4 class=\"wp-block-heading\">Los secretos del oc\u00e9ano (CRN 3070)<\/h4>\n\n\n\n<p>PDF en <a href=\"https:\/\/iai.int\/pdf\/es\/CRN3070_SP.pdf\" target=\"_blank\" rel=\"noreferrer noopener\"><strong>Espa\u00f1ol<\/strong><\/a> e <a href=\"https:\/\/iai.int\/pdf\/en\/CRN3070_EN.pdf\" target=\"_blank\" rel=\"noreferrer noopener\"><strong>Ingl\u00e9s<\/strong><\/a><\/p>\n\n\n\n<h4 class=\"wp-block-heading\">El impacto de las grandes construcciones en la selva (CRN 3076)<\/h4>\n\n\n\n<p>PDF en <a href=\"https:\/\/iai.int\/pdf\/es\/CRN-3076-sp.pdf\" target=\"_blank\" rel=\"noreferrer noopener\"><strong>Espa\u00f1ol<\/strong><\/a> e <a href=\"https:\/\/iai.int\/pdf\/en\/CRN-3076.pdf\" target=\"_blank\" rel=\"noreferrer noopener\"><strong>Ingl\u00e9s<\/strong><\/a><\/p>\n\n\n\n<h4 class=\"wp-block-heading\">Los beneficios silenciosos de los oc\u00e9anos: el valor del fitoplancton (CRN 3094)<\/h4>\n\n\n\n<p>PDF en <a href=\"https:\/\/iai.int\/pdf\/es\/CRN-3094-sp.pdf\" target=\"_blank\" rel=\"noreferrer noopener\"><strong>Espa\u00f1ol<\/strong><\/a> e <a href=\"https:\/\/iai.int\/pdf\/en\/CRN-3094.pdf\" target=\"_blank\" rel=\"noreferrer noopener\"><strong>Ingl\u00e9s<\/strong><\/a><\/p>\n\n\n\n<h4 class=\"wp-block-heading\">\u00bfProducci\u00f3n y\/o conservaci\u00f3n? (CRN 3095)<\/h4>\n\n\n\n<p>PDF en <a href=\"https:\/\/iai.int\/pdf\/es\/CRN-3095-sp.pdf\" target=\"_blank\" rel=\"noreferrer noopener\"><strong>Espa\u00f1ol<\/strong><\/a> e <a href=\"https:\/\/iai.int\/pdf\/en\/CRN-3095.pdf\" target=\"_blank\" rel=\"noreferrer noopener\"><strong>Ingl\u00e9s<\/strong><\/a><\/p>\n\n\n\n<h4 class=\"wp-block-heading\">Falta de preparaci\u00f3n impide respuesta efectiva del sector p\u00fablico (CRN 3107)<\/h4>\n\n\n\n<p>PDF en <a href=\"https:\/\/iai.int\/pdf\/es\/CRN-3107-sp.pdf\" target=\"_blank\" rel=\"noreferrer noopener\"><strong>Espa\u00f1ol<\/strong><\/a> e <a href=\"https:\/\/iai.int\/pdf\/en\/CRN-3107.pdf\" target=\"_blank\" rel=\"noreferrer noopener\"><strong>Ingl\u00e9s<\/strong><\/a><\/p>\n\n\n\n<h4 class=\"wp-block-heading\">Entender al ciudadano para comprender la vulnerabilidad urbana (CRN 3108)<\/h4>\n\n\n\n<p>PDF en <a href=\"https:\/\/iai.int\/pdf\/es\/CRN-3108-sp.pdf\" target=\"_blank\" rel=\"noreferrer noopener\"><strong>Espa\u00f1ol<\/strong><\/a> e <a href=\"https:\/\/iai.int\/pdf\/en\/CRN-3108.pdf\" target=\"_blank\" rel=\"noreferrer noopener\"><strong>Ingl\u00e9s<\/strong><\/a><\/p>\n\n\n\n<hr class=\"wp-block-separator has-alpha-channel-opacity\"\/>\n\n\n\n<h3 class=\"wp-block-heading\">CRN2<\/h3>\n\n\n\n<hr class=\"wp-block-separator has-alpha-channel-opacity\"\/>\n\n\n\n<h4 class=\"wp-block-heading\"><a href=\"https:\/\/iai.int\/?page_id=1210\" data-type=\"page\" data-id=\"1210\">Impactos sobre la poblaci\u00f3n de los ciclones tropicales de la cuenca del Oc\u00e9ano Pac\u00edfico Oriental<\/a><\/h4>\n\n\n\n<p>Hoy, cuando uno de los m\u00e1s potentes huracanes de los que se tenga registro en el Oc\u00e9ano Atl\u00e1ntico se aproxima a Puerto Rico&#8230;<\/p>\n\n\n\n<h4 class=\"wp-block-heading\"><a href=\"https:\/\/iai.int\/?page_id=1211\" data-type=\"page\" data-id=\"1211\">Harvey y lo que la ciencia puede anticipar para reducir la vulnerabilidad a los eventos extremos<\/a><\/h4>\n\n\n\n<p>La tormenta tropical Harvey creci\u00f3 en intensidad hasta convertirse en hurac\u00e1n sobre el Golfo de M\u00e9xico la semana pasada&#8230;<\/p>\n\n\n\n<h4 class=\"wp-block-heading\"><a href=\"https:\/\/iai.int\/?page_id=1212\" data-type=\"page\" data-id=\"1212\">La evoluci\u00f3n de la interdisciplinariedad a lo largo de 20 a\u00f1os de investigaci\u00f3n del cambio global en el IAI<\/a><\/h4>\n\n\n\n<p>El cambio global es ubicuo y transversal a los sistemas humanos y naturales&#8230;<\/p>\n\n\n\n<h4 class=\"wp-block-heading\"><a href=\"https:\/\/iai.int\/?page_id=1213\" data-type=\"page\" data-id=\"1213\">Ganancias y p\u00e9rdidas<\/a><\/h4>\n\n\n\n<p>Los bosques secos tropicales son vulnerables al cambio global.<\/p>\n\n\n\n<h4 class=\"wp-block-heading\"><a href=\"https:\/\/iai.int\/?page_id=1214\" data-type=\"page\" data-id=\"1214\">Los anillos de crecimiento de \u00e1rboles relacionan sequ\u00edas con conflictos sociales<\/a><\/h4>\n\n\n\n<p>En el Altiplano Boliviano, el ancho de los anillos de crecimiento de Polylepis tarapacana var\u00eda consistentemente con la precipitaci\u00f3n anual.<\/p>\n\n\n\n<h4 class=\"wp-block-heading\"><a href=\"https:\/\/iai.int\/?page_id=1215\" data-type=\"page\" data-id=\"1215\">La temperatura de la superficie del Oc\u00e9ano Pac\u00edfico afecta la capa de nieve de los Andes y el aporte de agua a las regiones semi\u00e1ridas del centro de Chile y Argentina<\/a><\/h4>\n\n\n\n<p>La temperatura de la superficie del Oc\u00e9ano Pac\u00edfico afecta la capa de nieve de los Andes y el aporte de agua a las regiones semi\u00e1ridas del centro de Chile y Argentina<\/p>\n\n\n\n<h4 class=\"wp-block-heading\"><a href=\"https:\/\/iai.int\/?page_id=1216\" data-type=\"page\" data-id=\"1216\">Calor, polvo y gente<\/a><\/h4>\n\n\n\n<p>Los sistemas de informaci\u00f3n geogr\u00e1fica muestran la variaci\u00f3n del riesgo para la salud provocado por&#8230;.<\/p>\n\n\n\n<h4 class=\"wp-block-heading\"><a href=\"https:\/\/iai.int\/?page_id=1286\" data-type=\"page\" data-id=\"1286\">A la caza de los vientos<\/a><\/h4>\n\n\n\n<p>Errores potencialmente mortales en la predicci\u00f3n de las trayectorias de los huracanes.<\/p>\n\n\n\n<h4 class=\"wp-block-heading\"><a href=\"https:\/\/iai.int\/?page_id=1218\" data-type=\"page\" data-id=\"1218\">\u00bfCu\u00e1nta gente vive en las zonas costeras vulnerables de EE.UU.?<\/a><\/h4>\n\n\n\n<p>Con la cabeza fuera del agua:<\/p>\n\n\n\n<h4 class=\"wp-block-heading\"><a href=\"https:\/\/iai.int\/?page_id=1219\" data-type=\"page\" data-id=\"1219\">\u00bfUn futuro m\u00e1s c\u00e1lido con huracanes m\u00e1s intensos?<\/a><\/h4>\n\n\n\n<p>La historia de los huracanes en el Caribe revela que los m\u00e1ximos en ocurrencia de ciclones en el medioevo rivalizan con los actuales<\/p>\n\n\n\n<h4 class=\"wp-block-heading\"><a href=\"https:\/\/iai.int\/?page_id=1220\" data-type=\"page\" data-id=\"1220\">Alimentos e inundaciones<\/a><\/h4>\n\n\n\n<p>Aguas subterr\u00e1neas someras y manejo de tierras agr\u00edcolas en la regi\u00f3n pampeana.<\/p>\n\n\n\n<h4 class=\"wp-block-heading\"><a href=\"https:\/\/iai.int\/?page_id=1221\" data-type=\"page\" data-id=\"1221\">Alimentos de las profundidades<\/a><\/h4>\n\n\n\n<p>La surgencia en Patagonia: las corrientes oce\u00e1nicas determinan la productividad biol\u00f3gica.<\/p>\n\n\n\n<h4 class=\"wp-block-heading\"><a href=\"https:\/\/iai.int\/?page_id=1222\" data-type=\"page\" data-id=\"1222\">Huracanes y vulnerabilidad en zonas costeras en Am\u00e9rica Central y el Caribe<\/a><\/h4>\n\n\n\n<p>El Hurac\u00e1n Tomas durante el mes de noviembre fue tema de un gran n\u00famero de noticias debido a las lluvias torrenciales que&#8230;<\/p>\n\n\n\n<h4 class=\"wp-block-heading\"><a href=\"https:\/\/iai.int\/?page_id=1223\" data-type=\"page\" data-id=\"1223\">Derritiendo el hielo \u2013 retroceso de los glaciares de la Cordillera Americana<\/a><\/h4>\n\n\n\n<p>Investigadores de proyectos del IAI comparten mensajes clave acerca de sus estudios de los glaciares de la cordillera americana&#8230;<\/p>\n\n\n\n<h4 class=\"wp-block-heading\"><a href=\"https:\/\/iai.int\/?page_id=1224\" data-type=\"page\" data-id=\"1224\">Equilibrando el CO<sub>2<\/sub> en Am\u00e9rica del Sur \u2013 La investigaci\u00f3n del IAI respalda el acercamiento regional al cambio clim\u00e1tico<\/a><\/h4>\n\n\n\n<p>La investigaci\u00f3n del IAI respalda el acercamiento regional al cambio clim\u00e1tico Luego de Copenhague<\/p>\n\n\n\n<h4 class=\"wp-block-heading\"><a href=\"https:\/\/iai.int\/?page_id=1225\" data-type=\"page\" data-id=\"1225\">Estrategias e investigaci\u00f3n para la sustentabilidad en Am\u00e9rica latina<\/a><\/h4>\n\n\n\n<p>El aqu\u00ed y ahora del cambio clim\u00e1tico adapt\u00e1ndonos a los cambios de la estacionalidad<\/p>\n\n\n\n<h4 class=\"wp-block-heading\"><a href=\"https:\/\/iai.int\/?page_id=1226\" data-type=\"page\" data-id=\"1226\">Fortaleciendo la capacidad de adaptaci\u00f3n de los caficultores mesoamericanos ante los cambios globales<\/a><\/h4>\n\n\n\n<p>Hay aproximadamente 300,000 productores de caf\u00e9 en Centroam\u00e9rica y otros 280,000 en M\u00e9xico, los cuales en su gran mayor\u00eda son&#8230;<\/p>\n\n\n\n<h4 class=\"wp-block-heading\"><a href=\"https:\/\/iai.int\/?page_id=1227\" data-type=\"page\" data-id=\"1227\">C\u00f3mo mejorar el di\u00e1logo entre ciencia y sociedad. El caso del cambio global ambiental<\/a><\/h4>\n\n\n\n<p>The challenge of global environmental change<\/p>\n\n\n\n<h4 class=\"wp-block-heading\"><a href=\"https:\/\/iai.int\/?page_id=1228\" data-type=\"page\" data-id=\"1228\">Biocombustibles, balance de carbono en el suelo y sustentabilidad<\/a><\/h4>\n\n\n\n<p>The following is a brief summary of some critical issues in agricultural biofuel production&#8230;<\/p>\n\n\n\n<h4 class=\"wp-block-heading\"><a href=\"https:\/\/iai.int\/?page_id=1229\" data-type=\"page\" data-id=\"1229\">Riego con agua subterr\u00e1nea y sobreexplotaci\u00f3n de acu\u00edferos<\/a><\/h4>\n\n\n\n<p>Manejo local del agua en M\u00e9xico para mitigar el cambio global<\/p>\n\n\n\n<h4 class=\"wp-block-heading\"><a href=\"https:\/\/iai.int\/?page_id=1230\" data-type=\"page\" data-id=\"1230\">Folleto de Difusi\u00f3n: Valoraci\u00f3n y uso de los ecosistemas del oeste de C\u00f3rdoba<\/a><\/h4>\n\n\n\n<p>El objetivo de este folleto de difusi\u00f3n es comunicar, en un lenguaje no cient\u00edfico&#8230;<\/p>\n\n\n\n<h3 class=\"wp-block-heading\">Programa de Subsidios Semilla asociado a los Institutos de Capacitaci\u00f3n y los Seminarios Profesionales<\/h3>\n\n\n\n<h4 class=\"wp-block-heading\">Capacidades institucionales de respuesta a eventos de lluvias extremas en peque\u00f1as econom\u00edas de turismo costero y pesca artesanal en Am\u00e9rica Latina<\/h4>\n\n\n\n<p>PDF en <strong><a href=\"https:\/\/iai.int\/pdf\/en\/PB_01.pdf\" target=\"_blank\" rel=\"noreferrer noopener\">Ingl\u00e9s<\/a><\/strong><\/p>\n\n\n\n<p><\/p>\n","protected":false},"excerpt":{"rendered":"<p>Programa de Peque\u00f1os Subsidios: El papel de los servicios ecosist\u00e9micos en la adaptaci\u00f3n al cambio global para el bienestar humano (SGP-HW) Fortalecimiento de la adaptaci\u00f3n a los incendios forestales en el Amazonas (SGP-HW016) PDF en Espa\u00f1ol e Ingl\u00e9s Adaptaci\u00f3n para la sostenibilidad en la pesca en peque\u00f1a escala y los ecosistemas en Am\u00e9rica Latina (SGP-HW [&hellip;]<\/p>\n","protected":false},"author":1,"featured_media":0,"parent":0,"menu_order":0,"comment_status":"closed","ping_status":"closed","template":"","meta":{"_acf_changed":false,"_uag_custom_page_level_css":"","footnotes":""},"class_list":["post-1209","page","type-page","status-publish","hentry"],"acf":[],"yoast_head":"<!-- This site is optimized with the Yoast SEO plugin v27.3 - https:\/\/yoast.com\/product\/yoast-seo-wordpress\/ -->\n<title>Informes de proyectos y notas - IAI - Inter-American Institute for Global Change Research<\/title>\n<meta name=\"robots\" content=\"index, follow, max-snippet:-1, max-image-preview:large, max-video-preview:-1\" \/>\n<link rel=\"canonical\" href=\"https:\/\/iai.int\/es\/informes-de-proyectos-y-notas\/\" \/>\n<meta property=\"og:locale\" content=\"es_ES\" \/>\n<meta property=\"og:type\" content=\"article\" \/>\n<meta property=\"og:title\" content=\"Informes de proyectos y notas - IAI - Inter-American Institute for Global Change Research\" \/>\n<meta property=\"og:description\" content=\"Programa de Peque\u00f1os Subsidios: El papel de los servicios ecosist\u00e9micos en la adaptaci\u00f3n al cambio global para el bienestar humano (SGP-HW) Fortalecimiento de la adaptaci\u00f3n a los incendios forestales en el Amazonas (SGP-HW016) PDF en Espa\u00f1ol e Ingl\u00e9s Adaptaci\u00f3n para la sostenibilidad en la pesca en peque\u00f1a escala y los ecosistemas en Am\u00e9rica Latina (SGP-HW [&hellip;]\" \/>\n<meta property=\"og:url\" content=\"https:\/\/iai.int\/es\/informes-de-proyectos-y-notas\/\" \/>\n<meta property=\"og:site_name\" content=\"IAI - Inter-American Institute for Global Change Research\" \/>\n<meta property=\"article:modified_time\" content=\"2024-10-17T22:51:53+00:00\" \/>\n<meta property=\"og:image\" content=\"https:\/\/iai.int\/images\/ScienceSnapshots.jpg\" \/>\n<meta name=\"twitter:card\" content=\"summary_large_image\" \/>\n<meta name=\"twitter:label1\" content=\"Tiempo de lectura\" \/>\n\t<meta name=\"twitter:data1\" content=\"5 minutos\" \/>\n<script type=\"application\/ld+json\" class=\"yoast-schema-graph\">{\"@context\":\"https:\\\/\\\/schema.org\",\"@graph\":[{\"@type\":\"WebPage\",\"@id\":\"https:\\\/\\\/iai.int\\\/es\\\/informes-de-proyectos-y-notas\\\/\",\"url\":\"https:\\\/\\\/iai.int\\\/es\\\/informes-de-proyectos-y-notas\\\/\",\"name\":\"Informes de proyectos y notas - IAI - Inter-American Institute for Global Change Research\",\"isPartOf\":{\"@id\":\"https:\\\/\\\/iai.int\\\/es\\\/#website\"},\"primaryImageOfPage\":{\"@id\":\"https:\\\/\\\/iai.int\\\/es\\\/informes-de-proyectos-y-notas\\\/#primaryimage\"},\"image\":{\"@id\":\"https:\\\/\\\/iai.int\\\/es\\\/informes-de-proyectos-y-notas\\\/#primaryimage\"},\"thumbnailUrl\":\"https:\\\/\\\/iai.int\\\/images\\\/ScienceSnapshots.jpg\",\"datePublished\":\"2024-10-07T23:46:41+00:00\",\"dateModified\":\"2024-10-17T22:51:53+00:00\",\"breadcrumb\":{\"@id\":\"https:\\\/\\\/iai.int\\\/es\\\/informes-de-proyectos-y-notas\\\/#breadcrumb\"},\"inLanguage\":\"es\",\"potentialAction\":[{\"@type\":\"ReadAction\",\"target\":[\"https:\\\/\\\/iai.int\\\/es\\\/informes-de-proyectos-y-notas\\\/\"]}]},{\"@type\":\"ImageObject\",\"inLanguage\":\"es\",\"@id\":\"https:\\\/\\\/iai.int\\\/es\\\/informes-de-proyectos-y-notas\\\/#primaryimage\",\"url\":\"https:\\\/\\\/iai.int\\\/images\\\/ScienceSnapshots.jpg\",\"contentUrl\":\"https:\\\/\\\/iai.int\\\/images\\\/ScienceSnapshots.jpg\"},{\"@type\":\"BreadcrumbList\",\"@id\":\"https:\\\/\\\/iai.int\\\/es\\\/informes-de-proyectos-y-notas\\\/#breadcrumb\",\"itemListElement\":[{\"@type\":\"ListItem\",\"position\":1,\"name\":\"Portada\",\"item\":\"https:\\\/\\\/iai.int\\\/es\\\/\"},{\"@type\":\"ListItem\",\"position\":2,\"name\":\"Informes de proyectos y notas\"}]},{\"@type\":\"WebSite\",\"@id\":\"https:\\\/\\\/iai.int\\\/es\\\/#website\",\"url\":\"https:\\\/\\\/iai.int\\\/es\\\/\",\"name\":\"IAI - Inter-American Institute for Global Change Research\",\"description\":\"\",\"publisher\":{\"@id\":\"https:\\\/\\\/iai.int\\\/es\\\/#organization\"},\"potentialAction\":[{\"@type\":\"SearchAction\",\"target\":{\"@type\":\"EntryPoint\",\"urlTemplate\":\"https:\\\/\\\/iai.int\\\/es\\\/?s={search_term_string}\"},\"query-input\":{\"@type\":\"PropertyValueSpecification\",\"valueRequired\":true,\"valueName\":\"search_term_string\"}}],\"inLanguage\":\"es\"},{\"@type\":\"Organization\",\"@id\":\"https:\\\/\\\/iai.int\\\/es\\\/#organization\",\"name\":\"IAI - Inter-American Institute for Global Change Research\",\"url\":\"https:\\\/\\\/iai.int\\\/es\\\/\",\"logo\":{\"@type\":\"ImageObject\",\"inLanguage\":\"es\",\"@id\":\"https:\\\/\\\/iai.int\\\/es\\\/#\\\/schema\\\/logo\\\/image\\\/\",\"url\":\"https:\\\/\\\/iai.int\\\/wp-content\\\/uploads\\\/2025\\\/11\\\/IAI-logo-English-scaled.png\",\"contentUrl\":\"https:\\\/\\\/iai.int\\\/wp-content\\\/uploads\\\/2025\\\/11\\\/IAI-logo-English-scaled.png\",\"width\":2560,\"height\":985,\"caption\":\"IAI - Inter-American Institute for Global Change Research\"},\"image\":{\"@id\":\"https:\\\/\\\/iai.int\\\/es\\\/#\\\/schema\\\/logo\\\/image\\\/\"}}]}<\/script>\n<!-- \/ Yoast SEO plugin. -->","yoast_head_json":{"title":"Informes de proyectos y notas - IAI - Inter-American Institute for Global Change Research","robots":{"index":"index","follow":"follow","max-snippet":"max-snippet:-1","max-image-preview":"max-image-preview:large","max-video-preview":"max-video-preview:-1"},"canonical":"https:\/\/iai.int\/es\/informes-de-proyectos-y-notas\/","og_locale":"es_ES","og_type":"article","og_title":"Informes de proyectos y notas - IAI - Inter-American Institute for Global Change Research","og_description":"Programa de Peque\u00f1os Subsidios: El papel de los servicios ecosist\u00e9micos en la adaptaci\u00f3n al cambio global para el bienestar humano (SGP-HW) Fortalecimiento de la adaptaci\u00f3n a los incendios forestales en el Amazonas (SGP-HW016) PDF en Espa\u00f1ol e Ingl\u00e9s Adaptaci\u00f3n para la sostenibilidad en la pesca en peque\u00f1a escala y los ecosistemas en Am\u00e9rica Latina (SGP-HW [&hellip;]","og_url":"https:\/\/iai.int\/es\/informes-de-proyectos-y-notas\/","og_site_name":"IAI - Inter-American Institute for Global Change Research","article_modified_time":"2024-10-17T22:51:53+00:00","og_image":[{"url":"https:\/\/iai.int\/images\/ScienceSnapshots.jpg","type":"","width":"","height":""}],"twitter_card":"summary_large_image","twitter_misc":{"Tiempo de lectura":"5 minutos"},"schema":{"@context":"https:\/\/schema.org","@graph":[{"@type":"WebPage","@id":"https:\/\/iai.int\/es\/informes-de-proyectos-y-notas\/","url":"https:\/\/iai.int\/es\/informes-de-proyectos-y-notas\/","name":"Informes de proyectos y notas - IAI - Inter-American Institute for Global Change Research","isPartOf":{"@id":"https:\/\/iai.int\/es\/#website"},"primaryImageOfPage":{"@id":"https:\/\/iai.int\/es\/informes-de-proyectos-y-notas\/#primaryimage"},"image":{"@id":"https:\/\/iai.int\/es\/informes-de-proyectos-y-notas\/#primaryimage"},"thumbnailUrl":"https:\/\/iai.int\/images\/ScienceSnapshots.jpg","datePublished":"2024-10-07T23:46:41+00:00","dateModified":"2024-10-17T22:51:53+00:00","breadcrumb":{"@id":"https:\/\/iai.int\/es\/informes-de-proyectos-y-notas\/#breadcrumb"},"inLanguage":"es","potentialAction":[{"@type":"ReadAction","target":["https:\/\/iai.int\/es\/informes-de-proyectos-y-notas\/"]}]},{"@type":"ImageObject","inLanguage":"es","@id":"https:\/\/iai.int\/es\/informes-de-proyectos-y-notas\/#primaryimage","url":"https:\/\/iai.int\/images\/ScienceSnapshots.jpg","contentUrl":"https:\/\/iai.int\/images\/ScienceSnapshots.jpg"},{"@type":"BreadcrumbList","@id":"https:\/\/iai.int\/es\/informes-de-proyectos-y-notas\/#breadcrumb","itemListElement":[{"@type":"ListItem","position":1,"name":"Portada","item":"https:\/\/iai.int\/es\/"},{"@type":"ListItem","position":2,"name":"Informes de proyectos y notas"}]},{"@type":"WebSite","@id":"https:\/\/iai.int\/es\/#website","url":"https:\/\/iai.int\/es\/","name":"IAI - Inter-American Institute for Global Change Research","description":"","publisher":{"@id":"https:\/\/iai.int\/es\/#organization"},"potentialAction":[{"@type":"SearchAction","target":{"@type":"EntryPoint","urlTemplate":"https:\/\/iai.int\/es\/?s={search_term_string}"},"query-input":{"@type":"PropertyValueSpecification","valueRequired":true,"valueName":"search_term_string"}}],"inLanguage":"es"},{"@type":"Organization","@id":"https:\/\/iai.int\/es\/#organization","name":"IAI - Inter-American Institute for Global Change Research","url":"https:\/\/iai.int\/es\/","logo":{"@type":"ImageObject","inLanguage":"es","@id":"https:\/\/iai.int\/es\/#\/schema\/logo\/image\/","url":"https:\/\/iai.int\/wp-content\/uploads\/2025\/11\/IAI-logo-English-scaled.png","contentUrl":"https:\/\/iai.int\/wp-content\/uploads\/2025\/11\/IAI-logo-English-scaled.png","width":2560,"height":985,"caption":"IAI - Inter-American Institute for Global Change Research"},"image":{"@id":"https:\/\/iai.int\/es\/#\/schema\/logo\/image\/"}}]}},"uagb_featured_image_src":{"full":false,"thumbnail":false,"medium":false,"medium_large":false,"large":false,"1536x1536":false,"2048x2048":false},"uagb_author_info":{"display_name":"admin","author_link":"https:\/\/iai.int\/es\/author\/admin\/"},"uagb_comment_info":0,"uagb_excerpt":"Programa de Peque\u00f1os Subsidios: El papel de los servicios ecosist\u00e9micos en la adaptaci\u00f3n al cambio global para el bienestar humano (SGP-HW) Fortalecimiento de la adaptaci\u00f3n a los incendios forestales en el Amazonas (SGP-HW016) PDF en Espa\u00f1ol e Ingl\u00e9s Adaptaci\u00f3n para la sostenibilidad en la pesca en peque\u00f1a escala y los ecosistemas en Am\u00e9rica Latina (SGP-HW&hellip;","_links":{"self":[{"href":"https:\/\/iai.int\/es\/wp-json\/wp\/v2\/pages\/1209","targetHints":{"allow":["GET"]}}],"collection":[{"href":"https:\/\/iai.int\/es\/wp-json\/wp\/v2\/pages"}],"about":[{"href":"https:\/\/iai.int\/es\/wp-json\/wp\/v2\/types\/page"}],"author":[{"embeddable":true,"href":"https:\/\/iai.int\/es\/wp-json\/wp\/v2\/users\/1"}],"replies":[{"embeddable":true,"href":"https:\/\/iai.int\/es\/wp-json\/wp\/v2\/comments?post=1209"}],"version-history":[{"count":8,"href":"https:\/\/iai.int\/es\/wp-json\/wp\/v2\/pages\/1209\/revisions"}],"predecessor-version":[{"id":1423,"href":"https:\/\/iai.int\/es\/wp-json\/wp\/v2\/pages\/1209\/revisions\/1423"}],"wp:attachment":[{"href":"https:\/\/iai.int\/es\/wp-json\/wp\/v2\/media?parent=1209"}],"curies":[{"name":"wp","href":"https:\/\/api.w.org\/{rel}","templated":true}]}}