{"id":1151,"date":"2024-09-22T17:20:43","date_gmt":"2024-09-22T20:20:43","guid":{"rendered":"https:\/\/iai.int\/?page_id=1151"},"modified":"2024-09-22T17:20:43","modified_gmt":"2024-09-22T20:20:43","slug":"haciendo-frente-a-los-riesgos-hidrologicos-en-las-megaciudades-marco-de-planeamiento-cooperativo-para-el-area-metropolitana-de-la-ciudad-de-mexico-crn-3108","status":"publish","type":"page","link":"https:\/\/iai.int\/es\/haciendo-frente-a-los-riesgos-hidrologicos-en-las-megaciudades-marco-de-planeamiento-cooperativo-para-el-area-metropolitana-de-la-ciudad-de-mexico-crn-3108\/","title":{"rendered":"Haciendo frente a los riesgos hidrol\u00f3gicos en las megaciudades: Marco de planeamiento cooperativo para el \u00e1rea metropolitana de la Ciudad de M\u00e9xico (CRN 3108)"},"content":{"rendered":"\n<figure class=\"wp-block-image\"><img decoding=\"async\" src=\"https:\/\/iai.int\/admin\/site\/sites\/default\/files\/uploads\/Imagen4-300x170.jpg\" alt=\"Imagen4\" class=\"wp-image-12291\"\/><\/figure>\n\n\n\n<h3 class=\"wp-block-heading\">Informaci\u00f3n de proyecto<\/h3>\n\n\n\n<p><strong>Investigador principal:<\/strong><\/p>\n\n\n\n<p><em>Luis A. Boj\u00f3rquez Tapia<\/em>&nbsp;(<a href=\"mailto:bojorquez@ecologia.unam.mx\">bojorquez@ecologia.unam.mx<\/a>)<br>Universidad Nacional Aut\u00f3noma de M\u00e9xico (M\u00e9xico)<\/p>\n\n\n\n<p><strong>Duraci\u00f3n y monto:<\/strong><\/p>\n\n\n\n<p>Feb 2014\/ Feb 2017, USD 180.000<\/p>\n\n\n\n<p><strong>Pa\u00edses participantes:<\/strong><\/p>\n\n\n\n<p>EE.UU., M\u00e9xico<\/p>\n\n\n\n<p><strong>Papers publicados:<\/strong><\/p>\n\n\n\n<p><a href=\"http:\/\/www.citeulike.org\/user\/IAI\/tag\/crn3108\" target=\"_blank\" rel=\"noreferrer noopener\">http:\/\/www.citeulike.org\/user\/IAI\/tag\/crn3108<\/a><\/p>\n\n\n\n<p><a href=\"https:\/\/iai.int\/es\/post\/detail\/coping-with-hydrological-risk-in-megacities-collaborative-planning-framework-for-the-mexico-city-metropolitan-area-crn-3108#investigadores\">Investigadores<\/a>&nbsp;<a href=\"https:\/\/iai.int\/es\/post\/detail\/coping-with-hydrological-risk-in-megacities-collaborative-planning-framework-for-the-mexico-city-metropolitan-area-crn-3108#summary\">Resumen ejecutivo<\/a>&nbsp;<a href=\"https:\/\/iai.int\/es\/post\/detail\/coping-with-hydrological-risk-in-megacities-collaborative-planning-framework-for-the-mexico-city-metropolitan-area-crn-3108#fotos\">Fotos<\/a><\/p>\n\n\n\n<h3 class=\"wp-block-heading\" id=\"investigadores\">Investigadores del proyecto<\/h3>\n\n\n\n<p><em>Luis A. Boj\u00f3rquez Tapia<\/em>&nbsp;(<a href=\"mailto:bojorquez@ecologia.unam.mx\">bojorquez@ecologia.unam.mx<\/a>)<br>Universidad Nacional Aut\u00f3noma de M\u00e9xico (M\u00e9xico)<\/p>\n\n\n\n<p><em>Victor Barradas-Miranda<\/em>&nbsp;(<a href=\"mailto:vbarrada@ecologia.unam.mx\">vbarrada@ecologia.unam.mx<\/a>)<br>Universidad Aut\u00f3noma de M\u00e9xico, M\u00e9xico<\/p>\n\n\n\n<p><em>Mariana Benitez<\/em>&nbsp;(<a href=\"mailto:mbenitez@iecologia.unam.mx\">mbenitez@iecologia.unam.mx<\/a>)<br>Laboratorio Nacional de Ciencias de la Sostenibilidad- UNAM, M\u00e9xico<\/p>\n\n\n\n<p><em>Eftychia D. Burnashou-Marcou<\/em>&nbsp;(<a href=\"mailto:effi.bournazou@gmail.com\">effi.bournazou@gmail.com<\/a>)<br>Universidad Aut\u00f3noma de M\u00e9xico, M\u00e9xico<\/p>\n\n\n\n<p><em>Ana Escalante<\/em>&nbsp;(<a href=\"mailto:anaelena@gmail.com\">anaelena@gmail.com<\/a>)<br>Instituto de Ecolog\u00eda \u2013 UNAM, M\u00e9xico<\/p>\n\n\n\n<p><em>Ana Cecilia Espinoza<\/em>&nbsp;(<a href=\"mailto:acespinosa@ecologia.unam.mx\">acespinosa@ecologia.unam.mx<\/a>)<br>Instituto de Ecolog\u00eda \u2013 UNAM, M\u00e9xico<\/p>\n\n\n\n<p><em>Marisa Mazari-Hiriart<\/em>&nbsp;(<a href=\"mailto:mazari@unam.mx\">mazari@unam.mx<\/a>)<br>Instituto de Ecolog\u00eda \u2013 UNAM, M\u00e9xico<\/p>\n\n\n\n<p><em>Eric Morales-Casique<\/em>&nbsp;(<a href=\"mailto:ericmc@geologia.unam.mx\">ericmc@geologia.unam.mx<\/a>)<br>Instituto de Geolog\u00eda \u2013 UNAM, M\u00e9xico<\/p>\n\n\n\n<p><em>Hallie Eakin<\/em><\/p>\n\n\n\n<h3 class=\"wp-block-heading\" id=\"summary\">Resumen ejecutivo<\/h3>\n\n\n\n<p>El \u00c1rea Metropolitana de la Ciudad de M\u00e9xico (AMCM) enfrenta un problema que se autoalimenta con el riesgo de inundaciones, que incluye cuestiones de salud p\u00fablica asociadas a la contaminaci\u00f3n del agua, y la vulnerabilidad a la escasez de agua. Un proceso de decisiones multiactoral y multiescalar resulta fundamental para permitir hacer frente a dichos retos mediante adaptaciones transformadoras.<\/p>\n\n\n\n<p>Desarrollaremos un marco cooperativo para habilitar una adaptaci\u00f3n fundamental a los riesgos hidroclim\u00e1ticos en el AMCM. Este proyecto integrar\u00e1 perspectivas orientadas a los actores con enfoques anal\u00edticos de sistemas sobre vulnerabilidad y adaptaci\u00f3n para evaluar la resiliencia y la din\u00e1mica socioecol\u00f3gica del AMCM. Nuestra iniciativa tiene por objeto proporcionar una plataforma para el aprendizaje social a trav\u00e9s del desarrollo de un \u201cobjeto l\u00edmite\u201d que permitir\u00e1 que individuos y grupos act\u00faen de forma colectiva como resultado de una mejor comprensi\u00f3n de los riesgos hidroclim\u00e1ticos.<\/p>\n\n\n\n<p>El objetivo espec\u00edfico es abordar la compleja interacci\u00f3n entre la ciencia y la toma de decisiones mediante (1) la identificaci\u00f3n de los impulsores ex\u00f3genos y end\u00f3genos de la vulnerabilidad; (2) la demostraci\u00f3n de c\u00f3mo los impulsores y consecuencias de la vulnerabilidad se relacionan en el espacio y las escalas; y (3) el desarrollo de un marco para pol\u00edticas de adaptaci\u00f3n que sea te\u00f3ricamente robusto y operativamente manejable. En el proyecto se integrar\u00e1n las ciencias naturales y sociales en una investigaci\u00f3n orientada a los usuarios mediante el uso de la infraestructura del Laboratorio Nacional de Ciencias de la Sostenibilidad de la UNAM (LANCIS). Las actividades de investigaci\u00f3n se llevar\u00e1n a cabo en acuerdo con las autoridades federales y locales de la AMCM con el fin de implementar una nueva legislaci\u00f3n sobre cambio clim\u00e1tico y articular el planeamiento del uso de la tierra con la estructura de las pol\u00edticas de adaptaci\u00f3n.<\/p>\n\n\n\n<h3 class=\"wp-block-heading\" id=\"fotos\">Fotos<\/h3>\n\n\n\n<figure class=\"wp-block-image\"><img decoding=\"async\" src=\"https:\/\/iai.int\/admin\/site\/sites\/default\/files\/uploads\/Imagen4-300x170.jpg\" alt=\"Imagen4\" class=\"wp-image-12291\"\/><\/figure>\n\n\n\n<figure class=\"wp-block-image\"><img decoding=\"async\" src=\"https:\/\/iai.int\/admin\/site\/sites\/default\/files\/uploads\/Imagen3-300x195.jpg\" alt=\"Imagen3\" class=\"wp-image-12293\"\/><\/figure>\n\n\n\n<figure class=\"wp-block-image\"><img decoding=\"async\" src=\"https:\/\/iai.int\/admin\/site\/sites\/default\/files\/uploads\/Imagen11-300x190.jpg\" alt=\"Imagen1\" class=\"wp-image-12295\"\/><\/figure>\n\n\n\n<figure class=\"wp-block-image\"><img decoding=\"async\" src=\"https:\/\/iai.int\/admin\/site\/sites\/default\/files\/uploads\/Imagen2-300x126.jpg\" alt=\"Imagen2\" class=\"wp-image-12296\"\/><\/figure>\n\n\n\n<figure class=\"wp-block-image\"><img decoding=\"async\" src=\"https:\/\/iai.int\/admin\/site\/sites\/default\/files\/uploads\/Imagen5-300x130.jpg\" alt=\"Imagen5\" class=\"wp-image-12297\"\/><\/figure>\n\n\n\n<figure class=\"wp-block-image\"><img decoding=\"async\" src=\"https:\/\/iai.int\/admin\/site\/sites\/default\/files\/uploads\/Imagen17-120x300.jpg\" alt=\"Imagen17\" class=\"wp-image-12308\"\/><\/figure>\n\n\n\n<figure class=\"wp-block-image\"><img decoding=\"async\" src=\"https:\/\/iai.int\/admin\/site\/sites\/default\/files\/uploads\/Imagen18-233x300.jpg\" alt=\"Imagen18\" class=\"wp-image-12309\"\/><\/figure>\n\n\n\n<figure class=\"wp-block-image\"><img decoding=\"async\" src=\"https:\/\/iai.int\/admin\/site\/sites\/default\/files\/uploads\/Imagen6-268x300.jpg\" alt=\"Imagen6\" class=\"wp-image-12298\"\/><\/figure>\n\n\n\n<figure class=\"wp-block-image\"><img decoding=\"async\" src=\"https:\/\/iai.int\/admin\/site\/sites\/default\/files\/uploads\/Imagen7-268x300.jpg\" alt=\"Imagen7\" class=\"wp-image-12299\"\/><\/figure>\n\n\n\n<figure class=\"wp-block-image\"><img decoding=\"async\" src=\"https:\/\/iai.int\/admin\/site\/sites\/default\/files\/uploads\/Imagen9-268x300.jpg\" alt=\"Imagen9\" class=\"wp-image-12301\"\/><\/figure>\n\n\n\n<figure class=\"wp-block-image\"><img decoding=\"async\" src=\"https:\/\/iai.int\/admin\/site\/sites\/default\/files\/uploads\/Imagen111-268x300.jpg\" alt=\"Imagen11\" class=\"wp-image-12303\"\/><\/figure>\n\n\n\n<figure class=\"wp-block-image\"><img decoding=\"async\" src=\"https:\/\/iai.int\/admin\/site\/sites\/default\/files\/uploads\/Imagen12-268x300.jpg\" alt=\"Imagen12\" class=\"wp-image-12304\"\/><\/figure>\n\n\n\n<figure class=\"wp-block-image\"><img decoding=\"async\" src=\"https:\/\/iai.int\/admin\/site\/sites\/default\/files\/uploads\/Imagen14-268x300.jpg\" alt=\"Imagen14\" class=\"wp-image-12305\"\/><\/figure>\n\n\n\n<figure class=\"wp-block-image\"><img decoding=\"async\" src=\"https:\/\/iai.int\/admin\/site\/sites\/default\/files\/uploads\/Imagen15-300x218.jpg\" alt=\"Imagen15\" class=\"wp-image-12306\"\/><\/figure>\n\n\n\n<figure class=\"wp-block-image\"><img decoding=\"async\" src=\"https:\/\/iai.int\/admin\/site\/sites\/default\/files\/uploads\/Imagen16-262x300.jpg\" alt=\"Imagen16\" class=\"wp-image-12307\"\/><\/figure>\n","protected":false},"excerpt":{"rendered":"<p>Informaci\u00f3n de proyecto Investigador principal: Luis A. Boj\u00f3rquez Tapia&nbsp;(bojorquez@ecologia.unam.mx)Universidad Nacional Aut\u00f3noma de M\u00e9xico (M\u00e9xico) Duraci\u00f3n y monto: Feb 2014\/ Feb 2017, USD 180.000 Pa\u00edses participantes: EE.UU., M\u00e9xico Papers publicados: http:\/\/www.citeulike.org\/user\/IAI\/tag\/crn3108 Investigadores&nbsp;Resumen ejecutivo&nbsp;Fotos Investigadores del proyecto Luis A. Boj\u00f3rquez Tapia&nbsp;(bojorquez@ecologia.unam.mx)Universidad Nacional Aut\u00f3noma de M\u00e9xico (M\u00e9xico) Victor Barradas-Miranda&nbsp;(vbarrada@ecologia.unam.mx)Universidad Aut\u00f3noma de M\u00e9xico, M\u00e9xico Mariana Benitez&nbsp;(mbenitez@iecologia.unam.mx)Laboratorio Nacional de Ciencias [&hellip;]<\/p>\n","protected":false},"author":1,"featured_media":0,"parent":0,"menu_order":0,"comment_status":"closed","ping_status":"closed","template":"","meta":{"_acf_changed":false,"_uag_custom_page_level_css":"","footnotes":""},"class_list":["post-1151","page","type-page","status-publish","hentry"],"acf":[],"yoast_head":"<!-- This site is optimized with the Yoast SEO plugin v27.3 - https:\/\/yoast.com\/product\/yoast-seo-wordpress\/ -->\n<title>Haciendo frente a los riesgos hidrol\u00f3gicos en las megaciudades: Marco de planeamiento cooperativo para el \u00e1rea metropolitana de la Ciudad de M\u00e9xico (CRN 3108) - IAI - Inter-American Institute for Global Change Research<\/title>\n<meta name=\"robots\" content=\"index, follow, max-snippet:-1, max-image-preview:large, max-video-preview:-1\" \/>\n<link rel=\"canonical\" href=\"https:\/\/iai.int\/es\/haciendo-frente-a-los-riesgos-hidrologicos-en-las-megaciudades-marco-de-planeamiento-cooperativo-para-el-area-metropolitana-de-la-ciudad-de-mexico-crn-3108\/\" \/>\n<meta property=\"og:locale\" content=\"es_ES\" \/>\n<meta property=\"og:type\" content=\"article\" \/>\n<meta property=\"og:title\" content=\"Haciendo frente a los riesgos hidrol\u00f3gicos en las megaciudades: Marco de planeamiento cooperativo para el \u00e1rea metropolitana de la Ciudad de M\u00e9xico (CRN 3108) - IAI - Inter-American Institute for Global Change Research\" \/>\n<meta property=\"og:description\" content=\"Informaci\u00f3n de proyecto Investigador principal: Luis A. Boj\u00f3rquez Tapia&nbsp;(bojorquez@ecologia.unam.mx)Universidad Nacional Aut\u00f3noma de M\u00e9xico (M\u00e9xico) Duraci\u00f3n y monto: Feb 2014\/ Feb 2017, USD 180.000 Pa\u00edses participantes: EE.UU., M\u00e9xico Papers publicados: http:\/\/www.citeulike.org\/user\/IAI\/tag\/crn3108 Investigadores&nbsp;Resumen ejecutivo&nbsp;Fotos Investigadores del proyecto Luis A. Boj\u00f3rquez Tapia&nbsp;(bojorquez@ecologia.unam.mx)Universidad Nacional Aut\u00f3noma de M\u00e9xico (M\u00e9xico) Victor Barradas-Miranda&nbsp;(vbarrada@ecologia.unam.mx)Universidad Aut\u00f3noma de M\u00e9xico, M\u00e9xico Mariana Benitez&nbsp;(mbenitez@iecologia.unam.mx)Laboratorio Nacional de Ciencias [&hellip;]\" \/>\n<meta property=\"og:url\" content=\"https:\/\/iai.int\/es\/haciendo-frente-a-los-riesgos-hidrologicos-en-las-megaciudades-marco-de-planeamiento-cooperativo-para-el-area-metropolitana-de-la-ciudad-de-mexico-crn-3108\/\" \/>\n<meta property=\"og:site_name\" content=\"IAI - Inter-American Institute for Global Change Research\" \/>\n<meta property=\"og:image\" content=\"https:\/\/iai.int\/wp-content\/uploads\/2025\/12\/IAI-y-FONPLATA.png\" \/>\n\t<meta property=\"og:image:width\" content=\"1772\" \/>\n\t<meta property=\"og:image:height\" content=\"551\" \/>\n\t<meta property=\"og:image:type\" content=\"image\/png\" \/>\n<meta name=\"twitter:card\" content=\"summary_large_image\" \/>\n<meta name=\"twitter:label1\" content=\"Tiempo de lectura\" \/>\n\t<meta name=\"twitter:data1\" content=\"3 minutos\" \/>\n<script type=\"application\/ld+json\" class=\"yoast-schema-graph\">{\"@context\":\"https:\\\/\\\/schema.org\",\"@graph\":[{\"@type\":\"WebPage\",\"@id\":\"https:\\\/\\\/iai.int\\\/es\\\/haciendo-frente-a-los-riesgos-hidrologicos-en-las-megaciudades-marco-de-planeamiento-cooperativo-para-el-area-metropolitana-de-la-ciudad-de-mexico-crn-3108\\\/\",\"url\":\"https:\\\/\\\/iai.int\\\/es\\\/haciendo-frente-a-los-riesgos-hidrologicos-en-las-megaciudades-marco-de-planeamiento-cooperativo-para-el-area-metropolitana-de-la-ciudad-de-mexico-crn-3108\\\/\",\"name\":\"Haciendo frente a los riesgos hidrol\u00f3gicos en las megaciudades: Marco de planeamiento cooperativo para el \u00e1rea metropolitana de la Ciudad de M\u00e9xico (CRN 3108) - IAI - Inter-American Institute for Global Change Research\",\"isPartOf\":{\"@id\":\"https:\\\/\\\/iai.int\\\/es\\\/#website\"},\"primaryImageOfPage\":{\"@id\":\"https:\\\/\\\/iai.int\\\/es\\\/haciendo-frente-a-los-riesgos-hidrologicos-en-las-megaciudades-marco-de-planeamiento-cooperativo-para-el-area-metropolitana-de-la-ciudad-de-mexico-crn-3108\\\/#primaryimage\"},\"image\":{\"@id\":\"https:\\\/\\\/iai.int\\\/es\\\/haciendo-frente-a-los-riesgos-hidrologicos-en-las-megaciudades-marco-de-planeamiento-cooperativo-para-el-area-metropolitana-de-la-ciudad-de-mexico-crn-3108\\\/#primaryimage\"},\"thumbnailUrl\":\"https:\\\/\\\/iai.int\\\/admin\\\/site\\\/sites\\\/default\\\/files\\\/uploads\\\/Imagen4-300x170.jpg\",\"datePublished\":\"2024-09-22T20:20:43+00:00\",\"breadcrumb\":{\"@id\":\"https:\\\/\\\/iai.int\\\/es\\\/haciendo-frente-a-los-riesgos-hidrologicos-en-las-megaciudades-marco-de-planeamiento-cooperativo-para-el-area-metropolitana-de-la-ciudad-de-mexico-crn-3108\\\/#breadcrumb\"},\"inLanguage\":\"es\",\"potentialAction\":[{\"@type\":\"ReadAction\",\"target\":[\"https:\\\/\\\/iai.int\\\/es\\\/haciendo-frente-a-los-riesgos-hidrologicos-en-las-megaciudades-marco-de-planeamiento-cooperativo-para-el-area-metropolitana-de-la-ciudad-de-mexico-crn-3108\\\/\"]}]},{\"@type\":\"ImageObject\",\"inLanguage\":\"es\",\"@id\":\"https:\\\/\\\/iai.int\\\/es\\\/haciendo-frente-a-los-riesgos-hidrologicos-en-las-megaciudades-marco-de-planeamiento-cooperativo-para-el-area-metropolitana-de-la-ciudad-de-mexico-crn-3108\\\/#primaryimage\",\"url\":\"https:\\\/\\\/iai.int\\\/admin\\\/site\\\/sites\\\/default\\\/files\\\/uploads\\\/Imagen4-300x170.jpg\",\"contentUrl\":\"https:\\\/\\\/iai.int\\\/admin\\\/site\\\/sites\\\/default\\\/files\\\/uploads\\\/Imagen4-300x170.jpg\"},{\"@type\":\"BreadcrumbList\",\"@id\":\"https:\\\/\\\/iai.int\\\/es\\\/haciendo-frente-a-los-riesgos-hidrologicos-en-las-megaciudades-marco-de-planeamiento-cooperativo-para-el-area-metropolitana-de-la-ciudad-de-mexico-crn-3108\\\/#breadcrumb\",\"itemListElement\":[{\"@type\":\"ListItem\",\"position\":1,\"name\":\"Portada\",\"item\":\"https:\\\/\\\/iai.int\\\/es\\\/\"},{\"@type\":\"ListItem\",\"position\":2,\"name\":\"Haciendo frente a los riesgos hidrol\u00f3gicos en las megaciudades: Marco de planeamiento cooperativo para el \u00e1rea metropolitana de la Ciudad de M\u00e9xico (CRN 3108)\"}]},{\"@type\":\"WebSite\",\"@id\":\"https:\\\/\\\/iai.int\\\/es\\\/#website\",\"url\":\"https:\\\/\\\/iai.int\\\/es\\\/\",\"name\":\"IAI - Inter-American Institute for Global Change Research\",\"description\":\"\",\"publisher\":{\"@id\":\"https:\\\/\\\/iai.int\\\/es\\\/#organization\"},\"potentialAction\":[{\"@type\":\"SearchAction\",\"target\":{\"@type\":\"EntryPoint\",\"urlTemplate\":\"https:\\\/\\\/iai.int\\\/es\\\/?s={search_term_string}\"},\"query-input\":{\"@type\":\"PropertyValueSpecification\",\"valueRequired\":true,\"valueName\":\"search_term_string\"}}],\"inLanguage\":\"es\"},{\"@type\":\"Organization\",\"@id\":\"https:\\\/\\\/iai.int\\\/es\\\/#organization\",\"name\":\"IAI - Inter-American Institute for Global Change Research\",\"url\":\"https:\\\/\\\/iai.int\\\/es\\\/\",\"logo\":{\"@type\":\"ImageObject\",\"inLanguage\":\"es\",\"@id\":\"https:\\\/\\\/iai.int\\\/es\\\/#\\\/schema\\\/logo\\\/image\\\/\",\"url\":\"https:\\\/\\\/iai.int\\\/wp-content\\\/uploads\\\/2025\\\/11\\\/IAI-logo-English-scaled.png\",\"contentUrl\":\"https:\\\/\\\/iai.int\\\/wp-content\\\/uploads\\\/2025\\\/11\\\/IAI-logo-English-scaled.png\",\"width\":2560,\"height\":985,\"caption\":\"IAI - Inter-American Institute for Global Change Research\"},\"image\":{\"@id\":\"https:\\\/\\\/iai.int\\\/es\\\/#\\\/schema\\\/logo\\\/image\\\/\"}}]}<\/script>\n<!-- \/ Yoast SEO plugin. -->","yoast_head_json":{"title":"Haciendo frente a los riesgos hidrol\u00f3gicos en las megaciudades: Marco de planeamiento cooperativo para el \u00e1rea metropolitana de la Ciudad de M\u00e9xico (CRN 3108) - IAI - Inter-American Institute for Global Change Research","robots":{"index":"index","follow":"follow","max-snippet":"max-snippet:-1","max-image-preview":"max-image-preview:large","max-video-preview":"max-video-preview:-1"},"canonical":"https:\/\/iai.int\/es\/haciendo-frente-a-los-riesgos-hidrologicos-en-las-megaciudades-marco-de-planeamiento-cooperativo-para-el-area-metropolitana-de-la-ciudad-de-mexico-crn-3108\/","og_locale":"es_ES","og_type":"article","og_title":"Haciendo frente a los riesgos hidrol\u00f3gicos en las megaciudades: Marco de planeamiento cooperativo para el \u00e1rea metropolitana de la Ciudad de M\u00e9xico (CRN 3108) - IAI - Inter-American Institute for Global Change Research","og_description":"Informaci\u00f3n de proyecto Investigador principal: Luis A. Boj\u00f3rquez Tapia&nbsp;(bojorquez@ecologia.unam.mx)Universidad Nacional Aut\u00f3noma de M\u00e9xico (M\u00e9xico) Duraci\u00f3n y monto: Feb 2014\/ Feb 2017, USD 180.000 Pa\u00edses participantes: EE.UU., M\u00e9xico Papers publicados: http:\/\/www.citeulike.org\/user\/IAI\/tag\/crn3108 Investigadores&nbsp;Resumen ejecutivo&nbsp;Fotos Investigadores del proyecto Luis A. Boj\u00f3rquez Tapia&nbsp;(bojorquez@ecologia.unam.mx)Universidad Nacional Aut\u00f3noma de M\u00e9xico (M\u00e9xico) Victor Barradas-Miranda&nbsp;(vbarrada@ecologia.unam.mx)Universidad Aut\u00f3noma de M\u00e9xico, M\u00e9xico Mariana Benitez&nbsp;(mbenitez@iecologia.unam.mx)Laboratorio Nacional de Ciencias [&hellip;]","og_url":"https:\/\/iai.int\/es\/haciendo-frente-a-los-riesgos-hidrologicos-en-las-megaciudades-marco-de-planeamiento-cooperativo-para-el-area-metropolitana-de-la-ciudad-de-mexico-crn-3108\/","og_site_name":"IAI - Inter-American Institute for Global Change Research","og_image":[{"width":1772,"height":551,"url":"https:\/\/iai.int\/wp-content\/uploads\/2025\/12\/IAI-y-FONPLATA.png","type":"image\/png"}],"twitter_card":"summary_large_image","twitter_misc":{"Tiempo de lectura":"3 minutos"},"schema":{"@context":"https:\/\/schema.org","@graph":[{"@type":"WebPage","@id":"https:\/\/iai.int\/es\/haciendo-frente-a-los-riesgos-hidrologicos-en-las-megaciudades-marco-de-planeamiento-cooperativo-para-el-area-metropolitana-de-la-ciudad-de-mexico-crn-3108\/","url":"https:\/\/iai.int\/es\/haciendo-frente-a-los-riesgos-hidrologicos-en-las-megaciudades-marco-de-planeamiento-cooperativo-para-el-area-metropolitana-de-la-ciudad-de-mexico-crn-3108\/","name":"Haciendo frente a los riesgos hidrol\u00f3gicos en las megaciudades: Marco de planeamiento cooperativo para el \u00e1rea metropolitana de la Ciudad de M\u00e9xico (CRN 3108) - IAI - Inter-American Institute for Global Change Research","isPartOf":{"@id":"https:\/\/iai.int\/es\/#website"},"primaryImageOfPage":{"@id":"https:\/\/iai.int\/es\/haciendo-frente-a-los-riesgos-hidrologicos-en-las-megaciudades-marco-de-planeamiento-cooperativo-para-el-area-metropolitana-de-la-ciudad-de-mexico-crn-3108\/#primaryimage"},"image":{"@id":"https:\/\/iai.int\/es\/haciendo-frente-a-los-riesgos-hidrologicos-en-las-megaciudades-marco-de-planeamiento-cooperativo-para-el-area-metropolitana-de-la-ciudad-de-mexico-crn-3108\/#primaryimage"},"thumbnailUrl":"https:\/\/iai.int\/admin\/site\/sites\/default\/files\/uploads\/Imagen4-300x170.jpg","datePublished":"2024-09-22T20:20:43+00:00","breadcrumb":{"@id":"https:\/\/iai.int\/es\/haciendo-frente-a-los-riesgos-hidrologicos-en-las-megaciudades-marco-de-planeamiento-cooperativo-para-el-area-metropolitana-de-la-ciudad-de-mexico-crn-3108\/#breadcrumb"},"inLanguage":"es","potentialAction":[{"@type":"ReadAction","target":["https:\/\/iai.int\/es\/haciendo-frente-a-los-riesgos-hidrologicos-en-las-megaciudades-marco-de-planeamiento-cooperativo-para-el-area-metropolitana-de-la-ciudad-de-mexico-crn-3108\/"]}]},{"@type":"ImageObject","inLanguage":"es","@id":"https:\/\/iai.int\/es\/haciendo-frente-a-los-riesgos-hidrologicos-en-las-megaciudades-marco-de-planeamiento-cooperativo-para-el-area-metropolitana-de-la-ciudad-de-mexico-crn-3108\/#primaryimage","url":"https:\/\/iai.int\/admin\/site\/sites\/default\/files\/uploads\/Imagen4-300x170.jpg","contentUrl":"https:\/\/iai.int\/admin\/site\/sites\/default\/files\/uploads\/Imagen4-300x170.jpg"},{"@type":"BreadcrumbList","@id":"https:\/\/iai.int\/es\/haciendo-frente-a-los-riesgos-hidrologicos-en-las-megaciudades-marco-de-planeamiento-cooperativo-para-el-area-metropolitana-de-la-ciudad-de-mexico-crn-3108\/#breadcrumb","itemListElement":[{"@type":"ListItem","position":1,"name":"Portada","item":"https:\/\/iai.int\/es\/"},{"@type":"ListItem","position":2,"name":"Haciendo frente a los riesgos hidrol\u00f3gicos en las megaciudades: Marco de planeamiento cooperativo para el \u00e1rea metropolitana de la Ciudad de M\u00e9xico (CRN 3108)"}]},{"@type":"WebSite","@id":"https:\/\/iai.int\/es\/#website","url":"https:\/\/iai.int\/es\/","name":"IAI - Inter-American Institute for Global Change Research","description":"","publisher":{"@id":"https:\/\/iai.int\/es\/#organization"},"potentialAction":[{"@type":"SearchAction","target":{"@type":"EntryPoint","urlTemplate":"https:\/\/iai.int\/es\/?s={search_term_string}"},"query-input":{"@type":"PropertyValueSpecification","valueRequired":true,"valueName":"search_term_string"}}],"inLanguage":"es"},{"@type":"Organization","@id":"https:\/\/iai.int\/es\/#organization","name":"IAI - Inter-American Institute for Global Change Research","url":"https:\/\/iai.int\/es\/","logo":{"@type":"ImageObject","inLanguage":"es","@id":"https:\/\/iai.int\/es\/#\/schema\/logo\/image\/","url":"https:\/\/iai.int\/wp-content\/uploads\/2025\/11\/IAI-logo-English-scaled.png","contentUrl":"https:\/\/iai.int\/wp-content\/uploads\/2025\/11\/IAI-logo-English-scaled.png","width":2560,"height":985,"caption":"IAI - Inter-American Institute for Global Change Research"},"image":{"@id":"https:\/\/iai.int\/es\/#\/schema\/logo\/image\/"}}]}},"uagb_featured_image_src":{"full":false,"thumbnail":false,"medium":false,"medium_large":false,"large":false,"1536x1536":false,"2048x2048":false},"uagb_author_info":{"display_name":"admin","author_link":"https:\/\/iai.int\/es\/author\/admin\/"},"uagb_comment_info":0,"uagb_excerpt":"Informaci\u00f3n de proyecto Investigador principal: Luis A. Boj\u00f3rquez Tapia&nbsp;(bojorquez@ecologia.unam.mx)Universidad Nacional Aut\u00f3noma de M\u00e9xico (M\u00e9xico) Duraci\u00f3n y monto: Feb 2014\/ Feb 2017, USD 180.000 Pa\u00edses participantes: EE.UU., M\u00e9xico Papers publicados: http:\/\/www.citeulike.org\/user\/IAI\/tag\/crn3108 Investigadores&nbsp;Resumen ejecutivo&nbsp;Fotos Investigadores del proyecto Luis A. Boj\u00f3rquez Tapia&nbsp;(bojorquez@ecologia.unam.mx)Universidad Nacional Aut\u00f3noma de M\u00e9xico (M\u00e9xico) Victor Barradas-Miranda&nbsp;(vbarrada@ecologia.unam.mx)Universidad Aut\u00f3noma de M\u00e9xico, M\u00e9xico Mariana Benitez&nbsp;(mbenitez@iecologia.unam.mx)Laboratorio Nacional de Ciencias&hellip;","_links":{"self":[{"href":"https:\/\/iai.int\/es\/wp-json\/wp\/v2\/pages\/1151","targetHints":{"allow":["GET"]}}],"collection":[{"href":"https:\/\/iai.int\/es\/wp-json\/wp\/v2\/pages"}],"about":[{"href":"https:\/\/iai.int\/es\/wp-json\/wp\/v2\/types\/page"}],"author":[{"embeddable":true,"href":"https:\/\/iai.int\/es\/wp-json\/wp\/v2\/users\/1"}],"replies":[{"embeddable":true,"href":"https:\/\/iai.int\/es\/wp-json\/wp\/v2\/comments?post=1151"}],"version-history":[{"count":1,"href":"https:\/\/iai.int\/es\/wp-json\/wp\/v2\/pages\/1151\/revisions"}],"predecessor-version":[{"id":1153,"href":"https:\/\/iai.int\/es\/wp-json\/wp\/v2\/pages\/1151\/revisions\/1153"}],"wp:attachment":[{"href":"https:\/\/iai.int\/es\/wp-json\/wp\/v2\/media?parent=1151"}],"curies":[{"name":"wp","href":"https:\/\/api.w.org\/{rel}","templated":true}]}}