{"id":1147,"date":"2024-09-22T17:18:45","date_gmt":"2024-09-22T20:18:45","guid":{"rendered":"https:\/\/iai.int\/?page_id=1147"},"modified":"2024-09-22T17:18:45","modified_gmt":"2024-09-22T20:18:45","slug":"investigacion-interdisciplinaria-para-mejorar-la-provision-de-informacion-para-la-toma-de-decisiones-crn-3107","status":"publish","type":"page","link":"https:\/\/iai.int\/es\/investigacion-interdisciplinaria-para-mejorar-la-provision-de-informacion-para-la-toma-de-decisiones-crn-3107\/","title":{"rendered":"Investigaci\u00f3n interdisciplinaria para mejorar la provisi\u00f3n de informaci\u00f3n para la toma de decisiones (CRN 3107)"},"content":{"rendered":"\n<figure class=\"wp-block-image\"><img decoding=\"async\" src=\"https:\/\/iai.int\/admin\/site\/sites\/default\/files\/uploads\/2014\/03\/crn31076.jpg\" alt=\"crn31076\" class=\"wp-image-2765\"\/><\/figure>\n\n\n\n<h3 class=\"wp-block-heading\">Informaci\u00f3n de proyecto<\/h3>\n\n\n\n<p><strong>Investigador principal:<\/strong><\/p>\n\n\n\n<p><em>Jacob van Etten<\/em>&nbsp;(<a href=\"mailto:j.vanetten@cgiar.org\">j.vanetten@cgiar.org<\/a>)<br>Biodiversity International (Costa Rica)<\/p>\n\n\n\n<p><strong>Duraci\u00f3n y monto:<\/strong><\/p>\n\n\n\n<p>Feb 2014\/ Feb 2017, USD 180.000<\/p>\n\n\n\n<p><strong>Pa\u00edses participantes:<\/strong><\/p>\n\n\n\n<p>Colombia, Costa Rica, EE.UU.<\/p>\n\n\n\n<p><strong>Papers publicados:<\/strong><\/p>\n\n\n\n<p><a href=\"http:\/\/www.citeulike.org\/user\/IAI\/tag\/crn3107\" target=\"_blank\" rel=\"noreferrer noopener\">http:\/\/www.citeulike.org\/user\/IAI\/tag\/crn3107<\/a><\/p>\n\n\n\n<p><br><br><a href=\"https:\/\/iai.int\/es\/post\/detail\/investigacion-interdisciplinaria-para-mejorar-la-provision-de-informacion-para-la-toma-de-decisiones-crn-3107#resultados\">Resultados<\/a>&nbsp;<a href=\"https:\/\/iai.int\/es\/post\/detail\/investigacion-interdisciplinaria-para-mejorar-la-provision-de-informacion-para-la-toma-de-decisiones-crn-3107#estudiantes\">Estudiantes<\/a>&nbsp;<a href=\"https:\/\/iai.int\/es\/post\/detail\/investigacion-interdisciplinaria-para-mejorar-la-provision-de-informacion-para-la-toma-de-decisiones-crn-3107#summary\">Resumen ejecutivo<\/a><\/p>\n\n\n\n<h3 class=\"wp-block-heading\" id=\"resultados\">Resultados<\/h3>\n\n\n\n<p><em>Este texto ser\u00e1 traducido a la brevedad<\/em><\/p>\n\n\n\n<p>El proyecto tiene por objeto proveer informaci\u00f3n de utilidad para los tomadores de deciones p\u00fablicas e incorpora el monitoreo y la evaluaci\u00f3n de los resultados para el aprendizaje colectivo. El gobierno de Guatemala busca mejorar la respuesta a las sequ\u00edas mediante mejorar en los sistemas de informaci\u00f3n y la cooperaci\u00f3n institucional. El an\u00e1lisis del plan y presupuesto anual y de los procesos de toma de decisiones\/negociaci\u00f3n entre departamentos del gobierno, 11 alcaldes y 36 consejos comunitarios de productores sugiere que se da prioridad a la distribici\u00f3n de alimento, fertlizantes y semillas a peque\u00f1os productores para lograr la seguridad alimentatia. Los funcionarios emplean informaci\u00f3n del Programa Hambre Cero del gobierno para identificar aquellas municipalidades y departamentos con mayores probabilidades de sufrir los mayores impactos de las sequ\u00edas, y asignar fondos predefinidos que reciben del ministerio. Sin embargo, los actores gubernamentarles no saben por qu\u00e9 ni c\u00f3mo los alcaldes priorizan y ejecutan proyectos que a veces no responden a las necesidades de la comunidad.<\/p>\n\n\n\n<p>El equipo evalu\u00f3 la respuesta institucional a la sequ\u00eda utilizando la metodolog\u00eda de un simulacro de emergencia. Se analiz\u00f3 el flujo de la informaci\u00f3n sobre el simulacro y se vio que:<br>\u2013 losa gentes de extensi\u00f3n eval\u00faan la situaci\u00f3n directo en el campo, con intercambios con los productores<br>\u2013 la corrdinaci\u00f3n interinstitucional local es fundamental<br>\u2013 el tiempo para la obtenci\u00f3n de datos es muy limitado y se cuenta con demasiado poca gente en el campo para obtener informaci\u00f3n representativa<br>\u2013 las encuestas no est\u00e1n estandarizadas, los agentes de extensi\u00f3n tienen diversas t\u00e9cnicas de muestreo y criterios de definici\u00f3n de da\u00f1os diferentes.<\/p>\n\n\n\n<p>La participaci\u00f3n de actores interesados en el dise\u00f1o, realizaci\u00f3n e interpretaci\u00f3n de los simulacros permitir\u00e1 asegurar que las lecciones aprendidas lleguen a las instituciones objetivo. La informaci\u00f3n del sector p\u00fablico colectada durante el simulacro y la evaluaci\u00f3n de la informaci\u00f3n clim\u00e1tica est\u00e1n abiertas y disponibles. Se est\u00e1 elaboranfo un informe sobre los procesos de toma de decisiones. Se analiz\u00f3 jundo con los interesados del nivel municipal el inventario de los producos existentes de informaci\u00f3n clim\u00e1tica y se publicar\u00e1n los resultados. Los tomadores de decisiones han manifestado la necesidad de mejorar los planes de emergencia y para ello, el proyecto est\u00e1 virando hacia un enfoque regido por la demanda. Un an\u00e1lisis m\u00e1s profundo de los resultados se est\u00e1 llevando a cabo en diversas tesis que se est\u00e1n elaborando: informaci\u00f3n clim\u00e1tica para la gesti\u00f3n de una cuenca, con foco en la aplicabilidad de la informaci\u00f3n clim\u00e1tica; y la necesidad de informaci\u00f3n agroclim\u00e1tica para peque\u00f1os productores que actualmente no tienen acceso a ella, y carecen de las habilidades para usarla. Los productores tampoco usan informaci\u00f3n clim\u00e1tica porque no conf\u00edan en ella.<\/p>\n\n\n\n<p>El proyecto ha establecido fuertes lazos con el sistema de cambio global.<\/p>\n\n\n\n<p>http:\/\/ccafs.cgiar.org\/blog\/new-project-addresses-worries-about-drought-guatemala<\/p>\n\n\n\n<p>http:\/\/ccafs.cgiar.org\/es\/blog\/nuevo-proyecto-aborda-las-preocupaciones-sobre-sequ%C3%ADa-en-guatemala<\/p>\n\n\n\n<p>and provided several communications in the regional press:<br>\u2022 20 March 2014 in Prensa Libre reporting about the simulation exercise and citing our PhD researcher Vesalio Mora and our PI Jacob van Etten<br>\u2022 9 February 2015 in PrensaLibre citing our PhD researcher Vesalio Mora and referring to the Bioversity project in the dry corridor<br>\u2022 8 March 2015 in Nuestro Diario citing our PhD researcher Vesalio Mora about the situation in the dry corridor and the ongoing research project.<\/p>\n\n\n\n<h3 class=\"wp-block-heading\" id=\"estudiantes\">Estudiantes<\/h3>\n\n\n\n<p><em>Eduardo Prudencio Bonifaz<\/em>, CATIE, Bolivia.<br><em>Sara Aristizabal Correa<\/em>, CATIE, Colombia.<br><em>Vesalio Mora<\/em>, CATIE, Costa Rica.<\/p>\n\n\n\n<h3 class=\"wp-block-heading\" id=\"summary\">Resumen Ejecutivo<\/h3>\n\n\n\n<p>Este proyecto desarrollar\u00e1 una metodolog\u00eda interdisciplinaria que permitir\u00e1 dise\u00f1ar una plataforma que empodere a los tomadores de decisiones de diferentes niveles mediante una adaptaci\u00f3n adecuada de la informaci\u00f3n clim\u00e1tica, las evidencias de seguridad alimentaria y desarrollo agr\u00edcola y su divulgaci\u00f3n en tiempo oportuno con foco espec\u00edfico en las compensaciones y los riesgos asociados a la toma de decisiones. Se dise\u00f1ar\u00e1 y probar\u00e1 una metodolog\u00eda para evaluar sistem\u00e1ticamente las necesidades de informaci\u00f3n mediante una combinaci\u00f3n de encuestas y observaci\u00f3n etnogr\u00e1fica de participantes.<\/p>\n\n\n\n<p>Luego se reunir\u00e1 paquetes de informaci\u00f3n para tomadores de decisiones, y se evaluar\u00e1 su efecto en decisiones concretas. El an\u00e1lisis se realizar\u00e1 en Guatemala, un pa\u00eds que est\u00e1 incrementando su inversi\u00f3n en seguridad alimentaria y desarrollo agr\u00edcola, lo que genera necesidades concretas de informaci\u00f3n. Para lograrlo, el proyecto necesita una comprensi\u00f3n interdisciplinaria de los procesos de toma de decisiones, incluyendo la negociaci\u00f3n pol\u00edtica por un lado y la comprensi\u00f3n de las realidades biof\u00edsicas y socioecon\u00f3micas a las que hacen referencia las decisiones, por el otro. Los resultados del proyecto proporcionar\u00e1n conocimientos acerca de c\u00f3mo la combinaci\u00f3n interdisciplinaria de ciencias sociales y biof\u00edsicas puede dar lugar a la comprensi\u00f3n de las necesidades de informaci\u00f3n para mejorar los resultados de los procesos de toma de decisiones.<\/p>\n","protected":false},"excerpt":{"rendered":"<p>Informaci\u00f3n de proyecto Investigador principal: Jacob van Etten&nbsp;(j.vanetten@cgiar.org)Biodiversity International (Costa Rica) Duraci\u00f3n y monto: Feb 2014\/ Feb 2017, USD 180.000 Pa\u00edses participantes: Colombia, Costa Rica, EE.UU. Papers publicados: http:\/\/www.citeulike.org\/user\/IAI\/tag\/crn3107 Resultados&nbsp;Estudiantes&nbsp;Resumen ejecutivo Resultados Este texto ser\u00e1 traducido a la brevedad El proyecto tiene por objeto proveer informaci\u00f3n de utilidad para los tomadores de deciones p\u00fablicas e [&hellip;]<\/p>\n","protected":false},"author":1,"featured_media":0,"parent":0,"menu_order":0,"comment_status":"closed","ping_status":"closed","template":"","meta":{"_acf_changed":false,"_uag_custom_page_level_css":"","footnotes":""},"class_list":["post-1147","page","type-page","status-publish","hentry"],"acf":[],"yoast_head":"<!-- This site is optimized with the Yoast SEO plugin v27.3 - https:\/\/yoast.com\/product\/yoast-seo-wordpress\/ -->\n<title>Investigaci\u00f3n interdisciplinaria para mejorar la provisi\u00f3n de informaci\u00f3n para la toma de decisiones (CRN 3107) - IAI - Inter-American Institute for Global Change Research<\/title>\n<meta name=\"robots\" content=\"index, follow, max-snippet:-1, max-image-preview:large, max-video-preview:-1\" \/>\n<link rel=\"canonical\" href=\"https:\/\/iai.int\/es\/investigacion-interdisciplinaria-para-mejorar-la-provision-de-informacion-para-la-toma-de-decisiones-crn-3107\/\" \/>\n<meta property=\"og:locale\" content=\"es_ES\" \/>\n<meta property=\"og:type\" content=\"article\" \/>\n<meta property=\"og:title\" content=\"Investigaci\u00f3n interdisciplinaria para mejorar la provisi\u00f3n de informaci\u00f3n para la toma de decisiones (CRN 3107) - IAI - Inter-American Institute for Global Change Research\" \/>\n<meta property=\"og:description\" content=\"Informaci\u00f3n de proyecto Investigador principal: Jacob van Etten&nbsp;(j.vanetten@cgiar.org)Biodiversity International (Costa Rica) Duraci\u00f3n y monto: Feb 2014\/ Feb 2017, USD 180.000 Pa\u00edses participantes: Colombia, Costa Rica, EE.UU. Papers publicados: http:\/\/www.citeulike.org\/user\/IAI\/tag\/crn3107 Resultados&nbsp;Estudiantes&nbsp;Resumen ejecutivo Resultados Este texto ser\u00e1 traducido a la brevedad El proyecto tiene por objeto proveer informaci\u00f3n de utilidad para los tomadores de deciones p\u00fablicas e [&hellip;]\" \/>\n<meta property=\"og:url\" content=\"https:\/\/iai.int\/es\/investigacion-interdisciplinaria-para-mejorar-la-provision-de-informacion-para-la-toma-de-decisiones-crn-3107\/\" \/>\n<meta property=\"og:site_name\" content=\"IAI - Inter-American Institute for Global Change Research\" \/>\n<meta name=\"twitter:card\" content=\"summary_large_image\" \/>\n<meta name=\"twitter:label1\" content=\"Tiempo de lectura\" \/>\n\t<meta name=\"twitter:data1\" content=\"5 minutos\" \/>\n<script type=\"application\/ld+json\" class=\"yoast-schema-graph\">{\"@context\":\"https:\\\/\\\/schema.org\",\"@graph\":[{\"@type\":\"WebPage\",\"@id\":\"https:\\\/\\\/iai.int\\\/es\\\/investigacion-interdisciplinaria-para-mejorar-la-provision-de-informacion-para-la-toma-de-decisiones-crn-3107\\\/\",\"url\":\"https:\\\/\\\/iai.int\\\/es\\\/investigacion-interdisciplinaria-para-mejorar-la-provision-de-informacion-para-la-toma-de-decisiones-crn-3107\\\/\",\"name\":\"Investigaci\u00f3n interdisciplinaria para mejorar la provisi\u00f3n de informaci\u00f3n para la toma de decisiones (CRN 3107) - IAI - Inter-American Institute for Global Change Research\",\"isPartOf\":{\"@id\":\"https:\\\/\\\/iai.int\\\/es\\\/#website\"},\"primaryImageOfPage\":{\"@id\":\"https:\\\/\\\/iai.int\\\/es\\\/investigacion-interdisciplinaria-para-mejorar-la-provision-de-informacion-para-la-toma-de-decisiones-crn-3107\\\/#primaryimage\"},\"image\":{\"@id\":\"https:\\\/\\\/iai.int\\\/es\\\/investigacion-interdisciplinaria-para-mejorar-la-provision-de-informacion-para-la-toma-de-decisiones-crn-3107\\\/#primaryimage\"},\"thumbnailUrl\":\"https:\\\/\\\/iai.int\\\/admin\\\/site\\\/sites\\\/default\\\/files\\\/uploads\\\/2014\\\/03\\\/crn31076.jpg\",\"datePublished\":\"2024-09-22T20:18:45+00:00\",\"breadcrumb\":{\"@id\":\"https:\\\/\\\/iai.int\\\/es\\\/investigacion-interdisciplinaria-para-mejorar-la-provision-de-informacion-para-la-toma-de-decisiones-crn-3107\\\/#breadcrumb\"},\"inLanguage\":\"es\",\"potentialAction\":[{\"@type\":\"ReadAction\",\"target\":[\"https:\\\/\\\/iai.int\\\/es\\\/investigacion-interdisciplinaria-para-mejorar-la-provision-de-informacion-para-la-toma-de-decisiones-crn-3107\\\/\"]}]},{\"@type\":\"ImageObject\",\"inLanguage\":\"es\",\"@id\":\"https:\\\/\\\/iai.int\\\/es\\\/investigacion-interdisciplinaria-para-mejorar-la-provision-de-informacion-para-la-toma-de-decisiones-crn-3107\\\/#primaryimage\",\"url\":\"https:\\\/\\\/iai.int\\\/admin\\\/site\\\/sites\\\/default\\\/files\\\/uploads\\\/2014\\\/03\\\/crn31076.jpg\",\"contentUrl\":\"https:\\\/\\\/iai.int\\\/admin\\\/site\\\/sites\\\/default\\\/files\\\/uploads\\\/2014\\\/03\\\/crn31076.jpg\"},{\"@type\":\"BreadcrumbList\",\"@id\":\"https:\\\/\\\/iai.int\\\/es\\\/investigacion-interdisciplinaria-para-mejorar-la-provision-de-informacion-para-la-toma-de-decisiones-crn-3107\\\/#breadcrumb\",\"itemListElement\":[{\"@type\":\"ListItem\",\"position\":1,\"name\":\"Portada\",\"item\":\"https:\\\/\\\/iai.int\\\/es\\\/\"},{\"@type\":\"ListItem\",\"position\":2,\"name\":\"Investigaci\u00f3n interdisciplinaria para mejorar la provisi\u00f3n de informaci\u00f3n para la toma de decisiones (CRN 3107)\"}]},{\"@type\":\"WebSite\",\"@id\":\"https:\\\/\\\/iai.int\\\/es\\\/#website\",\"url\":\"https:\\\/\\\/iai.int\\\/es\\\/\",\"name\":\"IAI - Inter-American Institute for Global Change Research\",\"description\":\"\",\"publisher\":{\"@id\":\"https:\\\/\\\/iai.int\\\/es\\\/#organization\"},\"potentialAction\":[{\"@type\":\"SearchAction\",\"target\":{\"@type\":\"EntryPoint\",\"urlTemplate\":\"https:\\\/\\\/iai.int\\\/es\\\/?s={search_term_string}\"},\"query-input\":{\"@type\":\"PropertyValueSpecification\",\"valueRequired\":true,\"valueName\":\"search_term_string\"}}],\"inLanguage\":\"es\"},{\"@type\":\"Organization\",\"@id\":\"https:\\\/\\\/iai.int\\\/es\\\/#organization\",\"name\":\"IAI - Inter-American Institute for Global Change Research\",\"url\":\"https:\\\/\\\/iai.int\\\/es\\\/\",\"logo\":{\"@type\":\"ImageObject\",\"inLanguage\":\"es\",\"@id\":\"https:\\\/\\\/iai.int\\\/es\\\/#\\\/schema\\\/logo\\\/image\\\/\",\"url\":\"https:\\\/\\\/iai.int\\\/wp-content\\\/uploads\\\/2025\\\/11\\\/IAI-logo-English-scaled.png\",\"contentUrl\":\"https:\\\/\\\/iai.int\\\/wp-content\\\/uploads\\\/2025\\\/11\\\/IAI-logo-English-scaled.png\",\"width\":2560,\"height\":985,\"caption\":\"IAI - Inter-American Institute for Global Change Research\"},\"image\":{\"@id\":\"https:\\\/\\\/iai.int\\\/es\\\/#\\\/schema\\\/logo\\\/image\\\/\"}}]}<\/script>\n<!-- \/ Yoast SEO plugin. -->","yoast_head_json":{"title":"Investigaci\u00f3n interdisciplinaria para mejorar la provisi\u00f3n de informaci\u00f3n para la toma de decisiones (CRN 3107) - IAI - Inter-American Institute for Global Change Research","robots":{"index":"index","follow":"follow","max-snippet":"max-snippet:-1","max-image-preview":"max-image-preview:large","max-video-preview":"max-video-preview:-1"},"canonical":"https:\/\/iai.int\/es\/investigacion-interdisciplinaria-para-mejorar-la-provision-de-informacion-para-la-toma-de-decisiones-crn-3107\/","og_locale":"es_ES","og_type":"article","og_title":"Investigaci\u00f3n interdisciplinaria para mejorar la provisi\u00f3n de informaci\u00f3n para la toma de decisiones (CRN 3107) - IAI - Inter-American Institute for Global Change Research","og_description":"Informaci\u00f3n de proyecto Investigador principal: Jacob van Etten&nbsp;(j.vanetten@cgiar.org)Biodiversity International (Costa Rica) Duraci\u00f3n y monto: Feb 2014\/ Feb 2017, USD 180.000 Pa\u00edses participantes: Colombia, Costa Rica, EE.UU. Papers publicados: http:\/\/www.citeulike.org\/user\/IAI\/tag\/crn3107 Resultados&nbsp;Estudiantes&nbsp;Resumen ejecutivo Resultados Este texto ser\u00e1 traducido a la brevedad El proyecto tiene por objeto proveer informaci\u00f3n de utilidad para los tomadores de deciones p\u00fablicas e [&hellip;]","og_url":"https:\/\/iai.int\/es\/investigacion-interdisciplinaria-para-mejorar-la-provision-de-informacion-para-la-toma-de-decisiones-crn-3107\/","og_site_name":"IAI - Inter-American Institute for Global Change Research","twitter_card":"summary_large_image","twitter_misc":{"Tiempo de lectura":"5 minutos"},"schema":{"@context":"https:\/\/schema.org","@graph":[{"@type":"WebPage","@id":"https:\/\/iai.int\/es\/investigacion-interdisciplinaria-para-mejorar-la-provision-de-informacion-para-la-toma-de-decisiones-crn-3107\/","url":"https:\/\/iai.int\/es\/investigacion-interdisciplinaria-para-mejorar-la-provision-de-informacion-para-la-toma-de-decisiones-crn-3107\/","name":"Investigaci\u00f3n interdisciplinaria para mejorar la provisi\u00f3n de informaci\u00f3n para la toma de decisiones (CRN 3107) - IAI - Inter-American Institute for Global Change Research","isPartOf":{"@id":"https:\/\/iai.int\/es\/#website"},"primaryImageOfPage":{"@id":"https:\/\/iai.int\/es\/investigacion-interdisciplinaria-para-mejorar-la-provision-de-informacion-para-la-toma-de-decisiones-crn-3107\/#primaryimage"},"image":{"@id":"https:\/\/iai.int\/es\/investigacion-interdisciplinaria-para-mejorar-la-provision-de-informacion-para-la-toma-de-decisiones-crn-3107\/#primaryimage"},"thumbnailUrl":"https:\/\/iai.int\/admin\/site\/sites\/default\/files\/uploads\/2014\/03\/crn31076.jpg","datePublished":"2024-09-22T20:18:45+00:00","breadcrumb":{"@id":"https:\/\/iai.int\/es\/investigacion-interdisciplinaria-para-mejorar-la-provision-de-informacion-para-la-toma-de-decisiones-crn-3107\/#breadcrumb"},"inLanguage":"es","potentialAction":[{"@type":"ReadAction","target":["https:\/\/iai.int\/es\/investigacion-interdisciplinaria-para-mejorar-la-provision-de-informacion-para-la-toma-de-decisiones-crn-3107\/"]}]},{"@type":"ImageObject","inLanguage":"es","@id":"https:\/\/iai.int\/es\/investigacion-interdisciplinaria-para-mejorar-la-provision-de-informacion-para-la-toma-de-decisiones-crn-3107\/#primaryimage","url":"https:\/\/iai.int\/admin\/site\/sites\/default\/files\/uploads\/2014\/03\/crn31076.jpg","contentUrl":"https:\/\/iai.int\/admin\/site\/sites\/default\/files\/uploads\/2014\/03\/crn31076.jpg"},{"@type":"BreadcrumbList","@id":"https:\/\/iai.int\/es\/investigacion-interdisciplinaria-para-mejorar-la-provision-de-informacion-para-la-toma-de-decisiones-crn-3107\/#breadcrumb","itemListElement":[{"@type":"ListItem","position":1,"name":"Portada","item":"https:\/\/iai.int\/es\/"},{"@type":"ListItem","position":2,"name":"Investigaci\u00f3n interdisciplinaria para mejorar la provisi\u00f3n de informaci\u00f3n para la toma de decisiones (CRN 3107)"}]},{"@type":"WebSite","@id":"https:\/\/iai.int\/es\/#website","url":"https:\/\/iai.int\/es\/","name":"IAI - Inter-American Institute for Global Change Research","description":"","publisher":{"@id":"https:\/\/iai.int\/es\/#organization"},"potentialAction":[{"@type":"SearchAction","target":{"@type":"EntryPoint","urlTemplate":"https:\/\/iai.int\/es\/?s={search_term_string}"},"query-input":{"@type":"PropertyValueSpecification","valueRequired":true,"valueName":"search_term_string"}}],"inLanguage":"es"},{"@type":"Organization","@id":"https:\/\/iai.int\/es\/#organization","name":"IAI - Inter-American Institute for Global Change Research","url":"https:\/\/iai.int\/es\/","logo":{"@type":"ImageObject","inLanguage":"es","@id":"https:\/\/iai.int\/es\/#\/schema\/logo\/image\/","url":"https:\/\/iai.int\/wp-content\/uploads\/2025\/11\/IAI-logo-English-scaled.png","contentUrl":"https:\/\/iai.int\/wp-content\/uploads\/2025\/11\/IAI-logo-English-scaled.png","width":2560,"height":985,"caption":"IAI - Inter-American Institute for Global Change Research"},"image":{"@id":"https:\/\/iai.int\/es\/#\/schema\/logo\/image\/"}}]}},"uagb_featured_image_src":{"full":false,"thumbnail":false,"medium":false,"medium_large":false,"large":false,"1536x1536":false,"2048x2048":false},"uagb_author_info":{"display_name":"admin","author_link":"https:\/\/iai.int\/es\/author\/admin\/"},"uagb_comment_info":0,"uagb_excerpt":"Informaci\u00f3n de proyecto Investigador principal: Jacob van Etten&nbsp;(j.vanetten@cgiar.org)Biodiversity International (Costa Rica) Duraci\u00f3n y monto: Feb 2014\/ Feb 2017, USD 180.000 Pa\u00edses participantes: Colombia, Costa Rica, EE.UU. Papers publicados: http:\/\/www.citeulike.org\/user\/IAI\/tag\/crn3107 Resultados&nbsp;Estudiantes&nbsp;Resumen ejecutivo Resultados Este texto ser\u00e1 traducido a la brevedad El proyecto tiene por objeto proveer informaci\u00f3n de utilidad para los tomadores de deciones p\u00fablicas e&hellip;","_links":{"self":[{"href":"https:\/\/iai.int\/es\/wp-json\/wp\/v2\/pages\/1147","targetHints":{"allow":["GET"]}}],"collection":[{"href":"https:\/\/iai.int\/es\/wp-json\/wp\/v2\/pages"}],"about":[{"href":"https:\/\/iai.int\/es\/wp-json\/wp\/v2\/types\/page"}],"author":[{"embeddable":true,"href":"https:\/\/iai.int\/es\/wp-json\/wp\/v2\/users\/1"}],"replies":[{"embeddable":true,"href":"https:\/\/iai.int\/es\/wp-json\/wp\/v2\/comments?post=1147"}],"version-history":[{"count":1,"href":"https:\/\/iai.int\/es\/wp-json\/wp\/v2\/pages\/1147\/revisions"}],"predecessor-version":[{"id":1149,"href":"https:\/\/iai.int\/es\/wp-json\/wp\/v2\/pages\/1147\/revisions\/1149"}],"wp:attachment":[{"href":"https:\/\/iai.int\/es\/wp-json\/wp\/v2\/media?parent=1147"}],"curies":[{"name":"wp","href":"https:\/\/api.w.org\/{rel}","templated":true}]}}