{"id":1135,"date":"2024-09-22T17:14:50","date_gmt":"2024-09-22T20:14:50","guid":{"rendered":"https:\/\/iai.int\/?page_id=1135"},"modified":"2024-09-22T17:14:50","modified_gmt":"2024-09-22T20:14:50","slug":"desarrollo-de-habilidades-en-grupos-cientificos-interdisciplinarios-mediante-el-estudio-de-los-impactos-socioecologicos-de-la-generacion-de-bioenergia-en-las-americas-crn-3105","status":"publish","type":"page","link":"https:\/\/iai.int\/es\/desarrollo-de-habilidades-en-grupos-cientificos-interdisciplinarios-mediante-el-estudio-de-los-impactos-socioecologicos-de-la-generacion-de-bioenergia-en-las-americas-crn-3105\/","title":{"rendered":"Desarrollo de habilidades en grupos cient\u00edficos interdisciplinarios mediante el estudio de los impactos socioecol\u00f3gicos de la generaci\u00f3n de bioenerg\u00eda en las Am\u00e9ricas (CRN 3105)"},"content":{"rendered":"\n<figure class=\"wp-block-image\"><img decoding=\"async\" src=\"https:\/\/iai.int\/admin\/site\/sites\/default\/files\/uploads\/2014\/03\/CRN3105.jpg\" alt=\"CRN3105\" class=\"wp-image-2790\"\/><\/figure>\n\n\n\n<h3 class=\"wp-block-heading\">Informaci\u00f3n de proyecto<\/h3>\n\n\n\n<p><strong>Investigador principal:<\/strong><\/p>\n\n\n\n<p><em>Kathleen E. Halvorsen<\/em>&nbsp;(<a href=\"mailto:kehalvor@mtu.edu\">kehalvor@mtu.edu<\/a>)<br>Michigan Technological University, EE.UU.<\/p>\n\n\n\n<p><strong>Duraci\u00f3n y monto:<\/strong><\/p>\n\n\n\n<p>Feb 2014\/ Feb 2016, USD 199.986<\/p>\n\n\n\n<p><strong>Pa\u00edses participantes:<\/strong><\/p>\n\n\n\n<p>Argentina, Brasil, Canad\u00e1, EE.UU., M\u00e9xico, Uruguay<\/p>\n\n\n\n<p><strong>Papers publicados:<\/strong><\/p>\n\n\n\n<p><a href=\"http:\/\/www.citeulike.org\/user\/IAI\/tag\/crn3105\" target=\"_blank\" rel=\"noreferrer noopener\">http:\/\/www.citeulike.org\/user\/IAI\/tag\/crn3105<\/a><\/p>\n\n\n\n<p><br><br><a href=\"https:\/\/iai.int\/es\/post\/detail\/desarrollo-de-habilidades-en-grupos-cientificos-interdisciplinarios-mediante-el-estudio-de-los-impactos-socioecologicos-de-la-generacion-de-bioenergia-en-las-americas-crn-3105#resultados\">Resultados<\/a>&nbsp;<a href=\"https:\/\/iai.int\/es\/post\/detail\/desarrollo-de-habilidades-en-grupos-cientificos-interdisciplinarios-mediante-el-estudio-de-los-impactos-socioecologicos-de-la-generacion-de-bioenergia-en-las-americas-crn-3105#medios\">Extensi\u00f3n<\/a>&nbsp;<a href=\"https:\/\/iai.int\/es\/post\/detail\/desarrollo-de-habilidades-en-grupos-cientificos-interdisciplinarios-mediante-el-estudio-de-los-impactos-socioecologicos-de-la-generacion-de-bioenergia-en-las-americas-crn-3105#investigadores\">Investigadores<\/a>&nbsp;<a href=\"https:\/\/iai.int\/es\/post\/detail\/desarrollo-de-habilidades-en-grupos-cientificos-interdisciplinarios-mediante-el-estudio-de-los-impactos-socioecologicos-de-la-generacion-de-bioenergia-en-las-americas-crn-3105#students\">Estudiantes<\/a>&nbsp;<a href=\"https:\/\/iai.int\/es\/post\/detail\/desarrollo-de-habilidades-en-grupos-cientificos-interdisciplinarios-mediante-el-estudio-de-los-impactos-socioecologicos-de-la-generacion-de-bioenergia-en-las-americas-crn-3105#summary\">Resumen ejecutivo<\/a><\/p>\n\n\n\n<h3 class=\"wp-block-heading\" id=\"resultados\">Resultados<\/h3>\n\n\n\n<p><em>Se presenta una s\u00edntesis de los resultados m\u00e1s importantes del proyecto. Si desea m\u00e1s informaci\u00f3n, vea el sitio web del proyecto, sus papers o comun\u00edquese con los investigadores directamente.<\/em><\/p>\n\n\n\n<p>El proyecto aplica un estudio de los impactos socioecol\u00f3gicos de la generaci\u00f3n de bioenerg\u00eda para desarrollar habilidades de trabajo en equipos interdisciplinarios.<\/p>\n\n\n\n<p>En colaboraci\u00f3n con un grupo PIRE de NSF, los investigadores realizaron 800 entrevistas cualitativas y 1000 encuestas cuantitativas sobre los impactos de los proyectos de bioenerg\u00eda en Argentina, Brasil, Canad\u00e1, Estados Unidos y M\u00e9xico. Los ec\u00f3logos colectaron datos acerca de los impactos de la bioenerg\u00eda sobre las aves y los polinizadores en Argentina, Brasil y M\u00e9xico. El an\u00e1lisis est\u00e1 en curso.<\/p>\n\n\n\n<p>El trabajo en grupos interdisciplinarios tuvo \u00e9xito en<br>\u2013 la generaci\u00f3n de conocimientos: un art\u00edculo publicado, otro en revisi\u00f3n y un tercero en preparaci\u00f3n.<br>\u2013 financiamiento: realizaci\u00f3n de una propuesta que cumpl\u00eda con los criterios del financiador y los desafi\u00f3, establecimiento de subcontratos y un estudiante gener\u00f3 una propuesta para un Subsisdio Semilla del IAI<br>\u2013 funcionamiento del grupo: gran cantidad de interacci\u00f3n y la conservaci\u00f3n de los miembros del grupo por m\u00e1s de dos a\u00f1os, cada uno de diversas disciplinas de las ciencias sociales, naturales y la ingenier\u00eda: 10 cient\u00edficos y 8 estudiantes mantuvieron su compromiso y con la capacidad de escuchar\/leer en ingl\u00e9s y espa\u00f1ol y hablar\/escribir en ingl\u00e9s o espa\u00f1ol.<br>\u2013 difusi\u00f3n p\u00fablica: desarrollo de un taller en l\u00ednea en vivo y gratuito sobre trabajo en grupos cient\u00edficos transdisciplinarios e internacionales y elaboraci\u00f3n de propuestas.<\/p>\n\n\n\n<p>Se est\u00e1n desarrollando nuevas m\u00e9tricas para medir los resultados en pol\u00edtica y gesti\u00f3n, as\u00ed como categor\u00edas para la generaci\u00f3n de datos y productos. El estudio de la formaci\u00f3n de equipos tiene por objeto asistir en las mejoras pol\u00edticas dise\u00f1adas para incrementar los beneficios de las energ\u00edas sostenibles, al tiempo que se fortalece la resiliencia socioecol\u00f3gica y se minimizan los impactos negativos.<\/p>\n\n\n\n<h3 class=\"wp-block-heading\" id=\"medios\">Extensi\u00f3n<\/h3>\n\n\n\n<figure class=\"wp-block-image\"><img decoding=\"async\" src=\"https:\/\/iai.int\/admin\/site\/sites\/default\/files\/uploads\/2015\/08\/campo.jpg\" alt=\"campo\" class=\"wp-image-8376\"\/><\/figure>\n\n\n\n<p><a href=\"http:\/\/iai.int\/es\/post\/detail\/transdisciplinary-international-scientific-teamwork-and-proposal-development-workshop-on-global-environmental-issues\" target=\"_blank\" rel=\"noreferrer noopener\">Taller transdisciplinario international para el trabajo en equipo y el desarrollo de propuestas cient\u00edficas en temas ambientales globales (click aqu\u00ed para ver detalles sobre el taller)<\/a><\/p>\n\n\n\n<figure class=\"wp-block-embed is-type-rich is-provider-gestor-del-servicio wp-block-embed-gestor-del-servicio\"><div class=\"wp-block-embed__wrapper\">\nhttps:\/\/youtube.com\/watch?v=AIY2a9D7yiM%3F%26theme%3Ddark%26autohide%3D2%26modestbranding%3D1%26playlist%3D%21D_1%26showinfo%3D0%26rel%3D0%26iv_load_policy%3D3\n<\/div><\/figure>\n\n\n\n<p>La bioenerg\u00eda de origen forestal constituye una herramienta importante para el desarrollo econ\u00f3mico rural y la mitigaci\u00f3n del cambio clim\u00e1tico, pero al igual que todas las fuentes de energ\u00eda, tiene tambi\u00e9n aspectos negativos. Este video ilustra una de nuestras reuniones anuales de nuestro equipo cient\u00edfico internacional, que tiene por objeto coordinar nuestros trabajos de investigaci\u00f3n. Los miembros de nuestro grupo NSF PIRE\/IAI CRN3 incluyen personal de ONG e investigadores en ciencias sociales, naturales e ingenier\u00eda de Brasil, Canad\u00e1, M\u00e9xico, Uruguay, Argentina y EE.UU..<\/p>\n\n\n\n<h3 class=\"wp-block-heading\" id=\"investigadores\">Investigadores del proyecto<\/h3>\n\n\n\n<p><em>Amarella Eastmond<\/em>&nbsp;(<a href=\"mailto:eastmondspencer.amarella@gmail.com\">eastmondspencer.amarella@gmail.com<\/a>)<br>Universidad Aut\u00f3noma de Yucat\u00e1n, M\u00e9xico<\/p>\n\n\n\n<p><em>Julian Licata<\/em>&nbsp;(<a href=\"mailto:julianlicata@hotmail.com\">julianlicata@hotmail.com<\/a>)<br>Instituto Nacional de Tecnolog\u00eda Agropecuaria, Argentina<\/p>\n\n\n\n<p><em>Rodrigo Medeiros<\/em>&nbsp;(<a href=\"mailto:rmedeiros@conservation.org\">rmedeiros@conservation.org<\/a>)<br>Conservation International, Brasil<\/p>\n\n\n\n<p><em>Valent\u00edn Picasso<\/em>&nbsp;(<a href=\"mailto:vpicasso@gmail.com\">vpicasso@gmail.com<\/a>)<br>Universidad de la Rep\u00fablica, Uruguay<\/p>\n\n\n\n<p><em>Dana Wilson<\/em>&nbsp;(<a href=\"mailto:dwilson@laurentian.ca\">dwilson@laurentian.ca<\/a>)<br>Laurentian University, Canad\u00e1.<\/p>\n\n\n\n<h3 class=\"wp-block-heading\" id=\"students\">Estudiantes<\/h3>\n\n\n\n<p><em>Amanda Frado<\/em>, maestr\u00eda, Laurentian University, Canad\u00e1.<br><em>Colin Phifer<\/em>, doctorado, Michigan Technological University, EEUU.<br><em>Erin Pischke<\/em>, doctorado, Michigan Technological University, EEUU.<br><em>German Mendez<\/em>, maestr\u00eda, Universidad Aut\u00f3noma de Yucat\u00e1n, M\u00e9xico.<br><em>Pablo Cavigliasso<\/em>, doctorado, INTA, Argentina.<br><em>Patricia Primo<\/em>, maestr\u00eda, Universidad de la Rep\u00fablica, Uruguay.<br><em>Ronesha Strozier<\/em>, maestr\u00eda, Michigan Technological University, EEUU.<br><em>Tamara Propato<\/em>, grado, Universidad de Buenos Aires, Argentina.<br><em>Tatiana Martins<\/em>, maestr\u00eda, Universidade Federal Rural do Rio de Janeiro, Brasil.<\/p>\n\n\n\n<h3 class=\"wp-block-heading\" id=\"summary\">Resumen ejecutivo<\/h3>\n\n\n\n<p>Este proyecto pone a prueba hip\u00f3tesis relacionadas con la efectividad de las estrategias de desarrollo de habilidades para el trabajo en equipos cient\u00edficos en la modificaci\u00f3n de las creencias de los cient\u00edficos acerca del trabajo en equipos interdisciplinarios, incrementando la eficacia del trabajo en equipos cient\u00edficos interdisciplinarios seg\u00fan la propia percepci\u00f3n, y creando un equipo de trabajo efectivo en ciencia interdisciplinaria para estudiar problemas relacionados con el cambio global.<\/p>\n\n\n\n<p>Nuestro grupo cient\u00edfico interdisciplinario de seis pa\u00edses se reunir\u00e1 mensualmente a trav\u00e9s de teleconferencias, bianualmente en persona por una semana y en salidas de campo rotativas en los pa\u00edses. Adem\u00e1s realizar\u00e1 un estudio cient\u00edfico interdisciplinario de los impactos socioecol\u00f3gicos de la generaci\u00f3n de bioenerg\u00eda en nuestros pa\u00edses de origen as\u00ed como en nuestros seis casos de estudio sobre bioenerg\u00eda. Nos basaremos en entrevistas cualitativas, entrevistas cuantitativas previas y posteriores a las reuniones la evaluaci\u00f3n de los resultados del proyecto para establecer los impactos de nuestra capacitaci\u00f3n y trabajo conjunto. Nuestros resultados se divulgar\u00e1n en la comunidad cient\u00edfica internacional sobre cambio global a trav\u00e9s de art\u00edculos en revistas con arbitraje en ingl\u00e9s y espa\u00f1ol, nuestro curso breve abierto al p\u00fablico y nuestro sitio web en m\u00faltiples idiomas.<\/p>\n","protected":false},"excerpt":{"rendered":"<p>Informaci\u00f3n de proyecto Investigador principal: Kathleen E. Halvorsen&nbsp;(kehalvor@mtu.edu)Michigan Technological University, EE.UU. Duraci\u00f3n y monto: Feb 2014\/ Feb 2016, USD 199.986 Pa\u00edses participantes: Argentina, Brasil, Canad\u00e1, EE.UU., M\u00e9xico, Uruguay Papers publicados: http:\/\/www.citeulike.org\/user\/IAI\/tag\/crn3105 Resultados&nbsp;Extensi\u00f3n&nbsp;Investigadores&nbsp;Estudiantes&nbsp;Resumen ejecutivo Resultados Se presenta una s\u00edntesis de los resultados m\u00e1s importantes del proyecto. Si desea m\u00e1s informaci\u00f3n, vea el sitio web del proyecto, [&hellip;]<\/p>\n","protected":false},"author":1,"featured_media":0,"parent":0,"menu_order":0,"comment_status":"closed","ping_status":"closed","template":"","meta":{"_acf_changed":false,"_uag_custom_page_level_css":"","footnotes":""},"class_list":["post-1135","page","type-page","status-publish","hentry"],"acf":[],"yoast_head":"<!-- This site is optimized with the Yoast SEO plugin v27.3 - https:\/\/yoast.com\/product\/yoast-seo-wordpress\/ -->\n<title>Desarrollo de habilidades en grupos cient\u00edficos interdisciplinarios mediante el estudio de los impactos socioecol\u00f3gicos de la generaci\u00f3n de bioenerg\u00eda en las Am\u00e9ricas (CRN 3105) - IAI - Inter-American Institute for Global Change Research<\/title>\n<meta name=\"robots\" content=\"index, follow, max-snippet:-1, max-image-preview:large, max-video-preview:-1\" \/>\n<link rel=\"canonical\" href=\"https:\/\/iai.int\/es\/desarrollo-de-habilidades-en-grupos-cientificos-interdisciplinarios-mediante-el-estudio-de-los-impactos-socioecologicos-de-la-generacion-de-bioenergia-en-las-americas-crn-3105\/\" \/>\n<meta property=\"og:locale\" content=\"es_ES\" \/>\n<meta property=\"og:type\" content=\"article\" \/>\n<meta property=\"og:title\" content=\"Desarrollo de habilidades en grupos cient\u00edficos interdisciplinarios mediante el estudio de los impactos socioecol\u00f3gicos de la generaci\u00f3n de bioenerg\u00eda en las Am\u00e9ricas (CRN 3105) - IAI - Inter-American Institute for Global Change Research\" \/>\n<meta property=\"og:description\" content=\"Informaci\u00f3n de proyecto Investigador principal: Kathleen E. Halvorsen&nbsp;(kehalvor@mtu.edu)Michigan Technological University, EE.UU. Duraci\u00f3n y monto: Feb 2014\/ Feb 2016, USD 199.986 Pa\u00edses participantes: Argentina, Brasil, Canad\u00e1, EE.UU., M\u00e9xico, Uruguay Papers publicados: http:\/\/www.citeulike.org\/user\/IAI\/tag\/crn3105 Resultados&nbsp;Extensi\u00f3n&nbsp;Investigadores&nbsp;Estudiantes&nbsp;Resumen ejecutivo Resultados Se presenta una s\u00edntesis de los resultados m\u00e1s importantes del proyecto. Si desea m\u00e1s informaci\u00f3n, vea el sitio web del proyecto, [&hellip;]\" \/>\n<meta property=\"og:url\" content=\"https:\/\/iai.int\/es\/desarrollo-de-habilidades-en-grupos-cientificos-interdisciplinarios-mediante-el-estudio-de-los-impactos-socioecologicos-de-la-generacion-de-bioenergia-en-las-americas-crn-3105\/\" \/>\n<meta property=\"og:site_name\" content=\"IAI - Inter-American Institute for Global Change Research\" \/>\n<meta name=\"twitter:card\" content=\"summary_large_image\" \/>\n<meta name=\"twitter:label1\" content=\"Tiempo de lectura\" \/>\n\t<meta name=\"twitter:data1\" content=\"5 minutos\" \/>\n<script type=\"application\/ld+json\" class=\"yoast-schema-graph\">{\"@context\":\"https:\\\/\\\/schema.org\",\"@graph\":[{\"@type\":\"WebPage\",\"@id\":\"https:\\\/\\\/iai.int\\\/es\\\/desarrollo-de-habilidades-en-grupos-cientificos-interdisciplinarios-mediante-el-estudio-de-los-impactos-socioecologicos-de-la-generacion-de-bioenergia-en-las-americas-crn-3105\\\/\",\"url\":\"https:\\\/\\\/iai.int\\\/es\\\/desarrollo-de-habilidades-en-grupos-cientificos-interdisciplinarios-mediante-el-estudio-de-los-impactos-socioecologicos-de-la-generacion-de-bioenergia-en-las-americas-crn-3105\\\/\",\"name\":\"Desarrollo de habilidades en grupos cient\u00edficos interdisciplinarios mediante el estudio de los impactos socioecol\u00f3gicos de la generaci\u00f3n de bioenerg\u00eda en las Am\u00e9ricas (CRN 3105) - IAI - Inter-American Institute for Global Change Research\",\"isPartOf\":{\"@id\":\"https:\\\/\\\/iai.int\\\/es\\\/#website\"},\"primaryImageOfPage\":{\"@id\":\"https:\\\/\\\/iai.int\\\/es\\\/desarrollo-de-habilidades-en-grupos-cientificos-interdisciplinarios-mediante-el-estudio-de-los-impactos-socioecologicos-de-la-generacion-de-bioenergia-en-las-americas-crn-3105\\\/#primaryimage\"},\"image\":{\"@id\":\"https:\\\/\\\/iai.int\\\/es\\\/desarrollo-de-habilidades-en-grupos-cientificos-interdisciplinarios-mediante-el-estudio-de-los-impactos-socioecologicos-de-la-generacion-de-bioenergia-en-las-americas-crn-3105\\\/#primaryimage\"},\"thumbnailUrl\":\"https:\\\/\\\/iai.int\\\/admin\\\/site\\\/sites\\\/default\\\/files\\\/uploads\\\/2014\\\/03\\\/CRN3105.jpg\",\"datePublished\":\"2024-09-22T20:14:50+00:00\",\"breadcrumb\":{\"@id\":\"https:\\\/\\\/iai.int\\\/es\\\/desarrollo-de-habilidades-en-grupos-cientificos-interdisciplinarios-mediante-el-estudio-de-los-impactos-socioecologicos-de-la-generacion-de-bioenergia-en-las-americas-crn-3105\\\/#breadcrumb\"},\"inLanguage\":\"es\",\"potentialAction\":[{\"@type\":\"ReadAction\",\"target\":[\"https:\\\/\\\/iai.int\\\/es\\\/desarrollo-de-habilidades-en-grupos-cientificos-interdisciplinarios-mediante-el-estudio-de-los-impactos-socioecologicos-de-la-generacion-de-bioenergia-en-las-americas-crn-3105\\\/\"]}]},{\"@type\":\"ImageObject\",\"inLanguage\":\"es\",\"@id\":\"https:\\\/\\\/iai.int\\\/es\\\/desarrollo-de-habilidades-en-grupos-cientificos-interdisciplinarios-mediante-el-estudio-de-los-impactos-socioecologicos-de-la-generacion-de-bioenergia-en-las-americas-crn-3105\\\/#primaryimage\",\"url\":\"https:\\\/\\\/iai.int\\\/admin\\\/site\\\/sites\\\/default\\\/files\\\/uploads\\\/2014\\\/03\\\/CRN3105.jpg\",\"contentUrl\":\"https:\\\/\\\/iai.int\\\/admin\\\/site\\\/sites\\\/default\\\/files\\\/uploads\\\/2014\\\/03\\\/CRN3105.jpg\"},{\"@type\":\"BreadcrumbList\",\"@id\":\"https:\\\/\\\/iai.int\\\/es\\\/desarrollo-de-habilidades-en-grupos-cientificos-interdisciplinarios-mediante-el-estudio-de-los-impactos-socioecologicos-de-la-generacion-de-bioenergia-en-las-americas-crn-3105\\\/#breadcrumb\",\"itemListElement\":[{\"@type\":\"ListItem\",\"position\":1,\"name\":\"Portada\",\"item\":\"https:\\\/\\\/iai.int\\\/es\\\/\"},{\"@type\":\"ListItem\",\"position\":2,\"name\":\"Desarrollo de habilidades en grupos cient\u00edficos interdisciplinarios mediante el estudio de los impactos socioecol\u00f3gicos de la generaci\u00f3n de bioenerg\u00eda en las Am\u00e9ricas (CRN 3105)\"}]},{\"@type\":\"WebSite\",\"@id\":\"https:\\\/\\\/iai.int\\\/es\\\/#website\",\"url\":\"https:\\\/\\\/iai.int\\\/es\\\/\",\"name\":\"IAI - Inter-American Institute for Global Change Research\",\"description\":\"\",\"publisher\":{\"@id\":\"https:\\\/\\\/iai.int\\\/es\\\/#organization\"},\"potentialAction\":[{\"@type\":\"SearchAction\",\"target\":{\"@type\":\"EntryPoint\",\"urlTemplate\":\"https:\\\/\\\/iai.int\\\/es\\\/?s={search_term_string}\"},\"query-input\":{\"@type\":\"PropertyValueSpecification\",\"valueRequired\":true,\"valueName\":\"search_term_string\"}}],\"inLanguage\":\"es\"},{\"@type\":\"Organization\",\"@id\":\"https:\\\/\\\/iai.int\\\/es\\\/#organization\",\"name\":\"IAI - Inter-American Institute for Global Change Research\",\"url\":\"https:\\\/\\\/iai.int\\\/es\\\/\",\"logo\":{\"@type\":\"ImageObject\",\"inLanguage\":\"es\",\"@id\":\"https:\\\/\\\/iai.int\\\/es\\\/#\\\/schema\\\/logo\\\/image\\\/\",\"url\":\"https:\\\/\\\/iai.int\\\/wp-content\\\/uploads\\\/2025\\\/11\\\/IAI-logo-English-scaled.png\",\"contentUrl\":\"https:\\\/\\\/iai.int\\\/wp-content\\\/uploads\\\/2025\\\/11\\\/IAI-logo-English-scaled.png\",\"width\":2560,\"height\":985,\"caption\":\"IAI - Inter-American Institute for Global Change Research\"},\"image\":{\"@id\":\"https:\\\/\\\/iai.int\\\/es\\\/#\\\/schema\\\/logo\\\/image\\\/\"}}]}<\/script>\n<!-- \/ Yoast SEO plugin. -->","yoast_head_json":{"title":"Desarrollo de habilidades en grupos cient\u00edficos interdisciplinarios mediante el estudio de los impactos socioecol\u00f3gicos de la generaci\u00f3n de bioenerg\u00eda en las Am\u00e9ricas (CRN 3105) - IAI - Inter-American Institute for Global Change Research","robots":{"index":"index","follow":"follow","max-snippet":"max-snippet:-1","max-image-preview":"max-image-preview:large","max-video-preview":"max-video-preview:-1"},"canonical":"https:\/\/iai.int\/es\/desarrollo-de-habilidades-en-grupos-cientificos-interdisciplinarios-mediante-el-estudio-de-los-impactos-socioecologicos-de-la-generacion-de-bioenergia-en-las-americas-crn-3105\/","og_locale":"es_ES","og_type":"article","og_title":"Desarrollo de habilidades en grupos cient\u00edficos interdisciplinarios mediante el estudio de los impactos socioecol\u00f3gicos de la generaci\u00f3n de bioenerg\u00eda en las Am\u00e9ricas (CRN 3105) - IAI - Inter-American Institute for Global Change Research","og_description":"Informaci\u00f3n de proyecto Investigador principal: Kathleen E. Halvorsen&nbsp;(kehalvor@mtu.edu)Michigan Technological University, EE.UU. Duraci\u00f3n y monto: Feb 2014\/ Feb 2016, USD 199.986 Pa\u00edses participantes: Argentina, Brasil, Canad\u00e1, EE.UU., M\u00e9xico, Uruguay Papers publicados: http:\/\/www.citeulike.org\/user\/IAI\/tag\/crn3105 Resultados&nbsp;Extensi\u00f3n&nbsp;Investigadores&nbsp;Estudiantes&nbsp;Resumen ejecutivo Resultados Se presenta una s\u00edntesis de los resultados m\u00e1s importantes del proyecto. Si desea m\u00e1s informaci\u00f3n, vea el sitio web del proyecto, [&hellip;]","og_url":"https:\/\/iai.int\/es\/desarrollo-de-habilidades-en-grupos-cientificos-interdisciplinarios-mediante-el-estudio-de-los-impactos-socioecologicos-de-la-generacion-de-bioenergia-en-las-americas-crn-3105\/","og_site_name":"IAI - Inter-American Institute for Global Change Research","twitter_card":"summary_large_image","twitter_misc":{"Tiempo de lectura":"5 minutos"},"schema":{"@context":"https:\/\/schema.org","@graph":[{"@type":"WebPage","@id":"https:\/\/iai.int\/es\/desarrollo-de-habilidades-en-grupos-cientificos-interdisciplinarios-mediante-el-estudio-de-los-impactos-socioecologicos-de-la-generacion-de-bioenergia-en-las-americas-crn-3105\/","url":"https:\/\/iai.int\/es\/desarrollo-de-habilidades-en-grupos-cientificos-interdisciplinarios-mediante-el-estudio-de-los-impactos-socioecologicos-de-la-generacion-de-bioenergia-en-las-americas-crn-3105\/","name":"Desarrollo de habilidades en grupos cient\u00edficos interdisciplinarios mediante el estudio de los impactos socioecol\u00f3gicos de la generaci\u00f3n de bioenerg\u00eda en las Am\u00e9ricas (CRN 3105) - IAI - Inter-American Institute for Global Change Research","isPartOf":{"@id":"https:\/\/iai.int\/es\/#website"},"primaryImageOfPage":{"@id":"https:\/\/iai.int\/es\/desarrollo-de-habilidades-en-grupos-cientificos-interdisciplinarios-mediante-el-estudio-de-los-impactos-socioecologicos-de-la-generacion-de-bioenergia-en-las-americas-crn-3105\/#primaryimage"},"image":{"@id":"https:\/\/iai.int\/es\/desarrollo-de-habilidades-en-grupos-cientificos-interdisciplinarios-mediante-el-estudio-de-los-impactos-socioecologicos-de-la-generacion-de-bioenergia-en-las-americas-crn-3105\/#primaryimage"},"thumbnailUrl":"https:\/\/iai.int\/admin\/site\/sites\/default\/files\/uploads\/2014\/03\/CRN3105.jpg","datePublished":"2024-09-22T20:14:50+00:00","breadcrumb":{"@id":"https:\/\/iai.int\/es\/desarrollo-de-habilidades-en-grupos-cientificos-interdisciplinarios-mediante-el-estudio-de-los-impactos-socioecologicos-de-la-generacion-de-bioenergia-en-las-americas-crn-3105\/#breadcrumb"},"inLanguage":"es","potentialAction":[{"@type":"ReadAction","target":["https:\/\/iai.int\/es\/desarrollo-de-habilidades-en-grupos-cientificos-interdisciplinarios-mediante-el-estudio-de-los-impactos-socioecologicos-de-la-generacion-de-bioenergia-en-las-americas-crn-3105\/"]}]},{"@type":"ImageObject","inLanguage":"es","@id":"https:\/\/iai.int\/es\/desarrollo-de-habilidades-en-grupos-cientificos-interdisciplinarios-mediante-el-estudio-de-los-impactos-socioecologicos-de-la-generacion-de-bioenergia-en-las-americas-crn-3105\/#primaryimage","url":"https:\/\/iai.int\/admin\/site\/sites\/default\/files\/uploads\/2014\/03\/CRN3105.jpg","contentUrl":"https:\/\/iai.int\/admin\/site\/sites\/default\/files\/uploads\/2014\/03\/CRN3105.jpg"},{"@type":"BreadcrumbList","@id":"https:\/\/iai.int\/es\/desarrollo-de-habilidades-en-grupos-cientificos-interdisciplinarios-mediante-el-estudio-de-los-impactos-socioecologicos-de-la-generacion-de-bioenergia-en-las-americas-crn-3105\/#breadcrumb","itemListElement":[{"@type":"ListItem","position":1,"name":"Portada","item":"https:\/\/iai.int\/es\/"},{"@type":"ListItem","position":2,"name":"Desarrollo de habilidades en grupos cient\u00edficos interdisciplinarios mediante el estudio de los impactos socioecol\u00f3gicos de la generaci\u00f3n de bioenerg\u00eda en las Am\u00e9ricas (CRN 3105)"}]},{"@type":"WebSite","@id":"https:\/\/iai.int\/es\/#website","url":"https:\/\/iai.int\/es\/","name":"IAI - Inter-American Institute for Global Change Research","description":"","publisher":{"@id":"https:\/\/iai.int\/es\/#organization"},"potentialAction":[{"@type":"SearchAction","target":{"@type":"EntryPoint","urlTemplate":"https:\/\/iai.int\/es\/?s={search_term_string}"},"query-input":{"@type":"PropertyValueSpecification","valueRequired":true,"valueName":"search_term_string"}}],"inLanguage":"es"},{"@type":"Organization","@id":"https:\/\/iai.int\/es\/#organization","name":"IAI - Inter-American Institute for Global Change Research","url":"https:\/\/iai.int\/es\/","logo":{"@type":"ImageObject","inLanguage":"es","@id":"https:\/\/iai.int\/es\/#\/schema\/logo\/image\/","url":"https:\/\/iai.int\/wp-content\/uploads\/2025\/11\/IAI-logo-English-scaled.png","contentUrl":"https:\/\/iai.int\/wp-content\/uploads\/2025\/11\/IAI-logo-English-scaled.png","width":2560,"height":985,"caption":"IAI - Inter-American Institute for Global Change Research"},"image":{"@id":"https:\/\/iai.int\/es\/#\/schema\/logo\/image\/"}}]}},"uagb_featured_image_src":{"full":false,"thumbnail":false,"medium":false,"medium_large":false,"large":false,"1536x1536":false,"2048x2048":false},"uagb_author_info":{"display_name":"admin","author_link":"https:\/\/iai.int\/es\/author\/admin\/"},"uagb_comment_info":0,"uagb_excerpt":"Informaci\u00f3n de proyecto Investigador principal: Kathleen E. Halvorsen&nbsp;(kehalvor@mtu.edu)Michigan Technological University, EE.UU. Duraci\u00f3n y monto: Feb 2014\/ Feb 2016, USD 199.986 Pa\u00edses participantes: Argentina, Brasil, Canad\u00e1, EE.UU., M\u00e9xico, Uruguay Papers publicados: http:\/\/www.citeulike.org\/user\/IAI\/tag\/crn3105 Resultados&nbsp;Extensi\u00f3n&nbsp;Investigadores&nbsp;Estudiantes&nbsp;Resumen ejecutivo Resultados Se presenta una s\u00edntesis de los resultados m\u00e1s importantes del proyecto. Si desea m\u00e1s informaci\u00f3n, vea el sitio web del proyecto,&hellip;","_links":{"self":[{"href":"https:\/\/iai.int\/es\/wp-json\/wp\/v2\/pages\/1135","targetHints":{"allow":["GET"]}}],"collection":[{"href":"https:\/\/iai.int\/es\/wp-json\/wp\/v2\/pages"}],"about":[{"href":"https:\/\/iai.int\/es\/wp-json\/wp\/v2\/types\/page"}],"author":[{"embeddable":true,"href":"https:\/\/iai.int\/es\/wp-json\/wp\/v2\/users\/1"}],"replies":[{"embeddable":true,"href":"https:\/\/iai.int\/es\/wp-json\/wp\/v2\/comments?post=1135"}],"version-history":[{"count":1,"href":"https:\/\/iai.int\/es\/wp-json\/wp\/v2\/pages\/1135\/revisions"}],"predecessor-version":[{"id":1138,"href":"https:\/\/iai.int\/es\/wp-json\/wp\/v2\/pages\/1135\/revisions\/1138"}],"wp:attachment":[{"href":"https:\/\/iai.int\/es\/wp-json\/wp\/v2\/media?parent=1135"}],"curies":[{"name":"wp","href":"https:\/\/api.w.org\/{rel}","templated":true}]}}