{"id":1124,"date":"2024-09-22T17:10:00","date_gmt":"2024-09-22T20:10:00","guid":{"rendered":"https:\/\/iai.int\/?page_id=1124"},"modified":"2025-02-12T20:44:04","modified_gmt":"2025-02-13T01:44:04","slug":"avance-en-las-buenas-practicas-para-la-construccion-de-la-interdisciplinariedad-hacia-una-ciencia-orientada-al-usuario-crn-3101","status":"publish","type":"page","link":"https:\/\/iai.int\/es\/avance-en-las-buenas-practicas-para-la-construccion-de-la-interdisciplinariedad-hacia-una-ciencia-orientada-al-usuario-crn-3101\/","title":{"rendered":"Avance en las buenas pr\u00e1cticas para la construcci\u00f3n de la interdisciplinariedad: hacia una ciencia orientada al usuario (CRN 3101)"},"content":{"rendered":"\n<h3 class=\"wp-block-heading\">Informaci\u00f3n de proyecto<\/h3>\n\n\n\n<p><strong>Investigador principal:<\/strong><\/p>\n\n\n\n<p><em>Marcelo Saguier<\/em>&nbsp;(<a href=\"mailto:msaguier@flacso.org.ar\">msaguier@flacso.org.ar<\/a>)<br><em>Andrea K. Gerlak<\/em>&nbsp;(<a href=\"mailto:agerlak@u.arizona.edu\">agerlak@u.arizona.edu<\/a>)<br>\u00c1rea de Relaciones Internacionales, Facultad Latinoamericana de Ciencias Sociales (FLACSO) (Argentina)<\/p>\n\n\n\n<p><strong>Duraci\u00f3n y monto:<\/strong><\/p>\n\n\n\n<p>Feb 2014\/ Feb 2017, USD 125.000<\/p>\n\n\n\n<p><strong>Papers publicados:<\/strong><\/p>\n\n\n\n<p><a href=\"http:\/\/www.citeulike.org\/user\/IAI\/tag\/crn3101\" target=\"_blank\" rel=\"noreferrer noopener\">http:\/\/www.citeulike.org\/user\/IAI\/tag\/crn3101<\/a><\/p>\n\n\n\n<h3 class=\"wp-block-heading\">Resumen ejecutivo<\/h3>\n\n\n\n<p>Para poder abordar el cambio global, la investigaci\u00f3n interdisciplinaria debe vincular el conocimiento cient\u00edfico con las aplicaciones pol\u00edticas y debe enfocarse en los usuarios y en los resultados dirigidos a la soluci\u00f3n de problemas. Es necesario contar con nuevas percepciones y una gu\u00eda pr\u00e1ctica para mejorar la movilizaci\u00f3n del conocimiento y los proyectos interdisciplinarios orientados a los problemas y las soluciones. Este proyecto tiene por objeto avanzar las buenas pr\u00e1cticas en la construcci\u00f3n de la interdisciplinariedad para la investigaci\u00f3n del cambio global.<\/p>\n\n\n\n<p>Nuestro objetivo general es reflexionar sobre las pr\u00e1cticas actuales de generaci\u00f3n, movilizaci\u00f3n y uso de los conocimientos y mejorarlas en el \u00e1mbito de los impactos sociales y ambientales del desarrollo hidroel\u00e9ctrico y el futuro del agua y la energ\u00eda en Am\u00e9rica del Sur. La promoci\u00f3n del di\u00e1logo entre diferentes actores sociales que participan en los procesos de construcci\u00f3n y debate del conocimiento en aguas transfronterizas con relaci\u00f3n a las represas y el desarrollo hidroel\u00e9ctrico resulta fundamental en la exploraci\u00f3n de las posibilidades y limitaciones de la construcci\u00f3n de conocimiento interdisciplinario.<\/p>\n\n\n\n<p>El proyecto busca contribuir al avance de la comprensi\u00f3n de la interdisciplinariedad en la gobernanza del agua a trav\u00e9s de una serie de tres talleres de desarrollo de capacidades y trabajo cooperativo con el fin de (1) identificar interrogantes en el \u00e1rea de la investigaci\u00f3n interdisciplinaria del cambio global; (2) establecer un conjunto de mejores pr\u00e1cticas para la investigaci\u00f3n interdisciplinaria; y (3) construir una red interdisciplinaria social y cient\u00edfica de investigadores naturales y sociales, encargados de formular pol\u00edticas y actores sociales que participan en la pol\u00edtica de recursos h\u00eddricos como mecanismos y pr\u00e1cticas de gobernanza. Adem\u00e1s de estos dos informes y de la creaci\u00f3n de la red socio-cient\u00edfica, otros productos del proyecto incluyen la creaci\u00f3n y mantenimiento de un sitio web en apoyo de las actividades de la red y la elaboraci\u00f3n y publicaci\u00f3n de dos trabajos cient\u00edficos en revistas referenciadas. Nos concentraremos en la cuenca del R\u00edo Uruguay, lo que permitir\u00e1 buscar respuesta a estos interrogantes en el contexto de la resoluci\u00f3n de problemas reales de mitigaci\u00f3n y adaptaci\u00f3n al cambio global. El proyecto contribuir\u00e1 a proporcionar mejor informaci\u00f3n para el dise\u00f1o e implementaci\u00f3n de futuros programas interdisciplinarios de investigaci\u00f3n del cambio global.<\/p>\n\n\n\n<p>Asociaci\u00f3n con investigadores del CNR3<br>Hemos entablado un di\u00e1logo con los investigadores que dirigen el proyecto \u201cCiencia innovadora y un di\u00e1logo pol\u00edtico influyente para la seguridad h\u00eddrica en las regiones \u00e1ridas de las Am\u00e9ricas\u201d con el fin de explorar la posibilidad de trabajar en conjunto. Si bien el proyecto trabaja en otras cuencas fluviales de Am\u00e9rica del Sur, vemos una buena superposici\u00f3n en t\u00e9rminos de los interrogantes sobre la din\u00e1mica del cambio global, as\u00ed como en el enfoque de desarrollo de capacidades y redes. Adem\u00e1s, creemos que podemos construir asociaciones que vayan m\u00e1s all\u00e1 de este proyecto espec\u00edfico para alcanzar objeticos de integraci\u00f3n cient\u00edfica. Proponemos lanzar un llamado a los investigadores del CNR3 para aunar esfuerzos y para que participen en los talleres de nuestro proyecto para identificar interrogantes relacionados con la investigaci\u00f3n del cambio global, definir buenas pr\u00e1cticas para la investigaci\u00f3n interdisciplinaria, orientada al usuario y conformar una red socio-cient\u00edfica en torno a la investigaci\u00f3n del cambio global para poder contribuir a la creaci\u00f3n de una \u201cred de redes\u201d.<\/p>\n","protected":false},"excerpt":{"rendered":"<p>Informaci\u00f3n de proyecto Investigador principal: Marcelo Saguier&nbsp;(msaguier@flacso.org.ar)Andrea K. Gerlak&nbsp;(agerlak@u.arizona.edu)\u00c1rea de Relaciones Internacionales, Facultad Latinoamericana de Ciencias Sociales (FLACSO) (Argentina) Duraci\u00f3n y monto: Feb 2014\/ Feb 2017, USD 125.000 Papers publicados: http:\/\/www.citeulike.org\/user\/IAI\/tag\/crn3101 Resumen ejecutivo Para poder abordar el cambio global, la investigaci\u00f3n interdisciplinaria debe vincular el conocimiento cient\u00edfico con las aplicaciones pol\u00edticas y debe enfocarse en [&hellip;]<\/p>\n","protected":false},"author":1,"featured_media":0,"parent":0,"menu_order":0,"comment_status":"closed","ping_status":"closed","template":"elementor_theme","meta":{"_acf_changed":false,"_uag_custom_page_level_css":"","footnotes":""},"class_list":["post-1124","page","type-page","status-publish","hentry"],"acf":[],"yoast_head":"<!-- This site is optimized with the Yoast SEO plugin v27.3 - https:\/\/yoast.com\/product\/yoast-seo-wordpress\/ -->\n<title>Avance en las buenas pr\u00e1cticas para la construcci\u00f3n de la interdisciplinariedad: hacia una ciencia orientada al usuario (CRN 3101) - IAI - Inter-American Institute for Global Change Research<\/title>\n<meta name=\"robots\" content=\"index, follow, max-snippet:-1, max-image-preview:large, max-video-preview:-1\" \/>\n<link rel=\"canonical\" href=\"https:\/\/iai.int\/es\/avance-en-las-buenas-practicas-para-la-construccion-de-la-interdisciplinariedad-hacia-una-ciencia-orientada-al-usuario-crn-3101\/\" \/>\n<meta property=\"og:locale\" content=\"es_ES\" \/>\n<meta property=\"og:type\" content=\"article\" \/>\n<meta property=\"og:title\" content=\"Avance en las buenas pr\u00e1cticas para la construcci\u00f3n de la interdisciplinariedad: hacia una ciencia orientada al usuario (CRN 3101) - IAI - Inter-American Institute for Global Change Research\" \/>\n<meta property=\"og:description\" content=\"Informaci\u00f3n de proyecto Investigador principal: Marcelo Saguier&nbsp;(msaguier@flacso.org.ar)Andrea K. Gerlak&nbsp;(agerlak@u.arizona.edu)\u00c1rea de Relaciones Internacionales, Facultad Latinoamericana de Ciencias Sociales (FLACSO) (Argentina) Duraci\u00f3n y monto: Feb 2014\/ Feb 2017, USD 125.000 Papers publicados: http:\/\/www.citeulike.org\/user\/IAI\/tag\/crn3101 Resumen ejecutivo Para poder abordar el cambio global, la investigaci\u00f3n interdisciplinaria debe vincular el conocimiento cient\u00edfico con las aplicaciones pol\u00edticas y debe enfocarse en [&hellip;]\" \/>\n<meta property=\"og:url\" content=\"https:\/\/iai.int\/es\/avance-en-las-buenas-practicas-para-la-construccion-de-la-interdisciplinariedad-hacia-una-ciencia-orientada-al-usuario-crn-3101\/\" \/>\n<meta property=\"og:site_name\" content=\"IAI - Inter-American Institute for Global Change Research\" \/>\n<meta property=\"article:modified_time\" content=\"2025-02-13T01:44:04+00:00\" \/>\n<meta name=\"twitter:card\" content=\"summary_large_image\" \/>\n<meta name=\"twitter:label1\" content=\"Tiempo de lectura\" \/>\n\t<meta name=\"twitter:data1\" content=\"3 minutos\" \/>\n<script type=\"application\/ld+json\" class=\"yoast-schema-graph\">{\"@context\":\"https:\\\/\\\/schema.org\",\"@graph\":[{\"@type\":\"WebPage\",\"@id\":\"https:\\\/\\\/iai.int\\\/es\\\/avance-en-las-buenas-practicas-para-la-construccion-de-la-interdisciplinariedad-hacia-una-ciencia-orientada-al-usuario-crn-3101\\\/\",\"url\":\"https:\\\/\\\/iai.int\\\/es\\\/avance-en-las-buenas-practicas-para-la-construccion-de-la-interdisciplinariedad-hacia-una-ciencia-orientada-al-usuario-crn-3101\\\/\",\"name\":\"Avance en las buenas pr\u00e1cticas para la construcci\u00f3n de la interdisciplinariedad: hacia una ciencia orientada al usuario (CRN 3101) - IAI - Inter-American Institute for Global Change Research\",\"isPartOf\":{\"@id\":\"https:\\\/\\\/iai.int\\\/es\\\/#website\"},\"datePublished\":\"2024-09-22T20:10:00+00:00\",\"dateModified\":\"2025-02-13T01:44:04+00:00\",\"breadcrumb\":{\"@id\":\"https:\\\/\\\/iai.int\\\/es\\\/avance-en-las-buenas-practicas-para-la-construccion-de-la-interdisciplinariedad-hacia-una-ciencia-orientada-al-usuario-crn-3101\\\/#breadcrumb\"},\"inLanguage\":\"es\",\"potentialAction\":[{\"@type\":\"ReadAction\",\"target\":[\"https:\\\/\\\/iai.int\\\/es\\\/avance-en-las-buenas-practicas-para-la-construccion-de-la-interdisciplinariedad-hacia-una-ciencia-orientada-al-usuario-crn-3101\\\/\"]}]},{\"@type\":\"BreadcrumbList\",\"@id\":\"https:\\\/\\\/iai.int\\\/es\\\/avance-en-las-buenas-practicas-para-la-construccion-de-la-interdisciplinariedad-hacia-una-ciencia-orientada-al-usuario-crn-3101\\\/#breadcrumb\",\"itemListElement\":[{\"@type\":\"ListItem\",\"position\":1,\"name\":\"Portada\",\"item\":\"https:\\\/\\\/iai.int\\\/es\\\/\"},{\"@type\":\"ListItem\",\"position\":2,\"name\":\"Avance en las buenas pr\u00e1cticas para la construcci\u00f3n de la interdisciplinariedad: hacia una ciencia orientada al usuario (CRN 3101)\"}]},{\"@type\":\"WebSite\",\"@id\":\"https:\\\/\\\/iai.int\\\/es\\\/#website\",\"url\":\"https:\\\/\\\/iai.int\\\/es\\\/\",\"name\":\"IAI - Inter-American Institute for Global Change Research\",\"description\":\"\",\"publisher\":{\"@id\":\"https:\\\/\\\/iai.int\\\/es\\\/#organization\"},\"potentialAction\":[{\"@type\":\"SearchAction\",\"target\":{\"@type\":\"EntryPoint\",\"urlTemplate\":\"https:\\\/\\\/iai.int\\\/es\\\/?s={search_term_string}\"},\"query-input\":{\"@type\":\"PropertyValueSpecification\",\"valueRequired\":true,\"valueName\":\"search_term_string\"}}],\"inLanguage\":\"es\"},{\"@type\":\"Organization\",\"@id\":\"https:\\\/\\\/iai.int\\\/es\\\/#organization\",\"name\":\"IAI - Inter-American Institute for Global Change Research\",\"url\":\"https:\\\/\\\/iai.int\\\/es\\\/\",\"logo\":{\"@type\":\"ImageObject\",\"inLanguage\":\"es\",\"@id\":\"https:\\\/\\\/iai.int\\\/es\\\/#\\\/schema\\\/logo\\\/image\\\/\",\"url\":\"https:\\\/\\\/iai.int\\\/wp-content\\\/uploads\\\/2025\\\/11\\\/IAI-logo-English-scaled.png\",\"contentUrl\":\"https:\\\/\\\/iai.int\\\/wp-content\\\/uploads\\\/2025\\\/11\\\/IAI-logo-English-scaled.png\",\"width\":2560,\"height\":985,\"caption\":\"IAI - Inter-American Institute for Global Change Research\"},\"image\":{\"@id\":\"https:\\\/\\\/iai.int\\\/es\\\/#\\\/schema\\\/logo\\\/image\\\/\"}}]}<\/script>\n<!-- \/ Yoast SEO plugin. -->","yoast_head_json":{"title":"Avance en las buenas pr\u00e1cticas para la construcci\u00f3n de la interdisciplinariedad: hacia una ciencia orientada al usuario (CRN 3101) - IAI - Inter-American Institute for Global Change Research","robots":{"index":"index","follow":"follow","max-snippet":"max-snippet:-1","max-image-preview":"max-image-preview:large","max-video-preview":"max-video-preview:-1"},"canonical":"https:\/\/iai.int\/es\/avance-en-las-buenas-practicas-para-la-construccion-de-la-interdisciplinariedad-hacia-una-ciencia-orientada-al-usuario-crn-3101\/","og_locale":"es_ES","og_type":"article","og_title":"Avance en las buenas pr\u00e1cticas para la construcci\u00f3n de la interdisciplinariedad: hacia una ciencia orientada al usuario (CRN 3101) - IAI - Inter-American Institute for Global Change Research","og_description":"Informaci\u00f3n de proyecto Investigador principal: Marcelo Saguier&nbsp;(msaguier@flacso.org.ar)Andrea K. Gerlak&nbsp;(agerlak@u.arizona.edu)\u00c1rea de Relaciones Internacionales, Facultad Latinoamericana de Ciencias Sociales (FLACSO) (Argentina) Duraci\u00f3n y monto: Feb 2014\/ Feb 2017, USD 125.000 Papers publicados: http:\/\/www.citeulike.org\/user\/IAI\/tag\/crn3101 Resumen ejecutivo Para poder abordar el cambio global, la investigaci\u00f3n interdisciplinaria debe vincular el conocimiento cient\u00edfico con las aplicaciones pol\u00edticas y debe enfocarse en [&hellip;]","og_url":"https:\/\/iai.int\/es\/avance-en-las-buenas-practicas-para-la-construccion-de-la-interdisciplinariedad-hacia-una-ciencia-orientada-al-usuario-crn-3101\/","og_site_name":"IAI - Inter-American Institute for Global Change Research","article_modified_time":"2025-02-13T01:44:04+00:00","twitter_card":"summary_large_image","twitter_misc":{"Tiempo de lectura":"3 minutos"},"schema":{"@context":"https:\/\/schema.org","@graph":[{"@type":"WebPage","@id":"https:\/\/iai.int\/es\/avance-en-las-buenas-practicas-para-la-construccion-de-la-interdisciplinariedad-hacia-una-ciencia-orientada-al-usuario-crn-3101\/","url":"https:\/\/iai.int\/es\/avance-en-las-buenas-practicas-para-la-construccion-de-la-interdisciplinariedad-hacia-una-ciencia-orientada-al-usuario-crn-3101\/","name":"Avance en las buenas pr\u00e1cticas para la construcci\u00f3n de la interdisciplinariedad: hacia una ciencia orientada al usuario (CRN 3101) - IAI - Inter-American Institute for Global Change Research","isPartOf":{"@id":"https:\/\/iai.int\/es\/#website"},"datePublished":"2024-09-22T20:10:00+00:00","dateModified":"2025-02-13T01:44:04+00:00","breadcrumb":{"@id":"https:\/\/iai.int\/es\/avance-en-las-buenas-practicas-para-la-construccion-de-la-interdisciplinariedad-hacia-una-ciencia-orientada-al-usuario-crn-3101\/#breadcrumb"},"inLanguage":"es","potentialAction":[{"@type":"ReadAction","target":["https:\/\/iai.int\/es\/avance-en-las-buenas-practicas-para-la-construccion-de-la-interdisciplinariedad-hacia-una-ciencia-orientada-al-usuario-crn-3101\/"]}]},{"@type":"BreadcrumbList","@id":"https:\/\/iai.int\/es\/avance-en-las-buenas-practicas-para-la-construccion-de-la-interdisciplinariedad-hacia-una-ciencia-orientada-al-usuario-crn-3101\/#breadcrumb","itemListElement":[{"@type":"ListItem","position":1,"name":"Portada","item":"https:\/\/iai.int\/es\/"},{"@type":"ListItem","position":2,"name":"Avance en las buenas pr\u00e1cticas para la construcci\u00f3n de la interdisciplinariedad: hacia una ciencia orientada al usuario (CRN 3101)"}]},{"@type":"WebSite","@id":"https:\/\/iai.int\/es\/#website","url":"https:\/\/iai.int\/es\/","name":"IAI - Inter-American Institute for Global Change Research","description":"","publisher":{"@id":"https:\/\/iai.int\/es\/#organization"},"potentialAction":[{"@type":"SearchAction","target":{"@type":"EntryPoint","urlTemplate":"https:\/\/iai.int\/es\/?s={search_term_string}"},"query-input":{"@type":"PropertyValueSpecification","valueRequired":true,"valueName":"search_term_string"}}],"inLanguage":"es"},{"@type":"Organization","@id":"https:\/\/iai.int\/es\/#organization","name":"IAI - Inter-American Institute for Global Change Research","url":"https:\/\/iai.int\/es\/","logo":{"@type":"ImageObject","inLanguage":"es","@id":"https:\/\/iai.int\/es\/#\/schema\/logo\/image\/","url":"https:\/\/iai.int\/wp-content\/uploads\/2025\/11\/IAI-logo-English-scaled.png","contentUrl":"https:\/\/iai.int\/wp-content\/uploads\/2025\/11\/IAI-logo-English-scaled.png","width":2560,"height":985,"caption":"IAI - Inter-American Institute for Global Change Research"},"image":{"@id":"https:\/\/iai.int\/es\/#\/schema\/logo\/image\/"}}]}},"uagb_featured_image_src":{"full":false,"thumbnail":false,"medium":false,"medium_large":false,"large":false,"1536x1536":false,"2048x2048":false},"uagb_author_info":{"display_name":"admin","author_link":"https:\/\/iai.int\/es\/author\/admin\/"},"uagb_comment_info":0,"uagb_excerpt":"Informaci\u00f3n de proyecto Investigador principal: Marcelo Saguier&nbsp;(msaguier@flacso.org.ar)Andrea K. Gerlak&nbsp;(agerlak@u.arizona.edu)\u00c1rea de Relaciones Internacionales, Facultad Latinoamericana de Ciencias Sociales (FLACSO) (Argentina) Duraci\u00f3n y monto: Feb 2014\/ Feb 2017, USD 125.000 Papers publicados: http:\/\/www.citeulike.org\/user\/IAI\/tag\/crn3101 Resumen ejecutivo Para poder abordar el cambio global, la investigaci\u00f3n interdisciplinaria debe vincular el conocimiento cient\u00edfico con las aplicaciones pol\u00edticas y debe enfocarse en&hellip;","_links":{"self":[{"href":"https:\/\/iai.int\/es\/wp-json\/wp\/v2\/pages\/1124","targetHints":{"allow":["GET"]}}],"collection":[{"href":"https:\/\/iai.int\/es\/wp-json\/wp\/v2\/pages"}],"about":[{"href":"https:\/\/iai.int\/es\/wp-json\/wp\/v2\/types\/page"}],"author":[{"embeddable":true,"href":"https:\/\/iai.int\/es\/wp-json\/wp\/v2\/users\/1"}],"replies":[{"embeddable":true,"href":"https:\/\/iai.int\/es\/wp-json\/wp\/v2\/comments?post=1124"}],"version-history":[{"count":1,"href":"https:\/\/iai.int\/es\/wp-json\/wp\/v2\/pages\/1124\/revisions"}],"predecessor-version":[{"id":1125,"href":"https:\/\/iai.int\/es\/wp-json\/wp\/v2\/pages\/1124\/revisions\/1125"}],"wp:attachment":[{"href":"https:\/\/iai.int\/es\/wp-json\/wp\/v2\/media?parent=1124"}],"curies":[{"name":"wp","href":"https:\/\/api.w.org\/{rel}","templated":true}]}}