{"id":10318,"date":"2025-10-31T21:21:45","date_gmt":"2025-11-01T02:21:45","guid":{"rendered":"https:\/\/iai.int\/?page_id=10318"},"modified":"2026-01-15T12:46:49","modified_gmt":"2026-01-15T17:46:49","slug":"sdc-publicaciones","status":"publish","type":"page","link":"https:\/\/iai.int\/es\/centro-de-diplomacia-cientifica\/sdc-publicaciones\/","title":{"rendered":"SDC: Publicaciones"},"content":{"rendered":"\n<h2 class=\"wp-block-heading\"><strong>Recomendaciones para la Conservaci\u00f3n de los Estuarios y Restauraci\u00f3n de los Manglares de Centroam\u00e9rica y Sudam\u00e9rica<\/strong><\/h2>\n\n\n\n<p>Edgardo D\u00edaz-Ferguson, Luisa F. Echeverria-King, Branislav Pantovi\u0107, Johanna Segovia, Yani Aranguren, Ernesto Brugnoli, Pablo Muniz, Andrea Weiler, Eric Flores de Gracia, \u00c1lvaro Morales Ram\u00edrez, Eloisa Lasso, Joel S\u00e1nchez-Gallego, Karly Urriola-Garcia, Rodrigo Sant Ana, Sof\u00eda Zapata, Andrea Cancela da Cruz, Anabella V\u00e1squez F\u00e1brega, Claudia Alarc\u00f3n-L\u00f3pez, Marcella Ohira<\/p>\n\n\n\n<div class=\"wp-block-media-text is-stacked-on-mobile\" style=\"grid-template-columns:35% auto\"><figure class=\"wp-block-media-text__media\"><img fetchpriority=\"high\" decoding=\"async\" width=\"791\" height=\"1024\" src=\"http:\/\/iai.int\/wp-content\/uploads\/2025\/01\/Copy-of-FINAL-White-paper-Manglares-y-Estuarios-ES-791x1024.png\" alt=\"\" class=\"wp-image-13511 size-full\" srcset=\"https:\/\/iai.int\/wp-content\/uploads\/2025\/01\/Copy-of-FINAL-White-paper-Manglares-y-Estuarios-ES-791x1024.png 791w, https:\/\/iai.int\/wp-content\/uploads\/2025\/01\/Copy-of-FINAL-White-paper-Manglares-y-Estuarios-ES-232x300.png 232w, https:\/\/iai.int\/wp-content\/uploads\/2025\/01\/Copy-of-FINAL-White-paper-Manglares-y-Estuarios-ES-768x994.png 768w, https:\/\/iai.int\/wp-content\/uploads\/2025\/01\/Copy-of-FINAL-White-paper-Manglares-y-Estuarios-ES-1187x1536.png 1187w, https:\/\/iai.int\/wp-content\/uploads\/2025\/01\/Copy-of-FINAL-White-paper-Manglares-y-Estuarios-ES.png 1545w\" sizes=\"(max-width: 791px) 100vw, 791px\" \/><\/figure><div class=\"wp-block-media-text__content\">\n<p>El presente white paper resalta la importancia cr\u00edtica de los estuarios y manglares en Centroam\u00e9rica y Sudam\u00e9rica, destacando su rol en la biodiversidad, regulaci\u00f3n clim\u00e1tica y protecci\u00f3n costera. Estos ecosistemas, fundamentales para la captura de carbono y la mitigaci\u00f3n del cambio clim\u00e1tico, enfrentan amenazas como el cambio clim\u00e1tico, la contaminaci\u00f3n y la urbanizaci\u00f3n. <\/p>\n\n\n\n<p>Basado en un taller de diplomacia cient\u00edfica impartido en Panam\u00e1 en 2024, se ofrecen recomendaciones para pol\u00edticas p\u00fablicas enfocadas en la conservaci\u00f3n y restauraci\u00f3n de estos h\u00e1bitats. Propone implementar programas de conservaci\u00f3n, monitoreo de biodiversidad, gesti\u00f3n h\u00eddrica, reducci\u00f3n de contaminaci\u00f3n y protecci\u00f3n de especies vulnerables. <\/p>\n\n\n\n<p>Adem\u00e1s, destaca la necesidad de actividades sostenibles, inversi\u00f3n en investigaci\u00f3n, educaci\u00f3n p\u00fablica y gobernanza inclusiva, as\u00ed como la cooperaci\u00f3n transfronteriza y la participaci\u00f3n activa de las comunidades locales.<\/p>\n\n\n\n<p><strong>Descargue el documento <\/strong><a href=\"https:\/\/iai.int\/es\/reportes\/recomendaciones-para-la-conservacion-de-los-estuarios-y-restauracion-de-los-manglares-de-centroamerica-y-sudamerica\/\"><strong>aqu\u00ed\u00a0<\/strong><\/a><\/p>\n<\/div><\/div>\n\n\n\n<div style=\"height:35px\" aria-hidden=\"true\" class=\"wp-block-spacer\"><\/div>\n\n\n\n<h2 class=\"wp-block-heading\"><strong>Recomendaciones para una estrategia de diplomacia cient\u00edfica para la salvaguarda de la Amazon\u00eda<\/strong><\/h2>\n\n\n\n<p>Julian Prieto, Luz Milbeth Cumba Garcia, Luisa F. Echeverr\u00eda-King, Claudia Alarc\u00f3n-L\u00f3pez, Susan Benavides<\/p>\n\n\n\n<div class=\"wp-block-media-text is-stacked-on-mobile\" style=\"grid-template-columns:35% auto\"><figure class=\"wp-block-media-text__media\"><img decoding=\"async\" width=\"724\" height=\"1024\" src=\"https:\/\/iai.int\/wp-content\/uploads\/2026\/01\/Recomendaciones-724x1024.webp\" alt=\"\" class=\"wp-image-13479 size-full\" srcset=\"https:\/\/iai.int\/wp-content\/uploads\/2026\/01\/Recomendaciones-724x1024.webp 724w, https:\/\/iai.int\/wp-content\/uploads\/2026\/01\/Recomendaciones-212x300.webp 212w, https:\/\/iai.int\/wp-content\/uploads\/2026\/01\/Recomendaciones-768x1087.webp 768w, https:\/\/iai.int\/wp-content\/uploads\/2026\/01\/Recomendaciones.webp 848w\" sizes=\"(max-width: 724px) 100vw, 724px\" \/><\/figure><div class=\"wp-block-media-text__content\">\n<p>El presente white paper presenta una estrategia integral para la conservaci\u00f3n de la Amazon\u00eda mediante la diplomacia cient\u00edfica y diplomacia de la innovaci\u00f3n. Aborda la situaci\u00f3n cr\u00edtica de esta regi\u00f3n vital, destacando su importancia ecol\u00f3gica y cultural. <\/p>\n\n\n\n<p>Este documento es el resultado de una metodolog\u00eda basada en dos procesos participativos, siendo el primero un ejercicio colaborativo dentro del Congreso de Investigaci\u00f3n e Innovaci\u00f3n en Sostenibilidad (SRI) y el segundo un grupo focal con expertos en diplomacia cient\u00edfica de Am\u00e9rica Latina, as\u00ed como en el an\u00e1lisis de literatura. <\/p>\n\n\n\n<p>Como resultado, proponen una serie de recomendaciones pr\u00e1cticas y viables agrupadas en 4 categor\u00edas: 1) cooperaci\u00f3n transdisciplinaria cient\u00edfica y acad\u00e9mica, 2) el fortalecimiento de una plataforma de monitoreo conjunto, 3) la creaci\u00f3n de un Science-Policy Hub y 4) el desarrollo de capacidades. <\/p>\n\n\n\n<p><strong>Descargue el documento <\/strong><a href=\"https:\/\/iai.int\/es\/reportes\/recomendaciones-para-una-estrategia-de-diplomacia-cientifica-para-la-salvaguarda-de-la-amazonia\/\"><strong>aqu\u00ed&nbsp;<\/strong><\/a><\/p>\n<\/div><\/div>\n\n\n\n<div style=\"height:35px\" aria-hidden=\"true\" class=\"wp-block-spacer\"><\/div>\n\n\n\n<h2 class=\"wp-block-heading\"><strong>Diplomacia cient\u00edfica y cambio ambiental global en Am\u00e9rica Latina y el Caribe<\/strong><\/h2>\n\n\n\n<div class=\"wp-block-media-text is-stacked-on-mobile\" style=\"grid-template-columns:35% auto\"><figure class=\"wp-block-media-text__media\"><img decoding=\"async\" width=\"682\" height=\"1024\" src=\"http:\/\/iai.int\/wp-content\/uploads\/2026\/01\/IAI_SciDip_Casos-de-Estudio_Completo_SP-1_page-0001-682x1024.jpg\" alt=\"\" class=\"wp-image-13480 size-full\" srcset=\"https:\/\/iai.int\/wp-content\/uploads\/2026\/01\/IAI_SciDip_Casos-de-Estudio_Completo_SP-1_page-0001-682x1024.jpg 682w, https:\/\/iai.int\/wp-content\/uploads\/2026\/01\/IAI_SciDip_Casos-de-Estudio_Completo_SP-1_page-0001-200x300.jpg 200w, https:\/\/iai.int\/wp-content\/uploads\/2026\/01\/IAI_SciDip_Casos-de-Estudio_Completo_SP-1_page-0001-768x1152.jpg 768w, https:\/\/iai.int\/wp-content\/uploads\/2026\/01\/IAI_SciDip_Casos-de-Estudio_Completo_SP-1_page-0001.jpg 945w\" sizes=\"(max-width: 682px) 100vw, 682px\" \/><\/figure><div class=\"wp-block-media-text__content\">\n<p>Esta publicaci\u00f3n es el resultado de una colaboraci\u00f3n entre el Instituto Interamericano para la Investigaci\u00f3n del Cambio Global (IAI) y el Centro de Estudios en Negociaciones Internacionales (CAENI) de la Universidad de S\u00e3o Paulo, y forma parte del material formativo del Science Diplomacy Center del IAI. El libro re\u00fane 17 estudios de caso pioneros que ilustran c\u00f3mo la diplomacia cient\u00edfica puede abordar desaf\u00edos socioambientales urgentes en Am\u00e9rica Latina y el Caribe.&nbsp;&nbsp;<\/p>\n\n\n\n<p>La coordinaci\u00f3n editorial fue liderada por Marcella Ohira, Directora del Science Diplomacy Center. El equipo de investigaci\u00f3n est\u00e1 basado en la Universidad de S\u00e3o Paulo y estuvo conformado por Am\u00e1ncio Jorge de Oliveira, Janina Onuki, Gabriela Ferreira, Rodrigo Lyra, Romeu Bonk, Andr\u00e9 Bafti y Fl\u00e1via Loss.&nbsp;&nbsp;<\/p>\n\n\n\n<p><\/p>\n\n\n\n<p><strong>Descargue el documento <\/strong><a href=\"https:\/\/iai.int\/es\/diplomacia-cientifica-y-cambio-ambiental-global-en-america-latina-y-el-caribe-2\/\"><strong>aqu\u00ed&nbsp;<\/strong><\/a><\/p>\n<\/div><\/div>\n\n\n\n<div style=\"height:64px\" aria-hidden=\"true\" class=\"wp-block-spacer\"><\/div>\n\n\n\n<p><\/p>\n","protected":false},"excerpt":{"rendered":"<p>Recomendaciones para la Conservaci\u00f3n de los Estuarios y Restauraci\u00f3n de los Manglares de Centroam\u00e9rica y Sudam\u00e9rica Edgardo D\u00edaz-Ferguson, Luisa F. Echeverria-King, Branislav Pantovi\u0107, Johanna Segovia, Yani Aranguren, Ernesto Brugnoli, Pablo Muniz, Andrea Weiler, Eric Flores de Gracia, \u00c1lvaro Morales Ram\u00edrez, Eloisa Lasso, Joel S\u00e1nchez-Gallego, Karly Urriola-Garcia, Rodrigo Sant Ana, Sof\u00eda Zapata, Andrea Cancela da Cruz, [&hellip;]<\/p>\n","protected":false},"author":1,"featured_media":10981,"parent":370,"menu_order":0,"comment_status":"closed","ping_status":"closed","template":"","meta":{"_acf_changed":false,"_uag_custom_page_level_css":"","footnotes":""},"class_list":["post-10318","page","type-page","status-publish","has-post-thumbnail","hentry"],"acf":[],"yoast_head":"<!-- This site is optimized with the Yoast SEO plugin v27.3 - https:\/\/yoast.com\/product\/yoast-seo-wordpress\/ -->\n<title>SDC: Publicaciones - IAI - Inter-American Institute for Global Change Research<\/title>\n<meta name=\"robots\" content=\"index, follow, max-snippet:-1, max-image-preview:large, max-video-preview:-1\" \/>\n<link rel=\"canonical\" href=\"https:\/\/iai.int\/es\/centro-de-diplomacia-cientifica\/sdc-publicaciones\/\" \/>\n<meta property=\"og:locale\" content=\"es_ES\" \/>\n<meta property=\"og:type\" content=\"article\" \/>\n<meta property=\"og:title\" content=\"SDC: Publicaciones - IAI - Inter-American Institute for Global Change Research\" \/>\n<meta property=\"og:description\" content=\"Recomendaciones para la Conservaci\u00f3n de los Estuarios y Restauraci\u00f3n de los Manglares de Centroam\u00e9rica y Sudam\u00e9rica Edgardo D\u00edaz-Ferguson, Luisa F. Echeverria-King, Branislav Pantovi\u0107, Johanna Segovia, Yani Aranguren, Ernesto Brugnoli, Pablo Muniz, Andrea Weiler, Eric Flores de Gracia, \u00c1lvaro Morales Ram\u00edrez, Eloisa Lasso, Joel S\u00e1nchez-Gallego, Karly Urriola-Garcia, Rodrigo Sant Ana, Sof\u00eda Zapata, Andrea Cancela da Cruz, [&hellip;]\" \/>\n<meta property=\"og:url\" content=\"https:\/\/iai.int\/es\/centro-de-diplomacia-cientifica\/sdc-publicaciones\/\" \/>\n<meta property=\"og:site_name\" content=\"IAI - Inter-American Institute for Global Change Research\" \/>\n<meta property=\"article:modified_time\" content=\"2026-01-15T17:46:49+00:00\" \/>\n<meta property=\"og:image\" content=\"https:\/\/iai.int\/wp-content\/uploads\/2025\/11\/SDC-16.png\" \/>\n\t<meta property=\"og:image:width\" content=\"1772\" \/>\n\t<meta property=\"og:image:height\" content=\"551\" \/>\n\t<meta property=\"og:image:type\" content=\"image\/png\" \/>\n<meta name=\"twitter:card\" content=\"summary_large_image\" \/>\n<meta name=\"twitter:label1\" content=\"Tiempo de lectura\" \/>\n\t<meta name=\"twitter:data1\" content=\"3 minutos\" \/>\n<script type=\"application\/ld+json\" class=\"yoast-schema-graph\">{\"@context\":\"https:\\\/\\\/schema.org\",\"@graph\":[{\"@type\":\"WebPage\",\"@id\":\"https:\\\/\\\/iai.int\\\/es\\\/centro-de-diplomacia-cientifica\\\/sdc-publicaciones\\\/\",\"url\":\"https:\\\/\\\/iai.int\\\/es\\\/centro-de-diplomacia-cientifica\\\/sdc-publicaciones\\\/\",\"name\":\"SDC: Publicaciones - IAI - Inter-American Institute for Global Change Research\",\"isPartOf\":{\"@id\":\"https:\\\/\\\/iai.int\\\/es\\\/#website\"},\"primaryImageOfPage\":{\"@id\":\"https:\\\/\\\/iai.int\\\/es\\\/centro-de-diplomacia-cientifica\\\/sdc-publicaciones\\\/#primaryimage\"},\"image\":{\"@id\":\"https:\\\/\\\/iai.int\\\/es\\\/centro-de-diplomacia-cientifica\\\/sdc-publicaciones\\\/#primaryimage\"},\"thumbnailUrl\":\"https:\\\/\\\/iai.int\\\/wp-content\\\/uploads\\\/2025\\\/11\\\/SDC-16.png\",\"datePublished\":\"2025-11-01T02:21:45+00:00\",\"dateModified\":\"2026-01-15T17:46:49+00:00\",\"breadcrumb\":{\"@id\":\"https:\\\/\\\/iai.int\\\/es\\\/centro-de-diplomacia-cientifica\\\/sdc-publicaciones\\\/#breadcrumb\"},\"inLanguage\":\"es\",\"potentialAction\":[{\"@type\":\"ReadAction\",\"target\":[\"https:\\\/\\\/iai.int\\\/es\\\/centro-de-diplomacia-cientifica\\\/sdc-publicaciones\\\/\"]}]},{\"@type\":\"ImageObject\",\"inLanguage\":\"es\",\"@id\":\"https:\\\/\\\/iai.int\\\/es\\\/centro-de-diplomacia-cientifica\\\/sdc-publicaciones\\\/#primaryimage\",\"url\":\"https:\\\/\\\/iai.int\\\/wp-content\\\/uploads\\\/2025\\\/11\\\/SDC-16.png\",\"contentUrl\":\"https:\\\/\\\/iai.int\\\/wp-content\\\/uploads\\\/2025\\\/11\\\/SDC-16.png\",\"width\":1772,\"height\":551},{\"@type\":\"BreadcrumbList\",\"@id\":\"https:\\\/\\\/iai.int\\\/es\\\/centro-de-diplomacia-cientifica\\\/sdc-publicaciones\\\/#breadcrumb\",\"itemListElement\":[{\"@type\":\"ListItem\",\"position\":1,\"name\":\"Portada\",\"item\":\"https:\\\/\\\/iai.int\\\/es\\\/\"},{\"@type\":\"ListItem\",\"position\":2,\"name\":\"Centro de Diplomacia Cient\u00edfica\",\"item\":\"https:\\\/\\\/iai.int\\\/es\\\/centro-de-diplomacia-cientifica\\\/\"},{\"@type\":\"ListItem\",\"position\":3,\"name\":\"SDC: Publicaciones\"}]},{\"@type\":\"WebSite\",\"@id\":\"https:\\\/\\\/iai.int\\\/es\\\/#website\",\"url\":\"https:\\\/\\\/iai.int\\\/es\\\/\",\"name\":\"IAI - Inter-American Institute for Global Change Research\",\"description\":\"\",\"publisher\":{\"@id\":\"https:\\\/\\\/iai.int\\\/es\\\/#organization\"},\"potentialAction\":[{\"@type\":\"SearchAction\",\"target\":{\"@type\":\"EntryPoint\",\"urlTemplate\":\"https:\\\/\\\/iai.int\\\/es\\\/?s={search_term_string}\"},\"query-input\":{\"@type\":\"PropertyValueSpecification\",\"valueRequired\":true,\"valueName\":\"search_term_string\"}}],\"inLanguage\":\"es\"},{\"@type\":\"Organization\",\"@id\":\"https:\\\/\\\/iai.int\\\/es\\\/#organization\",\"name\":\"IAI - Inter-American Institute for Global Change Research\",\"url\":\"https:\\\/\\\/iai.int\\\/es\\\/\",\"logo\":{\"@type\":\"ImageObject\",\"inLanguage\":\"es\",\"@id\":\"https:\\\/\\\/iai.int\\\/es\\\/#\\\/schema\\\/logo\\\/image\\\/\",\"url\":\"https:\\\/\\\/iai.int\\\/wp-content\\\/uploads\\\/2025\\\/11\\\/IAI-logo-English-scaled.png\",\"contentUrl\":\"https:\\\/\\\/iai.int\\\/wp-content\\\/uploads\\\/2025\\\/11\\\/IAI-logo-English-scaled.png\",\"width\":2560,\"height\":985,\"caption\":\"IAI - Inter-American Institute for Global Change Research\"},\"image\":{\"@id\":\"https:\\\/\\\/iai.int\\\/es\\\/#\\\/schema\\\/logo\\\/image\\\/\"}}]}<\/script>\n<!-- \/ Yoast SEO plugin. -->","yoast_head_json":{"title":"SDC: Publicaciones - IAI - Inter-American Institute for Global Change Research","robots":{"index":"index","follow":"follow","max-snippet":"max-snippet:-1","max-image-preview":"max-image-preview:large","max-video-preview":"max-video-preview:-1"},"canonical":"https:\/\/iai.int\/es\/centro-de-diplomacia-cientifica\/sdc-publicaciones\/","og_locale":"es_ES","og_type":"article","og_title":"SDC: Publicaciones - IAI - Inter-American Institute for Global Change Research","og_description":"Recomendaciones para la Conservaci\u00f3n de los Estuarios y Restauraci\u00f3n de los Manglares de Centroam\u00e9rica y Sudam\u00e9rica Edgardo D\u00edaz-Ferguson, Luisa F. Echeverria-King, Branislav Pantovi\u0107, Johanna Segovia, Yani Aranguren, Ernesto Brugnoli, Pablo Muniz, Andrea Weiler, Eric Flores de Gracia, \u00c1lvaro Morales Ram\u00edrez, Eloisa Lasso, Joel S\u00e1nchez-Gallego, Karly Urriola-Garcia, Rodrigo Sant Ana, Sof\u00eda Zapata, Andrea Cancela da Cruz, [&hellip;]","og_url":"https:\/\/iai.int\/es\/centro-de-diplomacia-cientifica\/sdc-publicaciones\/","og_site_name":"IAI - Inter-American Institute for Global Change Research","article_modified_time":"2026-01-15T17:46:49+00:00","og_image":[{"width":1772,"height":551,"url":"https:\/\/iai.int\/wp-content\/uploads\/2025\/11\/SDC-16.png","type":"image\/png"}],"twitter_card":"summary_large_image","twitter_misc":{"Tiempo de lectura":"3 minutos"},"schema":{"@context":"https:\/\/schema.org","@graph":[{"@type":"WebPage","@id":"https:\/\/iai.int\/es\/centro-de-diplomacia-cientifica\/sdc-publicaciones\/","url":"https:\/\/iai.int\/es\/centro-de-diplomacia-cientifica\/sdc-publicaciones\/","name":"SDC: Publicaciones - IAI - Inter-American Institute for Global Change Research","isPartOf":{"@id":"https:\/\/iai.int\/es\/#website"},"primaryImageOfPage":{"@id":"https:\/\/iai.int\/es\/centro-de-diplomacia-cientifica\/sdc-publicaciones\/#primaryimage"},"image":{"@id":"https:\/\/iai.int\/es\/centro-de-diplomacia-cientifica\/sdc-publicaciones\/#primaryimage"},"thumbnailUrl":"https:\/\/iai.int\/wp-content\/uploads\/2025\/11\/SDC-16.png","datePublished":"2025-11-01T02:21:45+00:00","dateModified":"2026-01-15T17:46:49+00:00","breadcrumb":{"@id":"https:\/\/iai.int\/es\/centro-de-diplomacia-cientifica\/sdc-publicaciones\/#breadcrumb"},"inLanguage":"es","potentialAction":[{"@type":"ReadAction","target":["https:\/\/iai.int\/es\/centro-de-diplomacia-cientifica\/sdc-publicaciones\/"]}]},{"@type":"ImageObject","inLanguage":"es","@id":"https:\/\/iai.int\/es\/centro-de-diplomacia-cientifica\/sdc-publicaciones\/#primaryimage","url":"https:\/\/iai.int\/wp-content\/uploads\/2025\/11\/SDC-16.png","contentUrl":"https:\/\/iai.int\/wp-content\/uploads\/2025\/11\/SDC-16.png","width":1772,"height":551},{"@type":"BreadcrumbList","@id":"https:\/\/iai.int\/es\/centro-de-diplomacia-cientifica\/sdc-publicaciones\/#breadcrumb","itemListElement":[{"@type":"ListItem","position":1,"name":"Portada","item":"https:\/\/iai.int\/es\/"},{"@type":"ListItem","position":2,"name":"Centro de Diplomacia Cient\u00edfica","item":"https:\/\/iai.int\/es\/centro-de-diplomacia-cientifica\/"},{"@type":"ListItem","position":3,"name":"SDC: Publicaciones"}]},{"@type":"WebSite","@id":"https:\/\/iai.int\/es\/#website","url":"https:\/\/iai.int\/es\/","name":"IAI - Inter-American Institute for Global Change Research","description":"","publisher":{"@id":"https:\/\/iai.int\/es\/#organization"},"potentialAction":[{"@type":"SearchAction","target":{"@type":"EntryPoint","urlTemplate":"https:\/\/iai.int\/es\/?s={search_term_string}"},"query-input":{"@type":"PropertyValueSpecification","valueRequired":true,"valueName":"search_term_string"}}],"inLanguage":"es"},{"@type":"Organization","@id":"https:\/\/iai.int\/es\/#organization","name":"IAI - Inter-American Institute for Global Change Research","url":"https:\/\/iai.int\/es\/","logo":{"@type":"ImageObject","inLanguage":"es","@id":"https:\/\/iai.int\/es\/#\/schema\/logo\/image\/","url":"https:\/\/iai.int\/wp-content\/uploads\/2025\/11\/IAI-logo-English-scaled.png","contentUrl":"https:\/\/iai.int\/wp-content\/uploads\/2025\/11\/IAI-logo-English-scaled.png","width":2560,"height":985,"caption":"IAI - Inter-American Institute for Global Change Research"},"image":{"@id":"https:\/\/iai.int\/es\/#\/schema\/logo\/image\/"}}]}},"uagb_featured_image_src":{"full":["https:\/\/iai.int\/wp-content\/uploads\/2025\/11\/SDC-16.png",1772,551,false],"thumbnail":["https:\/\/iai.int\/wp-content\/uploads\/2025\/11\/SDC-16-150x150.png",150,150,true],"medium":["https:\/\/iai.int\/wp-content\/uploads\/2025\/11\/SDC-16-300x93.png",300,93,true],"medium_large":["https:\/\/iai.int\/wp-content\/uploads\/2025\/11\/SDC-16-768x239.png",768,239,true],"large":["https:\/\/iai.int\/wp-content\/uploads\/2025\/11\/SDC-16-1024x318.png",800,248,true],"1536x1536":["https:\/\/iai.int\/wp-content\/uploads\/2025\/11\/SDC-16-1536x478.png",1536,478,true],"2048x2048":["https:\/\/iai.int\/wp-content\/uploads\/2025\/11\/SDC-16.png",1772,551,false]},"uagb_author_info":{"display_name":"admin","author_link":"https:\/\/iai.int\/es\/author\/admin\/"},"uagb_comment_info":0,"uagb_excerpt":"Recomendaciones para la Conservaci\u00f3n de los Estuarios y Restauraci\u00f3n de los Manglares de Centroam\u00e9rica y Sudam\u00e9rica Edgardo D\u00edaz-Ferguson, Luisa F. Echeverria-King, Branislav Pantovi\u0107, Johanna Segovia, Yani Aranguren, Ernesto Brugnoli, Pablo Muniz, Andrea Weiler, Eric Flores de Gracia, \u00c1lvaro Morales Ram\u00edrez, Eloisa Lasso, Joel S\u00e1nchez-Gallego, Karly Urriola-Garcia, Rodrigo Sant Ana, Sof\u00eda Zapata, Andrea Cancela da Cruz,&hellip;","_links":{"self":[{"href":"https:\/\/iai.int\/es\/wp-json\/wp\/v2\/pages\/10318","targetHints":{"allow":["GET"]}}],"collection":[{"href":"https:\/\/iai.int\/es\/wp-json\/wp\/v2\/pages"}],"about":[{"href":"https:\/\/iai.int\/es\/wp-json\/wp\/v2\/types\/page"}],"author":[{"embeddable":true,"href":"https:\/\/iai.int\/es\/wp-json\/wp\/v2\/users\/1"}],"replies":[{"embeddable":true,"href":"https:\/\/iai.int\/es\/wp-json\/wp\/v2\/comments?post=10318"}],"version-history":[{"count":11,"href":"https:\/\/iai.int\/es\/wp-json\/wp\/v2\/pages\/10318\/revisions"}],"predecessor-version":[{"id":13646,"href":"https:\/\/iai.int\/es\/wp-json\/wp\/v2\/pages\/10318\/revisions\/13646"}],"up":[{"embeddable":true,"href":"https:\/\/iai.int\/es\/wp-json\/wp\/v2\/pages\/370"}],"wp:featuredmedia":[{"embeddable":true,"href":"https:\/\/iai.int\/es\/wp-json\/wp\/v2\/media\/10981"}],"wp:attachment":[{"href":"https:\/\/iai.int\/es\/wp-json\/wp\/v2\/media?parent=10318"}],"curies":[{"name":"wp","href":"https:\/\/api.w.org\/{rel}","templated":true}]}}