{"id":10263,"date":"2025-10-31T05:55:09","date_gmt":"2025-10-31T10:55:09","guid":{"rendered":"https:\/\/iai.int\/?page_id=10263"},"modified":"2025-11-10T12:14:26","modified_gmt":"2025-11-10T17:14:26","slug":"taller-de-ee-uu-2024","status":"publish","type":"page","link":"https:\/\/iai.int\/es\/centro-de-diplomacia-cientifica\/sdc-talleres-impartidos\/taller-de-ee-uu-2024\/","title":{"rendered":"Taller de EE.UU., 2024"},"content":{"rendered":"\n<h4 class=\"wp-block-heading\">Programa<\/h4>\n\n\n\n<p><strong>Agenda del taller<\/strong>: <a href=\"https:\/\/www.iai.int\/administrador\/assets\/images\/ckfinder\/files\/Gu%C3%ADa%20-%20Washington%20D_C.pdf\" target=\"_blank\" rel=\"noreferrer noopener\">https:\/\/www.iai.int\/administrador\/assets\/images\/ckfinder\/files\/Gu%C3%ADa%20-%20Washington%20D_C.pdf<\/a><\/p>\n\n\n\n<p><strong>Tema del taller:<\/strong>\u00a0Diplomacia Cient\u00edfica e Innovaci\u00f3n para el Cambio Ambiental Global en las Am\u00e9ricas<\/p>\n\n\n\n<p><strong>Fecha:<\/strong><\/p>\n\n\n\n<ul class=\"wp-block-list\">\n<li>8-10 de noviembre de 2024<\/li>\n<\/ul>\n\n\n\n<div style=\"height:25px\" aria-hidden=\"true\" class=\"wp-block-spacer\"><\/div>\n\n\n\n<p><strong>Ubicaci\u00f3n:<\/strong>\u00a0Washington, EE.UU.<\/p>\n\n\n\n<div style=\"height:25px\" aria-hidden=\"true\" class=\"wp-block-spacer\"><\/div>\n\n\n\n<h4 class=\"wp-block-heading\">Objetivos del taller<\/h4>\n\n\n\n<p>El Centro de Diplomacia Cient\u00edfica del IAI y la Universidad de S\u00e3o Paulo (USP) han desarrollado un Curr\u00edculo en Diplomacia Cient\u00edfica e Innovaci\u00f3n, basado en estudios de caso de toda Am\u00e9rica. Para maximizar su impacto, el curr\u00edculo est\u00e1 estructurado en dos partes interconectadas pero aut\u00f3nomas:<\/p>\n\n\n\n<ul class=\"wp-block-list\">\n<li>Curso en L\u00ednea\u00a0\u2013 Una introducci\u00f3n fundamental a los conceptos clave de Diplomacia Cient\u00edfica e Innovaci\u00f3n.\u00a0<\/li>\n\n\n\n<li>Talleres Presenciales\u00a0\u2013 Talleres interactivos dise\u00f1ados para profundizar el aprendizaje y adaptarse a las necesidades espec\u00edficas de los actores interesados.\u00a0<\/li>\n<\/ul>\n\n\n\n<div style=\"height:25px\" aria-hidden=\"true\" class=\"wp-block-spacer\"><\/div>\n\n\n\n<h4 class=\"wp-block-heading\">Contenido del taller<\/h4>\n\n\n\n<p>Este taller presenta el Curr\u00edculo en Diplomacia Cient\u00edfica e Innovaci\u00f3n del IAI a trav\u00e9s de una combinaci\u00f3n de clases interactivas y juegos de simulaci\u00f3n enfocados en temas clave:&nbsp;<\/p>\n\n\n\n<ul class=\"wp-block-list\">\n<li>Diplomacia Cient\u00edfica\u00a0\u2013 El papel de la ciencia en el apoyo a la colaboraci\u00f3n internacional y la toma de decisiones.\u00a0<\/li>\n\n\n\n<li>Diplomacia de Innovaci\u00f3n\u00a0\u2013 C\u00f3mo la diplomacia promueve avances cient\u00edficos y tecnol\u00f3gicos para el desarrollo sostenible.\u00a0<\/li>\n\n\n\n<li>Negociaci\u00f3n\u00a0\u2013 Conceptos centrales de negociaci\u00f3n para abordar problemas cient\u00edficos y ambientales complejos.\u00a0<\/li>\n\n\n\n<li>Cambio Ambiental Global\u00a0\u2013 Perspectivas sobre los desaf\u00edos ambientales que afectan a las Am\u00e9ricas.\u00a0<\/li>\n<\/ul>\n\n\n\n<p>Los juegos de simulaci\u00f3n permiten a los participantes aplicar estos conceptos en escenarios del mundo real, fomentando habilidades en negociaci\u00f3n, colaboraci\u00f3n y estrategias de diplomacia cient\u00edfica. Este enfoque pr\u00e1ctico fomenta la retroalimentaci\u00f3n para perfeccionar el curr\u00edculo y apoyar la capacitaci\u00f3n adaptada y efectiva para diversos actores en toda Am\u00e9rica.<\/p>\n\n\n\n<div style=\"height:25px\" aria-hidden=\"true\" class=\"wp-block-spacer\"><\/div>\n\n\n\n<h4 class=\"wp-block-heading\">Participantes<br>(y sus instituciones anfitrionas anteriores)<\/h4>\n\n\n\n<ul class=\"wp-block-list\">\n<li><strong>Alice Grossman<\/strong> &#8211; Becaria STeP del IAI y becaria de pol\u00edticas cient\u00edficas y tecnol\u00f3gicas de la AAAS en la NOAA (primera generaci\u00f3n, 2020-2022)\u00a0<\/li>\n\n\n\n<li><strong>Alice Ramos de Moraes<\/strong>\u00a0&#8211; Becaria STeP del IAI en la Plataforma Brasile\u00f1a de Biodiversidad y Servicios Ecosist\u00e9micos (BPBES) (segunda generaci\u00f3n, 2021-2023)\u00a0<\/li>\n\n\n\n<li><strong>Aline Villareal<\/strong> &#8211; Becaria STeP del IAI en el Ministerio de Medio Ambiente, M\u00e9xico (primera generaci\u00f3n, 2020-2022)\u00a0<\/li>\n\n\n\n<li><strong>Anjuli Figueroa<\/strong> &#8211; Becaria STeP del IAI y becaria AAAS en los Estados Unidos (exalumna de segunda generaci\u00f3n, 2021-2023)\u00a0<\/li>\n\n\n\n<li><strong>Angelo Attanasio<\/strong> &#8211; Becario STeP que trabaja en la Direcci\u00f3n del IAI y Latinoamerica21. Tercera generaci\u00f3n (2023-2025)\u00a0<\/li>\n\n\n\n<li><strong>Asif Iqbal<\/strong> &#8211; Becario STeP del IAI en Agricultura y Agroalimentaci\u00f3n de Canad\u00e1, Recursos Naturales de Canad\u00e1 (primera generaci\u00f3n, 2020-2022)\u00a0<\/li>\n\n\n\n<li><strong>Bhuvanesh Omkumar Awasthi<\/strong> &#8211; Becario STeP del IAI con el Gobierno de Canad\u00e1 (segunda generaci\u00f3n, 2021-2023)\u00a0<\/li>\n\n\n\n<li><strong>Branislav Pantovi\u0107<\/strong> &#8211; Becario STeP del IAI en el Centro de Diplomacia Cient\u00edfica (SDC) del IAI (tercera generaci\u00f3n)\u00a0<\/li>\n\n\n\n<li><strong>Chante Saunders<\/strong> &#8211; Becario STeP del IAI en CERMES, Barbados (segunda generaci\u00f3n, 2021-2023)\u00a0<\/li>\n\n\n\n<li><strong>Claudia Alarc\u00f3n<\/strong> &#8211; Becaria STeP del IAI en el Centro de Diplomacia Cient\u00edfica (SDC) del IAI (cuarta generaci\u00f3n)\u00a0<\/li>\n\n\n\n<li><strong>Gabriela Ferreira<\/strong> &#8211; Becaria STeP del IAI en el Centro de Diplomacia Cient\u00edfica (SDC) del IAI (cuarta generaci\u00f3n)\u00a0<\/li>\n\n\n\n<li><strong>Gabriela Duarte<\/strong> &#8211; Becaria STeP del IAI en la Plataforma Brasile\u00f1a de Biodiversidad y Servicios Ecosist\u00e9micos (BPBES) (segunda generaci\u00f3n, 2021-2023)\u00a0<\/li>\n\n\n\n<li><strong>Julian Campisi<\/strong> &#8211; Becaria STeP del IAI y becaria Mitacs en el Departamento de Defensa Nacional, Canad\u00e1 (primera generaci\u00f3n, 2020-2022)\u00a0<\/li>\n\n\n\n<li><strong>Karina Vega-Vila<\/strong> &#8211; Becaria STeP del IAI y becaria NSF, Estados Unidos (exalumna de tercera generaci\u00f3n)\u00a0<\/li>\n\n\n\n<li><strong>Laila Sandroni<\/strong> &#8211; Becaria STeP del IAI (primera generaci\u00f3n, 2020-2022)\u00a0<\/li>\n\n\n\n<li><strong>Larisse Faroni Perez<\/strong>\u00a0&#8211; Becaria STeP del IAI en BPBES | GOX, Brasil (Segunda Generaci\u00f3n, 2021-2023)\u00a0<\/li>\n\n\n\n<li><strong>Luz Cumba Garcia<\/strong> &#8211; IAI STeP Fellow y AAAS Science &amp; Technology Policy Fellow en el Departamento de Estado de EE. UU. (Tercera Generaci\u00f3n de Exalumnos)\u00a0<\/li>\n\n\n\n<li><strong>Mar\u00eda In\u00e9s Carabajal<\/strong> &#8211; IAI STeP Fellow en el IAI (Segunda Generaci\u00f3n, 2021-2023)\u00a0<\/li>\n\n\n\n<li><strong>Rosario Quintero<\/strong> &#8211; IAI STeP Fellow en la Secretar\u00eda Nacional de Ciencia, Tecnolog\u00eda e Innovaci\u00f3n (SENACYT), Panam\u00e1 (Segunda Generaci\u00f3n, 2021-2023)\u00a0<\/li>\n\n\n\n<li><strong>Sebasti\u00e1n Riera<\/strong> &#8211; IAI STeP Fellow en AACREA-CONICET, Argentina (Primera Generaci\u00f3n, 2020-2022)\u00a0<\/li>\n\n\n\n<li><strong>Daniel \u00c1lvarez Jim\u00e9nez<\/strong> &#8211; IAI STeP Fellow en AMEXAC, M\u00e9xico (Primera Generaci\u00f3n, 2020-2022)\u00a0<\/li>\n\n\n\n<li><strong>Brian Leung<\/strong> &#8211; IAI Becario STeP y becario AAAS Science &amp; Technology Policy Fellow en la Fundaci\u00f3n Nacional de Ciencias de Estados Unidos (segunda generaci\u00f3n)\u00a0<\/li>\n\n\n\n<li><strong>Bernat Navarro-Serer<\/strong> &#8211; Becario STeP del IAI y becario AAAS Science &amp; Technology Policy Fellow en NASEM (cuarta generaci\u00f3n)\u00a0<\/li>\n<\/ul>\n\n\n\n<div style=\"height:50px\" aria-hidden=\"true\" class=\"wp-block-spacer\"><\/div>\n\n\n\n<h4 class=\"wp-block-heading\">Facilitadores<\/h4>\n\n\n\n<ul class=\"wp-block-list\">\n<li><strong>Janina Onuki<\/strong> &#8211; Profesora titular del Departamento de Ciencias Pol\u00edticas de la Universidad de S\u00e3o Paulo. Miembro del Comit\u00e9 del Consejo Asesor del Science Diplomacy Center.\u00a0<\/li>\n\n\n\n<li><strong>Amancio J. de Oliveira<\/strong> &#8211; Profesor titular del Instituto de Relaciones Internacionales de la Universidad de S\u00e3o Paulo. Coordinador cient\u00edfico de Caeni e InnSciD.\u00a0<\/li>\n\n\n\n<li><strong>Gabriela Ferreira<\/strong> &#8211; Doctora en Relaciones Internacionales (USP\/KCL). Actualmente investigadora posdoctoral en Caeni\/USP y becaria STeP en el IAI.\u00a0<\/li>\n\n\n\n<li><strong>Rodrigo Lyra<\/strong> &#8211; Doctora en Relaciones Internacionales (USP\/KCL). Actualmente investigadora posdoctoral en Caeni\/USP.\u00a0<\/li>\n\n\n\n<li><strong>Romeu Bonk<\/strong> &#8211; Doctor en Ciencias Pol\u00edticas (USP). Actualmente investigador posdoctoral en Caeni\/USP.\u00a0<\/li>\n\n\n\n<li><strong>Andr\u00e9 Bafti<\/strong> &#8211; Candidato a m\u00e1ster en Ciencias Pol\u00edticas (USP). Actualmente investigador en Caeni\/USP.\u00a0<\/li>\n<\/ul>\n\n\n\n<div style=\"height:100px\" aria-hidden=\"true\" class=\"wp-block-spacer\"><\/div>\n","protected":false},"excerpt":{"rendered":"<p>Programa Agenda del taller: https:\/\/www.iai.int\/administrador\/assets\/images\/ckfinder\/files\/Gu%C3%ADa%20-%20Washington%20D_C.pdf Tema del taller:\u00a0Diplomacia Cient\u00edfica e Innovaci\u00f3n para el Cambio Ambiental Global en las Am\u00e9ricas Fecha: Ubicaci\u00f3n:\u00a0Washington, EE.UU. Objetivos del taller El Centro de Diplomacia Cient\u00edfica del IAI y la Universidad de S\u00e3o Paulo (USP) han desarrollado un Curr\u00edculo en Diplomacia Cient\u00edfica e Innovaci\u00f3n, basado en estudios de caso de toda [&hellip;]<\/p>\n","protected":false},"author":1,"featured_media":10961,"parent":10059,"menu_order":0,"comment_status":"closed","ping_status":"closed","template":"","meta":{"_acf_changed":false,"_uag_custom_page_level_css":"","footnotes":""},"class_list":["post-10263","page","type-page","status-publish","has-post-thumbnail","hentry"],"acf":[],"yoast_head":"<!-- This site is optimized with the Yoast SEO plugin v27.3 - https:\/\/yoast.com\/product\/yoast-seo-wordpress\/ -->\n<title>Taller de EE.UU., 2024 - IAI - Inter-American Institute for Global Change Research<\/title>\n<meta name=\"robots\" content=\"index, follow, max-snippet:-1, max-image-preview:large, max-video-preview:-1\" \/>\n<link rel=\"canonical\" href=\"https:\/\/iai.int\/es\/centro-de-diplomacia-cientifica\/sdc-talleres-impartidos\/taller-de-ee-uu-2024\/\" \/>\n<meta property=\"og:locale\" content=\"es_ES\" \/>\n<meta property=\"og:type\" content=\"article\" \/>\n<meta property=\"og:title\" content=\"Taller de EE.UU., 2024 - IAI - Inter-American Institute for Global Change Research\" \/>\n<meta property=\"og:description\" content=\"Programa Agenda del taller: https:\/\/www.iai.int\/administrador\/assets\/images\/ckfinder\/files\/Gu%C3%ADa%20-%20Washington%20D_C.pdf Tema del taller:\u00a0Diplomacia Cient\u00edfica e Innovaci\u00f3n para el Cambio Ambiental Global en las Am\u00e9ricas Fecha: Ubicaci\u00f3n:\u00a0Washington, EE.UU. Objetivos del taller El Centro de Diplomacia Cient\u00edfica del IAI y la Universidad de S\u00e3o Paulo (USP) han desarrollado un Curr\u00edculo en Diplomacia Cient\u00edfica e Innovaci\u00f3n, basado en estudios de caso de toda [&hellip;]\" \/>\n<meta property=\"og:url\" content=\"https:\/\/iai.int\/es\/centro-de-diplomacia-cientifica\/sdc-talleres-impartidos\/taller-de-ee-uu-2024\/\" \/>\n<meta property=\"og:site_name\" content=\"IAI - Inter-American Institute for Global Change Research\" \/>\n<meta property=\"article:modified_time\" content=\"2025-11-10T17:14:26+00:00\" \/>\n<meta property=\"og:image\" content=\"https:\/\/iai.int\/wp-content\/uploads\/2025\/11\/SDC-9.png\" \/>\n\t<meta property=\"og:image:width\" content=\"1772\" \/>\n\t<meta property=\"og:image:height\" content=\"551\" \/>\n\t<meta property=\"og:image:type\" content=\"image\/png\" \/>\n<meta name=\"twitter:card\" content=\"summary_large_image\" \/>\n<meta name=\"twitter:label1\" content=\"Tiempo de lectura\" \/>\n\t<meta name=\"twitter:data1\" content=\"4 minutos\" \/>\n<script type=\"application\/ld+json\" class=\"yoast-schema-graph\">{\"@context\":\"https:\\\/\\\/schema.org\",\"@graph\":[{\"@type\":\"WebPage\",\"@id\":\"https:\\\/\\\/iai.int\\\/es\\\/centro-de-diplomacia-cientifica\\\/sdc-talleres-impartidos\\\/taller-de-ee-uu-2024\\\/\",\"url\":\"https:\\\/\\\/iai.int\\\/es\\\/centro-de-diplomacia-cientifica\\\/sdc-talleres-impartidos\\\/taller-de-ee-uu-2024\\\/\",\"name\":\"Taller de EE.UU., 2024 - IAI - Inter-American Institute for Global Change Research\",\"isPartOf\":{\"@id\":\"https:\\\/\\\/iai.int\\\/es\\\/#website\"},\"primaryImageOfPage\":{\"@id\":\"https:\\\/\\\/iai.int\\\/es\\\/centro-de-diplomacia-cientifica\\\/sdc-talleres-impartidos\\\/taller-de-ee-uu-2024\\\/#primaryimage\"},\"image\":{\"@id\":\"https:\\\/\\\/iai.int\\\/es\\\/centro-de-diplomacia-cientifica\\\/sdc-talleres-impartidos\\\/taller-de-ee-uu-2024\\\/#primaryimage\"},\"thumbnailUrl\":\"https:\\\/\\\/iai.int\\\/wp-content\\\/uploads\\\/2025\\\/11\\\/SDC-9.png\",\"datePublished\":\"2025-10-31T10:55:09+00:00\",\"dateModified\":\"2025-11-10T17:14:26+00:00\",\"breadcrumb\":{\"@id\":\"https:\\\/\\\/iai.int\\\/es\\\/centro-de-diplomacia-cientifica\\\/sdc-talleres-impartidos\\\/taller-de-ee-uu-2024\\\/#breadcrumb\"},\"inLanguage\":\"es\",\"potentialAction\":[{\"@type\":\"ReadAction\",\"target\":[\"https:\\\/\\\/iai.int\\\/es\\\/centro-de-diplomacia-cientifica\\\/sdc-talleres-impartidos\\\/taller-de-ee-uu-2024\\\/\"]}]},{\"@type\":\"ImageObject\",\"inLanguage\":\"es\",\"@id\":\"https:\\\/\\\/iai.int\\\/es\\\/centro-de-diplomacia-cientifica\\\/sdc-talleres-impartidos\\\/taller-de-ee-uu-2024\\\/#primaryimage\",\"url\":\"https:\\\/\\\/iai.int\\\/wp-content\\\/uploads\\\/2025\\\/11\\\/SDC-9.png\",\"contentUrl\":\"https:\\\/\\\/iai.int\\\/wp-content\\\/uploads\\\/2025\\\/11\\\/SDC-9.png\",\"width\":1772,\"height\":551},{\"@type\":\"BreadcrumbList\",\"@id\":\"https:\\\/\\\/iai.int\\\/es\\\/centro-de-diplomacia-cientifica\\\/sdc-talleres-impartidos\\\/taller-de-ee-uu-2024\\\/#breadcrumb\",\"itemListElement\":[{\"@type\":\"ListItem\",\"position\":1,\"name\":\"Portada\",\"item\":\"https:\\\/\\\/iai.int\\\/es\\\/\"},{\"@type\":\"ListItem\",\"position\":2,\"name\":\"Centro de Diplomacia Cient\u00edfica\",\"item\":\"https:\\\/\\\/iai.int\\\/es\\\/centro-de-diplomacia-cientifica\\\/\"},{\"@type\":\"ListItem\",\"position\":3,\"name\":\"SDC: Talleres impartidos\",\"item\":\"https:\\\/\\\/iai.int\\\/es\\\/centro-de-diplomacia-cientifica\\\/sdc-talleres-impartidos\\\/\"},{\"@type\":\"ListItem\",\"position\":4,\"name\":\"Taller de EE.UU., 2024\"}]},{\"@type\":\"WebSite\",\"@id\":\"https:\\\/\\\/iai.int\\\/es\\\/#website\",\"url\":\"https:\\\/\\\/iai.int\\\/es\\\/\",\"name\":\"IAI - Inter-American Institute for Global Change Research\",\"description\":\"\",\"publisher\":{\"@id\":\"https:\\\/\\\/iai.int\\\/es\\\/#organization\"},\"potentialAction\":[{\"@type\":\"SearchAction\",\"target\":{\"@type\":\"EntryPoint\",\"urlTemplate\":\"https:\\\/\\\/iai.int\\\/es\\\/?s={search_term_string}\"},\"query-input\":{\"@type\":\"PropertyValueSpecification\",\"valueRequired\":true,\"valueName\":\"search_term_string\"}}],\"inLanguage\":\"es\"},{\"@type\":\"Organization\",\"@id\":\"https:\\\/\\\/iai.int\\\/es\\\/#organization\",\"name\":\"IAI - Inter-American Institute for Global Change Research\",\"url\":\"https:\\\/\\\/iai.int\\\/es\\\/\",\"logo\":{\"@type\":\"ImageObject\",\"inLanguage\":\"es\",\"@id\":\"https:\\\/\\\/iai.int\\\/es\\\/#\\\/schema\\\/logo\\\/image\\\/\",\"url\":\"https:\\\/\\\/iai.int\\\/wp-content\\\/uploads\\\/2025\\\/11\\\/IAI-logo-English-scaled.png\",\"contentUrl\":\"https:\\\/\\\/iai.int\\\/wp-content\\\/uploads\\\/2025\\\/11\\\/IAI-logo-English-scaled.png\",\"width\":2560,\"height\":985,\"caption\":\"IAI - Inter-American Institute for Global Change Research\"},\"image\":{\"@id\":\"https:\\\/\\\/iai.int\\\/es\\\/#\\\/schema\\\/logo\\\/image\\\/\"}}]}<\/script>\n<!-- \/ Yoast SEO plugin. -->","yoast_head_json":{"title":"Taller de EE.UU., 2024 - IAI - Inter-American Institute for Global Change Research","robots":{"index":"index","follow":"follow","max-snippet":"max-snippet:-1","max-image-preview":"max-image-preview:large","max-video-preview":"max-video-preview:-1"},"canonical":"https:\/\/iai.int\/es\/centro-de-diplomacia-cientifica\/sdc-talleres-impartidos\/taller-de-ee-uu-2024\/","og_locale":"es_ES","og_type":"article","og_title":"Taller de EE.UU., 2024 - IAI - Inter-American Institute for Global Change Research","og_description":"Programa Agenda del taller: https:\/\/www.iai.int\/administrador\/assets\/images\/ckfinder\/files\/Gu%C3%ADa%20-%20Washington%20D_C.pdf Tema del taller:\u00a0Diplomacia Cient\u00edfica e Innovaci\u00f3n para el Cambio Ambiental Global en las Am\u00e9ricas Fecha: Ubicaci\u00f3n:\u00a0Washington, EE.UU. Objetivos del taller El Centro de Diplomacia Cient\u00edfica del IAI y la Universidad de S\u00e3o Paulo (USP) han desarrollado un Curr\u00edculo en Diplomacia Cient\u00edfica e Innovaci\u00f3n, basado en estudios de caso de toda [&hellip;]","og_url":"https:\/\/iai.int\/es\/centro-de-diplomacia-cientifica\/sdc-talleres-impartidos\/taller-de-ee-uu-2024\/","og_site_name":"IAI - Inter-American Institute for Global Change Research","article_modified_time":"2025-11-10T17:14:26+00:00","og_image":[{"width":1772,"height":551,"url":"https:\/\/iai.int\/wp-content\/uploads\/2025\/11\/SDC-9.png","type":"image\/png"}],"twitter_card":"summary_large_image","twitter_misc":{"Tiempo de lectura":"4 minutos"},"schema":{"@context":"https:\/\/schema.org","@graph":[{"@type":"WebPage","@id":"https:\/\/iai.int\/es\/centro-de-diplomacia-cientifica\/sdc-talleres-impartidos\/taller-de-ee-uu-2024\/","url":"https:\/\/iai.int\/es\/centro-de-diplomacia-cientifica\/sdc-talleres-impartidos\/taller-de-ee-uu-2024\/","name":"Taller de EE.UU., 2024 - IAI - Inter-American Institute for Global Change Research","isPartOf":{"@id":"https:\/\/iai.int\/es\/#website"},"primaryImageOfPage":{"@id":"https:\/\/iai.int\/es\/centro-de-diplomacia-cientifica\/sdc-talleres-impartidos\/taller-de-ee-uu-2024\/#primaryimage"},"image":{"@id":"https:\/\/iai.int\/es\/centro-de-diplomacia-cientifica\/sdc-talleres-impartidos\/taller-de-ee-uu-2024\/#primaryimage"},"thumbnailUrl":"https:\/\/iai.int\/wp-content\/uploads\/2025\/11\/SDC-9.png","datePublished":"2025-10-31T10:55:09+00:00","dateModified":"2025-11-10T17:14:26+00:00","breadcrumb":{"@id":"https:\/\/iai.int\/es\/centro-de-diplomacia-cientifica\/sdc-talleres-impartidos\/taller-de-ee-uu-2024\/#breadcrumb"},"inLanguage":"es","potentialAction":[{"@type":"ReadAction","target":["https:\/\/iai.int\/es\/centro-de-diplomacia-cientifica\/sdc-talleres-impartidos\/taller-de-ee-uu-2024\/"]}]},{"@type":"ImageObject","inLanguage":"es","@id":"https:\/\/iai.int\/es\/centro-de-diplomacia-cientifica\/sdc-talleres-impartidos\/taller-de-ee-uu-2024\/#primaryimage","url":"https:\/\/iai.int\/wp-content\/uploads\/2025\/11\/SDC-9.png","contentUrl":"https:\/\/iai.int\/wp-content\/uploads\/2025\/11\/SDC-9.png","width":1772,"height":551},{"@type":"BreadcrumbList","@id":"https:\/\/iai.int\/es\/centro-de-diplomacia-cientifica\/sdc-talleres-impartidos\/taller-de-ee-uu-2024\/#breadcrumb","itemListElement":[{"@type":"ListItem","position":1,"name":"Portada","item":"https:\/\/iai.int\/es\/"},{"@type":"ListItem","position":2,"name":"Centro de Diplomacia Cient\u00edfica","item":"https:\/\/iai.int\/es\/centro-de-diplomacia-cientifica\/"},{"@type":"ListItem","position":3,"name":"SDC: Talleres impartidos","item":"https:\/\/iai.int\/es\/centro-de-diplomacia-cientifica\/sdc-talleres-impartidos\/"},{"@type":"ListItem","position":4,"name":"Taller de EE.UU., 2024"}]},{"@type":"WebSite","@id":"https:\/\/iai.int\/es\/#website","url":"https:\/\/iai.int\/es\/","name":"IAI - Inter-American Institute for Global Change Research","description":"","publisher":{"@id":"https:\/\/iai.int\/es\/#organization"},"potentialAction":[{"@type":"SearchAction","target":{"@type":"EntryPoint","urlTemplate":"https:\/\/iai.int\/es\/?s={search_term_string}"},"query-input":{"@type":"PropertyValueSpecification","valueRequired":true,"valueName":"search_term_string"}}],"inLanguage":"es"},{"@type":"Organization","@id":"https:\/\/iai.int\/es\/#organization","name":"IAI - Inter-American Institute for Global Change Research","url":"https:\/\/iai.int\/es\/","logo":{"@type":"ImageObject","inLanguage":"es","@id":"https:\/\/iai.int\/es\/#\/schema\/logo\/image\/","url":"https:\/\/iai.int\/wp-content\/uploads\/2025\/11\/IAI-logo-English-scaled.png","contentUrl":"https:\/\/iai.int\/wp-content\/uploads\/2025\/11\/IAI-logo-English-scaled.png","width":2560,"height":985,"caption":"IAI - Inter-American Institute for Global Change Research"},"image":{"@id":"https:\/\/iai.int\/es\/#\/schema\/logo\/image\/"}}]}},"uagb_featured_image_src":{"full":["https:\/\/iai.int\/wp-content\/uploads\/2025\/11\/SDC-9.png",1772,551,false],"thumbnail":["https:\/\/iai.int\/wp-content\/uploads\/2025\/11\/SDC-9-150x150.png",150,150,true],"medium":["https:\/\/iai.int\/wp-content\/uploads\/2025\/11\/SDC-9-300x93.png",300,93,true],"medium_large":["https:\/\/iai.int\/wp-content\/uploads\/2025\/11\/SDC-9-768x239.png",768,239,true],"large":["https:\/\/iai.int\/wp-content\/uploads\/2025\/11\/SDC-9-1024x318.png",800,248,true],"1536x1536":["https:\/\/iai.int\/wp-content\/uploads\/2025\/11\/SDC-9-1536x478.png",1536,478,true],"2048x2048":["https:\/\/iai.int\/wp-content\/uploads\/2025\/11\/SDC-9.png",1772,551,false]},"uagb_author_info":{"display_name":"admin","author_link":"https:\/\/iai.int\/es\/author\/admin\/"},"uagb_comment_info":0,"uagb_excerpt":"Programa Agenda del taller: https:\/\/www.iai.int\/administrador\/assets\/images\/ckfinder\/files\/Gu%C3%ADa%20-%20Washington%20D_C.pdf Tema del taller:\u00a0Diplomacia Cient\u00edfica e Innovaci\u00f3n para el Cambio Ambiental Global en las Am\u00e9ricas Fecha: Ubicaci\u00f3n:\u00a0Washington, EE.UU. Objetivos del taller El Centro de Diplomacia Cient\u00edfica del IAI y la Universidad de S\u00e3o Paulo (USP) han desarrollado un Curr\u00edculo en Diplomacia Cient\u00edfica e Innovaci\u00f3n, basado en estudios de caso de toda&hellip;","_links":{"self":[{"href":"https:\/\/iai.int\/es\/wp-json\/wp\/v2\/pages\/10263","targetHints":{"allow":["GET"]}}],"collection":[{"href":"https:\/\/iai.int\/es\/wp-json\/wp\/v2\/pages"}],"about":[{"href":"https:\/\/iai.int\/es\/wp-json\/wp\/v2\/types\/page"}],"author":[{"embeddable":true,"href":"https:\/\/iai.int\/es\/wp-json\/wp\/v2\/users\/1"}],"replies":[{"embeddable":true,"href":"https:\/\/iai.int\/es\/wp-json\/wp\/v2\/comments?post=10263"}],"version-history":[{"count":4,"href":"https:\/\/iai.int\/es\/wp-json\/wp\/v2\/pages\/10263\/revisions"}],"predecessor-version":[{"id":10274,"href":"https:\/\/iai.int\/es\/wp-json\/wp\/v2\/pages\/10263\/revisions\/10274"}],"up":[{"embeddable":true,"href":"https:\/\/iai.int\/es\/wp-json\/wp\/v2\/pages\/10059"}],"wp:featuredmedia":[{"embeddable":true,"href":"https:\/\/iai.int\/es\/wp-json\/wp\/v2\/media\/10961"}],"wp:attachment":[{"href":"https:\/\/iai.int\/es\/wp-json\/wp\/v2\/media?parent=10263"}],"curies":[{"name":"wp","href":"https:\/\/api.w.org\/{rel}","templated":true}]}}