{"id":1019,"date":"2024-09-22T14:13:14","date_gmt":"2024-09-22T17:13:14","guid":{"rendered":"https:\/\/iai.int\/?page_id=1019"},"modified":"2025-11-14T10:13:58","modified_gmt":"2025-11-14T15:13:58","slug":"respuesta-en-clima-y-ambiente-para-la-salud-en-las-americas-iniciativa-de-financiamiento-para-la-formacion-e-investigacion","status":"publish","type":"page","link":"https:\/\/iai.int\/es\/respuesta-en-clima-y-ambiente-para-la-salud-en-las-americas-iniciativa-de-financiamiento-para-la-formacion-e-investigacion\/","title":{"rendered":"Respuesta en Clima y Ambiente para la Salud en las Am\u00e9ricas &#8211; Iniciativa de Financiamiento para la Formaci\u00f3n e Investigaci\u00f3n"},"content":{"rendered":"\n<p>La iniciativa Clima, Medio Ambiente y Salud para las Am\u00e9ricas (CEH) tiene como objetivo fortalecer la capacidad de profesionales e instituciones en toda Am\u00e9rica para abordar desaf\u00edos en la intersecci\u00f3n del clima, el medio ambiente y la salud a trav\u00e9s de un enfoque transdisciplinario.<\/p>\n\n\n\n<p>En su primera fase, m\u00e1s de 100 participantes asistieron a un curso en l\u00ednea basado en certificados, que incluy\u00f3 a funcionarios gubernamentales a nivel nacional y subnacional; miembros y l\u00edderes de comunidades y sociedad civil; usuarios del conocimiento e investigadores que se ocupan de sectores clave (medicina, epidemiolog\u00eda, salud p\u00fablica, medio ambiente, clima y servicios meteorol\u00f3gicos).<\/p>\n\n\n\n<p>Los participantes fueron capacitados en investigaci\u00f3n transdisciplinaria por Gabriela Alonso Y\u00e1nez y Lily House-Peters, y en comunicaci\u00f3n cient\u00edfica por Angelo Attanasio (Latinoam\u00e9rica 21), Marcelo Rinesi (Axenya), Ana Pais (Radio Ambulante), Pamela Poo y Juan Sarasua (Divulgaci\u00f3n Cient\u00edfica). El curso tambi\u00e9n presenta estudios de caso de Gilma Mantilla (Pontificia Universidad Javeriana), Stella Hartinger (Universidad Peruana Cayetano Heredia), Nicole Arbour (Belmont Forum) y Mercy Borbor-C\u00f3rdova (ESPOL).<\/p>\n\n\n\n<p>En una segunda etapa, los participantes se reunieron en persona para asistir al\u00a0<strong><a href=\"https:\/\/archive.iai.int\/es\/post\/detail\/REGIONAL-WORKSHOP-ON-CLIMATE-ENVIRONMENT-AND-HEALTH\">Taller Regional sobre Clima, Medio Ambiente y Salud<\/a><\/strong>\u00a0en San Mart\u00edn de los Andes, Provincia de Neuqu\u00e9n, Argentina. En el taller, se reunieron con expertos y facilitadores para trabajar en la versi\u00f3n final de sus propuestas de investigaci\u00f3n.<\/p>\n\n\n\n<p>En la tercera y \u00faltima etapa, se espera que los equipos que fueron otorgados con un subsidio inicial completen su investigaci\u00f3n para 2024. Puede obtener m\u00e1s informaci\u00f3n sobre los proyectos&nbsp;<a href=\"https:\/\/iai.int\/es\/post\/detail\/CEH-responders-in-the-Americas\"><strong>aqu\u00ed<\/strong><\/a>.<\/p>\n\n\n\n<p><a href=\"https:\/\/iai.int\/administrador\/assets\/images\/ckfinder\/files\/TD%20ESP%20CEH%20course%20overview_3Jun2022_Spa.docx.pdf\"><strong>Texto completo de la convocatoria de la Iniciativa Clima, Medio Ambiente y Salud (en pdf)<\/strong><\/a><\/p>\n\n\n\n<p><a href=\"https:\/\/iai.int\/administrador\/assets\/images\/ckfinder\/files\/Directorio%20Directorio%20Taller%202023%20IAI%20OPS%20GCCHE.pdf\"><strong>Directorio de Participantes del Taller Clima, Medio Ambiente y Salud 2023<\/strong><\/a><\/p>\n\n\n\n<p><\/p>\n","protected":false},"excerpt":{"rendered":"<p>La iniciativa Clima, Medio Ambiente y Salud para las Am\u00e9ricas (CEH) tiene como objetivo fortalecer la capacidad de profesionales e instituciones en toda Am\u00e9rica para abordar desaf\u00edos en la intersecci\u00f3n del clima, el medio ambiente y la salud a trav\u00e9s de un enfoque transdisciplinario. En su primera fase, m\u00e1s de 100 participantes asistieron a un [&hellip;]<\/p>\n","protected":false},"author":1,"featured_media":11391,"parent":0,"menu_order":0,"comment_status":"closed","ping_status":"closed","template":"","meta":{"_acf_changed":false,"_uag_custom_page_level_css":"","footnotes":""},"class_list":["post-1019","page","type-page","status-publish","has-post-thumbnail","hentry"],"acf":[],"yoast_head":"<!-- This site is optimized with the Yoast SEO plugin v27.3 - https:\/\/yoast.com\/product\/yoast-seo-wordpress\/ -->\n<title>Respuesta en Clima y Ambiente para la Salud en las Am\u00e9ricas - Iniciativa de Financiamiento para la Formaci\u00f3n e Investigaci\u00f3n - IAI - Inter-American Institute for Global Change Research<\/title>\n<meta name=\"robots\" content=\"index, follow, max-snippet:-1, max-image-preview:large, max-video-preview:-1\" \/>\n<link rel=\"canonical\" href=\"https:\/\/iai.int\/es\/respuesta-en-clima-y-ambiente-para-la-salud-en-las-americas-iniciativa-de-financiamiento-para-la-formacion-e-investigacion\/\" \/>\n<meta property=\"og:locale\" content=\"es_ES\" \/>\n<meta property=\"og:type\" content=\"article\" \/>\n<meta property=\"og:title\" content=\"Respuesta en Clima y Ambiente para la Salud en las Am\u00e9ricas - Iniciativa de Financiamiento para la Formaci\u00f3n e Investigaci\u00f3n - IAI - Inter-American Institute for Global Change Research\" \/>\n<meta property=\"og:description\" content=\"La iniciativa Clima, Medio Ambiente y Salud para las Am\u00e9ricas (CEH) tiene como objetivo fortalecer la capacidad de profesionales e instituciones en toda Am\u00e9rica para abordar desaf\u00edos en la intersecci\u00f3n del clima, el medio ambiente y la salud a trav\u00e9s de un enfoque transdisciplinario. En su primera fase, m\u00e1s de 100 participantes asistieron a un [&hellip;]\" \/>\n<meta property=\"og:url\" content=\"https:\/\/iai.int\/es\/respuesta-en-clima-y-ambiente-para-la-salud-en-las-americas-iniciativa-de-financiamiento-para-la-formacion-e-investigacion\/\" \/>\n<meta property=\"og:site_name\" content=\"IAI - Inter-American Institute for Global Change Research\" \/>\n<meta property=\"article:modified_time\" content=\"2025-11-14T15:13:58+00:00\" \/>\n<meta property=\"og:image\" content=\"https:\/\/iai.int\/wp-content\/uploads\/2025\/11\/BANNERS-NUEVA-WEB-2-1.png\" \/>\n\t<meta property=\"og:image:width\" content=\"1772\" \/>\n\t<meta property=\"og:image:height\" content=\"551\" \/>\n\t<meta property=\"og:image:type\" content=\"image\/png\" \/>\n<meta name=\"twitter:card\" content=\"summary_large_image\" \/>\n<meta name=\"twitter:label1\" content=\"Tiempo de lectura\" \/>\n\t<meta name=\"twitter:data1\" content=\"1 minuto\" \/>\n<script type=\"application\/ld+json\" class=\"yoast-schema-graph\">{\"@context\":\"https:\\\/\\\/schema.org\",\"@graph\":[{\"@type\":\"WebPage\",\"@id\":\"https:\\\/\\\/iai.int\\\/es\\\/respuesta-en-clima-y-ambiente-para-la-salud-en-las-americas-iniciativa-de-financiamiento-para-la-formacion-e-investigacion\\\/\",\"url\":\"https:\\\/\\\/iai.int\\\/es\\\/respuesta-en-clima-y-ambiente-para-la-salud-en-las-americas-iniciativa-de-financiamiento-para-la-formacion-e-investigacion\\\/\",\"name\":\"Respuesta en Clima y Ambiente para la Salud en las Am\u00e9ricas - Iniciativa de Financiamiento para la Formaci\u00f3n e Investigaci\u00f3n - IAI - Inter-American Institute for Global Change Research\",\"isPartOf\":{\"@id\":\"https:\\\/\\\/iai.int\\\/es\\\/#website\"},\"primaryImageOfPage\":{\"@id\":\"https:\\\/\\\/iai.int\\\/es\\\/respuesta-en-clima-y-ambiente-para-la-salud-en-las-americas-iniciativa-de-financiamiento-para-la-formacion-e-investigacion\\\/#primaryimage\"},\"image\":{\"@id\":\"https:\\\/\\\/iai.int\\\/es\\\/respuesta-en-clima-y-ambiente-para-la-salud-en-las-americas-iniciativa-de-financiamiento-para-la-formacion-e-investigacion\\\/#primaryimage\"},\"thumbnailUrl\":\"https:\\\/\\\/iai.int\\\/wp-content\\\/uploads\\\/2025\\\/11\\\/BANNERS-NUEVA-WEB-2-1.png\",\"datePublished\":\"2024-09-22T17:13:14+00:00\",\"dateModified\":\"2025-11-14T15:13:58+00:00\",\"breadcrumb\":{\"@id\":\"https:\\\/\\\/iai.int\\\/es\\\/respuesta-en-clima-y-ambiente-para-la-salud-en-las-americas-iniciativa-de-financiamiento-para-la-formacion-e-investigacion\\\/#breadcrumb\"},\"inLanguage\":\"es\",\"potentialAction\":[{\"@type\":\"ReadAction\",\"target\":[\"https:\\\/\\\/iai.int\\\/es\\\/respuesta-en-clima-y-ambiente-para-la-salud-en-las-americas-iniciativa-de-financiamiento-para-la-formacion-e-investigacion\\\/\"]}]},{\"@type\":\"ImageObject\",\"inLanguage\":\"es\",\"@id\":\"https:\\\/\\\/iai.int\\\/es\\\/respuesta-en-clima-y-ambiente-para-la-salud-en-las-americas-iniciativa-de-financiamiento-para-la-formacion-e-investigacion\\\/#primaryimage\",\"url\":\"https:\\\/\\\/iai.int\\\/wp-content\\\/uploads\\\/2025\\\/11\\\/BANNERS-NUEVA-WEB-2-1.png\",\"contentUrl\":\"https:\\\/\\\/iai.int\\\/wp-content\\\/uploads\\\/2025\\\/11\\\/BANNERS-NUEVA-WEB-2-1.png\",\"width\":1772,\"height\":551},{\"@type\":\"BreadcrumbList\",\"@id\":\"https:\\\/\\\/iai.int\\\/es\\\/respuesta-en-clima-y-ambiente-para-la-salud-en-las-americas-iniciativa-de-financiamiento-para-la-formacion-e-investigacion\\\/#breadcrumb\",\"itemListElement\":[{\"@type\":\"ListItem\",\"position\":1,\"name\":\"Portada\",\"item\":\"https:\\\/\\\/iai.int\\\/es\\\/\"},{\"@type\":\"ListItem\",\"position\":2,\"name\":\"Respuesta en Clima y Ambiente para la Salud en las Am\u00e9ricas &#8211; Iniciativa de Financiamiento para la Formaci\u00f3n e Investigaci\u00f3n\"}]},{\"@type\":\"WebSite\",\"@id\":\"https:\\\/\\\/iai.int\\\/es\\\/#website\",\"url\":\"https:\\\/\\\/iai.int\\\/es\\\/\",\"name\":\"IAI - Inter-American Institute for Global Change Research\",\"description\":\"\",\"publisher\":{\"@id\":\"https:\\\/\\\/iai.int\\\/es\\\/#organization\"},\"potentialAction\":[{\"@type\":\"SearchAction\",\"target\":{\"@type\":\"EntryPoint\",\"urlTemplate\":\"https:\\\/\\\/iai.int\\\/es\\\/?s={search_term_string}\"},\"query-input\":{\"@type\":\"PropertyValueSpecification\",\"valueRequired\":true,\"valueName\":\"search_term_string\"}}],\"inLanguage\":\"es\"},{\"@type\":\"Organization\",\"@id\":\"https:\\\/\\\/iai.int\\\/es\\\/#organization\",\"name\":\"IAI - Inter-American Institute for Global Change Research\",\"url\":\"https:\\\/\\\/iai.int\\\/es\\\/\",\"logo\":{\"@type\":\"ImageObject\",\"inLanguage\":\"es\",\"@id\":\"https:\\\/\\\/iai.int\\\/es\\\/#\\\/schema\\\/logo\\\/image\\\/\",\"url\":\"https:\\\/\\\/iai.int\\\/wp-content\\\/uploads\\\/2025\\\/11\\\/IAI-logo-English-scaled.png\",\"contentUrl\":\"https:\\\/\\\/iai.int\\\/wp-content\\\/uploads\\\/2025\\\/11\\\/IAI-logo-English-scaled.png\",\"width\":2560,\"height\":985,\"caption\":\"IAI - Inter-American Institute for Global Change Research\"},\"image\":{\"@id\":\"https:\\\/\\\/iai.int\\\/es\\\/#\\\/schema\\\/logo\\\/image\\\/\"}}]}<\/script>\n<!-- \/ Yoast SEO plugin. -->","yoast_head_json":{"title":"Respuesta en Clima y Ambiente para la Salud en las Am\u00e9ricas - Iniciativa de Financiamiento para la Formaci\u00f3n e Investigaci\u00f3n - IAI - Inter-American Institute for Global Change Research","robots":{"index":"index","follow":"follow","max-snippet":"max-snippet:-1","max-image-preview":"max-image-preview:large","max-video-preview":"max-video-preview:-1"},"canonical":"https:\/\/iai.int\/es\/respuesta-en-clima-y-ambiente-para-la-salud-en-las-americas-iniciativa-de-financiamiento-para-la-formacion-e-investigacion\/","og_locale":"es_ES","og_type":"article","og_title":"Respuesta en Clima y Ambiente para la Salud en las Am\u00e9ricas - Iniciativa de Financiamiento para la Formaci\u00f3n e Investigaci\u00f3n - IAI - Inter-American Institute for Global Change Research","og_description":"La iniciativa Clima, Medio Ambiente y Salud para las Am\u00e9ricas (CEH) tiene como objetivo fortalecer la capacidad de profesionales e instituciones en toda Am\u00e9rica para abordar desaf\u00edos en la intersecci\u00f3n del clima, el medio ambiente y la salud a trav\u00e9s de un enfoque transdisciplinario. En su primera fase, m\u00e1s de 100 participantes asistieron a un [&hellip;]","og_url":"https:\/\/iai.int\/es\/respuesta-en-clima-y-ambiente-para-la-salud-en-las-americas-iniciativa-de-financiamiento-para-la-formacion-e-investigacion\/","og_site_name":"IAI - Inter-American Institute for Global Change Research","article_modified_time":"2025-11-14T15:13:58+00:00","og_image":[{"width":1772,"height":551,"url":"https:\/\/iai.int\/wp-content\/uploads\/2025\/11\/BANNERS-NUEVA-WEB-2-1.png","type":"image\/png"}],"twitter_card":"summary_large_image","twitter_misc":{"Tiempo de lectura":"1 minuto"},"schema":{"@context":"https:\/\/schema.org","@graph":[{"@type":"WebPage","@id":"https:\/\/iai.int\/es\/respuesta-en-clima-y-ambiente-para-la-salud-en-las-americas-iniciativa-de-financiamiento-para-la-formacion-e-investigacion\/","url":"https:\/\/iai.int\/es\/respuesta-en-clima-y-ambiente-para-la-salud-en-las-americas-iniciativa-de-financiamiento-para-la-formacion-e-investigacion\/","name":"Respuesta en Clima y Ambiente para la Salud en las Am\u00e9ricas - Iniciativa de Financiamiento para la Formaci\u00f3n e Investigaci\u00f3n - IAI - Inter-American Institute for Global Change Research","isPartOf":{"@id":"https:\/\/iai.int\/es\/#website"},"primaryImageOfPage":{"@id":"https:\/\/iai.int\/es\/respuesta-en-clima-y-ambiente-para-la-salud-en-las-americas-iniciativa-de-financiamiento-para-la-formacion-e-investigacion\/#primaryimage"},"image":{"@id":"https:\/\/iai.int\/es\/respuesta-en-clima-y-ambiente-para-la-salud-en-las-americas-iniciativa-de-financiamiento-para-la-formacion-e-investigacion\/#primaryimage"},"thumbnailUrl":"https:\/\/iai.int\/wp-content\/uploads\/2025\/11\/BANNERS-NUEVA-WEB-2-1.png","datePublished":"2024-09-22T17:13:14+00:00","dateModified":"2025-11-14T15:13:58+00:00","breadcrumb":{"@id":"https:\/\/iai.int\/es\/respuesta-en-clima-y-ambiente-para-la-salud-en-las-americas-iniciativa-de-financiamiento-para-la-formacion-e-investigacion\/#breadcrumb"},"inLanguage":"es","potentialAction":[{"@type":"ReadAction","target":["https:\/\/iai.int\/es\/respuesta-en-clima-y-ambiente-para-la-salud-en-las-americas-iniciativa-de-financiamiento-para-la-formacion-e-investigacion\/"]}]},{"@type":"ImageObject","inLanguage":"es","@id":"https:\/\/iai.int\/es\/respuesta-en-clima-y-ambiente-para-la-salud-en-las-americas-iniciativa-de-financiamiento-para-la-formacion-e-investigacion\/#primaryimage","url":"https:\/\/iai.int\/wp-content\/uploads\/2025\/11\/BANNERS-NUEVA-WEB-2-1.png","contentUrl":"https:\/\/iai.int\/wp-content\/uploads\/2025\/11\/BANNERS-NUEVA-WEB-2-1.png","width":1772,"height":551},{"@type":"BreadcrumbList","@id":"https:\/\/iai.int\/es\/respuesta-en-clima-y-ambiente-para-la-salud-en-las-americas-iniciativa-de-financiamiento-para-la-formacion-e-investigacion\/#breadcrumb","itemListElement":[{"@type":"ListItem","position":1,"name":"Portada","item":"https:\/\/iai.int\/es\/"},{"@type":"ListItem","position":2,"name":"Respuesta en Clima y Ambiente para la Salud en las Am\u00e9ricas &#8211; Iniciativa de Financiamiento para la Formaci\u00f3n e Investigaci\u00f3n"}]},{"@type":"WebSite","@id":"https:\/\/iai.int\/es\/#website","url":"https:\/\/iai.int\/es\/","name":"IAI - Inter-American Institute for Global Change Research","description":"","publisher":{"@id":"https:\/\/iai.int\/es\/#organization"},"potentialAction":[{"@type":"SearchAction","target":{"@type":"EntryPoint","urlTemplate":"https:\/\/iai.int\/es\/?s={search_term_string}"},"query-input":{"@type":"PropertyValueSpecification","valueRequired":true,"valueName":"search_term_string"}}],"inLanguage":"es"},{"@type":"Organization","@id":"https:\/\/iai.int\/es\/#organization","name":"IAI - Inter-American Institute for Global Change Research","url":"https:\/\/iai.int\/es\/","logo":{"@type":"ImageObject","inLanguage":"es","@id":"https:\/\/iai.int\/es\/#\/schema\/logo\/image\/","url":"https:\/\/iai.int\/wp-content\/uploads\/2025\/11\/IAI-logo-English-scaled.png","contentUrl":"https:\/\/iai.int\/wp-content\/uploads\/2025\/11\/IAI-logo-English-scaled.png","width":2560,"height":985,"caption":"IAI - Inter-American Institute for Global Change Research"},"image":{"@id":"https:\/\/iai.int\/es\/#\/schema\/logo\/image\/"}}]}},"uagb_featured_image_src":{"full":["https:\/\/iai.int\/wp-content\/uploads\/2025\/11\/BANNERS-NUEVA-WEB-2-1.png",1772,551,false],"thumbnail":["https:\/\/iai.int\/wp-content\/uploads\/2025\/11\/BANNERS-NUEVA-WEB-2-1-150x150.png",150,150,true],"medium":["https:\/\/iai.int\/wp-content\/uploads\/2025\/11\/BANNERS-NUEVA-WEB-2-1-300x93.png",300,93,true],"medium_large":["https:\/\/iai.int\/wp-content\/uploads\/2025\/11\/BANNERS-NUEVA-WEB-2-1-768x239.png",768,239,true],"large":["https:\/\/iai.int\/wp-content\/uploads\/2025\/11\/BANNERS-NUEVA-WEB-2-1-1024x318.png",800,248,true],"1536x1536":["https:\/\/iai.int\/wp-content\/uploads\/2025\/11\/BANNERS-NUEVA-WEB-2-1-1536x478.png",1536,478,true],"2048x2048":["https:\/\/iai.int\/wp-content\/uploads\/2025\/11\/BANNERS-NUEVA-WEB-2-1.png",1772,551,false]},"uagb_author_info":{"display_name":"admin","author_link":"https:\/\/iai.int\/es\/author\/admin\/"},"uagb_comment_info":0,"uagb_excerpt":"La iniciativa Clima, Medio Ambiente y Salud para las Am\u00e9ricas (CEH) tiene como objetivo fortalecer la capacidad de profesionales e instituciones en toda Am\u00e9rica para abordar desaf\u00edos en la intersecci\u00f3n del clima, el medio ambiente y la salud a trav\u00e9s de un enfoque transdisciplinario. En su primera fase, m\u00e1s de 100 participantes asistieron a un&hellip;","_links":{"self":[{"href":"https:\/\/iai.int\/es\/wp-json\/wp\/v2\/pages\/1019","targetHints":{"allow":["GET"]}}],"collection":[{"href":"https:\/\/iai.int\/es\/wp-json\/wp\/v2\/pages"}],"about":[{"href":"https:\/\/iai.int\/es\/wp-json\/wp\/v2\/types\/page"}],"author":[{"embeddable":true,"href":"https:\/\/iai.int\/es\/wp-json\/wp\/v2\/users\/1"}],"replies":[{"embeddable":true,"href":"https:\/\/iai.int\/es\/wp-json\/wp\/v2\/comments?post=1019"}],"version-history":[{"count":4,"href":"https:\/\/iai.int\/es\/wp-json\/wp\/v2\/pages\/1019\/revisions"}],"predecessor-version":[{"id":11370,"href":"https:\/\/iai.int\/es\/wp-json\/wp\/v2\/pages\/1019\/revisions\/11370"}],"wp:featuredmedia":[{"embeddable":true,"href":"https:\/\/iai.int\/es\/wp-json\/wp\/v2\/media\/11391"}],"wp:attachment":[{"href":"https:\/\/iai.int\/es\/wp-json\/wp\/v2\/media?parent=1019"}],"curies":[{"name":"wp","href":"https:\/\/api.w.org\/{rel}","templated":true}]}}