{"id":1010,"date":"2024-09-22T14:05:43","date_gmt":"2024-09-22T17:05:43","guid":{"rendered":"https:\/\/iai.int\/?page_id=1010"},"modified":"2026-05-12T18:35:25","modified_gmt":"2026-05-12T23:35:25","slug":"sg-09","status":"publish","type":"page","link":"https:\/\/iai.int\/es\/sg-09\/","title":{"rendered":"SG-09: Riesgos relacionados con el nexo entre clima, salud y medio ambiente en el sector hotelero de la \u00abeconom\u00eda compartida\u00bb"},"content":{"rendered":"\n<h3 class=\"wp-block-heading\">INFORMACI\u00d3N DEL PROYECTO<\/h3>\n\n\n\n<p><strong><strong>Riesgos relacionados con el nexo clima-salud-medio ambiente en el sector hotelero de la \u00abeconom\u00eda compartida\u00bb: evaluaci\u00f3n y planificaci\u00f3n para la reducci\u00f3n de riesgos<\/strong><\/strong><\/p>\n\n\n\n<p><strong>Investigador principal (IP):<\/strong><\/p>\n\n\n\n<p><em>Kalim Shah<\/em>, University of Delaware, United States of America<\/p>\n\n\n\n<p>Correo electr\u00f3nico: <a href=\"mailto:kalshah@udel.edu\">kalshah@udel.edu<\/a><\/p>\n\n\n\n<p>Tel\u00e9fono: +1 219 789 417 5<\/p>\n\n\n\n<p><strong>Duraci\u00f3n y financiamiento:<\/strong><\/p>\n\n\n\n<p>(Septiembre 2023\u20132024) USD 15,000<\/p>\n\n\n\n<p><strong>Cofinanciamiento:<\/strong><\/p>\n\n\n\n<p>USD 16,303<\/p>\n\n\n\n<p><strong>Pa\u00edses participantes<\/strong><\/p>\n\n\n\n<p>EEUU, Guyana, Jamaica y Trinidad y Tobago<\/p>\n\n\n\n<p><\/p>\n\n\n\n<h2 class=\"wp-block-heading\">RESUMEN EJECUTIVO<\/h2>\n\n\n\n<p>Las incertidumbres y los riesgos que surgen en la intersecci\u00f3n entre el clima, la salud y el medio ambiente tienen importantes implicaciones para el futuro del sector tur\u00edstico del Caribe y, por lo tanto, para la salud y el bienestar de las comunidades isle\u00f1as. El segmento de la \u00abeconom\u00eda colaborativa\u00bb de alquiler de propiedades vacacionales privadas (\u00abAirbnbs\u00bb), en r\u00e1pido crecimiento, carece casi por completo de regulaci\u00f3n y, por lo tanto, plantea riesgos potenciales significativos en este nexo para todos los participantes: operadores, visitantes, comunidades locales y reguladores gubernamentales. Este estudio tiene como objetivo dise\u00f1ar un enfoque de evaluaci\u00f3n de riesgos en este nexo para los operadores de propiedades vacacionales privadas y las comunidades locales en las que operan. Llevaremos a cabo las evaluaciones en estrecha consulta con una comunidad jamaicana representativa y altamente vulnerable, e identificaremos y comunicaremos posibles soluciones de reducci\u00f3n de riesgos a todas las partes interesadas. Los resultados de este estudio sentar\u00e1n las bases para una estrategia de reducci\u00f3n de riesgos del nexo dirigida a los responsables pol\u00edticos de los gobiernos locales \u2014al menos en forma de un prototipo que utilice tecnolog\u00eda aut\u00f3ctona\u2014 y un sistema de calificaci\u00f3n de riesgos del nexo para los operadores del mercado de Airbnb en Jamaica y, potencialmente, en otros lugares.<\/p>\n\n\n\n<div style=\"height:45px\" aria-hidden=\"true\" class=\"wp-block-spacer\"><\/div>\n","protected":false},"excerpt":{"rendered":"<p>INFORMACI\u00d3N DEL PROYECTO Riesgos relacionados con el nexo clima-salud-medio ambiente en el sector hotelero de la \u00abeconom\u00eda compartida\u00bb: evaluaci\u00f3n y planificaci\u00f3n para la reducci\u00f3n de riesgos Investigador principal (IP): Kalim Shah, University of Delaware, United States of America Correo electr\u00f3nico: kalshah@udel.edu Tel\u00e9fono: +1 219 789 417 5 Duraci\u00f3n y financiamiento: (Septiembre 2023\u20132024) USD 15,000 Cofinanciamiento: [&hellip;]<\/p>\n","protected":false},"author":1,"featured_media":11526,"parent":0,"menu_order":0,"comment_status":"closed","ping_status":"closed","template":"","meta":{"_acf_changed":false,"_uag_custom_page_level_css":"","footnotes":""},"class_list":["post-1010","page","type-page","status-publish","has-post-thumbnail","hentry"],"acf":[],"yoast_head":"<!-- This site is optimized with the Yoast SEO plugin v27.3 - https:\/\/yoast.com\/product\/yoast-seo-wordpress\/ -->\n<title>SG-09: Riesgos relacionados con el nexo entre clima, salud y medio ambiente en el sector hotelero de la \u00abeconom\u00eda compartida\u00bb - IAI - Inter-American Institute for Global Change Research<\/title>\n<meta name=\"robots\" content=\"index, follow, max-snippet:-1, max-image-preview:large, max-video-preview:-1\" \/>\n<link rel=\"canonical\" href=\"https:\/\/iai.int\/es\/sg-09\/\" \/>\n<meta property=\"og:locale\" content=\"es_ES\" \/>\n<meta property=\"og:type\" content=\"article\" \/>\n<meta property=\"og:title\" content=\"SG-09: Riesgos relacionados con el nexo entre clima, salud y medio ambiente en el sector hotelero de la \u00abeconom\u00eda compartida\u00bb - IAI - Inter-American Institute for Global Change Research\" \/>\n<meta property=\"og:description\" content=\"INFORMACI\u00d3N DEL PROYECTO Riesgos relacionados con el nexo clima-salud-medio ambiente en el sector hotelero de la \u00abeconom\u00eda compartida\u00bb: evaluaci\u00f3n y planificaci\u00f3n para la reducci\u00f3n de riesgos Investigador principal (IP): Kalim Shah, University of Delaware, United States of America Correo electr\u00f3nico: kalshah@udel.edu Tel\u00e9fono: +1 219 789 417 5 Duraci\u00f3n y financiamiento: (Septiembre 2023\u20132024) USD 15,000 Cofinanciamiento: [&hellip;]\" \/>\n<meta property=\"og:url\" content=\"https:\/\/iai.int\/es\/sg-09\/\" \/>\n<meta property=\"og:site_name\" content=\"IAI - Inter-American Institute for Global Change Research\" \/>\n<meta property=\"article:modified_time\" content=\"2026-05-12T23:35:25+00:00\" \/>\n<meta property=\"og:image\" content=\"http:\/\/iai.int\/wp-content\/uploads\/2025\/11\/sgp-8-1024x318.png\" \/>\n\t<meta property=\"og:image:width\" content=\"1024\" \/>\n\t<meta property=\"og:image:height\" content=\"318\" \/>\n\t<meta property=\"og:image:type\" content=\"image\/png\" \/>\n<meta name=\"twitter:card\" content=\"summary_large_image\" \/>\n<meta name=\"twitter:label1\" content=\"Tiempo de lectura\" \/>\n\t<meta name=\"twitter:data1\" content=\"2 minutos\" \/>\n<script type=\"application\/ld+json\" class=\"yoast-schema-graph\">{\"@context\":\"https:\\\/\\\/schema.org\",\"@graph\":[{\"@type\":\"WebPage\",\"@id\":\"https:\\\/\\\/iai.int\\\/es\\\/sg-09\\\/\",\"url\":\"https:\\\/\\\/iai.int\\\/es\\\/sg-09\\\/\",\"name\":\"SG-09: Riesgos relacionados con el nexo entre clima, salud y medio ambiente en el sector hotelero de la \u00abeconom\u00eda compartida\u00bb - IAI - Inter-American Institute for Global Change Research\",\"isPartOf\":{\"@id\":\"https:\\\/\\\/iai.int\\\/es\\\/#website\"},\"primaryImageOfPage\":{\"@id\":\"https:\\\/\\\/iai.int\\\/es\\\/sg-09\\\/#primaryimage\"},\"image\":{\"@id\":\"https:\\\/\\\/iai.int\\\/es\\\/sg-09\\\/#primaryimage\"},\"thumbnailUrl\":\"https:\\\/\\\/iai.int\\\/wp-content\\\/uploads\\\/2025\\\/11\\\/sgp-8.png\",\"datePublished\":\"2024-09-22T17:05:43+00:00\",\"dateModified\":\"2026-05-12T23:35:25+00:00\",\"breadcrumb\":{\"@id\":\"https:\\\/\\\/iai.int\\\/es\\\/sg-09\\\/#breadcrumb\"},\"inLanguage\":\"es\",\"potentialAction\":[{\"@type\":\"ReadAction\",\"target\":[\"https:\\\/\\\/iai.int\\\/es\\\/sg-09\\\/\"]}]},{\"@type\":\"ImageObject\",\"inLanguage\":\"es\",\"@id\":\"https:\\\/\\\/iai.int\\\/es\\\/sg-09\\\/#primaryimage\",\"url\":\"https:\\\/\\\/iai.int\\\/wp-content\\\/uploads\\\/2025\\\/11\\\/sgp-8.png\",\"contentUrl\":\"https:\\\/\\\/iai.int\\\/wp-content\\\/uploads\\\/2025\\\/11\\\/sgp-8.png\",\"width\":1772,\"height\":551},{\"@type\":\"BreadcrumbList\",\"@id\":\"https:\\\/\\\/iai.int\\\/es\\\/sg-09\\\/#breadcrumb\",\"itemListElement\":[{\"@type\":\"ListItem\",\"position\":1,\"name\":\"Portada\",\"item\":\"https:\\\/\\\/iai.int\\\/es\\\/\"},{\"@type\":\"ListItem\",\"position\":2,\"name\":\"SG-09: Riesgos relacionados con el nexo entre clima, salud y medio ambiente en el sector hotelero de la \u00abeconom\u00eda compartida\u00bb\"}]},{\"@type\":\"WebSite\",\"@id\":\"https:\\\/\\\/iai.int\\\/es\\\/#website\",\"url\":\"https:\\\/\\\/iai.int\\\/es\\\/\",\"name\":\"IAI - Inter-American Institute for Global Change Research\",\"description\":\"\",\"publisher\":{\"@id\":\"https:\\\/\\\/iai.int\\\/es\\\/#organization\"},\"potentialAction\":[{\"@type\":\"SearchAction\",\"target\":{\"@type\":\"EntryPoint\",\"urlTemplate\":\"https:\\\/\\\/iai.int\\\/es\\\/?s={search_term_string}\"},\"query-input\":{\"@type\":\"PropertyValueSpecification\",\"valueRequired\":true,\"valueName\":\"search_term_string\"}}],\"inLanguage\":\"es\"},{\"@type\":\"Organization\",\"@id\":\"https:\\\/\\\/iai.int\\\/es\\\/#organization\",\"name\":\"IAI - Inter-American Institute for Global Change Research\",\"url\":\"https:\\\/\\\/iai.int\\\/es\\\/\",\"logo\":{\"@type\":\"ImageObject\",\"inLanguage\":\"es\",\"@id\":\"https:\\\/\\\/iai.int\\\/es\\\/#\\\/schema\\\/logo\\\/image\\\/\",\"url\":\"https:\\\/\\\/iai.int\\\/wp-content\\\/uploads\\\/2025\\\/11\\\/IAI-logo-English-scaled.png\",\"contentUrl\":\"https:\\\/\\\/iai.int\\\/wp-content\\\/uploads\\\/2025\\\/11\\\/IAI-logo-English-scaled.png\",\"width\":2560,\"height\":985,\"caption\":\"IAI - Inter-American Institute for Global Change Research\"},\"image\":{\"@id\":\"https:\\\/\\\/iai.int\\\/es\\\/#\\\/schema\\\/logo\\\/image\\\/\"}}]}<\/script>\n<!-- \/ Yoast SEO plugin. -->","yoast_head_json":{"title":"SG-09: Riesgos relacionados con el nexo entre clima, salud y medio ambiente en el sector hotelero de la \u00abeconom\u00eda compartida\u00bb - IAI - Inter-American Institute for Global Change Research","robots":{"index":"index","follow":"follow","max-snippet":"max-snippet:-1","max-image-preview":"max-image-preview:large","max-video-preview":"max-video-preview:-1"},"canonical":"https:\/\/iai.int\/es\/sg-09\/","og_locale":"es_ES","og_type":"article","og_title":"SG-09: Riesgos relacionados con el nexo entre clima, salud y medio ambiente en el sector hotelero de la \u00abeconom\u00eda compartida\u00bb - IAI - Inter-American Institute for Global Change Research","og_description":"INFORMACI\u00d3N DEL PROYECTO Riesgos relacionados con el nexo clima-salud-medio ambiente en el sector hotelero de la \u00abeconom\u00eda compartida\u00bb: evaluaci\u00f3n y planificaci\u00f3n para la reducci\u00f3n de riesgos Investigador principal (IP): Kalim Shah, University of Delaware, United States of America Correo electr\u00f3nico: kalshah@udel.edu Tel\u00e9fono: +1 219 789 417 5 Duraci\u00f3n y financiamiento: (Septiembre 2023\u20132024) USD 15,000 Cofinanciamiento: [&hellip;]","og_url":"https:\/\/iai.int\/es\/sg-09\/","og_site_name":"IAI - Inter-American Institute for Global Change Research","article_modified_time":"2026-05-12T23:35:25+00:00","og_image":[{"width":1024,"height":318,"url":"http:\/\/iai.int\/wp-content\/uploads\/2025\/11\/sgp-8-1024x318.png","type":"image\/png"}],"twitter_card":"summary_large_image","twitter_misc":{"Tiempo de lectura":"2 minutos"},"schema":{"@context":"https:\/\/schema.org","@graph":[{"@type":"WebPage","@id":"https:\/\/iai.int\/es\/sg-09\/","url":"https:\/\/iai.int\/es\/sg-09\/","name":"SG-09: Riesgos relacionados con el nexo entre clima, salud y medio ambiente en el sector hotelero de la \u00abeconom\u00eda compartida\u00bb - IAI - Inter-American Institute for Global Change Research","isPartOf":{"@id":"https:\/\/iai.int\/es\/#website"},"primaryImageOfPage":{"@id":"https:\/\/iai.int\/es\/sg-09\/#primaryimage"},"image":{"@id":"https:\/\/iai.int\/es\/sg-09\/#primaryimage"},"thumbnailUrl":"https:\/\/iai.int\/wp-content\/uploads\/2025\/11\/sgp-8.png","datePublished":"2024-09-22T17:05:43+00:00","dateModified":"2026-05-12T23:35:25+00:00","breadcrumb":{"@id":"https:\/\/iai.int\/es\/sg-09\/#breadcrumb"},"inLanguage":"es","potentialAction":[{"@type":"ReadAction","target":["https:\/\/iai.int\/es\/sg-09\/"]}]},{"@type":"ImageObject","inLanguage":"es","@id":"https:\/\/iai.int\/es\/sg-09\/#primaryimage","url":"https:\/\/iai.int\/wp-content\/uploads\/2025\/11\/sgp-8.png","contentUrl":"https:\/\/iai.int\/wp-content\/uploads\/2025\/11\/sgp-8.png","width":1772,"height":551},{"@type":"BreadcrumbList","@id":"https:\/\/iai.int\/es\/sg-09\/#breadcrumb","itemListElement":[{"@type":"ListItem","position":1,"name":"Portada","item":"https:\/\/iai.int\/es\/"},{"@type":"ListItem","position":2,"name":"SG-09: Riesgos relacionados con el nexo entre clima, salud y medio ambiente en el sector hotelero de la \u00abeconom\u00eda compartida\u00bb"}]},{"@type":"WebSite","@id":"https:\/\/iai.int\/es\/#website","url":"https:\/\/iai.int\/es\/","name":"IAI - Inter-American Institute for Global Change Research","description":"","publisher":{"@id":"https:\/\/iai.int\/es\/#organization"},"potentialAction":[{"@type":"SearchAction","target":{"@type":"EntryPoint","urlTemplate":"https:\/\/iai.int\/es\/?s={search_term_string}"},"query-input":{"@type":"PropertyValueSpecification","valueRequired":true,"valueName":"search_term_string"}}],"inLanguage":"es"},{"@type":"Organization","@id":"https:\/\/iai.int\/es\/#organization","name":"IAI - Inter-American Institute for Global Change Research","url":"https:\/\/iai.int\/es\/","logo":{"@type":"ImageObject","inLanguage":"es","@id":"https:\/\/iai.int\/es\/#\/schema\/logo\/image\/","url":"https:\/\/iai.int\/wp-content\/uploads\/2025\/11\/IAI-logo-English-scaled.png","contentUrl":"https:\/\/iai.int\/wp-content\/uploads\/2025\/11\/IAI-logo-English-scaled.png","width":2560,"height":985,"caption":"IAI - Inter-American Institute for Global Change Research"},"image":{"@id":"https:\/\/iai.int\/es\/#\/schema\/logo\/image\/"}}]}},"uagb_featured_image_src":{"full":["https:\/\/iai.int\/wp-content\/uploads\/2025\/11\/sgp-8.png",1772,551,false],"thumbnail":["https:\/\/iai.int\/wp-content\/uploads\/2025\/11\/sgp-8-150x150.png",150,150,true],"medium":["https:\/\/iai.int\/wp-content\/uploads\/2025\/11\/sgp-8-300x93.png",300,93,true],"medium_large":["https:\/\/iai.int\/wp-content\/uploads\/2025\/11\/sgp-8-768x239.png",768,239,true],"large":["https:\/\/iai.int\/wp-content\/uploads\/2025\/11\/sgp-8-1024x318.png",800,248,true],"1536x1536":["https:\/\/iai.int\/wp-content\/uploads\/2025\/11\/sgp-8-1536x478.png",1536,478,true],"2048x2048":["https:\/\/iai.int\/wp-content\/uploads\/2025\/11\/sgp-8.png",1772,551,false]},"uagb_author_info":{"display_name":"admin","author_link":"https:\/\/iai.int\/es\/author\/admin\/"},"uagb_comment_info":0,"uagb_excerpt":"INFORMACI\u00d3N DEL PROYECTO Riesgos relacionados con el nexo clima-salud-medio ambiente en el sector hotelero de la \u00abeconom\u00eda compartida\u00bb: evaluaci\u00f3n y planificaci\u00f3n para la reducci\u00f3n de riesgos Investigador principal (IP): Kalim Shah, University of Delaware, United States of America Correo electr\u00f3nico: kalshah@udel.edu Tel\u00e9fono: +1 219 789 417 5 Duraci\u00f3n y financiamiento: (Septiembre 2023\u20132024) USD 15,000 Cofinanciamiento:&hellip;","_links":{"self":[{"href":"https:\/\/iai.int\/es\/wp-json\/wp\/v2\/pages\/1010","targetHints":{"allow":["GET"]}}],"collection":[{"href":"https:\/\/iai.int\/es\/wp-json\/wp\/v2\/pages"}],"about":[{"href":"https:\/\/iai.int\/es\/wp-json\/wp\/v2\/types\/page"}],"author":[{"embeddable":true,"href":"https:\/\/iai.int\/es\/wp-json\/wp\/v2\/users\/1"}],"replies":[{"embeddable":true,"href":"https:\/\/iai.int\/es\/wp-json\/wp\/v2\/comments?post=1010"}],"version-history":[{"count":5,"href":"https:\/\/iai.int\/es\/wp-json\/wp\/v2\/pages\/1010\/revisions"}],"predecessor-version":[{"id":15218,"href":"https:\/\/iai.int\/es\/wp-json\/wp\/v2\/pages\/1010\/revisions\/15218"}],"wp:featuredmedia":[{"embeddable":true,"href":"https:\/\/iai.int\/es\/wp-json\/wp\/v2\/media\/11526"}],"wp:attachment":[{"href":"https:\/\/iai.int\/es\/wp-json\/wp\/v2\/media?parent=1010"}],"curies":[{"name":"wp","href":"https:\/\/api.w.org\/{rel}","templated":true}]}}