{"id":1007,"date":"2024-09-22T14:04:30","date_gmt":"2024-09-22T17:04:30","guid":{"rendered":"https:\/\/iai.int\/?page_id=1007"},"modified":"2026-03-12T11:50:05","modified_gmt":"2026-03-12T16:50:05","slug":"sg-08","status":"publish","type":"page","link":"https:\/\/iai.int\/es\/sg-08\/","title":{"rendered":"SG-08: Construction of problems and strategies on climate change, health and agroecology from a transdisciplinary approach"},"content":{"rendered":"\n<h3 class=\"wp-block-heading\">PROJECT INFORMATION<\/h3>\n\n\n\n<p><strong>Construction of problems and strategies on climate change, health and agroecology from a transdisciplinary approach. Experience and contributions of the women&#8217;s collective in the Agroecology Network of Uruguay<\/strong><\/p>\n\n\n\n<p><strong>Principal investigator (PI):<\/strong><\/p>\n\n\n\n<p><em>Soledad Ni\u00f3n Celio<\/em>, Departamento de sociolog\u00eda, Facultad de Ciencias Sociales, Universidad de la Rep\u00fablica, Uruguay<\/p>\n\n\n\n<p>E-mail: <a href=\"mailto:soledad.nion@cienciassociales.edu.uy\">soledad.nion@cienciassociales.edu.uy<\/a><\/p>\n\n\n\n<p>Phone: +598 2 410 38 55 Ext. 530, 531, 535<\/p>\n\n\n\n<p><strong>Duration &amp; funding:<\/strong><\/p>\n\n\n\n<p>(September 2023\u20132024) USD 14,950<\/p>\n\n\n\n<p><strong>Co-funding offered<\/strong><\/p>\n\n\n\n<p>USD 26,393<\/p>\n\n\n\n<p><strong>Participating countries:&nbsp;<\/strong><\/p>\n\n\n\n<p>Uruguay and Argentina<\/p>\n\n\n\n<p><\/p>\n\n\n\n<h2 class=\"wp-block-heading\">EXECUTIVE SUMMARY<\/h2>\n\n\n\n<p>The project \u00abConstruction of problems and strategies on climate change, health and agroecology from a transdisciplinary approach. Experience and contributions of the women&#8217;s collective in the Agroecology Network of Uruguay\u00bb aim to co-construct transdisciplinary knowledge from and for a socio-productive, socio-environmentally responsible practice, such as agroecology. Agroecology is a mitigation and transformation strategy for CC, and its link to food security and human health. The research team comprises the beginning of different disciplines, field health technicians, and representatives of the Women&#8217;s Group in the Agroecology Network of Uruguay (RAU). We propose to understand problems, develop guidelines, and make visible contributions to the problems that emerge from the interface of climate change, food production, and health through participatory workshops in different regions of the country with a transdisciplinary and gender approach. The discursive productions that emerge from the activities will be analyzed based on categories of joint interest. Results will be shared and validated collectively. With these inputs, contributions will be made for regulatory and practical transformations that aim to resolve the identified problems. The project results will be disseminated to the productive community, the localities, and the decision-makers in the competition. Likewise, this knowledge produced in academic settings will be shared.<\/p>\n\n\n\n<div style=\"height:45px\" aria-hidden=\"true\" class=\"wp-block-spacer\"><\/div>\n","protected":false},"excerpt":{"rendered":"<p>PROJECT INFORMATION Construction of problems and strategies on climate change, health and agroecology from a transdisciplinary approach. Experience and contributions of the women&#8217;s collective in the Agroecology Network of Uruguay Principal investigator (PI): Soledad Ni\u00f3n Celio, Departamento de sociolog\u00eda, Facultad de Ciencias Sociales, Universidad de la Rep\u00fablica, Uruguay E-mail: soledad.nion@cienciassociales.edu.uy Phone: +598 2 410 38 [&hellip;]<\/p>\n","protected":false},"author":1,"featured_media":11523,"parent":0,"menu_order":0,"comment_status":"closed","ping_status":"closed","template":"","meta":{"_acf_changed":false,"_uag_custom_page_level_css":"","footnotes":""},"class_list":["post-1007","page","type-page","status-publish","has-post-thumbnail","hentry"],"acf":[],"yoast_head":"<!-- This site is optimized with the Yoast SEO plugin v27.3 - https:\/\/yoast.com\/product\/yoast-seo-wordpress\/ -->\n<title>SG-08: Construction of problems and strategies on climate change, health and agroecology from a transdisciplinary approach - IAI - Inter-American Institute for Global Change Research<\/title>\n<meta name=\"robots\" content=\"index, follow, max-snippet:-1, max-image-preview:large, max-video-preview:-1\" \/>\n<link rel=\"canonical\" href=\"https:\/\/iai.int\/es\/sg-08\/\" \/>\n<meta property=\"og:locale\" content=\"es_ES\" \/>\n<meta property=\"og:type\" content=\"article\" \/>\n<meta property=\"og:title\" content=\"SG-08: Construction of problems and strategies on climate change, health and agroecology from a transdisciplinary approach - IAI - Inter-American Institute for Global Change Research\" \/>\n<meta property=\"og:description\" content=\"PROJECT INFORMATION Construction of problems and strategies on climate change, health and agroecology from a transdisciplinary approach. Experience and contributions of the women&#8217;s collective in the Agroecology Network of Uruguay Principal investigator (PI): Soledad Ni\u00f3n Celio, Departamento de sociolog\u00eda, Facultad de Ciencias Sociales, Universidad de la Rep\u00fablica, Uruguay E-mail: soledad.nion@cienciassociales.edu.uy Phone: +598 2 410 38 [&hellip;]\" \/>\n<meta property=\"og:url\" content=\"https:\/\/iai.int\/es\/sg-08\/\" \/>\n<meta property=\"og:site_name\" content=\"IAI - Inter-American Institute for Global Change Research\" \/>\n<meta property=\"article:modified_time\" content=\"2026-03-12T16:50:05+00:00\" \/>\n<meta property=\"og:image\" content=\"https:\/\/iai.int\/wp-content\/uploads\/2025\/11\/sgp-7-1024x318.png\" \/>\n\t<meta property=\"og:image:width\" content=\"1024\" \/>\n\t<meta property=\"og:image:height\" content=\"318\" \/>\n\t<meta property=\"og:image:type\" content=\"image\/png\" \/>\n<meta name=\"twitter:card\" content=\"summary_large_image\" \/>\n<meta name=\"twitter:label1\" content=\"Tiempo de lectura\" \/>\n\t<meta name=\"twitter:data1\" content=\"1 minuto\" \/>\n<script type=\"application\/ld+json\" class=\"yoast-schema-graph\">{\"@context\":\"https:\\\/\\\/schema.org\",\"@graph\":[{\"@type\":\"WebPage\",\"@id\":\"https:\\\/\\\/iai.int\\\/es\\\/sg-08\\\/\",\"url\":\"https:\\\/\\\/iai.int\\\/es\\\/sg-08\\\/\",\"name\":\"SG-08: Construction of problems and strategies on climate change, health and agroecology from a transdisciplinary approach - IAI - Inter-American Institute for Global Change Research\",\"isPartOf\":{\"@id\":\"https:\\\/\\\/iai.int\\\/es\\\/#website\"},\"primaryImageOfPage\":{\"@id\":\"https:\\\/\\\/iai.int\\\/es\\\/sg-08\\\/#primaryimage\"},\"image\":{\"@id\":\"https:\\\/\\\/iai.int\\\/es\\\/sg-08\\\/#primaryimage\"},\"thumbnailUrl\":\"https:\\\/\\\/iai.int\\\/wp-content\\\/uploads\\\/2025\\\/11\\\/sgp-7.png\",\"datePublished\":\"2024-09-22T17:04:30+00:00\",\"dateModified\":\"2026-03-12T16:50:05+00:00\",\"breadcrumb\":{\"@id\":\"https:\\\/\\\/iai.int\\\/es\\\/sg-08\\\/#breadcrumb\"},\"inLanguage\":\"es\",\"potentialAction\":[{\"@type\":\"ReadAction\",\"target\":[\"https:\\\/\\\/iai.int\\\/es\\\/sg-08\\\/\"]}]},{\"@type\":\"ImageObject\",\"inLanguage\":\"es\",\"@id\":\"https:\\\/\\\/iai.int\\\/es\\\/sg-08\\\/#primaryimage\",\"url\":\"https:\\\/\\\/iai.int\\\/wp-content\\\/uploads\\\/2025\\\/11\\\/sgp-7.png\",\"contentUrl\":\"https:\\\/\\\/iai.int\\\/wp-content\\\/uploads\\\/2025\\\/11\\\/sgp-7.png\",\"width\":1772,\"height\":551},{\"@type\":\"BreadcrumbList\",\"@id\":\"https:\\\/\\\/iai.int\\\/es\\\/sg-08\\\/#breadcrumb\",\"itemListElement\":[{\"@type\":\"ListItem\",\"position\":1,\"name\":\"Portada\",\"item\":\"https:\\\/\\\/iai.int\\\/es\\\/\"},{\"@type\":\"ListItem\",\"position\":2,\"name\":\"SG-08: Construction of problems and strategies on climate change, health and agroecology from a transdisciplinary approach\"}]},{\"@type\":\"WebSite\",\"@id\":\"https:\\\/\\\/iai.int\\\/es\\\/#website\",\"url\":\"https:\\\/\\\/iai.int\\\/es\\\/\",\"name\":\"IAI - Inter-American Institute for Global Change Research\",\"description\":\"\",\"publisher\":{\"@id\":\"https:\\\/\\\/iai.int\\\/es\\\/#organization\"},\"potentialAction\":[{\"@type\":\"SearchAction\",\"target\":{\"@type\":\"EntryPoint\",\"urlTemplate\":\"https:\\\/\\\/iai.int\\\/es\\\/?s={search_term_string}\"},\"query-input\":{\"@type\":\"PropertyValueSpecification\",\"valueRequired\":true,\"valueName\":\"search_term_string\"}}],\"inLanguage\":\"es\"},{\"@type\":\"Organization\",\"@id\":\"https:\\\/\\\/iai.int\\\/es\\\/#organization\",\"name\":\"IAI - Inter-American Institute for Global Change Research\",\"url\":\"https:\\\/\\\/iai.int\\\/es\\\/\",\"logo\":{\"@type\":\"ImageObject\",\"inLanguage\":\"es\",\"@id\":\"https:\\\/\\\/iai.int\\\/es\\\/#\\\/schema\\\/logo\\\/image\\\/\",\"url\":\"https:\\\/\\\/iai.int\\\/wp-content\\\/uploads\\\/2025\\\/11\\\/IAI-logo-English-scaled.png\",\"contentUrl\":\"https:\\\/\\\/iai.int\\\/wp-content\\\/uploads\\\/2025\\\/11\\\/IAI-logo-English-scaled.png\",\"width\":2560,\"height\":985,\"caption\":\"IAI - Inter-American Institute for Global Change Research\"},\"image\":{\"@id\":\"https:\\\/\\\/iai.int\\\/es\\\/#\\\/schema\\\/logo\\\/image\\\/\"}}]}<\/script>\n<!-- \/ Yoast SEO plugin. -->","yoast_head_json":{"title":"SG-08: Construction of problems and strategies on climate change, health and agroecology from a transdisciplinary approach - IAI - Inter-American Institute for Global Change Research","robots":{"index":"index","follow":"follow","max-snippet":"max-snippet:-1","max-image-preview":"max-image-preview:large","max-video-preview":"max-video-preview:-1"},"canonical":"https:\/\/iai.int\/es\/sg-08\/","og_locale":"es_ES","og_type":"article","og_title":"SG-08: Construction of problems and strategies on climate change, health and agroecology from a transdisciplinary approach - IAI - Inter-American Institute for Global Change Research","og_description":"PROJECT INFORMATION Construction of problems and strategies on climate change, health and agroecology from a transdisciplinary approach. Experience and contributions of the women&#8217;s collective in the Agroecology Network of Uruguay Principal investigator (PI): Soledad Ni\u00f3n Celio, Departamento de sociolog\u00eda, Facultad de Ciencias Sociales, Universidad de la Rep\u00fablica, Uruguay E-mail: soledad.nion@cienciassociales.edu.uy Phone: +598 2 410 38 [&hellip;]","og_url":"https:\/\/iai.int\/es\/sg-08\/","og_site_name":"IAI - Inter-American Institute for Global Change Research","article_modified_time":"2026-03-12T16:50:05+00:00","og_image":[{"width":1024,"height":318,"url":"https:\/\/iai.int\/wp-content\/uploads\/2025\/11\/sgp-7-1024x318.png","type":"image\/png"}],"twitter_card":"summary_large_image","twitter_misc":{"Tiempo de lectura":"1 minuto"},"schema":{"@context":"https:\/\/schema.org","@graph":[{"@type":"WebPage","@id":"https:\/\/iai.int\/es\/sg-08\/","url":"https:\/\/iai.int\/es\/sg-08\/","name":"SG-08: Construction of problems and strategies on climate change, health and agroecology from a transdisciplinary approach - IAI - Inter-American Institute for Global Change Research","isPartOf":{"@id":"https:\/\/iai.int\/es\/#website"},"primaryImageOfPage":{"@id":"https:\/\/iai.int\/es\/sg-08\/#primaryimage"},"image":{"@id":"https:\/\/iai.int\/es\/sg-08\/#primaryimage"},"thumbnailUrl":"https:\/\/iai.int\/wp-content\/uploads\/2025\/11\/sgp-7.png","datePublished":"2024-09-22T17:04:30+00:00","dateModified":"2026-03-12T16:50:05+00:00","breadcrumb":{"@id":"https:\/\/iai.int\/es\/sg-08\/#breadcrumb"},"inLanguage":"es","potentialAction":[{"@type":"ReadAction","target":["https:\/\/iai.int\/es\/sg-08\/"]}]},{"@type":"ImageObject","inLanguage":"es","@id":"https:\/\/iai.int\/es\/sg-08\/#primaryimage","url":"https:\/\/iai.int\/wp-content\/uploads\/2025\/11\/sgp-7.png","contentUrl":"https:\/\/iai.int\/wp-content\/uploads\/2025\/11\/sgp-7.png","width":1772,"height":551},{"@type":"BreadcrumbList","@id":"https:\/\/iai.int\/es\/sg-08\/#breadcrumb","itemListElement":[{"@type":"ListItem","position":1,"name":"Portada","item":"https:\/\/iai.int\/es\/"},{"@type":"ListItem","position":2,"name":"SG-08: Construction of problems and strategies on climate change, health and agroecology from a transdisciplinary approach"}]},{"@type":"WebSite","@id":"https:\/\/iai.int\/es\/#website","url":"https:\/\/iai.int\/es\/","name":"IAI - Inter-American Institute for Global Change Research","description":"","publisher":{"@id":"https:\/\/iai.int\/es\/#organization"},"potentialAction":[{"@type":"SearchAction","target":{"@type":"EntryPoint","urlTemplate":"https:\/\/iai.int\/es\/?s={search_term_string}"},"query-input":{"@type":"PropertyValueSpecification","valueRequired":true,"valueName":"search_term_string"}}],"inLanguage":"es"},{"@type":"Organization","@id":"https:\/\/iai.int\/es\/#organization","name":"IAI - Inter-American Institute for Global Change Research","url":"https:\/\/iai.int\/es\/","logo":{"@type":"ImageObject","inLanguage":"es","@id":"https:\/\/iai.int\/es\/#\/schema\/logo\/image\/","url":"https:\/\/iai.int\/wp-content\/uploads\/2025\/11\/IAI-logo-English-scaled.png","contentUrl":"https:\/\/iai.int\/wp-content\/uploads\/2025\/11\/IAI-logo-English-scaled.png","width":2560,"height":985,"caption":"IAI - Inter-American Institute for Global Change Research"},"image":{"@id":"https:\/\/iai.int\/es\/#\/schema\/logo\/image\/"}}]}},"uagb_featured_image_src":{"full":["https:\/\/iai.int\/wp-content\/uploads\/2025\/11\/sgp-7.png",1772,551,false],"thumbnail":["https:\/\/iai.int\/wp-content\/uploads\/2025\/11\/sgp-7-150x150.png",150,150,true],"medium":["https:\/\/iai.int\/wp-content\/uploads\/2025\/11\/sgp-7-300x93.png",300,93,true],"medium_large":["https:\/\/iai.int\/wp-content\/uploads\/2025\/11\/sgp-7-768x239.png",768,239,true],"large":["https:\/\/iai.int\/wp-content\/uploads\/2025\/11\/sgp-7-1024x318.png",800,248,true],"1536x1536":["https:\/\/iai.int\/wp-content\/uploads\/2025\/11\/sgp-7-1536x478.png",1536,478,true],"2048x2048":["https:\/\/iai.int\/wp-content\/uploads\/2025\/11\/sgp-7.png",1772,551,false]},"uagb_author_info":{"display_name":"admin","author_link":"https:\/\/iai.int\/es\/author\/admin\/"},"uagb_comment_info":0,"uagb_excerpt":"PROJECT INFORMATION Construction of problems and strategies on climate change, health and agroecology from a transdisciplinary approach. Experience and contributions of the women&#8217;s collective in the Agroecology Network of Uruguay Principal investigator (PI): Soledad Ni\u00f3n Celio, Departamento de sociolog\u00eda, Facultad de Ciencias Sociales, Universidad de la Rep\u00fablica, Uruguay E-mail: soledad.nion@cienciassociales.edu.uy Phone: +598 2 410 38&hellip;","_links":{"self":[{"href":"https:\/\/iai.int\/es\/wp-json\/wp\/v2\/pages\/1007","targetHints":{"allow":["GET"]}}],"collection":[{"href":"https:\/\/iai.int\/es\/wp-json\/wp\/v2\/pages"}],"about":[{"href":"https:\/\/iai.int\/es\/wp-json\/wp\/v2\/types\/page"}],"author":[{"embeddable":true,"href":"https:\/\/iai.int\/es\/wp-json\/wp\/v2\/users\/1"}],"replies":[{"embeddable":true,"href":"https:\/\/iai.int\/es\/wp-json\/wp\/v2\/comments?post=1007"}],"version-history":[{"count":2,"href":"https:\/\/iai.int\/es\/wp-json\/wp\/v2\/pages\/1007\/revisions"}],"predecessor-version":[{"id":14619,"href":"https:\/\/iai.int\/es\/wp-json\/wp\/v2\/pages\/1007\/revisions\/14619"}],"wp:featuredmedia":[{"embeddable":true,"href":"https:\/\/iai.int\/es\/wp-json\/wp\/v2\/media\/11523"}],"wp:attachment":[{"href":"https:\/\/iai.int\/es\/wp-json\/wp\/v2\/media?parent=1007"}],"curies":[{"name":"wp","href":"https:\/\/api.w.org\/{rel}","templated":true}]}}