{"id":1000,"date":"2024-09-22T14:01:59","date_gmt":"2024-09-22T17:01:59","guid":{"rendered":"https:\/\/iai.int\/?page_id=1000"},"modified":"2026-03-12T11:38:28","modified_gmt":"2026-03-12T16:38:28","slug":"sg-04","status":"publish","type":"page","link":"https:\/\/iai.int\/es\/sg-04\/","title":{"rendered":"SG-04: Citizen consultation and mapping on green areas and their role in public health"},"content":{"rendered":"\n<h3 class=\"wp-block-heading\">PROJECT INFORMATION<\/h3>\n\n\n\n<p><strong>Citizen consultation and mapping on green areas and their role in public health. Case: extreme heat in Mexico City<\/strong><\/p>\n\n\n\n<p><strong>Principal investigator (PI):<\/strong><\/p>\n\n\n\n<p><em>Leticia G\u00f3mez Mendoza<\/em>, Colegio de Geograf\u00eda, Universidad Nacional Aut\u00f3noma de M\u00e9xico<\/p>\n\n\n\n<p>E-mail:&nbsp; <a href=\"mailto:leticiagomez@filos.unam.mx\">leticiagomez@filos.unam.mx<\/a><\/p>\n\n\n\n<p>Phone: +52 55 27 709 737<\/p>\n\n\n\n<p><strong>Duration &amp; funding:<\/strong><\/p>\n\n\n\n<p>(September 2023\u20132024) USD 15,000<\/p>\n\n\n\n<p><strong>Co-funding offered:<\/strong><\/p>\n\n\n\n<p>USD 4,736<\/p>\n\n\n\n<p><strong>Participating country:\u00a0<\/strong><\/p>\n\n\n\n<p>Mexico<\/p>\n\n\n\n<p><\/p>\n\n\n\n<h2 class=\"wp-block-heading\">EXECUTIVE SUMMARY<\/h2>\n\n\n\n<p>Large cities worldwide are experiencing an increase in temperatures associated with climate change and the replacement of green areas with asphalt surfaces and buildings. Intertropical cities are also experiencing increased heat waves that can have severe consequences for the vulnerable population. Heat strokes are the consequence of these heat waves in the human body, ranging from dehydration to myocardial infarctions. Mexico City has reported an increase in heat waves, but at the same time, its green areas, which can function as thermal buffers against climate change, have decreased. This proposal will evaluate the effect of the presence of green areas on cases of diseases associated with heat stroke in two regions of the Special Green Infrastructure Program of Mexico City. The work will contemplate the open science framework incorporating citizen consultation of mayors, towns, native neighborhoods, and resident indigenous communities. The results can be used to identify red spots of vulnerability and plan health services to care for and prevent these conditions.<\/p>\n\n\n\n<div style=\"height:48px\" aria-hidden=\"true\" class=\"wp-block-spacer\"><\/div>\n","protected":false},"excerpt":{"rendered":"<p>PROJECT INFORMATION Citizen consultation and mapping on green areas and their role in public health. Case: extreme heat in Mexico City Principal investigator (PI): Leticia G\u00f3mez Mendoza, Colegio de Geograf\u00eda, Universidad Nacional Aut\u00f3noma de M\u00e9xico E-mail:&nbsp; leticiagomez@filos.unam.mx Phone: +52 55 27 709 737 Duration &amp; funding: (September 2023\u20132024) USD 15,000 Co-funding offered: USD 4,736 Participating [&hellip;]<\/p>\n","protected":false},"author":1,"featured_media":11513,"parent":0,"menu_order":0,"comment_status":"closed","ping_status":"closed","template":"","meta":{"_acf_changed":false,"_uag_custom_page_level_css":"","footnotes":""},"class_list":["post-1000","page","type-page","status-publish","has-post-thumbnail","hentry"],"acf":[],"yoast_head":"<!-- This site is optimized with the Yoast SEO plugin v27.3 - https:\/\/yoast.com\/product\/yoast-seo-wordpress\/ -->\n<title>SG-04: Citizen consultation and mapping on green areas and their role in public health - IAI - Inter-American Institute for Global Change Research<\/title>\n<meta name=\"robots\" content=\"index, follow, max-snippet:-1, max-image-preview:large, max-video-preview:-1\" \/>\n<link rel=\"canonical\" href=\"https:\/\/iai.int\/es\/sg-04\/\" \/>\n<meta property=\"og:locale\" content=\"es_ES\" \/>\n<meta property=\"og:type\" content=\"article\" \/>\n<meta property=\"og:title\" content=\"SG-04: Citizen consultation and mapping on green areas and their role in public health - IAI - Inter-American Institute for Global Change Research\" \/>\n<meta property=\"og:description\" content=\"PROJECT INFORMATION Citizen consultation and mapping on green areas and their role in public health. Case: extreme heat in Mexico City Principal investigator (PI): Leticia G\u00f3mez Mendoza, Colegio de Geograf\u00eda, Universidad Nacional Aut\u00f3noma de M\u00e9xico E-mail:&nbsp; leticiagomez@filos.unam.mx Phone: +52 55 27 709 737 Duration &amp; funding: (September 2023\u20132024) USD 15,000 Co-funding offered: USD 4,736 Participating [&hellip;]\" \/>\n<meta property=\"og:url\" content=\"https:\/\/iai.int\/es\/sg-04\/\" \/>\n<meta property=\"og:site_name\" content=\"IAI - Inter-American Institute for Global Change Research\" \/>\n<meta property=\"article:modified_time\" content=\"2026-03-12T16:38:28+00:00\" \/>\n<meta property=\"og:image\" content=\"https:\/\/iai.int\/wp-content\/uploads\/2025\/11\/sgp-3-1024x318.png\" \/>\n\t<meta property=\"og:image:width\" content=\"1024\" \/>\n\t<meta property=\"og:image:height\" content=\"318\" \/>\n\t<meta property=\"og:image:type\" content=\"image\/png\" \/>\n<meta name=\"twitter:card\" content=\"summary_large_image\" \/>\n<meta name=\"twitter:label1\" content=\"Tiempo de lectura\" \/>\n\t<meta name=\"twitter:data1\" content=\"1 minuto\" \/>\n<script type=\"application\/ld+json\" class=\"yoast-schema-graph\">{\"@context\":\"https:\\\/\\\/schema.org\",\"@graph\":[{\"@type\":\"WebPage\",\"@id\":\"https:\\\/\\\/iai.int\\\/es\\\/sg-04\\\/\",\"url\":\"https:\\\/\\\/iai.int\\\/es\\\/sg-04\\\/\",\"name\":\"SG-04: Citizen consultation and mapping on green areas and their role in public health - IAI - Inter-American Institute for Global Change Research\",\"isPartOf\":{\"@id\":\"https:\\\/\\\/iai.int\\\/es\\\/#website\"},\"primaryImageOfPage\":{\"@id\":\"https:\\\/\\\/iai.int\\\/es\\\/sg-04\\\/#primaryimage\"},\"image\":{\"@id\":\"https:\\\/\\\/iai.int\\\/es\\\/sg-04\\\/#primaryimage\"},\"thumbnailUrl\":\"https:\\\/\\\/iai.int\\\/wp-content\\\/uploads\\\/2025\\\/11\\\/sgp-3.png\",\"datePublished\":\"2024-09-22T17:01:59+00:00\",\"dateModified\":\"2026-03-12T16:38:28+00:00\",\"breadcrumb\":{\"@id\":\"https:\\\/\\\/iai.int\\\/es\\\/sg-04\\\/#breadcrumb\"},\"inLanguage\":\"es\",\"potentialAction\":[{\"@type\":\"ReadAction\",\"target\":[\"https:\\\/\\\/iai.int\\\/es\\\/sg-04\\\/\"]}]},{\"@type\":\"ImageObject\",\"inLanguage\":\"es\",\"@id\":\"https:\\\/\\\/iai.int\\\/es\\\/sg-04\\\/#primaryimage\",\"url\":\"https:\\\/\\\/iai.int\\\/wp-content\\\/uploads\\\/2025\\\/11\\\/sgp-3.png\",\"contentUrl\":\"https:\\\/\\\/iai.int\\\/wp-content\\\/uploads\\\/2025\\\/11\\\/sgp-3.png\",\"width\":1772,\"height\":551},{\"@type\":\"BreadcrumbList\",\"@id\":\"https:\\\/\\\/iai.int\\\/es\\\/sg-04\\\/#breadcrumb\",\"itemListElement\":[{\"@type\":\"ListItem\",\"position\":1,\"name\":\"Portada\",\"item\":\"https:\\\/\\\/iai.int\\\/es\\\/\"},{\"@type\":\"ListItem\",\"position\":2,\"name\":\"SG-04: Citizen consultation and mapping on green areas and their role in public health\"}]},{\"@type\":\"WebSite\",\"@id\":\"https:\\\/\\\/iai.int\\\/es\\\/#website\",\"url\":\"https:\\\/\\\/iai.int\\\/es\\\/\",\"name\":\"IAI - Inter-American Institute for Global Change Research\",\"description\":\"\",\"publisher\":{\"@id\":\"https:\\\/\\\/iai.int\\\/es\\\/#organization\"},\"potentialAction\":[{\"@type\":\"SearchAction\",\"target\":{\"@type\":\"EntryPoint\",\"urlTemplate\":\"https:\\\/\\\/iai.int\\\/es\\\/?s={search_term_string}\"},\"query-input\":{\"@type\":\"PropertyValueSpecification\",\"valueRequired\":true,\"valueName\":\"search_term_string\"}}],\"inLanguage\":\"es\"},{\"@type\":\"Organization\",\"@id\":\"https:\\\/\\\/iai.int\\\/es\\\/#organization\",\"name\":\"IAI - Inter-American Institute for Global Change Research\",\"url\":\"https:\\\/\\\/iai.int\\\/es\\\/\",\"logo\":{\"@type\":\"ImageObject\",\"inLanguage\":\"es\",\"@id\":\"https:\\\/\\\/iai.int\\\/es\\\/#\\\/schema\\\/logo\\\/image\\\/\",\"url\":\"https:\\\/\\\/iai.int\\\/wp-content\\\/uploads\\\/2025\\\/11\\\/IAI-logo-English-scaled.png\",\"contentUrl\":\"https:\\\/\\\/iai.int\\\/wp-content\\\/uploads\\\/2025\\\/11\\\/IAI-logo-English-scaled.png\",\"width\":2560,\"height\":985,\"caption\":\"IAI - Inter-American Institute for Global Change Research\"},\"image\":{\"@id\":\"https:\\\/\\\/iai.int\\\/es\\\/#\\\/schema\\\/logo\\\/image\\\/\"}}]}<\/script>\n<!-- \/ Yoast SEO plugin. -->","yoast_head_json":{"title":"SG-04: Citizen consultation and mapping on green areas and their role in public health - IAI - Inter-American Institute for Global Change Research","robots":{"index":"index","follow":"follow","max-snippet":"max-snippet:-1","max-image-preview":"max-image-preview:large","max-video-preview":"max-video-preview:-1"},"canonical":"https:\/\/iai.int\/es\/sg-04\/","og_locale":"es_ES","og_type":"article","og_title":"SG-04: Citizen consultation and mapping on green areas and their role in public health - IAI - Inter-American Institute for Global Change Research","og_description":"PROJECT INFORMATION Citizen consultation and mapping on green areas and their role in public health. Case: extreme heat in Mexico City Principal investigator (PI): Leticia G\u00f3mez Mendoza, Colegio de Geograf\u00eda, Universidad Nacional Aut\u00f3noma de M\u00e9xico E-mail:&nbsp; leticiagomez@filos.unam.mx Phone: +52 55 27 709 737 Duration &amp; funding: (September 2023\u20132024) USD 15,000 Co-funding offered: USD 4,736 Participating [&hellip;]","og_url":"https:\/\/iai.int\/es\/sg-04\/","og_site_name":"IAI - Inter-American Institute for Global Change Research","article_modified_time":"2026-03-12T16:38:28+00:00","og_image":[{"width":1024,"height":318,"url":"https:\/\/iai.int\/wp-content\/uploads\/2025\/11\/sgp-3-1024x318.png","type":"image\/png"}],"twitter_card":"summary_large_image","twitter_misc":{"Tiempo de lectura":"1 minuto"},"schema":{"@context":"https:\/\/schema.org","@graph":[{"@type":"WebPage","@id":"https:\/\/iai.int\/es\/sg-04\/","url":"https:\/\/iai.int\/es\/sg-04\/","name":"SG-04: Citizen consultation and mapping on green areas and their role in public health - IAI - Inter-American Institute for Global Change Research","isPartOf":{"@id":"https:\/\/iai.int\/es\/#website"},"primaryImageOfPage":{"@id":"https:\/\/iai.int\/es\/sg-04\/#primaryimage"},"image":{"@id":"https:\/\/iai.int\/es\/sg-04\/#primaryimage"},"thumbnailUrl":"https:\/\/iai.int\/wp-content\/uploads\/2025\/11\/sgp-3.png","datePublished":"2024-09-22T17:01:59+00:00","dateModified":"2026-03-12T16:38:28+00:00","breadcrumb":{"@id":"https:\/\/iai.int\/es\/sg-04\/#breadcrumb"},"inLanguage":"es","potentialAction":[{"@type":"ReadAction","target":["https:\/\/iai.int\/es\/sg-04\/"]}]},{"@type":"ImageObject","inLanguage":"es","@id":"https:\/\/iai.int\/es\/sg-04\/#primaryimage","url":"https:\/\/iai.int\/wp-content\/uploads\/2025\/11\/sgp-3.png","contentUrl":"https:\/\/iai.int\/wp-content\/uploads\/2025\/11\/sgp-3.png","width":1772,"height":551},{"@type":"BreadcrumbList","@id":"https:\/\/iai.int\/es\/sg-04\/#breadcrumb","itemListElement":[{"@type":"ListItem","position":1,"name":"Portada","item":"https:\/\/iai.int\/es\/"},{"@type":"ListItem","position":2,"name":"SG-04: Citizen consultation and mapping on green areas and their role in public health"}]},{"@type":"WebSite","@id":"https:\/\/iai.int\/es\/#website","url":"https:\/\/iai.int\/es\/","name":"IAI - Inter-American Institute for Global Change Research","description":"","publisher":{"@id":"https:\/\/iai.int\/es\/#organization"},"potentialAction":[{"@type":"SearchAction","target":{"@type":"EntryPoint","urlTemplate":"https:\/\/iai.int\/es\/?s={search_term_string}"},"query-input":{"@type":"PropertyValueSpecification","valueRequired":true,"valueName":"search_term_string"}}],"inLanguage":"es"},{"@type":"Organization","@id":"https:\/\/iai.int\/es\/#organization","name":"IAI - Inter-American Institute for Global Change Research","url":"https:\/\/iai.int\/es\/","logo":{"@type":"ImageObject","inLanguage":"es","@id":"https:\/\/iai.int\/es\/#\/schema\/logo\/image\/","url":"https:\/\/iai.int\/wp-content\/uploads\/2025\/11\/IAI-logo-English-scaled.png","contentUrl":"https:\/\/iai.int\/wp-content\/uploads\/2025\/11\/IAI-logo-English-scaled.png","width":2560,"height":985,"caption":"IAI - Inter-American Institute for Global Change Research"},"image":{"@id":"https:\/\/iai.int\/es\/#\/schema\/logo\/image\/"}}]}},"uagb_featured_image_src":{"full":["https:\/\/iai.int\/wp-content\/uploads\/2025\/11\/sgp-3.png",1772,551,false],"thumbnail":["https:\/\/iai.int\/wp-content\/uploads\/2025\/11\/sgp-3-150x150.png",150,150,true],"medium":["https:\/\/iai.int\/wp-content\/uploads\/2025\/11\/sgp-3-300x93.png",300,93,true],"medium_large":["https:\/\/iai.int\/wp-content\/uploads\/2025\/11\/sgp-3-768x239.png",768,239,true],"large":["https:\/\/iai.int\/wp-content\/uploads\/2025\/11\/sgp-3-1024x318.png",800,248,true],"1536x1536":["https:\/\/iai.int\/wp-content\/uploads\/2025\/11\/sgp-3-1536x478.png",1536,478,true],"2048x2048":["https:\/\/iai.int\/wp-content\/uploads\/2025\/11\/sgp-3.png",1772,551,false]},"uagb_author_info":{"display_name":"admin","author_link":"https:\/\/iai.int\/es\/author\/admin\/"},"uagb_comment_info":0,"uagb_excerpt":"PROJECT INFORMATION Citizen consultation and mapping on green areas and their role in public health. Case: extreme heat in Mexico City Principal investigator (PI): Leticia G\u00f3mez Mendoza, Colegio de Geograf\u00eda, Universidad Nacional Aut\u00f3noma de M\u00e9xico E-mail:&nbsp; leticiagomez@filos.unam.mx Phone: +52 55 27 709 737 Duration &amp; funding: (September 2023\u20132024) USD 15,000 Co-funding offered: USD 4,736 Participating&hellip;","_links":{"self":[{"href":"https:\/\/iai.int\/es\/wp-json\/wp\/v2\/pages\/1000","targetHints":{"allow":["GET"]}}],"collection":[{"href":"https:\/\/iai.int\/es\/wp-json\/wp\/v2\/pages"}],"about":[{"href":"https:\/\/iai.int\/es\/wp-json\/wp\/v2\/types\/page"}],"author":[{"embeddable":true,"href":"https:\/\/iai.int\/es\/wp-json\/wp\/v2\/users\/1"}],"replies":[{"embeddable":true,"href":"https:\/\/iai.int\/es\/wp-json\/wp\/v2\/comments?post=1000"}],"version-history":[{"count":2,"href":"https:\/\/iai.int\/es\/wp-json\/wp\/v2\/pages\/1000\/revisions"}],"predecessor-version":[{"id":14609,"href":"https:\/\/iai.int\/es\/wp-json\/wp\/v2\/pages\/1000\/revisions\/14609"}],"wp:featuredmedia":[{"embeddable":true,"href":"https:\/\/iai.int\/es\/wp-json\/wp\/v2\/media\/11513"}],"wp:attachment":[{"href":"https:\/\/iai.int\/es\/wp-json\/wp\/v2\/media?parent=1000"}],"curies":[{"name":"wp","href":"https:\/\/api.w.org\/{rel}","templated":true}]}}