{"id":8636,"date":"2025-10-20T17:58:17","date_gmt":"2025-10-20T22:58:17","guid":{"rendered":"https:\/\/iai.int\/step-fellowship\/step-directorio\/"},"modified":"2025-11-07T12:30:37","modified_gmt":"2025-11-07T17:30:37","slug":"step-directorio","status":"publish","type":"page","link":"https:\/\/iai.int\/en\/step-fellowship\/step-directorio\/","title":{"rendered":"STeP &#8211; The Fellows \/ Directory"},"content":{"rendered":"\n<div style=\"height:20px\" aria-hidden=\"true\" class=\"wp-block-spacer\"><\/div>\n\n\n\n<h4 class=\"wp-block-heading\">Fellows<\/h4>\n\n\n\n<p>The <strong>IAI&#8217;s STeP Fellowship Program<\/strong> brings together an inter-American network of early-career scientists and professionals with policymakers and decision-makers, researchers from various disciplines, mentors, experts, host institutions, and strategic partners. This community of practice promotes the exchange of knowledge, experiences, and lessons learned at the nexus of science and policy. At the same time, it builds relationships with collaborators, friends, mentors, and contacts for life. STeP strives to be a model of effective and equitable collaboration throughout the Americas.<br><br><br><\/p>\n\n\n\n<h4 class=\"wp-block-heading\"><a href=\"https:\/\/iai.int\/es\/step-fellows-search\/\">Search the fellows directory<\/a><\/h4>\n\n\n\n<h4 class=\"wp-block-heading\">Host Institutions <br>(in order of country)<\/h4>\n\n\n\n<div style=\"height:50px\" aria-hidden=\"true\" class=\"wp-block-spacer\"><\/div>\n\n\n\n<p><strong>Regional<\/strong><\/p>\n\n\n\n<ul class=\"wp-block-list\">\n<li>Panamerican Health Organization (PAHO)<\/li>\n\n\n\n<li>IAI<\/li>\n\n\n\n<li>Belmont Forum<\/li>\n\n\n\n<li>Latinoam\u00e9rica21<\/li>\n<\/ul>\n\n\n\n<div style=\"height:50px\" aria-hidden=\"true\" class=\"wp-block-spacer\"><\/div>\n\n\n\n<p><strong>Argentina<\/strong><\/p>\n\n\n\n<ul class=\"wp-block-list\">\n<li>CREA<\/li>\n\n\n\n<li>Instituto de Ecolog\u00eda Regional (IER)<\/li>\n\n\n\n<li>CONICET<\/li>\n<\/ul>\n\n\n\n<div style=\"height:50px\" aria-hidden=\"true\" class=\"wp-block-spacer\"><\/div>\n\n\n\n<p><strong>Mexico<\/strong><\/p>\n\n\n\n<ul class=\"wp-block-list\">\n<li>Science Secretariat, Mexico City<\/li>\n\n\n\n<li>Health Secretariat, Mexico City<\/li>\n\n\n\n<li>C\u00e1mara de Diputados<\/li>\n\n\n\n<li>AMEXAC<\/li>\n<\/ul>\n\n\n\n<div style=\"height:50px\" aria-hidden=\"true\" class=\"wp-block-spacer\"><\/div>\n\n\n\n<p><strong>United States (AAAS STPF)<\/strong><\/p>\n\n\n\n<ul class=\"wp-block-list\">\n<li>U.S. Department of State, Office of Mexican Affairs<\/li>\n\n\n\n<li>University of Texas at Austin<\/li>\n\n\n\n<li>Texas Transportation Institute<\/li>\n\n\n\n<li>National Science Foundation (NSF)<\/li>\n\n\n\n<li>National Institutes of Health (NIH)<\/li>\n\n\n\n<li>U.S. Agency for International Development (USAID)<\/li>\n\n\n\n<li>Department of Energy (DOE)<\/li>\n\n\n\n<li>US Department of Transportation, Federal Highways Authority<\/li>\n\n\n\n<li>U.S. National Academy of Sciences<\/li>\n<\/ul>\n\n\n\n<div style=\"height:50px\" aria-hidden=\"true\" class=\"wp-block-spacer\"><\/div>\n\n\n\n<p><strong>Canada<\/strong><\/p>\n\n\n\n<ul class=\"wp-block-list\">\n<li>Natural Resources Canada<\/li>\n\n\n\n<li>University of Toronto<\/li>\n\n\n\n<li>Dalhousie University<\/li>\n\n\n\n<li>York University<\/li>\n\n\n\n<li>Natural Sciences and Engineering Research Council of Canada (NSERC)<\/li>\n\n\n\n<li>Mitacs<\/li>\n\n\n\n<li>Public Health Agency of Canada<\/li>\n\n\n\n<li>Centre for Security Science at the Department of National Defence<\/li>\n\n\n\n<li>Financial Consumer Agency of Canada<\/li>\n\n\n\n<li>Environment and Climate Change Canada<\/li>\n<\/ul>\n\n\n\n<div style=\"height:50px\" aria-hidden=\"true\" class=\"wp-block-spacer\"><\/div>\n\n\n\n<p><strong>Brazil<\/strong><\/p>\n\n\n\n<ul class=\"wp-block-list\">\n<li>Brazilian Platform for Biodiversity and Ecosystem Services (BPBES)<\/li>\n\n\n\n<li>Ministry of Science, Technology and Innovation (MCTI)<\/li>\n\n\n\n<li>BPBES \/ Office of the Federal Deputy Rodrigo Agostinho<\/li>\n\n\n\n<li>FAPESC<\/li>\n<\/ul>\n\n\n\n<div style=\"height:50px\" aria-hidden=\"true\" class=\"wp-block-spacer\"><\/div>\n\n\n\n<p><strong>Barbados<\/strong><\/p>\n\n\n\n<ul class=\"wp-block-list\">\n<li>CERMES, University of the West Indies (UWI)<\/li>\n\n\n\n<li>Department of Emergency Management<\/li>\n<\/ul>\n\n\n\n<div style=\"height:50px\" aria-hidden=\"true\" class=\"wp-block-spacer\"><\/div>\n\n\n\n<p><strong>Panama<\/strong><\/p>\n\n\n\n<ul class=\"wp-block-list\">\n<li>National Secretariat of Science, Technology and Innovation (SENACYT)<\/li>\n\n\n\n<li>Smithsonian Tropical Research Institute<\/li>\n<\/ul>\n\n\n\n<div style=\"height:50px\" aria-hidden=\"true\" class=\"wp-block-spacer\"><\/div>\n\n\n\n<p><strong>Colombia<\/strong><\/p>\n\n\n\n<ul class=\"wp-block-list\">\n<li>Instituto de Investigaci\u00f3n de Recursos Biol\u00f3gicos Alexander von Humboldt<\/li>\n<\/ul>\n\n\n\n<div style=\"height:50px\" aria-hidden=\"true\" class=\"wp-block-spacer\"><\/div>\n\n\n\n<p><strong>Chile<\/strong><\/p>\n\n\n\n<ul class=\"wp-block-list\">\n<li>Ministerio de Ciencia, Tecnolog\u00eda, Conocimiento e Innovaci\u00f3n<\/li>\n<\/ul>\n\n\n\n<div style=\"height:50px\" aria-hidden=\"true\" class=\"wp-block-spacer\"><\/div>\n\n\n\n<p><strong>Uruguay<\/strong><\/p>\n\n\n\n<ul class=\"wp-block-list\">\n<li>Instituto Nacional de Inclusi\u00f3n Social Adolescente (INISA)<\/li>\n<\/ul>\n\n\n\n<div style=\"height:50px\" aria-hidden=\"true\" class=\"wp-block-spacer\"><\/div>\n\n\n\n<p><strong>Costa Rica<\/strong><\/p>\n\n\n\n<ul class=\"wp-block-list\">\n<li>Centro de Investigaciones del Mar y Limnolog\u00eda (CIMAR), Universidad de Costa Rica (UCR)<\/li>\n<\/ul>\n\n\n\n<div style=\"height:50px\" aria-hidden=\"true\" class=\"wp-block-spacer\"><\/div>\n\n\n\n<h4 class=\"wp-block-heading\">Partners<\/h4>\n\n\n\n<figure class=\"wp-block-table\"><table><tbody><tr><td class=\"has-text-align-right\" data-align=\"right\">1<\/td><td>Programa de Fellows en Pol\u00edticas Cient\u00edficas y Tecnol\u00f3gicas de la American Association for the Advancement of Science (AAAS STPF)<\/td><td>USA<\/td><td><a href=\"https:\/\/www.aaas.org\/programas\/becas-de-politica-de-ciencia-y-tecnologia\">https:\/\/www.aaas.org\/programas\/becas-de-politica-de-ciencia-y-tecnologia<\/a><\/td><\/tr><tr><td class=\"has-text-align-right\" data-align=\"right\">2<\/td><td>Agencia Nacional de Investigaci\u00f3n e Innovaci\u00f3n (ANII) Uruguay<\/td><td>Uruguay<\/td><td><a href=\"https:\/\/www.anii.org.uy\/\">https:\/\/www.anii.org.uy\/<\/a><\/td><\/tr><tr><td class=\"has-text-align-right\" data-align=\"right\">3<\/td><td>Mitacs Canada<\/td><td>Canada<\/td><td><a href=\"https:\/\/www.mitacs.ca\/\">https:\/\/www.mitacs.ca\/<\/a><\/td><\/tr><tr><td class=\"has-text-align-right\" data-align=\"right\">4<\/td><td>Ministerio de Ciencia, Tecnolog\u00eda, Conocimiento e Innovaci\u00f3n de Chile (MinCiencias)<\/td><td>Chile<\/td><td><a href=\"https:\/\/www.ciencia.gob.cl\/\">https:\/\/www.ciencia.gob.cl\/<\/a><\/td><\/tr><tr><td class=\"has-text-align-right\" data-align=\"right\">5<\/td><td>Secretar\u00eda Nacional de Ciencia, Tecnolog\u00eda e Innovaci\u00f3n de Panam\u00e1 (SENACYT)<\/td><td>Panama<\/td><td><a href=\"https:\/\/www.senacy.gob.pa\/\">https:\/\/www.senacy.gob.pa\/<\/a><\/td><\/tr><tr><td class=\"has-text-align-right\" data-align=\"right\">6<\/td><td>CREA &amp; CONICET Argentina<\/td><td>Argentina<\/td><td><a href=\"https:\/\/crea.org\/https:\/\/www.conicet.gov.ar\/\">https:\/\/crea.org\/<br>https:\/\/www.conicet.gov.ar\/<\/a><\/td><\/tr><tr><td class=\"has-text-align-right\" data-align=\"right\">7<\/td><td>Brazilian Platform for Biodiversity and Ecosystem Services (BPBES)<\/td><td>Brazil<\/td><td><a href=\"https:\/\/www.bpbes.net.br\/in\/quienes-somos-2\/\">https:\/\/www.bpbes.net.br\/in\/quienes-somos-2\/<\/a><\/td><\/tr><tr><td class=\"has-text-align-right\" data-align=\"right\">8<\/td><td>Centre for Resource Management and Environmental Studies, University of West Indies Cave Hill Campus Barbados (CERMES UWI)<\/td><td>Barbados<\/td><td><a href=\"https:\/\/www.cavehill.sheep.edu\/cermes\/home.aspx\">https:\/\/www.cavehill.sheep.edu\/cermes\/home.aspx<\/a><\/td><\/tr><tr><td class=\"has-text-align-right\" data-align=\"right\">9<\/td><td>Ministry of Science, Technology and Innovation (MCTI) Brazil<\/td><td>Brazil<\/td><td><a href=\"https:\/\/www.gov.br\/mcti\/pt-br\">https:\/\/www.gov.br\/mcti\/pt-br<\/a><\/td><\/tr><tr><td class=\"has-text-align-right\" data-align=\"right\">10<\/td><td>Asociaci\u00f3n Mexicana para el Avance de la Ciencia (AMEXAC)<\/td><td>Mexico<\/td><td><a href=\"https:\/\/www.amexac.mx\/\">https:\/\/www.amexac.mx\/<\/a><\/td><\/tr><tr><td class=\"has-text-align-right\" data-align=\"right\">11<\/td><td>Secretar\u00eda de Educaci\u00f3n, Ciencia, Tecnolog\u00eda e Innovaci\u00f3n de la Ciudad de M\u00e9xico (SECTEI CDMX)<\/td><td>Mexico<\/td><td><a href=\"https:\/\/www.sectei.cdmx.gob.mx\/\">https:\/\/www.sectei.cdmx.gob.mx\/<\/a><\/td><\/tr><tr><td class=\"has-text-align-right\" data-align=\"right\">12<\/td><td>Pan American Health Organization (PAHO)<\/td><td>Regional<\/td><td><a href=\"https:\/\/www.paho.org\/es\">https:\/\/www.paho.org\/es<\/a><\/td><\/tr><tr><td class=\"has-text-align-right\" data-align=\"right\">13<\/td><td>Belmont Forum<\/td><td>Global<\/td><td><a href=\"https:\/\/belmontforum.org\/\">https:\/\/belmontforum.org\/<\/a><\/td><\/tr><tr><td class=\"has-text-align-right\" data-align=\"right\">14<\/td><td>Early Career Ocean Professionals (ECOP)<\/td><td>Central America<\/td><td><a href=\"https:\/\/www.ecopdecade.org\/\">https:\/\/www.ecopdecade.org\/<\/a><\/td><\/tr><tr><td class=\"has-text-align-right\" data-align=\"right\">15<\/td><td>Santa Catarina State Research and Innovation Support Foundation (FAPESC)<\/td><td>Brazil<\/td><td><a href=\"https:\/\/fapesc.sc.gov.br\/\">https:\/\/fapesc.sc.gov.br\/<\/a><\/td><\/tr><tr><td class=\"has-text-align-right\" data-align=\"right\">16<\/td><td>Smithsonian Tropical Research Institute<\/td><td>Panama<\/td><td><a href=\"https:\/\/striresearch.si.edu\/resiliencia\/\">https:\/\/striresearch.si.edu\/resiliencia\/<\/a><\/td><\/tr><tr><td class=\"has-text-align-right\" data-align=\"right\">17<\/td><td>Eastern Tropical Pacific Marine Corridor (CMAR)<\/td><td>Regional<\/td><td><a href=\"https:\/\/cmarpacific.org\/\">https:\/\/cmarpacific.org\/<\/a><\/td><\/tr><tr><td class=\"has-text-align-right\" data-align=\"right\">18<\/td><td>Instituto Humboldt<\/td><td>Colombia<\/td><td><a href=\"https:\/\/www.humboldt.org.co\/\">https:\/\/www.humboldt.org.co\/<\/a><\/td><\/tr><\/tbody><\/table><\/figure>\n\n\n\n<div style=\"height:50px\" aria-hidden=\"true\" class=\"wp-block-spacer\"><\/div>\n","protected":false},"excerpt":{"rendered":"<p>Fellows The IAI&#8217;s STeP Fellowship Program brings together an inter-American network of early-career scientists and professionals with policymakers and decision-makers, researchers from various disciplines, mentors, experts, host institutions, and strategic partners. This community of practice promotes the exchange of knowledge, experiences, and lessons learned at the nexus of science and policy. At the same time, [&hellip;]<\/p>\n","protected":false},"author":1,"featured_media":10908,"parent":1733,"menu_order":0,"comment_status":"closed","ping_status":"closed","template":"","meta":{"_acf_changed":false,"_uag_custom_page_level_css":"","footnotes":""},"class_list":["post-8636","page","type-page","status-publish","has-post-thumbnail","hentry"],"acf":[],"yoast_head":"<!-- This site is optimized with the Yoast SEO plugin v27.3 - https:\/\/yoast.com\/product\/yoast-seo-wordpress\/ -->\n<title>STeP - The Fellows \/ Directory - IAI - Inter-American Institute for Global Change Research<\/title>\n<meta name=\"robots\" content=\"index, follow, max-snippet:-1, max-image-preview:large, max-video-preview:-1\" \/>\n<link rel=\"canonical\" href=\"https:\/\/iai.int\/en\/step-fellowship\/step-directorio\/\" \/>\n<meta property=\"og:locale\" content=\"en_US\" \/>\n<meta property=\"og:type\" content=\"article\" \/>\n<meta property=\"og:title\" content=\"STeP - The Fellows \/ Directory - IAI - Inter-American Institute for Global Change Research\" \/>\n<meta property=\"og:description\" content=\"Fellows The IAI&#8217;s STeP Fellowship Program brings together an inter-American network of early-career scientists and professionals with policymakers and decision-makers, researchers from various disciplines, mentors, experts, host institutions, and strategic partners. This community of practice promotes the exchange of knowledge, experiences, and lessons learned at the nexus of science and policy. At the same time, [&hellip;]\" \/>\n<meta property=\"og:url\" content=\"https:\/\/iai.int\/en\/step-fellowship\/step-directorio\/\" \/>\n<meta property=\"og:site_name\" content=\"IAI - Inter-American Institute for Global Change Research\" \/>\n<meta property=\"article:modified_time\" content=\"2025-11-07T17:30:37+00:00\" \/>\n<meta property=\"og:image\" content=\"https:\/\/iai.int\/wp-content\/uploads\/2025\/11\/STEP.png\" \/>\n\t<meta property=\"og:image:width\" content=\"1772\" \/>\n\t<meta property=\"og:image:height\" content=\"551\" \/>\n\t<meta property=\"og:image:type\" content=\"image\/png\" \/>\n<meta name=\"twitter:card\" content=\"summary_large_image\" \/>\n<meta name=\"twitter:label1\" content=\"Est. reading time\" \/>\n\t<meta name=\"twitter:data1\" content=\"3 minutes\" \/>\n<script type=\"application\/ld+json\" class=\"yoast-schema-graph\">{\"@context\":\"https:\\\/\\\/schema.org\",\"@graph\":[{\"@type\":\"WebPage\",\"@id\":\"https:\\\/\\\/iai.int\\\/en\\\/step-fellowship\\\/step-directorio\\\/\",\"url\":\"https:\\\/\\\/iai.int\\\/en\\\/step-fellowship\\\/step-directorio\\\/\",\"name\":\"STeP - The Fellows \\\/ Directory - IAI - Inter-American Institute for Global Change Research\",\"isPartOf\":{\"@id\":\"https:\\\/\\\/iai.int\\\/en\\\/#website\"},\"primaryImageOfPage\":{\"@id\":\"https:\\\/\\\/iai.int\\\/en\\\/step-fellowship\\\/step-directorio\\\/#primaryimage\"},\"image\":{\"@id\":\"https:\\\/\\\/iai.int\\\/en\\\/step-fellowship\\\/step-directorio\\\/#primaryimage\"},\"thumbnailUrl\":\"https:\\\/\\\/iai.int\\\/wp-content\\\/uploads\\\/2025\\\/11\\\/STEP.png\",\"datePublished\":\"2025-10-20T22:58:17+00:00\",\"dateModified\":\"2025-11-07T17:30:37+00:00\",\"breadcrumb\":{\"@id\":\"https:\\\/\\\/iai.int\\\/en\\\/step-fellowship\\\/step-directorio\\\/#breadcrumb\"},\"inLanguage\":\"en-US\",\"potentialAction\":[{\"@type\":\"ReadAction\",\"target\":[\"https:\\\/\\\/iai.int\\\/en\\\/step-fellowship\\\/step-directorio\\\/\"]}]},{\"@type\":\"ImageObject\",\"inLanguage\":\"en-US\",\"@id\":\"https:\\\/\\\/iai.int\\\/en\\\/step-fellowship\\\/step-directorio\\\/#primaryimage\",\"url\":\"https:\\\/\\\/iai.int\\\/wp-content\\\/uploads\\\/2025\\\/11\\\/STEP.png\",\"contentUrl\":\"https:\\\/\\\/iai.int\\\/wp-content\\\/uploads\\\/2025\\\/11\\\/STEP.png\",\"width\":1772,\"height\":551},{\"@type\":\"BreadcrumbList\",\"@id\":\"https:\\\/\\\/iai.int\\\/en\\\/step-fellowship\\\/step-directorio\\\/#breadcrumb\",\"itemListElement\":[{\"@type\":\"ListItem\",\"position\":1,\"name\":\"Portada\",\"item\":\"https:\\\/\\\/iai.int\\\/en\\\/\"},{\"@type\":\"ListItem\",\"position\":2,\"name\":\"STeP Fellowship\",\"item\":\"https:\\\/\\\/iai.int\\\/en\\\/step-fellowship\\\/\"},{\"@type\":\"ListItem\",\"position\":3,\"name\":\"STeP &#8211; The Fellows \\\/ Directory\"}]},{\"@type\":\"WebSite\",\"@id\":\"https:\\\/\\\/iai.int\\\/en\\\/#website\",\"url\":\"https:\\\/\\\/iai.int\\\/en\\\/\",\"name\":\"IAI - Inter-American Institute for Global Change Research\",\"description\":\"\",\"publisher\":{\"@id\":\"https:\\\/\\\/iai.int\\\/en\\\/#organization\"},\"potentialAction\":[{\"@type\":\"SearchAction\",\"target\":{\"@type\":\"EntryPoint\",\"urlTemplate\":\"https:\\\/\\\/iai.int\\\/en\\\/?s={search_term_string}\"},\"query-input\":{\"@type\":\"PropertyValueSpecification\",\"valueRequired\":true,\"valueName\":\"search_term_string\"}}],\"inLanguage\":\"en-US\"},{\"@type\":\"Organization\",\"@id\":\"https:\\\/\\\/iai.int\\\/en\\\/#organization\",\"name\":\"IAI - Inter-American Institute for Global Change Research\",\"url\":\"https:\\\/\\\/iai.int\\\/en\\\/\",\"logo\":{\"@type\":\"ImageObject\",\"inLanguage\":\"en-US\",\"@id\":\"https:\\\/\\\/iai.int\\\/en\\\/#\\\/schema\\\/logo\\\/image\\\/\",\"url\":\"https:\\\/\\\/iai.int\\\/wp-content\\\/uploads\\\/2025\\\/11\\\/IAI-logo-English-scaled.png\",\"contentUrl\":\"https:\\\/\\\/iai.int\\\/wp-content\\\/uploads\\\/2025\\\/11\\\/IAI-logo-English-scaled.png\",\"width\":2560,\"height\":985,\"caption\":\"IAI - Inter-American Institute for Global Change Research\"},\"image\":{\"@id\":\"https:\\\/\\\/iai.int\\\/en\\\/#\\\/schema\\\/logo\\\/image\\\/\"}}]}<\/script>\n<!-- \/ Yoast SEO plugin. -->","yoast_head_json":{"title":"STeP - The Fellows \/ Directory - IAI - Inter-American Institute for Global Change Research","robots":{"index":"index","follow":"follow","max-snippet":"max-snippet:-1","max-image-preview":"max-image-preview:large","max-video-preview":"max-video-preview:-1"},"canonical":"https:\/\/iai.int\/en\/step-fellowship\/step-directorio\/","og_locale":"en_US","og_type":"article","og_title":"STeP - The Fellows \/ Directory - IAI - Inter-American Institute for Global Change Research","og_description":"Fellows The IAI&#8217;s STeP Fellowship Program brings together an inter-American network of early-career scientists and professionals with policymakers and decision-makers, researchers from various disciplines, mentors, experts, host institutions, and strategic partners. This community of practice promotes the exchange of knowledge, experiences, and lessons learned at the nexus of science and policy. At the same time, [&hellip;]","og_url":"https:\/\/iai.int\/en\/step-fellowship\/step-directorio\/","og_site_name":"IAI - Inter-American Institute for Global Change Research","article_modified_time":"2025-11-07T17:30:37+00:00","og_image":[{"width":1772,"height":551,"url":"https:\/\/iai.int\/wp-content\/uploads\/2025\/11\/STEP.png","type":"image\/png"}],"twitter_card":"summary_large_image","twitter_misc":{"Est. reading time":"3 minutes"},"schema":{"@context":"https:\/\/schema.org","@graph":[{"@type":"WebPage","@id":"https:\/\/iai.int\/en\/step-fellowship\/step-directorio\/","url":"https:\/\/iai.int\/en\/step-fellowship\/step-directorio\/","name":"STeP - The Fellows \/ Directory - IAI - Inter-American Institute for Global Change Research","isPartOf":{"@id":"https:\/\/iai.int\/en\/#website"},"primaryImageOfPage":{"@id":"https:\/\/iai.int\/en\/step-fellowship\/step-directorio\/#primaryimage"},"image":{"@id":"https:\/\/iai.int\/en\/step-fellowship\/step-directorio\/#primaryimage"},"thumbnailUrl":"https:\/\/iai.int\/wp-content\/uploads\/2025\/11\/STEP.png","datePublished":"2025-10-20T22:58:17+00:00","dateModified":"2025-11-07T17:30:37+00:00","breadcrumb":{"@id":"https:\/\/iai.int\/en\/step-fellowship\/step-directorio\/#breadcrumb"},"inLanguage":"en-US","potentialAction":[{"@type":"ReadAction","target":["https:\/\/iai.int\/en\/step-fellowship\/step-directorio\/"]}]},{"@type":"ImageObject","inLanguage":"en-US","@id":"https:\/\/iai.int\/en\/step-fellowship\/step-directorio\/#primaryimage","url":"https:\/\/iai.int\/wp-content\/uploads\/2025\/11\/STEP.png","contentUrl":"https:\/\/iai.int\/wp-content\/uploads\/2025\/11\/STEP.png","width":1772,"height":551},{"@type":"BreadcrumbList","@id":"https:\/\/iai.int\/en\/step-fellowship\/step-directorio\/#breadcrumb","itemListElement":[{"@type":"ListItem","position":1,"name":"Portada","item":"https:\/\/iai.int\/en\/"},{"@type":"ListItem","position":2,"name":"STeP Fellowship","item":"https:\/\/iai.int\/en\/step-fellowship\/"},{"@type":"ListItem","position":3,"name":"STeP &#8211; The Fellows \/ Directory"}]},{"@type":"WebSite","@id":"https:\/\/iai.int\/en\/#website","url":"https:\/\/iai.int\/en\/","name":"IAI - Inter-American Institute for Global Change Research","description":"","publisher":{"@id":"https:\/\/iai.int\/en\/#organization"},"potentialAction":[{"@type":"SearchAction","target":{"@type":"EntryPoint","urlTemplate":"https:\/\/iai.int\/en\/?s={search_term_string}"},"query-input":{"@type":"PropertyValueSpecification","valueRequired":true,"valueName":"search_term_string"}}],"inLanguage":"en-US"},{"@type":"Organization","@id":"https:\/\/iai.int\/en\/#organization","name":"IAI - Inter-American Institute for Global Change Research","url":"https:\/\/iai.int\/en\/","logo":{"@type":"ImageObject","inLanguage":"en-US","@id":"https:\/\/iai.int\/en\/#\/schema\/logo\/image\/","url":"https:\/\/iai.int\/wp-content\/uploads\/2025\/11\/IAI-logo-English-scaled.png","contentUrl":"https:\/\/iai.int\/wp-content\/uploads\/2025\/11\/IAI-logo-English-scaled.png","width":2560,"height":985,"caption":"IAI - Inter-American Institute for Global Change Research"},"image":{"@id":"https:\/\/iai.int\/en\/#\/schema\/logo\/image\/"}}]}},"uagb_featured_image_src":{"full":["https:\/\/iai.int\/wp-content\/uploads\/2025\/11\/STEP.png",1772,551,false],"thumbnail":["https:\/\/iai.int\/wp-content\/uploads\/2025\/11\/STEP-150x150.png",150,150,true],"medium":["https:\/\/iai.int\/wp-content\/uploads\/2025\/11\/STEP-300x93.png",300,93,true],"medium_large":["https:\/\/iai.int\/wp-content\/uploads\/2025\/11\/STEP-768x239.png",768,239,true],"large":["https:\/\/iai.int\/wp-content\/uploads\/2025\/11\/STEP-1024x318.png",800,248,true],"1536x1536":["https:\/\/iai.int\/wp-content\/uploads\/2025\/11\/STEP-1536x478.png",1536,478,true],"2048x2048":["https:\/\/iai.int\/wp-content\/uploads\/2025\/11\/STEP.png",1772,551,false]},"uagb_author_info":{"display_name":"admin","author_link":"https:\/\/iai.int\/en\/author\/admin\/"},"uagb_comment_info":0,"uagb_excerpt":"Fellows The IAI&#8217;s STeP Fellowship Program brings together an inter-American network of early-career scientists and professionals with policymakers and decision-makers, researchers from various disciplines, mentors, experts, host institutions, and strategic partners. This community of practice promotes the exchange of knowledge, experiences, and lessons learned at the nexus of science and policy. At the same time,&hellip;","_links":{"self":[{"href":"https:\/\/iai.int\/en\/wp-json\/wp\/v2\/pages\/8636","targetHints":{"allow":["GET"]}}],"collection":[{"href":"https:\/\/iai.int\/en\/wp-json\/wp\/v2\/pages"}],"about":[{"href":"https:\/\/iai.int\/en\/wp-json\/wp\/v2\/types\/page"}],"author":[{"embeddable":true,"href":"https:\/\/iai.int\/en\/wp-json\/wp\/v2\/users\/1"}],"replies":[{"embeddable":true,"href":"https:\/\/iai.int\/en\/wp-json\/wp\/v2\/comments?post=8636"}],"version-history":[{"count":7,"href":"https:\/\/iai.int\/en\/wp-json\/wp\/v2\/pages\/8636\/revisions"}],"predecessor-version":[{"id":10909,"href":"https:\/\/iai.int\/en\/wp-json\/wp\/v2\/pages\/8636\/revisions\/10909"}],"up":[{"embeddable":true,"href":"https:\/\/iai.int\/en\/wp-json\/wp\/v2\/pages\/1733"}],"wp:featuredmedia":[{"embeddable":true,"href":"https:\/\/iai.int\/en\/wp-json\/wp\/v2\/media\/10908"}],"wp:attachment":[{"href":"https:\/\/iai.int\/en\/wp-json\/wp\/v2\/media?parent=8636"}],"curies":[{"name":"wp","href":"https:\/\/api.w.org\/{rel}","templated":true}]}}