{"id":7157,"date":"2025-08-20T19:07:39","date_gmt":"2025-08-21T00:07:39","guid":{"rendered":"https:\/\/iai.int\/archivo-institucional\/agreements-between-the-iai-and-its-associates\/"},"modified":"2025-08-20T23:33:39","modified_gmt":"2025-08-21T04:33:39","slug":"agreements-between-the-iai-and-its-associates","status":"publish","type":"page","link":"https:\/\/iai.int\/en\/archivo-institucional\/agreements-between-the-iai-and-its-associates\/","title":{"rendered":"Agreements between the IAI and its Associates"},"content":{"rendered":"\n<p>Memorandum of Understanding between\u00a0CR2 and the IAI (2024) &#8211;\u00a0<strong><a href=\"https:\/\/iai.int\/administrador\/assets\/images\/ckfinder\/files\/CR2%20MoU-CR2-IAI-draft_SB_05_12-firmado.pdf\" target=\"_blank\" rel=\"noopener\">Spanish<\/a><\/strong><\/p>\n\n<p>Memorandum of Understanding between STRI\u00a0and the\u00a0IAI (2024) &#8211;\u00a0<strong><a href=\"https:\/\/iai.int\/administrador\/assets\/images\/ckfinder\/files\/MoU%20STRI%20and%20IAIDecember%2013%202024-signed.pdf\" target=\"_blank\" rel=\"noopener\">English<\/a><\/strong><\/p>\n\n<p>Memorandum of Understanding between Humboldt Institute and the IAI (2024) &#8211;\u00a0<strong><a href=\"https:\/\/iai.int\/administrador\/assets\/images\/ckfinder\/files\/MoU-Humboldt-IAI_final.pdf\" target=\"_blank\" rel=\"noopener\">Spanish<\/a><\/strong><\/p>\n\n<p>Memorandum of Understanding between FAPESC and the IAI (2023) &#8211;\u00a0<strong><a href=\"https:\/\/iai.int\/administrador\/assets\/images\/ckfinder\/files\/Processo%20FAPESC%2000002721_2023.pdf\" target=\"_blank\" rel=\"noopener\">Portuguese and Spanish<\/a><\/strong><\/p>\n\n<p>Memorandum of Understanding between UWI and the IAI (2023) &#8211; <strong><a href=\"https:\/\/iai.int\/administrador\/assets\/images\/ckfinder\/files\/Signed%20IAI-UWI%20MoU_4Dec2023_1_.pdf\" target=\"_blank\" rel=\"noreferrer noopener\">English<\/a><\/strong><\/p>\n\n<p>Memorandum of Understanding between the Degrees Initiative\u00a0and the IAI (2023) &#8211;\u00a0<strong><a href=\"https:\/\/iai.int\/administrador\/assets\/images\/ckfinder\/files\/MoU%20IAI%20Degrees%20signed%20310523.pdf\" target=\"_blank\" rel=\"noopener\">English<\/a><\/strong><\/p>\n\n<p>Memorandum of Understanding between CICAG and the IAI (2023) &#8211; <strong><a href=\"https:\/\/iai.int\/administrador\/assets\/images\/ckfinder\/files\/Memorando%20de%20Entendimiento_CICAG.pdf\" target=\"_blank\" rel=\"noreferrer noopener\">Spanish<\/a><\/strong><\/p>\n\n<p>Agreement between MITACS and the\u00a0IAI (2021) &#8211; <strong><a href=\"https:\/\/iai.int\/administrador\/assets\/images\/ckfinder\/files\/IAI-Mitacs%20Association%20Agreement_Mitacs_FINAL_June18_2021.pdf\" target=\"_blank\" rel=\"noreferrer noopener\">English<\/a><\/strong><\/p>\n\n<p>Memorandum of Understanding between Rede Clima and the IAI (2019) &#8211; <a href=\"http:\/\/iai.int\/pdf\/en\/MoU_RedeClima-IAI20190826.pdf\" target=\"_blank\" rel=\"noreferrer noopener\"><strong>English<\/strong><\/a><\/p>\n\n<p>Memorandum of Understanding between AAAS and the IAI (2018) &#8211; <a href=\"http:\/\/iai.int\/pdf\/es\/MOU-IAI-AAAS.pdf\" target=\"_blank\" rel=\"noreferrer noopener\"><strong>English<\/strong><\/a><\/p>\n\n<p>Memorandum of Understanding between Future Earth and the IAI (2017) &#8211;\u00a0<strong><a href=\"https:\/\/iai.int\/administrador\/assets\/images\/ckfinder\/files\/MOU_Future%20Earth-IAI18092017.pdf\" target=\"_blank\" rel=\"noopener\">English<\/a><\/strong><\/p>\n\n<p>Association agreement between FAPESP (S\u00e3o Paulo Research Foundation \u2013 Funda\u00e7\u00e3o de Amparo \u00e0 Pesquisa do Estado de S\u00e3o Paulo) and the IAI (2015) &#8211;\u00a0<strong><a href=\"http:\/\/iai.int\/pdf\/es\/IAI-FAPESPassociationpt.pdf\" target=\"_blank\" rel=\"noopener\">Portuguese<\/a><\/strong>\u00a0and\u00a0<strong><a href=\"http:\/\/iai.int\/pdf\/es\/IAI-FAPESPassociationeng.pdf\" target=\"_blank\" rel=\"noopener\">English<\/a><\/strong>\u00a0\/ Amendment:\u00a0<strong><a href=\"https:\/\/iai.int\/administrador\/assets\/images\/ckfinder\/files\/IAI_Primeiro_Aditivo_Final_PT_para%20assinatura.pdf\">Portuguese<\/a><\/strong>\u00a0e\u00a0<strong><a href=\"https:\/\/iai.int\/administrador\/assets\/images\/ckfinder\/files\/IAI_Amendment_final_EN_para%20assinatura.pdf\">English<\/a><\/strong><\/p>\n","protected":false},"excerpt":{"rendered":"<p>Memorandum of Understanding between\u00a0CR2 and the IAI (2024) &#8211;\u00a0Spanish Memorandum of Understanding between STRI\u00a0and the\u00a0IAI (2024) &#8211;\u00a0English Memorandum of Understanding between Humboldt Institute and the IAI (2024) &#8211;\u00a0Spanish Memorandum of Understanding between FAPESC and the IAI (2023) &#8211;\u00a0Portuguese and Spanish Memorandum of Understanding between UWI and the IAI (2023) &#8211; English Memorandum of Understanding between [&hellip;]<\/p>\n","protected":false},"author":1,"featured_media":8375,"parent":1736,"menu_order":0,"comment_status":"closed","ping_status":"closed","template":"","meta":{"_acf_changed":false,"_uag_custom_page_level_css":"","footnotes":""},"class_list":["post-7157","page","type-page","status-publish","has-post-thumbnail","hentry"],"acf":[],"yoast_head":"<!-- This site is optimized with the Yoast SEO plugin v27.3 - https:\/\/yoast.com\/product\/yoast-seo-wordpress\/ -->\n<title>Agreements between the IAI and its Associates - IAI - Inter-American Institute for Global Change Research<\/title>\n<meta name=\"robots\" content=\"index, follow, max-snippet:-1, max-image-preview:large, max-video-preview:-1\" \/>\n<link rel=\"canonical\" href=\"https:\/\/iai.int\/en\/archivo-institucional\/agreements-between-the-iai-and-its-associates\/\" \/>\n<meta property=\"og:locale\" content=\"en_US\" \/>\n<meta property=\"og:type\" content=\"article\" \/>\n<meta property=\"og:title\" content=\"Agreements between the IAI and its Associates - IAI - Inter-American Institute for Global Change Research\" \/>\n<meta property=\"og:description\" content=\"Memorandum of Understanding between\u00a0CR2 and the IAI (2024) &#8211;\u00a0Spanish Memorandum of Understanding between STRI\u00a0and the\u00a0IAI (2024) &#8211;\u00a0English Memorandum of Understanding between Humboldt Institute and the IAI (2024) &#8211;\u00a0Spanish Memorandum of Understanding between FAPESC and the IAI (2023) &#8211;\u00a0Portuguese and Spanish Memorandum of Understanding between UWI and the IAI (2023) &#8211; English Memorandum of Understanding between [&hellip;]\" \/>\n<meta property=\"og:url\" content=\"https:\/\/iai.int\/en\/archivo-institucional\/agreements-between-the-iai-and-its-associates\/\" \/>\n<meta property=\"og:site_name\" content=\"IAI - Inter-American Institute for Global Change Research\" \/>\n<meta property=\"article:modified_time\" content=\"2025-08-21T04:33:39+00:00\" \/>\n<meta property=\"og:image\" content=\"https:\/\/iai.int\/wp-content\/uploads\/2025\/10\/BANNERS-NUEVA-WEB-2-4.png\" \/>\n\t<meta property=\"og:image:width\" content=\"1772\" \/>\n\t<meta property=\"og:image:height\" content=\"551\" \/>\n\t<meta property=\"og:image:type\" content=\"image\/png\" \/>\n<meta name=\"twitter:card\" content=\"summary_large_image\" \/>\n<meta name=\"twitter:label1\" content=\"Est. reading time\" \/>\n\t<meta name=\"twitter:data1\" content=\"1 minute\" \/>\n<script type=\"application\/ld+json\" class=\"yoast-schema-graph\">{\"@context\":\"https:\\\/\\\/schema.org\",\"@graph\":[{\"@type\":\"WebPage\",\"@id\":\"https:\\\/\\\/iai.int\\\/en\\\/archivo-institucional\\\/agreements-between-the-iai-and-its-associates\\\/\",\"url\":\"https:\\\/\\\/iai.int\\\/en\\\/archivo-institucional\\\/agreements-between-the-iai-and-its-associates\\\/\",\"name\":\"Agreements between the IAI and its Associates - IAI - Inter-American Institute for Global Change Research\",\"isPartOf\":{\"@id\":\"https:\\\/\\\/iai.int\\\/en\\\/#website\"},\"primaryImageOfPage\":{\"@id\":\"https:\\\/\\\/iai.int\\\/en\\\/archivo-institucional\\\/agreements-between-the-iai-and-its-associates\\\/#primaryimage\"},\"image\":{\"@id\":\"https:\\\/\\\/iai.int\\\/en\\\/archivo-institucional\\\/agreements-between-the-iai-and-its-associates\\\/#primaryimage\"},\"thumbnailUrl\":\"https:\\\/\\\/iai.int\\\/wp-content\\\/uploads\\\/2025\\\/10\\\/BANNERS-NUEVA-WEB-2-4.png\",\"datePublished\":\"2025-08-21T00:07:39+00:00\",\"dateModified\":\"2025-08-21T04:33:39+00:00\",\"breadcrumb\":{\"@id\":\"https:\\\/\\\/iai.int\\\/en\\\/archivo-institucional\\\/agreements-between-the-iai-and-its-associates\\\/#breadcrumb\"},\"inLanguage\":\"en-US\",\"potentialAction\":[{\"@type\":\"ReadAction\",\"target\":[\"https:\\\/\\\/iai.int\\\/en\\\/archivo-institucional\\\/agreements-between-the-iai-and-its-associates\\\/\"]}]},{\"@type\":\"ImageObject\",\"inLanguage\":\"en-US\",\"@id\":\"https:\\\/\\\/iai.int\\\/en\\\/archivo-institucional\\\/agreements-between-the-iai-and-its-associates\\\/#primaryimage\",\"url\":\"https:\\\/\\\/iai.int\\\/wp-content\\\/uploads\\\/2025\\\/10\\\/BANNERS-NUEVA-WEB-2-4.png\",\"contentUrl\":\"https:\\\/\\\/iai.int\\\/wp-content\\\/uploads\\\/2025\\\/10\\\/BANNERS-NUEVA-WEB-2-4.png\",\"width\":1772,\"height\":551},{\"@type\":\"BreadcrumbList\",\"@id\":\"https:\\\/\\\/iai.int\\\/en\\\/archivo-institucional\\\/agreements-between-the-iai-and-its-associates\\\/#breadcrumb\",\"itemListElement\":[{\"@type\":\"ListItem\",\"position\":1,\"name\":\"Portada\",\"item\":\"https:\\\/\\\/iai.int\\\/en\\\/\"},{\"@type\":\"ListItem\",\"position\":2,\"name\":\"Institutional archive\",\"item\":\"https:\\\/\\\/iai.int\\\/en\\\/archivo-institucional\\\/\"},{\"@type\":\"ListItem\",\"position\":3,\"name\":\"Agreements between the IAI and its Associates\"}]},{\"@type\":\"WebSite\",\"@id\":\"https:\\\/\\\/iai.int\\\/en\\\/#website\",\"url\":\"https:\\\/\\\/iai.int\\\/en\\\/\",\"name\":\"IAI - Inter-American Institute for Global Change Research\",\"description\":\"\",\"publisher\":{\"@id\":\"https:\\\/\\\/iai.int\\\/en\\\/#organization\"},\"potentialAction\":[{\"@type\":\"SearchAction\",\"target\":{\"@type\":\"EntryPoint\",\"urlTemplate\":\"https:\\\/\\\/iai.int\\\/en\\\/?s={search_term_string}\"},\"query-input\":{\"@type\":\"PropertyValueSpecification\",\"valueRequired\":true,\"valueName\":\"search_term_string\"}}],\"inLanguage\":\"en-US\"},{\"@type\":\"Organization\",\"@id\":\"https:\\\/\\\/iai.int\\\/en\\\/#organization\",\"name\":\"IAI - Inter-American Institute for Global Change Research\",\"url\":\"https:\\\/\\\/iai.int\\\/en\\\/\",\"logo\":{\"@type\":\"ImageObject\",\"inLanguage\":\"en-US\",\"@id\":\"https:\\\/\\\/iai.int\\\/en\\\/#\\\/schema\\\/logo\\\/image\\\/\",\"url\":\"https:\\\/\\\/iai.int\\\/wp-content\\\/uploads\\\/2025\\\/11\\\/IAI-logo-English-scaled.png\",\"contentUrl\":\"https:\\\/\\\/iai.int\\\/wp-content\\\/uploads\\\/2025\\\/11\\\/IAI-logo-English-scaled.png\",\"width\":2560,\"height\":985,\"caption\":\"IAI - Inter-American Institute for Global Change Research\"},\"image\":{\"@id\":\"https:\\\/\\\/iai.int\\\/en\\\/#\\\/schema\\\/logo\\\/image\\\/\"}}]}<\/script>\n<!-- \/ Yoast SEO plugin. -->","yoast_head_json":{"title":"Agreements between the IAI and its Associates - IAI - Inter-American Institute for Global Change Research","robots":{"index":"index","follow":"follow","max-snippet":"max-snippet:-1","max-image-preview":"max-image-preview:large","max-video-preview":"max-video-preview:-1"},"canonical":"https:\/\/iai.int\/en\/archivo-institucional\/agreements-between-the-iai-and-its-associates\/","og_locale":"en_US","og_type":"article","og_title":"Agreements between the IAI and its Associates - IAI - Inter-American Institute for Global Change Research","og_description":"Memorandum of Understanding between\u00a0CR2 and the IAI (2024) &#8211;\u00a0Spanish Memorandum of Understanding between STRI\u00a0and the\u00a0IAI (2024) &#8211;\u00a0English Memorandum of Understanding between Humboldt Institute and the IAI (2024) &#8211;\u00a0Spanish Memorandum of Understanding between FAPESC and the IAI (2023) &#8211;\u00a0Portuguese and Spanish Memorandum of Understanding between UWI and the IAI (2023) &#8211; English Memorandum of Understanding between [&hellip;]","og_url":"https:\/\/iai.int\/en\/archivo-institucional\/agreements-between-the-iai-and-its-associates\/","og_site_name":"IAI - Inter-American Institute for Global Change Research","article_modified_time":"2025-08-21T04:33:39+00:00","og_image":[{"width":1772,"height":551,"url":"https:\/\/iai.int\/wp-content\/uploads\/2025\/10\/BANNERS-NUEVA-WEB-2-4.png","type":"image\/png"}],"twitter_card":"summary_large_image","twitter_misc":{"Est. reading time":"1 minute"},"schema":{"@context":"https:\/\/schema.org","@graph":[{"@type":"WebPage","@id":"https:\/\/iai.int\/en\/archivo-institucional\/agreements-between-the-iai-and-its-associates\/","url":"https:\/\/iai.int\/en\/archivo-institucional\/agreements-between-the-iai-and-its-associates\/","name":"Agreements between the IAI and its Associates - IAI - Inter-American Institute for Global Change Research","isPartOf":{"@id":"https:\/\/iai.int\/en\/#website"},"primaryImageOfPage":{"@id":"https:\/\/iai.int\/en\/archivo-institucional\/agreements-between-the-iai-and-its-associates\/#primaryimage"},"image":{"@id":"https:\/\/iai.int\/en\/archivo-institucional\/agreements-between-the-iai-and-its-associates\/#primaryimage"},"thumbnailUrl":"https:\/\/iai.int\/wp-content\/uploads\/2025\/10\/BANNERS-NUEVA-WEB-2-4.png","datePublished":"2025-08-21T00:07:39+00:00","dateModified":"2025-08-21T04:33:39+00:00","breadcrumb":{"@id":"https:\/\/iai.int\/en\/archivo-institucional\/agreements-between-the-iai-and-its-associates\/#breadcrumb"},"inLanguage":"en-US","potentialAction":[{"@type":"ReadAction","target":["https:\/\/iai.int\/en\/archivo-institucional\/agreements-between-the-iai-and-its-associates\/"]}]},{"@type":"ImageObject","inLanguage":"en-US","@id":"https:\/\/iai.int\/en\/archivo-institucional\/agreements-between-the-iai-and-its-associates\/#primaryimage","url":"https:\/\/iai.int\/wp-content\/uploads\/2025\/10\/BANNERS-NUEVA-WEB-2-4.png","contentUrl":"https:\/\/iai.int\/wp-content\/uploads\/2025\/10\/BANNERS-NUEVA-WEB-2-4.png","width":1772,"height":551},{"@type":"BreadcrumbList","@id":"https:\/\/iai.int\/en\/archivo-institucional\/agreements-between-the-iai-and-its-associates\/#breadcrumb","itemListElement":[{"@type":"ListItem","position":1,"name":"Portada","item":"https:\/\/iai.int\/en\/"},{"@type":"ListItem","position":2,"name":"Institutional archive","item":"https:\/\/iai.int\/en\/archivo-institucional\/"},{"@type":"ListItem","position":3,"name":"Agreements between the IAI and its Associates"}]},{"@type":"WebSite","@id":"https:\/\/iai.int\/en\/#website","url":"https:\/\/iai.int\/en\/","name":"IAI - Inter-American Institute for Global Change Research","description":"","publisher":{"@id":"https:\/\/iai.int\/en\/#organization"},"potentialAction":[{"@type":"SearchAction","target":{"@type":"EntryPoint","urlTemplate":"https:\/\/iai.int\/en\/?s={search_term_string}"},"query-input":{"@type":"PropertyValueSpecification","valueRequired":true,"valueName":"search_term_string"}}],"inLanguage":"en-US"},{"@type":"Organization","@id":"https:\/\/iai.int\/en\/#organization","name":"IAI - Inter-American Institute for Global Change Research","url":"https:\/\/iai.int\/en\/","logo":{"@type":"ImageObject","inLanguage":"en-US","@id":"https:\/\/iai.int\/en\/#\/schema\/logo\/image\/","url":"https:\/\/iai.int\/wp-content\/uploads\/2025\/11\/IAI-logo-English-scaled.png","contentUrl":"https:\/\/iai.int\/wp-content\/uploads\/2025\/11\/IAI-logo-English-scaled.png","width":2560,"height":985,"caption":"IAI - Inter-American Institute for Global Change Research"},"image":{"@id":"https:\/\/iai.int\/en\/#\/schema\/logo\/image\/"}}]}},"uagb_featured_image_src":{"full":["https:\/\/iai.int\/wp-content\/uploads\/2025\/10\/BANNERS-NUEVA-WEB-2-4.png",1772,551,false],"thumbnail":["https:\/\/iai.int\/wp-content\/uploads\/2025\/10\/BANNERS-NUEVA-WEB-2-4-150x150.png",150,150,true],"medium":["https:\/\/iai.int\/wp-content\/uploads\/2025\/10\/BANNERS-NUEVA-WEB-2-4-300x93.png",300,93,true],"medium_large":["https:\/\/iai.int\/wp-content\/uploads\/2025\/10\/BANNERS-NUEVA-WEB-2-4-768x239.png",768,239,true],"large":["https:\/\/iai.int\/wp-content\/uploads\/2025\/10\/BANNERS-NUEVA-WEB-2-4-1024x318.png",800,248,true],"1536x1536":["https:\/\/iai.int\/wp-content\/uploads\/2025\/10\/BANNERS-NUEVA-WEB-2-4-1536x478.png",1536,478,true],"2048x2048":["https:\/\/iai.int\/wp-content\/uploads\/2025\/10\/BANNERS-NUEVA-WEB-2-4.png",1772,551,false]},"uagb_author_info":{"display_name":"admin","author_link":"https:\/\/iai.int\/en\/author\/admin\/"},"uagb_comment_info":0,"uagb_excerpt":"Memorandum of Understanding between\u00a0CR2 and the IAI (2024) &#8211;\u00a0Spanish Memorandum of Understanding between STRI\u00a0and the\u00a0IAI (2024) &#8211;\u00a0English Memorandum of Understanding between Humboldt Institute and the IAI (2024) &#8211;\u00a0Spanish Memorandum of Understanding between FAPESC and the IAI (2023) &#8211;\u00a0Portuguese and Spanish Memorandum of Understanding between UWI and the IAI (2023) &#8211; English Memorandum of Understanding between&hellip;","_links":{"self":[{"href":"https:\/\/iai.int\/en\/wp-json\/wp\/v2\/pages\/7157","targetHints":{"allow":["GET"]}}],"collection":[{"href":"https:\/\/iai.int\/en\/wp-json\/wp\/v2\/pages"}],"about":[{"href":"https:\/\/iai.int\/en\/wp-json\/wp\/v2\/types\/page"}],"author":[{"embeddable":true,"href":"https:\/\/iai.int\/en\/wp-json\/wp\/v2\/users\/1"}],"replies":[{"embeddable":true,"href":"https:\/\/iai.int\/en\/wp-json\/wp\/v2\/comments?post=7157"}],"version-history":[{"count":4,"href":"https:\/\/iai.int\/en\/wp-json\/wp\/v2\/pages\/7157\/revisions"}],"predecessor-version":[{"id":7180,"href":"https:\/\/iai.int\/en\/wp-json\/wp\/v2\/pages\/7157\/revisions\/7180"}],"up":[{"embeddable":true,"href":"https:\/\/iai.int\/en\/wp-json\/wp\/v2\/pages\/1736"}],"wp:featuredmedia":[{"embeddable":true,"href":"https:\/\/iai.int\/en\/wp-json\/wp\/v2\/media\/8375"}],"wp:attachment":[{"href":"https:\/\/iai.int\/en\/wp-json\/wp\/v2\/media?parent=7157"}],"curies":[{"name":"wp","href":"https:\/\/api.w.org\/{rel}","templated":true}]}}