{"id":6922,"date":"2025-08-07T08:19:17","date_gmt":"2025-08-07T13:19:17","guid":{"rendered":"https:\/\/iai.int\/matias-mastrangelo\/"},"modified":"2025-08-18T09:39:49","modified_gmt":"2025-08-18T14:39:49","slug":"matias-mastrangelo","status":"publish","type":"page","link":"https:\/\/iai.int\/en\/estructura\/iai-directorate\/matias-mastrangelo\/","title":{"rendered":"Mat\u00edas Mastr\u00e1ngelo"},"content":{"rendered":"\n<div class=\"wp-block-columns is-layout-flex wp-container-core-columns-is-layout-28f84493 wp-block-columns-is-layout-flex\">\n<div class=\"wp-block-column is-layout-flow wp-block-column-is-layout-flow\" style=\"flex-basis:33.33%\">\n<figure class=\"wp-block-image size-large\"><img decoding=\"async\" src=\"https:\/\/iai.int\/administrador\/assets\/images\/ckfinder\/files\/Matias-Mastrangelo.jpg\" alt=\"\"\/><\/figure>\n<\/div>\n\n\n\n<div class=\"wp-block-column is-layout-flow wp-block-column-is-layout-flow\" style=\"flex-basis:66.66%\">\n<p>Mat\u00edas Mastrangelo is an Environmental Scientist from Argentina. He holds a PhD in Conservation Biology from Victoria University of Wellington, New Zealand. He is now a researcher at CONICET, Argentina, and a professor at the University of Mar del Plata. His research focus is on the human and social dimensions of environmental change, with emphasis on how stakeholders make decisions that make an impact on the environment. His main study area is the South American Gran Chaco, where he has been practicing inter- and transdisciplinary research to reconcile agricultural production and biocultural conservation.<br\/>He has been the lead author of the regional and global assessments on biodiversity and ecosystem services undertaken by IPBES (Intergovernmental Science-Policy Platform on Biodiversity and Ecosystem Services). His interactions with local stakeholders, regional governments and inter-governmental platforms have\u00a0spurred his interest in the science-policy interface, where he is actively learning and participating.\u00a0Matias is coordinating the implementation of the Open Data Policy of the IAI and assisting the Directorate in planning, evaluation and monitoring activities.<\/p>\n<\/div>\n<\/div>\n\n<p><\/p>\n","protected":false},"excerpt":{"rendered":"<p>Mat\u00edas Mastrangelo is an Environmental Scientist from Argentina. He holds a PhD in Conservation Biology from Victoria University of Wellington, New Zealand. He is now a researcher at CONICET, Argentina, and a professor at the University of Mar del Plata. His research focus is on the human and social dimensions of environmental change, with emphasis [&hellip;]<\/p>\n","protected":false},"author":1,"featured_media":0,"parent":6936,"menu_order":0,"comment_status":"closed","ping_status":"closed","template":"","meta":{"_acf_changed":false,"_uag_custom_page_level_css":"","footnotes":""},"class_list":["post-6922","page","type-page","status-publish","hentry"],"acf":[],"yoast_head":"<!-- This site is optimized with the Yoast SEO plugin v27.3 - https:\/\/yoast.com\/product\/yoast-seo-wordpress\/ -->\n<title>Mat\u00edas Mastr\u00e1ngelo - IAI - Inter-American Institute for Global Change Research<\/title>\n<meta name=\"robots\" content=\"index, follow, max-snippet:-1, max-image-preview:large, max-video-preview:-1\" \/>\n<link rel=\"canonical\" href=\"https:\/\/iai.int\/en\/estructura\/iai-directorate\/matias-mastrangelo\/\" \/>\n<meta property=\"og:locale\" content=\"en_US\" \/>\n<meta property=\"og:type\" content=\"article\" \/>\n<meta property=\"og:title\" content=\"Mat\u00edas Mastr\u00e1ngelo - IAI - Inter-American Institute for Global Change Research\" \/>\n<meta property=\"og:description\" content=\"Mat\u00edas Mastrangelo is an Environmental Scientist from Argentina. He holds a PhD in Conservation Biology from Victoria University of Wellington, New Zealand. He is now a researcher at CONICET, Argentina, and a professor at the University of Mar del Plata. His research focus is on the human and social dimensions of environmental change, with emphasis [&hellip;]\" \/>\n<meta property=\"og:url\" content=\"https:\/\/iai.int\/en\/estructura\/iai-directorate\/matias-mastrangelo\/\" \/>\n<meta property=\"og:site_name\" content=\"IAI - Inter-American Institute for Global Change Research\" \/>\n<meta property=\"article:modified_time\" content=\"2025-08-18T14:39:49+00:00\" \/>\n<meta property=\"og:image\" content=\"https:\/\/iai.int\/administrador\/assets\/images\/ckfinder\/files\/Matias-Mastrangelo.jpg\" \/>\n<meta name=\"twitter:card\" content=\"summary_large_image\" \/>\n<meta name=\"twitter:label1\" content=\"Est. reading time\" \/>\n\t<meta name=\"twitter:data1\" content=\"1 minute\" \/>\n<script type=\"application\/ld+json\" class=\"yoast-schema-graph\">{\"@context\":\"https:\\\/\\\/schema.org\",\"@graph\":[{\"@type\":\"WebPage\",\"@id\":\"https:\\\/\\\/iai.int\\\/en\\\/estructura\\\/iai-directorate\\\/matias-mastrangelo\\\/\",\"url\":\"https:\\\/\\\/iai.int\\\/en\\\/estructura\\\/iai-directorate\\\/matias-mastrangelo\\\/\",\"name\":\"Mat\u00edas Mastr\u00e1ngelo - IAI - Inter-American Institute for Global Change Research\",\"isPartOf\":{\"@id\":\"https:\\\/\\\/iai.int\\\/en\\\/#website\"},\"primaryImageOfPage\":{\"@id\":\"https:\\\/\\\/iai.int\\\/en\\\/estructura\\\/iai-directorate\\\/matias-mastrangelo\\\/#primaryimage\"},\"image\":{\"@id\":\"https:\\\/\\\/iai.int\\\/en\\\/estructura\\\/iai-directorate\\\/matias-mastrangelo\\\/#primaryimage\"},\"thumbnailUrl\":\"https:\\\/\\\/iai.int\\\/administrador\\\/assets\\\/images\\\/ckfinder\\\/files\\\/Matias-Mastrangelo.jpg\",\"datePublished\":\"2025-08-07T13:19:17+00:00\",\"dateModified\":\"2025-08-18T14:39:49+00:00\",\"breadcrumb\":{\"@id\":\"https:\\\/\\\/iai.int\\\/en\\\/estructura\\\/iai-directorate\\\/matias-mastrangelo\\\/#breadcrumb\"},\"inLanguage\":\"en-US\",\"potentialAction\":[{\"@type\":\"ReadAction\",\"target\":[\"https:\\\/\\\/iai.int\\\/en\\\/estructura\\\/iai-directorate\\\/matias-mastrangelo\\\/\"]}]},{\"@type\":\"ImageObject\",\"inLanguage\":\"en-US\",\"@id\":\"https:\\\/\\\/iai.int\\\/en\\\/estructura\\\/iai-directorate\\\/matias-mastrangelo\\\/#primaryimage\",\"url\":\"https:\\\/\\\/iai.int\\\/administrador\\\/assets\\\/images\\\/ckfinder\\\/files\\\/Matias-Mastrangelo.jpg\",\"contentUrl\":\"https:\\\/\\\/iai.int\\\/administrador\\\/assets\\\/images\\\/ckfinder\\\/files\\\/Matias-Mastrangelo.jpg\"},{\"@type\":\"BreadcrumbList\",\"@id\":\"https:\\\/\\\/iai.int\\\/en\\\/estructura\\\/iai-directorate\\\/matias-mastrangelo\\\/#breadcrumb\",\"itemListElement\":[{\"@type\":\"ListItem\",\"position\":1,\"name\":\"Portada\",\"item\":\"https:\\\/\\\/iai.int\\\/en\\\/\"},{\"@type\":\"ListItem\",\"position\":2,\"name\":\"Structure\",\"item\":\"https:\\\/\\\/iai.int\\\/en\\\/estructura\\\/\"},{\"@type\":\"ListItem\",\"position\":3,\"name\":\"IAI Directorate\",\"item\":\"https:\\\/\\\/iai.int\\\/en\\\/estructura\\\/iai-directorate\\\/\"},{\"@type\":\"ListItem\",\"position\":4,\"name\":\"Mat\u00edas Mastr\u00e1ngelo\"}]},{\"@type\":\"WebSite\",\"@id\":\"https:\\\/\\\/iai.int\\\/en\\\/#website\",\"url\":\"https:\\\/\\\/iai.int\\\/en\\\/\",\"name\":\"IAI - Inter-American Institute for Global Change Research\",\"description\":\"\",\"publisher\":{\"@id\":\"https:\\\/\\\/iai.int\\\/en\\\/#organization\"},\"potentialAction\":[{\"@type\":\"SearchAction\",\"target\":{\"@type\":\"EntryPoint\",\"urlTemplate\":\"https:\\\/\\\/iai.int\\\/en\\\/?s={search_term_string}\"},\"query-input\":{\"@type\":\"PropertyValueSpecification\",\"valueRequired\":true,\"valueName\":\"search_term_string\"}}],\"inLanguage\":\"en-US\"},{\"@type\":\"Organization\",\"@id\":\"https:\\\/\\\/iai.int\\\/en\\\/#organization\",\"name\":\"IAI - Inter-American Institute for Global Change Research\",\"url\":\"https:\\\/\\\/iai.int\\\/en\\\/\",\"logo\":{\"@type\":\"ImageObject\",\"inLanguage\":\"en-US\",\"@id\":\"https:\\\/\\\/iai.int\\\/en\\\/#\\\/schema\\\/logo\\\/image\\\/\",\"url\":\"https:\\\/\\\/iai.int\\\/wp-content\\\/uploads\\\/2025\\\/11\\\/IAI-logo-English-scaled.png\",\"contentUrl\":\"https:\\\/\\\/iai.int\\\/wp-content\\\/uploads\\\/2025\\\/11\\\/IAI-logo-English-scaled.png\",\"width\":2560,\"height\":985,\"caption\":\"IAI - Inter-American Institute for Global Change Research\"},\"image\":{\"@id\":\"https:\\\/\\\/iai.int\\\/en\\\/#\\\/schema\\\/logo\\\/image\\\/\"}}]}<\/script>\n<!-- \/ Yoast SEO plugin. -->","yoast_head_json":{"title":"Mat\u00edas Mastr\u00e1ngelo - IAI - Inter-American Institute for Global Change Research","robots":{"index":"index","follow":"follow","max-snippet":"max-snippet:-1","max-image-preview":"max-image-preview:large","max-video-preview":"max-video-preview:-1"},"canonical":"https:\/\/iai.int\/en\/estructura\/iai-directorate\/matias-mastrangelo\/","og_locale":"en_US","og_type":"article","og_title":"Mat\u00edas Mastr\u00e1ngelo - IAI - Inter-American Institute for Global Change Research","og_description":"Mat\u00edas Mastrangelo is an Environmental Scientist from Argentina. He holds a PhD in Conservation Biology from Victoria University of Wellington, New Zealand. He is now a researcher at CONICET, Argentina, and a professor at the University of Mar del Plata. His research focus is on the human and social dimensions of environmental change, with emphasis [&hellip;]","og_url":"https:\/\/iai.int\/en\/estructura\/iai-directorate\/matias-mastrangelo\/","og_site_name":"IAI - Inter-American Institute for Global Change Research","article_modified_time":"2025-08-18T14:39:49+00:00","og_image":[{"url":"https:\/\/iai.int\/administrador\/assets\/images\/ckfinder\/files\/Matias-Mastrangelo.jpg","type":"","width":"","height":""}],"twitter_card":"summary_large_image","twitter_misc":{"Est. reading time":"1 minute"},"schema":{"@context":"https:\/\/schema.org","@graph":[{"@type":"WebPage","@id":"https:\/\/iai.int\/en\/estructura\/iai-directorate\/matias-mastrangelo\/","url":"https:\/\/iai.int\/en\/estructura\/iai-directorate\/matias-mastrangelo\/","name":"Mat\u00edas Mastr\u00e1ngelo - IAI - Inter-American Institute for Global Change Research","isPartOf":{"@id":"https:\/\/iai.int\/en\/#website"},"primaryImageOfPage":{"@id":"https:\/\/iai.int\/en\/estructura\/iai-directorate\/matias-mastrangelo\/#primaryimage"},"image":{"@id":"https:\/\/iai.int\/en\/estructura\/iai-directorate\/matias-mastrangelo\/#primaryimage"},"thumbnailUrl":"https:\/\/iai.int\/administrador\/assets\/images\/ckfinder\/files\/Matias-Mastrangelo.jpg","datePublished":"2025-08-07T13:19:17+00:00","dateModified":"2025-08-18T14:39:49+00:00","breadcrumb":{"@id":"https:\/\/iai.int\/en\/estructura\/iai-directorate\/matias-mastrangelo\/#breadcrumb"},"inLanguage":"en-US","potentialAction":[{"@type":"ReadAction","target":["https:\/\/iai.int\/en\/estructura\/iai-directorate\/matias-mastrangelo\/"]}]},{"@type":"ImageObject","inLanguage":"en-US","@id":"https:\/\/iai.int\/en\/estructura\/iai-directorate\/matias-mastrangelo\/#primaryimage","url":"https:\/\/iai.int\/administrador\/assets\/images\/ckfinder\/files\/Matias-Mastrangelo.jpg","contentUrl":"https:\/\/iai.int\/administrador\/assets\/images\/ckfinder\/files\/Matias-Mastrangelo.jpg"},{"@type":"BreadcrumbList","@id":"https:\/\/iai.int\/en\/estructura\/iai-directorate\/matias-mastrangelo\/#breadcrumb","itemListElement":[{"@type":"ListItem","position":1,"name":"Portada","item":"https:\/\/iai.int\/en\/"},{"@type":"ListItem","position":2,"name":"Structure","item":"https:\/\/iai.int\/en\/estructura\/"},{"@type":"ListItem","position":3,"name":"IAI Directorate","item":"https:\/\/iai.int\/en\/estructura\/iai-directorate\/"},{"@type":"ListItem","position":4,"name":"Mat\u00edas Mastr\u00e1ngelo"}]},{"@type":"WebSite","@id":"https:\/\/iai.int\/en\/#website","url":"https:\/\/iai.int\/en\/","name":"IAI - Inter-American Institute for Global Change Research","description":"","publisher":{"@id":"https:\/\/iai.int\/en\/#organization"},"potentialAction":[{"@type":"SearchAction","target":{"@type":"EntryPoint","urlTemplate":"https:\/\/iai.int\/en\/?s={search_term_string}"},"query-input":{"@type":"PropertyValueSpecification","valueRequired":true,"valueName":"search_term_string"}}],"inLanguage":"en-US"},{"@type":"Organization","@id":"https:\/\/iai.int\/en\/#organization","name":"IAI - Inter-American Institute for Global Change Research","url":"https:\/\/iai.int\/en\/","logo":{"@type":"ImageObject","inLanguage":"en-US","@id":"https:\/\/iai.int\/en\/#\/schema\/logo\/image\/","url":"https:\/\/iai.int\/wp-content\/uploads\/2025\/11\/IAI-logo-English-scaled.png","contentUrl":"https:\/\/iai.int\/wp-content\/uploads\/2025\/11\/IAI-logo-English-scaled.png","width":2560,"height":985,"caption":"IAI - Inter-American Institute for Global Change Research"},"image":{"@id":"https:\/\/iai.int\/en\/#\/schema\/logo\/image\/"}}]}},"uagb_featured_image_src":{"full":false,"thumbnail":false,"medium":false,"medium_large":false,"large":false,"1536x1536":false,"2048x2048":false},"uagb_author_info":{"display_name":"admin","author_link":"https:\/\/iai.int\/en\/author\/admin\/"},"uagb_comment_info":0,"uagb_excerpt":"Mat\u00edas Mastrangelo is an Environmental Scientist from Argentina. He holds a PhD in Conservation Biology from Victoria University of Wellington, New Zealand. He is now a researcher at CONICET, Argentina, and a professor at the University of Mar del Plata. His research focus is on the human and social dimensions of environmental change, with emphasis&hellip;","_links":{"self":[{"href":"https:\/\/iai.int\/en\/wp-json\/wp\/v2\/pages\/6922","targetHints":{"allow":["GET"]}}],"collection":[{"href":"https:\/\/iai.int\/en\/wp-json\/wp\/v2\/pages"}],"about":[{"href":"https:\/\/iai.int\/en\/wp-json\/wp\/v2\/types\/page"}],"author":[{"embeddable":true,"href":"https:\/\/iai.int\/en\/wp-json\/wp\/v2\/users\/1"}],"replies":[{"embeddable":true,"href":"https:\/\/iai.int\/en\/wp-json\/wp\/v2\/comments?post=6922"}],"version-history":[{"count":3,"href":"https:\/\/iai.int\/en\/wp-json\/wp\/v2\/pages\/6922\/revisions"}],"predecessor-version":[{"id":6925,"href":"https:\/\/iai.int\/en\/wp-json\/wp\/v2\/pages\/6922\/revisions\/6925"}],"up":[{"embeddable":true,"href":"https:\/\/iai.int\/en\/wp-json\/wp\/v2\/pages\/6936"}],"wp:attachment":[{"href":"https:\/\/iai.int\/en\/wp-json\/wp\/v2\/media?parent=6922"}],"curies":[{"name":"wp","href":"https:\/\/api.w.org\/{rel}","templated":true}]}}