{"id":6906,"date":"2025-08-07T08:50:00","date_gmt":"2025-08-07T13:50:00","guid":{"rendered":"https:\/\/iai.int\/claudia-alarcon-lopez\/"},"modified":"2025-08-18T09:39:49","modified_gmt":"2025-08-18T14:39:49","slug":"claudia-alarcon-lopez","status":"publish","type":"page","link":"https:\/\/iai.int\/en\/estructura\/iai-directorate\/claudia-alarcon-lopez\/","title":{"rendered":"Claudia Alarc\u00f3n L\u00f3pez"},"content":{"rendered":"\n<div class=\"wp-block-columns is-layout-flex wp-container-core-columns-is-layout-28f84493 wp-block-columns-is-layout-flex\">\n<div class=\"wp-block-column is-layout-flow wp-block-column-is-layout-flow\" style=\"flex-basis:33.33%\">\n<figure class=\"wp-block-image size-large\"><img decoding=\"async\" src=\"https:\/\/iai.int\/administrador\/assets\/images\/ckfinder\/files\/CLAUDIA.png\" alt=\"\"\/><\/figure>\n<\/div>\n\n\n\n<div class=\"wp-block-column is-layout-flow wp-block-column-is-layout-flow\" style=\"flex-basis:66.66%\">\n<p>Claudia is a Mexican scientist specialized in emerging technologies. She studied Nanotechnology Engineering at Tecnol\u00f3gico de Monterrey and holds a master&#8217;s degree in Cognitive Neuroscience from Universidad Camilo Jos\u00e9 Cela (UCJC) in Spain. Currently, she is a PhD student at UCJC. She founded the science outreach company Ciencia S\u00ed, which aims to empower young people and children in Latin America in science and technology. She is also a winner of the Marie Sklodowska-Curie Action Fellowship. She has an interdisciplinary profile, with an interest in the analysis and development of emerging technologies for science and technology education. At the IAI, she will support the Science Diplomacy Center.<\/p>\n<\/div>\n<\/div>\n","protected":false},"excerpt":{"rendered":"<p>Claudia is a Mexican scientist specialized in emerging technologies. She studied Nanotechnology Engineering at Tecnol\u00f3gico de Monterrey and holds a master&#8217;s degree in Cognitive Neuroscience from Universidad Camilo Jos\u00e9 Cela (UCJC) in Spain. Currently, she is a PhD student at UCJC. She founded the science outreach company Ciencia S\u00ed, which aims to empower young people [&hellip;]<\/p>\n","protected":false},"author":1,"featured_media":0,"parent":6936,"menu_order":0,"comment_status":"closed","ping_status":"closed","template":"","meta":{"_acf_changed":false,"_uag_custom_page_level_css":"","footnotes":""},"class_list":["post-6906","page","type-page","status-publish","hentry"],"acf":[],"yoast_head":"<!-- This site is optimized with the Yoast SEO plugin v27.3 - https:\/\/yoast.com\/product\/yoast-seo-wordpress\/ -->\n<title>Claudia Alarc\u00f3n L\u00f3pez - IAI - Inter-American Institute for Global Change Research<\/title>\n<meta name=\"robots\" content=\"index, follow, max-snippet:-1, max-image-preview:large, max-video-preview:-1\" \/>\n<link rel=\"canonical\" href=\"https:\/\/iai.int\/en\/estructura\/iai-directorate\/claudia-alarcon-lopez\/\" \/>\n<meta property=\"og:locale\" content=\"en_US\" \/>\n<meta property=\"og:type\" content=\"article\" \/>\n<meta property=\"og:title\" content=\"Claudia Alarc\u00f3n L\u00f3pez - IAI - Inter-American Institute for Global Change Research\" \/>\n<meta property=\"og:description\" content=\"Claudia is a Mexican scientist specialized in emerging technologies. She studied Nanotechnology Engineering at Tecnol\u00f3gico de Monterrey and holds a master&#8217;s degree in Cognitive Neuroscience from Universidad Camilo Jos\u00e9 Cela (UCJC) in Spain. Currently, she is a PhD student at UCJC. She founded the science outreach company Ciencia S\u00ed, which aims to empower young people [&hellip;]\" \/>\n<meta property=\"og:url\" content=\"https:\/\/iai.int\/en\/estructura\/iai-directorate\/claudia-alarcon-lopez\/\" \/>\n<meta property=\"og:site_name\" content=\"IAI - Inter-American Institute for Global Change Research\" \/>\n<meta property=\"article:modified_time\" content=\"2025-08-18T14:39:49+00:00\" \/>\n<meta property=\"og:image\" content=\"https:\/\/iai.int\/administrador\/assets\/images\/ckfinder\/files\/CLAUDIA.png\" \/>\n<meta name=\"twitter:card\" content=\"summary_large_image\" \/>\n<meta name=\"twitter:label1\" content=\"Est. reading time\" \/>\n\t<meta name=\"twitter:data1\" content=\"1 minute\" \/>\n<script type=\"application\/ld+json\" class=\"yoast-schema-graph\">{\"@context\":\"https:\\\/\\\/schema.org\",\"@graph\":[{\"@type\":\"WebPage\",\"@id\":\"https:\\\/\\\/iai.int\\\/en\\\/estructura\\\/iai-directorate\\\/claudia-alarcon-lopez\\\/\",\"url\":\"https:\\\/\\\/iai.int\\\/en\\\/estructura\\\/iai-directorate\\\/claudia-alarcon-lopez\\\/\",\"name\":\"Claudia Alarc\u00f3n L\u00f3pez - IAI - Inter-American Institute for Global Change Research\",\"isPartOf\":{\"@id\":\"https:\\\/\\\/iai.int\\\/en\\\/#website\"},\"primaryImageOfPage\":{\"@id\":\"https:\\\/\\\/iai.int\\\/en\\\/estructura\\\/iai-directorate\\\/claudia-alarcon-lopez\\\/#primaryimage\"},\"image\":{\"@id\":\"https:\\\/\\\/iai.int\\\/en\\\/estructura\\\/iai-directorate\\\/claudia-alarcon-lopez\\\/#primaryimage\"},\"thumbnailUrl\":\"https:\\\/\\\/iai.int\\\/administrador\\\/assets\\\/images\\\/ckfinder\\\/files\\\/CLAUDIA.png\",\"datePublished\":\"2025-08-07T13:50:00+00:00\",\"dateModified\":\"2025-08-18T14:39:49+00:00\",\"breadcrumb\":{\"@id\":\"https:\\\/\\\/iai.int\\\/en\\\/estructura\\\/iai-directorate\\\/claudia-alarcon-lopez\\\/#breadcrumb\"},\"inLanguage\":\"en-US\",\"potentialAction\":[{\"@type\":\"ReadAction\",\"target\":[\"https:\\\/\\\/iai.int\\\/en\\\/estructura\\\/iai-directorate\\\/claudia-alarcon-lopez\\\/\"]}]},{\"@type\":\"ImageObject\",\"inLanguage\":\"en-US\",\"@id\":\"https:\\\/\\\/iai.int\\\/en\\\/estructura\\\/iai-directorate\\\/claudia-alarcon-lopez\\\/#primaryimage\",\"url\":\"https:\\\/\\\/iai.int\\\/administrador\\\/assets\\\/images\\\/ckfinder\\\/files\\\/CLAUDIA.png\",\"contentUrl\":\"https:\\\/\\\/iai.int\\\/administrador\\\/assets\\\/images\\\/ckfinder\\\/files\\\/CLAUDIA.png\"},{\"@type\":\"BreadcrumbList\",\"@id\":\"https:\\\/\\\/iai.int\\\/en\\\/estructura\\\/iai-directorate\\\/claudia-alarcon-lopez\\\/#breadcrumb\",\"itemListElement\":[{\"@type\":\"ListItem\",\"position\":1,\"name\":\"Portada\",\"item\":\"https:\\\/\\\/iai.int\\\/en\\\/\"},{\"@type\":\"ListItem\",\"position\":2,\"name\":\"Structure\",\"item\":\"https:\\\/\\\/iai.int\\\/en\\\/estructura\\\/\"},{\"@type\":\"ListItem\",\"position\":3,\"name\":\"IAI Directorate\",\"item\":\"https:\\\/\\\/iai.int\\\/en\\\/estructura\\\/iai-directorate\\\/\"},{\"@type\":\"ListItem\",\"position\":4,\"name\":\"Claudia Alarc\u00f3n L\u00f3pez\"}]},{\"@type\":\"WebSite\",\"@id\":\"https:\\\/\\\/iai.int\\\/en\\\/#website\",\"url\":\"https:\\\/\\\/iai.int\\\/en\\\/\",\"name\":\"IAI - Inter-American Institute for Global Change Research\",\"description\":\"\",\"publisher\":{\"@id\":\"https:\\\/\\\/iai.int\\\/en\\\/#organization\"},\"potentialAction\":[{\"@type\":\"SearchAction\",\"target\":{\"@type\":\"EntryPoint\",\"urlTemplate\":\"https:\\\/\\\/iai.int\\\/en\\\/?s={search_term_string}\"},\"query-input\":{\"@type\":\"PropertyValueSpecification\",\"valueRequired\":true,\"valueName\":\"search_term_string\"}}],\"inLanguage\":\"en-US\"},{\"@type\":\"Organization\",\"@id\":\"https:\\\/\\\/iai.int\\\/en\\\/#organization\",\"name\":\"IAI - Inter-American Institute for Global Change Research\",\"url\":\"https:\\\/\\\/iai.int\\\/en\\\/\",\"logo\":{\"@type\":\"ImageObject\",\"inLanguage\":\"en-US\",\"@id\":\"https:\\\/\\\/iai.int\\\/en\\\/#\\\/schema\\\/logo\\\/image\\\/\",\"url\":\"https:\\\/\\\/iai.int\\\/wp-content\\\/uploads\\\/2025\\\/11\\\/IAI-logo-English-scaled.png\",\"contentUrl\":\"https:\\\/\\\/iai.int\\\/wp-content\\\/uploads\\\/2025\\\/11\\\/IAI-logo-English-scaled.png\",\"width\":2560,\"height\":985,\"caption\":\"IAI - Inter-American Institute for Global Change Research\"},\"image\":{\"@id\":\"https:\\\/\\\/iai.int\\\/en\\\/#\\\/schema\\\/logo\\\/image\\\/\"}}]}<\/script>\n<!-- \/ Yoast SEO plugin. -->","yoast_head_json":{"title":"Claudia Alarc\u00f3n L\u00f3pez - IAI - Inter-American Institute for Global Change Research","robots":{"index":"index","follow":"follow","max-snippet":"max-snippet:-1","max-image-preview":"max-image-preview:large","max-video-preview":"max-video-preview:-1"},"canonical":"https:\/\/iai.int\/en\/estructura\/iai-directorate\/claudia-alarcon-lopez\/","og_locale":"en_US","og_type":"article","og_title":"Claudia Alarc\u00f3n L\u00f3pez - IAI - Inter-American Institute for Global Change Research","og_description":"Claudia is a Mexican scientist specialized in emerging technologies. She studied Nanotechnology Engineering at Tecnol\u00f3gico de Monterrey and holds a master&#8217;s degree in Cognitive Neuroscience from Universidad Camilo Jos\u00e9 Cela (UCJC) in Spain. Currently, she is a PhD student at UCJC. She founded the science outreach company Ciencia S\u00ed, which aims to empower young people [&hellip;]","og_url":"https:\/\/iai.int\/en\/estructura\/iai-directorate\/claudia-alarcon-lopez\/","og_site_name":"IAI - Inter-American Institute for Global Change Research","article_modified_time":"2025-08-18T14:39:49+00:00","og_image":[{"url":"https:\/\/iai.int\/administrador\/assets\/images\/ckfinder\/files\/CLAUDIA.png","type":"","width":"","height":""}],"twitter_card":"summary_large_image","twitter_misc":{"Est. reading time":"1 minute"},"schema":{"@context":"https:\/\/schema.org","@graph":[{"@type":"WebPage","@id":"https:\/\/iai.int\/en\/estructura\/iai-directorate\/claudia-alarcon-lopez\/","url":"https:\/\/iai.int\/en\/estructura\/iai-directorate\/claudia-alarcon-lopez\/","name":"Claudia Alarc\u00f3n L\u00f3pez - IAI - Inter-American Institute for Global Change Research","isPartOf":{"@id":"https:\/\/iai.int\/en\/#website"},"primaryImageOfPage":{"@id":"https:\/\/iai.int\/en\/estructura\/iai-directorate\/claudia-alarcon-lopez\/#primaryimage"},"image":{"@id":"https:\/\/iai.int\/en\/estructura\/iai-directorate\/claudia-alarcon-lopez\/#primaryimage"},"thumbnailUrl":"https:\/\/iai.int\/administrador\/assets\/images\/ckfinder\/files\/CLAUDIA.png","datePublished":"2025-08-07T13:50:00+00:00","dateModified":"2025-08-18T14:39:49+00:00","breadcrumb":{"@id":"https:\/\/iai.int\/en\/estructura\/iai-directorate\/claudia-alarcon-lopez\/#breadcrumb"},"inLanguage":"en-US","potentialAction":[{"@type":"ReadAction","target":["https:\/\/iai.int\/en\/estructura\/iai-directorate\/claudia-alarcon-lopez\/"]}]},{"@type":"ImageObject","inLanguage":"en-US","@id":"https:\/\/iai.int\/en\/estructura\/iai-directorate\/claudia-alarcon-lopez\/#primaryimage","url":"https:\/\/iai.int\/administrador\/assets\/images\/ckfinder\/files\/CLAUDIA.png","contentUrl":"https:\/\/iai.int\/administrador\/assets\/images\/ckfinder\/files\/CLAUDIA.png"},{"@type":"BreadcrumbList","@id":"https:\/\/iai.int\/en\/estructura\/iai-directorate\/claudia-alarcon-lopez\/#breadcrumb","itemListElement":[{"@type":"ListItem","position":1,"name":"Portada","item":"https:\/\/iai.int\/en\/"},{"@type":"ListItem","position":2,"name":"Structure","item":"https:\/\/iai.int\/en\/estructura\/"},{"@type":"ListItem","position":3,"name":"IAI Directorate","item":"https:\/\/iai.int\/en\/estructura\/iai-directorate\/"},{"@type":"ListItem","position":4,"name":"Claudia Alarc\u00f3n L\u00f3pez"}]},{"@type":"WebSite","@id":"https:\/\/iai.int\/en\/#website","url":"https:\/\/iai.int\/en\/","name":"IAI - Inter-American Institute for Global Change Research","description":"","publisher":{"@id":"https:\/\/iai.int\/en\/#organization"},"potentialAction":[{"@type":"SearchAction","target":{"@type":"EntryPoint","urlTemplate":"https:\/\/iai.int\/en\/?s={search_term_string}"},"query-input":{"@type":"PropertyValueSpecification","valueRequired":true,"valueName":"search_term_string"}}],"inLanguage":"en-US"},{"@type":"Organization","@id":"https:\/\/iai.int\/en\/#organization","name":"IAI - Inter-American Institute for Global Change Research","url":"https:\/\/iai.int\/en\/","logo":{"@type":"ImageObject","inLanguage":"en-US","@id":"https:\/\/iai.int\/en\/#\/schema\/logo\/image\/","url":"https:\/\/iai.int\/wp-content\/uploads\/2025\/11\/IAI-logo-English-scaled.png","contentUrl":"https:\/\/iai.int\/wp-content\/uploads\/2025\/11\/IAI-logo-English-scaled.png","width":2560,"height":985,"caption":"IAI - Inter-American Institute for Global Change Research"},"image":{"@id":"https:\/\/iai.int\/en\/#\/schema\/logo\/image\/"}}]}},"uagb_featured_image_src":{"full":false,"thumbnail":false,"medium":false,"medium_large":false,"large":false,"1536x1536":false,"2048x2048":false},"uagb_author_info":{"display_name":"admin","author_link":"https:\/\/iai.int\/en\/author\/admin\/"},"uagb_comment_info":0,"uagb_excerpt":"Claudia is a Mexican scientist specialized in emerging technologies. She studied Nanotechnology Engineering at Tecnol\u00f3gico de Monterrey and holds a master&#8217;s degree in Cognitive Neuroscience from Universidad Camilo Jos\u00e9 Cela (UCJC) in Spain. Currently, she is a PhD student at UCJC. She founded the science outreach company Ciencia S\u00ed, which aims to empower young people&hellip;","_links":{"self":[{"href":"https:\/\/iai.int\/en\/wp-json\/wp\/v2\/pages\/6906","targetHints":{"allow":["GET"]}}],"collection":[{"href":"https:\/\/iai.int\/en\/wp-json\/wp\/v2\/pages"}],"about":[{"href":"https:\/\/iai.int\/en\/wp-json\/wp\/v2\/types\/page"}],"author":[{"embeddable":true,"href":"https:\/\/iai.int\/en\/wp-json\/wp\/v2\/users\/1"}],"replies":[{"embeddable":true,"href":"https:\/\/iai.int\/en\/wp-json\/wp\/v2\/comments?post=6906"}],"version-history":[{"count":3,"href":"https:\/\/iai.int\/en\/wp-json\/wp\/v2\/pages\/6906\/revisions"}],"predecessor-version":[{"id":6909,"href":"https:\/\/iai.int\/en\/wp-json\/wp\/v2\/pages\/6906\/revisions\/6909"}],"up":[{"embeddable":true,"href":"https:\/\/iai.int\/en\/wp-json\/wp\/v2\/pages\/6936"}],"wp:attachment":[{"href":"https:\/\/iai.int\/en\/wp-json\/wp\/v2\/media?parent=6906"}],"curies":[{"name":"wp","href":"https:\/\/api.w.org\/{rel}","templated":true}]}}