{"id":6902,"date":"2025-08-07T08:42:14","date_gmt":"2025-08-07T13:42:14","guid":{"rendered":"https:\/\/iai.int\/angelo-attanasio\/"},"modified":"2025-08-18T09:39:49","modified_gmt":"2025-08-18T14:39:49","slug":"angelo-attanasio","status":"publish","type":"page","link":"https:\/\/iai.int\/en\/estructura\/iai-directorate\/angelo-attanasio\/","title":{"rendered":"Angelo Attanasio"},"content":{"rendered":"\n<div class=\"wp-block-columns is-layout-flex wp-container-core-columns-is-layout-28f84493 wp-block-columns-is-layout-flex\">\n<div class=\"wp-block-column is-layout-flow wp-block-column-is-layout-flow\" style=\"flex-basis:33.33%\">\n<figure class=\"wp-block-image size-large\"><img decoding=\"async\" src=\"https:\/\/iai.int\/administrador\/assets\/images\/ckfinder\/files\/Angelo-Attanasio.png\" alt=\"\"\/><\/figure>\n<\/div>\n\n\n\n<div class=\"wp-block-column is-layout-flow wp-block-column-is-layout-flow\" style=\"flex-basis:66.66%\">\n<p>Angelo Attanasio is the Editor of Latinoam\u00e9rica21 and has more than 13 years of experience as a multimedia editor and journalist in digital and print media. He is a committed reporter with a passion for innovative journalism and detail-rich storytelling, who has a solid reputation for his professional ethics.<br\/><\/p>\n\n\n\n<p>From 2017 to 2021, Angelo served as a reporter and video producer for BBC News World in the London bureau, making significant contributions to the BBC World Service. Prior to this, he was a freelance reporter for European and Latin American magazines and newspapers. He is the author and editor of award-winning innovative digital projects, demonstrating expertise in interactivity, immersive multimedia, gamification, video, virtual reality, among others.<\/p>\n\n\n\n<p>With a global perspective, Angelo has taken on freelance assignments in different continents. Throughout his career, he has covered a wide range of issues, including conflict, human rights, politics, culture and economics in regions such as Latin America, Europe, sub-Saharan Africa and Asia.<br\/><\/p>\n\n\n\n<p>Angelo&#8217;s work has gained international recognition and several of his projects have received prestigious awards, including the 2016 King of Spain Award and special mention in the 2015 and 2016 El Pa\u00eds Ortega y Gasset Awards. He was also a finalist for the 2017 Gabriel Garc\u00eda M\u00e1rquez Award.<br\/><\/p>\n\n\n\n<p>At the IAI, Angelo supports the Directorate\u2019s science communication work.<\/p>\n<\/div>\n<\/div>\n","protected":false},"excerpt":{"rendered":"<p>Angelo Attanasio is the Editor of Latinoam\u00e9rica21 and has more than 13 years of experience as a multimedia editor and journalist in digital and print media. He is a committed reporter with a passion for innovative journalism and detail-rich storytelling, who has a solid reputation for his professional ethics. From 2017 to 2021, Angelo served [&hellip;]<\/p>\n","protected":false},"author":1,"featured_media":0,"parent":6936,"menu_order":0,"comment_status":"closed","ping_status":"closed","template":"","meta":{"_acf_changed":false,"_uag_custom_page_level_css":"","footnotes":""},"class_list":["post-6902","page","type-page","status-publish","hentry"],"acf":[],"yoast_head":"<!-- This site is optimized with the Yoast SEO plugin v27.3 - https:\/\/yoast.com\/product\/yoast-seo-wordpress\/ -->\n<title>Angelo Attanasio - IAI - Inter-American Institute for Global Change Research<\/title>\n<meta name=\"robots\" content=\"index, follow, max-snippet:-1, max-image-preview:large, max-video-preview:-1\" \/>\n<link rel=\"canonical\" href=\"https:\/\/iai.int\/en\/estructura\/iai-directorate\/angelo-attanasio\/\" \/>\n<meta property=\"og:locale\" content=\"en_US\" \/>\n<meta property=\"og:type\" content=\"article\" \/>\n<meta property=\"og:title\" content=\"Angelo Attanasio - IAI - Inter-American Institute for Global Change Research\" \/>\n<meta property=\"og:description\" content=\"Angelo Attanasio is the Editor of Latinoam\u00e9rica21 and has more than 13 years of experience as a multimedia editor and journalist in digital and print media. He is a committed reporter with a passion for innovative journalism and detail-rich storytelling, who has a solid reputation for his professional ethics. From 2017 to 2021, Angelo served [&hellip;]\" \/>\n<meta property=\"og:url\" content=\"https:\/\/iai.int\/en\/estructura\/iai-directorate\/angelo-attanasio\/\" \/>\n<meta property=\"og:site_name\" content=\"IAI - Inter-American Institute for Global Change Research\" \/>\n<meta property=\"article:modified_time\" content=\"2025-08-18T14:39:49+00:00\" \/>\n<meta property=\"og:image\" content=\"https:\/\/iai.int\/administrador\/assets\/images\/ckfinder\/files\/Angelo-Attanasio.png\" \/>\n<meta name=\"twitter:card\" content=\"summary_large_image\" \/>\n<meta name=\"twitter:label1\" content=\"Est. reading time\" \/>\n\t<meta name=\"twitter:data1\" content=\"1 minute\" \/>\n<script type=\"application\/ld+json\" class=\"yoast-schema-graph\">{\"@context\":\"https:\\\/\\\/schema.org\",\"@graph\":[{\"@type\":\"WebPage\",\"@id\":\"https:\\\/\\\/iai.int\\\/en\\\/estructura\\\/iai-directorate\\\/angelo-attanasio\\\/\",\"url\":\"https:\\\/\\\/iai.int\\\/en\\\/estructura\\\/iai-directorate\\\/angelo-attanasio\\\/\",\"name\":\"Angelo Attanasio - IAI - Inter-American Institute for Global Change Research\",\"isPartOf\":{\"@id\":\"https:\\\/\\\/iai.int\\\/en\\\/#website\"},\"primaryImageOfPage\":{\"@id\":\"https:\\\/\\\/iai.int\\\/en\\\/estructura\\\/iai-directorate\\\/angelo-attanasio\\\/#primaryimage\"},\"image\":{\"@id\":\"https:\\\/\\\/iai.int\\\/en\\\/estructura\\\/iai-directorate\\\/angelo-attanasio\\\/#primaryimage\"},\"thumbnailUrl\":\"https:\\\/\\\/iai.int\\\/administrador\\\/assets\\\/images\\\/ckfinder\\\/files\\\/Angelo-Attanasio.png\",\"datePublished\":\"2025-08-07T13:42:14+00:00\",\"dateModified\":\"2025-08-18T14:39:49+00:00\",\"breadcrumb\":{\"@id\":\"https:\\\/\\\/iai.int\\\/en\\\/estructura\\\/iai-directorate\\\/angelo-attanasio\\\/#breadcrumb\"},\"inLanguage\":\"en-US\",\"potentialAction\":[{\"@type\":\"ReadAction\",\"target\":[\"https:\\\/\\\/iai.int\\\/en\\\/estructura\\\/iai-directorate\\\/angelo-attanasio\\\/\"]}]},{\"@type\":\"ImageObject\",\"inLanguage\":\"en-US\",\"@id\":\"https:\\\/\\\/iai.int\\\/en\\\/estructura\\\/iai-directorate\\\/angelo-attanasio\\\/#primaryimage\",\"url\":\"https:\\\/\\\/iai.int\\\/administrador\\\/assets\\\/images\\\/ckfinder\\\/files\\\/Angelo-Attanasio.png\",\"contentUrl\":\"https:\\\/\\\/iai.int\\\/administrador\\\/assets\\\/images\\\/ckfinder\\\/files\\\/Angelo-Attanasio.png\"},{\"@type\":\"BreadcrumbList\",\"@id\":\"https:\\\/\\\/iai.int\\\/en\\\/estructura\\\/iai-directorate\\\/angelo-attanasio\\\/#breadcrumb\",\"itemListElement\":[{\"@type\":\"ListItem\",\"position\":1,\"name\":\"Portada\",\"item\":\"https:\\\/\\\/iai.int\\\/en\\\/\"},{\"@type\":\"ListItem\",\"position\":2,\"name\":\"Structure\",\"item\":\"https:\\\/\\\/iai.int\\\/en\\\/estructura\\\/\"},{\"@type\":\"ListItem\",\"position\":3,\"name\":\"IAI Directorate\",\"item\":\"https:\\\/\\\/iai.int\\\/en\\\/estructura\\\/iai-directorate\\\/\"},{\"@type\":\"ListItem\",\"position\":4,\"name\":\"Angelo Attanasio\"}]},{\"@type\":\"WebSite\",\"@id\":\"https:\\\/\\\/iai.int\\\/en\\\/#website\",\"url\":\"https:\\\/\\\/iai.int\\\/en\\\/\",\"name\":\"IAI - Inter-American Institute for Global Change Research\",\"description\":\"\",\"publisher\":{\"@id\":\"https:\\\/\\\/iai.int\\\/en\\\/#organization\"},\"potentialAction\":[{\"@type\":\"SearchAction\",\"target\":{\"@type\":\"EntryPoint\",\"urlTemplate\":\"https:\\\/\\\/iai.int\\\/en\\\/?s={search_term_string}\"},\"query-input\":{\"@type\":\"PropertyValueSpecification\",\"valueRequired\":true,\"valueName\":\"search_term_string\"}}],\"inLanguage\":\"en-US\"},{\"@type\":\"Organization\",\"@id\":\"https:\\\/\\\/iai.int\\\/en\\\/#organization\",\"name\":\"IAI - Inter-American Institute for Global Change Research\",\"url\":\"https:\\\/\\\/iai.int\\\/en\\\/\",\"logo\":{\"@type\":\"ImageObject\",\"inLanguage\":\"en-US\",\"@id\":\"https:\\\/\\\/iai.int\\\/en\\\/#\\\/schema\\\/logo\\\/image\\\/\",\"url\":\"https:\\\/\\\/iai.int\\\/wp-content\\\/uploads\\\/2025\\\/11\\\/IAI-logo-English-scaled.png\",\"contentUrl\":\"https:\\\/\\\/iai.int\\\/wp-content\\\/uploads\\\/2025\\\/11\\\/IAI-logo-English-scaled.png\",\"width\":2560,\"height\":985,\"caption\":\"IAI - Inter-American Institute for Global Change Research\"},\"image\":{\"@id\":\"https:\\\/\\\/iai.int\\\/en\\\/#\\\/schema\\\/logo\\\/image\\\/\"}}]}<\/script>\n<!-- \/ Yoast SEO plugin. -->","yoast_head_json":{"title":"Angelo Attanasio - IAI - Inter-American Institute for Global Change Research","robots":{"index":"index","follow":"follow","max-snippet":"max-snippet:-1","max-image-preview":"max-image-preview:large","max-video-preview":"max-video-preview:-1"},"canonical":"https:\/\/iai.int\/en\/estructura\/iai-directorate\/angelo-attanasio\/","og_locale":"en_US","og_type":"article","og_title":"Angelo Attanasio - IAI - Inter-American Institute for Global Change Research","og_description":"Angelo Attanasio is the Editor of Latinoam\u00e9rica21 and has more than 13 years of experience as a multimedia editor and journalist in digital and print media. He is a committed reporter with a passion for innovative journalism and detail-rich storytelling, who has a solid reputation for his professional ethics. From 2017 to 2021, Angelo served [&hellip;]","og_url":"https:\/\/iai.int\/en\/estructura\/iai-directorate\/angelo-attanasio\/","og_site_name":"IAI - Inter-American Institute for Global Change Research","article_modified_time":"2025-08-18T14:39:49+00:00","og_image":[{"url":"https:\/\/iai.int\/administrador\/assets\/images\/ckfinder\/files\/Angelo-Attanasio.png","type":"","width":"","height":""}],"twitter_card":"summary_large_image","twitter_misc":{"Est. reading time":"1 minute"},"schema":{"@context":"https:\/\/schema.org","@graph":[{"@type":"WebPage","@id":"https:\/\/iai.int\/en\/estructura\/iai-directorate\/angelo-attanasio\/","url":"https:\/\/iai.int\/en\/estructura\/iai-directorate\/angelo-attanasio\/","name":"Angelo Attanasio - IAI - Inter-American Institute for Global Change Research","isPartOf":{"@id":"https:\/\/iai.int\/en\/#website"},"primaryImageOfPage":{"@id":"https:\/\/iai.int\/en\/estructura\/iai-directorate\/angelo-attanasio\/#primaryimage"},"image":{"@id":"https:\/\/iai.int\/en\/estructura\/iai-directorate\/angelo-attanasio\/#primaryimage"},"thumbnailUrl":"https:\/\/iai.int\/administrador\/assets\/images\/ckfinder\/files\/Angelo-Attanasio.png","datePublished":"2025-08-07T13:42:14+00:00","dateModified":"2025-08-18T14:39:49+00:00","breadcrumb":{"@id":"https:\/\/iai.int\/en\/estructura\/iai-directorate\/angelo-attanasio\/#breadcrumb"},"inLanguage":"en-US","potentialAction":[{"@type":"ReadAction","target":["https:\/\/iai.int\/en\/estructura\/iai-directorate\/angelo-attanasio\/"]}]},{"@type":"ImageObject","inLanguage":"en-US","@id":"https:\/\/iai.int\/en\/estructura\/iai-directorate\/angelo-attanasio\/#primaryimage","url":"https:\/\/iai.int\/administrador\/assets\/images\/ckfinder\/files\/Angelo-Attanasio.png","contentUrl":"https:\/\/iai.int\/administrador\/assets\/images\/ckfinder\/files\/Angelo-Attanasio.png"},{"@type":"BreadcrumbList","@id":"https:\/\/iai.int\/en\/estructura\/iai-directorate\/angelo-attanasio\/#breadcrumb","itemListElement":[{"@type":"ListItem","position":1,"name":"Portada","item":"https:\/\/iai.int\/en\/"},{"@type":"ListItem","position":2,"name":"Structure","item":"https:\/\/iai.int\/en\/estructura\/"},{"@type":"ListItem","position":3,"name":"IAI Directorate","item":"https:\/\/iai.int\/en\/estructura\/iai-directorate\/"},{"@type":"ListItem","position":4,"name":"Angelo Attanasio"}]},{"@type":"WebSite","@id":"https:\/\/iai.int\/en\/#website","url":"https:\/\/iai.int\/en\/","name":"IAI - Inter-American Institute for Global Change Research","description":"","publisher":{"@id":"https:\/\/iai.int\/en\/#organization"},"potentialAction":[{"@type":"SearchAction","target":{"@type":"EntryPoint","urlTemplate":"https:\/\/iai.int\/en\/?s={search_term_string}"},"query-input":{"@type":"PropertyValueSpecification","valueRequired":true,"valueName":"search_term_string"}}],"inLanguage":"en-US"},{"@type":"Organization","@id":"https:\/\/iai.int\/en\/#organization","name":"IAI - Inter-American Institute for Global Change Research","url":"https:\/\/iai.int\/en\/","logo":{"@type":"ImageObject","inLanguage":"en-US","@id":"https:\/\/iai.int\/en\/#\/schema\/logo\/image\/","url":"https:\/\/iai.int\/wp-content\/uploads\/2025\/11\/IAI-logo-English-scaled.png","contentUrl":"https:\/\/iai.int\/wp-content\/uploads\/2025\/11\/IAI-logo-English-scaled.png","width":2560,"height":985,"caption":"IAI - Inter-American Institute for Global Change Research"},"image":{"@id":"https:\/\/iai.int\/en\/#\/schema\/logo\/image\/"}}]}},"uagb_featured_image_src":{"full":false,"thumbnail":false,"medium":false,"medium_large":false,"large":false,"1536x1536":false,"2048x2048":false},"uagb_author_info":{"display_name":"admin","author_link":"https:\/\/iai.int\/en\/author\/admin\/"},"uagb_comment_info":0,"uagb_excerpt":"Angelo Attanasio is the Editor of Latinoam\u00e9rica21 and has more than 13 years of experience as a multimedia editor and journalist in digital and print media. He is a committed reporter with a passion for innovative journalism and detail-rich storytelling, who has a solid reputation for his professional ethics. From 2017 to 2021, Angelo served&hellip;","_links":{"self":[{"href":"https:\/\/iai.int\/en\/wp-json\/wp\/v2\/pages\/6902","targetHints":{"allow":["GET"]}}],"collection":[{"href":"https:\/\/iai.int\/en\/wp-json\/wp\/v2\/pages"}],"about":[{"href":"https:\/\/iai.int\/en\/wp-json\/wp\/v2\/types\/page"}],"author":[{"embeddable":true,"href":"https:\/\/iai.int\/en\/wp-json\/wp\/v2\/users\/1"}],"replies":[{"embeddable":true,"href":"https:\/\/iai.int\/en\/wp-json\/wp\/v2\/comments?post=6902"}],"version-history":[{"count":3,"href":"https:\/\/iai.int\/en\/wp-json\/wp\/v2\/pages\/6902\/revisions"}],"predecessor-version":[{"id":6905,"href":"https:\/\/iai.int\/en\/wp-json\/wp\/v2\/pages\/6902\/revisions\/6905"}],"up":[{"embeddable":true,"href":"https:\/\/iai.int\/en\/wp-json\/wp\/v2\/pages\/6936"}],"wp:attachment":[{"href":"https:\/\/iai.int\/en\/wp-json\/wp\/v2\/media?parent=6902"}],"curies":[{"name":"wp","href":"https:\/\/api.w.org\/{rel}","templated":true}]}}