{"id":1773,"date":"2024-03-01T19:43:00","date_gmt":"2024-03-01T22:43:00","guid":{"rendered":"https:\/\/iai.int\/cambio-climatico-migracion-y-salud-en-america-latina-y-el-caribe\/"},"modified":"2025-07-29T20:17:18","modified_gmt":"2025-07-30T01:17:18","slug":"cambio-climatico-migracion-y-salud-en-america-latina-y-el-caribe","status":"publish","type":"page","link":"https:\/\/iai.int\/en\/cambio-climatico-migracion-y-salud-en-america-latina-y-el-caribe\/","title":{"rendered":"Climate Change, Migration and Health in Latin America and the Caribbean"},"content":{"rendered":"\n<figure class=\"wp-block-image\"><img decoding=\"async\" src=\"https:\/\/iai.int\/administrador\/assets\/images\/ckfinder\/files\/WEBINAR%20CAMBIO%20CLIMATICO-BANNER%20BILINGUE.jpg\" alt=\"\"\/><\/figure>\n\n<h3 class=\"wp-block-heading\">DESCRIPTION<\/h3>\n\n<p>This webinar series aims to analyze and reflect upon the dynamic, complex, and multilevel relationship between climate change, international migration, and population health in the unique regions of Latin America and the Caribbean (LAC).  This webinar series will bring together scholars, practitioners, and community organizations to exchange scientific knowledge, share lived experiences, and discuss efforts to address myriad health issues facing populations on the move in a changing climate across the America. <\/p>\n\n<p>*Simultaneous English\/Spanish interpretation will be available*<\/p>\n\n<p>Video recordings will be available following each session for asynchronous view.<\/p>\n\n<h3 class=\"wp-block-heading\">SESSION DATES &amp; TOPICS<\/h3>\n\n<h4 class=\"wp-block-heading\">Initial Webinar | Video Recording<br\/><\/h4>\n\n<p><pre id=\"tw-target-text\" class=\"tw-data-text tw-text-large tw-ta\" dir=\"ltr\" data-placeholder=\"Traducci&#xF3;n\" data-ved=\"2ahUKEwjRiZXOs-OOAxUTRjABHXgTOBMQ3ewLegQICRAV\" aria-label=\"Texto traducido: Date: Tuesday, March 5, 2024 at 11:00 a.m. GMT-3 | Video Recording | Supporting Materials\"><span class=\"Y2IQFc\" lang=\"en\">Date: Tuesday, March 5, 2024 at 11:00 a.m. GMT-3 | <a href=\"https:\/\/youtu.be\/dJsAl3hSdzg\">Video Recording<\/a> | <a href=\"https:\/\/iai.int\/administrador\/assets\/images\/ckfinder\/files\/PPT%20CAMBIO%20CLIMATICO%20Y%20MIGRACION%20health%20of%20children%20on%20the%20move%20in%20LAC%2004_03.pptx.pdf\">Supporting Materials<\/a><\/span><\/pre><\/p>\n\n<figure class=\"wp-block-embed is-type-video is-provider-youtube wp-block-embed-youtube wp-embed-aspect-16-9 wp-has-aspect-ratio\"><div class=\"wp-block-embed__wrapper\">\r\n<iframe title=\"Webinario 2: Fuerzas clim\u00e1ticas sobre la salud y el bienestar de los ni\u00f1os en movimiento en ALC.\" width=\"800\" height=\"450\" src=\"https:\/\/www.youtube.com\/embed\/dJsAl3hSdzg?feature=oembed\" frameborder=\"0\" allow=\"accelerometer; autoplay; clipboard-write; encrypted-media; gyroscope; picture-in-picture; web-share\" referrerpolicy=\"strict-origin-when-cross-origin\" allowfullscreen><\/iframe>\r\n<\/div><\/figure><br>\n\n<p>This session focuses on the major trends in climate change in Latin America and the Caribbean and its dynamic and complex relationship with the health of migrants and refugees in the region. Simultaneous English-Spanish interpretation will be available.<\/p>\n\n<h4 class=\"wp-block-heading\">Webinar 2: Climate Forces on the Health and Well-being of Children on the Move in LAC.<br\/><\/h4>\n\n<p>Date: Tuesday 5 March 2024 at 11:00 GMT-3 |\u00a0<a href=\"http:\/\/youtu.be\/2-Dx9h_E9Jo\">Video Recording<\/a>\u00a0|\u00a0<a href=\"https:\/\/iai.int\/administrador\/assets\/images\/ckfinder\/files\/PPT%20CAMBIO%20CLIMATICO%20Y%20MIGRACION%20health%20of%20children%20on%20the%20move%20in%20LAC%2004_03.pptx.pdf\">Slides and Resources<\/a><\/p>\n\n<figure class=\"wp-block-embed is-type-video is-provider-youtube wp-block-embed-youtube wp-embed-aspect-16-9 wp-has-aspect-ratio\"><div class=\"wp-block-embed__wrapper\">\r\n<iframe title=\"Webinario 3: C\u00f3mo el cambio clim\u00e1tico est\u00e1 cambiando la salud de las mujeres en ALC\" width=\"800\" height=\"450\" src=\"https:\/\/www.youtube.com\/embed\/n2-YVg9E7l8?feature=oembed\" frameborder=\"0\" allow=\"accelerometer; autoplay; clipboard-write; encrypted-media; gyroscope; picture-in-picture; web-share\" referrerpolicy=\"strict-origin-when-cross-origin\" allowfullscreen><\/iframe>\r\n<\/div><\/figure><br>\n\n<p>Climate change is an emerging yet understudied force on the health and well-being of international migrant children and adolescents. Over the past decade, we have seen a steady rise in the numbers of children traveling, especially unaccompanied or traveling with adults they do not know.\u202f Social and health risks and vulnerabilities among migrant children have been recognized globally, yet the relevance of climate change as a direct and indirect driver of health outcomes is less understood. Local evidence from LAC can contribute to current global discussions around the health and protection of children on the move. <\/p>\n\n<h4 class=\"wp-block-heading\">Webinar 3: How Climate Change is Changing Women\u2019s Health in LAC<\/h4>\n\n<p>Date: Tuesday 7 May 2024 at 11:00 GMT-3 |\u00a0<a href=\"http:\/\/youtu.be\/6JOyws1ph3g\">Video Recording<\/a>\u00a0|\u00a0<a href=\"https:\/\/iai.int\/administrador\/assets\/images\/ckfinder\/files\/OIM%20Costa%20Rica%20-%20Beatriz%20Vila%20-%20Migraci%C3%B3n%2C%20salud%20y%20cambio%20clim%C3%A1tico.pptx.pdf\">Slides and Resources<\/a><\/p>\n\n<figure class=\"wp-block-embed is-type-video is-provider-youtube wp-block-embed-youtube wp-embed-aspect-4-3 wp-has-aspect-ratio\"><div class=\"wp-block-embed__wrapper\">\r\n<iframe title=\"Webinario 4: Sequ\u00eda, calor y clima extremo\" width=\"800\" height=\"600\" src=\"https:\/\/www.youtube.com\/embed\/8139MvjuFI0?feature=oembed\" frameborder=\"0\" allow=\"accelerometer; autoplay; clipboard-write; encrypted-media; gyroscope; picture-in-picture; web-share\" referrerpolicy=\"strict-origin-when-cross-origin\" allowfullscreen><\/iframe>\r\n<\/div><\/figure><br>\n\n<p>Migrant women of all ages, ethnicities, cultures, and backgrounds provide essential care to others globally, within and outside their families to sustain health, well-being and comfort to their loved ones. There is a large proportion of migrants who are women, even larger than male migrants in some countries. Female migration is marked by gender risks and vulnerabilities, and, at the same time, migrant women develop unique and powerful resources and resilience during transit and in host societies. Climate change has been poorly explored in its connection with migrant women\u00b4s health in LAC, and this webinar will expand evidence-based knowledge about how climate change is changing women\u00b4s health in this region. <br\/><br\/><\/p>\n\n<h4 class=\"wp-block-heading\">Webinar 4: Drought, Heat and Extreme Weather: Climate Forces on Food-Insecurity in LAC<br\/><\/h4>\n\n<p>Date: Tuesday 2 July 2024 at 11:00 GMT-3 | Video Recording | Slides and Resources<\/p>\n\n<p>Climate change is increasing the intensity and frequency of drought, heatwaves, and extreme weather events in the LAC region, with profound impacts on agriculture, food production, and the overall well-being of communities in the region. This session will explore the role of climate-driven extreme weather events on food production and supply chains, identifying vulnerable regions and communities.\u202f Experts from the region will examine existing policies and explore potential mitigation measures, sharing their insights on community-driven initiatives and solutions that foster resilience and sustainability in the face of climate-induced challenges. <br\/><br\/><\/p>\n\n<h4 class=\"wp-block-heading\">Webinar 5: Populations on the Move: How Climate Change Affects Migrants in LAC Transient Camps <br\/><\/h4>\n\n<p>Date: Tuesday 3 September 2024 at 11:00 GMT-3 | Video Recording <\/p>\n\n<p>The Latin American and Caribbean sub-continent has seen a significant rise in migrants-based transient camps. This is related to multiple factors, including climate change, risks during transit, and social marginalization and exclusion upon arrival in host countries, especially amongst migrants in irregular status and living in poverty. There is growing evidence around how such camps are created and sustained over time, as well as health risks related to poor material conditions, lack of access to clean water, stigma, and discrimination. In the meantime, migrants living in these camps find a way to resist and develop unique identities as they build complex social layers in their everyday activities. <\/p>\n\n<p><strong>Register here:<\/strong><\/p>\n\n<p><a href=\"https:\/\/columbiauniversity.zoom.us\/meeting\/register\/tJAtf-2prTMuHdChdO7i5jm9HpVUw8AQCrs6#\/registration\"><strong>https:\/\/columbiauniversity.zoom.us\/meeting\/register\/tJAtf-2prTMuHdChdO7i5jm9HpVUw8AQCrs6#\/registration<\/strong><\/a><\/p>\n\n<p><\/p>\n","protected":false},"excerpt":{"rendered":"<p>DESCRIPTION This webinar series aims to analyze and reflect upon the dynamic, complex, and multilevel relationship between climate change, international migration, and population health in the unique regions of Latin America and the Caribbean (LAC). This webinar series will bring together scholars, practitioners, and community organizations to exchange scientific knowledge, share lived experiences, and discuss [&hellip;]<\/p>\n","protected":false},"author":1,"featured_media":1567,"parent":0,"menu_order":0,"comment_status":"closed","ping_status":"closed","template":"","meta":{"_acf_changed":false,"_uag_custom_page_level_css":"","footnotes":""},"class_list":["post-1773","page","type-page","status-publish","has-post-thumbnail","hentry"],"acf":[],"yoast_head":"<!-- This site is optimized with the Yoast SEO plugin v27.3 - https:\/\/yoast.com\/product\/yoast-seo-wordpress\/ -->\n<title>Climate Change, Migration and Health in Latin America and the Caribbean - IAI - Inter-American Institute for Global Change Research<\/title>\n<meta name=\"robots\" content=\"index, follow, max-snippet:-1, max-image-preview:large, max-video-preview:-1\" \/>\n<link rel=\"canonical\" href=\"https:\/\/iai.int\/en\/cambio-climatico-migracion-y-salud-en-america-latina-y-el-caribe\/\" \/>\n<meta property=\"og:locale\" content=\"en_US\" \/>\n<meta property=\"og:type\" content=\"article\" \/>\n<meta property=\"og:title\" content=\"Climate Change, Migration and Health in Latin America and the Caribbean - IAI - Inter-American Institute for Global Change Research\" \/>\n<meta property=\"og:description\" content=\"DESCRIPTION This webinar series aims to analyze and reflect upon the dynamic, complex, and multilevel relationship between climate change, international migration, and population health in the unique regions of Latin America and the Caribbean (LAC). This webinar series will bring together scholars, practitioners, and community organizations to exchange scientific knowledge, share lived experiences, and discuss [&hellip;]\" \/>\n<meta property=\"og:url\" content=\"https:\/\/iai.int\/en\/cambio-climatico-migracion-y-salud-en-america-latina-y-el-caribe\/\" \/>\n<meta property=\"og:site_name\" content=\"IAI - Inter-American Institute for Global Change Research\" \/>\n<meta property=\"article:modified_time\" content=\"2025-07-30T01:17:18+00:00\" \/>\n<meta property=\"og:image\" content=\"https:\/\/iai.int\/wp-content\/uploads\/2024\/09\/WEBINAR-CAMBIO-CLIMATICO-BANNER-BILINGUE.jpg\" \/>\n\t<meta property=\"og:image:width\" content=\"1600\" \/>\n\t<meta property=\"og:image:height\" content=\"498\" \/>\n\t<meta property=\"og:image:type\" content=\"image\/jpeg\" \/>\n<meta name=\"twitter:card\" content=\"summary_large_image\" \/>\n<meta name=\"twitter:label1\" content=\"Est. reading time\" \/>\n\t<meta name=\"twitter:data1\" content=\"3 minutes\" \/>\n<script type=\"application\/ld+json\" class=\"yoast-schema-graph\">{\"@context\":\"https:\\\/\\\/schema.org\",\"@graph\":[{\"@type\":\"WebPage\",\"@id\":\"https:\\\/\\\/iai.int\\\/en\\\/cambio-climatico-migracion-y-salud-en-america-latina-y-el-caribe\\\/\",\"url\":\"https:\\\/\\\/iai.int\\\/en\\\/cambio-climatico-migracion-y-salud-en-america-latina-y-el-caribe\\\/\",\"name\":\"Climate Change, Migration and Health in Latin America and the Caribbean - IAI - Inter-American Institute for Global Change Research\",\"isPartOf\":{\"@id\":\"https:\\\/\\\/iai.int\\\/en\\\/#website\"},\"primaryImageOfPage\":{\"@id\":\"https:\\\/\\\/iai.int\\\/en\\\/cambio-climatico-migracion-y-salud-en-america-latina-y-el-caribe\\\/#primaryimage\"},\"image\":{\"@id\":\"https:\\\/\\\/iai.int\\\/en\\\/cambio-climatico-migracion-y-salud-en-america-latina-y-el-caribe\\\/#primaryimage\"},\"thumbnailUrl\":\"https:\\\/\\\/iai.int\\\/wp-content\\\/uploads\\\/2024\\\/09\\\/WEBINAR-CAMBIO-CLIMATICO-BANNER-BILINGUE.jpg\",\"datePublished\":\"2024-03-01T22:43:00+00:00\",\"dateModified\":\"2025-07-30T01:17:18+00:00\",\"breadcrumb\":{\"@id\":\"https:\\\/\\\/iai.int\\\/en\\\/cambio-climatico-migracion-y-salud-en-america-latina-y-el-caribe\\\/#breadcrumb\"},\"inLanguage\":\"en-US\",\"potentialAction\":[{\"@type\":\"ReadAction\",\"target\":[\"https:\\\/\\\/iai.int\\\/en\\\/cambio-climatico-migracion-y-salud-en-america-latina-y-el-caribe\\\/\"]}]},{\"@type\":\"ImageObject\",\"inLanguage\":\"en-US\",\"@id\":\"https:\\\/\\\/iai.int\\\/en\\\/cambio-climatico-migracion-y-salud-en-america-latina-y-el-caribe\\\/#primaryimage\",\"url\":\"https:\\\/\\\/iai.int\\\/wp-content\\\/uploads\\\/2024\\\/09\\\/WEBINAR-CAMBIO-CLIMATICO-BANNER-BILINGUE.jpg\",\"contentUrl\":\"https:\\\/\\\/iai.int\\\/wp-content\\\/uploads\\\/2024\\\/09\\\/WEBINAR-CAMBIO-CLIMATICO-BANNER-BILINGUE.jpg\",\"width\":1600,\"height\":498},{\"@type\":\"BreadcrumbList\",\"@id\":\"https:\\\/\\\/iai.int\\\/en\\\/cambio-climatico-migracion-y-salud-en-america-latina-y-el-caribe\\\/#breadcrumb\",\"itemListElement\":[{\"@type\":\"ListItem\",\"position\":1,\"name\":\"Portada\",\"item\":\"https:\\\/\\\/iai.int\\\/en\\\/\"},{\"@type\":\"ListItem\",\"position\":2,\"name\":\"Climate Change, Migration and Health in Latin America and the Caribbean\"}]},{\"@type\":\"WebSite\",\"@id\":\"https:\\\/\\\/iai.int\\\/en\\\/#website\",\"url\":\"https:\\\/\\\/iai.int\\\/en\\\/\",\"name\":\"IAI - Inter-American Institute for Global Change Research\",\"description\":\"\",\"publisher\":{\"@id\":\"https:\\\/\\\/iai.int\\\/en\\\/#organization\"},\"potentialAction\":[{\"@type\":\"SearchAction\",\"target\":{\"@type\":\"EntryPoint\",\"urlTemplate\":\"https:\\\/\\\/iai.int\\\/en\\\/?s={search_term_string}\"},\"query-input\":{\"@type\":\"PropertyValueSpecification\",\"valueRequired\":true,\"valueName\":\"search_term_string\"}}],\"inLanguage\":\"en-US\"},{\"@type\":\"Organization\",\"@id\":\"https:\\\/\\\/iai.int\\\/en\\\/#organization\",\"name\":\"IAI - Inter-American Institute for Global Change Research\",\"url\":\"https:\\\/\\\/iai.int\\\/en\\\/\",\"logo\":{\"@type\":\"ImageObject\",\"inLanguage\":\"en-US\",\"@id\":\"https:\\\/\\\/iai.int\\\/en\\\/#\\\/schema\\\/logo\\\/image\\\/\",\"url\":\"https:\\\/\\\/iai.int\\\/wp-content\\\/uploads\\\/2025\\\/11\\\/IAI-logo-English-scaled.png\",\"contentUrl\":\"https:\\\/\\\/iai.int\\\/wp-content\\\/uploads\\\/2025\\\/11\\\/IAI-logo-English-scaled.png\",\"width\":2560,\"height\":985,\"caption\":\"IAI - Inter-American Institute for Global Change Research\"},\"image\":{\"@id\":\"https:\\\/\\\/iai.int\\\/en\\\/#\\\/schema\\\/logo\\\/image\\\/\"}}]}<\/script>\n<!-- \/ Yoast SEO plugin. -->","yoast_head_json":{"title":"Climate Change, Migration and Health in Latin America and the Caribbean - IAI - Inter-American Institute for Global Change Research","robots":{"index":"index","follow":"follow","max-snippet":"max-snippet:-1","max-image-preview":"max-image-preview:large","max-video-preview":"max-video-preview:-1"},"canonical":"https:\/\/iai.int\/en\/cambio-climatico-migracion-y-salud-en-america-latina-y-el-caribe\/","og_locale":"en_US","og_type":"article","og_title":"Climate Change, Migration and Health in Latin America and the Caribbean - IAI - Inter-American Institute for Global Change Research","og_description":"DESCRIPTION This webinar series aims to analyze and reflect upon the dynamic, complex, and multilevel relationship between climate change, international migration, and population health in the unique regions of Latin America and the Caribbean (LAC). This webinar series will bring together scholars, practitioners, and community organizations to exchange scientific knowledge, share lived experiences, and discuss [&hellip;]","og_url":"https:\/\/iai.int\/en\/cambio-climatico-migracion-y-salud-en-america-latina-y-el-caribe\/","og_site_name":"IAI - Inter-American Institute for Global Change Research","article_modified_time":"2025-07-30T01:17:18+00:00","og_image":[{"width":1600,"height":498,"url":"https:\/\/iai.int\/wp-content\/uploads\/2024\/09\/WEBINAR-CAMBIO-CLIMATICO-BANNER-BILINGUE.jpg","type":"image\/jpeg"}],"twitter_card":"summary_large_image","twitter_misc":{"Est. reading time":"3 minutes"},"schema":{"@context":"https:\/\/schema.org","@graph":[{"@type":"WebPage","@id":"https:\/\/iai.int\/en\/cambio-climatico-migracion-y-salud-en-america-latina-y-el-caribe\/","url":"https:\/\/iai.int\/en\/cambio-climatico-migracion-y-salud-en-america-latina-y-el-caribe\/","name":"Climate Change, Migration and Health in Latin America and the Caribbean - IAI - Inter-American Institute for Global Change Research","isPartOf":{"@id":"https:\/\/iai.int\/en\/#website"},"primaryImageOfPage":{"@id":"https:\/\/iai.int\/en\/cambio-climatico-migracion-y-salud-en-america-latina-y-el-caribe\/#primaryimage"},"image":{"@id":"https:\/\/iai.int\/en\/cambio-climatico-migracion-y-salud-en-america-latina-y-el-caribe\/#primaryimage"},"thumbnailUrl":"https:\/\/iai.int\/wp-content\/uploads\/2024\/09\/WEBINAR-CAMBIO-CLIMATICO-BANNER-BILINGUE.jpg","datePublished":"2024-03-01T22:43:00+00:00","dateModified":"2025-07-30T01:17:18+00:00","breadcrumb":{"@id":"https:\/\/iai.int\/en\/cambio-climatico-migracion-y-salud-en-america-latina-y-el-caribe\/#breadcrumb"},"inLanguage":"en-US","potentialAction":[{"@type":"ReadAction","target":["https:\/\/iai.int\/en\/cambio-climatico-migracion-y-salud-en-america-latina-y-el-caribe\/"]}]},{"@type":"ImageObject","inLanguage":"en-US","@id":"https:\/\/iai.int\/en\/cambio-climatico-migracion-y-salud-en-america-latina-y-el-caribe\/#primaryimage","url":"https:\/\/iai.int\/wp-content\/uploads\/2024\/09\/WEBINAR-CAMBIO-CLIMATICO-BANNER-BILINGUE.jpg","contentUrl":"https:\/\/iai.int\/wp-content\/uploads\/2024\/09\/WEBINAR-CAMBIO-CLIMATICO-BANNER-BILINGUE.jpg","width":1600,"height":498},{"@type":"BreadcrumbList","@id":"https:\/\/iai.int\/en\/cambio-climatico-migracion-y-salud-en-america-latina-y-el-caribe\/#breadcrumb","itemListElement":[{"@type":"ListItem","position":1,"name":"Portada","item":"https:\/\/iai.int\/en\/"},{"@type":"ListItem","position":2,"name":"Climate Change, Migration and Health in Latin America and the Caribbean"}]},{"@type":"WebSite","@id":"https:\/\/iai.int\/en\/#website","url":"https:\/\/iai.int\/en\/","name":"IAI - Inter-American Institute for Global Change Research","description":"","publisher":{"@id":"https:\/\/iai.int\/en\/#organization"},"potentialAction":[{"@type":"SearchAction","target":{"@type":"EntryPoint","urlTemplate":"https:\/\/iai.int\/en\/?s={search_term_string}"},"query-input":{"@type":"PropertyValueSpecification","valueRequired":true,"valueName":"search_term_string"}}],"inLanguage":"en-US"},{"@type":"Organization","@id":"https:\/\/iai.int\/en\/#organization","name":"IAI - Inter-American Institute for Global Change Research","url":"https:\/\/iai.int\/en\/","logo":{"@type":"ImageObject","inLanguage":"en-US","@id":"https:\/\/iai.int\/en\/#\/schema\/logo\/image\/","url":"https:\/\/iai.int\/wp-content\/uploads\/2025\/11\/IAI-logo-English-scaled.png","contentUrl":"https:\/\/iai.int\/wp-content\/uploads\/2025\/11\/IAI-logo-English-scaled.png","width":2560,"height":985,"caption":"IAI - Inter-American Institute for Global Change Research"},"image":{"@id":"https:\/\/iai.int\/en\/#\/schema\/logo\/image\/"}}]}},"uagb_featured_image_src":{"full":["https:\/\/iai.int\/wp-content\/uploads\/2024\/09\/WEBINAR-CAMBIO-CLIMATICO-BANNER-BILINGUE.jpg",1600,498,false],"thumbnail":["https:\/\/iai.int\/wp-content\/uploads\/2024\/09\/WEBINAR-CAMBIO-CLIMATICO-BANNER-BILINGUE-150x150.jpg",150,150,true],"medium":["https:\/\/iai.int\/wp-content\/uploads\/2024\/09\/WEBINAR-CAMBIO-CLIMATICO-BANNER-BILINGUE-300x93.jpg",300,93,true],"medium_large":["https:\/\/iai.int\/wp-content\/uploads\/2024\/09\/WEBINAR-CAMBIO-CLIMATICO-BANNER-BILINGUE-768x239.jpg",768,239,true],"large":["https:\/\/iai.int\/wp-content\/uploads\/2024\/09\/WEBINAR-CAMBIO-CLIMATICO-BANNER-BILINGUE-1024x319.jpg",800,249,true],"1536x1536":["https:\/\/iai.int\/wp-content\/uploads\/2024\/09\/WEBINAR-CAMBIO-CLIMATICO-BANNER-BILINGUE-1536x478.jpg",1536,478,true],"2048x2048":["https:\/\/iai.int\/wp-content\/uploads\/2024\/09\/WEBINAR-CAMBIO-CLIMATICO-BANNER-BILINGUE.jpg",1600,498,false]},"uagb_author_info":{"display_name":"admin","author_link":"https:\/\/iai.int\/en\/author\/admin\/"},"uagb_comment_info":0,"uagb_excerpt":"DESCRIPTION This webinar series aims to analyze and reflect upon the dynamic, complex, and multilevel relationship between climate change, international migration, and population health in the unique regions of Latin America and the Caribbean (LAC). This webinar series will bring together scholars, practitioners, and community organizations to exchange scientific knowledge, share lived experiences, and discuss&hellip;","_links":{"self":[{"href":"https:\/\/iai.int\/en\/wp-json\/wp\/v2\/pages\/1773","targetHints":{"allow":["GET"]}}],"collection":[{"href":"https:\/\/iai.int\/en\/wp-json\/wp\/v2\/pages"}],"about":[{"href":"https:\/\/iai.int\/en\/wp-json\/wp\/v2\/types\/page"}],"author":[{"embeddable":true,"href":"https:\/\/iai.int\/en\/wp-json\/wp\/v2\/users\/1"}],"replies":[{"embeddable":true,"href":"https:\/\/iai.int\/en\/wp-json\/wp\/v2\/comments?post=1773"}],"version-history":[{"count":2,"href":"https:\/\/iai.int\/en\/wp-json\/wp\/v2\/pages\/1773\/revisions"}],"predecessor-version":[{"id":6322,"href":"https:\/\/iai.int\/en\/wp-json\/wp\/v2\/pages\/1773\/revisions\/6322"}],"wp:featuredmedia":[{"embeddable":true,"href":"https:\/\/iai.int\/en\/wp-json\/wp\/v2\/media\/1567"}],"wp:attachment":[{"href":"https:\/\/iai.int\/en\/wp-json\/wp\/v2\/media?parent=1773"}],"curies":[{"name":"wp","href":"https:\/\/api.w.org\/{rel}","templated":true}]}}