{"id":1727,"date":"2024-08-28T20:30:53","date_gmt":"2024-08-29T01:30:53","guid":{"rendered":"https:\/\/iai.int\/publicaciones\/"},"modified":"2026-01-12T23:11:16","modified_gmt":"2026-01-13T04:11:16","slug":"publicaciones","status":"publish","type":"page","link":"https:\/\/iai.int\/en\/publicaciones\/","title":{"rendered":"Publicaciones"},"content":{"rendered":"\t\t<div data-elementor-type=\"wp-page\" data-elementor-id=\"1727\" class=\"elementor elementor-1727 elementor-384\" data-elementor-post-type=\"page\">\n\t\t\t\t<div class=\"elementor-element elementor-element-4e8c7a1b e-flex e-con-boxed e-con e-parent\" data-id=\"4e8c7a1b\" data-element_type=\"container\" data-settings=\"{&quot;ekit_has_onepagescroll_dot&quot;:&quot;yes&quot;}\">\n\t\t\t\t\t<div class=\"e-con-inner\">\n\t\t\t\t<div class=\"elementor-element elementor-element-1f647b2 elementor-widget elementor-widget-spacer\" data-id=\"1f647b2\" data-element_type=\"widget\" data-settings=\"{&quot;ekit_we_effect_on&quot;:&quot;none&quot;}\" data-widget_type=\"spacer.default\">\n\t\t\t\t<div class=\"elementor-widget-container\">\n\t\t\t\t\t\t\t<div class=\"elementor-spacer\">\n\t\t\t<div class=\"elementor-spacer-inner\"><\/div>\n\t\t<\/div>\n\t\t\t\t\t\t<\/div>\n\t\t\t\t<\/div>\n\t\t\t\t<div class=\"elementor-element elementor-element-a5f37dd elementor-widget elementor-widget-elementskit-image-hover-effect\" data-id=\"a5f37dd\" data-element_type=\"widget\" data-settings=\"{&quot;ekit_we_effect_on&quot;:&quot;none&quot;}\" data-widget_type=\"elementskit-image-hover-effect.default\">\n\t\t\t\t<div class=\"elementor-widget-container\">\n\t\t\t\t\t<div class=\"ekit-wid-con\" >\t\t\t<div class=\"ekit_image_hover ekit_image_zoom_in\">\n\t\t\t\t<img fetchpriority=\"high\" decoding=\"async\" width=\"1772\" height=\"551\" src=\"https:\/\/iai.int\/wp-content\/uploads\/2026\/01\/2-1.jpg\" class=\"attachment-full size-full wp-image-13121\" alt=\"\" srcset=\"https:\/\/iai.int\/wp-content\/uploads\/2026\/01\/2-1.jpg 1772w, https:\/\/iai.int\/wp-content\/uploads\/2026\/01\/2-1-300x93.jpg 300w, https:\/\/iai.int\/wp-content\/uploads\/2026\/01\/2-1-1024x318.jpg 1024w, https:\/\/iai.int\/wp-content\/uploads\/2026\/01\/2-1-768x239.jpg 768w, https:\/\/iai.int\/wp-content\/uploads\/2026\/01\/2-1-1536x478.jpg 1536w\" sizes=\"(max-width: 1772px) 100vw, 1772px\" \/>\t\t\t\t<div class=\"ekit_image_caption ekit_text_none  elementor-animation-shrink\">\n\t\t\t\t\t<h2 class=\"ekit_image_caption_title ekit_hover_show  \" data-settings=\"{&quot;_animation&quot;:&quot;&quot;}\">\n\t\t\t\t\t\tRepositorio de Publicaciones Cient\u00edficas\t\t\t\t\t<\/h2>\n\t\t\t\t\t<p class=\"ekit_image_caption_description   \" data-settings=\"{&quot;_animation&quot;:&quot;&quot;}\">\n\t\t\t\t\t\t\t\t\t\t\t<\/p>\n\t\t\t\t\t\t\n\t\t\t\t\t\t<a class=\"elementskit-btn ekit_image_caption_button ekit_hover_show  \" data-settings=\"{&quot;_animation&quot;:&quot;&quot;}\" href=\"https:\/\/iai.int\/es\/publicaciones-academicas\/\" target=\"_blank\" rel=\"nofollow\">\n\t\t\t\t\t\t\tVer m\u00e1s\t\t\t\t\t\t<\/a>\t\t\n\t\t\t\t\t\t\t\t\t<\/div>\n\t\t\t<\/div>\n\t\t<\/div>\t\t\t\t<\/div>\n\t\t\t\t<\/div>\n\t\t\t\t<div class=\"elementor-element elementor-element-8c486bc elementor-widget elementor-widget-elementskit-image-hover-effect\" data-id=\"8c486bc\" data-element_type=\"widget\" data-settings=\"{&quot;ekit_we_effect_on&quot;:&quot;none&quot;}\" data-widget_type=\"elementskit-image-hover-effect.default\">\n\t\t\t\t<div class=\"elementor-widget-container\">\n\t\t\t\t\t<div class=\"ekit-wid-con\" >\t\t\t<div class=\"ekit_image_hover ekit_image_zoom_in\">\n\t\t\t\t<img decoding=\"async\" width=\"1772\" height=\"551\" src=\"https:\/\/iai.int\/wp-content\/uploads\/2026\/01\/5-1.jpg\" class=\"attachment-full size-full wp-image-13124\" alt=\"\" srcset=\"https:\/\/iai.int\/wp-content\/uploads\/2026\/01\/5-1.jpg 1772w, https:\/\/iai.int\/wp-content\/uploads\/2026\/01\/5-1-300x93.jpg 300w, https:\/\/iai.int\/wp-content\/uploads\/2026\/01\/5-1-1024x318.jpg 1024w, https:\/\/iai.int\/wp-content\/uploads\/2026\/01\/5-1-768x239.jpg 768w, https:\/\/iai.int\/wp-content\/uploads\/2026\/01\/5-1-1536x478.jpg 1536w\" sizes=\"(max-width: 1772px) 100vw, 1772px\" \/>\t\t\t\t<div class=\"ekit_image_caption ekit_text_none  elementor-animation-shrink\">\n\t\t\t\t\t<h2 class=\"ekit_image_caption_title ekit_hover_show  \" data-settings=\"{&quot;_animation&quot;:&quot;&quot;}\">\n\t\t\t\t\t\tBiblioteca Transdisciplinaria\t\t\t\t\t<\/h2>\n\t\t\t\t\t<p class=\"ekit_image_caption_description   \" data-settings=\"{&quot;_animation&quot;:&quot;&quot;}\">\n\t\t\t\t\t\t\t\t\t\t\t<\/p>\n\t\t\t\t\t\t\n\t\t\t\t\t\t<a class=\"elementskit-btn ekit_image_caption_button ekit_hover_show  \" data-settings=\"{&quot;_animation&quot;:&quot;&quot;}\" href=\"https:\/\/iai.int\/en\/td-library\/\" target=\"_blank\" rel=\"nofollow\">\n\t\t\t\t\t\t\tVer m\u00e1s\t\t\t\t\t\t<\/a>\t\t\n\t\t\t\t\t\t\t\t\t<\/div>\n\t\t\t<\/div>\n\t\t<\/div>\t\t\t\t<\/div>\n\t\t\t\t<\/div>\n\t\t\t\t<div class=\"elementor-element elementor-element-673b52b elementor-widget elementor-widget-elementskit-image-hover-effect\" data-id=\"673b52b\" data-element_type=\"widget\" data-settings=\"{&quot;ekit_we_effect_on&quot;:&quot;none&quot;}\" data-widget_type=\"elementskit-image-hover-effect.default\">\n\t\t\t\t<div class=\"elementor-widget-container\">\n\t\t\t\t\t<div class=\"ekit-wid-con\" >\t\t\t<div class=\"ekit_image_hover ekit_image_zoom_in\">\n\t\t\t\t<img decoding=\"async\" width=\"1772\" height=\"551\" src=\"https:\/\/iai.int\/wp-content\/uploads\/2026\/01\/4-1.jpg\" class=\"attachment-full size-full wp-image-13123\" alt=\"\" srcset=\"https:\/\/iai.int\/wp-content\/uploads\/2026\/01\/4-1.jpg 1772w, https:\/\/iai.int\/wp-content\/uploads\/2026\/01\/4-1-300x93.jpg 300w, https:\/\/iai.int\/wp-content\/uploads\/2026\/01\/4-1-1024x318.jpg 1024w, https:\/\/iai.int\/wp-content\/uploads\/2026\/01\/4-1-768x239.jpg 768w, https:\/\/iai.int\/wp-content\/uploads\/2026\/01\/4-1-1536x478.jpg 1536w\" sizes=\"(max-width: 1772px) 100vw, 1772px\" \/>\t\t\t\t<div class=\"ekit_image_caption ekit_text_none  elementor-animation-shrink\">\n\t\t\t\t\t<h2 class=\"ekit_image_caption_title ekit_hover_show  \" data-settings=\"{&quot;_animation&quot;:&quot;&quot;}\">\n\t\t\t\t\t\tInformes y publicaciones\t\t\t\t\t<\/h2>\n\t\t\t\t\t<p class=\"ekit_image_caption_description   \" data-settings=\"{&quot;_animation&quot;:&quot;&quot;}\">\n\t\t\t\t\t\t\t\t\t\t\t<\/p>\n\t\t\t\t\t\t\n\t\t\t\t\t\t<a class=\"elementskit-btn ekit_image_caption_button ekit_hover_show  \" data-settings=\"{&quot;_animation&quot;:&quot;&quot;}\" href=\"https:\/\/iai.int\/es\/informes-y-publicaciones\/\" target=\"_blank\" rel=\"nofollow\">\n\t\t\t\t\t\t\tVer m\u00e1s\t\t\t\t\t\t<\/a>\t\t\n\t\t\t\t\t\t\t\t\t<\/div>\n\t\t\t<\/div>\n\t\t<\/div>\t\t\t\t<\/div>\n\t\t\t\t<\/div>\n\t\t\t\t\t<\/div>\n\t\t\t\t<\/div>\n\t\t<div class=\"elementor-element elementor-element-678e002 e-flex e-con-boxed e-con e-parent\" data-id=\"678e002\" data-element_type=\"container\" data-settings=\"{&quot;ekit_has_onepagescroll_dot&quot;:&quot;yes&quot;}\">\n\t\t\t\t\t<div class=\"e-con-inner\">\n\t\t\t\t<div class=\"elementor-element elementor-element-1677f18 elementor-widget elementor-widget-spacer\" data-id=\"1677f18\" data-element_type=\"widget\" data-settings=\"{&quot;ekit_we_effect_on&quot;:&quot;none&quot;}\" data-widget_type=\"spacer.default\">\n\t\t\t\t<div class=\"elementor-widget-container\">\n\t\t\t\t\t\t\t<div class=\"elementor-spacer\">\n\t\t\t<div class=\"elementor-spacer-inner\"><\/div>\n\t\t<\/div>\n\t\t\t\t\t\t<\/div>\n\t\t\t\t<\/div>\n\t\t\t\t\t<\/div>\n\t\t\t\t<\/div>\n\t\t\t\t<\/div>\n\t\t","protected":false},"excerpt":{"rendered":"<p>Repositorio de Publicaciones Cient\u00edficas Ver m\u00e1s Biblioteca Transdisciplinaria Ver m\u00e1s Informes y publicaciones Ver m\u00e1s<\/p>\n","protected":false},"author":1,"featured_media":0,"parent":0,"menu_order":41,"comment_status":"closed","ping_status":"closed","template":"elementor_header_footer","meta":{"_acf_changed":false,"_uag_custom_page_level_css":"","footnotes":""},"class_list":["post-1727","page","type-page","status-publish","hentry"],"acf":[],"yoast_head":"<!-- This site is optimized with the Yoast SEO plugin v27.3 - https:\/\/yoast.com\/product\/yoast-seo-wordpress\/ -->\n<title>Publicaciones - IAI - Inter-American Institute for Global Change Research<\/title>\n<meta name=\"robots\" content=\"index, follow, max-snippet:-1, max-image-preview:large, max-video-preview:-1\" \/>\n<link rel=\"canonical\" href=\"https:\/\/iai.int\/en\/publicaciones\/\" \/>\n<meta property=\"og:locale\" content=\"en_US\" \/>\n<meta property=\"og:type\" content=\"article\" \/>\n<meta property=\"og:title\" content=\"Publicaciones - IAI - Inter-American Institute for Global Change Research\" \/>\n<meta property=\"og:description\" content=\"Repositorio de Publicaciones Cient\u00edficas Ver m\u00e1s Biblioteca Transdisciplinaria Ver m\u00e1s Informes y publicaciones Ver m\u00e1s\" \/>\n<meta property=\"og:url\" content=\"https:\/\/iai.int\/en\/publicaciones\/\" \/>\n<meta property=\"og:site_name\" content=\"IAI - Inter-American Institute for Global Change Research\" \/>\n<meta property=\"article:modified_time\" content=\"2026-01-13T04:11:16+00:00\" \/>\n<meta property=\"og:image\" content=\"http:\/\/iai.int\/wp-content\/uploads\/2026\/01\/2-1.jpg\" \/>\n<meta name=\"twitter:card\" content=\"summary_large_image\" \/>\n<script type=\"application\/ld+json\" class=\"yoast-schema-graph\">{\"@context\":\"https:\\\/\\\/schema.org\",\"@graph\":[{\"@type\":\"WebPage\",\"@id\":\"https:\\\/\\\/iai.int\\\/en\\\/publicaciones\\\/\",\"url\":\"https:\\\/\\\/iai.int\\\/en\\\/publicaciones\\\/\",\"name\":\"Publicaciones - IAI - Inter-American Institute for Global Change Research\",\"isPartOf\":{\"@id\":\"https:\\\/\\\/iai.int\\\/en\\\/#website\"},\"primaryImageOfPage\":{\"@id\":\"https:\\\/\\\/iai.int\\\/en\\\/publicaciones\\\/#primaryimage\"},\"image\":{\"@id\":\"https:\\\/\\\/iai.int\\\/en\\\/publicaciones\\\/#primaryimage\"},\"thumbnailUrl\":\"http:\\\/\\\/iai.int\\\/wp-content\\\/uploads\\\/2026\\\/01\\\/2-1.jpg\",\"datePublished\":\"2024-08-29T01:30:53+00:00\",\"dateModified\":\"2026-01-13T04:11:16+00:00\",\"breadcrumb\":{\"@id\":\"https:\\\/\\\/iai.int\\\/en\\\/publicaciones\\\/#breadcrumb\"},\"inLanguage\":\"en-US\",\"potentialAction\":[{\"@type\":\"ReadAction\",\"target\":[\"https:\\\/\\\/iai.int\\\/en\\\/publicaciones\\\/\"]}]},{\"@type\":\"ImageObject\",\"inLanguage\":\"en-US\",\"@id\":\"https:\\\/\\\/iai.int\\\/en\\\/publicaciones\\\/#primaryimage\",\"url\":\"http:\\\/\\\/iai.int\\\/wp-content\\\/uploads\\\/2026\\\/01\\\/2-1.jpg\",\"contentUrl\":\"http:\\\/\\\/iai.int\\\/wp-content\\\/uploads\\\/2026\\\/01\\\/2-1.jpg\"},{\"@type\":\"BreadcrumbList\",\"@id\":\"https:\\\/\\\/iai.int\\\/en\\\/publicaciones\\\/#breadcrumb\",\"itemListElement\":[{\"@type\":\"ListItem\",\"position\":1,\"name\":\"Portada\",\"item\":\"https:\\\/\\\/iai.int\\\/en\\\/\"},{\"@type\":\"ListItem\",\"position\":2,\"name\":\"Publicaciones\"}]},{\"@type\":\"WebSite\",\"@id\":\"https:\\\/\\\/iai.int\\\/en\\\/#website\",\"url\":\"https:\\\/\\\/iai.int\\\/en\\\/\",\"name\":\"IAI - Inter-American Institute for Global Change Research\",\"description\":\"\",\"publisher\":{\"@id\":\"https:\\\/\\\/iai.int\\\/en\\\/#organization\"},\"potentialAction\":[{\"@type\":\"SearchAction\",\"target\":{\"@type\":\"EntryPoint\",\"urlTemplate\":\"https:\\\/\\\/iai.int\\\/en\\\/?s={search_term_string}\"},\"query-input\":{\"@type\":\"PropertyValueSpecification\",\"valueRequired\":true,\"valueName\":\"search_term_string\"}}],\"inLanguage\":\"en-US\"},{\"@type\":\"Organization\",\"@id\":\"https:\\\/\\\/iai.int\\\/en\\\/#organization\",\"name\":\"IAI - Inter-American Institute for Global Change Research\",\"url\":\"https:\\\/\\\/iai.int\\\/en\\\/\",\"logo\":{\"@type\":\"ImageObject\",\"inLanguage\":\"en-US\",\"@id\":\"https:\\\/\\\/iai.int\\\/en\\\/#\\\/schema\\\/logo\\\/image\\\/\",\"url\":\"https:\\\/\\\/iai.int\\\/wp-content\\\/uploads\\\/2025\\\/11\\\/IAI-logo-English-scaled.png\",\"contentUrl\":\"https:\\\/\\\/iai.int\\\/wp-content\\\/uploads\\\/2025\\\/11\\\/IAI-logo-English-scaled.png\",\"width\":2560,\"height\":985,\"caption\":\"IAI - Inter-American Institute for Global Change Research\"},\"image\":{\"@id\":\"https:\\\/\\\/iai.int\\\/en\\\/#\\\/schema\\\/logo\\\/image\\\/\"}}]}<\/script>\n<!-- \/ Yoast SEO plugin. -->","yoast_head_json":{"title":"Publicaciones - IAI - Inter-American Institute for Global Change Research","robots":{"index":"index","follow":"follow","max-snippet":"max-snippet:-1","max-image-preview":"max-image-preview:large","max-video-preview":"max-video-preview:-1"},"canonical":"https:\/\/iai.int\/en\/publicaciones\/","og_locale":"en_US","og_type":"article","og_title":"Publicaciones - IAI - Inter-American Institute for Global Change Research","og_description":"Repositorio de Publicaciones Cient\u00edficas Ver m\u00e1s Biblioteca Transdisciplinaria Ver m\u00e1s Informes y publicaciones Ver m\u00e1s","og_url":"https:\/\/iai.int\/en\/publicaciones\/","og_site_name":"IAI - Inter-American Institute for Global Change Research","article_modified_time":"2026-01-13T04:11:16+00:00","og_image":[{"url":"http:\/\/iai.int\/wp-content\/uploads\/2026\/01\/2-1.jpg","type":"","width":"","height":""}],"twitter_card":"summary_large_image","schema":{"@context":"https:\/\/schema.org","@graph":[{"@type":"WebPage","@id":"https:\/\/iai.int\/en\/publicaciones\/","url":"https:\/\/iai.int\/en\/publicaciones\/","name":"Publicaciones - IAI - Inter-American Institute for Global Change Research","isPartOf":{"@id":"https:\/\/iai.int\/en\/#website"},"primaryImageOfPage":{"@id":"https:\/\/iai.int\/en\/publicaciones\/#primaryimage"},"image":{"@id":"https:\/\/iai.int\/en\/publicaciones\/#primaryimage"},"thumbnailUrl":"http:\/\/iai.int\/wp-content\/uploads\/2026\/01\/2-1.jpg","datePublished":"2024-08-29T01:30:53+00:00","dateModified":"2026-01-13T04:11:16+00:00","breadcrumb":{"@id":"https:\/\/iai.int\/en\/publicaciones\/#breadcrumb"},"inLanguage":"en-US","potentialAction":[{"@type":"ReadAction","target":["https:\/\/iai.int\/en\/publicaciones\/"]}]},{"@type":"ImageObject","inLanguage":"en-US","@id":"https:\/\/iai.int\/en\/publicaciones\/#primaryimage","url":"http:\/\/iai.int\/wp-content\/uploads\/2026\/01\/2-1.jpg","contentUrl":"http:\/\/iai.int\/wp-content\/uploads\/2026\/01\/2-1.jpg"},{"@type":"BreadcrumbList","@id":"https:\/\/iai.int\/en\/publicaciones\/#breadcrumb","itemListElement":[{"@type":"ListItem","position":1,"name":"Portada","item":"https:\/\/iai.int\/en\/"},{"@type":"ListItem","position":2,"name":"Publicaciones"}]},{"@type":"WebSite","@id":"https:\/\/iai.int\/en\/#website","url":"https:\/\/iai.int\/en\/","name":"IAI - Inter-American Institute for Global Change Research","description":"","publisher":{"@id":"https:\/\/iai.int\/en\/#organization"},"potentialAction":[{"@type":"SearchAction","target":{"@type":"EntryPoint","urlTemplate":"https:\/\/iai.int\/en\/?s={search_term_string}"},"query-input":{"@type":"PropertyValueSpecification","valueRequired":true,"valueName":"search_term_string"}}],"inLanguage":"en-US"},{"@type":"Organization","@id":"https:\/\/iai.int\/en\/#organization","name":"IAI - Inter-American Institute for Global Change Research","url":"https:\/\/iai.int\/en\/","logo":{"@type":"ImageObject","inLanguage":"en-US","@id":"https:\/\/iai.int\/en\/#\/schema\/logo\/image\/","url":"https:\/\/iai.int\/wp-content\/uploads\/2025\/11\/IAI-logo-English-scaled.png","contentUrl":"https:\/\/iai.int\/wp-content\/uploads\/2025\/11\/IAI-logo-English-scaled.png","width":2560,"height":985,"caption":"IAI - Inter-American Institute for Global Change Research"},"image":{"@id":"https:\/\/iai.int\/en\/#\/schema\/logo\/image\/"}}]}},"uagb_featured_image_src":{"full":false,"thumbnail":false,"medium":false,"medium_large":false,"large":false,"1536x1536":false,"2048x2048":false},"uagb_author_info":{"display_name":"admin","author_link":"https:\/\/iai.int\/en\/author\/admin\/"},"uagb_comment_info":0,"uagb_excerpt":"Repositorio de Publicaciones Cient\u00edficas Ver m\u00e1s Biblioteca Transdisciplinaria Ver m\u00e1s Informes y publicaciones Ver m\u00e1s","_links":{"self":[{"href":"https:\/\/iai.int\/en\/wp-json\/wp\/v2\/pages\/1727","targetHints":{"allow":["GET"]}}],"collection":[{"href":"https:\/\/iai.int\/en\/wp-json\/wp\/v2\/pages"}],"about":[{"href":"https:\/\/iai.int\/en\/wp-json\/wp\/v2\/types\/page"}],"author":[{"embeddable":true,"href":"https:\/\/iai.int\/en\/wp-json\/wp\/v2\/users\/1"}],"replies":[{"embeddable":true,"href":"https:\/\/iai.int\/en\/wp-json\/wp\/v2\/comments?post=1727"}],"version-history":[{"count":74,"href":"https:\/\/iai.int\/en\/wp-json\/wp\/v2\/pages\/1727\/revisions"}],"predecessor-version":[{"id":13161,"href":"https:\/\/iai.int\/en\/wp-json\/wp\/v2\/pages\/1727\/revisions\/13161"}],"wp:attachment":[{"href":"https:\/\/iai.int\/en\/wp-json\/wp\/v2\/media?parent=1727"}],"curies":[{"name":"wp","href":"https:\/\/api.w.org\/{rel}","templated":true}]}}