{"id":1725,"date":"2024-08-28T20:31:47","date_gmt":"2024-08-28T23:31:47","guid":{"rendered":"https:\/\/iai.int\/encuentre-un-experto\/"},"modified":"2024-08-28T20:31:47","modified_gmt":"2024-08-28T23:31:47","slug":"encuentre-un-experto","status":"publish","type":"page","link":"https:\/\/iai.int\/en\/encuentre-un-experto\/","title":{"rendered":"Encuentre un experto"},"content":{"rendered":"\n<figure class=\"wp-block-image\"><img decoding=\"async\" src=\"https:\/\/iai.int\/administrador\/assets\/images\/ckfinder\/files\/ocho%20Temas%20IAI%20(1).jpg\" alt=\"\"\/><\/figure>\n\n\n\n<p>La Direcci\u00f3n Ejecutiva del IAI ha compilado una lista expertos en la regi\u00f3n que est\u00e1n disponibles para consulta por parte de actores como tomadores de decisi\u00f3n, periodistas, estudiantes, cient\u00edficos y la sociedad civil.<\/p>\n\n\n\n<p>Los expertos seleccionados han estado vinculados al IAI, como miembros anteriores y actuales del Comit\u00e9 Asesor Cient\u00edfico (SAC) y del Comit\u00e9 Asesor en Ciencia y Pol\u00edticas (SPAC) e integrantes de proyectos de investigaci\u00f3n financiados por el IAI.<\/p>\n\n\n\n<p>Puede consultar la lista categorizada por tema de&nbsp;<a href=\"https:\/\/iai.int\/es\/news\/detail\/Experts-available-for-consultation-by-topic-of-expertise\">especialidad<\/a>.<\/p>\n","protected":false},"excerpt":{"rendered":"<p>La Direcci\u00f3n Ejecutiva del IAI ha compilado una lista expertos en la regi\u00f3n que est\u00e1n disponibles para consulta por parte de actores como tomadores de decisi\u00f3n, periodistas, estudiantes, cient\u00edficos y la sociedad civil. Los expertos seleccionados han estado vinculados al IAI, como miembros anteriores y actuales del Comit\u00e9 Asesor Cient\u00edfico (SAC) y del Comit\u00e9 Asesor [&hellip;]<\/p>\n","protected":false},"author":1,"featured_media":0,"parent":0,"menu_order":43,"comment_status":"closed","ping_status":"closed","template":"elementor_theme","meta":{"_acf_changed":false,"_uag_custom_page_level_css":"","footnotes":""},"class_list":["post-1725","page","type-page","status-publish","hentry"],"acf":[],"yoast_head":"<!-- This site is optimized with the Yoast SEO plugin v27.3 - https:\/\/yoast.com\/product\/yoast-seo-wordpress\/ -->\n<title>Encuentre un experto - IAI - Inter-American Institute for Global Change Research<\/title>\n<meta name=\"robots\" content=\"index, follow, max-snippet:-1, max-image-preview:large, max-video-preview:-1\" \/>\n<link rel=\"canonical\" href=\"https:\/\/iai.int\/en\/encuentre-un-experto\/\" \/>\n<meta property=\"og:locale\" content=\"en_US\" \/>\n<meta property=\"og:type\" content=\"article\" \/>\n<meta property=\"og:title\" content=\"Encuentre un experto - IAI - Inter-American Institute for Global Change Research\" \/>\n<meta property=\"og:description\" content=\"La Direcci\u00f3n Ejecutiva del IAI ha compilado una lista expertos en la regi\u00f3n que est\u00e1n disponibles para consulta por parte de actores como tomadores de decisi\u00f3n, periodistas, estudiantes, cient\u00edficos y la sociedad civil. Los expertos seleccionados han estado vinculados al IAI, como miembros anteriores y actuales del Comit\u00e9 Asesor Cient\u00edfico (SAC) y del Comit\u00e9 Asesor [&hellip;]\" \/>\n<meta property=\"og:url\" content=\"https:\/\/iai.int\/en\/encuentre-un-experto\/\" \/>\n<meta property=\"og:site_name\" content=\"IAI - Inter-American Institute for Global Change Research\" \/>\n<meta property=\"og:image\" content=\"https:\/\/iai.int\/administrador\/assets\/images\/ckfinder\/files\/ocho%20Temas%20IAI%20(1).jpg\" \/>\n<meta name=\"twitter:card\" content=\"summary_large_image\" \/>\n<script type=\"application\/ld+json\" class=\"yoast-schema-graph\">{\"@context\":\"https:\\\/\\\/schema.org\",\"@graph\":[{\"@type\":\"WebPage\",\"@id\":\"https:\\\/\\\/iai.int\\\/en\\\/encuentre-un-experto\\\/\",\"url\":\"https:\\\/\\\/iai.int\\\/en\\\/encuentre-un-experto\\\/\",\"name\":\"Encuentre un experto - IAI - Inter-American Institute for Global Change Research\",\"isPartOf\":{\"@id\":\"https:\\\/\\\/iai.int\\\/en\\\/#website\"},\"primaryImageOfPage\":{\"@id\":\"https:\\\/\\\/iai.int\\\/en\\\/encuentre-un-experto\\\/#primaryimage\"},\"image\":{\"@id\":\"https:\\\/\\\/iai.int\\\/en\\\/encuentre-un-experto\\\/#primaryimage\"},\"thumbnailUrl\":\"https:\\\/\\\/iai.int\\\/administrador\\\/assets\\\/images\\\/ckfinder\\\/files\\\/ocho%20Temas%20IAI%20(1).jpg\",\"datePublished\":\"2024-08-28T23:31:47+00:00\",\"breadcrumb\":{\"@id\":\"https:\\\/\\\/iai.int\\\/en\\\/encuentre-un-experto\\\/#breadcrumb\"},\"inLanguage\":\"en-US\",\"potentialAction\":[{\"@type\":\"ReadAction\",\"target\":[\"https:\\\/\\\/iai.int\\\/en\\\/encuentre-un-experto\\\/\"]}]},{\"@type\":\"ImageObject\",\"inLanguage\":\"en-US\",\"@id\":\"https:\\\/\\\/iai.int\\\/en\\\/encuentre-un-experto\\\/#primaryimage\",\"url\":\"https:\\\/\\\/iai.int\\\/administrador\\\/assets\\\/images\\\/ckfinder\\\/files\\\/ocho%20Temas%20IAI%20(1).jpg\",\"contentUrl\":\"https:\\\/\\\/iai.int\\\/administrador\\\/assets\\\/images\\\/ckfinder\\\/files\\\/ocho%20Temas%20IAI%20(1).jpg\"},{\"@type\":\"BreadcrumbList\",\"@id\":\"https:\\\/\\\/iai.int\\\/en\\\/encuentre-un-experto\\\/#breadcrumb\",\"itemListElement\":[{\"@type\":\"ListItem\",\"position\":1,\"name\":\"Portada\",\"item\":\"https:\\\/\\\/iai.int\\\/en\\\/\"},{\"@type\":\"ListItem\",\"position\":2,\"name\":\"Encuentre un experto\"}]},{\"@type\":\"WebSite\",\"@id\":\"https:\\\/\\\/iai.int\\\/en\\\/#website\",\"url\":\"https:\\\/\\\/iai.int\\\/en\\\/\",\"name\":\"IAI - Inter-American Institute for Global Change Research\",\"description\":\"\",\"publisher\":{\"@id\":\"https:\\\/\\\/iai.int\\\/en\\\/#organization\"},\"potentialAction\":[{\"@type\":\"SearchAction\",\"target\":{\"@type\":\"EntryPoint\",\"urlTemplate\":\"https:\\\/\\\/iai.int\\\/en\\\/?s={search_term_string}\"},\"query-input\":{\"@type\":\"PropertyValueSpecification\",\"valueRequired\":true,\"valueName\":\"search_term_string\"}}],\"inLanguage\":\"en-US\"},{\"@type\":\"Organization\",\"@id\":\"https:\\\/\\\/iai.int\\\/en\\\/#organization\",\"name\":\"IAI - Inter-American Institute for Global Change Research\",\"url\":\"https:\\\/\\\/iai.int\\\/en\\\/\",\"logo\":{\"@type\":\"ImageObject\",\"inLanguage\":\"en-US\",\"@id\":\"https:\\\/\\\/iai.int\\\/en\\\/#\\\/schema\\\/logo\\\/image\\\/\",\"url\":\"https:\\\/\\\/iai.int\\\/wp-content\\\/uploads\\\/2025\\\/11\\\/IAI-logo-English-scaled.png\",\"contentUrl\":\"https:\\\/\\\/iai.int\\\/wp-content\\\/uploads\\\/2025\\\/11\\\/IAI-logo-English-scaled.png\",\"width\":2560,\"height\":985,\"caption\":\"IAI - Inter-American Institute for Global Change Research\"},\"image\":{\"@id\":\"https:\\\/\\\/iai.int\\\/en\\\/#\\\/schema\\\/logo\\\/image\\\/\"}}]}<\/script>\n<!-- \/ Yoast SEO plugin. -->","yoast_head_json":{"title":"Encuentre un experto - IAI - Inter-American Institute for Global Change Research","robots":{"index":"index","follow":"follow","max-snippet":"max-snippet:-1","max-image-preview":"max-image-preview:large","max-video-preview":"max-video-preview:-1"},"canonical":"https:\/\/iai.int\/en\/encuentre-un-experto\/","og_locale":"en_US","og_type":"article","og_title":"Encuentre un experto - IAI - Inter-American Institute for Global Change Research","og_description":"La Direcci\u00f3n Ejecutiva del IAI ha compilado una lista expertos en la regi\u00f3n que est\u00e1n disponibles para consulta por parte de actores como tomadores de decisi\u00f3n, periodistas, estudiantes, cient\u00edficos y la sociedad civil. Los expertos seleccionados han estado vinculados al IAI, como miembros anteriores y actuales del Comit\u00e9 Asesor Cient\u00edfico (SAC) y del Comit\u00e9 Asesor [&hellip;]","og_url":"https:\/\/iai.int\/en\/encuentre-un-experto\/","og_site_name":"IAI - Inter-American Institute for Global Change Research","og_image":[{"url":"https:\/\/iai.int\/administrador\/assets\/images\/ckfinder\/files\/ocho%20Temas%20IAI%20(1).jpg","type":"","width":"","height":""}],"twitter_card":"summary_large_image","schema":{"@context":"https:\/\/schema.org","@graph":[{"@type":"WebPage","@id":"https:\/\/iai.int\/en\/encuentre-un-experto\/","url":"https:\/\/iai.int\/en\/encuentre-un-experto\/","name":"Encuentre un experto - IAI - Inter-American Institute for Global Change Research","isPartOf":{"@id":"https:\/\/iai.int\/en\/#website"},"primaryImageOfPage":{"@id":"https:\/\/iai.int\/en\/encuentre-un-experto\/#primaryimage"},"image":{"@id":"https:\/\/iai.int\/en\/encuentre-un-experto\/#primaryimage"},"thumbnailUrl":"https:\/\/iai.int\/administrador\/assets\/images\/ckfinder\/files\/ocho%20Temas%20IAI%20(1).jpg","datePublished":"2024-08-28T23:31:47+00:00","breadcrumb":{"@id":"https:\/\/iai.int\/en\/encuentre-un-experto\/#breadcrumb"},"inLanguage":"en-US","potentialAction":[{"@type":"ReadAction","target":["https:\/\/iai.int\/en\/encuentre-un-experto\/"]}]},{"@type":"ImageObject","inLanguage":"en-US","@id":"https:\/\/iai.int\/en\/encuentre-un-experto\/#primaryimage","url":"https:\/\/iai.int\/administrador\/assets\/images\/ckfinder\/files\/ocho%20Temas%20IAI%20(1).jpg","contentUrl":"https:\/\/iai.int\/administrador\/assets\/images\/ckfinder\/files\/ocho%20Temas%20IAI%20(1).jpg"},{"@type":"BreadcrumbList","@id":"https:\/\/iai.int\/en\/encuentre-un-experto\/#breadcrumb","itemListElement":[{"@type":"ListItem","position":1,"name":"Portada","item":"https:\/\/iai.int\/en\/"},{"@type":"ListItem","position":2,"name":"Encuentre un experto"}]},{"@type":"WebSite","@id":"https:\/\/iai.int\/en\/#website","url":"https:\/\/iai.int\/en\/","name":"IAI - Inter-American Institute for Global Change Research","description":"","publisher":{"@id":"https:\/\/iai.int\/en\/#organization"},"potentialAction":[{"@type":"SearchAction","target":{"@type":"EntryPoint","urlTemplate":"https:\/\/iai.int\/en\/?s={search_term_string}"},"query-input":{"@type":"PropertyValueSpecification","valueRequired":true,"valueName":"search_term_string"}}],"inLanguage":"en-US"},{"@type":"Organization","@id":"https:\/\/iai.int\/en\/#organization","name":"IAI - Inter-American Institute for Global Change Research","url":"https:\/\/iai.int\/en\/","logo":{"@type":"ImageObject","inLanguage":"en-US","@id":"https:\/\/iai.int\/en\/#\/schema\/logo\/image\/","url":"https:\/\/iai.int\/wp-content\/uploads\/2025\/11\/IAI-logo-English-scaled.png","contentUrl":"https:\/\/iai.int\/wp-content\/uploads\/2025\/11\/IAI-logo-English-scaled.png","width":2560,"height":985,"caption":"IAI - Inter-American Institute for Global Change Research"},"image":{"@id":"https:\/\/iai.int\/en\/#\/schema\/logo\/image\/"}}]}},"uagb_featured_image_src":{"full":false,"thumbnail":false,"medium":false,"medium_large":false,"large":false,"1536x1536":false,"2048x2048":false},"uagb_author_info":{"display_name":"admin","author_link":"https:\/\/iai.int\/en\/author\/admin\/"},"uagb_comment_info":0,"uagb_excerpt":"La Direcci\u00f3n Ejecutiva del IAI ha compilado una lista expertos en la regi\u00f3n que est\u00e1n disponibles para consulta por parte de actores como tomadores de decisi\u00f3n, periodistas, estudiantes, cient\u00edficos y la sociedad civil. Los expertos seleccionados han estado vinculados al IAI, como miembros anteriores y actuales del Comit\u00e9 Asesor Cient\u00edfico (SAC) y del Comit\u00e9 Asesor&hellip;","_links":{"self":[{"href":"https:\/\/iai.int\/en\/wp-json\/wp\/v2\/pages\/1725","targetHints":{"allow":["GET"]}}],"collection":[{"href":"https:\/\/iai.int\/en\/wp-json\/wp\/v2\/pages"}],"about":[{"href":"https:\/\/iai.int\/en\/wp-json\/wp\/v2\/types\/page"}],"author":[{"embeddable":true,"href":"https:\/\/iai.int\/en\/wp-json\/wp\/v2\/users\/1"}],"replies":[{"embeddable":true,"href":"https:\/\/iai.int\/en\/wp-json\/wp\/v2\/comments?post=1725"}],"version-history":[{"count":0,"href":"https:\/\/iai.int\/en\/wp-json\/wp\/v2\/pages\/1725\/revisions"}],"wp:attachment":[{"href":"https:\/\/iai.int\/en\/wp-json\/wp\/v2\/media?parent=1725"}],"curies":[{"name":"wp","href":"https:\/\/api.w.org\/{rel}","templated":true}]}}