{"id":1712,"date":"2024-09-14T17:50:48","date_gmt":"2024-09-14T22:50:48","guid":{"rendered":"https:\/\/iai.int\/resiliencia-socio-ecologica-ante-el-cambio-ambiental-global-en-territorios-heterogeneos-construyendo-una-plataforma-comun-para-investigacion-y-accion-sgp-hw-090\/"},"modified":"2025-11-27T13:28:51","modified_gmt":"2025-11-27T18:28:51","slug":"resiliencia-socio-ecologica-ante-el-cambio-ambiental-global-en-territorios-heterogeneos-construyendo-una-plataforma-comun-para-investigacion-y-accion-sgp-hw-090","status":"publish","type":"page","link":"https:\/\/iai.int\/en\/resiliencia-socio-ecologica-ante-el-cambio-ambiental-global-en-territorios-heterogeneos-construyendo-una-plataforma-comun-para-investigacion-y-accion-sgp-hw-090\/","title":{"rendered":"Resiliencia socio-ecol\u00f3gica ante el cambio ambiental global en territorios heterog\u00e9neos \u2013 construyendo una plataforma com\u00fan para investigaci\u00f3n y acci\u00f3n (SGP-HW 090)"},"content":{"rendered":"\n<h3 class=\"wp-block-heading\">INFORMACI\u00d3N DE PROYECTO<\/h3>\n\n\n\n<p><strong>Investigador principal:<\/strong><\/p>\n\n\n\n<p><em>Sandra D\u00edaz,<\/em>\u00a0IMBIV-N\u00facleo DiverSus, C\u00f3rdoba, Argentina.<br>Contact:\u00a0<a href=\"mailto:sandra.diaz@unc.edu.ar\" target=\"_blank\" rel=\"noreferrer noopener\">sandra.diaz@unc.edu.ar<\/a>;<br>Phone: +54 315 5353800 int 30022<\/p>\n\n\n\n<p><strong>Duraci\u00f3n y monto:<\/strong><\/p>\n\n\n\n<p>(Junio 2019 \u2013 2022). USD 199,472<\/p>\n\n\n\n<p><strong>Pa\u00edses participantes:<\/strong><\/p>\n\n\n\n<p>Argentina, Brasil, Colombia, Canada<\/p>\n\n\n\n<p><strong>Informe de proyecto:<\/strong><a href=\"https:\/\/iai.int\/pdf\/es\/ProjectBrief_090_es_merged.pdf\" target=\"_blank\" rel=\"noreferrer noopener\"><strong>Un camino para entender la resiliencia socioecol\u00f3gica y la capacidad de adaptaci\u00f3n<\/strong><\/a><\/p>\n\n\n\n<p><strong><a href=\"https:\/\/iai.int\/es\/post\/detail\/socio-ecological-resilience-in-the-face-of-global-environmental-change-in-heterogeneous-landscapes#summary\">Resumen ejecutivo<\/a>&nbsp;<a href=\"https:\/\/iai.int\/es\/post\/detail\/socio-ecological-resilience-in-the-face-of-global-environmental-change-in-heterogeneous-landscapes#resultados\">Resultados<\/a>&nbsp;<a href=\"https:\/\/iai.int\/es\/post\/detail\/socio-ecological-resilience-in-the-face-of-global-environmental-change-in-heterogeneous-landscapes#extensi%C3%B3n\">Extensi\u00f3n<\/a><a href=\"https:\/\/iai.int\/es\/post\/detail\/socio-ecological-resilience-in-the-face-of-global-environmental-change-in-heterogeneous-landscapes#desarrollo\">Desarrollo<\/a>&nbsp;<a href=\"https:\/\/iai.int\/es\/post\/detail\/socio-ecological-resilience-in-the-face-of-global-environmental-change-in-heterogeneous-landscapes#investigadores\">Investigadores<\/a>&nbsp;<a href=\"https:\/\/iai.int\/es\/post\/detail\/socio-ecological-resilience-in-the-face-of-global-environmental-change-in-heterogeneous-landscapes#estudiantes\">Estudiantes<\/a><\/strong><\/p>\n\n\n\n<h3 class=\"wp-block-heading\" id=\"summary\">Resumen Ejecutivo<\/h3>\n\n\n\n<p>Proponemos la construcci\u00f3n de una plataforma compartida para comprender la capacidad de adaptaci\u00f3n socioecol\u00f3gica y la capacidad de adaptaci\u00f3n ante el r\u00e1pido cambio ambiental a gran escala. Esto incluir\u00e1 la coproducci\u00f3n, entre cient\u00edficos y una amplia gama de otras partes interesadas, de un marco compartido, un conjunto de preguntas de investigaci\u00f3n y una ruta detallada para su implementaci\u00f3n en la investigaci\u00f3n, pr\u00e1ctica y pol\u00edtica emp\u00edrica. El contexto espec\u00edfico ser\u00e1 los bosques ecol\u00f3gicos y socialmente heterog\u00e9neos estacionalmente secos de Am\u00e9rica del Sur, sujetos a cambios r\u00e1pidos principalmente debido a factores clim\u00e1ticos, ecol\u00f3gicos y sociales mundiales. Con ese fin, hemos reunido una red que involucra a cient\u00edficos sociales, naturales e interdisciplinarios de 8 instituciones acad\u00e9micas en 4 pa\u00edses y &gt; 15 actores gubernamentales y no estatales.<\/p>\n\n\n\n<p>Durante el per\u00edodo de 2 a\u00f1os del Proyecto de peque\u00f1os subsidios, proponemos nutrir la red llevando a cabo talleres de m\u00faltiples partes interesadas en 4 ubicaciones diferentes de bosques secos estacionalmente de Argentina, Brasil y Colombia. Estos talleres contribuir\u00e1n a la construcci\u00f3n conjunta de una plataforma de conocimiento compartida y la identificaci\u00f3n, a trav\u00e9s de un proceso de codise\u00f1o con m\u00faltiples partes interesadas, de cuestiones y aspectos claves relacionados con la resiliencia y la capacidad de adaptaci\u00f3n al cambio global. Estos resultados ser\u00e1n los pilares de un segundo proyecto de mayor presupuesto a m\u00e1s largo plazo, que involucrar\u00e1 a un mayor n\u00famero de cient\u00edficos, partes interesadas y territorios, y tendr\u00e1 como objetivo probar emp\u00edricamente las preguntas codise\u00f1adas resultantes del Programa de peque\u00f1os subsidios. Los resultados adicionales a corto plazo ser\u00e1n productos de s\u00edntesis cient\u00edficos y multisectoriales sobre resiliencia ecol\u00f3gica y social, y sobre la pr\u00e1ctica del codise\u00f1o transdisciplinario.<\/p>\n\n\n\n<h3 class=\"wp-block-heading\" id=\"resultados\">Resultados<\/h3>\n\n\n\n<p>Este proyecto est\u00e1 construyendo una plataforma compartida para comprender la resiliencia socioecol\u00f3gica y la capacidad de adaptaci\u00f3n frente al r\u00e1pido cambio ambiental a gran escala. Esto incluir\u00e1 la coproducci\u00f3n, entre cient\u00edficos y una amplia gama de otras partes interesadas, de un marco compartido, un conjunto de preguntas de investigaci\u00f3n y un camino detallado para su implementaci\u00f3n en la investigaci\u00f3n emp\u00edrica, la pr\u00e1ctica y la pol\u00edtica.<\/p>\n\n\n\n<p>La ciencia que est\u00e1 llevando a cabo el equipo pretende ser relevante para diferentes partes interesadas, como los encargados de la toma de decisiones en los diferentes organismos gubernamentales, as\u00ed como los productores agr\u00edcolas de mediana y gran escala, los productores, campesinos y agricultores diversificados a peque\u00f1a escala y las diferentes organizaciones de la sociedad civil que trabajan en el bienestar humano y natural en los territorios. A trav\u00e9s de los talleres de partes interesadas del proyecto, los rendimientos ya han comenzado a involucrar a las partes interesadas que, en gran medida, no suelen encontrarse juntas sobre la mesa.<\/p>\n\n\n\n<p>Los investigadores han publicado un informe de referencia de climatolog\u00eda para una regi\u00f3n de Argentina que incluye C\u00f3rdoba y Copo; informes similares se est\u00e1n elaborando para otras regiones.<\/p>\n\n\n\n<h3 class=\"wp-block-heading\" id=\"extensi\u00f3n\">Extensi\u00f3n<\/h3>\n\n\n\n<h3 class=\"wp-block-heading\" id=\"investigadores\">Investigadores<\/h3>\n\n\n\n<h3 class=\"wp-block-heading\">Investigador Principal<\/h3>\n\n\n\n<p><strong>Argentina:<\/strong><\/p>\n\n\n\n<p><em>Sandra Diaz, IMBIV (CONICET- UNC)<\/em><br>E-mail: <a href=\"mailto:sandra.diaz@unc.edu.ar\" target=\"_blank\" rel=\"noreferrer noopener\">sandra.diaz@unc.edu.ar<\/a><\/p>\n\n\n\n<h3 class=\"wp-block-heading\">Investigadores Co-Principales (co-PI)<\/h3>\n\n\n\n<p><strong>Argentina<\/strong><\/p>\n\n\n\n<p><em>Daniel M. C\u00e1ceres, Universidad Nacional de C\u00f3rdoba<\/em><br><a href=\"mailto:dcaceres@agro.unc.edu.ar\" target=\"_blank\" rel=\"noreferrer noopener\">dcaceres@agro.unc.edu.ar<\/a><\/p>\n\n\n\n<p><em>Mat\u00edas Mastr\u00e1ngelo, Unidad Integrada Balcarce (INTA &#8211; UNMdP &#8211; CONICET)<\/em><br><a href=\"mailto:mastrangelo.matias@inta.gob.ar\" target=\"_blank\" rel=\"noreferrer noopener\">mastrangelo.matias@inta.gob.ar<\/a>, <a href=\"mailto:matimastra@gmail.com\" target=\"_blank\" rel=\"noreferrer noopener\">matimastra@gmail.com<\/a><\/p>\n\n\n\n<p><em>Natalia P\u00e9rez Harguindeguy, Universidad Nacional de C\u00f3rdoba<\/em><br><a href=\"mailto:perez.h.natalia@gmail.com\" target=\"_blank\" rel=\"noreferrer noopener\">perez.h.natalia@gmail.com<\/a><\/p>\n\n\n\n<p><em>Carolina Vera, Centro de Investigaciones del Mar y la Atm\u00f3sfera (CIMA) \/ Universidad de Buenos Aires &#8211; CONICET<\/em><br><a href=\"mailto:carolina@cima.fcen.uba.ar\" target=\"_blank\" rel=\"noreferrer noopener\">carolina@cima.fcen.uba.ar<\/a><\/p>\n\n\n\n<p><strong>Brasil<\/strong><\/p>\n\n\n\n<p><em>Pedro H. S. Brancalion, Universidade de S\u00e3o Paulo<\/em><br><a href=\"mailto:pedrob@usp.br\" target=\"_blank\" rel=\"noreferrer noopener\">pedrob@usp.br<\/a><\/p>\n\n\n\n<p><strong>Canad\u00e1<\/strong><\/p>\n\n\n\n<p><em>Yann\u00a0le Polain de Waroux, Institute for the Study of International Development &amp; Department of Geography, McGill University<\/em><br><a href=\"mailto:yann.lepolaindewaroux@mcgill.ca\" target=\"_blank\" rel=\"noreferrer noopener\">yann.lepolaindewaroux@mcgill.ca<\/a><\/p>\n\n\n\n<p><strong>Colombia<\/strong><\/p>\n\n\n\n<p><em>Olga L. Hern\u00e1ndez-Manrique, Instituto de Investigaci\u00f3n de Recursos Biol\u00f3gicos Alexander von Humboldt<\/em><br><a href=\"mailto:ohernandez@humboldt.org.co\" target=\"_blank\" rel=\"noreferrer noopener\">ohernandez@humboldt.org.co<\/a><\/p>\n\n\n\n<h3 class=\"wp-block-heading\" id=\"estudiantes\">Estudiantes<\/h3>\n","protected":false},"excerpt":{"rendered":"<p>INFORMACI\u00d3N DE PROYECTO Investigador principal: Sandra D\u00edaz,\u00a0IMBIV-N\u00facleo DiverSus, C\u00f3rdoba, Argentina.Contact:\u00a0sandra.diaz@unc.edu.ar;Phone: +54 315 5353800 int 30022 Duraci\u00f3n y monto: (Junio 2019 \u2013 2022). USD 199,472 Pa\u00edses participantes: Argentina, Brasil, Colombia, Canada Informe de proyecto:Un camino para entender la resiliencia socioecol\u00f3gica y la capacidad de adaptaci\u00f3n Resumen ejecutivo&nbsp;Resultados&nbsp;Extensi\u00f3nDesarrollo&nbsp;Investigadores&nbsp;Estudiantes Resumen Ejecutivo Proponemos la construcci\u00f3n de una plataforma compartida [&hellip;]<\/p>\n","protected":false},"author":1,"featured_media":11914,"parent":0,"menu_order":0,"comment_status":"closed","ping_status":"closed","template":"elementor_theme","meta":{"_acf_changed":false,"_uag_custom_page_level_css":"","footnotes":""},"class_list":["post-1712","page","type-page","status-publish","has-post-thumbnail","hentry"],"acf":[],"yoast_head":"<!-- This site is optimized with the Yoast SEO plugin v27.3 - https:\/\/yoast.com\/product\/yoast-seo-wordpress\/ -->\n<title>Resiliencia socio-ecol\u00f3gica ante el cambio ambiental global en territorios heterog\u00e9neos \u2013 construyendo una plataforma com\u00fan para investigaci\u00f3n y acci\u00f3n (SGP-HW 090) - IAI - Inter-American Institute for Global Change Research<\/title>\n<meta name=\"robots\" content=\"index, follow, max-snippet:-1, max-image-preview:large, max-video-preview:-1\" \/>\n<link rel=\"canonical\" href=\"https:\/\/iai.int\/en\/resiliencia-socio-ecologica-ante-el-cambio-ambiental-global-en-territorios-heterogeneos-construyendo-una-plataforma-comun-para-investigacion-y-accion-sgp-hw-090\/\" \/>\n<meta property=\"og:locale\" content=\"en_US\" \/>\n<meta property=\"og:type\" content=\"article\" \/>\n<meta property=\"og:title\" content=\"Resiliencia socio-ecol\u00f3gica ante el cambio ambiental global en territorios heterog\u00e9neos \u2013 construyendo una plataforma com\u00fan para investigaci\u00f3n y acci\u00f3n (SGP-HW 090) - IAI - Inter-American Institute for Global Change Research\" \/>\n<meta property=\"og:description\" content=\"INFORMACI\u00d3N DE PROYECTO Investigador principal: Sandra D\u00edaz,\u00a0IMBIV-N\u00facleo DiverSus, C\u00f3rdoba, Argentina.Contact:\u00a0sandra.diaz@unc.edu.ar;Phone: +54 315 5353800 int 30022 Duraci\u00f3n y monto: (Junio 2019 \u2013 2022). USD 199,472 Pa\u00edses participantes: Argentina, Brasil, Colombia, Canada Informe de proyecto:Un camino para entender la resiliencia socioecol\u00f3gica y la capacidad de adaptaci\u00f3n Resumen ejecutivo&nbsp;Resultados&nbsp;Extensi\u00f3nDesarrollo&nbsp;Investigadores&nbsp;Estudiantes Resumen Ejecutivo Proponemos la construcci\u00f3n de una plataforma compartida [&hellip;]\" \/>\n<meta property=\"og:url\" content=\"https:\/\/iai.int\/en\/resiliencia-socio-ecologica-ante-el-cambio-ambiental-global-en-territorios-heterogeneos-construyendo-una-plataforma-comun-para-investigacion-y-accion-sgp-hw-090\/\" \/>\n<meta property=\"og:site_name\" content=\"IAI - Inter-American Institute for Global Change Research\" \/>\n<meta property=\"article:modified_time\" content=\"2025-11-27T18:28:51+00:00\" \/>\n<meta property=\"og:image\" content=\"https:\/\/iai.int\/wp-content\/uploads\/2025\/11\/BANNERS-NUEVA-WEB-3-8.png\" \/>\n\t<meta property=\"og:image:width\" content=\"1772\" \/>\n\t<meta property=\"og:image:height\" content=\"551\" \/>\n\t<meta property=\"og:image:type\" content=\"image\/png\" \/>\n<meta name=\"twitter:card\" content=\"summary_large_image\" \/>\n<meta name=\"twitter:label1\" content=\"Est. reading time\" \/>\n\t<meta name=\"twitter:data1\" content=\"4 minutes\" \/>\n<script type=\"application\/ld+json\" class=\"yoast-schema-graph\">{\"@context\":\"https:\\\/\\\/schema.org\",\"@graph\":[{\"@type\":\"WebPage\",\"@id\":\"https:\\\/\\\/iai.int\\\/en\\\/resiliencia-socio-ecologica-ante-el-cambio-ambiental-global-en-territorios-heterogeneos-construyendo-una-plataforma-comun-para-investigacion-y-accion-sgp-hw-090\\\/\",\"url\":\"https:\\\/\\\/iai.int\\\/en\\\/resiliencia-socio-ecologica-ante-el-cambio-ambiental-global-en-territorios-heterogeneos-construyendo-una-plataforma-comun-para-investigacion-y-accion-sgp-hw-090\\\/\",\"name\":\"Resiliencia socio-ecol\u00f3gica ante el cambio ambiental global en territorios heterog\u00e9neos \u2013 construyendo una plataforma com\u00fan para investigaci\u00f3n y acci\u00f3n (SGP-HW 090) - IAI - Inter-American Institute for Global Change Research\",\"isPartOf\":{\"@id\":\"https:\\\/\\\/iai.int\\\/en\\\/#website\"},\"primaryImageOfPage\":{\"@id\":\"https:\\\/\\\/iai.int\\\/en\\\/resiliencia-socio-ecologica-ante-el-cambio-ambiental-global-en-territorios-heterogeneos-construyendo-una-plataforma-comun-para-investigacion-y-accion-sgp-hw-090\\\/#primaryimage\"},\"image\":{\"@id\":\"https:\\\/\\\/iai.int\\\/en\\\/resiliencia-socio-ecologica-ante-el-cambio-ambiental-global-en-territorios-heterogeneos-construyendo-una-plataforma-comun-para-investigacion-y-accion-sgp-hw-090\\\/#primaryimage\"},\"thumbnailUrl\":\"https:\\\/\\\/iai.int\\\/wp-content\\\/uploads\\\/2025\\\/11\\\/BANNERS-NUEVA-WEB-3-8.png\",\"datePublished\":\"2024-09-14T22:50:48+00:00\",\"dateModified\":\"2025-11-27T18:28:51+00:00\",\"breadcrumb\":{\"@id\":\"https:\\\/\\\/iai.int\\\/en\\\/resiliencia-socio-ecologica-ante-el-cambio-ambiental-global-en-territorios-heterogeneos-construyendo-una-plataforma-comun-para-investigacion-y-accion-sgp-hw-090\\\/#breadcrumb\"},\"inLanguage\":\"en-US\",\"potentialAction\":[{\"@type\":\"ReadAction\",\"target\":[\"https:\\\/\\\/iai.int\\\/en\\\/resiliencia-socio-ecologica-ante-el-cambio-ambiental-global-en-territorios-heterogeneos-construyendo-una-plataforma-comun-para-investigacion-y-accion-sgp-hw-090\\\/\"]}]},{\"@type\":\"ImageObject\",\"inLanguage\":\"en-US\",\"@id\":\"https:\\\/\\\/iai.int\\\/en\\\/resiliencia-socio-ecologica-ante-el-cambio-ambiental-global-en-territorios-heterogeneos-construyendo-una-plataforma-comun-para-investigacion-y-accion-sgp-hw-090\\\/#primaryimage\",\"url\":\"https:\\\/\\\/iai.int\\\/wp-content\\\/uploads\\\/2025\\\/11\\\/BANNERS-NUEVA-WEB-3-8.png\",\"contentUrl\":\"https:\\\/\\\/iai.int\\\/wp-content\\\/uploads\\\/2025\\\/11\\\/BANNERS-NUEVA-WEB-3-8.png\",\"width\":1772,\"height\":551},{\"@type\":\"BreadcrumbList\",\"@id\":\"https:\\\/\\\/iai.int\\\/en\\\/resiliencia-socio-ecologica-ante-el-cambio-ambiental-global-en-territorios-heterogeneos-construyendo-una-plataforma-comun-para-investigacion-y-accion-sgp-hw-090\\\/#breadcrumb\",\"itemListElement\":[{\"@type\":\"ListItem\",\"position\":1,\"name\":\"Portada\",\"item\":\"https:\\\/\\\/iai.int\\\/en\\\/\"},{\"@type\":\"ListItem\",\"position\":2,\"name\":\"Resiliencia socio-ecol\u00f3gica ante el cambio ambiental global en territorios heterog\u00e9neos \u2013 construyendo una plataforma com\u00fan para investigaci\u00f3n y acci\u00f3n (SGP-HW 090)\"}]},{\"@type\":\"WebSite\",\"@id\":\"https:\\\/\\\/iai.int\\\/en\\\/#website\",\"url\":\"https:\\\/\\\/iai.int\\\/en\\\/\",\"name\":\"IAI - Inter-American Institute for Global Change Research\",\"description\":\"\",\"publisher\":{\"@id\":\"https:\\\/\\\/iai.int\\\/en\\\/#organization\"},\"potentialAction\":[{\"@type\":\"SearchAction\",\"target\":{\"@type\":\"EntryPoint\",\"urlTemplate\":\"https:\\\/\\\/iai.int\\\/en\\\/?s={search_term_string}\"},\"query-input\":{\"@type\":\"PropertyValueSpecification\",\"valueRequired\":true,\"valueName\":\"search_term_string\"}}],\"inLanguage\":\"en-US\"},{\"@type\":\"Organization\",\"@id\":\"https:\\\/\\\/iai.int\\\/en\\\/#organization\",\"name\":\"IAI - Inter-American Institute for Global Change Research\",\"url\":\"https:\\\/\\\/iai.int\\\/en\\\/\",\"logo\":{\"@type\":\"ImageObject\",\"inLanguage\":\"en-US\",\"@id\":\"https:\\\/\\\/iai.int\\\/en\\\/#\\\/schema\\\/logo\\\/image\\\/\",\"url\":\"https:\\\/\\\/iai.int\\\/wp-content\\\/uploads\\\/2025\\\/11\\\/IAI-logo-English-scaled.png\",\"contentUrl\":\"https:\\\/\\\/iai.int\\\/wp-content\\\/uploads\\\/2025\\\/11\\\/IAI-logo-English-scaled.png\",\"width\":2560,\"height\":985,\"caption\":\"IAI - Inter-American Institute for Global Change Research\"},\"image\":{\"@id\":\"https:\\\/\\\/iai.int\\\/en\\\/#\\\/schema\\\/logo\\\/image\\\/\"}}]}<\/script>\n<!-- \/ Yoast SEO plugin. -->","yoast_head_json":{"title":"Resiliencia socio-ecol\u00f3gica ante el cambio ambiental global en territorios heterog\u00e9neos \u2013 construyendo una plataforma com\u00fan para investigaci\u00f3n y acci\u00f3n (SGP-HW 090) - IAI - Inter-American Institute for Global Change Research","robots":{"index":"index","follow":"follow","max-snippet":"max-snippet:-1","max-image-preview":"max-image-preview:large","max-video-preview":"max-video-preview:-1"},"canonical":"https:\/\/iai.int\/en\/resiliencia-socio-ecologica-ante-el-cambio-ambiental-global-en-territorios-heterogeneos-construyendo-una-plataforma-comun-para-investigacion-y-accion-sgp-hw-090\/","og_locale":"en_US","og_type":"article","og_title":"Resiliencia socio-ecol\u00f3gica ante el cambio ambiental global en territorios heterog\u00e9neos \u2013 construyendo una plataforma com\u00fan para investigaci\u00f3n y acci\u00f3n (SGP-HW 090) - IAI - Inter-American Institute for Global Change Research","og_description":"INFORMACI\u00d3N DE PROYECTO Investigador principal: Sandra D\u00edaz,\u00a0IMBIV-N\u00facleo DiverSus, C\u00f3rdoba, Argentina.Contact:\u00a0sandra.diaz@unc.edu.ar;Phone: +54 315 5353800 int 30022 Duraci\u00f3n y monto: (Junio 2019 \u2013 2022). USD 199,472 Pa\u00edses participantes: Argentina, Brasil, Colombia, Canada Informe de proyecto:Un camino para entender la resiliencia socioecol\u00f3gica y la capacidad de adaptaci\u00f3n Resumen ejecutivo&nbsp;Resultados&nbsp;Extensi\u00f3nDesarrollo&nbsp;Investigadores&nbsp;Estudiantes Resumen Ejecutivo Proponemos la construcci\u00f3n de una plataforma compartida [&hellip;]","og_url":"https:\/\/iai.int\/en\/resiliencia-socio-ecologica-ante-el-cambio-ambiental-global-en-territorios-heterogeneos-construyendo-una-plataforma-comun-para-investigacion-y-accion-sgp-hw-090\/","og_site_name":"IAI - Inter-American Institute for Global Change Research","article_modified_time":"2025-11-27T18:28:51+00:00","og_image":[{"width":1772,"height":551,"url":"https:\/\/iai.int\/wp-content\/uploads\/2025\/11\/BANNERS-NUEVA-WEB-3-8.png","type":"image\/png"}],"twitter_card":"summary_large_image","twitter_misc":{"Est. reading time":"4 minutes"},"schema":{"@context":"https:\/\/schema.org","@graph":[{"@type":"WebPage","@id":"https:\/\/iai.int\/en\/resiliencia-socio-ecologica-ante-el-cambio-ambiental-global-en-territorios-heterogeneos-construyendo-una-plataforma-comun-para-investigacion-y-accion-sgp-hw-090\/","url":"https:\/\/iai.int\/en\/resiliencia-socio-ecologica-ante-el-cambio-ambiental-global-en-territorios-heterogeneos-construyendo-una-plataforma-comun-para-investigacion-y-accion-sgp-hw-090\/","name":"Resiliencia socio-ecol\u00f3gica ante el cambio ambiental global en territorios heterog\u00e9neos \u2013 construyendo una plataforma com\u00fan para investigaci\u00f3n y acci\u00f3n (SGP-HW 090) - IAI - Inter-American Institute for Global Change Research","isPartOf":{"@id":"https:\/\/iai.int\/en\/#website"},"primaryImageOfPage":{"@id":"https:\/\/iai.int\/en\/resiliencia-socio-ecologica-ante-el-cambio-ambiental-global-en-territorios-heterogeneos-construyendo-una-plataforma-comun-para-investigacion-y-accion-sgp-hw-090\/#primaryimage"},"image":{"@id":"https:\/\/iai.int\/en\/resiliencia-socio-ecologica-ante-el-cambio-ambiental-global-en-territorios-heterogeneos-construyendo-una-plataforma-comun-para-investigacion-y-accion-sgp-hw-090\/#primaryimage"},"thumbnailUrl":"https:\/\/iai.int\/wp-content\/uploads\/2025\/11\/BANNERS-NUEVA-WEB-3-8.png","datePublished":"2024-09-14T22:50:48+00:00","dateModified":"2025-11-27T18:28:51+00:00","breadcrumb":{"@id":"https:\/\/iai.int\/en\/resiliencia-socio-ecologica-ante-el-cambio-ambiental-global-en-territorios-heterogeneos-construyendo-una-plataforma-comun-para-investigacion-y-accion-sgp-hw-090\/#breadcrumb"},"inLanguage":"en-US","potentialAction":[{"@type":"ReadAction","target":["https:\/\/iai.int\/en\/resiliencia-socio-ecologica-ante-el-cambio-ambiental-global-en-territorios-heterogeneos-construyendo-una-plataforma-comun-para-investigacion-y-accion-sgp-hw-090\/"]}]},{"@type":"ImageObject","inLanguage":"en-US","@id":"https:\/\/iai.int\/en\/resiliencia-socio-ecologica-ante-el-cambio-ambiental-global-en-territorios-heterogeneos-construyendo-una-plataforma-comun-para-investigacion-y-accion-sgp-hw-090\/#primaryimage","url":"https:\/\/iai.int\/wp-content\/uploads\/2025\/11\/BANNERS-NUEVA-WEB-3-8.png","contentUrl":"https:\/\/iai.int\/wp-content\/uploads\/2025\/11\/BANNERS-NUEVA-WEB-3-8.png","width":1772,"height":551},{"@type":"BreadcrumbList","@id":"https:\/\/iai.int\/en\/resiliencia-socio-ecologica-ante-el-cambio-ambiental-global-en-territorios-heterogeneos-construyendo-una-plataforma-comun-para-investigacion-y-accion-sgp-hw-090\/#breadcrumb","itemListElement":[{"@type":"ListItem","position":1,"name":"Portada","item":"https:\/\/iai.int\/en\/"},{"@type":"ListItem","position":2,"name":"Resiliencia socio-ecol\u00f3gica ante el cambio ambiental global en territorios heterog\u00e9neos \u2013 construyendo una plataforma com\u00fan para investigaci\u00f3n y acci\u00f3n (SGP-HW 090)"}]},{"@type":"WebSite","@id":"https:\/\/iai.int\/en\/#website","url":"https:\/\/iai.int\/en\/","name":"IAI - Inter-American Institute for Global Change Research","description":"","publisher":{"@id":"https:\/\/iai.int\/en\/#organization"},"potentialAction":[{"@type":"SearchAction","target":{"@type":"EntryPoint","urlTemplate":"https:\/\/iai.int\/en\/?s={search_term_string}"},"query-input":{"@type":"PropertyValueSpecification","valueRequired":true,"valueName":"search_term_string"}}],"inLanguage":"en-US"},{"@type":"Organization","@id":"https:\/\/iai.int\/en\/#organization","name":"IAI - Inter-American Institute for Global Change Research","url":"https:\/\/iai.int\/en\/","logo":{"@type":"ImageObject","inLanguage":"en-US","@id":"https:\/\/iai.int\/en\/#\/schema\/logo\/image\/","url":"https:\/\/iai.int\/wp-content\/uploads\/2025\/11\/IAI-logo-English-scaled.png","contentUrl":"https:\/\/iai.int\/wp-content\/uploads\/2025\/11\/IAI-logo-English-scaled.png","width":2560,"height":985,"caption":"IAI - Inter-American Institute for Global Change Research"},"image":{"@id":"https:\/\/iai.int\/en\/#\/schema\/logo\/image\/"}}]}},"uagb_featured_image_src":{"full":["https:\/\/iai.int\/wp-content\/uploads\/2025\/11\/BANNERS-NUEVA-WEB-3-8.png",1772,551,false],"thumbnail":["https:\/\/iai.int\/wp-content\/uploads\/2025\/11\/BANNERS-NUEVA-WEB-3-8-150x150.png",150,150,true],"medium":["https:\/\/iai.int\/wp-content\/uploads\/2025\/11\/BANNERS-NUEVA-WEB-3-8-300x93.png",300,93,true],"medium_large":["https:\/\/iai.int\/wp-content\/uploads\/2025\/11\/BANNERS-NUEVA-WEB-3-8-768x239.png",768,239,true],"large":["https:\/\/iai.int\/wp-content\/uploads\/2025\/11\/BANNERS-NUEVA-WEB-3-8-1024x318.png",800,248,true],"1536x1536":["https:\/\/iai.int\/wp-content\/uploads\/2025\/11\/BANNERS-NUEVA-WEB-3-8-1536x478.png",1536,478,true],"2048x2048":["https:\/\/iai.int\/wp-content\/uploads\/2025\/11\/BANNERS-NUEVA-WEB-3-8.png",1772,551,false]},"uagb_author_info":{"display_name":"admin","author_link":"https:\/\/iai.int\/en\/author\/admin\/"},"uagb_comment_info":0,"uagb_excerpt":"INFORMACI\u00d3N DE PROYECTO Investigador principal: Sandra D\u00edaz,\u00a0IMBIV-N\u00facleo DiverSus, C\u00f3rdoba, Argentina.Contact:\u00a0sandra.diaz@unc.edu.ar;Phone: +54 315 5353800 int 30022 Duraci\u00f3n y monto: (Junio 2019 \u2013 2022). USD 199,472 Pa\u00edses participantes: Argentina, Brasil, Colombia, Canada Informe de proyecto:Un camino para entender la resiliencia socioecol\u00f3gica y la capacidad de adaptaci\u00f3n Resumen ejecutivo&nbsp;Resultados&nbsp;Extensi\u00f3nDesarrollo&nbsp;Investigadores&nbsp;Estudiantes Resumen Ejecutivo Proponemos la construcci\u00f3n de una plataforma compartida&hellip;","_links":{"self":[{"href":"https:\/\/iai.int\/en\/wp-json\/wp\/v2\/pages\/1712","targetHints":{"allow":["GET"]}}],"collection":[{"href":"https:\/\/iai.int\/en\/wp-json\/wp\/v2\/pages"}],"about":[{"href":"https:\/\/iai.int\/en\/wp-json\/wp\/v2\/types\/page"}],"author":[{"embeddable":true,"href":"https:\/\/iai.int\/en\/wp-json\/wp\/v2\/users\/1"}],"replies":[{"embeddable":true,"href":"https:\/\/iai.int\/en\/wp-json\/wp\/v2\/comments?post=1712"}],"version-history":[{"count":1,"href":"https:\/\/iai.int\/en\/wp-json\/wp\/v2\/pages\/1712\/revisions"}],"predecessor-version":[{"id":11915,"href":"https:\/\/iai.int\/en\/wp-json\/wp\/v2\/pages\/1712\/revisions\/11915"}],"wp:featuredmedia":[{"embeddable":true,"href":"https:\/\/iai.int\/en\/wp-json\/wp\/v2\/media\/11914"}],"wp:attachment":[{"href":"https:\/\/iai.int\/en\/wp-json\/wp\/v2\/media?parent=1712"}],"curies":[{"name":"wp","href":"https:\/\/api.w.org\/{rel}","templated":true}]}}