{"id":1704,"date":"2024-09-14T18:16:39","date_gmt":"2024-09-14T23:16:39","guid":{"rendered":"https:\/\/iai.int\/2o-programa-de-pequenos-subsidios-sgp-2\/"},"modified":"2025-06-15T22:05:05","modified_gmt":"2025-06-16T03:05:05","slug":"2o-programa-de-pequenos-subsidios-sgp-2","status":"publish","type":"page","link":"https:\/\/iai.int\/en\/2o-programa-de-pequenos-subsidios-sgp-2\/","title":{"rendered":"2nd Small Subsidies Program (SGP 2)"},"content":{"rendered":"\n<figure class=\"wp-block-table\"><table><thead><tr><th>SGP II# SGP II#<\/th><th>Title<\/th><th>Principal Investigator (PI)<\/th><th>IP Country<\/th><th>IP Institution<\/th><th>Participating countries<\/th><th>Budget (US$)<\/th><\/tr><\/thead><tbody><tr><td>202<\/td><td>The impact of global changes on seagrass meadows throughout the Americas.<\/td><td>EVAMARIA W. KOCH koch_AT_hpl.umces.edu<\/td><td>USA<\/td><td>University of Maryland<\/td><td>Brazil, USA, Mexico<\/td><td>29.978<\/td><\/tr><tr><td>206<\/td><td>Inter-American Nitrogen Network<\/td><td>ROBERT W. HOWARTH rwh2_AT_cornell.edu<\/td><td>USA<\/td><td>Cornell University<\/td><td>Argentina, Brazil, Canada, Chile, U.S.A., Mexico, Puerto Rico, Venezuela, U.S.A.<\/td><td>30.000<\/td><\/tr><tr><td>215<\/td><td>Airborne aerosol transport to the South Atlantic Ocean: source analysis; horizontal fluxes; iron fertilization potential and climate impacts.<\/td><td>DIEGO GAIERO dgaiero_AT_com.uncor.edu<\/td><td>Argentina<\/td><td>National University of C\u00f3rdoba<\/td><td>Argentina, Brazil, USA<\/td><td>30.000<\/td><\/tr><tr><td>216<\/td><td>Effects of increasing urbanization and agricultural intensification on land cover and carbon balances in the subtropical Americas.<\/td><td>RICARDO GRAU chilograu_AT_gmail.com<\/td><td>Argentina<\/td><td>National University of Tucum\u00e1n<\/td><td>Argentina, Puerto Rico, Dominican Republic<\/td><td>30.000<\/td><\/tr><tr><td>225<\/td><td>Understanding the ecological, biophysical, and human dimensions of tropical dry forests: a regional workshop.<\/td><td>ARTURO G. SANCHEZ AZOFEIFA arturo.sanchez_AT_ualberta.ca<\/td><td>Canada<\/td><td>University of Alberta<\/td><td>Canada, Costa Rica, U.S.A., Mexico, Panama, Venezuela<\/td><td>30.000<\/td><\/tr><tr><td>226<\/td><td>Coastal ecosystems of the South American region: an integrated satellite data management and distribution system.<\/td><td>OSVALDO ULLOA Q. oulloa_AT_profc.udec.cl<\/td><td>Chile<\/td><td>University of Concepci\u00f3n<\/td><td>Argentina, Brazil, Canada, Chile, U.S.A., Venezuela<\/td><td>30.000<\/td><\/tr><tr><td>230<\/td><td>Can cities reduce global warming? Urban development and the carbon cycle in Latin America<\/td><td>PATRICIA ROMERO LANKAO prlankao_AT_ucar.edu<\/td><td>Mexico<\/td><td>Autonomous Metropolitan University<\/td><td>Argentina, Chile, Mexico<\/td><td>30.000<\/td><\/tr><tr><td>233<\/td><td>Assessing the resilience and dynamics of coral populations: a workshop for research aimed at recruitment dynamics of Mesoamerican coral species<\/td><td>PETER F. SALE sale_AT_uwindsor.ca<\/td><td>Canada<\/td><td>United Nations University<\/td><td>Canada, Ireland, U.S.A., Mexico<\/td><td>15.000<\/td><\/tr><tr><td>240<\/td><td>Food web structure in two coastal lagoons of the South Atlantic Ocean: a comparative study using stable isotope ratios.<\/td><td>DANIEL NELSON CONDE SCALONE vladddcc_AT_gmail.com<\/td><td>Uruguay<\/td><td>University of the Republic<\/td><td>Brazil, Chile, Uruguay<\/td><td>29.739<\/td><\/tr><tr><td>253<\/td><td>Effects of bamboo on the diversity, productivity and stability of Amazonian and Atlantic forests.<\/td><td>NOEL MICHELE HOLBROOK holbrook_AT_oeb.harvard.edu<\/td><td>USA<\/td><td>Harvard University<\/td><td>Argentina, Brazil, Colombia, USA.<\/td><td>25.877<\/td><\/tr><tr><td>256<\/td><td>Urban mobile emissions in South American megacities<\/td><td>LAURA GALLARDO KLENNER lgallard_AT_dim.uchile.cl<\/td><td>Chile<\/td><td>University of Chile<\/td><td>Argentina, Brazil, Chile, Colombia, U.S.A., Peru<\/td><td>30.000<\/td><\/tr><tr><td>257<\/td><td>Trends in the hydrological cycle of the La Plata Basin: raising awareness and new tools for water management<\/td><td>VICENTE RICARDO BARROS barros_AT_at.fcen.uba.ar<\/td><td>Argentina<\/td><td>University of Buenos Aires<\/td><td>Argentina, Brazil, U.S.A., Paraguay, Uruguay<\/td><td>30.000<\/td><\/tr><tr><td>258<\/td><td>Development of climate-sensitive ring chronologies of Araucaria angustifolia in southeastern South America.<\/td><td>FIDEL A. ROIG froig_AT_lab.cricyt.edu.ar<\/td><td>Argentina<\/td><td>Argentine Institute of Nivology, Glaciology and Environmental Sciences<\/td><td>Argentina, Brazil, Canada<\/td><td>28.370<\/td><\/tr><tr><td>261<\/td><td>Fate of persistent toxic substances along latitudinal and vertical gradients in the Americas.<\/td><td>FRANK WANIA frank.wania_AT_utoronto.ca<\/td><td>Canada<\/td><td>University of Toronto<\/td><td>Brazil, Canada, Chile, Costa Rica, USA.<\/td><td>30.000<\/td><\/tr><tr><td>262<\/td><td>Improving climate risk management in rainfed crops in two regions of South America: regional workshop to develop a research proposal.<\/td><td>AGUSTIN GIMENEZ agimenez_AT_inia.org.uy<\/td><td>Uruguay<\/td><td>National Institute of Agricultural Research<\/td><td>Argentina, Brazil, Paraguay, Uruguay<\/td><td>24.750<\/td><\/tr><tr><td>266<\/td><td>Start-up of an ARGO program in the Colombian-Mexican Pacific<\/td><td>ARMANDO TRASVINA CASTRO trasvi_AT_cicese.mx<\/td><td>Mexico<\/td><td>Ensenada Center for Scientific Research and Higher Education (Centro de Investigaci\u00f3n Cient\u00edfica y de Educaci\u00f3n Superior de Ensenada)<\/td><td>Canada, Colombia, Mexico<\/td><td>30.000<\/td><\/tr><tr><td>269<\/td><td>Paleo-reconstruction of anchovy and sardine population dynamics off the coast of Peru and northern Chile in relation to the climatic changes of the last 200 years.<\/td><td>DIMITRI GUTIERREZ AGUILAR dgutierrez_AT_imarpe.gob.pe<\/td><td>Peru<\/td><td>Instituto del Mar del Peru<\/td><td>Chile, U.S.A., Mexico, Peru<\/td><td>30.000<\/td><\/tr><tr><td>272<\/td><td>Evaluation of paleohurricanes in the Intra-American Sea: reconstruction and analysis based on proxy records.<\/td><td>JORGE SANCHEZ SESMA jsanchez_AT_tlaloc.imta.mx<\/td><td>Mexico<\/td><td>Mexican Institute of Water Technology<\/td><td>Costa Rica, USA, Mexico<\/td><td>30.000<\/td><\/tr><tr><td>274<\/td><td>Reanalysis of the Atlantic basin tropical cyclone database (with emphasis on hurricanes making landfall in Cuba and Mexico) and update of risk estimates for extreme winds, waves and precipitation.<\/td><td>RICARDO PRIETO GONZALEZ rprieto_AT_tlaloc.imta.mx<\/td><td>Mexico<\/td><td>Mexican Institute of Water Technology<\/td><td>Costa Rica, Cuba, U.S.A., Mexico<\/td><td>30.000<\/td><\/tr><tr><td>276<\/td><td>Human dimensions of global environmental change in Latin American urban areas: a network approach.<\/td><td>ROBERTO SANCHEZ-RODRIGUEZ roberto.sanchez-rodriguez_AT_ucr.edu<\/td><td>USA<\/td><td>University of California<\/td><td>Argentina, Brazil, Cuba, Mexico, U.S.A., Mexico<\/td><td>28.000<\/td><\/tr><tr><td>278<\/td><td>Environmental changes in South America over the last 10,000 years: Atlantic and Pacific controls and biogeophysical effects.<\/td><td>PEDRO LEITE DA SILVA DIAS pldsdias_AT_AT_model.iag.usp.br<\/td><td>Brazil<\/td><td>University of Sao Paulo<\/td><td>Argentina, Brazil, Chile, Venezuela<\/td><td>29.000<\/td><\/tr><tr><td>280<\/td><td>Land-ocean interactions in the Caribbean: formulating a research agenda in support of integrated watershed and marine ecosystem management.<\/td><td>MICHAEL E MCCLAIN michael.mcclain_AT_fiu.edu<\/td><td>USA<\/td><td>Florida International University<\/td><td>USA, Jamaica, Dominican Republic<\/td><td>29.597<\/td><\/tr><\/tbody><\/table><\/figure>\n","protected":false},"excerpt":{"rendered":"<p>SGP II# SGP II# Title Principal Investigator (PI) IP Country IP Institution Participating countries Budget (US$) 202 The impact of global changes on seagrass meadows throughout the Americas. EVAMARIA W. KOCH koch_AT_hpl.umces.edu USA University of Maryland Brazil, USA, Mexico 29.978 206 Inter-American Nitrogen Network ROBERT W. HOWARTH rwh2_AT_cornell.edu USA Cornell University Argentina, Brazil, Canada, Chile, [&hellip;]<\/p>\n","protected":false},"author":1,"featured_media":7707,"parent":0,"menu_order":0,"comment_status":"closed","ping_status":"closed","template":"elementor_theme","meta":{"_acf_changed":false,"_uag_custom_page_level_css":"","footnotes":""},"class_list":["post-1704","page","type-page","status-publish","has-post-thumbnail","hentry"],"acf":[],"yoast_head":"<!-- This site is optimized with the Yoast SEO plugin v27.3 - https:\/\/yoast.com\/product\/yoast-seo-wordpress\/ -->\n<title>2nd Small Subsidies Program (SGP 2) - IAI - Inter-American Institute for Global Change Research<\/title>\n<meta name=\"robots\" content=\"index, follow, max-snippet:-1, max-image-preview:large, max-video-preview:-1\" \/>\n<link rel=\"canonical\" href=\"https:\/\/iai.int\/en\/2o-programa-de-pequenos-subsidios-sgp-2\/\" \/>\n<meta property=\"og:locale\" content=\"en_US\" \/>\n<meta property=\"og:type\" content=\"article\" \/>\n<meta property=\"og:title\" content=\"2nd Small Subsidies Program (SGP 2) - IAI - Inter-American Institute for Global Change Research\" \/>\n<meta property=\"og:description\" content=\"SGP II# SGP II# Title Principal Investigator (PI) IP Country IP Institution Participating countries Budget (US$) 202 The impact of global changes on seagrass meadows throughout the Americas. EVAMARIA W. KOCH koch_AT_hpl.umces.edu USA University of Maryland Brazil, USA, Mexico 29.978 206 Inter-American Nitrogen Network ROBERT W. HOWARTH rwh2_AT_cornell.edu USA Cornell University Argentina, Brazil, Canada, Chile, [&hellip;]\" \/>\n<meta property=\"og:url\" content=\"https:\/\/iai.int\/en\/2o-programa-de-pequenos-subsidios-sgp-2\/\" \/>\n<meta property=\"og:site_name\" content=\"IAI - Inter-American Institute for Global Change Research\" \/>\n<meta property=\"article:modified_time\" content=\"2025-06-16T03:05:05+00:00\" \/>\n<meta property=\"og:image\" content=\"https:\/\/iai.int\/wp-content\/uploads\/2025\/09\/PROYECTOS-9.png\" \/>\n\t<meta property=\"og:image:width\" content=\"1600\" \/>\n\t<meta property=\"og:image:height\" content=\"498\" \/>\n\t<meta property=\"og:image:type\" content=\"image\/png\" \/>\n<meta name=\"twitter:card\" content=\"summary_large_image\" \/>\n<meta name=\"twitter:label1\" content=\"Est. reading time\" \/>\n\t<meta name=\"twitter:data1\" content=\"4 minutes\" \/>\n<script type=\"application\/ld+json\" class=\"yoast-schema-graph\">{\"@context\":\"https:\\\/\\\/schema.org\",\"@graph\":[{\"@type\":\"WebPage\",\"@id\":\"https:\\\/\\\/iai.int\\\/en\\\/2o-programa-de-pequenos-subsidios-sgp-2\\\/\",\"url\":\"https:\\\/\\\/iai.int\\\/en\\\/2o-programa-de-pequenos-subsidios-sgp-2\\\/\",\"name\":\"2nd Small Subsidies Program (SGP 2) - IAI - Inter-American Institute for Global Change Research\",\"isPartOf\":{\"@id\":\"https:\\\/\\\/iai.int\\\/en\\\/#website\"},\"primaryImageOfPage\":{\"@id\":\"https:\\\/\\\/iai.int\\\/en\\\/2o-programa-de-pequenos-subsidios-sgp-2\\\/#primaryimage\"},\"image\":{\"@id\":\"https:\\\/\\\/iai.int\\\/en\\\/2o-programa-de-pequenos-subsidios-sgp-2\\\/#primaryimage\"},\"thumbnailUrl\":\"https:\\\/\\\/iai.int\\\/wp-content\\\/uploads\\\/2025\\\/09\\\/PROYECTOS-9.png\",\"datePublished\":\"2024-09-14T23:16:39+00:00\",\"dateModified\":\"2025-06-16T03:05:05+00:00\",\"breadcrumb\":{\"@id\":\"https:\\\/\\\/iai.int\\\/en\\\/2o-programa-de-pequenos-subsidios-sgp-2\\\/#breadcrumb\"},\"inLanguage\":\"en-US\",\"potentialAction\":[{\"@type\":\"ReadAction\",\"target\":[\"https:\\\/\\\/iai.int\\\/en\\\/2o-programa-de-pequenos-subsidios-sgp-2\\\/\"]}]},{\"@type\":\"ImageObject\",\"inLanguage\":\"en-US\",\"@id\":\"https:\\\/\\\/iai.int\\\/en\\\/2o-programa-de-pequenos-subsidios-sgp-2\\\/#primaryimage\",\"url\":\"https:\\\/\\\/iai.int\\\/wp-content\\\/uploads\\\/2025\\\/09\\\/PROYECTOS-9.png\",\"contentUrl\":\"https:\\\/\\\/iai.int\\\/wp-content\\\/uploads\\\/2025\\\/09\\\/PROYECTOS-9.png\",\"width\":1600,\"height\":498},{\"@type\":\"BreadcrumbList\",\"@id\":\"https:\\\/\\\/iai.int\\\/en\\\/2o-programa-de-pequenos-subsidios-sgp-2\\\/#breadcrumb\",\"itemListElement\":[{\"@type\":\"ListItem\",\"position\":1,\"name\":\"Portada\",\"item\":\"https:\\\/\\\/iai.int\\\/en\\\/\"},{\"@type\":\"ListItem\",\"position\":2,\"name\":\"2nd Small Subsidies Program (SGP 2)\"}]},{\"@type\":\"WebSite\",\"@id\":\"https:\\\/\\\/iai.int\\\/en\\\/#website\",\"url\":\"https:\\\/\\\/iai.int\\\/en\\\/\",\"name\":\"IAI - Inter-American Institute for Global Change Research\",\"description\":\"\",\"publisher\":{\"@id\":\"https:\\\/\\\/iai.int\\\/en\\\/#organization\"},\"potentialAction\":[{\"@type\":\"SearchAction\",\"target\":{\"@type\":\"EntryPoint\",\"urlTemplate\":\"https:\\\/\\\/iai.int\\\/en\\\/?s={search_term_string}\"},\"query-input\":{\"@type\":\"PropertyValueSpecification\",\"valueRequired\":true,\"valueName\":\"search_term_string\"}}],\"inLanguage\":\"en-US\"},{\"@type\":\"Organization\",\"@id\":\"https:\\\/\\\/iai.int\\\/en\\\/#organization\",\"name\":\"IAI - Inter-American Institute for Global Change Research\",\"url\":\"https:\\\/\\\/iai.int\\\/en\\\/\",\"logo\":{\"@type\":\"ImageObject\",\"inLanguage\":\"en-US\",\"@id\":\"https:\\\/\\\/iai.int\\\/en\\\/#\\\/schema\\\/logo\\\/image\\\/\",\"url\":\"https:\\\/\\\/iai.int\\\/wp-content\\\/uploads\\\/2025\\\/11\\\/IAI-logo-English-scaled.png\",\"contentUrl\":\"https:\\\/\\\/iai.int\\\/wp-content\\\/uploads\\\/2025\\\/11\\\/IAI-logo-English-scaled.png\",\"width\":2560,\"height\":985,\"caption\":\"IAI - Inter-American Institute for Global Change Research\"},\"image\":{\"@id\":\"https:\\\/\\\/iai.int\\\/en\\\/#\\\/schema\\\/logo\\\/image\\\/\"}}]}<\/script>\n<!-- \/ Yoast SEO plugin. -->","yoast_head_json":{"title":"2nd Small Subsidies Program (SGP 2) - IAI - Inter-American Institute for Global Change Research","robots":{"index":"index","follow":"follow","max-snippet":"max-snippet:-1","max-image-preview":"max-image-preview:large","max-video-preview":"max-video-preview:-1"},"canonical":"https:\/\/iai.int\/en\/2o-programa-de-pequenos-subsidios-sgp-2\/","og_locale":"en_US","og_type":"article","og_title":"2nd Small Subsidies Program (SGP 2) - IAI - Inter-American Institute for Global Change Research","og_description":"SGP II# SGP II# Title Principal Investigator (PI) IP Country IP Institution Participating countries Budget (US$) 202 The impact of global changes on seagrass meadows throughout the Americas. EVAMARIA W. KOCH koch_AT_hpl.umces.edu USA University of Maryland Brazil, USA, Mexico 29.978 206 Inter-American Nitrogen Network ROBERT W. HOWARTH rwh2_AT_cornell.edu USA Cornell University Argentina, Brazil, Canada, Chile, [&hellip;]","og_url":"https:\/\/iai.int\/en\/2o-programa-de-pequenos-subsidios-sgp-2\/","og_site_name":"IAI - Inter-American Institute for Global Change Research","article_modified_time":"2025-06-16T03:05:05+00:00","og_image":[{"width":1600,"height":498,"url":"https:\/\/iai.int\/wp-content\/uploads\/2025\/09\/PROYECTOS-9.png","type":"image\/png"}],"twitter_card":"summary_large_image","twitter_misc":{"Est. reading time":"4 minutes"},"schema":{"@context":"https:\/\/schema.org","@graph":[{"@type":"WebPage","@id":"https:\/\/iai.int\/en\/2o-programa-de-pequenos-subsidios-sgp-2\/","url":"https:\/\/iai.int\/en\/2o-programa-de-pequenos-subsidios-sgp-2\/","name":"2nd Small Subsidies Program (SGP 2) - IAI - Inter-American Institute for Global Change Research","isPartOf":{"@id":"https:\/\/iai.int\/en\/#website"},"primaryImageOfPage":{"@id":"https:\/\/iai.int\/en\/2o-programa-de-pequenos-subsidios-sgp-2\/#primaryimage"},"image":{"@id":"https:\/\/iai.int\/en\/2o-programa-de-pequenos-subsidios-sgp-2\/#primaryimage"},"thumbnailUrl":"https:\/\/iai.int\/wp-content\/uploads\/2025\/09\/PROYECTOS-9.png","datePublished":"2024-09-14T23:16:39+00:00","dateModified":"2025-06-16T03:05:05+00:00","breadcrumb":{"@id":"https:\/\/iai.int\/en\/2o-programa-de-pequenos-subsidios-sgp-2\/#breadcrumb"},"inLanguage":"en-US","potentialAction":[{"@type":"ReadAction","target":["https:\/\/iai.int\/en\/2o-programa-de-pequenos-subsidios-sgp-2\/"]}]},{"@type":"ImageObject","inLanguage":"en-US","@id":"https:\/\/iai.int\/en\/2o-programa-de-pequenos-subsidios-sgp-2\/#primaryimage","url":"https:\/\/iai.int\/wp-content\/uploads\/2025\/09\/PROYECTOS-9.png","contentUrl":"https:\/\/iai.int\/wp-content\/uploads\/2025\/09\/PROYECTOS-9.png","width":1600,"height":498},{"@type":"BreadcrumbList","@id":"https:\/\/iai.int\/en\/2o-programa-de-pequenos-subsidios-sgp-2\/#breadcrumb","itemListElement":[{"@type":"ListItem","position":1,"name":"Portada","item":"https:\/\/iai.int\/en\/"},{"@type":"ListItem","position":2,"name":"2nd Small Subsidies Program (SGP 2)"}]},{"@type":"WebSite","@id":"https:\/\/iai.int\/en\/#website","url":"https:\/\/iai.int\/en\/","name":"IAI - Inter-American Institute for Global Change Research","description":"","publisher":{"@id":"https:\/\/iai.int\/en\/#organization"},"potentialAction":[{"@type":"SearchAction","target":{"@type":"EntryPoint","urlTemplate":"https:\/\/iai.int\/en\/?s={search_term_string}"},"query-input":{"@type":"PropertyValueSpecification","valueRequired":true,"valueName":"search_term_string"}}],"inLanguage":"en-US"},{"@type":"Organization","@id":"https:\/\/iai.int\/en\/#organization","name":"IAI - Inter-American Institute for Global Change Research","url":"https:\/\/iai.int\/en\/","logo":{"@type":"ImageObject","inLanguage":"en-US","@id":"https:\/\/iai.int\/en\/#\/schema\/logo\/image\/","url":"https:\/\/iai.int\/wp-content\/uploads\/2025\/11\/IAI-logo-English-scaled.png","contentUrl":"https:\/\/iai.int\/wp-content\/uploads\/2025\/11\/IAI-logo-English-scaled.png","width":2560,"height":985,"caption":"IAI - Inter-American Institute for Global Change Research"},"image":{"@id":"https:\/\/iai.int\/en\/#\/schema\/logo\/image\/"}}]}},"uagb_featured_image_src":{"full":["https:\/\/iai.int\/wp-content\/uploads\/2025\/09\/PROYECTOS-9.png",1600,498,false],"thumbnail":["https:\/\/iai.int\/wp-content\/uploads\/2025\/09\/PROYECTOS-9-150x150.png",150,150,true],"medium":["https:\/\/iai.int\/wp-content\/uploads\/2025\/09\/PROYECTOS-9-300x93.png",300,93,true],"medium_large":["https:\/\/iai.int\/wp-content\/uploads\/2025\/09\/PROYECTOS-9-768x239.png",768,239,true],"large":["https:\/\/iai.int\/wp-content\/uploads\/2025\/09\/PROYECTOS-9-1024x319.png",800,249,true],"1536x1536":["https:\/\/iai.int\/wp-content\/uploads\/2025\/09\/PROYECTOS-9-1536x478.png",1536,478,true],"2048x2048":["https:\/\/iai.int\/wp-content\/uploads\/2025\/09\/PROYECTOS-9.png",1600,498,false]},"uagb_author_info":{"display_name":"admin","author_link":"https:\/\/iai.int\/en\/author\/admin\/"},"uagb_comment_info":0,"uagb_excerpt":"SGP II# SGP II# Title Principal Investigator (PI) IP Country IP Institution Participating countries Budget (US$) 202 The impact of global changes on seagrass meadows throughout the Americas. EVAMARIA W. KOCH koch_AT_hpl.umces.edu USA University of Maryland Brazil, USA, Mexico 29.978 206 Inter-American Nitrogen Network ROBERT W. HOWARTH rwh2_AT_cornell.edu USA Cornell University Argentina, Brazil, Canada, Chile,&hellip;","_links":{"self":[{"href":"https:\/\/iai.int\/en\/wp-json\/wp\/v2\/pages\/1704","targetHints":{"allow":["GET"]}}],"collection":[{"href":"https:\/\/iai.int\/en\/wp-json\/wp\/v2\/pages"}],"about":[{"href":"https:\/\/iai.int\/en\/wp-json\/wp\/v2\/types\/page"}],"author":[{"embeddable":true,"href":"https:\/\/iai.int\/en\/wp-json\/wp\/v2\/users\/1"}],"replies":[{"embeddable":true,"href":"https:\/\/iai.int\/en\/wp-json\/wp\/v2\/comments?post=1704"}],"version-history":[{"count":3,"href":"https:\/\/iai.int\/en\/wp-json\/wp\/v2\/pages\/1704\/revisions"}],"predecessor-version":[{"id":6151,"href":"https:\/\/iai.int\/en\/wp-json\/wp\/v2\/pages\/1704\/revisions\/6151"}],"wp:featuredmedia":[{"embeddable":true,"href":"https:\/\/iai.int\/en\/wp-json\/wp\/v2\/media\/7707"}],"wp:attachment":[{"href":"https:\/\/iai.int\/en\/wp-json\/wp\/v2\/media?parent=1704"}],"curies":[{"name":"wp","href":"https:\/\/api.w.org\/{rel}","templated":true}]}}